{"id":591,"date":"2025-04-24T07:34:21","date_gmt":"2025-04-24T07:34:21","guid":{"rendered":"https:\/\/twchains.com\/?post_type=product&#038;p=591"},"modified":"2025-04-24T08:26:34","modified_gmt":"2025-04-24T08:26:34","slug":"x18mm-29-5r25-26-5r25-repair-link-of-tyre-protection-chain","status":"publish","type":"product","link":"https:\/\/twchains.com\/es\/producto\/x18mm-29-5r25-26-5r25-repair-link-of-tyre-protection-chain\/","title":{"rendered":"\u00d718mm Plus 29.5r25 26.5r25 Eslab\u00f3n de reparaci\u00f3n de la cadena de protecci\u00f3n de neum\u00e1ticos"},"content":{"rendered":"<p>La hebilla de cadena de pasador es el accesorio m\u00e1s utilizado en el mantenimiento de cadenas de protecci\u00f3n de neum\u00e1ticos de miner\u00eda, fabricada en acero de aleaci\u00f3n de alta resistencia,Tiene las siguientes caracter\u00edsticas:<\/p>\n<ul>\n<li>Dise\u00f1o estructural: suele estar compuesto por eslabones de cadena en forma de U y pasadores desmontables, con un extremo del pasador con un orificio fijo que puede fijarse mediante un pasador partido o un pasador el\u00e1stico.<\/li>\n<li>Funci\u00f3n: Se utiliza para conectar ambos extremos de una cadena rota o sustituir eslabones da\u00f1ados, manteniendo la integridad de la cadena.<\/li>\n<li>M\u00e9todo de instalaci\u00f3n: Inserta la hebilla en forma de U en los dos eslabones extremos de la cadena que deban conectarse, inserta el pasador y bloqu\u00e9alo con un pasador de fijaci\u00f3n<\/li>\n<li>Ventajas y caracter\u00edsticas: F\u00e1cil instalaci\u00f3n, sin necesidad de herramientas especiales, gran capacidad de carga, capaz de soportar la enorme fuerza de tracci\u00f3n durante el funcionamiento de la cargadora.<\/li>\n<li>Escenario de aplicaci\u00f3n: Adecuado para el mantenimiento cuando se rompe la parte central de la cadena o cuando se necesitan eslabones adicionales.<\/li>\n<\/ul>\n<p>1TP5cadena de tracci\u00f3n1TP5cadena de nieve1TP5cadena de neum\u00e1ticos1TP5cadena de neum\u00e1ticos1TP5cadena de nieve1TP5cadena de cargadores1TP5cadena de reparaci\u00f3n1TP5cadena de protecci\u00f3n1TP5cadenas de neum\u00e1ticos1TP5cadenas de refuerzo<\/p>\n<p>&nbsp;<\/p>","protected":false},"excerpt":{"rendered":"<ul>\n<li>Hebilla de cadena\uff1b<\/li>\n<li>C\u00f3modo y r\u00e1pido;<\/li>\n<li>Capacidad de carga de alta resistencia;<\/li>\n<li>Resistente al desgaste;<\/li>\n<li>Fiable;<\/li>\n<li>Tratamiento t\u00e9rmico<\/li>\n<li>Cerraduras Easy C<\/li>\n<li>Gama adecuada:12mm, 13mm, 14mm, 16mm, 18mm, 20mm, 22mm Especificaci\u00f3n Cadena de protecci\u00f3n de neum\u00e1ticos<\/li>\n<\/ul>","protected":false},"featured_media":592,"template":"","meta":{"inline_featured_image":false,"_kad_post_transparent":"default","_kad_post_title":"","_kad_post_layout":"default","_kad_post_sidebar_id":"","_kad_post_content_style":"default","_kad_post_vertical_padding":"default","_kad_post_feature":"","_kad_post_feature_position":"","_kad_post_header":false,"_kad_post_footer":false},"product_brand":[],"product_cat":[23],"product_tag":[],"class_list":{"0":"post-591","1":"product","2":"type-product","3":"status-publish","4":"has-post-thumbnail","6":"product_cat-accessories","8":"first","9":"instock","10":"shipping-taxable","11":"product-type-simple","12":"entry","13":"content-bg","14":"loop-entry"},"yoast_head":"<!-- This site is optimized with the Yoast SEO plugin v25.4 - https:\/\/yoast.com\/wordpress\/plugins\/seo\/ -->\n<title>\u00d718mm Plus 29.5r25 26.5r25 Repair Link of Tyre Protection Chain - twchains<\/title>\n<meta name=\"robots\" content=\"index, follow, max-snippet:-1, max-image-preview:large, max-video-preview:-1\" \/>\n<link rel=\"canonical\" href=\"https:\/\/twchains.com\/es\/producto\/x18mm-29-5r25-26-5r25-repair-link-of-tyre-protection-chain\/\" \/>\n<meta property=\"og:locale\" content=\"es_ES\" \/>\n<meta property=\"og:type\" content=\"article\" \/>\n<meta property=\"og:title\" content=\"\u00d718mm Plus 29.5r25 26.5r25 Repair Link of Tyre Protection Chain - twchains\" \/>\n<meta property=\"og:description\" content=\"Pin Chain Buckle\uff1b  Convenient and Fast;  High Strength Load-Bearing Capacity;  Wear-Resisting;  Reliable;  Heat Treatment  Easy C Locks  Suitable Range:12mm, 13mm, 14mm, 16mm, 18mm, 20mm, 22mm Specification Tyre Protection Chain\" \/>\n<meta property=\"og:url\" content=\"https:\/\/twchains.com\/es\/producto\/x18mm-29-5r25-26-5r25-repair-link-of-tyre-protection-chain\/\" \/>\n<meta property=\"og:site_name\" content=\"twchains\" \/>\n<meta property=\"article:modified_time\" content=\"2025-04-24T08:26:34+00:00\" \/>\n<meta property=\"og:image\" content=\"https:\/\/twchains.com\/wp-content\/uploads\/2025\/04\/repair-parts-for-tire-chains.jpg\" \/>\n\t<meta property=\"og:image:width\" content=\"768\" \/>\n\t<meta property=\"og:image:height\" content=\"1024\" \/>\n\t<meta property=\"og:image:type\" content=\"image\/jpeg\" \/>\n<meta name=\"twitter:card\" content=\"summary_large_image\" \/>\n<meta name=\"twitter:label1\" content=\"Tiempo de lectura\" \/>\n\t<meta name=\"twitter:data1\" content=\"1 minuto\" \/>\n<script type=\"application\/ld+json\" class=\"yoast-schema-graph\">{\"@context\":\"https:\/\/schema.org\",\"@graph\":[{\"@type\":\"WebPage\",\"@id\":\"https:\/\/twchains.com\/product\/x18mm-29-5r25-26-5r25-repair-link-of-tyre-protection-chain\/\",\"url\":\"https:\/\/twchains.com\/product\/x18mm-29-5r25-26-5r25-repair-link-of-tyre-protection-chain\/\",\"name\":\"\u00d718mm Plus 29.5r25 26.5r25 Repair Link of Tyre Protection Chain - twchains\",\"isPartOf\":{\"@id\":\"https:\/\/twchains.com\/#website\"},\"primaryImageOfPage\":{\"@id\":\"https:\/\/twchains.com\/product\/x18mm-29-5r25-26-5r25-repair-link-of-tyre-protection-chain\/#primaryimage\"},\"image\":{\"@id\":\"https:\/\/twchains.com\/product\/x18mm-29-5r25-26-5r25-repair-link-of-tyre-protection-chain\/#primaryimage\"},\"thumbnailUrl\":\"https:\/\/twchains.com\/wp-content\/uploads\/2025\/04\/repair-parts-for-tire-chains.jpg\",\"datePublished\":\"2025-04-24T07:34:21+00:00\",\"dateModified\":\"2025-04-24T08:26:34+00:00\",\"breadcrumb\":{\"@id\":\"https:\/\/twchains.com\/product\/x18mm-29-5r25-26-5r25-repair-link-of-tyre-protection-chain\/#breadcrumb\"},\"inLanguage\":\"es\",\"potentialAction\":[{\"@type\":\"ReadAction\",\"target\":[\"https:\/\/twchains.com\/product\/x18mm-29-5r25-26-5r25-repair-link-of-tyre-protection-chain\/\"]}]},{\"@type\":\"ImageObject\",\"inLanguage\":\"es\",\"@id\":\"https:\/\/twchains.com\/product\/x18mm-29-5r25-26-5r25-repair-link-of-tyre-protection-chain\/#primaryimage\",\"url\":\"https:\/\/twchains.com\/wp-content\/uploads\/2025\/04\/repair-parts-for-tire-chains.jpg\",\"contentUrl\":\"https:\/\/twchains.com\/wp-content\/uploads\/2025\/04\/repair-parts-for-tire-chains.jpg\",\"width\":768,\"height\":1024},{\"@type\":\"BreadcrumbList\",\"@id\":\"https:\/\/twchains.com\/product\/x18mm-29-5r25-26-5r25-repair-link-of-tyre-protection-chain\/#breadcrumb\",\"itemListElement\":[{\"@type\":\"ListItem\",\"position\":1,\"name\":\"Home\",\"item\":\"https:\/\/twchains.com\/\"},{\"@type\":\"ListItem\",\"position\":2,\"name\":\"Products\",\"item\":\"https:\/\/twchains.com\/products\/\"},{\"@type\":\"ListItem\",\"position\":3,\"name\":\"\u00d718mm Plus 29.5r25 26.5r25 Repair Link of Tyre Protection Chain\"}]},{\"@type\":\"WebSite\",\"@id\":\"https:\/\/twchains.com\/#website\",\"url\":\"https:\/\/twchains.com\/\",\"name\":\"twchains\",\"description\":\"\",\"publisher\":{\"@id\":\"https:\/\/twchains.com\/#organization\"},\"potentialAction\":[{\"@type\":\"SearchAction\",\"target\":{\"@type\":\"EntryPoint\",\"urlTemplate\":\"https:\/\/twchains.com\/?s={search_term_string}\"},\"query-input\":{\"@type\":\"PropertyValueSpecification\",\"valueRequired\":true,\"valueName\":\"search_term_string\"}}],\"inLanguage\":\"es\"},{\"@type\":\"Organization\",\"@id\":\"https:\/\/twchains.com\/#organization\",\"name\":\"twchains\",\"url\":\"https:\/\/twchains.com\/\",\"logo\":{\"@type\":\"ImageObject\",\"inLanguage\":\"es\",\"@id\":\"https:\/\/twchains.com\/#\/schema\/logo\/image\/\",\"url\":\"https:\/\/twchains.com\/wp-content\/uploads\/2025\/04\/tongwei-logo-100.svg\",\"contentUrl\":\"https:\/\/twchains.com\/wp-content\/uploads\/2025\/04\/tongwei-logo-100.svg\",\"width\":128,\"height\":100,\"caption\":\"twchains\"},\"image\":{\"@id\":\"https:\/\/twchains.com\/#\/schema\/logo\/image\/\"}}]}<\/script>\n<!-- \/ Yoast SEO plugin. -->","yoast_head_json":{"title":"\u00d718mm Plus 29.5r25 26.5r25 Repair Link of Tyre Protection Chain - twchains","robots":{"index":"index","follow":"follow","max-snippet":"max-snippet:-1","max-image-preview":"max-image-preview:large","max-video-preview":"max-video-preview:-1"},"canonical":"https:\/\/twchains.com\/es\/producto\/x18mm-29-5r25-26-5r25-repair-link-of-tyre-protection-chain\/","og_locale":"es_ES","og_type":"article","og_title":"\u00d718mm Plus 29.5r25 26.5r25 Repair Link of Tyre Protection Chain - twchains","og_description":"Pin Chain Buckle\uff1b  Convenient and Fast;  High Strength Load-Bearing Capacity;  Wear-Resisting;  Reliable;  Heat Treatment  Easy C Locks  Suitable Range:12mm, 13mm, 14mm, 16mm, 18mm, 20mm, 22mm Specification Tyre Protection Chain","og_url":"https:\/\/twchains.com\/es\/producto\/x18mm-29-5r25-26-5r25-repair-link-of-tyre-protection-chain\/","og_site_name":"twchains","article_modified_time":"2025-04-24T08:26:34+00:00","og_image":[{"width":768,"height":1024,"url":"https:\/\/twchains.com\/wp-content\/uploads\/2025\/04\/repair-parts-for-tire-chains.jpg","type":"image\/jpeg"}],"twitter_card":"summary_large_image","twitter_misc":{"Tiempo de lectura":"1 minuto"},"schema":{"@context":"https:\/\/schema.org","@graph":[{"@type":"WebPage","@id":"https:\/\/twchains.com\/product\/x18mm-29-5r25-26-5r25-repair-link-of-tyre-protection-chain\/","url":"https:\/\/twchains.com\/product\/x18mm-29-5r25-26-5r25-repair-link-of-tyre-protection-chain\/","name":"\u00d718mm Plus 29.5r25 26.5r25 Repair Link of Tyre Protection Chain - twchains","isPartOf":{"@id":"https:\/\/twchains.com\/#website"},"primaryImageOfPage":{"@id":"https:\/\/twchains.com\/product\/x18mm-29-5r25-26-5r25-repair-link-of-tyre-protection-chain\/#primaryimage"},"image":{"@id":"https:\/\/twchains.com\/product\/x18mm-29-5r25-26-5r25-repair-link-of-tyre-protection-chain\/#primaryimage"},"thumbnailUrl":"https:\/\/twchains.com\/wp-content\/uploads\/2025\/04\/repair-parts-for-tire-chains.jpg","datePublished":"2025-04-24T07:34:21+00:00","dateModified":"2025-04-24T08:26:34+00:00","breadcrumb":{"@id":"https:\/\/twchains.com\/product\/x18mm-29-5r25-26-5r25-repair-link-of-tyre-protection-chain\/#breadcrumb"},"inLanguage":"es","potentialAction":[{"@type":"ReadAction","target":["https:\/\/twchains.com\/product\/x18mm-29-5r25-26-5r25-repair-link-of-tyre-protection-chain\/"]}]},{"@type":"ImageObject","inLanguage":"es","@id":"https:\/\/twchains.com\/product\/x18mm-29-5r25-26-5r25-repair-link-of-tyre-protection-chain\/#primaryimage","url":"https:\/\/twchains.com\/wp-content\/uploads\/2025\/04\/repair-parts-for-tire-chains.jpg","contentUrl":"https:\/\/twchains.com\/wp-content\/uploads\/2025\/04\/repair-parts-for-tire-chains.jpg","width":768,"height":1024},{"@type":"BreadcrumbList","@id":"https:\/\/twchains.com\/product\/x18mm-29-5r25-26-5r25-repair-link-of-tyre-protection-chain\/#breadcrumb","itemListElement":[{"@type":"ListItem","position":1,"name":"Home","item":"https:\/\/twchains.com\/"},{"@type":"ListItem","position":2,"name":"Products","item":"https:\/\/twchains.com\/products\/"},{"@type":"ListItem","position":3,"name":"\u00d718mm Plus 29.5r25 26.5r25 Repair Link of Tyre Protection Chain"}]},{"@type":"WebSite","@id":"https:\/\/twchains.com\/#website","url":"https:\/\/twchains.com\/","name":"twchains","description":"","publisher":{"@id":"https:\/\/twchains.com\/#organization"},"potentialAction":[{"@type":"SearchAction","target":{"@type":"EntryPoint","urlTemplate":"https:\/\/twchains.com\/?s={search_term_string}"},"query-input":{"@type":"PropertyValueSpecification","valueRequired":true,"valueName":"search_term_string"}}],"inLanguage":"es"},{"@type":"Organization","@id":"https:\/\/twchains.com\/#organization","name":"twchains","url":"https:\/\/twchains.com\/","logo":{"@type":"ImageObject","inLanguage":"es","@id":"https:\/\/twchains.com\/#\/schema\/logo\/image\/","url":"https:\/\/twchains.com\/wp-content\/uploads\/2025\/04\/tongwei-logo-100.svg","contentUrl":"https:\/\/twchains.com\/wp-content\/uploads\/2025\/04\/tongwei-logo-100.svg","width":128,"height":100,"caption":"twchains"},"image":{"@id":"https:\/\/twchains.com\/#\/schema\/logo\/image\/"}}]}},"_links":{"self":[{"href":"https:\/\/twchains.com\/es\/wp-json\/wp\/v2\/product\/591","targetHints":{"allow":["GET"]}}],"collection":[{"href":"https:\/\/twchains.com\/es\/wp-json\/wp\/v2\/product"}],"about":[{"href":"https:\/\/twchains.com\/es\/wp-json\/wp\/v2\/types\/product"}],"wp:featuredmedia":[{"embeddable":true,"href":"https:\/\/twchains.com\/es\/wp-json\/wp\/v2\/media\/592"}],"wp:attachment":[{"href":"https:\/\/twchains.com\/es\/wp-json\/wp\/v2\/media?parent=591"}],"wp:term":[{"taxonomy":"product_brand","embeddable":true,"href":"https:\/\/twchains.com\/es\/wp-json\/wp\/v2\/product_brand?post=591"},{"taxonomy":"product_cat","embeddable":true,"href":"https:\/\/twchains.com\/es\/wp-json\/wp\/v2\/product_cat?post=591"},{"taxonomy":"product_tag","embeddable":true,"href":"https:\/\/twchains.com\/es\/wp-json\/wp\/v2\/product_tag?post=591"}],"curies":[{"name":"wp","href":"https:\/\/api.w.org\/{rel}","templated":true}]}}