{"id":603,"date":"2025-04-24T08:46:01","date_gmt":"2025-04-24T08:46:01","guid":{"rendered":"https:\/\/twchains.com\/?post_type=product&#038;p=603"},"modified":"2025-04-24T08:46:01","modified_gmt":"2025-04-24T08:46:01","slug":"16mm-protective-chain-accessories-for-cat-loader-29-5-25-1800-25","status":"publish","type":"product","link":"https:\/\/twchains.com\/es\/producto\/16mm-protective-chain-accessories-for-cat-loader-29-5-25-1800-25\/","title":{"rendered":"16mm Cadena de Protecci\u00f3n Accesorios para CAT Cargadora 29.5-25 1800-25"},"content":{"rendered":"<p>El anillo circular es el elemento de conexi\u00f3n b\u00e1sico del sistema de cadenas de protecci\u00f3n y desempe\u00f1a un papel importante en el mantenimiento:<\/p>\n<ul>\n<li>Especificaciones del material: Hecho de forja de acero de aleaci\u00f3n resistente al desgaste(igual que la cadena de protecci\u00f3n), con un di\u00e1metro que suele oscilar entre 12-22mm, adaptado seg\u00fan las especificaciones de la cadena.<\/li>\n<li>Funci\u00f3n de reparaci\u00f3n: se utiliza para sustituir eslabones de cadena da\u00f1ados o construir nuevos nodos de conexi\u00f3n.<\/li>\n<li>Requisitos del proceso: El tratamiento t\u00e9rmico es necesario para mejorar la dureza y la tenacidad, y la superficie debe ser lisa para reducir la fricci\u00f3n con el neum\u00e1tico.<\/li>\n<li>Puntos clave para su uso: Al sustituirlo, aseg\u00farese de que la holgura entre el anillo circular y los eslabones de cadena adyacentes es la adecuada para evitar que quede demasiado apretado o demasiado flojo<\/li>\n<li>Requisitos de calidad: No debe haber grietas ni rebabas, y la capacidad de carga debe alcanzar 120% o m\u00e1s de la norma original de la cadena.<\/li>\n<\/ul>\n<p>1TP5Enlace de reparacion1TP5Enlace de quiebre1TP5Enlace de quiebre1TP5Cadenas1TP5Cadenas de cantera1TP5Cadenas de mineria1TP5Cadenas de proteccion1TP5Cadenas de proteccion1TP5Cadenas de proteccion1TP5Cadenas de proteccion1TP5Cadenas de proteccion1TP5Cadenas de proteccion1TP5Cadenas de proteccion#loaderprotector<\/p>","protected":false},"excerpt":{"rendered":"<ul>\n<li>Conector circular<\/li>\n<li>Requisitos de calidad<\/li>\n<li>Se requiere tratamiento t\u00e9rmico y enfriamiento r\u00e1pido<\/li>\n<li>Forjado<\/li>\n<li>Rango adecuado:12mm, 13mm, 14mm, 16mm, 18mm, 20mm, 22mm Etc Especificaci\u00f3n Cadenas de neum\u00e1ticos de tracci\u00f3n<\/li>\n<li><span data-slate-fragment=\"JTVCJTdCJTIydHlwZSUyMiUzQSUyMnBhcmFncmFwaCUyMiUyQyUyMmNoaWxkcmVuJTIyJTNBJTVCJTdCJTIyaWQlMjIlM0ElMjJ2eHdXdjJuMTV6JTIyJTJDJTIycGFyYUlkeCUyMiUzQTAlMkMlMjJzcmMlMjIlM0ElMjJzZW1pZmluaXNoZWQlMjBtYXRlcmlhbCUyMiUyQyUyMmRzdCUyMiUzQSUyMiVFNSU4RSU5RiVFNiU5RCU5MCVFNiU5NiU5OSUyMiUyQyUyMm1ldGFkYXRhJTIyJTNBJTIyJTIyJTJDJTIybWF0Y2hlcyUyMiUzQW51bGwlMkMlMjJtZXRhRGF0YSUyMiUzQSU1QiU1RCUyQyUyMnRleHQlMjIlM0ElMjJzZW1pZmluaXNoZWQlMjBtYXRlcmlhbCUyMiU3RCU1RCU3RCU1RA==\">Material semiacabado de calidad<\/span><\/li>\n<\/ul>","protected":false},"featured_media":604,"template":"","meta":{"inline_featured_image":false,"_kad_post_transparent":"default","_kad_post_title":"","_kad_post_layout":"default","_kad_post_sidebar_id":"","_kad_post_content_style":"default","_kad_post_vertical_padding":"default","_kad_post_feature":"","_kad_post_feature_position":"","_kad_post_header":false,"_kad_post_footer":false},"product_brand":[],"product_cat":[23],"product_tag":[],"class_list":{"0":"post-603","1":"product","2":"type-product","3":"status-publish","4":"has-post-thumbnail","6":"product_cat-accessories","8":"first","9":"instock","10":"shipping-taxable","11":"product-type-simple","12":"entry","13":"content-bg","14":"loop-entry"},"yoast_head":"<!-- This site is optimized with the Yoast SEO plugin v25.4 - https:\/\/yoast.com\/wordpress\/plugins\/seo\/ -->\n<title>16mm Protective Chain Accessories for CAT Loader 29.5-25 1800-25 - twchains<\/title>\n<meta name=\"robots\" content=\"index, follow, max-snippet:-1, max-image-preview:large, max-video-preview:-1\" \/>\n<link rel=\"canonical\" href=\"https:\/\/twchains.com\/es\/producto\/16mm-protective-chain-accessories-for-cat-loader-29-5-25-1800-25\/\" \/>\n<meta property=\"og:locale\" content=\"es_ES\" \/>\n<meta property=\"og:type\" content=\"article\" \/>\n<meta property=\"og:title\" content=\"16mm Protective Chain Accessories for CAT Loader 29.5-25 1800-25 - twchains\" \/>\n<meta property=\"og:description\" content=\"Circular Connector  Quality Requirements  Heat treatment &amp; Quench Are Required  Drop Forged  Suitable Range:12mm, 13mm, 14mm, 16mm, 18mm, 20mm, 22mm Etc Specification Traction Tyre Chains  Quality Semifinished Material\" \/>\n<meta property=\"og:url\" content=\"https:\/\/twchains.com\/es\/producto\/16mm-protective-chain-accessories-for-cat-loader-29-5-25-1800-25\/\" \/>\n<meta property=\"og:site_name\" content=\"twchains\" \/>\n<meta property=\"og:image\" content=\"https:\/\/twchains.com\/wp-content\/uploads\/2025\/04\/77.jpg\" \/>\n\t<meta property=\"og:image:width\" content=\"1080\" \/>\n\t<meta property=\"og:image:height\" content=\"1080\" \/>\n\t<meta property=\"og:image:type\" content=\"image\/jpeg\" \/>\n<meta name=\"twitter:card\" content=\"summary_large_image\" \/>\n<meta name=\"twitter:label1\" content=\"Tiempo de lectura\" \/>\n\t<meta name=\"twitter:data1\" content=\"1 minuto\" \/>\n<script type=\"application\/ld+json\" class=\"yoast-schema-graph\">{\"@context\":\"https:\/\/schema.org\",\"@graph\":[{\"@type\":\"WebPage\",\"@id\":\"https:\/\/twchains.com\/product\/16mm-protective-chain-accessories-for-cat-loader-29-5-25-1800-25\/\",\"url\":\"https:\/\/twchains.com\/product\/16mm-protective-chain-accessories-for-cat-loader-29-5-25-1800-25\/\",\"name\":\"16mm Protective Chain Accessories for CAT Loader 29.5-25 1800-25 - twchains\",\"isPartOf\":{\"@id\":\"https:\/\/twchains.com\/#website\"},\"primaryImageOfPage\":{\"@id\":\"https:\/\/twchains.com\/product\/16mm-protective-chain-accessories-for-cat-loader-29-5-25-1800-25\/#primaryimage\"},\"image\":{\"@id\":\"https:\/\/twchains.com\/product\/16mm-protective-chain-accessories-for-cat-loader-29-5-25-1800-25\/#primaryimage\"},\"thumbnailUrl\":\"https:\/\/twchains.com\/wp-content\/uploads\/2025\/04\/77.jpg\",\"datePublished\":\"2025-04-24T08:46:01+00:00\",\"breadcrumb\":{\"@id\":\"https:\/\/twchains.com\/product\/16mm-protective-chain-accessories-for-cat-loader-29-5-25-1800-25\/#breadcrumb\"},\"inLanguage\":\"es\",\"potentialAction\":[{\"@type\":\"ReadAction\",\"target\":[\"https:\/\/twchains.com\/product\/16mm-protective-chain-accessories-for-cat-loader-29-5-25-1800-25\/\"]}]},{\"@type\":\"ImageObject\",\"inLanguage\":\"es\",\"@id\":\"https:\/\/twchains.com\/product\/16mm-protective-chain-accessories-for-cat-loader-29-5-25-1800-25\/#primaryimage\",\"url\":\"https:\/\/twchains.com\/wp-content\/uploads\/2025\/04\/77.jpg\",\"contentUrl\":\"https:\/\/twchains.com\/wp-content\/uploads\/2025\/04\/77.jpg\",\"width\":1080,\"height\":1080},{\"@type\":\"BreadcrumbList\",\"@id\":\"https:\/\/twchains.com\/product\/16mm-protective-chain-accessories-for-cat-loader-29-5-25-1800-25\/#breadcrumb\",\"itemListElement\":[{\"@type\":\"ListItem\",\"position\":1,\"name\":\"Home\",\"item\":\"https:\/\/twchains.com\/\"},{\"@type\":\"ListItem\",\"position\":2,\"name\":\"Products\",\"item\":\"https:\/\/twchains.com\/products\/\"},{\"@type\":\"ListItem\",\"position\":3,\"name\":\"16mm Protective Chain Accessories for CAT Loader 29.5-25 1800-25\"}]},{\"@type\":\"WebSite\",\"@id\":\"https:\/\/twchains.com\/#website\",\"url\":\"https:\/\/twchains.com\/\",\"name\":\"twchains\",\"description\":\"\",\"publisher\":{\"@id\":\"https:\/\/twchains.com\/#organization\"},\"potentialAction\":[{\"@type\":\"SearchAction\",\"target\":{\"@type\":\"EntryPoint\",\"urlTemplate\":\"https:\/\/twchains.com\/?s={search_term_string}\"},\"query-input\":{\"@type\":\"PropertyValueSpecification\",\"valueRequired\":true,\"valueName\":\"search_term_string\"}}],\"inLanguage\":\"es\"},{\"@type\":\"Organization\",\"@id\":\"https:\/\/twchains.com\/#organization\",\"name\":\"twchains\",\"url\":\"https:\/\/twchains.com\/\",\"logo\":{\"@type\":\"ImageObject\",\"inLanguage\":\"es\",\"@id\":\"https:\/\/twchains.com\/#\/schema\/logo\/image\/\",\"url\":\"https:\/\/twchains.com\/wp-content\/uploads\/2025\/04\/tongwei-logo-100.svg\",\"contentUrl\":\"https:\/\/twchains.com\/wp-content\/uploads\/2025\/04\/tongwei-logo-100.svg\",\"width\":128,\"height\":100,\"caption\":\"twchains\"},\"image\":{\"@id\":\"https:\/\/twchains.com\/#\/schema\/logo\/image\/\"}}]}<\/script>\n<!-- \/ Yoast SEO plugin. -->","yoast_head_json":{"title":"16mm Protective Chain Accessories for CAT Loader 29.5-25 1800-25 - twchains","robots":{"index":"index","follow":"follow","max-snippet":"max-snippet:-1","max-image-preview":"max-image-preview:large","max-video-preview":"max-video-preview:-1"},"canonical":"https:\/\/twchains.com\/es\/producto\/16mm-protective-chain-accessories-for-cat-loader-29-5-25-1800-25\/","og_locale":"es_ES","og_type":"article","og_title":"16mm Protective Chain Accessories for CAT Loader 29.5-25 1800-25 - twchains","og_description":"Circular Connector  Quality Requirements  Heat treatment &amp; Quench Are Required  Drop Forged  Suitable Range:12mm, 13mm, 14mm, 16mm, 18mm, 20mm, 22mm Etc Specification Traction Tyre Chains  Quality Semifinished Material","og_url":"https:\/\/twchains.com\/es\/producto\/16mm-protective-chain-accessories-for-cat-loader-29-5-25-1800-25\/","og_site_name":"twchains","og_image":[{"width":1080,"height":1080,"url":"https:\/\/twchains.com\/wp-content\/uploads\/2025\/04\/77.jpg","type":"image\/jpeg"}],"twitter_card":"summary_large_image","twitter_misc":{"Tiempo de lectura":"1 minuto"},"schema":{"@context":"https:\/\/schema.org","@graph":[{"@type":"WebPage","@id":"https:\/\/twchains.com\/product\/16mm-protective-chain-accessories-for-cat-loader-29-5-25-1800-25\/","url":"https:\/\/twchains.com\/product\/16mm-protective-chain-accessories-for-cat-loader-29-5-25-1800-25\/","name":"16mm Protective Chain Accessories for CAT Loader 29.5-25 1800-25 - twchains","isPartOf":{"@id":"https:\/\/twchains.com\/#website"},"primaryImageOfPage":{"@id":"https:\/\/twchains.com\/product\/16mm-protective-chain-accessories-for-cat-loader-29-5-25-1800-25\/#primaryimage"},"image":{"@id":"https:\/\/twchains.com\/product\/16mm-protective-chain-accessories-for-cat-loader-29-5-25-1800-25\/#primaryimage"},"thumbnailUrl":"https:\/\/twchains.com\/wp-content\/uploads\/2025\/04\/77.jpg","datePublished":"2025-04-24T08:46:01+00:00","breadcrumb":{"@id":"https:\/\/twchains.com\/product\/16mm-protective-chain-accessories-for-cat-loader-29-5-25-1800-25\/#breadcrumb"},"inLanguage":"es","potentialAction":[{"@type":"ReadAction","target":["https:\/\/twchains.com\/product\/16mm-protective-chain-accessories-for-cat-loader-29-5-25-1800-25\/"]}]},{"@type":"ImageObject","inLanguage":"es","@id":"https:\/\/twchains.com\/product\/16mm-protective-chain-accessories-for-cat-loader-29-5-25-1800-25\/#primaryimage","url":"https:\/\/twchains.com\/wp-content\/uploads\/2025\/04\/77.jpg","contentUrl":"https:\/\/twchains.com\/wp-content\/uploads\/2025\/04\/77.jpg","width":1080,"height":1080},{"@type":"BreadcrumbList","@id":"https:\/\/twchains.com\/product\/16mm-protective-chain-accessories-for-cat-loader-29-5-25-1800-25\/#breadcrumb","itemListElement":[{"@type":"ListItem","position":1,"name":"Home","item":"https:\/\/twchains.com\/"},{"@type":"ListItem","position":2,"name":"Products","item":"https:\/\/twchains.com\/products\/"},{"@type":"ListItem","position":3,"name":"16mm Protective Chain Accessories for CAT Loader 29.5-25 1800-25"}]},{"@type":"WebSite","@id":"https:\/\/twchains.com\/#website","url":"https:\/\/twchains.com\/","name":"twchains","description":"","publisher":{"@id":"https:\/\/twchains.com\/#organization"},"potentialAction":[{"@type":"SearchAction","target":{"@type":"EntryPoint","urlTemplate":"https:\/\/twchains.com\/?s={search_term_string}"},"query-input":{"@type":"PropertyValueSpecification","valueRequired":true,"valueName":"search_term_string"}}],"inLanguage":"es"},{"@type":"Organization","@id":"https:\/\/twchains.com\/#organization","name":"twchains","url":"https:\/\/twchains.com\/","logo":{"@type":"ImageObject","inLanguage":"es","@id":"https:\/\/twchains.com\/#\/schema\/logo\/image\/","url":"https:\/\/twchains.com\/wp-content\/uploads\/2025\/04\/tongwei-logo-100.svg","contentUrl":"https:\/\/twchains.com\/wp-content\/uploads\/2025\/04\/tongwei-logo-100.svg","width":128,"height":100,"caption":"twchains"},"image":{"@id":"https:\/\/twchains.com\/#\/schema\/logo\/image\/"}}]}},"_links":{"self":[{"href":"https:\/\/twchains.com\/es\/wp-json\/wp\/v2\/product\/603","targetHints":{"allow":["GET"]}}],"collection":[{"href":"https:\/\/twchains.com\/es\/wp-json\/wp\/v2\/product"}],"about":[{"href":"https:\/\/twchains.com\/es\/wp-json\/wp\/v2\/types\/product"}],"wp:featuredmedia":[{"embeddable":true,"href":"https:\/\/twchains.com\/es\/wp-json\/wp\/v2\/media\/604"}],"wp:attachment":[{"href":"https:\/\/twchains.com\/es\/wp-json\/wp\/v2\/media?parent=603"}],"wp:term":[{"taxonomy":"product_brand","embeddable":true,"href":"https:\/\/twchains.com\/es\/wp-json\/wp\/v2\/product_brand?post=603"},{"taxonomy":"product_cat","embeddable":true,"href":"https:\/\/twchains.com\/es\/wp-json\/wp\/v2\/product_cat?post=603"},{"taxonomy":"product_tag","embeddable":true,"href":"https:\/\/twchains.com\/es\/wp-json\/wp\/v2\/product_tag?post=603"}],"curies":[{"name":"wp","href":"https:\/\/api.w.org\/{rel}","templated":true}]}}