{"id":609,"date":"2025-04-24T09:01:06","date_gmt":"2025-04-24T09:01:06","guid":{"rendered":"https:\/\/twchains.com\/?post_type=product&#038;p=609"},"modified":"2025-04-24T09:01:06","modified_gmt":"2025-04-24T09:01:06","slug":"quality-750-65r25-20-5-25-tyre-protection-chain-repair-parts-screw-connectors","status":"publish","type":"product","link":"https:\/\/twchains.com\/es\/producto\/quality-750-65r25-20-5-25-tyre-protection-chain-repair-parts-screw-connectors\/","title":{"rendered":"Calidad 750\/65r25 20.5-25 Cadena de Protecci\u00f3n de Neum\u00e1ticos Piezas de Reparaci\u00f3n Tornillo Conectores"},"content":{"rendered":"<ul>\n<li>Durabilidad de alta resistencia : Adoptando acero de aleaci\u00f3n o proceso de temple, tiene alta resistencia a la tracci\u00f3n, resistencia al desgaste por impacto, y es adecuado para duras condiciones de trabajo como la miner\u00eda y la grava. Su vida \u00fatil se prolonga m\u00e1s de 50% en comparaci\u00f3n con los pernos ordinarios.<\/li>\n<li>Dise\u00f1o antiaflojamiento : El bloqueo de doble tuerca, el revestimiento previo de cola para roscas o la estructura de arandela el\u00e1stica resisten eficazmente el aflojamiento causado por las vibraciones y reducen el riesgo de interrupci\u00f3n del trabajo.<\/li>\n<li>Desmontaje y montaje r\u00e1pidos<br \/>\nEl dise\u00f1o estandarizado de la interfaz (como las normas ISO o SAE), combinado con herramientas universales, puede lograr la operaci\u00f3n por una sola persona, aumentar la eficiencia de sustituci\u00f3n por 30% y reducir el tiempo de inactividad.<\/li>\n<li>Tratamiento anticorrosivo<br \/>\nGalvanizado superficial, proceso Dacromet o carburizado, resistente a la corrosi\u00f3n por agua de lodo y niebla salina, prolonga el ciclo de mantenimiento, apto para entornos de alta humedad\/\u00e1cidos alcalinos.<\/li>\n<li>Adaptaci\u00f3n personalizada<br \/>\nProporcionan m\u00faltiples opciones de especificaciones, longitudes y tipos de cabeza (hexagonal\/de brida) para adaptarse con precisi\u00f3n a diferentes marcas (como Caterpillar, Komatsu, etc.) de modelos de cadenas de protecci\u00f3n.<\/li>\n<li>Rentabilidad<br \/>\nEl dise\u00f1o modular permite la sustituci\u00f3n individual de los componentes da\u00f1ados, lo que reduce los costes de mantenimiento en 40% comparaci\u00f3n con las estructuras soldadas y evita el desguace total de la cadena.<\/li>\n<li>Escenario de aplicaci\u00f3n: Especialmente indicado para entornos de trabajo de alta frecuencia y carga, como la miner\u00eda y el transporte de residuos de la construcci\u00f3n, reduciendo significativamente el riesgo de ara\u00f1azos y reventones de los neum\u00e1ticos.<\/li>\n<\/ul>\n<p>#CONSTRUCCI\u00d3N#MINER\u00cdA#TYREPROTECCI\u00d3NCADENA#17,5-25#23,5-25#TYRE#OTRTYRE#CHAINSREPARACI\u00d3NPARTES<\/p>","protected":false},"excerpt":{"rendered":"<ul>\n<li>Alta resistencia Durabilidad<\/li>\n<li>Dise\u00f1o antiaflojamiento<\/li>\n<li>Desmontaje y montaje r\u00e1pidos<\/li>\n<li>Tratamiento anticorrosivo<\/li>\n<li>Adaptaci\u00f3n personalizada<\/li>\n<li>Adecuadas para diferentes tipos de cadenas de neum\u00e1ticos para cargadoras de canteras<\/li>\n<\/ul>","protected":false},"featured_media":607,"template":"","meta":{"inline_featured_image":false,"_kad_post_transparent":"default","_kad_post_title":"","_kad_post_layout":"default","_kad_post_sidebar_id":"","_kad_post_content_style":"default","_kad_post_vertical_padding":"default","_kad_post_feature":"","_kad_post_feature_position":"","_kad_post_header":false,"_kad_post_footer":false},"product_brand":[],"product_cat":[23],"product_tag":[],"class_list":{"0":"post-609","1":"product","2":"type-product","3":"status-publish","4":"has-post-thumbnail","6":"product_cat-accessories","8":"first","9":"instock","10":"shipping-taxable","11":"product-type-simple","12":"entry","13":"content-bg","14":"loop-entry"},"yoast_head":"<!-- This site is optimized with the Yoast SEO plugin v25.4 - https:\/\/yoast.com\/wordpress\/plugins\/seo\/ -->\n<title>Quality 750\/65r25 20.5-25 Tyre Protection Chain Repair Parts Screw Connectors - twchains<\/title>\n<meta name=\"robots\" content=\"index, follow, max-snippet:-1, max-image-preview:large, max-video-preview:-1\" \/>\n<link rel=\"canonical\" href=\"https:\/\/twchains.com\/es\/producto\/quality-750-65r25-20-5-25-tyre-protection-chain-repair-parts-screw-connectors\/\" \/>\n<meta property=\"og:locale\" content=\"es_ES\" \/>\n<meta property=\"og:type\" content=\"article\" \/>\n<meta property=\"og:title\" content=\"Quality 750\/65r25 20.5-25 Tyre Protection Chain Repair Parts Screw Connectors - twchains\" \/>\n<meta property=\"og:description\" content=\"High Strength Durability  Anti Loosening Design  Quick Disassembly &amp; Assembly  Anticorrosive Treatment  Customized Adaptation  Suitbale for Different Types of Quarry Loader Tire Chains\" \/>\n<meta property=\"og:url\" content=\"https:\/\/twchains.com\/es\/producto\/quality-750-65r25-20-5-25-tyre-protection-chain-repair-parts-screw-connectors\/\" \/>\n<meta property=\"og:site_name\" content=\"twchains\" \/>\n<meta property=\"og:image\" content=\"https:\/\/twchains.com\/wp-content\/uploads\/2025\/04\/55.jpg\" \/>\n\t<meta property=\"og:image:width\" content=\"718\" \/>\n\t<meta property=\"og:image:height\" content=\"718\" \/>\n\t<meta property=\"og:image:type\" content=\"image\/jpeg\" \/>\n<meta name=\"twitter:card\" content=\"summary_large_image\" \/>\n<meta name=\"twitter:label1\" content=\"Tiempo de lectura\" \/>\n\t<meta name=\"twitter:data1\" content=\"2 minutos\" \/>\n<script type=\"application\/ld+json\" class=\"yoast-schema-graph\">{\"@context\":\"https:\/\/schema.org\",\"@graph\":[{\"@type\":\"WebPage\",\"@id\":\"https:\/\/twchains.com\/product\/quality-750-65r25-20-5-25-tyre-protection-chain-repair-parts-screw-connectors\/\",\"url\":\"https:\/\/twchains.com\/product\/quality-750-65r25-20-5-25-tyre-protection-chain-repair-parts-screw-connectors\/\",\"name\":\"Quality 750\/65r25 20.5-25 Tyre Protection Chain Repair Parts Screw Connectors - twchains\",\"isPartOf\":{\"@id\":\"https:\/\/twchains.com\/#website\"},\"primaryImageOfPage\":{\"@id\":\"https:\/\/twchains.com\/product\/quality-750-65r25-20-5-25-tyre-protection-chain-repair-parts-screw-connectors\/#primaryimage\"},\"image\":{\"@id\":\"https:\/\/twchains.com\/product\/quality-750-65r25-20-5-25-tyre-protection-chain-repair-parts-screw-connectors\/#primaryimage\"},\"thumbnailUrl\":\"https:\/\/twchains.com\/wp-content\/uploads\/2025\/04\/55.jpg\",\"datePublished\":\"2025-04-24T09:01:06+00:00\",\"breadcrumb\":{\"@id\":\"https:\/\/twchains.com\/product\/quality-750-65r25-20-5-25-tyre-protection-chain-repair-parts-screw-connectors\/#breadcrumb\"},\"inLanguage\":\"es\",\"potentialAction\":[{\"@type\":\"ReadAction\",\"target\":[\"https:\/\/twchains.com\/product\/quality-750-65r25-20-5-25-tyre-protection-chain-repair-parts-screw-connectors\/\"]}]},{\"@type\":\"ImageObject\",\"inLanguage\":\"es\",\"@id\":\"https:\/\/twchains.com\/product\/quality-750-65r25-20-5-25-tyre-protection-chain-repair-parts-screw-connectors\/#primaryimage\",\"url\":\"https:\/\/twchains.com\/wp-content\/uploads\/2025\/04\/55.jpg\",\"contentUrl\":\"https:\/\/twchains.com\/wp-content\/uploads\/2025\/04\/55.jpg\",\"width\":718,\"height\":718},{\"@type\":\"BreadcrumbList\",\"@id\":\"https:\/\/twchains.com\/product\/quality-750-65r25-20-5-25-tyre-protection-chain-repair-parts-screw-connectors\/#breadcrumb\",\"itemListElement\":[{\"@type\":\"ListItem\",\"position\":1,\"name\":\"Home\",\"item\":\"https:\/\/twchains.com\/\"},{\"@type\":\"ListItem\",\"position\":2,\"name\":\"Products\",\"item\":\"https:\/\/twchains.com\/products\/\"},{\"@type\":\"ListItem\",\"position\":3,\"name\":\"Quality 750\/65r25 20.5-25 Tyre Protection Chain Repair Parts Screw Connectors\"}]},{\"@type\":\"WebSite\",\"@id\":\"https:\/\/twchains.com\/#website\",\"url\":\"https:\/\/twchains.com\/\",\"name\":\"twchains\",\"description\":\"\",\"publisher\":{\"@id\":\"https:\/\/twchains.com\/#organization\"},\"potentialAction\":[{\"@type\":\"SearchAction\",\"target\":{\"@type\":\"EntryPoint\",\"urlTemplate\":\"https:\/\/twchains.com\/?s={search_term_string}\"},\"query-input\":{\"@type\":\"PropertyValueSpecification\",\"valueRequired\":true,\"valueName\":\"search_term_string\"}}],\"inLanguage\":\"es\"},{\"@type\":\"Organization\",\"@id\":\"https:\/\/twchains.com\/#organization\",\"name\":\"twchains\",\"url\":\"https:\/\/twchains.com\/\",\"logo\":{\"@type\":\"ImageObject\",\"inLanguage\":\"es\",\"@id\":\"https:\/\/twchains.com\/#\/schema\/logo\/image\/\",\"url\":\"https:\/\/twchains.com\/wp-content\/uploads\/2025\/04\/tongwei-logo-100.svg\",\"contentUrl\":\"https:\/\/twchains.com\/wp-content\/uploads\/2025\/04\/tongwei-logo-100.svg\",\"width\":128,\"height\":100,\"caption\":\"twchains\"},\"image\":{\"@id\":\"https:\/\/twchains.com\/#\/schema\/logo\/image\/\"}}]}<\/script>\n<!-- \/ Yoast SEO plugin. -->","yoast_head_json":{"title":"Quality 750\/65r25 20.5-25 Tyre Protection Chain Repair Parts Screw Connectors - twchains","robots":{"index":"index","follow":"follow","max-snippet":"max-snippet:-1","max-image-preview":"max-image-preview:large","max-video-preview":"max-video-preview:-1"},"canonical":"https:\/\/twchains.com\/es\/producto\/quality-750-65r25-20-5-25-tyre-protection-chain-repair-parts-screw-connectors\/","og_locale":"es_ES","og_type":"article","og_title":"Quality 750\/65r25 20.5-25 Tyre Protection Chain Repair Parts Screw Connectors - twchains","og_description":"High Strength Durability  Anti Loosening Design  Quick Disassembly &amp; Assembly  Anticorrosive Treatment  Customized Adaptation  Suitbale for Different Types of Quarry Loader Tire Chains","og_url":"https:\/\/twchains.com\/es\/producto\/quality-750-65r25-20-5-25-tyre-protection-chain-repair-parts-screw-connectors\/","og_site_name":"twchains","og_image":[{"width":718,"height":718,"url":"https:\/\/twchains.com\/wp-content\/uploads\/2025\/04\/55.jpg","type":"image\/jpeg"}],"twitter_card":"summary_large_image","twitter_misc":{"Tiempo de lectura":"2 minutos"},"schema":{"@context":"https:\/\/schema.org","@graph":[{"@type":"WebPage","@id":"https:\/\/twchains.com\/product\/quality-750-65r25-20-5-25-tyre-protection-chain-repair-parts-screw-connectors\/","url":"https:\/\/twchains.com\/product\/quality-750-65r25-20-5-25-tyre-protection-chain-repair-parts-screw-connectors\/","name":"Quality 750\/65r25 20.5-25 Tyre Protection Chain Repair Parts Screw Connectors - twchains","isPartOf":{"@id":"https:\/\/twchains.com\/#website"},"primaryImageOfPage":{"@id":"https:\/\/twchains.com\/product\/quality-750-65r25-20-5-25-tyre-protection-chain-repair-parts-screw-connectors\/#primaryimage"},"image":{"@id":"https:\/\/twchains.com\/product\/quality-750-65r25-20-5-25-tyre-protection-chain-repair-parts-screw-connectors\/#primaryimage"},"thumbnailUrl":"https:\/\/twchains.com\/wp-content\/uploads\/2025\/04\/55.jpg","datePublished":"2025-04-24T09:01:06+00:00","breadcrumb":{"@id":"https:\/\/twchains.com\/product\/quality-750-65r25-20-5-25-tyre-protection-chain-repair-parts-screw-connectors\/#breadcrumb"},"inLanguage":"es","potentialAction":[{"@type":"ReadAction","target":["https:\/\/twchains.com\/product\/quality-750-65r25-20-5-25-tyre-protection-chain-repair-parts-screw-connectors\/"]}]},{"@type":"ImageObject","inLanguage":"es","@id":"https:\/\/twchains.com\/product\/quality-750-65r25-20-5-25-tyre-protection-chain-repair-parts-screw-connectors\/#primaryimage","url":"https:\/\/twchains.com\/wp-content\/uploads\/2025\/04\/55.jpg","contentUrl":"https:\/\/twchains.com\/wp-content\/uploads\/2025\/04\/55.jpg","width":718,"height":718},{"@type":"BreadcrumbList","@id":"https:\/\/twchains.com\/product\/quality-750-65r25-20-5-25-tyre-protection-chain-repair-parts-screw-connectors\/#breadcrumb","itemListElement":[{"@type":"ListItem","position":1,"name":"Home","item":"https:\/\/twchains.com\/"},{"@type":"ListItem","position":2,"name":"Products","item":"https:\/\/twchains.com\/products\/"},{"@type":"ListItem","position":3,"name":"Quality 750\/65r25 20.5-25 Tyre Protection Chain Repair Parts Screw Connectors"}]},{"@type":"WebSite","@id":"https:\/\/twchains.com\/#website","url":"https:\/\/twchains.com\/","name":"twchains","description":"","publisher":{"@id":"https:\/\/twchains.com\/#organization"},"potentialAction":[{"@type":"SearchAction","target":{"@type":"EntryPoint","urlTemplate":"https:\/\/twchains.com\/?s={search_term_string}"},"query-input":{"@type":"PropertyValueSpecification","valueRequired":true,"valueName":"search_term_string"}}],"inLanguage":"es"},{"@type":"Organization","@id":"https:\/\/twchains.com\/#organization","name":"twchains","url":"https:\/\/twchains.com\/","logo":{"@type":"ImageObject","inLanguage":"es","@id":"https:\/\/twchains.com\/#\/schema\/logo\/image\/","url":"https:\/\/twchains.com\/wp-content\/uploads\/2025\/04\/tongwei-logo-100.svg","contentUrl":"https:\/\/twchains.com\/wp-content\/uploads\/2025\/04\/tongwei-logo-100.svg","width":128,"height":100,"caption":"twchains"},"image":{"@id":"https:\/\/twchains.com\/#\/schema\/logo\/image\/"}}]}},"_links":{"self":[{"href":"https:\/\/twchains.com\/es\/wp-json\/wp\/v2\/product\/609","targetHints":{"allow":["GET"]}}],"collection":[{"href":"https:\/\/twchains.com\/es\/wp-json\/wp\/v2\/product"}],"about":[{"href":"https:\/\/twchains.com\/es\/wp-json\/wp\/v2\/types\/product"}],"wp:featuredmedia":[{"embeddable":true,"href":"https:\/\/twchains.com\/es\/wp-json\/wp\/v2\/media\/607"}],"wp:attachment":[{"href":"https:\/\/twchains.com\/es\/wp-json\/wp\/v2\/media?parent=609"}],"wp:term":[{"taxonomy":"product_brand","embeddable":true,"href":"https:\/\/twchains.com\/es\/wp-json\/wp\/v2\/product_brand?post=609"},{"taxonomy":"product_cat","embeddable":true,"href":"https:\/\/twchains.com\/es\/wp-json\/wp\/v2\/product_cat?post=609"},{"taxonomy":"product_tag","embeddable":true,"href":"https:\/\/twchains.com\/es\/wp-json\/wp\/v2\/product_tag?post=609"}],"curies":[{"name":"wp","href":"https:\/\/api.w.org\/{rel}","templated":true}]}}