{"id":610,"date":"2025-04-24T09:17:36","date_gmt":"2025-04-24T09:17:36","guid":{"rendered":"https:\/\/twchains.com\/?post_type=product&#038;p=610"},"modified":"2025-04-24T09:17:36","modified_gmt":"2025-04-24T09:17:36","slug":"repair-link-kit-for-komatsu-wheel-loader-protector-chains-35-65r33","status":"publish","type":"product","link":"https:\/\/twchains.com\/es\/producto\/repair-link-kit-for-komatsu-wheel-loader-protector-chains-35-65r33\/","title":{"rendered":"Kit de eslabones de reparaci\u00f3n para cadenas protectoras de cargadoras de ruedas Komatsu 35\/65r33"},"content":{"rendered":"<ul>\n<li>Alta resistencia al impacto<br \/>\nHecho de forja de acero de aleaci\u00f3n especial y combinado con la tecnolog\u00eda de tratamiento t\u00e9rmico, la dureza alcanza HRC40-54, especialmente dise\u00f1ado para condiciones de trabajo de impacto de alta frecuencia (como la miner\u00eda y la metalurgia), con resistencia a la deformaci\u00f3n aument\u00f3 en m\u00e1s de 60% en comparaci\u00f3n con hebillas de cadena ordinarios.<\/li>\n<li>Estructura de cifrado precisa<br \/>\nEl exclusivo dise\u00f1o de la mordedura en forma de bloque aumenta la densidad de contacto con la superficie del neum\u00e1tico, dispersa la presi\u00f3n de forma m\u00e1s uniforme, evita eficazmente que las piedras afiladas lo perforen y reduce el riesgo de da\u00f1os en el neum\u00e1tico.<\/li>\n<li>Conexi\u00f3n r\u00e1pida con autobloqueo<br \/>\nLa estructura patentada de tarjetero + pasador permite la instalaci\u00f3n\/desmontaje manual sin necesidad de herramientas, con un tiempo de sustituci\u00f3n de un solo bot\u00f3n inferior a 30 segundos, lo que reduce significativamente el tiempo de mantenimiento (50% m\u00e1s r\u00e1pido que el tipo de pasador tradicional).<\/li>\n<li>Resistente al desgaste y duradero<br \/>\nTratamiento superficial de temple l\u00e1ser o recubrimiento de carburo de tungsteno, con un \u00edndice de resistencia al desgaste tres veces superior a la norma nacional, y una vida \u00fatil continua de 6-12 meses (dependiendo de las condiciones de trabajo), reduciendo la frecuencia de paradas y sustituciones.<\/li>\n<\/ul>\n<p>#komatsu#caterpillarcargadora#volvoloadercadenas#miner\u00eda#cantera#\u00fanel#hotslag1TP5Cadena de protecci\u00f3n1TP5Cadena de protecci\u00f3n de neum\u00e1ticos<\/p>","protected":false},"excerpt":{"rendered":"<p>La hebilla de bloque de cifrado est\u00e1 dise\u00f1ada principalmente para cadenas de protecci\u00f3n de neum\u00e1ticos gruesos<\/p>","protected":false},"featured_media":606,"template":"","meta":{"inline_featured_image":false,"_kad_post_transparent":"default","_kad_post_title":"","_kad_post_layout":"default","_kad_post_sidebar_id":"","_kad_post_content_style":"default","_kad_post_vertical_padding":"default","_kad_post_feature":"","_kad_post_feature_position":"","_kad_post_header":false,"_kad_post_footer":false},"product_brand":[],"product_cat":[23],"product_tag":[],"class_list":{"0":"post-610","1":"product","2":"type-product","3":"status-publish","4":"has-post-thumbnail","6":"product_cat-accessories","8":"first","9":"instock","10":"shipping-taxable","11":"product-type-simple","12":"entry","13":"content-bg","14":"loop-entry"},"yoast_head":"<!-- This site is optimized with the Yoast SEO plugin v25.4 - https:\/\/yoast.com\/wordpress\/plugins\/seo\/ -->\n<title>Repair Link Kit for Komatsu Wheel Loader Protector Chains 35\/65r33 - twchains<\/title>\n<meta name=\"robots\" content=\"index, follow, max-snippet:-1, max-image-preview:large, max-video-preview:-1\" \/>\n<link rel=\"canonical\" href=\"https:\/\/twchains.com\/es\/producto\/repair-link-kit-for-komatsu-wheel-loader-protector-chains-35-65r33\/\" \/>\n<meta property=\"og:locale\" content=\"es_ES\" \/>\n<meta property=\"og:type\" content=\"article\" \/>\n<meta property=\"og:title\" content=\"Repair Link Kit for Komatsu Wheel Loader Protector Chains 35\/65r33 - twchains\" \/>\n<meta property=\"og:description\" content=\"The encryption block buckle is mainly designed for thicken tire protection chains\" \/>\n<meta property=\"og:url\" content=\"https:\/\/twchains.com\/es\/producto\/repair-link-kit-for-komatsu-wheel-loader-protector-chains-35-65r33\/\" \/>\n<meta property=\"og:site_name\" content=\"twchains\" \/>\n<meta property=\"og:image\" content=\"https:\/\/twchains.com\/wp-content\/uploads\/2025\/04\/44.jpg\" \/>\n\t<meta property=\"og:image:width\" content=\"810\" \/>\n\t<meta property=\"og:image:height\" content=\"1080\" \/>\n\t<meta property=\"og:image:type\" content=\"image\/jpeg\" \/>\n<meta name=\"twitter:card\" content=\"summary_large_image\" \/>\n<meta name=\"twitter:label1\" content=\"Tiempo de lectura\" \/>\n\t<meta name=\"twitter:data1\" content=\"1 minuto\" \/>\n<script type=\"application\/ld+json\" class=\"yoast-schema-graph\">{\"@context\":\"https:\/\/schema.org\",\"@graph\":[{\"@type\":\"WebPage\",\"@id\":\"https:\/\/twchains.com\/product\/repair-link-kit-for-komatsu-wheel-loader-protector-chains-35-65r33\/\",\"url\":\"https:\/\/twchains.com\/product\/repair-link-kit-for-komatsu-wheel-loader-protector-chains-35-65r33\/\",\"name\":\"Repair Link Kit for Komatsu Wheel Loader Protector Chains 35\/65r33 - twchains\",\"isPartOf\":{\"@id\":\"https:\/\/twchains.com\/#website\"},\"primaryImageOfPage\":{\"@id\":\"https:\/\/twchains.com\/product\/repair-link-kit-for-komatsu-wheel-loader-protector-chains-35-65r33\/#primaryimage\"},\"image\":{\"@id\":\"https:\/\/twchains.com\/product\/repair-link-kit-for-komatsu-wheel-loader-protector-chains-35-65r33\/#primaryimage\"},\"thumbnailUrl\":\"https:\/\/twchains.com\/wp-content\/uploads\/2025\/04\/44.jpg\",\"datePublished\":\"2025-04-24T09:17:36+00:00\",\"breadcrumb\":{\"@id\":\"https:\/\/twchains.com\/product\/repair-link-kit-for-komatsu-wheel-loader-protector-chains-35-65r33\/#breadcrumb\"},\"inLanguage\":\"es\",\"potentialAction\":[{\"@type\":\"ReadAction\",\"target\":[\"https:\/\/twchains.com\/product\/repair-link-kit-for-komatsu-wheel-loader-protector-chains-35-65r33\/\"]}]},{\"@type\":\"ImageObject\",\"inLanguage\":\"es\",\"@id\":\"https:\/\/twchains.com\/product\/repair-link-kit-for-komatsu-wheel-loader-protector-chains-35-65r33\/#primaryimage\",\"url\":\"https:\/\/twchains.com\/wp-content\/uploads\/2025\/04\/44.jpg\",\"contentUrl\":\"https:\/\/twchains.com\/wp-content\/uploads\/2025\/04\/44.jpg\",\"width\":810,\"height\":1080},{\"@type\":\"BreadcrumbList\",\"@id\":\"https:\/\/twchains.com\/product\/repair-link-kit-for-komatsu-wheel-loader-protector-chains-35-65r33\/#breadcrumb\",\"itemListElement\":[{\"@type\":\"ListItem\",\"position\":1,\"name\":\"Home\",\"item\":\"https:\/\/twchains.com\/\"},{\"@type\":\"ListItem\",\"position\":2,\"name\":\"Products\",\"item\":\"https:\/\/twchains.com\/products\/\"},{\"@type\":\"ListItem\",\"position\":3,\"name\":\"Repair Link Kit for Komatsu Wheel Loader Protector Chains 35\/65r33\"}]},{\"@type\":\"WebSite\",\"@id\":\"https:\/\/twchains.com\/#website\",\"url\":\"https:\/\/twchains.com\/\",\"name\":\"twchains\",\"description\":\"\",\"publisher\":{\"@id\":\"https:\/\/twchains.com\/#organization\"},\"potentialAction\":[{\"@type\":\"SearchAction\",\"target\":{\"@type\":\"EntryPoint\",\"urlTemplate\":\"https:\/\/twchains.com\/?s={search_term_string}\"},\"query-input\":{\"@type\":\"PropertyValueSpecification\",\"valueRequired\":true,\"valueName\":\"search_term_string\"}}],\"inLanguage\":\"es\"},{\"@type\":\"Organization\",\"@id\":\"https:\/\/twchains.com\/#organization\",\"name\":\"twchains\",\"url\":\"https:\/\/twchains.com\/\",\"logo\":{\"@type\":\"ImageObject\",\"inLanguage\":\"es\",\"@id\":\"https:\/\/twchains.com\/#\/schema\/logo\/image\/\",\"url\":\"https:\/\/twchains.com\/wp-content\/uploads\/2025\/04\/tongwei-logo-100.svg\",\"contentUrl\":\"https:\/\/twchains.com\/wp-content\/uploads\/2025\/04\/tongwei-logo-100.svg\",\"width\":128,\"height\":100,\"caption\":\"twchains\"},\"image\":{\"@id\":\"https:\/\/twchains.com\/#\/schema\/logo\/image\/\"}}]}<\/script>\n<!-- \/ Yoast SEO plugin. -->","yoast_head_json":{"title":"Repair Link Kit for Komatsu Wheel Loader Protector Chains 35\/65r33 - twchains","robots":{"index":"index","follow":"follow","max-snippet":"max-snippet:-1","max-image-preview":"max-image-preview:large","max-video-preview":"max-video-preview:-1"},"canonical":"https:\/\/twchains.com\/es\/producto\/repair-link-kit-for-komatsu-wheel-loader-protector-chains-35-65r33\/","og_locale":"es_ES","og_type":"article","og_title":"Repair Link Kit for Komatsu Wheel Loader Protector Chains 35\/65r33 - twchains","og_description":"The encryption block buckle is mainly designed for thicken tire protection chains","og_url":"https:\/\/twchains.com\/es\/producto\/repair-link-kit-for-komatsu-wheel-loader-protector-chains-35-65r33\/","og_site_name":"twchains","og_image":[{"width":810,"height":1080,"url":"https:\/\/twchains.com\/wp-content\/uploads\/2025\/04\/44.jpg","type":"image\/jpeg"}],"twitter_card":"summary_large_image","twitter_misc":{"Tiempo de lectura":"1 minuto"},"schema":{"@context":"https:\/\/schema.org","@graph":[{"@type":"WebPage","@id":"https:\/\/twchains.com\/product\/repair-link-kit-for-komatsu-wheel-loader-protector-chains-35-65r33\/","url":"https:\/\/twchains.com\/product\/repair-link-kit-for-komatsu-wheel-loader-protector-chains-35-65r33\/","name":"Repair Link Kit for Komatsu Wheel Loader Protector Chains 35\/65r33 - twchains","isPartOf":{"@id":"https:\/\/twchains.com\/#website"},"primaryImageOfPage":{"@id":"https:\/\/twchains.com\/product\/repair-link-kit-for-komatsu-wheel-loader-protector-chains-35-65r33\/#primaryimage"},"image":{"@id":"https:\/\/twchains.com\/product\/repair-link-kit-for-komatsu-wheel-loader-protector-chains-35-65r33\/#primaryimage"},"thumbnailUrl":"https:\/\/twchains.com\/wp-content\/uploads\/2025\/04\/44.jpg","datePublished":"2025-04-24T09:17:36+00:00","breadcrumb":{"@id":"https:\/\/twchains.com\/product\/repair-link-kit-for-komatsu-wheel-loader-protector-chains-35-65r33\/#breadcrumb"},"inLanguage":"es","potentialAction":[{"@type":"ReadAction","target":["https:\/\/twchains.com\/product\/repair-link-kit-for-komatsu-wheel-loader-protector-chains-35-65r33\/"]}]},{"@type":"ImageObject","inLanguage":"es","@id":"https:\/\/twchains.com\/product\/repair-link-kit-for-komatsu-wheel-loader-protector-chains-35-65r33\/#primaryimage","url":"https:\/\/twchains.com\/wp-content\/uploads\/2025\/04\/44.jpg","contentUrl":"https:\/\/twchains.com\/wp-content\/uploads\/2025\/04\/44.jpg","width":810,"height":1080},{"@type":"BreadcrumbList","@id":"https:\/\/twchains.com\/product\/repair-link-kit-for-komatsu-wheel-loader-protector-chains-35-65r33\/#breadcrumb","itemListElement":[{"@type":"ListItem","position":1,"name":"Home","item":"https:\/\/twchains.com\/"},{"@type":"ListItem","position":2,"name":"Products","item":"https:\/\/twchains.com\/products\/"},{"@type":"ListItem","position":3,"name":"Repair Link Kit for Komatsu Wheel Loader Protector Chains 35\/65r33"}]},{"@type":"WebSite","@id":"https:\/\/twchains.com\/#website","url":"https:\/\/twchains.com\/","name":"twchains","description":"","publisher":{"@id":"https:\/\/twchains.com\/#organization"},"potentialAction":[{"@type":"SearchAction","target":{"@type":"EntryPoint","urlTemplate":"https:\/\/twchains.com\/?s={search_term_string}"},"query-input":{"@type":"PropertyValueSpecification","valueRequired":true,"valueName":"search_term_string"}}],"inLanguage":"es"},{"@type":"Organization","@id":"https:\/\/twchains.com\/#organization","name":"twchains","url":"https:\/\/twchains.com\/","logo":{"@type":"ImageObject","inLanguage":"es","@id":"https:\/\/twchains.com\/#\/schema\/logo\/image\/","url":"https:\/\/twchains.com\/wp-content\/uploads\/2025\/04\/tongwei-logo-100.svg","contentUrl":"https:\/\/twchains.com\/wp-content\/uploads\/2025\/04\/tongwei-logo-100.svg","width":128,"height":100,"caption":"twchains"},"image":{"@id":"https:\/\/twchains.com\/#\/schema\/logo\/image\/"}}]}},"_links":{"self":[{"href":"https:\/\/twchains.com\/es\/wp-json\/wp\/v2\/product\/610","targetHints":{"allow":["GET"]}}],"collection":[{"href":"https:\/\/twchains.com\/es\/wp-json\/wp\/v2\/product"}],"about":[{"href":"https:\/\/twchains.com\/es\/wp-json\/wp\/v2\/types\/product"}],"wp:featuredmedia":[{"embeddable":true,"href":"https:\/\/twchains.com\/es\/wp-json\/wp\/v2\/media\/606"}],"wp:attachment":[{"href":"https:\/\/twchains.com\/es\/wp-json\/wp\/v2\/media?parent=610"}],"wp:term":[{"taxonomy":"product_brand","embeddable":true,"href":"https:\/\/twchains.com\/es\/wp-json\/wp\/v2\/product_brand?post=610"},{"taxonomy":"product_cat","embeddable":true,"href":"https:\/\/twchains.com\/es\/wp-json\/wp\/v2\/product_cat?post=610"},{"taxonomy":"product_tag","embeddable":true,"href":"https:\/\/twchains.com\/es\/wp-json\/wp\/v2\/product_tag?post=610"}],"curies":[{"name":"wp","href":"https:\/\/api.w.org\/{rel}","templated":true}]}}