{"id":615,"date":"2025-04-25T01:54:14","date_gmt":"2025-04-25T01:54:14","guid":{"rendered":"https:\/\/twchains.com\/?post_type=product&#038;p=615"},"modified":"2025-04-25T01:58:20","modified_gmt":"2025-04-25T01:58:20","slug":"x12mm-loader-traction-snow-chain-16-70-20-1200-24","status":"publish","type":"product","link":"https:\/\/twchains.com\/es\/producto\/x12mm-loader-traction-snow-chain-16-70-20-1200-24\/","title":{"rendered":"\u00d712mm Cadena de nieve de tracci\u00f3n para cargadoras 16\/70-20 1200-24 antideslizante"},"content":{"rendered":"<ul>\n<li>Mejora el agarre : El dise\u00f1o del anillo de di\u00e1metro \u00d712mm de la cadena antideslizante puede ajustarse firmemente al neum\u00e1tico, aumentando significativamente la fricci\u00f3n con el suelo y evitando eficazmente el deslizamiento, especialmente en condiciones de carretera mojada y resbaladiza como hielo, nieve y barro.<\/li>\n<li>Gran durabilidad : Suele estar fabricado con acero de aleaci\u00f3n de alta resistencia o material resistente al desgaste, que es resistente a los impactos y al desgaste, adecuado para el uso a largo plazo en entornos dif\u00edciles, y prolonga su vida \u00fatil.<\/li>\n<li>\n<div data-slate-node=\"element\"><span data-slate-node=\"text\">F\u00e1cil instalaci\u00f3n : <\/span><span data-slate-node=\"text\">El dise\u00f1o es ligero y la estructura sencilla. La mayor\u00eda de los modelos pueden instalarse o desmontarse manualmente con rapidez, lo que ahorra tiempo de trabajo y mejora la eficiencia laboral.<\/span><\/div>\n<\/li>\n<li>Protecci\u00f3n de los neum\u00e1ticos : Reducen el contacto directo entre los neum\u00e1ticos y la grava afilada o los objetos duros, disminuyen el riesgo de desgaste y ara\u00f1azos de la banda de rodadura y prolongan indirectamente la vida \u00fatil de los neum\u00e1ticos.<\/li>\n<li>Amplia aplicabilidad : Adecuado para varios tama\u00f1os de neum\u00e1ticos de cargadoras peque\u00f1as, tales como 16\/70-20,1200-24,1000-20,975-18,15\/70-18,16\/70-28,1200-20,1400-24,20.5\/70-16 ,825-16 etc, satisfaciendo las necesidades de m\u00faltiples escenarios tales como agricultura, construcci\u00f3n y miner\u00eda, y adecuado para todas las estaciones (especialmente condiciones de hielo y nieve en invierno).<\/li>\n<\/ul>\n<p>1TP5Cadenas de carga1TP5Cadenas de nieve1TP5Cadenas de tracci\u00f3n1TP5Cadenas de tracci\u00f3n1TP5Silvicultura1TP5Antideslizante1TP5Resistente al deslizamiento<\/p>","protected":false},"excerpt":{"rendered":"<ul>\n<li>Para peque\u00f1as empresas<\/li>\n<li>Mejorar el agarre<\/li>\n<li>Gran durabilidad<\/li>\n<li>F\u00e1cil instalaci\u00f3n<\/li>\n<li>Peso del eslab\u00f3n:0,28 kg<\/li>\n<\/ul>","protected":false},"featured_media":616,"template":"","meta":{"inline_featured_image":false,"_kad_post_transparent":"default","_kad_post_title":"","_kad_post_layout":"default","_kad_post_sidebar_id":"","_kad_post_content_style":"default","_kad_post_vertical_padding":"default","_kad_post_feature":"","_kad_post_feature_position":"","_kad_post_header":false,"_kad_post_footer":false},"product_brand":[],"product_cat":[24],"product_tag":[],"class_list":{"0":"post-615","1":"product","2":"type-product","3":"status-publish","4":"has-post-thumbnail","6":"product_cat-anti-skid-tire-chains","8":"first","9":"instock","10":"shipping-taxable","11":"product-type-simple","12":"entry","13":"content-bg","14":"loop-entry"},"yoast_head":"<!-- This site is optimized with the Yoast SEO plugin v25.4 - https:\/\/yoast.com\/wordpress\/plugins\/seo\/ -->\n<title>\u00d712mm Loader Traction Snow Chain 16\/70-20 1200-24 Slip Resistant - twchains<\/title>\n<meta name=\"robots\" content=\"index, follow, max-snippet:-1, max-image-preview:large, max-video-preview:-1\" \/>\n<link rel=\"canonical\" href=\"https:\/\/twchains.com\/es\/producto\/x12mm-loader-traction-snow-chain-16-70-20-1200-24\/\" \/>\n<meta property=\"og:locale\" content=\"es_ES\" \/>\n<meta property=\"og:type\" content=\"article\" \/>\n<meta property=\"og:title\" content=\"\u00d712mm Loader Traction Snow Chain 16\/70-20 1200-24 Slip Resistant - twchains\" \/>\n<meta property=\"og:description\" content=\"For Small-Sized  Enhance Grip  Strong Durability  Easy Installation  Weight of Link:0.28kg\" \/>\n<meta property=\"og:url\" content=\"https:\/\/twchains.com\/es\/producto\/x12mm-loader-traction-snow-chain-16-70-20-1200-24\/\" \/>\n<meta property=\"og:site_name\" content=\"twchains\" \/>\n<meta property=\"article:modified_time\" content=\"2025-04-25T01:58:20+00:00\" \/>\n<meta property=\"og:image\" content=\"https:\/\/twchains.com\/wp-content\/uploads\/2025\/04\/mmexport159402046768141.jpg\" \/>\n\t<meta property=\"og:image:width\" content=\"480\" \/>\n\t<meta property=\"og:image:height\" content=\"550\" \/>\n\t<meta property=\"og:image:type\" content=\"image\/jpeg\" \/>\n<meta name=\"twitter:card\" content=\"summary_large_image\" \/>\n<meta name=\"twitter:label1\" content=\"Tiempo de lectura\" \/>\n\t<meta name=\"twitter:data1\" content=\"1 minuto\" \/>\n<script type=\"application\/ld+json\" class=\"yoast-schema-graph\">{\"@context\":\"https:\/\/schema.org\",\"@graph\":[{\"@type\":\"WebPage\",\"@id\":\"https:\/\/twchains.com\/product\/x12mm-loader-traction-snow-chain-16-70-20-1200-24\/\",\"url\":\"https:\/\/twchains.com\/product\/x12mm-loader-traction-snow-chain-16-70-20-1200-24\/\",\"name\":\"\u00d712mm Loader Traction Snow Chain 16\/70-20 1200-24 Slip Resistant - twchains\",\"isPartOf\":{\"@id\":\"https:\/\/twchains.com\/#website\"},\"primaryImageOfPage\":{\"@id\":\"https:\/\/twchains.com\/product\/x12mm-loader-traction-snow-chain-16-70-20-1200-24\/#primaryimage\"},\"image\":{\"@id\":\"https:\/\/twchains.com\/product\/x12mm-loader-traction-snow-chain-16-70-20-1200-24\/#primaryimage\"},\"thumbnailUrl\":\"https:\/\/twchains.com\/wp-content\/uploads\/2025\/04\/mmexport159402046768141.jpg\",\"datePublished\":\"2025-04-25T01:54:14+00:00\",\"dateModified\":\"2025-04-25T01:58:20+00:00\",\"breadcrumb\":{\"@id\":\"https:\/\/twchains.com\/product\/x12mm-loader-traction-snow-chain-16-70-20-1200-24\/#breadcrumb\"},\"inLanguage\":\"es\",\"potentialAction\":[{\"@type\":\"ReadAction\",\"target\":[\"https:\/\/twchains.com\/product\/x12mm-loader-traction-snow-chain-16-70-20-1200-24\/\"]}]},{\"@type\":\"ImageObject\",\"inLanguage\":\"es\",\"@id\":\"https:\/\/twchains.com\/product\/x12mm-loader-traction-snow-chain-16-70-20-1200-24\/#primaryimage\",\"url\":\"https:\/\/twchains.com\/wp-content\/uploads\/2025\/04\/mmexport159402046768141.jpg\",\"contentUrl\":\"https:\/\/twchains.com\/wp-content\/uploads\/2025\/04\/mmexport159402046768141.jpg\",\"width\":480,\"height\":550},{\"@type\":\"BreadcrumbList\",\"@id\":\"https:\/\/twchains.com\/product\/x12mm-loader-traction-snow-chain-16-70-20-1200-24\/#breadcrumb\",\"itemListElement\":[{\"@type\":\"ListItem\",\"position\":1,\"name\":\"Home\",\"item\":\"https:\/\/twchains.com\/\"},{\"@type\":\"ListItem\",\"position\":2,\"name\":\"Products\",\"item\":\"https:\/\/twchains.com\/products\/\"},{\"@type\":\"ListItem\",\"position\":3,\"name\":\"\u00d712mm Loader Traction Snow Chain 16\/70-20 1200-24 Slip Resistant\"}]},{\"@type\":\"WebSite\",\"@id\":\"https:\/\/twchains.com\/#website\",\"url\":\"https:\/\/twchains.com\/\",\"name\":\"twchains\",\"description\":\"\",\"publisher\":{\"@id\":\"https:\/\/twchains.com\/#organization\"},\"potentialAction\":[{\"@type\":\"SearchAction\",\"target\":{\"@type\":\"EntryPoint\",\"urlTemplate\":\"https:\/\/twchains.com\/?s={search_term_string}\"},\"query-input\":{\"@type\":\"PropertyValueSpecification\",\"valueRequired\":true,\"valueName\":\"search_term_string\"}}],\"inLanguage\":\"es\"},{\"@type\":\"Organization\",\"@id\":\"https:\/\/twchains.com\/#organization\",\"name\":\"twchains\",\"url\":\"https:\/\/twchains.com\/\",\"logo\":{\"@type\":\"ImageObject\",\"inLanguage\":\"es\",\"@id\":\"https:\/\/twchains.com\/#\/schema\/logo\/image\/\",\"url\":\"https:\/\/twchains.com\/wp-content\/uploads\/2025\/04\/tongwei-logo-100.svg\",\"contentUrl\":\"https:\/\/twchains.com\/wp-content\/uploads\/2025\/04\/tongwei-logo-100.svg\",\"width\":128,\"height\":100,\"caption\":\"twchains\"},\"image\":{\"@id\":\"https:\/\/twchains.com\/#\/schema\/logo\/image\/\"}}]}<\/script>\n<!-- \/ Yoast SEO plugin. -->","yoast_head_json":{"title":"\u00d712mm Loader Traction Snow Chain 16\/70-20 1200-24 Slip Resistant - twchains","robots":{"index":"index","follow":"follow","max-snippet":"max-snippet:-1","max-image-preview":"max-image-preview:large","max-video-preview":"max-video-preview:-1"},"canonical":"https:\/\/twchains.com\/es\/producto\/x12mm-loader-traction-snow-chain-16-70-20-1200-24\/","og_locale":"es_ES","og_type":"article","og_title":"\u00d712mm Loader Traction Snow Chain 16\/70-20 1200-24 Slip Resistant - twchains","og_description":"For Small-Sized  Enhance Grip  Strong Durability  Easy Installation  Weight of Link:0.28kg","og_url":"https:\/\/twchains.com\/es\/producto\/x12mm-loader-traction-snow-chain-16-70-20-1200-24\/","og_site_name":"twchains","article_modified_time":"2025-04-25T01:58:20+00:00","og_image":[{"width":480,"height":550,"url":"https:\/\/twchains.com\/wp-content\/uploads\/2025\/04\/mmexport159402046768141.jpg","type":"image\/jpeg"}],"twitter_card":"summary_large_image","twitter_misc":{"Tiempo de lectura":"1 minuto"},"schema":{"@context":"https:\/\/schema.org","@graph":[{"@type":"WebPage","@id":"https:\/\/twchains.com\/product\/x12mm-loader-traction-snow-chain-16-70-20-1200-24\/","url":"https:\/\/twchains.com\/product\/x12mm-loader-traction-snow-chain-16-70-20-1200-24\/","name":"\u00d712mm Loader Traction Snow Chain 16\/70-20 1200-24 Slip Resistant - twchains","isPartOf":{"@id":"https:\/\/twchains.com\/#website"},"primaryImageOfPage":{"@id":"https:\/\/twchains.com\/product\/x12mm-loader-traction-snow-chain-16-70-20-1200-24\/#primaryimage"},"image":{"@id":"https:\/\/twchains.com\/product\/x12mm-loader-traction-snow-chain-16-70-20-1200-24\/#primaryimage"},"thumbnailUrl":"https:\/\/twchains.com\/wp-content\/uploads\/2025\/04\/mmexport159402046768141.jpg","datePublished":"2025-04-25T01:54:14+00:00","dateModified":"2025-04-25T01:58:20+00:00","breadcrumb":{"@id":"https:\/\/twchains.com\/product\/x12mm-loader-traction-snow-chain-16-70-20-1200-24\/#breadcrumb"},"inLanguage":"es","potentialAction":[{"@type":"ReadAction","target":["https:\/\/twchains.com\/product\/x12mm-loader-traction-snow-chain-16-70-20-1200-24\/"]}]},{"@type":"ImageObject","inLanguage":"es","@id":"https:\/\/twchains.com\/product\/x12mm-loader-traction-snow-chain-16-70-20-1200-24\/#primaryimage","url":"https:\/\/twchains.com\/wp-content\/uploads\/2025\/04\/mmexport159402046768141.jpg","contentUrl":"https:\/\/twchains.com\/wp-content\/uploads\/2025\/04\/mmexport159402046768141.jpg","width":480,"height":550},{"@type":"BreadcrumbList","@id":"https:\/\/twchains.com\/product\/x12mm-loader-traction-snow-chain-16-70-20-1200-24\/#breadcrumb","itemListElement":[{"@type":"ListItem","position":1,"name":"Home","item":"https:\/\/twchains.com\/"},{"@type":"ListItem","position":2,"name":"Products","item":"https:\/\/twchains.com\/products\/"},{"@type":"ListItem","position":3,"name":"\u00d712mm Loader Traction Snow Chain 16\/70-20 1200-24 Slip Resistant"}]},{"@type":"WebSite","@id":"https:\/\/twchains.com\/#website","url":"https:\/\/twchains.com\/","name":"twchains","description":"","publisher":{"@id":"https:\/\/twchains.com\/#organization"},"potentialAction":[{"@type":"SearchAction","target":{"@type":"EntryPoint","urlTemplate":"https:\/\/twchains.com\/?s={search_term_string}"},"query-input":{"@type":"PropertyValueSpecification","valueRequired":true,"valueName":"search_term_string"}}],"inLanguage":"es"},{"@type":"Organization","@id":"https:\/\/twchains.com\/#organization","name":"twchains","url":"https:\/\/twchains.com\/","logo":{"@type":"ImageObject","inLanguage":"es","@id":"https:\/\/twchains.com\/#\/schema\/logo\/image\/","url":"https:\/\/twchains.com\/wp-content\/uploads\/2025\/04\/tongwei-logo-100.svg","contentUrl":"https:\/\/twchains.com\/wp-content\/uploads\/2025\/04\/tongwei-logo-100.svg","width":128,"height":100,"caption":"twchains"},"image":{"@id":"https:\/\/twchains.com\/#\/schema\/logo\/image\/"}}]}},"_links":{"self":[{"href":"https:\/\/twchains.com\/es\/wp-json\/wp\/v2\/product\/615","targetHints":{"allow":["GET"]}}],"collection":[{"href":"https:\/\/twchains.com\/es\/wp-json\/wp\/v2\/product"}],"about":[{"href":"https:\/\/twchains.com\/es\/wp-json\/wp\/v2\/types\/product"}],"wp:featuredmedia":[{"embeddable":true,"href":"https:\/\/twchains.com\/es\/wp-json\/wp\/v2\/media\/616"}],"wp:attachment":[{"href":"https:\/\/twchains.com\/es\/wp-json\/wp\/v2\/media?parent=615"}],"wp:term":[{"taxonomy":"product_brand","embeddable":true,"href":"https:\/\/twchains.com\/es\/wp-json\/wp\/v2\/product_brand?post=615"},{"taxonomy":"product_cat","embeddable":true,"href":"https:\/\/twchains.com\/es\/wp-json\/wp\/v2\/product_cat?post=615"},{"taxonomy":"product_tag","embeddable":true,"href":"https:\/\/twchains.com\/es\/wp-json\/wp\/v2\/product_tag?post=615"}],"curies":[{"name":"wp","href":"https:\/\/api.w.org\/{rel}","templated":true}]}}