{"id":620,"date":"2025-04-25T02:18:03","date_gmt":"2025-04-25T02:18:03","guid":{"rendered":"https:\/\/twchains.com\/?post_type=product&#038;p=620"},"modified":"2025-04-25T02:18:03","modified_gmt":"2025-04-25T02:18:03","slug":"professional-ice-breaker-with-toothed-anti-skid-chains-26-5r25-23-5r25","status":"publish","type":"product","link":"https:\/\/twchains.com\/es\/producto\/professional-ice-breaker-with-toothed-anti-skid-chains-26-5r25-23-5r25\/","title":{"rendered":"Rompehielos profesional con cadenas dentadas antideslizantes 26,5r25 23,5r25"},"content":{"rendered":"<ul>\n<li>Super fuerte rompe hielo y antideslizante : La distribuci\u00f3n densa de 16 anillos y el dise\u00f1o de dientes de acero afilados pueden aplastar instant\u00e1neamente las superficies de hielo y hundirse en el barro y la nieve, proporcionando un agarre de grado militar y resolviendo completamente los problemas de ralent\u00ed y derrape en condiciones extremas de carretera mojada y resbaladiza.<\/li>\n<li>\n<div data-slate-node=\"element\"><span data-slate-node=\"text\">Grado militar resistente al desgaste y al impacto :<\/span><\/div>\n<div data-slate-node=\"element\" data-slate-fragment=\"JTVCJTdCJTIydHlwZSUyMiUzQSUyMnBhcmFncmFwaCUyMiUyQyUyMmNoaWxkcmVuJTIyJTNBJTVCJTdCJTIyaWQlMjIlM0ElMjJLMHFRZWFFVnE3JTIyJTJDJTIycGFyYUlkeCUyMiUzQTAlMkMlMjJzcmMlMjIlM0ElMjJNaWxpdGFyeSUyMGdyYWRlJTIwd2Vhci1yZXNpc3RhbnQlMjBhbmQlMjBpbXBhY3QlMjByZXNpc3RhbnQlMjIlMkMlMjJkc3QlMjIlM0ElMjIlRTUlODYlOUIlRTclOTQlQTglRTclQkElQTclRTglODAlOTAlRTclQTMlQTglRTYlOEElOTclRTUlODYlQjIlRTUlODclQkIlMjIlMkMlMjJtZXRhZGF0YSUyMiUzQSUyMiUyMiUyQyUyMm1hdGNoZXMlMjIlM0FudWxsJTJDJTIybWV0YURhdGElMjIlM0ElNUIlNUQlMkMlMjJ0ZXh0JTIyJTNBJTIyTWlsaXRhcnklMjBncmFkZSUyMHdlYXItcmVzaXN0YW50JTIwYW5kJTIwaW1wYWN0JTIwcmVzaXN0YW50JTIyJTdEJTVEJTdEJTJDJTdCJTIydHlwZSUyMiUzQSUyMnBhcmFncmFwaCUyMiUyQyUyMmNoaWxkcmVuJTIyJTNBJTVCJTdCJTIyaWQlMjIlM0ElMjJubzVqeTRQa0E4JTIyJTJDJTIycGFyYUlkeCUyMiUzQTElMkMlMjJzcmMlMjIlM0ElMjJBZG9wdGluZyUyMHF1ZW5jaGVkJTIwYWxsb3klMjBzdGVlbCUyMGNoYWluJTIwYm9keSUyMGFuZCUyMG1hbmdhbmVzZSUyMHN0ZWVsJTIwdGVldGglMkMlMjB3aXRoJTIwYSUyMGhhcmRuZXNzJTIwb2YlMjBIUkM1MCUyMG9yJTIwYWJvdmUlMkMlMjBpdCUyMGlzJTIwcmVzaXN0YW50JTIwdG8lMjBncmF2ZWwlMjBpbXBhY3QlMjBhbmQlMjByZXBlYXRlZCUyMHJvbGxpbmclMkMlMjBhbmQlMjBpdHMlMjBzZXJ2aWNlJTIwbGlmZSUyMGlzJTIwbW9yZSUyMHRoYW4lMjB0aHJlZSUyMHRpbWVzJTIwbG9uZ2VyJTIwdGhhbiUyMG9yZGluYXJ5JTIwYW50aS1za2lkJTIwY2hhaW5zLiUyMiUyQyUyMmRzdCUyMiUzQSUyMiVFOSU4NyU4NyVFNyU5NCVBOCVFNiVCNyVBQyVFNyU4MSVBQiVFNSU5MCU4OCVFOSU4NyU5MSVFOSU5MiVBMiVFOSU5MyVCRSVFNCVCRCU5MyVFNSU5MiU4QyVFOSU5NCVCMCVFOSU5MiVBMiVFOSVCRCVCRiVFRiVCQyU4QyVFNyVBMSVBQyVFNSVCQSVBNkhSQzUwJUU2JTg4JTk2JUU0JUJCJUE1JUU0JUI4JThBJUVGJUJDJThDJUU4JTgwJTkwJUU3JUEwJUJFJUU3JTlGJUIzJUU1JTg2JUIyJUU1JTg3JUJCJUU1JTkyJThDJUU1JThGJThEJUU1JUE0JThEJUU2JUJCJTlBJUU1JThBJUE4JUVGJUJDJThDJUU0JUJEJUJGJUU3JTk0JUE4JUU1JUFGJUJGJUU1JTkxJUJEJUU2JTk4JUFGJUU2JTk5JUFFJUU5JTgwJTlBJUU5JTk4JUIyJUU2JUJCJTkxJUU5JTkzJUJFJUU3JTlBJTg0JUU0JUI4JTg5JUU1JTgwJThEJUU0JUJCJUE1JUU0JUI4JThBJUUzJTgwJTgyJTIyJTJDJTIybWV0YWRhdGElMjIlM0ElMjIlMjIlMkMlMjJtYXRjaGVzJTIyJTNBbnVsbCUyQyUyMm1ldGFEYXRhJTIyJTNBJTVCJTVEJTJDJTIydGV4dCUyMiUzQSUyMkFkb3B0aW5nJTIwcXVlbmNoZWQlMjBhbGxveSUyMHN0ZWVsJTIwY2hhaW4lMjBib2R5JTIwYW5kJTIwbWFuZ2FuZXNlJTIwc3RlZWwlMjB0ZWV0aCUyQyUyMHdpdGglMjBhJTIwaGFyZG5lc3MlMjBvZiUyMEhSQzUwJTIwb3IlMjBhYm92ZSUyQyUyMGl0JTIwaXMlMjByZXNpc3RhbnQlMjB0byUyMGdyYXZlbCUyMGltcGFjdCUyMGFuZCUyMHJlcGVhdGVkJTIwcm9sbGluZyUyQyUyMGFuZCUyMGl0cyUyMHNlcnZpY2UlMjBsaWZlJTIwaXMlMjBtb3JlJTIwdGhhbiUyMHRocmVlJTIwdGltZXMlMjBsb25nZXIlMjB0aGFuJTIwb3JkaW5hcnklMjBhbnRpLXNraWQlMjBjaGFpbnMuJTIyJTdEJTVEJTdEJTVE\"><span data-slate-node=\"text\">Adopta un cuerpo de cadena de aleaci\u00f3n de acero templado y dientes de acero al manganeso, con una dureza de HRC50 o superior, es resistente a los impactos de grava y a la rodadura repetida, y su vida \u00fatil es m\u00e1s de tres veces superior a la de las cadenas antideslizantes ordinarias.<\/span><\/div>\n<\/li>\n<li>\n<div data-slate-node=\"element\"><span data-slate-node=\"text\">Estructura de autoapriete y antidesprendimiento :<\/span><\/div>\n<div data-slate-node=\"element\" data-slate-fragment=\"JTVCJTdCJTIydHlwZSUyMiUzQSUyMnBhcmFncmFwaCUyMiUyQyUyMmNoaWxkcmVuJTIyJTNBJTVCJTdCJTIyaWQlMjIlM0ElMjI5WHdZUWJRdndQJTIyJTJDJTIycGFyYUlkeCUyMiUzQTAlMkMlMjJzcmMlMjIlM0ElMjJTZWxmJTIwdGlnaHRlbmluZyUyMGFuZCUyMGFudGklMjBkZXRhY2htZW50JTIwc3RydWN0dXJlJTIyJTJDJTIyZHN0JTIyJTNBJTIyJUU4JTg3JUFBJUU3JUI0JUE3JUU5JTk4JUIyJUU4JTg0JUIxJUU4JTkwJUJEJUU3JUJCJTkzJUU2JTlFJTg0JTIyJTJDJTIybWV0YWRhdGElMjIlM0ElMjIlMjIlMkMlMjJtYXRjaGVzJTIyJTNBbnVsbCUyQyUyMm1ldGFEYXRhJTIyJTNBJTVCJTVEJTJDJTIydGV4dCUyMiUzQSUyMlNlbGYlMjB0aWdodGVuaW5nJTIwYW5kJTIwYW50aSUyMGRldGFjaG1lbnQlMjBzdHJ1Y3R1cmUlMjIlN0QlNUQlN0QlMkMlN0IlMjJ0eXBlJTIyJTNBJTIycGFyYWdyYXBoJTIyJTJDJTIyY2hpbGRyZW4lMjIlM0ElNUIlN0IlMjJpZCUyMiUzQSUyMlZFcTFOMU5NQTAlMjIlMkMlMjJwYXJhSWR4JTIyJTNBMSUyQyUyMnNyYyUyMiUzQSUyMlBhdGVudCUyMHNwcmluZyUyMHRlbnNpb25pbmclMjBzeXN0ZW0lMkJhbnRpJTIwc3dpbmclMjBjaGFpbiUyMGxpbmslMjBidWNrbGUlMkMlMjBhdXRvbWF0aWNhbGx5JTIwYWRqdXN0cyUyMHRoZSUyMHRpZ2h0bmVzcyUyMGR1cmluZyUyMG9wZXJhdGlvbiUyQyUyMHByZXZlbnRpbmclMjB0aGUlMjBjaGFpbiUyMGZyb20lMjBsb29zZW5pbmclMjBvciUyMGZseWluZyUyMG9mZiUyMGR1cmluZyUyMGhpZ2gtc3BlZWQlMjBvcGVyYXRpb24lMkMlMjBkb3VibGluZyUyMHRoZSUyMHNhZmV0eSUyMGZhY3Rvci4lMjIlMkMlMjJkc3QlMjIlM0ElMjIlRTQlQjglOTMlRTUlODglQTklRTUlQkMlQjklRTclQjAlQTclRTUlQkMlQTAlRTclQjQlQTclRTclQjMlQkIlRTclQkIlOUYlMkIlRTklOTglQjIlRTYlOTElODYlRTUlOEElQTglRTklOTMlQkUlRTglOEElODIlRTYlODklQTMlRUYlQkMlOEMlRTUlOUMlQTglRTglQkYlOTAlRTglQTElOEMlRTglQkYlODclRTclQTglOEIlRTQlQjglQUQlRTglODclQUElRTUlOEElQTglRTglQjAlODMlRTglOEElODIlRTYlOUQlQkUlRTclQjQlQTclRTUlQkElQTYlRUYlQkMlOEMlRTklOTglQjIlRTYlQUQlQTIlRTklOTMlQkUlRTYlOUQlQTElRTUlOUMlQTglRTklQUIlOTglRTklODAlOUYlRTglQkYlOTAlRTglQTElOEMlRTYlOTclQjYlRTYlOUQlQkUlRTUlOEElQTglRTYlODglOTYlRTglODQlQjElRTglOTAlQkQlRUYlQkMlOEMlRTQlQkQlQkYlRTUlQUUlODklRTUlODUlQTglRTclQjMlQkIlRTYlOTUlQjAlRTUlOEElQTAlRTUlODAlOEQlRTMlODAlODIlMjIlMkMlMjJtZXRhZGF0YSUyMiUzQSUyMiUyMiUyQyUyMm1hdGNoZXMlMjIlM0FudWxsJTJDJTIybWV0YURhdGElMjIlM0ElNUIlNUQlMkMlMjJ0ZXh0JTIyJTNBJTIyUGF0ZW50JTIwc3ByaW5nJTIwdGVuc2lvbmluZyUyMHN5c3RlbSUyQmFudGklMjBzd2luZyUyMGNoYWluJTIwbGluayUyMGJ1Y2tsZSUyQyUyMGF1dG9tYXRpY2FsbHklMjBhZGp1c3RzJTIwdGhlJTIwdGlnaHRuZXNzJTIwZHVyaW5nJTIwb3BlcmF0aW9uJTJDJTIwcHJldmVudGluZyUyMHRoZSUyMGNoYWluJTIwZnJvbSUyMGxvb3NlbmluZyUyMG9yJTIwZmx5aW5nJTIwb2ZmJTIwZHVyaW5nJTIwaGlnaC1zcGVlZCUyMG9wZXJhdGlvbiUyQyUyMGRvdWJsaW5nJTIwdGhlJTIwc2FmZXR5JTIwZmFjdG9yLiUyMiU3RCU1RCU3RCU1RA==\"><span data-slate-node=\"text\">Sistema tensor de muelle patentado+hebilla de eslab\u00f3n de cadena antibalanceo, ajusta autom\u00e1ticamente el tensado durante el funcionamiento, evitando que la cadena se afloje o salga despedida durante el funcionamiento a alta velocidad, duplicando el factor de seguridad.<\/span><\/div>\n<\/li>\n<li>Adaptaci\u00f3n a la compactaci\u00f3n en todos los terrenos : Los dientes dentados pueden girar 360\u00b0, adapt\u00e1ndose a las condiciones del terreno como hielo, nieve profunda, barro o escombros de miner\u00eda, manteniendo una tracci\u00f3n continua.<\/li>\n<li>Caracter\u00edstica adicional : Algunos modelos est\u00e1n equipados con revestimiento antioxidante, que es resistente a la corrosi\u00f3n en entornos salinos alcalinos\/de fusi\u00f3n de nieve y adecuado para zonas mineras de gran altitud u operaciones portuarias.<\/li>\n<\/ul>\n<p>1TP5Cadenas antideslizantes1TP5Cadenas antideslizantes1TP5Cadenas antideslizantes1TP5Nieve1TP5Miner\u00eda1TP5Puerto1TP5Silvicultura1TP5Deslizante<\/p>","protected":false},"excerpt":{"rendered":"<ul>\n<li>Superfuerte rompehielos y antideslizante<\/li>\n<li>Grado militar<\/li>\n<li>Calidad garantizada<\/li>\n<li>Peso del eslab\u00f3n: 0.45kg\/pc (\u00d7<span style=\"font-family: var(--global-body-font-family);\">16mm)<\/span><\/li>\n<li>Especificaciones opcionales : \u00d7<span style=\"font-family: var(--global-body-font-family);\">18 mm<\/span><\/li>\n<\/ul>","protected":false},"featured_media":621,"template":"","meta":{"inline_featured_image":false,"_kad_post_transparent":"default","_kad_post_title":"","_kad_post_layout":"default","_kad_post_sidebar_id":"","_kad_post_content_style":"default","_kad_post_vertical_padding":"default","_kad_post_feature":"","_kad_post_feature_position":"","_kad_post_header":false,"_kad_post_footer":false},"product_brand":[],"product_cat":[24],"product_tag":[],"class_list":{"0":"post-620","1":"product","2":"type-product","3":"status-publish","4":"has-post-thumbnail","6":"product_cat-anti-skid-tire-chains","8":"first","9":"instock","10":"shipping-taxable","11":"product-type-simple","12":"entry","13":"content-bg","14":"loop-entry"},"yoast_head":"<!-- This site is optimized with the Yoast SEO plugin v25.4 - https:\/\/yoast.com\/wordpress\/plugins\/seo\/ -->\n<title>Professional Ice Breaker with Toothed Anti-Skid Chains 26.5r25 23.5r25 - twchains<\/title>\n<meta name=\"robots\" content=\"index, follow, max-snippet:-1, max-image-preview:large, max-video-preview:-1\" \/>\n<link rel=\"canonical\" href=\"https:\/\/twchains.com\/es\/producto\/professional-ice-breaker-with-toothed-anti-skid-chains-26-5r25-23-5r25\/\" \/>\n<meta property=\"og:locale\" content=\"es_ES\" \/>\n<meta property=\"og:type\" content=\"article\" \/>\n<meta property=\"og:title\" content=\"Professional Ice Breaker with Toothed Anti-Skid Chains 26.5r25 23.5r25 - twchains\" \/>\n<meta property=\"og:description\" content=\"Super Strong Ice Breaking &amp; Anti-Skid  Military Grade  Quality Guaranteed  Weight of Link: 0.45kg\/pc (\u00d716mm)  Optional Specifications :\u00a0\u00d718mm\" \/>\n<meta property=\"og:url\" content=\"https:\/\/twchains.com\/es\/producto\/professional-ice-breaker-with-toothed-anti-skid-chains-26-5r25-23-5r25\/\" \/>\n<meta property=\"og:site_name\" content=\"twchains\" \/>\n<meta property=\"og:image\" content=\"https:\/\/twchains.com\/wp-content\/uploads\/2025\/04\/3-2.jpg\" \/>\n\t<meta property=\"og:image:width\" content=\"800\" \/>\n\t<meta property=\"og:image:height\" content=\"800\" \/>\n\t<meta property=\"og:image:type\" content=\"image\/jpeg\" \/>\n<meta name=\"twitter:card\" content=\"summary_large_image\" \/>\n<meta name=\"twitter:label1\" content=\"Tiempo de lectura\" \/>\n\t<meta name=\"twitter:data1\" content=\"2 minutos\" \/>\n<script type=\"application\/ld+json\" class=\"yoast-schema-graph\">{\"@context\":\"https:\/\/schema.org\",\"@graph\":[{\"@type\":\"WebPage\",\"@id\":\"https:\/\/twchains.com\/product\/professional-ice-breaker-with-toothed-anti-skid-chains-26-5r25-23-5r25\/\",\"url\":\"https:\/\/twchains.com\/product\/professional-ice-breaker-with-toothed-anti-skid-chains-26-5r25-23-5r25\/\",\"name\":\"Professional Ice Breaker with Toothed Anti-Skid Chains 26.5r25 23.5r25 - twchains\",\"isPartOf\":{\"@id\":\"https:\/\/twchains.com\/#website\"},\"primaryImageOfPage\":{\"@id\":\"https:\/\/twchains.com\/product\/professional-ice-breaker-with-toothed-anti-skid-chains-26-5r25-23-5r25\/#primaryimage\"},\"image\":{\"@id\":\"https:\/\/twchains.com\/product\/professional-ice-breaker-with-toothed-anti-skid-chains-26-5r25-23-5r25\/#primaryimage\"},\"thumbnailUrl\":\"https:\/\/twchains.com\/wp-content\/uploads\/2025\/04\/3-2.jpg\",\"datePublished\":\"2025-04-25T02:18:03+00:00\",\"breadcrumb\":{\"@id\":\"https:\/\/twchains.com\/product\/professional-ice-breaker-with-toothed-anti-skid-chains-26-5r25-23-5r25\/#breadcrumb\"},\"inLanguage\":\"es\",\"potentialAction\":[{\"@type\":\"ReadAction\",\"target\":[\"https:\/\/twchains.com\/product\/professional-ice-breaker-with-toothed-anti-skid-chains-26-5r25-23-5r25\/\"]}]},{\"@type\":\"ImageObject\",\"inLanguage\":\"es\",\"@id\":\"https:\/\/twchains.com\/product\/professional-ice-breaker-with-toothed-anti-skid-chains-26-5r25-23-5r25\/#primaryimage\",\"url\":\"https:\/\/twchains.com\/wp-content\/uploads\/2025\/04\/3-2.jpg\",\"contentUrl\":\"https:\/\/twchains.com\/wp-content\/uploads\/2025\/04\/3-2.jpg\",\"width\":800,\"height\":800},{\"@type\":\"BreadcrumbList\",\"@id\":\"https:\/\/twchains.com\/product\/professional-ice-breaker-with-toothed-anti-skid-chains-26-5r25-23-5r25\/#breadcrumb\",\"itemListElement\":[{\"@type\":\"ListItem\",\"position\":1,\"name\":\"Home\",\"item\":\"https:\/\/twchains.com\/\"},{\"@type\":\"ListItem\",\"position\":2,\"name\":\"Products\",\"item\":\"https:\/\/twchains.com\/products\/\"},{\"@type\":\"ListItem\",\"position\":3,\"name\":\"Professional Ice Breaker with Toothed Anti-Skid Chains 26.5r25 23.5r25\"}]},{\"@type\":\"WebSite\",\"@id\":\"https:\/\/twchains.com\/#website\",\"url\":\"https:\/\/twchains.com\/\",\"name\":\"twchains\",\"description\":\"\",\"publisher\":{\"@id\":\"https:\/\/twchains.com\/#organization\"},\"potentialAction\":[{\"@type\":\"SearchAction\",\"target\":{\"@type\":\"EntryPoint\",\"urlTemplate\":\"https:\/\/twchains.com\/?s={search_term_string}\"},\"query-input\":{\"@type\":\"PropertyValueSpecification\",\"valueRequired\":true,\"valueName\":\"search_term_string\"}}],\"inLanguage\":\"es\"},{\"@type\":\"Organization\",\"@id\":\"https:\/\/twchains.com\/#organization\",\"name\":\"twchains\",\"url\":\"https:\/\/twchains.com\/\",\"logo\":{\"@type\":\"ImageObject\",\"inLanguage\":\"es\",\"@id\":\"https:\/\/twchains.com\/#\/schema\/logo\/image\/\",\"url\":\"https:\/\/twchains.com\/wp-content\/uploads\/2025\/04\/tongwei-logo-100.svg\",\"contentUrl\":\"https:\/\/twchains.com\/wp-content\/uploads\/2025\/04\/tongwei-logo-100.svg\",\"width\":128,\"height\":100,\"caption\":\"twchains\"},\"image\":{\"@id\":\"https:\/\/twchains.com\/#\/schema\/logo\/image\/\"}}]}<\/script>\n<!-- \/ Yoast SEO plugin. -->","yoast_head_json":{"title":"Professional Ice Breaker with Toothed Anti-Skid Chains 26.5r25 23.5r25 - twchains","robots":{"index":"index","follow":"follow","max-snippet":"max-snippet:-1","max-image-preview":"max-image-preview:large","max-video-preview":"max-video-preview:-1"},"canonical":"https:\/\/twchains.com\/es\/producto\/professional-ice-breaker-with-toothed-anti-skid-chains-26-5r25-23-5r25\/","og_locale":"es_ES","og_type":"article","og_title":"Professional Ice Breaker with Toothed Anti-Skid Chains 26.5r25 23.5r25 - twchains","og_description":"Super Strong Ice Breaking &amp; Anti-Skid  Military Grade  Quality Guaranteed  Weight of Link: 0.45kg\/pc (\u00d716mm)  Optional Specifications :\u00a0\u00d718mm","og_url":"https:\/\/twchains.com\/es\/producto\/professional-ice-breaker-with-toothed-anti-skid-chains-26-5r25-23-5r25\/","og_site_name":"twchains","og_image":[{"width":800,"height":800,"url":"https:\/\/twchains.com\/wp-content\/uploads\/2025\/04\/3-2.jpg","type":"image\/jpeg"}],"twitter_card":"summary_large_image","twitter_misc":{"Tiempo de lectura":"2 minutos"},"schema":{"@context":"https:\/\/schema.org","@graph":[{"@type":"WebPage","@id":"https:\/\/twchains.com\/product\/professional-ice-breaker-with-toothed-anti-skid-chains-26-5r25-23-5r25\/","url":"https:\/\/twchains.com\/product\/professional-ice-breaker-with-toothed-anti-skid-chains-26-5r25-23-5r25\/","name":"Professional Ice Breaker with Toothed Anti-Skid Chains 26.5r25 23.5r25 - twchains","isPartOf":{"@id":"https:\/\/twchains.com\/#website"},"primaryImageOfPage":{"@id":"https:\/\/twchains.com\/product\/professional-ice-breaker-with-toothed-anti-skid-chains-26-5r25-23-5r25\/#primaryimage"},"image":{"@id":"https:\/\/twchains.com\/product\/professional-ice-breaker-with-toothed-anti-skid-chains-26-5r25-23-5r25\/#primaryimage"},"thumbnailUrl":"https:\/\/twchains.com\/wp-content\/uploads\/2025\/04\/3-2.jpg","datePublished":"2025-04-25T02:18:03+00:00","breadcrumb":{"@id":"https:\/\/twchains.com\/product\/professional-ice-breaker-with-toothed-anti-skid-chains-26-5r25-23-5r25\/#breadcrumb"},"inLanguage":"es","potentialAction":[{"@type":"ReadAction","target":["https:\/\/twchains.com\/product\/professional-ice-breaker-with-toothed-anti-skid-chains-26-5r25-23-5r25\/"]}]},{"@type":"ImageObject","inLanguage":"es","@id":"https:\/\/twchains.com\/product\/professional-ice-breaker-with-toothed-anti-skid-chains-26-5r25-23-5r25\/#primaryimage","url":"https:\/\/twchains.com\/wp-content\/uploads\/2025\/04\/3-2.jpg","contentUrl":"https:\/\/twchains.com\/wp-content\/uploads\/2025\/04\/3-2.jpg","width":800,"height":800},{"@type":"BreadcrumbList","@id":"https:\/\/twchains.com\/product\/professional-ice-breaker-with-toothed-anti-skid-chains-26-5r25-23-5r25\/#breadcrumb","itemListElement":[{"@type":"ListItem","position":1,"name":"Home","item":"https:\/\/twchains.com\/"},{"@type":"ListItem","position":2,"name":"Products","item":"https:\/\/twchains.com\/products\/"},{"@type":"ListItem","position":3,"name":"Professional Ice Breaker with Toothed Anti-Skid Chains 26.5r25 23.5r25"}]},{"@type":"WebSite","@id":"https:\/\/twchains.com\/#website","url":"https:\/\/twchains.com\/","name":"twchains","description":"","publisher":{"@id":"https:\/\/twchains.com\/#organization"},"potentialAction":[{"@type":"SearchAction","target":{"@type":"EntryPoint","urlTemplate":"https:\/\/twchains.com\/?s={search_term_string}"},"query-input":{"@type":"PropertyValueSpecification","valueRequired":true,"valueName":"search_term_string"}}],"inLanguage":"es"},{"@type":"Organization","@id":"https:\/\/twchains.com\/#organization","name":"twchains","url":"https:\/\/twchains.com\/","logo":{"@type":"ImageObject","inLanguage":"es","@id":"https:\/\/twchains.com\/#\/schema\/logo\/image\/","url":"https:\/\/twchains.com\/wp-content\/uploads\/2025\/04\/tongwei-logo-100.svg","contentUrl":"https:\/\/twchains.com\/wp-content\/uploads\/2025\/04\/tongwei-logo-100.svg","width":128,"height":100,"caption":"twchains"},"image":{"@id":"https:\/\/twchains.com\/#\/schema\/logo\/image\/"}}]}},"_links":{"self":[{"href":"https:\/\/twchains.com\/es\/wp-json\/wp\/v2\/product\/620","targetHints":{"allow":["GET"]}}],"collection":[{"href":"https:\/\/twchains.com\/es\/wp-json\/wp\/v2\/product"}],"about":[{"href":"https:\/\/twchains.com\/es\/wp-json\/wp\/v2\/types\/product"}],"wp:featuredmedia":[{"embeddable":true,"href":"https:\/\/twchains.com\/es\/wp-json\/wp\/v2\/media\/621"}],"wp:attachment":[{"href":"https:\/\/twchains.com\/es\/wp-json\/wp\/v2\/media?parent=620"}],"wp:term":[{"taxonomy":"product_brand","embeddable":true,"href":"https:\/\/twchains.com\/es\/wp-json\/wp\/v2\/product_brand?post=620"},{"taxonomy":"product_cat","embeddable":true,"href":"https:\/\/twchains.com\/es\/wp-json\/wp\/v2\/product_cat?post=620"},{"taxonomy":"product_tag","embeddable":true,"href":"https:\/\/twchains.com\/es\/wp-json\/wp\/v2\/product_tag?post=620"}],"curies":[{"name":"wp","href":"https:\/\/api.w.org\/{rel}","templated":true}]}}