{"id":627,"date":"2025-04-25T03:35:45","date_gmt":"2025-04-25T03:35:45","guid":{"rendered":"https:\/\/twchains.com\/?post_type=product&#038;p=627"},"modified":"2025-04-29T04:29:54","modified_gmt":"2025-04-29T04:29:54","slug":"supplier-of-loader-tire-chains-for-underground-tunnel-working-application","status":"publish","type":"product","link":"https:\/\/twchains.com\/es\/producto\/supplier-of-loader-tire-chains-for-underground-tunnel-working-application\/","title":{"rendered":"Proveedor de cadenas de neum\u00e1ticos de cargadoras para aplicaciones de trabajo en t\u00faneles subterr\u00e1neos"},"content":{"rendered":"<p>Aunque la cadena de protecci\u00f3n de neum\u00e1ticos de bloques encriptados es una buena opci\u00f3n para entornos de trabajo en t\u00faneles, bas\u00e1ndose en casos de la vida real, algunos clientes pueden sentir que las cadenas de protecci\u00f3n de neum\u00e1ticos de bloques encriptados son demasiado pesadas y desean cadenas m\u00e1s ligeras con una resistencia al desgaste duradera. Bas\u00e1ndonos en estudios de mercado, hemos fabricado cadenas de protecci\u00f3n reforzadas con anillos de 14 mm, que pesan menos que las cadenas de bloques encriptados y tienen el mismo grosor de superficie resistente al desgaste que \u00e9stas.<\/p>\n<ul>\n<li>Dise\u00f1o ligero, mayor maniobrabilidad : En comparaci\u00f3n con las cadenas de bloques encriptadas tradicionales, reduce el peso en unos 25% -63%, disminuye la carga del dispositivo, ahorra consumo de combustible y mantiene una alta resistencia a la tracci\u00f3n.<\/li>\n<li>Disposici\u00f3n densa de 14 anillos+engrosamiento resistente al desgaste, duradero sin reducir la configuraci\u00f3n<\/li>\n<li>Distribuci\u00f3n cient\u00edfica del espaciado para garantizar la m\u00e1xima superficie de conexi\u00f3n a tierra;<\/li>\n<li>El grosor de la superficie de contacto de la llave coincide con el de la cadena de bloques cifrada (22 mm-28 mm), y la capa resistente al desgaste est\u00e1 tratada con tecnolog\u00eda de temple para mejorar su vida \u00fatil.<\/li>\n<\/ul>\n<p>1TP5Subterr\u00e1neo#\u00fanel#tyrecadenas#tyreprotecci\u00f3ncadena#chainblock<\/p>","protected":false},"excerpt":{"rendered":"<ul>\n<li>Dimensi\u00f3n del componente principal (ancho x alto x largo): 35x43x75mm.<\/li>\n<li>Fabricaci\u00f3n de cadenas de protecci\u00f3n de neum\u00e1ticos de calidad<\/li>\n<\/ul>","protected":false},"featured_media":568,"template":"","meta":{"inline_featured_image":false,"_kad_post_transparent":"default","_kad_post_title":"","_kad_post_layout":"default","_kad_post_sidebar_id":"","_kad_post_content_style":"default","_kad_post_vertical_padding":"default","_kad_post_feature":"","_kad_post_feature_position":"","_kad_post_header":false,"_kad_post_footer":false},"product_brand":[],"product_cat":[30,26],"product_tag":[],"class_list":{"0":"post-627","1":"product","2":"type-product","3":"status-publish","4":"has-post-thumbnail","6":"product_cat-loader-grader-tire-chain","7":"product_cat-reinforced","9":"first","10":"instock","11":"shipping-taxable","12":"product-type-simple","13":"entry","14":"content-bg","15":"loop-entry"},"yoast_head":"<!-- This site is optimized with the Yoast SEO plugin v25.4 - https:\/\/yoast.com\/wordpress\/plugins\/seo\/ -->\n<title>Supplier of Loader Tire Chains for Underground Tunnel Working Application - twchains<\/title>\n<meta name=\"robots\" content=\"index, follow, max-snippet:-1, max-image-preview:large, max-video-preview:-1\" \/>\n<link rel=\"canonical\" href=\"https:\/\/twchains.com\/es\/producto\/supplier-of-loader-tire-chains-for-underground-tunnel-working-application\/\" \/>\n<meta property=\"og:locale\" content=\"es_ES\" \/>\n<meta property=\"og:type\" content=\"article\" \/>\n<meta property=\"og:title\" content=\"Supplier of Loader Tire Chains for Underground Tunnel Working Application - twchains\" \/>\n<meta property=\"og:description\" content=\"Main Component Dimension(W x H x L): 35x43x75mm.  Quality Tire Protection Chains Manufacturing\" \/>\n<meta property=\"og:url\" content=\"https:\/\/twchains.com\/es\/producto\/supplier-of-loader-tire-chains-for-underground-tunnel-working-application\/\" \/>\n<meta property=\"og:site_name\" content=\"twchains\" \/>\n<meta property=\"article:modified_time\" content=\"2025-04-29T04:29:54+00:00\" \/>\n<meta property=\"og:image\" content=\"https:\/\/twchains.com\/wp-content\/uploads\/2025\/04\/aebb6ebb6d53fb754e404b056e05d3f.jpg\" \/>\n\t<meta property=\"og:image:width\" content=\"1280\" \/>\n\t<meta property=\"og:image:height\" content=\"1706\" \/>\n\t<meta property=\"og:image:type\" content=\"image\/jpeg\" \/>\n<meta name=\"twitter:card\" content=\"summary_large_image\" \/>\n<meta name=\"twitter:label1\" content=\"Tiempo de lectura\" \/>\n\t<meta name=\"twitter:data1\" content=\"1 minuto\" \/>\n<script type=\"application\/ld+json\" class=\"yoast-schema-graph\">{\"@context\":\"https:\/\/schema.org\",\"@graph\":[{\"@type\":\"WebPage\",\"@id\":\"https:\/\/twchains.com\/product\/supplier-of-loader-tire-chains-for-underground-tunnel-working-application\/\",\"url\":\"https:\/\/twchains.com\/product\/supplier-of-loader-tire-chains-for-underground-tunnel-working-application\/\",\"name\":\"Supplier of Loader Tire Chains for Underground Tunnel Working Application - twchains\",\"isPartOf\":{\"@id\":\"https:\/\/twchains.com\/#website\"},\"primaryImageOfPage\":{\"@id\":\"https:\/\/twchains.com\/product\/supplier-of-loader-tire-chains-for-underground-tunnel-working-application\/#primaryimage\"},\"image\":{\"@id\":\"https:\/\/twchains.com\/product\/supplier-of-loader-tire-chains-for-underground-tunnel-working-application\/#primaryimage\"},\"thumbnailUrl\":\"https:\/\/twchains.com\/wp-content\/uploads\/2025\/04\/aebb6ebb6d53fb754e404b056e05d3f.jpg\",\"datePublished\":\"2025-04-25T03:35:45+00:00\",\"dateModified\":\"2025-04-29T04:29:54+00:00\",\"breadcrumb\":{\"@id\":\"https:\/\/twchains.com\/product\/supplier-of-loader-tire-chains-for-underground-tunnel-working-application\/#breadcrumb\"},\"inLanguage\":\"es\",\"potentialAction\":[{\"@type\":\"ReadAction\",\"target\":[\"https:\/\/twchains.com\/product\/supplier-of-loader-tire-chains-for-underground-tunnel-working-application\/\"]}]},{\"@type\":\"ImageObject\",\"inLanguage\":\"es\",\"@id\":\"https:\/\/twchains.com\/product\/supplier-of-loader-tire-chains-for-underground-tunnel-working-application\/#primaryimage\",\"url\":\"https:\/\/twchains.com\/wp-content\/uploads\/2025\/04\/aebb6ebb6d53fb754e404b056e05d3f.jpg\",\"contentUrl\":\"https:\/\/twchains.com\/wp-content\/uploads\/2025\/04\/aebb6ebb6d53fb754e404b056e05d3f.jpg\",\"width\":1280,\"height\":1706},{\"@type\":\"BreadcrumbList\",\"@id\":\"https:\/\/twchains.com\/product\/supplier-of-loader-tire-chains-for-underground-tunnel-working-application\/#breadcrumb\",\"itemListElement\":[{\"@type\":\"ListItem\",\"position\":1,\"name\":\"Home\",\"item\":\"https:\/\/twchains.com\/\"},{\"@type\":\"ListItem\",\"position\":2,\"name\":\"Products\",\"item\":\"https:\/\/twchains.com\/products\/\"},{\"@type\":\"ListItem\",\"position\":3,\"name\":\"Supplier of Loader Tire Chains for Underground Tunnel Working Application\"}]},{\"@type\":\"WebSite\",\"@id\":\"https:\/\/twchains.com\/#website\",\"url\":\"https:\/\/twchains.com\/\",\"name\":\"twchains\",\"description\":\"\",\"publisher\":{\"@id\":\"https:\/\/twchains.com\/#organization\"},\"potentialAction\":[{\"@type\":\"SearchAction\",\"target\":{\"@type\":\"EntryPoint\",\"urlTemplate\":\"https:\/\/twchains.com\/?s={search_term_string}\"},\"query-input\":{\"@type\":\"PropertyValueSpecification\",\"valueRequired\":true,\"valueName\":\"search_term_string\"}}],\"inLanguage\":\"es\"},{\"@type\":\"Organization\",\"@id\":\"https:\/\/twchains.com\/#organization\",\"name\":\"twchains\",\"url\":\"https:\/\/twchains.com\/\",\"logo\":{\"@type\":\"ImageObject\",\"inLanguage\":\"es\",\"@id\":\"https:\/\/twchains.com\/#\/schema\/logo\/image\/\",\"url\":\"https:\/\/twchains.com\/wp-content\/uploads\/2025\/04\/tongwei-logo-100.svg\",\"contentUrl\":\"https:\/\/twchains.com\/wp-content\/uploads\/2025\/04\/tongwei-logo-100.svg\",\"width\":128,\"height\":100,\"caption\":\"twchains\"},\"image\":{\"@id\":\"https:\/\/twchains.com\/#\/schema\/logo\/image\/\"}}]}<\/script>\n<!-- \/ Yoast SEO plugin. -->","yoast_head_json":{"title":"Supplier of Loader Tire Chains for Underground Tunnel Working Application - twchains","robots":{"index":"index","follow":"follow","max-snippet":"max-snippet:-1","max-image-preview":"max-image-preview:large","max-video-preview":"max-video-preview:-1"},"canonical":"https:\/\/twchains.com\/es\/producto\/supplier-of-loader-tire-chains-for-underground-tunnel-working-application\/","og_locale":"es_ES","og_type":"article","og_title":"Supplier of Loader Tire Chains for Underground Tunnel Working Application - twchains","og_description":"Main Component Dimension(W x H x L): 35x43x75mm.  Quality Tire Protection Chains Manufacturing","og_url":"https:\/\/twchains.com\/es\/producto\/supplier-of-loader-tire-chains-for-underground-tunnel-working-application\/","og_site_name":"twchains","article_modified_time":"2025-04-29T04:29:54+00:00","og_image":[{"width":1280,"height":1706,"url":"https:\/\/twchains.com\/wp-content\/uploads\/2025\/04\/aebb6ebb6d53fb754e404b056e05d3f.jpg","type":"image\/jpeg"}],"twitter_card":"summary_large_image","twitter_misc":{"Tiempo de lectura":"1 minuto"},"schema":{"@context":"https:\/\/schema.org","@graph":[{"@type":"WebPage","@id":"https:\/\/twchains.com\/product\/supplier-of-loader-tire-chains-for-underground-tunnel-working-application\/","url":"https:\/\/twchains.com\/product\/supplier-of-loader-tire-chains-for-underground-tunnel-working-application\/","name":"Supplier of Loader Tire Chains for Underground Tunnel Working Application - twchains","isPartOf":{"@id":"https:\/\/twchains.com\/#website"},"primaryImageOfPage":{"@id":"https:\/\/twchains.com\/product\/supplier-of-loader-tire-chains-for-underground-tunnel-working-application\/#primaryimage"},"image":{"@id":"https:\/\/twchains.com\/product\/supplier-of-loader-tire-chains-for-underground-tunnel-working-application\/#primaryimage"},"thumbnailUrl":"https:\/\/twchains.com\/wp-content\/uploads\/2025\/04\/aebb6ebb6d53fb754e404b056e05d3f.jpg","datePublished":"2025-04-25T03:35:45+00:00","dateModified":"2025-04-29T04:29:54+00:00","breadcrumb":{"@id":"https:\/\/twchains.com\/product\/supplier-of-loader-tire-chains-for-underground-tunnel-working-application\/#breadcrumb"},"inLanguage":"es","potentialAction":[{"@type":"ReadAction","target":["https:\/\/twchains.com\/product\/supplier-of-loader-tire-chains-for-underground-tunnel-working-application\/"]}]},{"@type":"ImageObject","inLanguage":"es","@id":"https:\/\/twchains.com\/product\/supplier-of-loader-tire-chains-for-underground-tunnel-working-application\/#primaryimage","url":"https:\/\/twchains.com\/wp-content\/uploads\/2025\/04\/aebb6ebb6d53fb754e404b056e05d3f.jpg","contentUrl":"https:\/\/twchains.com\/wp-content\/uploads\/2025\/04\/aebb6ebb6d53fb754e404b056e05d3f.jpg","width":1280,"height":1706},{"@type":"BreadcrumbList","@id":"https:\/\/twchains.com\/product\/supplier-of-loader-tire-chains-for-underground-tunnel-working-application\/#breadcrumb","itemListElement":[{"@type":"ListItem","position":1,"name":"Home","item":"https:\/\/twchains.com\/"},{"@type":"ListItem","position":2,"name":"Products","item":"https:\/\/twchains.com\/products\/"},{"@type":"ListItem","position":3,"name":"Supplier of Loader Tire Chains for Underground Tunnel Working Application"}]},{"@type":"WebSite","@id":"https:\/\/twchains.com\/#website","url":"https:\/\/twchains.com\/","name":"twchains","description":"","publisher":{"@id":"https:\/\/twchains.com\/#organization"},"potentialAction":[{"@type":"SearchAction","target":{"@type":"EntryPoint","urlTemplate":"https:\/\/twchains.com\/?s={search_term_string}"},"query-input":{"@type":"PropertyValueSpecification","valueRequired":true,"valueName":"search_term_string"}}],"inLanguage":"es"},{"@type":"Organization","@id":"https:\/\/twchains.com\/#organization","name":"twchains","url":"https:\/\/twchains.com\/","logo":{"@type":"ImageObject","inLanguage":"es","@id":"https:\/\/twchains.com\/#\/schema\/logo\/image\/","url":"https:\/\/twchains.com\/wp-content\/uploads\/2025\/04\/tongwei-logo-100.svg","contentUrl":"https:\/\/twchains.com\/wp-content\/uploads\/2025\/04\/tongwei-logo-100.svg","width":128,"height":100,"caption":"twchains"},"image":{"@id":"https:\/\/twchains.com\/#\/schema\/logo\/image\/"}}]}},"_links":{"self":[{"href":"https:\/\/twchains.com\/es\/wp-json\/wp\/v2\/product\/627","targetHints":{"allow":["GET"]}}],"collection":[{"href":"https:\/\/twchains.com\/es\/wp-json\/wp\/v2\/product"}],"about":[{"href":"https:\/\/twchains.com\/es\/wp-json\/wp\/v2\/types\/product"}],"wp:featuredmedia":[{"embeddable":true,"href":"https:\/\/twchains.com\/es\/wp-json\/wp\/v2\/media\/568"}],"wp:attachment":[{"href":"https:\/\/twchains.com\/es\/wp-json\/wp\/v2\/media?parent=627"}],"wp:term":[{"taxonomy":"product_brand","embeddable":true,"href":"https:\/\/twchains.com\/es\/wp-json\/wp\/v2\/product_brand?post=627"},{"taxonomy":"product_cat","embeddable":true,"href":"https:\/\/twchains.com\/es\/wp-json\/wp\/v2\/product_cat?post=627"},{"taxonomy":"product_tag","embeddable":true,"href":"https:\/\/twchains.com\/es\/wp-json\/wp\/v2\/product_tag?post=627"}],"curies":[{"name":"wp","href":"https:\/\/api.w.org\/{rel}","templated":true}]}}