{"id":628,"date":"2025-04-25T03:56:15","date_gmt":"2025-04-25T03:56:15","guid":{"rendered":"https:\/\/twchains.com\/?post_type=product&#038;p=628"},"modified":"2025-04-25T03:56:15","modified_gmt":"2025-04-25T03:56:15","slug":"23-5-25-wheel-loader-protector-chain-for-underground-iron-ore-mine","status":"publish","type":"product","link":"https:\/\/twchains.com\/es\/producto\/23-5-25-wheel-loader-protector-chain-for-underground-iron-ore-mine\/","title":{"rendered":"23.5-25 Cadena Protectora de Cargadora de Ruedas para Mina Subterr\u00e1nea de Mineral de Hierro"},"content":{"rendered":"<p>Cadena de protecci\u00f3n del neum\u00e1tico rey reforzada con anillo de 16 mm resistente al desgaste - funcionamiento eficaz de la mina de hierro de eje inclinado<\/p>\n<p>Para las condiciones de trabajo extremas de pendientes pronunciadas, cargas pesadas y m\u00faltiples piedras trituradas en minas de hierro de eje inclinado, el rey antidesgaste Yuanbao de 16 anillos est\u00e1 especialmente dise\u00f1ado para desafiar los entornos extremos. Su exclusiva estructura de eslabones de cadena en forma de lingote y su f\u00f3rmula superresistente al desgaste se han convertido en la \"armadura antideslizante\" de los equipos de transporte de eje inclinado, mejorando significativamente el agarre y la durabilidad.<\/p>\n<ul>\n<li>El dise\u00f1o de eslab\u00f3n de cadena en forma de Yuanbao(Reforzado) aumenta la resistencia al impacto en 50% : Adoptando una estructura de lingote tridimensional, dispersa eficazmente la fuerza del impacto, evita la deformaci\u00f3n o fractura causada por el impacto de grava, y es especialmente adecuado para el entorno accidentado de los pozos inclinados con frecuentes movimientos cuesta arriba y cuesta abajo.<\/li>\n<li>Disposici\u00f3n densa de anillos de 16 mm+mordida de patr\u00f3n profundo, antideslizamiento y escalada sin presi\u00f3n La disposici\u00f3n densa de 16 anillos, combinada con protuberancias en forma de dientes de lobo, se incrusta profundamente en el suelo, incluso en pendientes pronunciadas de m\u00e1s de 30 \u00b0 o superficies h\u00famedas de escoria de mineral de hierro, puede evitar el ralent\u00ed y el deslizamiento, y la tracci\u00f3n es comparable a la de las orugas.<\/li>\n<\/ul>\n<p>#IronOreMine#inthepit#extremeworkcondition#reinforcedchain#mine#marble#gianttyre#heavyduty#heavydutytruck<\/p>","protected":false},"excerpt":{"rendered":"<ul>\n<li>Duradero<\/li>\n<li>Estable<\/li>\n<\/ul>","protected":false},"featured_media":629,"template":"","meta":{"inline_featured_image":false,"_kad_post_transparent":"default","_kad_post_title":"","_kad_post_layout":"default","_kad_post_sidebar_id":"","_kad_post_content_style":"default","_kad_post_vertical_padding":"default","_kad_post_feature":"","_kad_post_feature_position":"","_kad_post_header":false,"_kad_post_footer":false},"product_brand":[],"product_cat":[26],"product_tag":[],"class_list":{"0":"post-628","1":"product","2":"type-product","3":"status-publish","4":"has-post-thumbnail","6":"product_cat-reinforced","8":"first","9":"instock","10":"shipping-taxable","11":"product-type-simple","12":"entry","13":"content-bg","14":"loop-entry"},"yoast_head":"<!-- This site is optimized with the Yoast SEO plugin v25.4 - https:\/\/yoast.com\/wordpress\/plugins\/seo\/ -->\n<title>23.5-25 Wheel Loader Protector Chain for Underground Iron Ore Mine - twchains<\/title>\n<meta name=\"robots\" content=\"index, follow, max-snippet:-1, max-image-preview:large, max-video-preview:-1\" \/>\n<link rel=\"canonical\" href=\"https:\/\/twchains.com\/es\/producto\/23-5-25-wheel-loader-protector-chain-for-underground-iron-ore-mine\/\" \/>\n<meta property=\"og:locale\" content=\"es_ES\" \/>\n<meta property=\"og:type\" content=\"article\" \/>\n<meta property=\"og:title\" content=\"23.5-25 Wheel Loader Protector Chain for Underground Iron Ore Mine - twchains\" \/>\n<meta property=\"og:description\" content=\"Durable  Stable\" \/>\n<meta property=\"og:url\" content=\"https:\/\/twchains.com\/es\/producto\/23-5-25-wheel-loader-protector-chain-for-underground-iron-ore-mine\/\" \/>\n<meta property=\"og:site_name\" content=\"twchains\" \/>\n<meta property=\"og:image\" content=\"https:\/\/twchains.com\/wp-content\/uploads\/2025\/04\/2.png\" \/>\n\t<meta property=\"og:image:width\" content=\"592\" \/>\n\t<meta property=\"og:image:height\" content=\"559\" \/>\n\t<meta property=\"og:image:type\" content=\"image\/png\" \/>\n<meta name=\"twitter:card\" content=\"summary_large_image\" \/>\n<meta name=\"twitter:label1\" content=\"Tiempo de lectura\" \/>\n\t<meta name=\"twitter:data1\" content=\"1 minuto\" \/>\n<script type=\"application\/ld+json\" class=\"yoast-schema-graph\">{\"@context\":\"https:\/\/schema.org\",\"@graph\":[{\"@type\":\"WebPage\",\"@id\":\"https:\/\/twchains.com\/product\/23-5-25-wheel-loader-protector-chain-for-underground-iron-ore-mine\/\",\"url\":\"https:\/\/twchains.com\/product\/23-5-25-wheel-loader-protector-chain-for-underground-iron-ore-mine\/\",\"name\":\"23.5-25 Wheel Loader Protector Chain for Underground Iron Ore Mine - twchains\",\"isPartOf\":{\"@id\":\"https:\/\/twchains.com\/#website\"},\"primaryImageOfPage\":{\"@id\":\"https:\/\/twchains.com\/product\/23-5-25-wheel-loader-protector-chain-for-underground-iron-ore-mine\/#primaryimage\"},\"image\":{\"@id\":\"https:\/\/twchains.com\/product\/23-5-25-wheel-loader-protector-chain-for-underground-iron-ore-mine\/#primaryimage\"},\"thumbnailUrl\":\"https:\/\/twchains.com\/wp-content\/uploads\/2025\/04\/2.png\",\"datePublished\":\"2025-04-25T03:56:15+00:00\",\"breadcrumb\":{\"@id\":\"https:\/\/twchains.com\/product\/23-5-25-wheel-loader-protector-chain-for-underground-iron-ore-mine\/#breadcrumb\"},\"inLanguage\":\"es\",\"potentialAction\":[{\"@type\":\"ReadAction\",\"target\":[\"https:\/\/twchains.com\/product\/23-5-25-wheel-loader-protector-chain-for-underground-iron-ore-mine\/\"]}]},{\"@type\":\"ImageObject\",\"inLanguage\":\"es\",\"@id\":\"https:\/\/twchains.com\/product\/23-5-25-wheel-loader-protector-chain-for-underground-iron-ore-mine\/#primaryimage\",\"url\":\"https:\/\/twchains.com\/wp-content\/uploads\/2025\/04\/2.png\",\"contentUrl\":\"https:\/\/twchains.com\/wp-content\/uploads\/2025\/04\/2.png\",\"width\":592,\"height\":559},{\"@type\":\"BreadcrumbList\",\"@id\":\"https:\/\/twchains.com\/product\/23-5-25-wheel-loader-protector-chain-for-underground-iron-ore-mine\/#breadcrumb\",\"itemListElement\":[{\"@type\":\"ListItem\",\"position\":1,\"name\":\"Home\",\"item\":\"https:\/\/twchains.com\/\"},{\"@type\":\"ListItem\",\"position\":2,\"name\":\"Products\",\"item\":\"https:\/\/twchains.com\/products\/\"},{\"@type\":\"ListItem\",\"position\":3,\"name\":\"23.5-25 Wheel Loader Protector Chain for Underground Iron Ore Mine\"}]},{\"@type\":\"WebSite\",\"@id\":\"https:\/\/twchains.com\/#website\",\"url\":\"https:\/\/twchains.com\/\",\"name\":\"twchains\",\"description\":\"\",\"publisher\":{\"@id\":\"https:\/\/twchains.com\/#organization\"},\"potentialAction\":[{\"@type\":\"SearchAction\",\"target\":{\"@type\":\"EntryPoint\",\"urlTemplate\":\"https:\/\/twchains.com\/?s={search_term_string}\"},\"query-input\":{\"@type\":\"PropertyValueSpecification\",\"valueRequired\":true,\"valueName\":\"search_term_string\"}}],\"inLanguage\":\"es\"},{\"@type\":\"Organization\",\"@id\":\"https:\/\/twchains.com\/#organization\",\"name\":\"twchains\",\"url\":\"https:\/\/twchains.com\/\",\"logo\":{\"@type\":\"ImageObject\",\"inLanguage\":\"es\",\"@id\":\"https:\/\/twchains.com\/#\/schema\/logo\/image\/\",\"url\":\"https:\/\/twchains.com\/wp-content\/uploads\/2025\/04\/tongwei-logo-100.svg\",\"contentUrl\":\"https:\/\/twchains.com\/wp-content\/uploads\/2025\/04\/tongwei-logo-100.svg\",\"width\":128,\"height\":100,\"caption\":\"twchains\"},\"image\":{\"@id\":\"https:\/\/twchains.com\/#\/schema\/logo\/image\/\"}}]}<\/script>\n<!-- \/ Yoast SEO plugin. -->","yoast_head_json":{"title":"23.5-25 Wheel Loader Protector Chain for Underground Iron Ore Mine - twchains","robots":{"index":"index","follow":"follow","max-snippet":"max-snippet:-1","max-image-preview":"max-image-preview:large","max-video-preview":"max-video-preview:-1"},"canonical":"https:\/\/twchains.com\/es\/producto\/23-5-25-wheel-loader-protector-chain-for-underground-iron-ore-mine\/","og_locale":"es_ES","og_type":"article","og_title":"23.5-25 Wheel Loader Protector Chain for Underground Iron Ore Mine - twchains","og_description":"Durable  Stable","og_url":"https:\/\/twchains.com\/es\/producto\/23-5-25-wheel-loader-protector-chain-for-underground-iron-ore-mine\/","og_site_name":"twchains","og_image":[{"width":592,"height":559,"url":"https:\/\/twchains.com\/wp-content\/uploads\/2025\/04\/2.png","type":"image\/png"}],"twitter_card":"summary_large_image","twitter_misc":{"Tiempo de lectura":"1 minuto"},"schema":{"@context":"https:\/\/schema.org","@graph":[{"@type":"WebPage","@id":"https:\/\/twchains.com\/product\/23-5-25-wheel-loader-protector-chain-for-underground-iron-ore-mine\/","url":"https:\/\/twchains.com\/product\/23-5-25-wheel-loader-protector-chain-for-underground-iron-ore-mine\/","name":"23.5-25 Wheel Loader Protector Chain for Underground Iron Ore Mine - twchains","isPartOf":{"@id":"https:\/\/twchains.com\/#website"},"primaryImageOfPage":{"@id":"https:\/\/twchains.com\/product\/23-5-25-wheel-loader-protector-chain-for-underground-iron-ore-mine\/#primaryimage"},"image":{"@id":"https:\/\/twchains.com\/product\/23-5-25-wheel-loader-protector-chain-for-underground-iron-ore-mine\/#primaryimage"},"thumbnailUrl":"https:\/\/twchains.com\/wp-content\/uploads\/2025\/04\/2.png","datePublished":"2025-04-25T03:56:15+00:00","breadcrumb":{"@id":"https:\/\/twchains.com\/product\/23-5-25-wheel-loader-protector-chain-for-underground-iron-ore-mine\/#breadcrumb"},"inLanguage":"es","potentialAction":[{"@type":"ReadAction","target":["https:\/\/twchains.com\/product\/23-5-25-wheel-loader-protector-chain-for-underground-iron-ore-mine\/"]}]},{"@type":"ImageObject","inLanguage":"es","@id":"https:\/\/twchains.com\/product\/23-5-25-wheel-loader-protector-chain-for-underground-iron-ore-mine\/#primaryimage","url":"https:\/\/twchains.com\/wp-content\/uploads\/2025\/04\/2.png","contentUrl":"https:\/\/twchains.com\/wp-content\/uploads\/2025\/04\/2.png","width":592,"height":559},{"@type":"BreadcrumbList","@id":"https:\/\/twchains.com\/product\/23-5-25-wheel-loader-protector-chain-for-underground-iron-ore-mine\/#breadcrumb","itemListElement":[{"@type":"ListItem","position":1,"name":"Home","item":"https:\/\/twchains.com\/"},{"@type":"ListItem","position":2,"name":"Products","item":"https:\/\/twchains.com\/products\/"},{"@type":"ListItem","position":3,"name":"23.5-25 Wheel Loader Protector Chain for Underground Iron Ore Mine"}]},{"@type":"WebSite","@id":"https:\/\/twchains.com\/#website","url":"https:\/\/twchains.com\/","name":"twchains","description":"","publisher":{"@id":"https:\/\/twchains.com\/#organization"},"potentialAction":[{"@type":"SearchAction","target":{"@type":"EntryPoint","urlTemplate":"https:\/\/twchains.com\/?s={search_term_string}"},"query-input":{"@type":"PropertyValueSpecification","valueRequired":true,"valueName":"search_term_string"}}],"inLanguage":"es"},{"@type":"Organization","@id":"https:\/\/twchains.com\/#organization","name":"twchains","url":"https:\/\/twchains.com\/","logo":{"@type":"ImageObject","inLanguage":"es","@id":"https:\/\/twchains.com\/#\/schema\/logo\/image\/","url":"https:\/\/twchains.com\/wp-content\/uploads\/2025\/04\/tongwei-logo-100.svg","contentUrl":"https:\/\/twchains.com\/wp-content\/uploads\/2025\/04\/tongwei-logo-100.svg","width":128,"height":100,"caption":"twchains"},"image":{"@id":"https:\/\/twchains.com\/#\/schema\/logo\/image\/"}}]}},"_links":{"self":[{"href":"https:\/\/twchains.com\/es\/wp-json\/wp\/v2\/product\/628","targetHints":{"allow":["GET"]}}],"collection":[{"href":"https:\/\/twchains.com\/es\/wp-json\/wp\/v2\/product"}],"about":[{"href":"https:\/\/twchains.com\/es\/wp-json\/wp\/v2\/types\/product"}],"wp:featuredmedia":[{"embeddable":true,"href":"https:\/\/twchains.com\/es\/wp-json\/wp\/v2\/media\/629"}],"wp:attachment":[{"href":"https:\/\/twchains.com\/es\/wp-json\/wp\/v2\/media?parent=628"}],"wp:term":[{"taxonomy":"product_brand","embeddable":true,"href":"https:\/\/twchains.com\/es\/wp-json\/wp\/v2\/product_brand?post=628"},{"taxonomy":"product_cat","embeddable":true,"href":"https:\/\/twchains.com\/es\/wp-json\/wp\/v2\/product_cat?post=628"},{"taxonomy":"product_tag","embeddable":true,"href":"https:\/\/twchains.com\/es\/wp-json\/wp\/v2\/product_tag?post=628"}],"curies":[{"name":"wp","href":"https:\/\/api.w.org\/{rel}","templated":true}]}}