{"id":653,"date":"2025-04-26T08:17:16","date_gmt":"2025-04-26T08:17:16","guid":{"rendered":"https:\/\/twchains.com\/?post_type=product&#038;p=653"},"modified":"2025-04-26T08:17:16","modified_gmt":"2025-04-26T08:17:16","slug":"35-65r33-carbonized-tire-protection-chain-supply-to-peru-chile-distributor","status":"publish","type":"product","link":"https:\/\/twchains.com\/es\/producto\/35-65r33-carbonized-tire-protection-chain-supply-to-peru-chile-distributor\/","title":{"rendered":"35\/65R33 Carbonized Tire Protection Chain Supply To Peru &amp; Chile Distributor"},"content":{"rendered":"<p>En los \u00faltimos a\u00f1os, cada vez m\u00e1s clientes han optado por exigir la tecnolog\u00eda de carburaci\u00f3n para las cadenas de protecci\u00f3n de neum\u00e1ticos. Despu\u00e9s de la cementaci\u00f3n, la dureza de las cadenas de protecci\u00f3n de neum\u00e1ticos se puede aumentar a 23% (en comparaci\u00f3n con la cadena de protecci\u00f3n universal).<\/p>\n<p>1. \u00bfQu\u00e9 es el proceso de cementaci\u00f3n? Tecnolog\u00eda de refuerzo de superficies: Se introducen eslabones de cadena de acero con bajo contenido en carbono en un horno de cementaci\u00f3n y se inyectan elementos de carbono a altas temperaturas (900-950 \u2103) para formar una capa de endurecimiento con alto contenido en carbono (0,5-2 mm de grosor) que mantiene la tenacidad internamente. Resultado: La dureza de la superficie alcanza HRC 60+ (las cadenas ordinarias s\u00f3lo tienen HRC 50), la resistencia al desgaste aumenta m\u00e1s de 3 veces y la resistencia al impacto permanece inalterada.<\/p>\n<p>2. Ventajas principales Super resistente al desgaste: La capa carburada resiste la fricci\u00f3n directa de la escoria de acero y el mineral, alargando su vida \u00fatil en 50% -80% en comparaci\u00f3n con las cadenas ordinarias. Resistencia a la fatiga: La tenacidad del n\u00facleo evita la fractura fr\u00e1gil y es adecuada para escenarios de impacto de alta frecuencia (como el arranque y parada frecuentes de carretillas elevadoras). Alta rentabilidad: Las prestaciones se aproximan a las de los materiales de gama alta.<\/p>\n<p>3. Escenarios aplicables Condiciones extremas de desgaste: Transporte de escoria de acero caliente (por debajo de 800 \u2103) Pavimento de grava minera Maquinaria pesada de contenedores portuarios.<\/p>\n<p>1TP5Cadena de protecci\u00f3n1TP5Cadena de protecci\u00f3n de neum\u00e1ticos1TP5Cadena de miner\u00eda1TP5Cadena de canteras#otrtyre<\/p>","protected":false},"excerpt":{"rendered":"<ul>\n<li>Carburizaci\u00f3n<\/li>\n<li>Duradero<\/li>\n<li>Tratamiento t\u00e9rmico<\/li>\n<li>Quench<\/li>\n<\/ul>","protected":false},"featured_media":547,"template":"","meta":{"inline_featured_image":false,"_kad_post_transparent":"default","_kad_post_title":"","_kad_post_layout":"default","_kad_post_sidebar_id":"","_kad_post_content_style":"default","_kad_post_vertical_padding":"default","_kad_post_feature":"","_kad_post_feature_position":"","_kad_post_header":false,"_kad_post_footer":false},"product_brand":[],"product_cat":[15,28,26],"product_tag":[],"class_list":{"0":"post-653","1":"product","2":"type-product","3":"status-publish","4":"has-post-thumbnail","6":"product_cat-tyre-protection-chain","7":"product_cat-heavy-duty","8":"product_cat-reinforced","10":"first","11":"instock","12":"shipping-taxable","13":"product-type-simple","14":"entry","15":"content-bg","16":"loop-entry"},"yoast_head":"<!-- This site is optimized with the Yoast SEO plugin v25.4 - https:\/\/yoast.com\/wordpress\/plugins\/seo\/ -->\n<title>35\/65R33 Carbonized Tire Protection Chain Supply To Peru &amp; Chile Distributor - twchains<\/title>\n<meta name=\"robots\" content=\"index, follow, max-snippet:-1, max-image-preview:large, max-video-preview:-1\" \/>\n<link rel=\"canonical\" href=\"https:\/\/twchains.com\/es\/producto\/35-65r33-carbonized-tire-protection-chain-supply-to-peru-chile-distributor\/\" \/>\n<meta property=\"og:locale\" content=\"es_ES\" \/>\n<meta property=\"og:type\" content=\"article\" \/>\n<meta property=\"og:title\" content=\"35\/65R33 Carbonized Tire Protection Chain Supply To Peru &amp; Chile Distributor - twchains\" \/>\n<meta property=\"og:description\" content=\"Carburization  Durable  Heat-Treatment  Quench\" \/>\n<meta property=\"og:url\" content=\"https:\/\/twchains.com\/es\/producto\/35-65r33-carbonized-tire-protection-chain-supply-to-peru-chile-distributor\/\" \/>\n<meta property=\"og:site_name\" content=\"twchains\" \/>\n<meta property=\"og:image\" content=\"https:\/\/twchains.com\/wp-content\/uploads\/2025\/04\/18mm.png\" \/>\n\t<meta property=\"og:image:width\" content=\"1080\" \/>\n\t<meta property=\"og:image:height\" content=\"1440\" \/>\n\t<meta property=\"og:image:type\" content=\"image\/png\" \/>\n<meta name=\"twitter:card\" content=\"summary_large_image\" \/>\n<meta name=\"twitter:label1\" content=\"Tiempo de lectura\" \/>\n\t<meta name=\"twitter:data1\" content=\"1 minuto\" \/>\n<script type=\"application\/ld+json\" class=\"yoast-schema-graph\">{\"@context\":\"https:\/\/schema.org\",\"@graph\":[{\"@type\":\"WebPage\",\"@id\":\"https:\/\/twchains.com\/product\/35-65r33-carbonized-tire-protection-chain-supply-to-peru-chile-distributor\/\",\"url\":\"https:\/\/twchains.com\/product\/35-65r33-carbonized-tire-protection-chain-supply-to-peru-chile-distributor\/\",\"name\":\"35\/65R33 Carbonized Tire Protection Chain Supply To Peru & Chile Distributor - twchains\",\"isPartOf\":{\"@id\":\"https:\/\/twchains.com\/#website\"},\"primaryImageOfPage\":{\"@id\":\"https:\/\/twchains.com\/product\/35-65r33-carbonized-tire-protection-chain-supply-to-peru-chile-distributor\/#primaryimage\"},\"image\":{\"@id\":\"https:\/\/twchains.com\/product\/35-65r33-carbonized-tire-protection-chain-supply-to-peru-chile-distributor\/#primaryimage\"},\"thumbnailUrl\":\"https:\/\/twchains.com\/wp-content\/uploads\/2025\/04\/18mm.png\",\"datePublished\":\"2025-04-26T08:17:16+00:00\",\"breadcrumb\":{\"@id\":\"https:\/\/twchains.com\/product\/35-65r33-carbonized-tire-protection-chain-supply-to-peru-chile-distributor\/#breadcrumb\"},\"inLanguage\":\"es\",\"potentialAction\":[{\"@type\":\"ReadAction\",\"target\":[\"https:\/\/twchains.com\/product\/35-65r33-carbonized-tire-protection-chain-supply-to-peru-chile-distributor\/\"]}]},{\"@type\":\"ImageObject\",\"inLanguage\":\"es\",\"@id\":\"https:\/\/twchains.com\/product\/35-65r33-carbonized-tire-protection-chain-supply-to-peru-chile-distributor\/#primaryimage\",\"url\":\"https:\/\/twchains.com\/wp-content\/uploads\/2025\/04\/18mm.png\",\"contentUrl\":\"https:\/\/twchains.com\/wp-content\/uploads\/2025\/04\/18mm.png\",\"width\":1080,\"height\":1440},{\"@type\":\"BreadcrumbList\",\"@id\":\"https:\/\/twchains.com\/product\/35-65r33-carbonized-tire-protection-chain-supply-to-peru-chile-distributor\/#breadcrumb\",\"itemListElement\":[{\"@type\":\"ListItem\",\"position\":1,\"name\":\"Home\",\"item\":\"https:\/\/twchains.com\/\"},{\"@type\":\"ListItem\",\"position\":2,\"name\":\"Products\",\"item\":\"https:\/\/twchains.com\/products\/\"},{\"@type\":\"ListItem\",\"position\":3,\"name\":\"35\/65R33 Carbonized Tire Protection Chain Supply To Peru &#038; Chile Distributor\"}]},{\"@type\":\"WebSite\",\"@id\":\"https:\/\/twchains.com\/#website\",\"url\":\"https:\/\/twchains.com\/\",\"name\":\"twchains\",\"description\":\"\",\"publisher\":{\"@id\":\"https:\/\/twchains.com\/#organization\"},\"potentialAction\":[{\"@type\":\"SearchAction\",\"target\":{\"@type\":\"EntryPoint\",\"urlTemplate\":\"https:\/\/twchains.com\/?s={search_term_string}\"},\"query-input\":{\"@type\":\"PropertyValueSpecification\",\"valueRequired\":true,\"valueName\":\"search_term_string\"}}],\"inLanguage\":\"es\"},{\"@type\":\"Organization\",\"@id\":\"https:\/\/twchains.com\/#organization\",\"name\":\"twchains\",\"url\":\"https:\/\/twchains.com\/\",\"logo\":{\"@type\":\"ImageObject\",\"inLanguage\":\"es\",\"@id\":\"https:\/\/twchains.com\/#\/schema\/logo\/image\/\",\"url\":\"https:\/\/twchains.com\/wp-content\/uploads\/2025\/04\/tongwei-logo-100.svg\",\"contentUrl\":\"https:\/\/twchains.com\/wp-content\/uploads\/2025\/04\/tongwei-logo-100.svg\",\"width\":128,\"height\":100,\"caption\":\"twchains\"},\"image\":{\"@id\":\"https:\/\/twchains.com\/#\/schema\/logo\/image\/\"}}]}<\/script>\n<!-- \/ Yoast SEO plugin. -->","yoast_head_json":{"title":"35\/65R33 Carbonized Tire Protection Chain Supply To Peru & Chile Distributor - twchains","robots":{"index":"index","follow":"follow","max-snippet":"max-snippet:-1","max-image-preview":"max-image-preview:large","max-video-preview":"max-video-preview:-1"},"canonical":"https:\/\/twchains.com\/es\/producto\/35-65r33-carbonized-tire-protection-chain-supply-to-peru-chile-distributor\/","og_locale":"es_ES","og_type":"article","og_title":"35\/65R33 Carbonized Tire Protection Chain Supply To Peru & Chile Distributor - twchains","og_description":"Carburization  Durable  Heat-Treatment  Quench","og_url":"https:\/\/twchains.com\/es\/producto\/35-65r33-carbonized-tire-protection-chain-supply-to-peru-chile-distributor\/","og_site_name":"twchains","og_image":[{"width":1080,"height":1440,"url":"https:\/\/twchains.com\/wp-content\/uploads\/2025\/04\/18mm.png","type":"image\/png"}],"twitter_card":"summary_large_image","twitter_misc":{"Tiempo de lectura":"1 minuto"},"schema":{"@context":"https:\/\/schema.org","@graph":[{"@type":"WebPage","@id":"https:\/\/twchains.com\/product\/35-65r33-carbonized-tire-protection-chain-supply-to-peru-chile-distributor\/","url":"https:\/\/twchains.com\/product\/35-65r33-carbonized-tire-protection-chain-supply-to-peru-chile-distributor\/","name":"35\/65R33 Carbonized Tire Protection Chain Supply To Peru & Chile Distributor - twchains","isPartOf":{"@id":"https:\/\/twchains.com\/#website"},"primaryImageOfPage":{"@id":"https:\/\/twchains.com\/product\/35-65r33-carbonized-tire-protection-chain-supply-to-peru-chile-distributor\/#primaryimage"},"image":{"@id":"https:\/\/twchains.com\/product\/35-65r33-carbonized-tire-protection-chain-supply-to-peru-chile-distributor\/#primaryimage"},"thumbnailUrl":"https:\/\/twchains.com\/wp-content\/uploads\/2025\/04\/18mm.png","datePublished":"2025-04-26T08:17:16+00:00","breadcrumb":{"@id":"https:\/\/twchains.com\/product\/35-65r33-carbonized-tire-protection-chain-supply-to-peru-chile-distributor\/#breadcrumb"},"inLanguage":"es","potentialAction":[{"@type":"ReadAction","target":["https:\/\/twchains.com\/product\/35-65r33-carbonized-tire-protection-chain-supply-to-peru-chile-distributor\/"]}]},{"@type":"ImageObject","inLanguage":"es","@id":"https:\/\/twchains.com\/product\/35-65r33-carbonized-tire-protection-chain-supply-to-peru-chile-distributor\/#primaryimage","url":"https:\/\/twchains.com\/wp-content\/uploads\/2025\/04\/18mm.png","contentUrl":"https:\/\/twchains.com\/wp-content\/uploads\/2025\/04\/18mm.png","width":1080,"height":1440},{"@type":"BreadcrumbList","@id":"https:\/\/twchains.com\/product\/35-65r33-carbonized-tire-protection-chain-supply-to-peru-chile-distributor\/#breadcrumb","itemListElement":[{"@type":"ListItem","position":1,"name":"Home","item":"https:\/\/twchains.com\/"},{"@type":"ListItem","position":2,"name":"Products","item":"https:\/\/twchains.com\/products\/"},{"@type":"ListItem","position":3,"name":"35\/65R33 Carbonized Tire Protection Chain Supply To Peru &#038; Chile Distributor"}]},{"@type":"WebSite","@id":"https:\/\/twchains.com\/#website","url":"https:\/\/twchains.com\/","name":"twchains","description":"","publisher":{"@id":"https:\/\/twchains.com\/#organization"},"potentialAction":[{"@type":"SearchAction","target":{"@type":"EntryPoint","urlTemplate":"https:\/\/twchains.com\/?s={search_term_string}"},"query-input":{"@type":"PropertyValueSpecification","valueRequired":true,"valueName":"search_term_string"}}],"inLanguage":"es"},{"@type":"Organization","@id":"https:\/\/twchains.com\/#organization","name":"twchains","url":"https:\/\/twchains.com\/","logo":{"@type":"ImageObject","inLanguage":"es","@id":"https:\/\/twchains.com\/#\/schema\/logo\/image\/","url":"https:\/\/twchains.com\/wp-content\/uploads\/2025\/04\/tongwei-logo-100.svg","contentUrl":"https:\/\/twchains.com\/wp-content\/uploads\/2025\/04\/tongwei-logo-100.svg","width":128,"height":100,"caption":"twchains"},"image":{"@id":"https:\/\/twchains.com\/#\/schema\/logo\/image\/"}}]}},"_links":{"self":[{"href":"https:\/\/twchains.com\/es\/wp-json\/wp\/v2\/product\/653","targetHints":{"allow":["GET"]}}],"collection":[{"href":"https:\/\/twchains.com\/es\/wp-json\/wp\/v2\/product"}],"about":[{"href":"https:\/\/twchains.com\/es\/wp-json\/wp\/v2\/types\/product"}],"wp:featuredmedia":[{"embeddable":true,"href":"https:\/\/twchains.com\/es\/wp-json\/wp\/v2\/media\/547"}],"wp:attachment":[{"href":"https:\/\/twchains.com\/es\/wp-json\/wp\/v2\/media?parent=653"}],"wp:term":[{"taxonomy":"product_brand","embeddable":true,"href":"https:\/\/twchains.com\/es\/wp-json\/wp\/v2\/product_brand?post=653"},{"taxonomy":"product_cat","embeddable":true,"href":"https:\/\/twchains.com\/es\/wp-json\/wp\/v2\/product_cat?post=653"},{"taxonomy":"product_tag","embeddable":true,"href":"https:\/\/twchains.com\/es\/wp-json\/wp\/v2\/product_tag?post=653"}],"curies":[{"name":"wp","href":"https:\/\/api.w.org\/{rel}","templated":true}]}}