{"id":658,"date":"2025-04-26T08:44:36","date_gmt":"2025-04-26T08:44:36","guid":{"rendered":"https:\/\/twchains.com\/?post_type=product&#038;p=658"},"modified":"2025-04-26T08:44:37","modified_gmt":"2025-04-26T08:44:37","slug":"vietnam-retailer-loader-tyre-protective-chains-23-5r25-26-5r25","status":"publish","type":"product","link":"https:\/\/twchains.com\/es\/producto\/vietnam-retailer-loader-tyre-protective-chains-23-5r25-26-5r25\/","title":{"rendered":"Vietnam Minorista Cargador Neum\u00e1tico Protector Cadenas 23.5r25 26.5r25"},"content":{"rendered":"<p>Disponemos de diferentes especificaciones y modelos de cadenas de protecci\u00f3n de neum\u00e1ticos, adecuadas para aplicaciones de trabajo complejas y duras, como miner\u00eda, construcci\u00f3n, estaciones de recogida de basuras, escoria de acero caliente, t\u00faneles, subterr\u00e1neos, nieve, silvicultura, etc.<\/p>\n<ul>\n<li>Control de calidad de todo el proceso, pruebas de tracci\u00f3n 100% : Realice pruebas de fatiga din\u00e1mica y pruebas de simulaci\u00f3n a alta temperatura antes de que cada lote salga de f\u00e1brica. Los indicadores clave (resistencia a la fractura, alargamiento) son 100% hasta la norma, y la tasa de defectos es inferior a 0,5%.<\/li>\n<li>Producci\u00f3n a gran escala, entrega r\u00e1pida : Disponemos de nuestra propia base de producci\u00f3n de 20000 metros cuadrados con una capacidad de producci\u00f3n mensual de varios miles de toneladas, lo que permite la entrega urgente de grandes pedidos (7-15 d\u00edas). Cooperaci\u00f3n log\u00edstica global con 60 pa\u00edses, proporcionando soluciones comerciales flexibles EXW\/FOB\/CIF.<\/li>\n<\/ul>\n<p>1TP5Cadena de tracci\u00f3n1TP5Construcci\u00f3n1TP5Subterr\u00e1nea#\u00fanel#tyreprotecci\u00f3ncadenas<\/p>","protected":false},"excerpt":{"rendered":"<ul>\n<li>Garant\u00eda estatal de materias primas<\/li>\n<li>Informes de pruebas de terceros<\/li>\n<li>Garant\u00eda de calidad<\/li>\n<\/ul>","protected":false},"featured_media":659,"template":"","meta":{"inline_featured_image":false,"_kad_post_transparent":"default","_kad_post_title":"","_kad_post_layout":"default","_kad_post_sidebar_id":"","_kad_post_content_style":"default","_kad_post_vertical_padding":"default","_kad_post_feature":"","_kad_post_feature_position":"","_kad_post_header":false,"_kad_post_footer":false},"product_brand":[],"product_cat":[15,27,26],"product_tag":[],"class_list":{"0":"post-658","1":"product","2":"type-product","3":"status-publish","4":"has-post-thumbnail","6":"product_cat-tyre-protection-chain","7":"product_cat-encryption","8":"product_cat-reinforced","10":"first","11":"instock","12":"shipping-taxable","13":"product-type-simple","14":"entry","15":"content-bg","16":"loop-entry"},"yoast_head":"<!-- This site is optimized with the Yoast SEO plugin v25.4 - https:\/\/yoast.com\/wordpress\/plugins\/seo\/ -->\n<title>Vietnam Retailer Loader Tyre Protective Chains 23.5r25 26.5r25 - twchains<\/title>\n<meta name=\"robots\" content=\"index, follow, max-snippet:-1, max-image-preview:large, max-video-preview:-1\" \/>\n<link rel=\"canonical\" href=\"https:\/\/twchains.com\/es\/producto\/vietnam-retailer-loader-tyre-protective-chains-23-5r25-26-5r25\/\" \/>\n<meta property=\"og:locale\" content=\"es_ES\" \/>\n<meta property=\"og:type\" content=\"article\" \/>\n<meta property=\"og:title\" content=\"Vietnam Retailer Loader Tyre Protective Chains 23.5r25 26.5r25 - twchains\" \/>\n<meta property=\"og:description\" content=\"State Owned Raw Material Guarantee  Provide Third-Party Testing Reports  Quality Assurance\" \/>\n<meta property=\"og:url\" content=\"https:\/\/twchains.com\/es\/producto\/vietnam-retailer-loader-tyre-protective-chains-23-5r25-26-5r25\/\" \/>\n<meta property=\"og:site_name\" content=\"twchains\" \/>\n<meta property=\"article:modified_time\" content=\"2025-04-26T08:44:37+00:00\" \/>\n<meta property=\"og:image\" content=\"https:\/\/twchains.com\/wp-content\/uploads\/2025\/04\/15873714323312.jpg\" \/>\n\t<meta property=\"og:image:width\" content=\"1080\" \/>\n\t<meta property=\"og:image:height\" content=\"1440\" \/>\n\t<meta property=\"og:image:type\" content=\"image\/jpeg\" \/>\n<meta name=\"twitter:card\" content=\"summary_large_image\" \/>\n<meta name=\"twitter:label1\" content=\"Tiempo de lectura\" \/>\n\t<meta name=\"twitter:data1\" content=\"1 minuto\" \/>\n<script type=\"application\/ld+json\" class=\"yoast-schema-graph\">{\"@context\":\"https:\/\/schema.org\",\"@graph\":[{\"@type\":\"WebPage\",\"@id\":\"https:\/\/twchains.com\/product\/vietnam-retailer-loader-tyre-protective-chains-23-5r25-26-5r25\/\",\"url\":\"https:\/\/twchains.com\/product\/vietnam-retailer-loader-tyre-protective-chains-23-5r25-26-5r25\/\",\"name\":\"Vietnam Retailer Loader Tyre Protective Chains 23.5r25 26.5r25 - twchains\",\"isPartOf\":{\"@id\":\"https:\/\/twchains.com\/#website\"},\"primaryImageOfPage\":{\"@id\":\"https:\/\/twchains.com\/product\/vietnam-retailer-loader-tyre-protective-chains-23-5r25-26-5r25\/#primaryimage\"},\"image\":{\"@id\":\"https:\/\/twchains.com\/product\/vietnam-retailer-loader-tyre-protective-chains-23-5r25-26-5r25\/#primaryimage\"},\"thumbnailUrl\":\"https:\/\/twchains.com\/wp-content\/uploads\/2025\/04\/15873714323312.jpg\",\"datePublished\":\"2025-04-26T08:44:36+00:00\",\"dateModified\":\"2025-04-26T08:44:37+00:00\",\"breadcrumb\":{\"@id\":\"https:\/\/twchains.com\/product\/vietnam-retailer-loader-tyre-protective-chains-23-5r25-26-5r25\/#breadcrumb\"},\"inLanguage\":\"es\",\"potentialAction\":[{\"@type\":\"ReadAction\",\"target\":[\"https:\/\/twchains.com\/product\/vietnam-retailer-loader-tyre-protective-chains-23-5r25-26-5r25\/\"]}]},{\"@type\":\"ImageObject\",\"inLanguage\":\"es\",\"@id\":\"https:\/\/twchains.com\/product\/vietnam-retailer-loader-tyre-protective-chains-23-5r25-26-5r25\/#primaryimage\",\"url\":\"https:\/\/twchains.com\/wp-content\/uploads\/2025\/04\/15873714323312.jpg\",\"contentUrl\":\"https:\/\/twchains.com\/wp-content\/uploads\/2025\/04\/15873714323312.jpg\",\"width\":1080,\"height\":1440},{\"@type\":\"BreadcrumbList\",\"@id\":\"https:\/\/twchains.com\/product\/vietnam-retailer-loader-tyre-protective-chains-23-5r25-26-5r25\/#breadcrumb\",\"itemListElement\":[{\"@type\":\"ListItem\",\"position\":1,\"name\":\"Home\",\"item\":\"https:\/\/twchains.com\/\"},{\"@type\":\"ListItem\",\"position\":2,\"name\":\"Products\",\"item\":\"https:\/\/twchains.com\/products\/\"},{\"@type\":\"ListItem\",\"position\":3,\"name\":\"Vietnam Retailer Loader Tyre Protective Chains 23.5r25 26.5r25\"}]},{\"@type\":\"WebSite\",\"@id\":\"https:\/\/twchains.com\/#website\",\"url\":\"https:\/\/twchains.com\/\",\"name\":\"twchains\",\"description\":\"\",\"publisher\":{\"@id\":\"https:\/\/twchains.com\/#organization\"},\"potentialAction\":[{\"@type\":\"SearchAction\",\"target\":{\"@type\":\"EntryPoint\",\"urlTemplate\":\"https:\/\/twchains.com\/?s={search_term_string}\"},\"query-input\":{\"@type\":\"PropertyValueSpecification\",\"valueRequired\":true,\"valueName\":\"search_term_string\"}}],\"inLanguage\":\"es\"},{\"@type\":\"Organization\",\"@id\":\"https:\/\/twchains.com\/#organization\",\"name\":\"twchains\",\"url\":\"https:\/\/twchains.com\/\",\"logo\":{\"@type\":\"ImageObject\",\"inLanguage\":\"es\",\"@id\":\"https:\/\/twchains.com\/#\/schema\/logo\/image\/\",\"url\":\"https:\/\/twchains.com\/wp-content\/uploads\/2025\/04\/tongwei-logo-100.svg\",\"contentUrl\":\"https:\/\/twchains.com\/wp-content\/uploads\/2025\/04\/tongwei-logo-100.svg\",\"width\":128,\"height\":100,\"caption\":\"twchains\"},\"image\":{\"@id\":\"https:\/\/twchains.com\/#\/schema\/logo\/image\/\"}}]}<\/script>\n<!-- \/ Yoast SEO plugin. -->","yoast_head_json":{"title":"Vietnam Retailer Loader Tyre Protective Chains 23.5r25 26.5r25 - twchains","robots":{"index":"index","follow":"follow","max-snippet":"max-snippet:-1","max-image-preview":"max-image-preview:large","max-video-preview":"max-video-preview:-1"},"canonical":"https:\/\/twchains.com\/es\/producto\/vietnam-retailer-loader-tyre-protective-chains-23-5r25-26-5r25\/","og_locale":"es_ES","og_type":"article","og_title":"Vietnam Retailer Loader Tyre Protective Chains 23.5r25 26.5r25 - twchains","og_description":"State Owned Raw Material Guarantee  Provide Third-Party Testing Reports  Quality Assurance","og_url":"https:\/\/twchains.com\/es\/producto\/vietnam-retailer-loader-tyre-protective-chains-23-5r25-26-5r25\/","og_site_name":"twchains","article_modified_time":"2025-04-26T08:44:37+00:00","og_image":[{"width":1080,"height":1440,"url":"https:\/\/twchains.com\/wp-content\/uploads\/2025\/04\/15873714323312.jpg","type":"image\/jpeg"}],"twitter_card":"summary_large_image","twitter_misc":{"Tiempo de lectura":"1 minuto"},"schema":{"@context":"https:\/\/schema.org","@graph":[{"@type":"WebPage","@id":"https:\/\/twchains.com\/product\/vietnam-retailer-loader-tyre-protective-chains-23-5r25-26-5r25\/","url":"https:\/\/twchains.com\/product\/vietnam-retailer-loader-tyre-protective-chains-23-5r25-26-5r25\/","name":"Vietnam Retailer Loader Tyre Protective Chains 23.5r25 26.5r25 - twchains","isPartOf":{"@id":"https:\/\/twchains.com\/#website"},"primaryImageOfPage":{"@id":"https:\/\/twchains.com\/product\/vietnam-retailer-loader-tyre-protective-chains-23-5r25-26-5r25\/#primaryimage"},"image":{"@id":"https:\/\/twchains.com\/product\/vietnam-retailer-loader-tyre-protective-chains-23-5r25-26-5r25\/#primaryimage"},"thumbnailUrl":"https:\/\/twchains.com\/wp-content\/uploads\/2025\/04\/15873714323312.jpg","datePublished":"2025-04-26T08:44:36+00:00","dateModified":"2025-04-26T08:44:37+00:00","breadcrumb":{"@id":"https:\/\/twchains.com\/product\/vietnam-retailer-loader-tyre-protective-chains-23-5r25-26-5r25\/#breadcrumb"},"inLanguage":"es","potentialAction":[{"@type":"ReadAction","target":["https:\/\/twchains.com\/product\/vietnam-retailer-loader-tyre-protective-chains-23-5r25-26-5r25\/"]}]},{"@type":"ImageObject","inLanguage":"es","@id":"https:\/\/twchains.com\/product\/vietnam-retailer-loader-tyre-protective-chains-23-5r25-26-5r25\/#primaryimage","url":"https:\/\/twchains.com\/wp-content\/uploads\/2025\/04\/15873714323312.jpg","contentUrl":"https:\/\/twchains.com\/wp-content\/uploads\/2025\/04\/15873714323312.jpg","width":1080,"height":1440},{"@type":"BreadcrumbList","@id":"https:\/\/twchains.com\/product\/vietnam-retailer-loader-tyre-protective-chains-23-5r25-26-5r25\/#breadcrumb","itemListElement":[{"@type":"ListItem","position":1,"name":"Home","item":"https:\/\/twchains.com\/"},{"@type":"ListItem","position":2,"name":"Products","item":"https:\/\/twchains.com\/products\/"},{"@type":"ListItem","position":3,"name":"Vietnam Retailer Loader Tyre Protective Chains 23.5r25 26.5r25"}]},{"@type":"WebSite","@id":"https:\/\/twchains.com\/#website","url":"https:\/\/twchains.com\/","name":"twchains","description":"","publisher":{"@id":"https:\/\/twchains.com\/#organization"},"potentialAction":[{"@type":"SearchAction","target":{"@type":"EntryPoint","urlTemplate":"https:\/\/twchains.com\/?s={search_term_string}"},"query-input":{"@type":"PropertyValueSpecification","valueRequired":true,"valueName":"search_term_string"}}],"inLanguage":"es"},{"@type":"Organization","@id":"https:\/\/twchains.com\/#organization","name":"twchains","url":"https:\/\/twchains.com\/","logo":{"@type":"ImageObject","inLanguage":"es","@id":"https:\/\/twchains.com\/#\/schema\/logo\/image\/","url":"https:\/\/twchains.com\/wp-content\/uploads\/2025\/04\/tongwei-logo-100.svg","contentUrl":"https:\/\/twchains.com\/wp-content\/uploads\/2025\/04\/tongwei-logo-100.svg","width":128,"height":100,"caption":"twchains"},"image":{"@id":"https:\/\/twchains.com\/#\/schema\/logo\/image\/"}}]}},"_links":{"self":[{"href":"https:\/\/twchains.com\/es\/wp-json\/wp\/v2\/product\/658","targetHints":{"allow":["GET"]}}],"collection":[{"href":"https:\/\/twchains.com\/es\/wp-json\/wp\/v2\/product"}],"about":[{"href":"https:\/\/twchains.com\/es\/wp-json\/wp\/v2\/types\/product"}],"wp:featuredmedia":[{"embeddable":true,"href":"https:\/\/twchains.com\/es\/wp-json\/wp\/v2\/media\/659"}],"wp:attachment":[{"href":"https:\/\/twchains.com\/es\/wp-json\/wp\/v2\/media?parent=658"}],"wp:term":[{"taxonomy":"product_brand","embeddable":true,"href":"https:\/\/twchains.com\/es\/wp-json\/wp\/v2\/product_brand?post=658"},{"taxonomy":"product_cat","embeddable":true,"href":"https:\/\/twchains.com\/es\/wp-json\/wp\/v2\/product_cat?post=658"},{"taxonomy":"product_tag","embeddable":true,"href":"https:\/\/twchains.com\/es\/wp-json\/wp\/v2\/product_tag?post=658"}],"curies":[{"name":"wp","href":"https:\/\/api.w.org\/{rel}","templated":true}]}}