{"id":846,"date":"2025-05-14T08:08:42","date_gmt":"2025-05-14T08:08:42","guid":{"rendered":"https:\/\/twchains.com\/?post_type=product&#038;p=846"},"modified":"2025-05-14T08:27:03","modified_gmt":"2025-05-14T08:27:03","slug":"23-5-25-ice-resistant-and-wear-resistant-protective-traction-chain","status":"publish","type":"product","link":"https:\/\/twchains.com\/es\/producto\/23-5-25-ice-resistant-and-wear-resistant-protective-traction-chain\/","title":{"rendered":"23,5-25 Cadena de tracci\u00f3n de protecci\u00f3n resistente al hielo y al desgaste"},"content":{"rendered":"<p>En el noreste de China, todos los inviernos tenemos un grupo de clientes que trabajan principalmente en carreteras en las que se utiliza la energ\u00eda e\u00f3lica para empujar la nieve monta\u00f1a arriba. Al principio, los clientes se preocupaban m\u00e1s por el precio y eleg\u00edan la cadena antideslizante dentada con anillo de 12 mm est\u00e1ndar para neum\u00e1ticos 23,5-25. Hasta 2023, el cliente pregunt\u00f3 por la versi\u00f3n reforzada con anillo de 16 mm de la cadena de tracci\u00f3n antideslizante dentada. Despu\u00e9s de comprar cuatro de ellas, la calidad de los comentarios fue muy buena. La cadena antideslizante dentada de 16 anillos es m\u00e1s duradera y el dise\u00f1o dentado hace que el agarre sea m\u00e1s fuerte y el efecto antideslizante mejor.<\/p>\n<p>Esta cadena antideslizante dentada de anillo de 16 mm se ha exportado a Rusia, Europa, Norteam\u00e9rica y otros lugares en los \u00faltimos a\u00f1os, y se ha hecho cada vez m\u00e1s popular y bien acogida por clientes de todo el mundo.<\/p>\n<p>Estamos certificados con el sistema de gesti\u00f3n de calidad ISO9001 desde 2019, y tambi\u00e9n nos sometemos a un tratamiento t\u00e9rmico especial y enfriamiento durante el proceso de producci\u00f3n, que es un paso crucial. Antes del env\u00edo, comprobaremos al azar la prueba de resistencia a la tracci\u00f3n de la cadena de protecci\u00f3n de neum\u00e1ticos. Despu\u00e9s de que todos los datos cumplan con los est\u00e1ndares, nos encargaremos de esperar el transporte en el almac\u00e9n.<\/p>\n<p>1TP5Cadena de tracci\u00f3n1TP5Cadena de protecci\u00f3n#23,5-25#cadenas de nieve<\/p>","protected":false},"excerpt":{"rendered":"<ul>\n<li>Certificado ISO 9001-2015<\/li>\n<li>Tratamiento t\u00e9rmico y refrigeraci\u00f3n<\/li>\n<\/ul>","protected":false},"featured_media":849,"template":"","meta":{"inline_featured_image":false,"_kad_post_transparent":"default","_kad_post_title":"","_kad_post_layout":"default","_kad_post_sidebar_id":"","_kad_post_content_style":"default","_kad_post_vertical_padding":"default","_kad_post_feature":"","_kad_post_feature_position":"","_kad_post_header":false,"_kad_post_footer":false},"product_brand":[],"product_cat":[24,30],"product_tag":[],"class_list":{"0":"post-846","1":"product","2":"type-product","3":"status-publish","4":"has-post-thumbnail","6":"product_cat-anti-skid-tire-chains","7":"product_cat-loader-grader-tire-chain","9":"first","10":"instock","11":"shipping-taxable","12":"product-type-simple","13":"entry","14":"content-bg","15":"loop-entry"},"yoast_head":"<!-- This site is optimized with the Yoast SEO plugin v25.4 - https:\/\/yoast.com\/wordpress\/plugins\/seo\/ -->\n<title>23.5-25 Ice Resistant and Wear-Resistant Protective Traction Chain - twchains<\/title>\n<meta name=\"robots\" content=\"index, follow, max-snippet:-1, max-image-preview:large, max-video-preview:-1\" \/>\n<link rel=\"canonical\" href=\"https:\/\/twchains.com\/es\/producto\/23-5-25-ice-resistant-and-wear-resistant-protective-traction-chain\/\" \/>\n<meta property=\"og:locale\" content=\"es_ES\" \/>\n<meta property=\"og:type\" content=\"article\" \/>\n<meta property=\"og:title\" content=\"23.5-25 Ice Resistant and Wear-Resistant Protective Traction Chain - twchains\" \/>\n<meta property=\"og:description\" content=\"ISO 9001-2015 Certificate  Heat Treatment &amp; Chilling\" \/>\n<meta property=\"og:url\" content=\"https:\/\/twchains.com\/es\/producto\/23-5-25-ice-resistant-and-wear-resistant-protective-traction-chain\/\" \/>\n<meta property=\"og:site_name\" content=\"twchains\" \/>\n<meta property=\"article:modified_time\" content=\"2025-05-14T08:27:03+00:00\" \/>\n<meta property=\"og:image\" content=\"https:\/\/twchains.com\/wp-content\/uploads\/2025\/05\/anti-skid-traction-chains-for-26.5-25-otr-mining-tyre.jpg\" \/>\n\t<meta property=\"og:image:width\" content=\"1080\" \/>\n\t<meta property=\"og:image:height\" content=\"1080\" \/>\n\t<meta property=\"og:image:type\" content=\"image\/jpeg\" \/>\n<meta name=\"twitter:card\" content=\"summary_large_image\" \/>\n<meta name=\"twitter:label1\" content=\"Tiempo de lectura\" \/>\n\t<meta name=\"twitter:data1\" content=\"2 minutos\" \/>\n<script type=\"application\/ld+json\" class=\"yoast-schema-graph\">{\"@context\":\"https:\/\/schema.org\",\"@graph\":[{\"@type\":\"WebPage\",\"@id\":\"https:\/\/twchains.com\/product\/23-5-25-ice-resistant-and-wear-resistant-protective-traction-chain\/\",\"url\":\"https:\/\/twchains.com\/product\/23-5-25-ice-resistant-and-wear-resistant-protective-traction-chain\/\",\"name\":\"23.5-25 Ice Resistant and Wear-Resistant Protective Traction Chain - twchains\",\"isPartOf\":{\"@id\":\"https:\/\/twchains.com\/#website\"},\"primaryImageOfPage\":{\"@id\":\"https:\/\/twchains.com\/product\/23-5-25-ice-resistant-and-wear-resistant-protective-traction-chain\/#primaryimage\"},\"image\":{\"@id\":\"https:\/\/twchains.com\/product\/23-5-25-ice-resistant-and-wear-resistant-protective-traction-chain\/#primaryimage\"},\"thumbnailUrl\":\"https:\/\/twchains.com\/wp-content\/uploads\/2025\/05\/anti-skid-traction-chains-for-26.5-25-otr-mining-tyre.jpg\",\"datePublished\":\"2025-05-14T08:08:42+00:00\",\"dateModified\":\"2025-05-14T08:27:03+00:00\",\"breadcrumb\":{\"@id\":\"https:\/\/twchains.com\/product\/23-5-25-ice-resistant-and-wear-resistant-protective-traction-chain\/#breadcrumb\"},\"inLanguage\":\"es\",\"potentialAction\":[{\"@type\":\"ReadAction\",\"target\":[\"https:\/\/twchains.com\/product\/23-5-25-ice-resistant-and-wear-resistant-protective-traction-chain\/\"]}]},{\"@type\":\"ImageObject\",\"inLanguage\":\"es\",\"@id\":\"https:\/\/twchains.com\/product\/23-5-25-ice-resistant-and-wear-resistant-protective-traction-chain\/#primaryimage\",\"url\":\"https:\/\/twchains.com\/wp-content\/uploads\/2025\/05\/anti-skid-traction-chains-for-26.5-25-otr-mining-tyre.jpg\",\"contentUrl\":\"https:\/\/twchains.com\/wp-content\/uploads\/2025\/05\/anti-skid-traction-chains-for-26.5-25-otr-mining-tyre.jpg\",\"width\":1080,\"height\":1080},{\"@type\":\"BreadcrumbList\",\"@id\":\"https:\/\/twchains.com\/product\/23-5-25-ice-resistant-and-wear-resistant-protective-traction-chain\/#breadcrumb\",\"itemListElement\":[{\"@type\":\"ListItem\",\"position\":1,\"name\":\"Home\",\"item\":\"https:\/\/twchains.com\/\"},{\"@type\":\"ListItem\",\"position\":2,\"name\":\"Products\",\"item\":\"https:\/\/twchains.com\/products\/\"},{\"@type\":\"ListItem\",\"position\":3,\"name\":\"23.5-25 Ice Resistant and Wear-Resistant Protective Traction Chain\"}]},{\"@type\":\"WebSite\",\"@id\":\"https:\/\/twchains.com\/#website\",\"url\":\"https:\/\/twchains.com\/\",\"name\":\"twchains\",\"description\":\"\",\"publisher\":{\"@id\":\"https:\/\/twchains.com\/#organization\"},\"potentialAction\":[{\"@type\":\"SearchAction\",\"target\":{\"@type\":\"EntryPoint\",\"urlTemplate\":\"https:\/\/twchains.com\/?s={search_term_string}\"},\"query-input\":{\"@type\":\"PropertyValueSpecification\",\"valueRequired\":true,\"valueName\":\"search_term_string\"}}],\"inLanguage\":\"es\"},{\"@type\":\"Organization\",\"@id\":\"https:\/\/twchains.com\/#organization\",\"name\":\"twchains\",\"url\":\"https:\/\/twchains.com\/\",\"logo\":{\"@type\":\"ImageObject\",\"inLanguage\":\"es\",\"@id\":\"https:\/\/twchains.com\/#\/schema\/logo\/image\/\",\"url\":\"https:\/\/twchains.com\/wp-content\/uploads\/2025\/04\/tongwei-logo-100.svg\",\"contentUrl\":\"https:\/\/twchains.com\/wp-content\/uploads\/2025\/04\/tongwei-logo-100.svg\",\"width\":128,\"height\":100,\"caption\":\"twchains\"},\"image\":{\"@id\":\"https:\/\/twchains.com\/#\/schema\/logo\/image\/\"}}]}<\/script>\n<!-- \/ Yoast SEO plugin. -->","yoast_head_json":{"title":"23.5-25 Ice Resistant and Wear-Resistant Protective Traction Chain - twchains","robots":{"index":"index","follow":"follow","max-snippet":"max-snippet:-1","max-image-preview":"max-image-preview:large","max-video-preview":"max-video-preview:-1"},"canonical":"https:\/\/twchains.com\/es\/producto\/23-5-25-ice-resistant-and-wear-resistant-protective-traction-chain\/","og_locale":"es_ES","og_type":"article","og_title":"23.5-25 Ice Resistant and Wear-Resistant Protective Traction Chain - twchains","og_description":"ISO 9001-2015 Certificate  Heat Treatment &amp; Chilling","og_url":"https:\/\/twchains.com\/es\/producto\/23-5-25-ice-resistant-and-wear-resistant-protective-traction-chain\/","og_site_name":"twchains","article_modified_time":"2025-05-14T08:27:03+00:00","og_image":[{"width":1080,"height":1080,"url":"https:\/\/twchains.com\/wp-content\/uploads\/2025\/05\/anti-skid-traction-chains-for-26.5-25-otr-mining-tyre.jpg","type":"image\/jpeg"}],"twitter_card":"summary_large_image","twitter_misc":{"Tiempo de lectura":"2 minutos"},"schema":{"@context":"https:\/\/schema.org","@graph":[{"@type":"WebPage","@id":"https:\/\/twchains.com\/product\/23-5-25-ice-resistant-and-wear-resistant-protective-traction-chain\/","url":"https:\/\/twchains.com\/product\/23-5-25-ice-resistant-and-wear-resistant-protective-traction-chain\/","name":"23.5-25 Ice Resistant and Wear-Resistant Protective Traction Chain - twchains","isPartOf":{"@id":"https:\/\/twchains.com\/#website"},"primaryImageOfPage":{"@id":"https:\/\/twchains.com\/product\/23-5-25-ice-resistant-and-wear-resistant-protective-traction-chain\/#primaryimage"},"image":{"@id":"https:\/\/twchains.com\/product\/23-5-25-ice-resistant-and-wear-resistant-protective-traction-chain\/#primaryimage"},"thumbnailUrl":"https:\/\/twchains.com\/wp-content\/uploads\/2025\/05\/anti-skid-traction-chains-for-26.5-25-otr-mining-tyre.jpg","datePublished":"2025-05-14T08:08:42+00:00","dateModified":"2025-05-14T08:27:03+00:00","breadcrumb":{"@id":"https:\/\/twchains.com\/product\/23-5-25-ice-resistant-and-wear-resistant-protective-traction-chain\/#breadcrumb"},"inLanguage":"es","potentialAction":[{"@type":"ReadAction","target":["https:\/\/twchains.com\/product\/23-5-25-ice-resistant-and-wear-resistant-protective-traction-chain\/"]}]},{"@type":"ImageObject","inLanguage":"es","@id":"https:\/\/twchains.com\/product\/23-5-25-ice-resistant-and-wear-resistant-protective-traction-chain\/#primaryimage","url":"https:\/\/twchains.com\/wp-content\/uploads\/2025\/05\/anti-skid-traction-chains-for-26.5-25-otr-mining-tyre.jpg","contentUrl":"https:\/\/twchains.com\/wp-content\/uploads\/2025\/05\/anti-skid-traction-chains-for-26.5-25-otr-mining-tyre.jpg","width":1080,"height":1080},{"@type":"BreadcrumbList","@id":"https:\/\/twchains.com\/product\/23-5-25-ice-resistant-and-wear-resistant-protective-traction-chain\/#breadcrumb","itemListElement":[{"@type":"ListItem","position":1,"name":"Home","item":"https:\/\/twchains.com\/"},{"@type":"ListItem","position":2,"name":"Products","item":"https:\/\/twchains.com\/products\/"},{"@type":"ListItem","position":3,"name":"23.5-25 Ice Resistant and Wear-Resistant Protective Traction Chain"}]},{"@type":"WebSite","@id":"https:\/\/twchains.com\/#website","url":"https:\/\/twchains.com\/","name":"twchains","description":"","publisher":{"@id":"https:\/\/twchains.com\/#organization"},"potentialAction":[{"@type":"SearchAction","target":{"@type":"EntryPoint","urlTemplate":"https:\/\/twchains.com\/?s={search_term_string}"},"query-input":{"@type":"PropertyValueSpecification","valueRequired":true,"valueName":"search_term_string"}}],"inLanguage":"es"},{"@type":"Organization","@id":"https:\/\/twchains.com\/#organization","name":"twchains","url":"https:\/\/twchains.com\/","logo":{"@type":"ImageObject","inLanguage":"es","@id":"https:\/\/twchains.com\/#\/schema\/logo\/image\/","url":"https:\/\/twchains.com\/wp-content\/uploads\/2025\/04\/tongwei-logo-100.svg","contentUrl":"https:\/\/twchains.com\/wp-content\/uploads\/2025\/04\/tongwei-logo-100.svg","width":128,"height":100,"caption":"twchains"},"image":{"@id":"https:\/\/twchains.com\/#\/schema\/logo\/image\/"}}]}},"_links":{"self":[{"href":"https:\/\/twchains.com\/es\/wp-json\/wp\/v2\/product\/846","targetHints":{"allow":["GET"]}}],"collection":[{"href":"https:\/\/twchains.com\/es\/wp-json\/wp\/v2\/product"}],"about":[{"href":"https:\/\/twchains.com\/es\/wp-json\/wp\/v2\/types\/product"}],"wp:featuredmedia":[{"embeddable":true,"href":"https:\/\/twchains.com\/es\/wp-json\/wp\/v2\/media\/849"}],"wp:attachment":[{"href":"https:\/\/twchains.com\/es\/wp-json\/wp\/v2\/media?parent=846"}],"wp:term":[{"taxonomy":"product_brand","embeddable":true,"href":"https:\/\/twchains.com\/es\/wp-json\/wp\/v2\/product_brand?post=846"},{"taxonomy":"product_cat","embeddable":true,"href":"https:\/\/twchains.com\/es\/wp-json\/wp\/v2\/product_cat?post=846"},{"taxonomy":"product_tag","embeddable":true,"href":"https:\/\/twchains.com\/es\/wp-json\/wp\/v2\/product_tag?post=846"}],"curies":[{"name":"wp","href":"https:\/\/api.w.org\/{rel}","templated":true}]}}