{"id":852,"date":"2025-05-14T08:25:44","date_gmt":"2025-05-14T08:25:44","guid":{"rendered":"https:\/\/twchains.com\/?post_type=product&#038;p=852"},"modified":"2025-05-14T08:25:44","modified_gmt":"2025-05-14T08:25:44","slug":"23-5-25-mining-tyre-protection-chain-with-carbonized-and-quenched-for-dump-truck","status":"publish","type":"product","link":"https:\/\/twchains.com\/es\/producto\/23-5-25-mining-tyre-protection-chain-with-carbonized-and-quenched-for-dump-truck\/","title":{"rendered":"23.5-25 Cadena de Protecci\u00f3n de Neum\u00e1ticos de Miner\u00eda con Carbonizado y Templado para Cami\u00f3n Volquete"},"content":{"rendered":"<p>La dureza del componente principal de la cadena de protecci\u00f3n de neum\u00e1ticos tras la cementaci\u00f3n aument\u00f3 de 53hrc a 61hrc, la dureza superficial del anillo circular aument\u00f3 de 45hrc a 56hrc, y la dureza central del anillo circular alcanz\u00f3 los 50hrc.<\/p>\n<p>Este es el registro de inspecci\u00f3n de los datos de carburaci\u00f3n a 1,2 mil\u00edmetros.<\/p>\n<p>Generalmente, en minas de hierro o entornos de trabajo duros, o para modelos de cadenas de protecci\u00f3n de neum\u00e1ticos m\u00e1s grandes que operan en entornos de alto desgaste y alto impacto, los clientes elegir\u00e1n el tratamiento de carburaci\u00f3n. La carburaci\u00f3n puede realizarse a profundidades de 1,2 mm, 2 mm, 3 mm, etc., seg\u00fan las necesidades.<br \/>\nTras la carburaci\u00f3n, se forma una capa de alto contenido en carbono en la superficie del eslab\u00f3n de la cadena, lo que aumenta su resistencia al desgaste m\u00e1s de tres veces y reduce el desgaste causado por la fricci\u00f3n con el suelo. Mediante una estructura gradiente de \"dureza externa y tenacidad interna\" (alta dureza superficial+tenacidad de bajo contenido en carbono del n\u00facleo), el eslab\u00f3n de la cadena no se rompe f\u00e1cilmente cuando se somete a impactos de piedras o a impactos de cargas pesadas, lo que prolonga su vida \u00fatil.<\/p>\n<p>1TP5Cadenas mineras1TP5Cadenas mineras1TP5Cadenas mineras1TP5Cadenas mineras1TP5Cadenas mineras1TP5Cadenas mineras#otrtyre<\/p>","protected":false},"excerpt":{"rendered":"<ul>\n<li>Proporcionar certificado de ensayo de molienda<\/li>\n<li>Certificado de origen<\/li>\n<\/ul>","protected":false},"featured_media":855,"template":"","meta":{"inline_featured_image":false,"_kad_post_transparent":"default","_kad_post_title":"","_kad_post_layout":"default","_kad_post_sidebar_id":"","_kad_post_content_style":"default","_kad_post_vertical_padding":"default","_kad_post_feature":"","_kad_post_feature_position":"","_kad_post_header":false,"_kad_post_footer":false},"product_brand":[],"product_cat":[27,26],"product_tag":[],"class_list":{"0":"post-852","1":"product","2":"type-product","3":"status-publish","4":"has-post-thumbnail","6":"product_cat-encryption","7":"product_cat-reinforced","9":"first","10":"instock","11":"shipping-taxable","12":"product-type-simple","13":"entry","14":"content-bg","15":"loop-entry"},"yoast_head":"<!-- This site is optimized with the Yoast SEO plugin v25.4 - https:\/\/yoast.com\/wordpress\/plugins\/seo\/ -->\n<title>23.5-25 Mining Tyre Protection Chain with Carbonized and Quenched for Dump Truck - twchains<\/title>\n<meta name=\"robots\" content=\"index, follow, max-snippet:-1, max-image-preview:large, max-video-preview:-1\" \/>\n<link rel=\"canonical\" href=\"https:\/\/twchains.com\/es\/producto\/23-5-25-mining-tyre-protection-chain-with-carbonized-and-quenched-for-dump-truck\/\" \/>\n<meta property=\"og:locale\" content=\"es_ES\" \/>\n<meta property=\"og:type\" content=\"article\" \/>\n<meta property=\"og:title\" content=\"23.5-25 Mining Tyre Protection Chain with Carbonized and Quenched for Dump Truck - twchains\" \/>\n<meta property=\"og:description\" content=\"Provide Mill Test Certificate  Certificate of Origin\" \/>\n<meta property=\"og:url\" content=\"https:\/\/twchains.com\/es\/producto\/23-5-25-mining-tyre-protection-chain-with-carbonized-and-quenched-for-dump-truck\/\" \/>\n<meta property=\"og:site_name\" content=\"twchains\" \/>\n<meta property=\"og:image\" content=\"https:\/\/twchains.com\/wp-content\/uploads\/2025\/05\/High-temperature-resistant-anti-skid-chains-for-steel-mills.jpg\" \/>\n\t<meta property=\"og:image:width\" content=\"1080\" \/>\n\t<meta property=\"og:image:height\" content=\"1080\" \/>\n\t<meta property=\"og:image:type\" content=\"image\/jpeg\" \/>\n<meta name=\"twitter:card\" content=\"summary_large_image\" \/>\n<meta name=\"twitter:label1\" content=\"Tiempo de lectura\" \/>\n\t<meta name=\"twitter:data1\" content=\"1 minuto\" \/>\n<script type=\"application\/ld+json\" class=\"yoast-schema-graph\">{\"@context\":\"https:\/\/schema.org\",\"@graph\":[{\"@type\":\"WebPage\",\"@id\":\"https:\/\/twchains.com\/product\/23-5-25-mining-tyre-protection-chain-with-carbonized-and-quenched-for-dump-truck\/\",\"url\":\"https:\/\/twchains.com\/product\/23-5-25-mining-tyre-protection-chain-with-carbonized-and-quenched-for-dump-truck\/\",\"name\":\"23.5-25 Mining Tyre Protection Chain with Carbonized and Quenched for Dump Truck - twchains\",\"isPartOf\":{\"@id\":\"https:\/\/twchains.com\/#website\"},\"primaryImageOfPage\":{\"@id\":\"https:\/\/twchains.com\/product\/23-5-25-mining-tyre-protection-chain-with-carbonized-and-quenched-for-dump-truck\/#primaryimage\"},\"image\":{\"@id\":\"https:\/\/twchains.com\/product\/23-5-25-mining-tyre-protection-chain-with-carbonized-and-quenched-for-dump-truck\/#primaryimage\"},\"thumbnailUrl\":\"https:\/\/twchains.com\/wp-content\/uploads\/2025\/05\/High-temperature-resistant-anti-skid-chains-for-steel-mills.jpg\",\"datePublished\":\"2025-05-14T08:25:44+00:00\",\"breadcrumb\":{\"@id\":\"https:\/\/twchains.com\/product\/23-5-25-mining-tyre-protection-chain-with-carbonized-and-quenched-for-dump-truck\/#breadcrumb\"},\"inLanguage\":\"es\",\"potentialAction\":[{\"@type\":\"ReadAction\",\"target\":[\"https:\/\/twchains.com\/product\/23-5-25-mining-tyre-protection-chain-with-carbonized-and-quenched-for-dump-truck\/\"]}]},{\"@type\":\"ImageObject\",\"inLanguage\":\"es\",\"@id\":\"https:\/\/twchains.com\/product\/23-5-25-mining-tyre-protection-chain-with-carbonized-and-quenched-for-dump-truck\/#primaryimage\",\"url\":\"https:\/\/twchains.com\/wp-content\/uploads\/2025\/05\/High-temperature-resistant-anti-skid-chains-for-steel-mills.jpg\",\"contentUrl\":\"https:\/\/twchains.com\/wp-content\/uploads\/2025\/05\/High-temperature-resistant-anti-skid-chains-for-steel-mills.jpg\",\"width\":1080,\"height\":1080},{\"@type\":\"BreadcrumbList\",\"@id\":\"https:\/\/twchains.com\/product\/23-5-25-mining-tyre-protection-chain-with-carbonized-and-quenched-for-dump-truck\/#breadcrumb\",\"itemListElement\":[{\"@type\":\"ListItem\",\"position\":1,\"name\":\"Home\",\"item\":\"https:\/\/twchains.com\/\"},{\"@type\":\"ListItem\",\"position\":2,\"name\":\"Products\",\"item\":\"https:\/\/twchains.com\/products\/\"},{\"@type\":\"ListItem\",\"position\":3,\"name\":\"23.5-25 Mining Tyre Protection Chain with Carbonized and Quenched for Dump Truck\"}]},{\"@type\":\"WebSite\",\"@id\":\"https:\/\/twchains.com\/#website\",\"url\":\"https:\/\/twchains.com\/\",\"name\":\"twchains\",\"description\":\"\",\"publisher\":{\"@id\":\"https:\/\/twchains.com\/#organization\"},\"potentialAction\":[{\"@type\":\"SearchAction\",\"target\":{\"@type\":\"EntryPoint\",\"urlTemplate\":\"https:\/\/twchains.com\/?s={search_term_string}\"},\"query-input\":{\"@type\":\"PropertyValueSpecification\",\"valueRequired\":true,\"valueName\":\"search_term_string\"}}],\"inLanguage\":\"es\"},{\"@type\":\"Organization\",\"@id\":\"https:\/\/twchains.com\/#organization\",\"name\":\"twchains\",\"url\":\"https:\/\/twchains.com\/\",\"logo\":{\"@type\":\"ImageObject\",\"inLanguage\":\"es\",\"@id\":\"https:\/\/twchains.com\/#\/schema\/logo\/image\/\",\"url\":\"https:\/\/twchains.com\/wp-content\/uploads\/2025\/04\/tongwei-logo-100.svg\",\"contentUrl\":\"https:\/\/twchains.com\/wp-content\/uploads\/2025\/04\/tongwei-logo-100.svg\",\"width\":128,\"height\":100,\"caption\":\"twchains\"},\"image\":{\"@id\":\"https:\/\/twchains.com\/#\/schema\/logo\/image\/\"}}]}<\/script>\n<!-- \/ Yoast SEO plugin. -->","yoast_head_json":{"title":"23.5-25 Mining Tyre Protection Chain with Carbonized and Quenched for Dump Truck - twchains","robots":{"index":"index","follow":"follow","max-snippet":"max-snippet:-1","max-image-preview":"max-image-preview:large","max-video-preview":"max-video-preview:-1"},"canonical":"https:\/\/twchains.com\/es\/producto\/23-5-25-mining-tyre-protection-chain-with-carbonized-and-quenched-for-dump-truck\/","og_locale":"es_ES","og_type":"article","og_title":"23.5-25 Mining Tyre Protection Chain with Carbonized and Quenched for Dump Truck - twchains","og_description":"Provide Mill Test Certificate  Certificate of Origin","og_url":"https:\/\/twchains.com\/es\/producto\/23-5-25-mining-tyre-protection-chain-with-carbonized-and-quenched-for-dump-truck\/","og_site_name":"twchains","og_image":[{"width":1080,"height":1080,"url":"https:\/\/twchains.com\/wp-content\/uploads\/2025\/05\/High-temperature-resistant-anti-skid-chains-for-steel-mills.jpg","type":"image\/jpeg"}],"twitter_card":"summary_large_image","twitter_misc":{"Tiempo de lectura":"1 minuto"},"schema":{"@context":"https:\/\/schema.org","@graph":[{"@type":"WebPage","@id":"https:\/\/twchains.com\/product\/23-5-25-mining-tyre-protection-chain-with-carbonized-and-quenched-for-dump-truck\/","url":"https:\/\/twchains.com\/product\/23-5-25-mining-tyre-protection-chain-with-carbonized-and-quenched-for-dump-truck\/","name":"23.5-25 Mining Tyre Protection Chain with Carbonized and Quenched for Dump Truck - twchains","isPartOf":{"@id":"https:\/\/twchains.com\/#website"},"primaryImageOfPage":{"@id":"https:\/\/twchains.com\/product\/23-5-25-mining-tyre-protection-chain-with-carbonized-and-quenched-for-dump-truck\/#primaryimage"},"image":{"@id":"https:\/\/twchains.com\/product\/23-5-25-mining-tyre-protection-chain-with-carbonized-and-quenched-for-dump-truck\/#primaryimage"},"thumbnailUrl":"https:\/\/twchains.com\/wp-content\/uploads\/2025\/05\/High-temperature-resistant-anti-skid-chains-for-steel-mills.jpg","datePublished":"2025-05-14T08:25:44+00:00","breadcrumb":{"@id":"https:\/\/twchains.com\/product\/23-5-25-mining-tyre-protection-chain-with-carbonized-and-quenched-for-dump-truck\/#breadcrumb"},"inLanguage":"es","potentialAction":[{"@type":"ReadAction","target":["https:\/\/twchains.com\/product\/23-5-25-mining-tyre-protection-chain-with-carbonized-and-quenched-for-dump-truck\/"]}]},{"@type":"ImageObject","inLanguage":"es","@id":"https:\/\/twchains.com\/product\/23-5-25-mining-tyre-protection-chain-with-carbonized-and-quenched-for-dump-truck\/#primaryimage","url":"https:\/\/twchains.com\/wp-content\/uploads\/2025\/05\/High-temperature-resistant-anti-skid-chains-for-steel-mills.jpg","contentUrl":"https:\/\/twchains.com\/wp-content\/uploads\/2025\/05\/High-temperature-resistant-anti-skid-chains-for-steel-mills.jpg","width":1080,"height":1080},{"@type":"BreadcrumbList","@id":"https:\/\/twchains.com\/product\/23-5-25-mining-tyre-protection-chain-with-carbonized-and-quenched-for-dump-truck\/#breadcrumb","itemListElement":[{"@type":"ListItem","position":1,"name":"Home","item":"https:\/\/twchains.com\/"},{"@type":"ListItem","position":2,"name":"Products","item":"https:\/\/twchains.com\/products\/"},{"@type":"ListItem","position":3,"name":"23.5-25 Mining Tyre Protection Chain with Carbonized and Quenched for Dump Truck"}]},{"@type":"WebSite","@id":"https:\/\/twchains.com\/#website","url":"https:\/\/twchains.com\/","name":"twchains","description":"","publisher":{"@id":"https:\/\/twchains.com\/#organization"},"potentialAction":[{"@type":"SearchAction","target":{"@type":"EntryPoint","urlTemplate":"https:\/\/twchains.com\/?s={search_term_string}"},"query-input":{"@type":"PropertyValueSpecification","valueRequired":true,"valueName":"search_term_string"}}],"inLanguage":"es"},{"@type":"Organization","@id":"https:\/\/twchains.com\/#organization","name":"twchains","url":"https:\/\/twchains.com\/","logo":{"@type":"ImageObject","inLanguage":"es","@id":"https:\/\/twchains.com\/#\/schema\/logo\/image\/","url":"https:\/\/twchains.com\/wp-content\/uploads\/2025\/04\/tongwei-logo-100.svg","contentUrl":"https:\/\/twchains.com\/wp-content\/uploads\/2025\/04\/tongwei-logo-100.svg","width":128,"height":100,"caption":"twchains"},"image":{"@id":"https:\/\/twchains.com\/#\/schema\/logo\/image\/"}}]}},"_links":{"self":[{"href":"https:\/\/twchains.com\/es\/wp-json\/wp\/v2\/product\/852","targetHints":{"allow":["GET"]}}],"collection":[{"href":"https:\/\/twchains.com\/es\/wp-json\/wp\/v2\/product"}],"about":[{"href":"https:\/\/twchains.com\/es\/wp-json\/wp\/v2\/types\/product"}],"wp:featuredmedia":[{"embeddable":true,"href":"https:\/\/twchains.com\/es\/wp-json\/wp\/v2\/media\/855"}],"wp:attachment":[{"href":"https:\/\/twchains.com\/es\/wp-json\/wp\/v2\/media?parent=852"}],"wp:term":[{"taxonomy":"product_brand","embeddable":true,"href":"https:\/\/twchains.com\/es\/wp-json\/wp\/v2\/product_brand?post=852"},{"taxonomy":"product_cat","embeddable":true,"href":"https:\/\/twchains.com\/es\/wp-json\/wp\/v2\/product_cat?post=852"},{"taxonomy":"product_tag","embeddable":true,"href":"https:\/\/twchains.com\/es\/wp-json\/wp\/v2\/product_tag?post=852"}],"curies":[{"name":"wp","href":"https:\/\/api.w.org\/{rel}","templated":true}]}}