{"id":856,"date":"2025-05-14T08:46:21","date_gmt":"2025-05-14T08:46:21","guid":{"rendered":"https:\/\/twchains.com\/?post_type=product&#038;p=856"},"modified":"2025-05-14T08:46:21","modified_gmt":"2025-05-14T08:46:21","slug":"23-5r25-26-5r25-29-5r29-popular-carbon-armor-protection-chain","status":"publish","type":"product","link":"https:\/\/twchains.com\/es\/producto\/23-5r25-26-5r25-29-5r29-popular-carbon-armor-protection-chain\/","title":{"rendered":"23.5r25 26.5r25 29.5r29 Cadena Popular Carbon Armor Protection"},"content":{"rendered":"<p>En los \u00faltimos a\u00f1os, cada vez m\u00e1s clientes han solicitado que las cadenas de protecci\u00f3n de neum\u00e1ticos se sometan a un tratamiento de carburaci\u00f3n, con una superficie tan dura como una armadura.<\/p>\n<p>Ahora disponemos de dos tipos de cadenas de protecci\u00f3n de neum\u00e1ticos, una sin carburizaci\u00f3n y otra con tratamiento de carburizaci\u00f3n;<\/p>\n<p>Ya se trate de cadenas de protecci\u00f3n de neum\u00e1ticos de peque\u00f1o tama\u00f1o que trabajan en t\u00faneles, minas de hierro, minas, o neum\u00e1ticos de miner\u00eda de gran tama\u00f1o que trabajan en entornos de trabajo extremadamente duros, como escoria de acero caliente, acer\u00edas, cadenas de protecci\u00f3n de neum\u00e1ticos gigantes como 45\/65r39, 45\/65r45, 50\/85r57, 59\/80r63, etc. Despu\u00e9s del tratamiento de carburaci\u00f3n, puede reducir las microfisuras en los eslabones de la cadena bajo flexi\u00f3n y estiramiento repetidos, evitar la rotura repentina causada por la fatiga del metal y tener mayor seguridad. Aunque los costes de carburaci\u00f3n aumentan en unos 15-20%, la vida \u00fatil se prolonga en m\u00e1s de 50%, y se reduce la frecuencia de parada y sustituci\u00f3n. El coste total se reduce realmente.<\/p>\n<p>1TP5Cadena popular1TP5Cadena de protecci\u00f3n#\u00fanel1TP5Mina#gianttyre#tyrecadena de protecci\u00f3n<\/p>","protected":false},"excerpt":{"rendered":"<ul>\n<li>Directamente de f\u00e1brica<\/li>\n<li>Cadenas para palas cargadoras<\/li>\n<\/ul>","protected":false},"featured_media":857,"template":"","meta":{"inline_featured_image":false,"_kad_post_transparent":"default","_kad_post_title":"","_kad_post_layout":"default","_kad_post_sidebar_id":"","_kad_post_content_style":"default","_kad_post_vertical_padding":"default","_kad_post_feature":"","_kad_post_feature_position":"","_kad_post_header":false,"_kad_post_footer":false},"product_brand":[],"product_cat":[28,26],"product_tag":[],"class_list":{"0":"post-856","1":"product","2":"type-product","3":"status-publish","4":"has-post-thumbnail","6":"product_cat-heavy-duty","7":"product_cat-reinforced","9":"first","10":"instock","11":"shipping-taxable","12":"product-type-simple","13":"entry","14":"content-bg","15":"loop-entry"},"yoast_head":"<!-- This site is optimized with the Yoast SEO plugin v25.4 - https:\/\/yoast.com\/wordpress\/plugins\/seo\/ -->\n<title>23.5r25 26.5r25 29.5r29 Popular Carbon Armor Protection Chain - twchains<\/title>\n<meta name=\"robots\" content=\"index, follow, max-snippet:-1, max-image-preview:large, max-video-preview:-1\" \/>\n<link rel=\"canonical\" href=\"https:\/\/twchains.com\/es\/producto\/23-5r25-26-5r25-29-5r29-popular-carbon-armor-protection-chain\/\" \/>\n<meta property=\"og:locale\" content=\"es_ES\" \/>\n<meta property=\"og:type\" content=\"article\" \/>\n<meta property=\"og:title\" content=\"23.5r25 26.5r25 29.5r29 Popular Carbon Armor Protection Chain - twchains\" \/>\n<meta property=\"og:description\" content=\"Factory Directly  Loader Tire Chains\" \/>\n<meta property=\"og:url\" content=\"https:\/\/twchains.com\/es\/producto\/23-5r25-26-5r25-29-5r29-popular-carbon-armor-protection-chain\/\" \/>\n<meta property=\"og:site_name\" content=\"twchains\" \/>\n<meta property=\"og:image\" content=\"https:\/\/twchains.com\/wp-content\/uploads\/2025\/05\/3565-33-otr-mining-tyre-protection-chain-for-wheel-loader-.jpg\" \/>\n\t<meta property=\"og:image:width\" content=\"1080\" \/>\n\t<meta property=\"og:image:height\" content=\"1080\" \/>\n\t<meta property=\"og:image:type\" content=\"image\/jpeg\" \/>\n<meta name=\"twitter:card\" content=\"summary_large_image\" \/>\n<meta name=\"twitter:label1\" content=\"Tiempo de lectura\" \/>\n\t<meta name=\"twitter:data1\" content=\"1 minuto\" \/>\n<script type=\"application\/ld+json\" class=\"yoast-schema-graph\">{\"@context\":\"https:\/\/schema.org\",\"@graph\":[{\"@type\":\"WebPage\",\"@id\":\"https:\/\/twchains.com\/product\/23-5r25-26-5r25-29-5r29-popular-carbon-armor-protection-chain\/\",\"url\":\"https:\/\/twchains.com\/product\/23-5r25-26-5r25-29-5r29-popular-carbon-armor-protection-chain\/\",\"name\":\"23.5r25 26.5r25 29.5r29 Popular Carbon Armor Protection Chain - twchains\",\"isPartOf\":{\"@id\":\"https:\/\/twchains.com\/#website\"},\"primaryImageOfPage\":{\"@id\":\"https:\/\/twchains.com\/product\/23-5r25-26-5r25-29-5r29-popular-carbon-armor-protection-chain\/#primaryimage\"},\"image\":{\"@id\":\"https:\/\/twchains.com\/product\/23-5r25-26-5r25-29-5r29-popular-carbon-armor-protection-chain\/#primaryimage\"},\"thumbnailUrl\":\"https:\/\/twchains.com\/wp-content\/uploads\/2025\/05\/3565-33-otr-mining-tyre-protection-chain-for-wheel-loader-.jpg\",\"datePublished\":\"2025-05-14T08:46:21+00:00\",\"breadcrumb\":{\"@id\":\"https:\/\/twchains.com\/product\/23-5r25-26-5r25-29-5r29-popular-carbon-armor-protection-chain\/#breadcrumb\"},\"inLanguage\":\"es\",\"potentialAction\":[{\"@type\":\"ReadAction\",\"target\":[\"https:\/\/twchains.com\/product\/23-5r25-26-5r25-29-5r29-popular-carbon-armor-protection-chain\/\"]}]},{\"@type\":\"ImageObject\",\"inLanguage\":\"es\",\"@id\":\"https:\/\/twchains.com\/product\/23-5r25-26-5r25-29-5r29-popular-carbon-armor-protection-chain\/#primaryimage\",\"url\":\"https:\/\/twchains.com\/wp-content\/uploads\/2025\/05\/3565-33-otr-mining-tyre-protection-chain-for-wheel-loader-.jpg\",\"contentUrl\":\"https:\/\/twchains.com\/wp-content\/uploads\/2025\/05\/3565-33-otr-mining-tyre-protection-chain-for-wheel-loader-.jpg\",\"width\":1080,\"height\":1080},{\"@type\":\"BreadcrumbList\",\"@id\":\"https:\/\/twchains.com\/product\/23-5r25-26-5r25-29-5r29-popular-carbon-armor-protection-chain\/#breadcrumb\",\"itemListElement\":[{\"@type\":\"ListItem\",\"position\":1,\"name\":\"Home\",\"item\":\"https:\/\/twchains.com\/\"},{\"@type\":\"ListItem\",\"position\":2,\"name\":\"Products\",\"item\":\"https:\/\/twchains.com\/products\/\"},{\"@type\":\"ListItem\",\"position\":3,\"name\":\"23.5r25 26.5r25 29.5r29 Popular Carbon Armor Protection Chain\"}]},{\"@type\":\"WebSite\",\"@id\":\"https:\/\/twchains.com\/#website\",\"url\":\"https:\/\/twchains.com\/\",\"name\":\"twchains\",\"description\":\"\",\"publisher\":{\"@id\":\"https:\/\/twchains.com\/#organization\"},\"potentialAction\":[{\"@type\":\"SearchAction\",\"target\":{\"@type\":\"EntryPoint\",\"urlTemplate\":\"https:\/\/twchains.com\/?s={search_term_string}\"},\"query-input\":{\"@type\":\"PropertyValueSpecification\",\"valueRequired\":true,\"valueName\":\"search_term_string\"}}],\"inLanguage\":\"es\"},{\"@type\":\"Organization\",\"@id\":\"https:\/\/twchains.com\/#organization\",\"name\":\"twchains\",\"url\":\"https:\/\/twchains.com\/\",\"logo\":{\"@type\":\"ImageObject\",\"inLanguage\":\"es\",\"@id\":\"https:\/\/twchains.com\/#\/schema\/logo\/image\/\",\"url\":\"https:\/\/twchains.com\/wp-content\/uploads\/2025\/04\/tongwei-logo-100.svg\",\"contentUrl\":\"https:\/\/twchains.com\/wp-content\/uploads\/2025\/04\/tongwei-logo-100.svg\",\"width\":128,\"height\":100,\"caption\":\"twchains\"},\"image\":{\"@id\":\"https:\/\/twchains.com\/#\/schema\/logo\/image\/\"}}]}<\/script>\n<!-- \/ Yoast SEO plugin. -->","yoast_head_json":{"title":"23.5r25 26.5r25 29.5r29 Popular Carbon Armor Protection Chain - twchains","robots":{"index":"index","follow":"follow","max-snippet":"max-snippet:-1","max-image-preview":"max-image-preview:large","max-video-preview":"max-video-preview:-1"},"canonical":"https:\/\/twchains.com\/es\/producto\/23-5r25-26-5r25-29-5r29-popular-carbon-armor-protection-chain\/","og_locale":"es_ES","og_type":"article","og_title":"23.5r25 26.5r25 29.5r29 Popular Carbon Armor Protection Chain - twchains","og_description":"Factory Directly  Loader Tire Chains","og_url":"https:\/\/twchains.com\/es\/producto\/23-5r25-26-5r25-29-5r29-popular-carbon-armor-protection-chain\/","og_site_name":"twchains","og_image":[{"width":1080,"height":1080,"url":"https:\/\/twchains.com\/wp-content\/uploads\/2025\/05\/3565-33-otr-mining-tyre-protection-chain-for-wheel-loader-.jpg","type":"image\/jpeg"}],"twitter_card":"summary_large_image","twitter_misc":{"Tiempo de lectura":"1 minuto"},"schema":{"@context":"https:\/\/schema.org","@graph":[{"@type":"WebPage","@id":"https:\/\/twchains.com\/product\/23-5r25-26-5r25-29-5r29-popular-carbon-armor-protection-chain\/","url":"https:\/\/twchains.com\/product\/23-5r25-26-5r25-29-5r29-popular-carbon-armor-protection-chain\/","name":"23.5r25 26.5r25 29.5r29 Popular Carbon Armor Protection Chain - twchains","isPartOf":{"@id":"https:\/\/twchains.com\/#website"},"primaryImageOfPage":{"@id":"https:\/\/twchains.com\/product\/23-5r25-26-5r25-29-5r29-popular-carbon-armor-protection-chain\/#primaryimage"},"image":{"@id":"https:\/\/twchains.com\/product\/23-5r25-26-5r25-29-5r29-popular-carbon-armor-protection-chain\/#primaryimage"},"thumbnailUrl":"https:\/\/twchains.com\/wp-content\/uploads\/2025\/05\/3565-33-otr-mining-tyre-protection-chain-for-wheel-loader-.jpg","datePublished":"2025-05-14T08:46:21+00:00","breadcrumb":{"@id":"https:\/\/twchains.com\/product\/23-5r25-26-5r25-29-5r29-popular-carbon-armor-protection-chain\/#breadcrumb"},"inLanguage":"es","potentialAction":[{"@type":"ReadAction","target":["https:\/\/twchains.com\/product\/23-5r25-26-5r25-29-5r29-popular-carbon-armor-protection-chain\/"]}]},{"@type":"ImageObject","inLanguage":"es","@id":"https:\/\/twchains.com\/product\/23-5r25-26-5r25-29-5r29-popular-carbon-armor-protection-chain\/#primaryimage","url":"https:\/\/twchains.com\/wp-content\/uploads\/2025\/05\/3565-33-otr-mining-tyre-protection-chain-for-wheel-loader-.jpg","contentUrl":"https:\/\/twchains.com\/wp-content\/uploads\/2025\/05\/3565-33-otr-mining-tyre-protection-chain-for-wheel-loader-.jpg","width":1080,"height":1080},{"@type":"BreadcrumbList","@id":"https:\/\/twchains.com\/product\/23-5r25-26-5r25-29-5r29-popular-carbon-armor-protection-chain\/#breadcrumb","itemListElement":[{"@type":"ListItem","position":1,"name":"Home","item":"https:\/\/twchains.com\/"},{"@type":"ListItem","position":2,"name":"Products","item":"https:\/\/twchains.com\/products\/"},{"@type":"ListItem","position":3,"name":"23.5r25 26.5r25 29.5r29 Popular Carbon Armor Protection Chain"}]},{"@type":"WebSite","@id":"https:\/\/twchains.com\/#website","url":"https:\/\/twchains.com\/","name":"twchains","description":"","publisher":{"@id":"https:\/\/twchains.com\/#organization"},"potentialAction":[{"@type":"SearchAction","target":{"@type":"EntryPoint","urlTemplate":"https:\/\/twchains.com\/?s={search_term_string}"},"query-input":{"@type":"PropertyValueSpecification","valueRequired":true,"valueName":"search_term_string"}}],"inLanguage":"es"},{"@type":"Organization","@id":"https:\/\/twchains.com\/#organization","name":"twchains","url":"https:\/\/twchains.com\/","logo":{"@type":"ImageObject","inLanguage":"es","@id":"https:\/\/twchains.com\/#\/schema\/logo\/image\/","url":"https:\/\/twchains.com\/wp-content\/uploads\/2025\/04\/tongwei-logo-100.svg","contentUrl":"https:\/\/twchains.com\/wp-content\/uploads\/2025\/04\/tongwei-logo-100.svg","width":128,"height":100,"caption":"twchains"},"image":{"@id":"https:\/\/twchains.com\/#\/schema\/logo\/image\/"}}]}},"_links":{"self":[{"href":"https:\/\/twchains.com\/es\/wp-json\/wp\/v2\/product\/856","targetHints":{"allow":["GET"]}}],"collection":[{"href":"https:\/\/twchains.com\/es\/wp-json\/wp\/v2\/product"}],"about":[{"href":"https:\/\/twchains.com\/es\/wp-json\/wp\/v2\/types\/product"}],"wp:featuredmedia":[{"embeddable":true,"href":"https:\/\/twchains.com\/es\/wp-json\/wp\/v2\/media\/857"}],"wp:attachment":[{"href":"https:\/\/twchains.com\/es\/wp-json\/wp\/v2\/media?parent=856"}],"wp:term":[{"taxonomy":"product_brand","embeddable":true,"href":"https:\/\/twchains.com\/es\/wp-json\/wp\/v2\/product_brand?post=856"},{"taxonomy":"product_cat","embeddable":true,"href":"https:\/\/twchains.com\/es\/wp-json\/wp\/v2\/product_cat?post=856"},{"taxonomy":"product_tag","embeddable":true,"href":"https:\/\/twchains.com\/es\/wp-json\/wp\/v2\/product_tag?post=856"}],"curies":[{"name":"wp","href":"https:\/\/api.w.org\/{rel}","templated":true}]}}