{"id":989,"date":"2025-06-12T02:58:11","date_gmt":"2025-06-12T02:58:11","guid":{"rendered":"https:\/\/twchains.com\/?post_type=product&#038;p=989"},"modified":"2025-06-12T02:58:11","modified_gmt":"2025-06-12T02:58:11","slug":"18mm-carburization-mining-heavy-duty-chains-35-65r33-45-65-39-with-61hrc","status":"publish","type":"product","link":"https:\/\/twchains.com\/es\/producto\/18mm-carburization-mining-heavy-duty-chains-35-65r33-45-65-39-with-61hrc\/","title":{"rendered":"Cadenas de servicio pesado para miner\u00eda con carburaci\u00f3n de 18 mm 35\/65r33 45\/65-39 con 61HRC"},"content":{"rendered":"<p>Esta es la opini\u00f3n de un cliente distribuidor de cadenas de protecci\u00f3n de neum\u00e1ticos de Oriente Medio. En el mercado de Oriente Medio, los clientes suelen preferir estilos espec\u00edficos de cadenas de protecci\u00f3n de neum\u00e1ticos, como se muestra en la siguiente imagen<\/p>\n<p><img fetchpriority=\"high\" decoding=\"async\" class=\"size-medium wp-image-991 aligncenter\" src=\"https:\/\/twchains.com\/wp-content\/uploads\/2025\/06\/tractor-tire-chains-China_-300x263.jpg\" alt=\"\" width=\"300\" height=\"263\" srcset=\"https:\/\/twchains.com\/wp-content\/uploads\/2025\/06\/tractor-tire-chains-China_-300x263.jpg 300w, https:\/\/twchains.com\/wp-content\/uploads\/2025\/06\/tractor-tire-chains-China_-14x12.jpg 14w, https:\/\/twchains.com\/wp-content\/uploads\/2025\/06\/tractor-tire-chains-China_-600x526.jpg 600w, https:\/\/twchains.com\/wp-content\/uploads\/2025\/06\/tractor-tire-chains-China_.jpg 691w\" sizes=\"(max-width: 300px) 100vw, 300px\" \/><\/p>\n<p>Disponemos de varios tipos de cadenas de protecci\u00f3n, como las cadenas de protecci\u00f3n de neum\u00e1ticos resistentes al desgaste de 22 anillos de di\u00e1metro y las cadenas de tracci\u00f3n de cargadoras de 23 anillos, seg\u00fan los requisitos del cliente,<\/p>\n<p>59\/80R63- Utilizado para volquetes mineros ultra grandes (como Caterpillar 797F, Komatsu 930E, etc.)<\/p>\n<p>50\/85R57- Adecuado para grandes camiones mineros (como Belas 75710, Liebherr T284)<\/p>\n<p>46\/90R57- Com\u00fanmente visto en grandes camiones articulados y equipos de miner\u00eda.<\/p>\n<p>40.00R57- Utilizado para grandes cargadoras y veh\u00edculos de transporte pesados<\/p>\n<p>37.00R57- Adecuado para grandes bulldozers y equipos de miner\u00eda (como Caterpillar D11T)<\/p>\n<p>33.00R51- Utilizado para grandes cargadoras sobre ruedas (como la Liebherr L586)<\/p>\n<p>27.00R49- Adecuado para grandes niveladoras y camiones mineros<\/p>\n<p>Estas especificaciones de cadenas de protecci\u00f3n de neum\u00e1ticos suelen estar hechas de acero de aleaci\u00f3n de alta resistencia, que tiene propiedades de resistencia al desgaste, resistencia a los impactos y antideslizamiento, adecuadas para entornos extremadamente duros como minas y canteras.<\/p>\n<p>Si se necesitan modelos m\u00e1s espec\u00edficos o una correspondencia de equipos adecuada, se pueden facilitar par\u00e1metros detallados del neum\u00e1tico (como el di\u00e1metro exterior, la anchura de la secci\u00f3n transversal, etc.) para recomendar especificaciones m\u00e1s precisas para la cadena de protecci\u00f3n.<\/p>\n<p>P\u00f3ngase en contacto con nosotros libremente si est\u00e1 interesado en cadenas para neum\u00e1ticos de miner\u00eda, cadenas para neum\u00e1ticos de tractores, cadenas de tracci\u00f3n, cadenas para nieve y cadenas antideslizantes, etc.<\/p>","protected":false},"excerpt":{"rendered":"<ul>\n<li>Tratamiento t\u00e9rmico especial<\/li>\n<li>Carburizaci\u00f3n con alta resistencia al desgaste<\/li>\n<li>+ 20 a\u00f1os de experiencia<\/li>\n<li>Exportado + 50 pa\u00edses<\/li>\n<li>I+D de +15 nuevos productos \/ a\u00f1o<\/li>\n<\/ul>","protected":false},"featured_media":992,"template":"","meta":{"inline_featured_image":false,"_kad_post_transparent":"default","_kad_post_title":"","_kad_post_layout":"default","_kad_post_sidebar_id":"","_kad_post_content_style":"default","_kad_post_vertical_padding":"default","_kad_post_feature":"","_kad_post_feature_position":"","_kad_post_header":false,"_kad_post_footer":false},"product_brand":[],"product_cat":[30,26],"product_tag":[],"class_list":{"0":"post-989","1":"product","2":"type-product","3":"status-publish","4":"has-post-thumbnail","6":"product_cat-loader-grader-tire-chain","7":"product_cat-reinforced","9":"first","10":"instock","11":"shipping-taxable","12":"product-type-simple","13":"entry","14":"content-bg","15":"loop-entry"},"yoast_head":"<!-- This site is optimized with the Yoast SEO plugin v25.4 - https:\/\/yoast.com\/wordpress\/plugins\/seo\/ -->\n<title>18mm Carburization Mining Heavy-Duty Chains 35\/65r33 45\/65-39 with 61HRC - twchains<\/title>\n<meta name=\"robots\" content=\"index, follow, max-snippet:-1, max-image-preview:large, max-video-preview:-1\" \/>\n<link rel=\"canonical\" href=\"https:\/\/twchains.com\/es\/producto\/18mm-carburization-mining-heavy-duty-chains-35-65r33-45-65-39-with-61hrc\/\" \/>\n<meta property=\"og:locale\" content=\"es_ES\" \/>\n<meta property=\"og:type\" content=\"article\" \/>\n<meta property=\"og:title\" content=\"18mm Carburization Mining Heavy-Duty Chains 35\/65r33 45\/65-39 with 61HRC - twchains\" \/>\n<meta property=\"og:description\" content=\"Special Heat Treatment  Carburization with High Wear Resistance  + 20 Years Experience  Exported + 50 Countries  R &amp; D of +15 New Products \/ Year\" \/>\n<meta property=\"og:url\" content=\"https:\/\/twchains.com\/es\/producto\/18mm-carburization-mining-heavy-duty-chains-35-65r33-45-65-39-with-61hrc\/\" \/>\n<meta property=\"og:site_name\" content=\"twchains\" \/>\n<meta property=\"og:image\" content=\"https:\/\/twchains.com\/wp-content\/uploads\/2025\/06\/loader-tire-chains-356533_-2.jpg\" \/>\n\t<meta property=\"og:image:width\" content=\"1600\" \/>\n\t<meta property=\"og:image:height\" content=\"1205\" \/>\n\t<meta property=\"og:image:type\" content=\"image\/jpeg\" \/>\n<meta name=\"twitter:card\" content=\"summary_large_image\" \/>\n<meta name=\"twitter:label1\" content=\"Tiempo de lectura\" \/>\n\t<meta name=\"twitter:data1\" content=\"2 minutos\" \/>\n<script type=\"application\/ld+json\" class=\"yoast-schema-graph\">{\"@context\":\"https:\/\/schema.org\",\"@graph\":[{\"@type\":\"WebPage\",\"@id\":\"https:\/\/twchains.com\/product\/18mm-carburization-mining-heavy-duty-chains-35-65r33-45-65-39-with-61hrc\/\",\"url\":\"https:\/\/twchains.com\/product\/18mm-carburization-mining-heavy-duty-chains-35-65r33-45-65-39-with-61hrc\/\",\"name\":\"18mm Carburization Mining Heavy-Duty Chains 35\/65r33 45\/65-39 with 61HRC - twchains\",\"isPartOf\":{\"@id\":\"https:\/\/twchains.com\/#website\"},\"primaryImageOfPage\":{\"@id\":\"https:\/\/twchains.com\/product\/18mm-carburization-mining-heavy-duty-chains-35-65r33-45-65-39-with-61hrc\/#primaryimage\"},\"image\":{\"@id\":\"https:\/\/twchains.com\/product\/18mm-carburization-mining-heavy-duty-chains-35-65r33-45-65-39-with-61hrc\/#primaryimage\"},\"thumbnailUrl\":\"https:\/\/twchains.com\/wp-content\/uploads\/2025\/06\/loader-tire-chains-356533_-2.jpg\",\"datePublished\":\"2025-06-12T02:58:11+00:00\",\"breadcrumb\":{\"@id\":\"https:\/\/twchains.com\/product\/18mm-carburization-mining-heavy-duty-chains-35-65r33-45-65-39-with-61hrc\/#breadcrumb\"},\"inLanguage\":\"es\",\"potentialAction\":[{\"@type\":\"ReadAction\",\"target\":[\"https:\/\/twchains.com\/product\/18mm-carburization-mining-heavy-duty-chains-35-65r33-45-65-39-with-61hrc\/\"]}]},{\"@type\":\"ImageObject\",\"inLanguage\":\"es\",\"@id\":\"https:\/\/twchains.com\/product\/18mm-carburization-mining-heavy-duty-chains-35-65r33-45-65-39-with-61hrc\/#primaryimage\",\"url\":\"https:\/\/twchains.com\/wp-content\/uploads\/2025\/06\/loader-tire-chains-356533_-2.jpg\",\"contentUrl\":\"https:\/\/twchains.com\/wp-content\/uploads\/2025\/06\/loader-tire-chains-356533_-2.jpg\",\"width\":1600,\"height\":1205},{\"@type\":\"BreadcrumbList\",\"@id\":\"https:\/\/twchains.com\/product\/18mm-carburization-mining-heavy-duty-chains-35-65r33-45-65-39-with-61hrc\/#breadcrumb\",\"itemListElement\":[{\"@type\":\"ListItem\",\"position\":1,\"name\":\"Home\",\"item\":\"https:\/\/twchains.com\/\"},{\"@type\":\"ListItem\",\"position\":2,\"name\":\"Products\",\"item\":\"https:\/\/twchains.com\/products\/\"},{\"@type\":\"ListItem\",\"position\":3,\"name\":\"18mm Carburization Mining Heavy-Duty Chains 35\/65r33 45\/65-39 with 61HRC\"}]},{\"@type\":\"WebSite\",\"@id\":\"https:\/\/twchains.com\/#website\",\"url\":\"https:\/\/twchains.com\/\",\"name\":\"twchains\",\"description\":\"\",\"publisher\":{\"@id\":\"https:\/\/twchains.com\/#organization\"},\"potentialAction\":[{\"@type\":\"SearchAction\",\"target\":{\"@type\":\"EntryPoint\",\"urlTemplate\":\"https:\/\/twchains.com\/?s={search_term_string}\"},\"query-input\":{\"@type\":\"PropertyValueSpecification\",\"valueRequired\":true,\"valueName\":\"search_term_string\"}}],\"inLanguage\":\"es\"},{\"@type\":\"Organization\",\"@id\":\"https:\/\/twchains.com\/#organization\",\"name\":\"twchains\",\"url\":\"https:\/\/twchains.com\/\",\"logo\":{\"@type\":\"ImageObject\",\"inLanguage\":\"es\",\"@id\":\"https:\/\/twchains.com\/#\/schema\/logo\/image\/\",\"url\":\"https:\/\/twchains.com\/wp-content\/uploads\/2025\/04\/tongwei-logo-100.svg\",\"contentUrl\":\"https:\/\/twchains.com\/wp-content\/uploads\/2025\/04\/tongwei-logo-100.svg\",\"width\":128,\"height\":100,\"caption\":\"twchains\"},\"image\":{\"@id\":\"https:\/\/twchains.com\/#\/schema\/logo\/image\/\"}}]}<\/script>\n<!-- \/ Yoast SEO plugin. -->","yoast_head_json":{"title":"18mm Carburization Mining Heavy-Duty Chains 35\/65r33 45\/65-39 with 61HRC - twchains","robots":{"index":"index","follow":"follow","max-snippet":"max-snippet:-1","max-image-preview":"max-image-preview:large","max-video-preview":"max-video-preview:-1"},"canonical":"https:\/\/twchains.com\/es\/producto\/18mm-carburization-mining-heavy-duty-chains-35-65r33-45-65-39-with-61hrc\/","og_locale":"es_ES","og_type":"article","og_title":"18mm Carburization Mining Heavy-Duty Chains 35\/65r33 45\/65-39 with 61HRC - twchains","og_description":"Special Heat Treatment  Carburization with High Wear Resistance  + 20 Years Experience  Exported + 50 Countries  R &amp; D of +15 New Products \/ Year","og_url":"https:\/\/twchains.com\/es\/producto\/18mm-carburization-mining-heavy-duty-chains-35-65r33-45-65-39-with-61hrc\/","og_site_name":"twchains","og_image":[{"width":1600,"height":1205,"url":"https:\/\/twchains.com\/wp-content\/uploads\/2025\/06\/loader-tire-chains-356533_-2.jpg","type":"image\/jpeg"}],"twitter_card":"summary_large_image","twitter_misc":{"Tiempo de lectura":"2 minutos"},"schema":{"@context":"https:\/\/schema.org","@graph":[{"@type":"WebPage","@id":"https:\/\/twchains.com\/product\/18mm-carburization-mining-heavy-duty-chains-35-65r33-45-65-39-with-61hrc\/","url":"https:\/\/twchains.com\/product\/18mm-carburization-mining-heavy-duty-chains-35-65r33-45-65-39-with-61hrc\/","name":"18mm Carburization Mining Heavy-Duty Chains 35\/65r33 45\/65-39 with 61HRC - twchains","isPartOf":{"@id":"https:\/\/twchains.com\/#website"},"primaryImageOfPage":{"@id":"https:\/\/twchains.com\/product\/18mm-carburization-mining-heavy-duty-chains-35-65r33-45-65-39-with-61hrc\/#primaryimage"},"image":{"@id":"https:\/\/twchains.com\/product\/18mm-carburization-mining-heavy-duty-chains-35-65r33-45-65-39-with-61hrc\/#primaryimage"},"thumbnailUrl":"https:\/\/twchains.com\/wp-content\/uploads\/2025\/06\/loader-tire-chains-356533_-2.jpg","datePublished":"2025-06-12T02:58:11+00:00","breadcrumb":{"@id":"https:\/\/twchains.com\/product\/18mm-carburization-mining-heavy-duty-chains-35-65r33-45-65-39-with-61hrc\/#breadcrumb"},"inLanguage":"es","potentialAction":[{"@type":"ReadAction","target":["https:\/\/twchains.com\/product\/18mm-carburization-mining-heavy-duty-chains-35-65r33-45-65-39-with-61hrc\/"]}]},{"@type":"ImageObject","inLanguage":"es","@id":"https:\/\/twchains.com\/product\/18mm-carburization-mining-heavy-duty-chains-35-65r33-45-65-39-with-61hrc\/#primaryimage","url":"https:\/\/twchains.com\/wp-content\/uploads\/2025\/06\/loader-tire-chains-356533_-2.jpg","contentUrl":"https:\/\/twchains.com\/wp-content\/uploads\/2025\/06\/loader-tire-chains-356533_-2.jpg","width":1600,"height":1205},{"@type":"BreadcrumbList","@id":"https:\/\/twchains.com\/product\/18mm-carburization-mining-heavy-duty-chains-35-65r33-45-65-39-with-61hrc\/#breadcrumb","itemListElement":[{"@type":"ListItem","position":1,"name":"Home","item":"https:\/\/twchains.com\/"},{"@type":"ListItem","position":2,"name":"Products","item":"https:\/\/twchains.com\/products\/"},{"@type":"ListItem","position":3,"name":"18mm Carburization Mining Heavy-Duty Chains 35\/65r33 45\/65-39 with 61HRC"}]},{"@type":"WebSite","@id":"https:\/\/twchains.com\/#website","url":"https:\/\/twchains.com\/","name":"twchains","description":"","publisher":{"@id":"https:\/\/twchains.com\/#organization"},"potentialAction":[{"@type":"SearchAction","target":{"@type":"EntryPoint","urlTemplate":"https:\/\/twchains.com\/?s={search_term_string}"},"query-input":{"@type":"PropertyValueSpecification","valueRequired":true,"valueName":"search_term_string"}}],"inLanguage":"es"},{"@type":"Organization","@id":"https:\/\/twchains.com\/#organization","name":"twchains","url":"https:\/\/twchains.com\/","logo":{"@type":"ImageObject","inLanguage":"es","@id":"https:\/\/twchains.com\/#\/schema\/logo\/image\/","url":"https:\/\/twchains.com\/wp-content\/uploads\/2025\/04\/tongwei-logo-100.svg","contentUrl":"https:\/\/twchains.com\/wp-content\/uploads\/2025\/04\/tongwei-logo-100.svg","width":128,"height":100,"caption":"twchains"},"image":{"@id":"https:\/\/twchains.com\/#\/schema\/logo\/image\/"}}]}},"_links":{"self":[{"href":"https:\/\/twchains.com\/es\/wp-json\/wp\/v2\/product\/989","targetHints":{"allow":["GET"]}}],"collection":[{"href":"https:\/\/twchains.com\/es\/wp-json\/wp\/v2\/product"}],"about":[{"href":"https:\/\/twchains.com\/es\/wp-json\/wp\/v2\/types\/product"}],"wp:featuredmedia":[{"embeddable":true,"href":"https:\/\/twchains.com\/es\/wp-json\/wp\/v2\/media\/992"}],"wp:attachment":[{"href":"https:\/\/twchains.com\/es\/wp-json\/wp\/v2\/media?parent=989"}],"wp:term":[{"taxonomy":"product_brand","embeddable":true,"href":"https:\/\/twchains.com\/es\/wp-json\/wp\/v2\/product_brand?post=989"},{"taxonomy":"product_cat","embeddable":true,"href":"https:\/\/twchains.com\/es\/wp-json\/wp\/v2\/product_cat?post=989"},{"taxonomy":"product_tag","embeddable":true,"href":"https:\/\/twchains.com\/es\/wp-json\/wp\/v2\/product_tag?post=989"}],"curies":[{"name":"wp","href":"https:\/\/api.w.org\/{rel}","templated":true}]}}