{"id":132,"date":"2025-04-03T14:56:10","date_gmt":"2025-04-03T14:56:10","guid":{"rendered":"https:\/\/twchains.com\/?page_id=132"},"modified":"2025-04-10T12:42:49","modified_gmt":"2025-04-10T12:42:49","slug":"le-controle-de-la-qualite","status":"publish","type":"page","link":"https:\/\/twchains.com\/fr\/le-controle-de-la-qualite\/","title":{"rendered":"Contr\u00f4le de la qualit\u00e9"},"content":{"rendered":"<div data-elementor-type=\"wp-page\" data-elementor-id=\"132\" class=\"elementor elementor-132\" data-elementor-post-type=\"page\">\n\t\t\t\t<div class=\"elementor-element elementor-element-1bf28106 e-con-full e-flex e-con e-parent\" data-id=\"1bf28106\" data-element_type=\"container\" data-settings=\"{&quot;background_background&quot;:&quot;classic&quot;}\">\n\t\t\t\t<div class=\"elementor-element elementor-element-1061e4a6 elementor-widget__width-initial elementor-widget elementor-widget-heading\" data-id=\"1061e4a6\" data-element_type=\"widget\" data-widget_type=\"heading.default\">\n\t\t\t\t\t<h1 class=\"elementor-heading-title elementor-size-default\">Contr\u00f4le de la qualit\u00e9<\/h1>\t\t\t\t<\/div>\n\t\t\t\t<\/div>\n\t\t<div class=\"elementor-element elementor-element-59078c30 e-flex e-con-boxed e-con e-parent\" data-id=\"59078c30\" data-element_type=\"container\" data-settings=\"{&quot;background_background&quot;:&quot;classic&quot;}\">\n\t\t\t\t\t<div class=\"e-con-inner\">\n\t\t\t\t<div class=\"elementor-element elementor-element-44c743dc elementor-widget elementor-widget-breadcrumbs\" data-id=\"44c743dc\" data-element_type=\"widget\" data-widget_type=\"breadcrumbs.default\">\n\t\t\t\t\t<p id=\"breadcrumbs\"><span><span><a href=\"https:\/\/twchains.com\/fr\">Accueil<\/a><\/span><\/span><\/p>\t\t\t\t<\/div>\n\t\t\t\t\t<\/div>\n\t\t\t\t<\/div>\n\t\t<div class=\"elementor-element elementor-element-bc8a4da e-flex e-con-boxed e-con e-parent\" data-id=\"bc8a4da\" data-element_type=\"container\">\n\t\t\t\t\t<div class=\"e-con-inner\">\n\t\t<div class=\"elementor-element elementor-element-97b52f8 e-con-full e-flex e-con e-child\" data-id=\"97b52f8\" data-element_type=\"container\">\n\t\t\t\t<div class=\"elementor-element elementor-element-54c3ce4 elementor-widget elementor-widget-image\" data-id=\"54c3ce4\" data-element_type=\"widget\" data-widget_type=\"image.default\">\n\t\t\t\t\t\t\t\t\t\t\t\t\t\t\t<img fetchpriority=\"high\" decoding=\"async\" width=\"800\" height=\"600\" src=\"https:\/\/twchains.com\/wp-content\/uploads\/2025\/04\/our-factory-9.jpg\" class=\"attachment-large size-large wp-image-337\" alt=\"\" srcset=\"https:\/\/twchains.com\/wp-content\/uploads\/2025\/04\/our-factory-9.jpg 800w, https:\/\/twchains.com\/wp-content\/uploads\/2025\/04\/our-factory-9-300x225.jpg 300w, https:\/\/twchains.com\/wp-content\/uploads\/2025\/04\/our-factory-9-768x576.jpg 768w, https:\/\/twchains.com\/wp-content\/uploads\/2025\/04\/our-factory-9-600x450.jpg 600w\" sizes=\"(max-width: 800px) 100vw, 800px\" \/>\t\t\t\t\t\t\t\t\t\t\t\t\t\t\t<\/div>\n\t\t\t\t<\/div>\n\t\t<div class=\"elementor-element elementor-element-5c0eace e-con-full e-flex e-con e-child\" data-id=\"5c0eace\" data-element_type=\"container\">\n\t\t\t\t<div class=\"elementor-element elementor-element-a8b66f9 elementor-widget elementor-widget-heading\" data-id=\"a8b66f9\" data-element_type=\"widget\" data-widget_type=\"heading.default\">\n\t\t\t\t\t<h2 class=\"elementor-heading-title elementor-size-default\">Conception en interne de pi\u00e8ces forg\u00e9es<\/h2>\t\t\t\t<\/div>\n\t\t\t\t<div class=\"elementor-element elementor-element-ff56879 elementor-widget elementor-widget-text-editor\" data-id=\"ff56879\" data-element_type=\"widget\" data-widget_type=\"text-editor.default\">\n\t\t\t\t\t\t\t\t\tNotre \u00e9quipe professionnelle de recherche et d\u00e9veloppement con\u00e7oit de mani\u00e8re ind\u00e9pendante les processus de formage des composants forg\u00e9s, analyse les caract\u00e9ristiques structurelles des pi\u00e8ces forg\u00e9es et les optimise en permanence afin d'am\u00e9liorer la qualit\u00e9.\t\t\t\t\t\t\t\t<\/div>\n\t\t\t\t<\/div>\n\t\t\t\t\t<\/div>\n\t\t\t\t<\/div>\n\t\t<div class=\"elementor-element elementor-element-2e05cc3 e-flex e-con-boxed e-con e-parent\" data-id=\"2e05cc3\" data-element_type=\"container\">\n\t\t\t\t\t<div class=\"e-con-inner\">\n\t\t<div class=\"elementor-element elementor-element-d4638dc e-con-full e-flex e-con e-child\" data-id=\"d4638dc\" data-element_type=\"container\">\n\t\t\t\t<div class=\"elementor-element elementor-element-174559d elementor-widget elementor-widget-image\" data-id=\"174559d\" data-element_type=\"widget\" data-widget_type=\"image.default\">\n\t\t\t\t\t\t\t\t\t\t\t\t\t\t\t<img decoding=\"async\" width=\"800\" height=\"600\" src=\"https:\/\/twchains.com\/wp-content\/uploads\/2025\/04\/our-factory-7.jpg\" class=\"attachment-large size-large wp-image-336\" alt=\"\" srcset=\"https:\/\/twchains.com\/wp-content\/uploads\/2025\/04\/our-factory-7.jpg 800w, https:\/\/twchains.com\/wp-content\/uploads\/2025\/04\/our-factory-7-300x225.jpg 300w, https:\/\/twchains.com\/wp-content\/uploads\/2025\/04\/our-factory-7-768x576.jpg 768w, https:\/\/twchains.com\/wp-content\/uploads\/2025\/04\/our-factory-7-600x450.jpg 600w\" sizes=\"(max-width: 800px) 100vw, 800px\" \/>\t\t\t\t\t\t\t\t\t\t\t\t\t\t\t<\/div>\n\t\t\t\t<\/div>\n\t\t<div class=\"elementor-element elementor-element-9ab86eb e-con-full e-flex e-con e-child\" data-id=\"9ab86eb\" data-element_type=\"container\">\n\t\t\t\t<div class=\"elementor-element elementor-element-9ec26e2 elementor-widget elementor-widget-heading\" data-id=\"9ec26e2\" data-element_type=\"widget\" data-widget_type=\"heading.default\">\n\t\t\t\t\t<h2 class=\"elementor-heading-title elementor-size-default\">S\u00e9lection rigoureuse des mat\u00e9riaux pour l'inspection \u00e0 l'entr\u00e9e<\/h2>\t\t\t\t<\/div>\n\t\t\t\t<div class=\"elementor-element elementor-element-0b24281 elementor-widget elementor-widget-text-editor\" data-id=\"0b24281\" data-element_type=\"widget\" data-widget_type=\"text-editor.default\">\n\t\t\t\t\t\t\t\t\tNotre \u00e9quipe professionnelle de recherche et d\u00e9veloppement con\u00e7oit de mani\u00e8re ind\u00e9pendante les processus de formage des composants forg\u00e9s, analyse les caract\u00e9ristiques structurelles des pi\u00e8ces forg\u00e9es et les optimise en permanence afin d'am\u00e9liorer la qualit\u00e9.\t\t\t\t\t\t\t\t<\/div>\n\t\t\t\t<\/div>\n\t\t\t\t\t<\/div>\n\t\t\t\t<\/div>\n\t\t<div class=\"elementor-element elementor-element-344de52 e-flex e-con-boxed e-con e-parent\" data-id=\"344de52\" data-element_type=\"container\">\n\t\t\t\t\t<div class=\"e-con-inner\">\n\t\t<div class=\"elementor-element elementor-element-70240e6 e-con-full e-flex e-con e-child\" data-id=\"70240e6\" data-element_type=\"container\">\n\t\t\t\t<div class=\"elementor-element elementor-element-999109b elementor-widget elementor-widget-image\" data-id=\"999109b\" data-element_type=\"widget\" data-widget_type=\"image.default\">\n\t\t\t\t\t\t\t\t\t\t\t\t\t\t\t<img decoding=\"async\" width=\"800\" height=\"600\" src=\"https:\/\/twchains.com\/wp-content\/uploads\/2025\/04\/our-factory-6.jpg\" class=\"attachment-large size-large wp-image-335\" alt=\"\" srcset=\"https:\/\/twchains.com\/wp-content\/uploads\/2025\/04\/our-factory-6.jpg 800w, https:\/\/twchains.com\/wp-content\/uploads\/2025\/04\/our-factory-6-300x225.jpg 300w, https:\/\/twchains.com\/wp-content\/uploads\/2025\/04\/our-factory-6-768x576.jpg 768w, https:\/\/twchains.com\/wp-content\/uploads\/2025\/04\/our-factory-6-600x450.jpg 600w\" sizes=\"(max-width: 800px) 100vw, 800px\" \/>\t\t\t\t\t\t\t\t\t\t\t\t\t\t\t<\/div>\n\t\t\t\t<\/div>\n\t\t<div class=\"elementor-element elementor-element-8fd320c e-con-full e-flex e-con e-child\" data-id=\"8fd320c\" data-element_type=\"container\">\n\t\t\t\t<div class=\"elementor-element elementor-element-067b482 elementor-widget elementor-widget-heading\" data-id=\"067b482\" data-element_type=\"widget\" data-widget_type=\"heading.default\">\n\t\t\t\t\t<h2 class=\"elementor-heading-title elementor-size-default\">Contr\u00f4le m\u00e9ticuleux des processus<\/h2>\t\t\t\t<\/div>\n\t\t\t\t<div class=\"elementor-element elementor-element-eea032c elementor-widget elementor-widget-text-editor\" data-id=\"eea032c\" data-element_type=\"widget\" data-widget_type=\"text-editor.default\">\n\t\t\t\t\t\t\t\t\tLes composants de l'anneau subissent des traitements de redressement et de normalisation afin d'am\u00e9liorer consid\u00e9rablement leurs propri\u00e9t\u00e9s m\u00e9caniques globales. Apr\u00e8s la c\u00e9mentation, les pi\u00e8ces sont tremp\u00e9es et revenues \u00e0 basse temp\u00e9rature pour obtenir une duret\u00e9 superficielle et une r\u00e9sistance \u00e0 l'usure \u00e9lev\u00e9es, tout en conservant la ductilit\u00e9 et la t\u00e9nacit\u00e9 \u00e0 c\u0153ur, ce qui permet de r\u00e9pondre aux exigences de \"duret\u00e9 ext\u00e9rieure, t\u00e9nacit\u00e9 int\u00e9rieure\".\t\t\t\t\t\t\t\t<\/div>\n\t\t\t\t<\/div>\n\t\t\t\t\t<\/div>\n\t\t\t\t<\/div>\n\t\t<div class=\"elementor-element elementor-element-c4fb2db e-flex e-con-boxed e-con e-parent\" data-id=\"c4fb2db\" data-element_type=\"container\">\n\t\t\t\t\t<div class=\"e-con-inner\">\n\t\t<div class=\"elementor-element elementor-element-379bbba e-con-full e-flex e-con e-child\" data-id=\"379bbba\" data-element_type=\"container\">\n\t\t\t\t<div class=\"elementor-element elementor-element-c666fe6 elementor-widget elementor-widget-image\" data-id=\"c666fe6\" data-element_type=\"widget\" data-widget_type=\"image.default\">\n\t\t\t\t\t\t\t\t\t\t\t\t\t\t\t<img loading=\"lazy\" decoding=\"async\" width=\"800\" height=\"600\" src=\"https:\/\/twchains.com\/wp-content\/uploads\/2025\/04\/our-factory-2.jpg\" class=\"attachment-large size-large wp-image-334\" alt=\"\" srcset=\"https:\/\/twchains.com\/wp-content\/uploads\/2025\/04\/our-factory-2.jpg 800w, https:\/\/twchains.com\/wp-content\/uploads\/2025\/04\/our-factory-2-300x225.jpg 300w, https:\/\/twchains.com\/wp-content\/uploads\/2025\/04\/our-factory-2-768x576.jpg 768w, https:\/\/twchains.com\/wp-content\/uploads\/2025\/04\/our-factory-2-600x450.jpg 600w\" sizes=\"(max-width: 800px) 100vw, 800px\" \/>\t\t\t\t\t\t\t\t\t\t\t\t\t\t\t<\/div>\n\t\t\t\t<\/div>\n\t\t<div class=\"elementor-element elementor-element-cf89c07 e-con-full e-flex e-con e-child\" data-id=\"cf89c07\" data-element_type=\"container\">\n\t\t\t\t<div class=\"elementor-element elementor-element-cade00b elementor-widget elementor-widget-heading\" data-id=\"cade00b\" data-element_type=\"widget\" data-widget_type=\"heading.default\">\n\t\t\t\t\t<h2 class=\"elementor-heading-title elementor-size-default\">Une assurance qualit\u00e9 rigoureuse<\/h2>\t\t\t\t<\/div>\n\t\t\t\t<div class=\"elementor-element elementor-element-4cc82b0 elementor-widget elementor-widget-text-editor\" data-id=\"4cc82b0\" data-element_type=\"widget\" data-widget_type=\"text-editor.default\">\n\t\t\t\t\t\t\t\t\tChaque produit fini est soumis \u00e0 des tests de qualit\u00e9 complets avant exp\u00e9dition, y compris la r\u00e9sistance \u00e0 la traction statique (\u226550 KN sans d\u00e9formation) et la duret\u00e9 Rockwell (48-52 HRC) sur la surface de contact avec le sol afin de garantir une longue dur\u00e9e de vie.\t\t\t\t\t\t\t\t<\/div>\n\t\t\t\t<\/div>\n\t\t\t\t\t<\/div>\n\t\t\t\t<\/div>\n\t\t\t\t<\/div>","protected":false},"excerpt":{"rendered":"<p>Quality control In-house Design of Forged Parts Our professional R&#038;D team independently designs the forming processes for forged components, analyzing structural characteristics of forgings and continuously optimizing to enhance quality. Strict Material Selection for Incoming Inspection Our professional R&#038;D team independently designs the forming processes for forged components, analyzing structural characteristics of forgings and continuously&#8230;<\/p>","protected":false},"author":1,"featured_media":501,"parent":0,"menu_order":0,"comment_status":"closed","ping_status":"closed","template":"","meta":{"inline_featured_image":false,"_kad_post_transparent":"default","_kad_post_title":"hide","_kad_post_layout":"fullwidth","_kad_post_sidebar_id":"","_kad_post_content_style":"unboxed","_kad_post_vertical_padding":"hide","_kad_post_feature":"hide","_kad_post_feature_position":"","_kad_post_header":false,"_kad_post_footer":false,"footnotes":""},"class_list":["post-132","page","type-page","status-publish","has-post-thumbnail","hentry"],"yoast_head":"<!-- This site is optimized with the Yoast SEO plugin v25.4 - https:\/\/yoast.com\/wordpress\/plugins\/seo\/ -->\n<title>Quality control - twchains<\/title>\n<meta name=\"robots\" content=\"index, follow, max-snippet:-1, max-image-preview:large, max-video-preview:-1\" \/>\n<link rel=\"canonical\" href=\"https:\/\/twchains.com\/fr\/le-controle-de-la-qualite\/\" \/>\n<meta property=\"og:locale\" content=\"fr_FR\" \/>\n<meta property=\"og:type\" content=\"article\" \/>\n<meta property=\"og:title\" content=\"Quality control - twchains\" \/>\n<meta property=\"og:description\" content=\"Quality control In-house Design of Forged Parts Our professional R&#038;D team independently designs the forming processes for forged components, analyzing structural characteristics of forgings and continuously optimizing to enhance quality. Strict Material Selection for Incoming Inspection Our professional R&#038;D team independently designs the forming processes for forged components, analyzing structural characteristics of forgings and continuously...\" \/>\n<meta property=\"og:url\" content=\"https:\/\/twchains.com\/fr\/le-controle-de-la-qualite\/\" \/>\n<meta property=\"og:site_name\" content=\"twchains\" \/>\n<meta property=\"article:modified_time\" content=\"2025-04-10T12:42:49+00:00\" \/>\n<meta property=\"og:image\" content=\"https:\/\/twchains.com\/wp-content\/uploads\/2025\/04\/our-factory-9.jpg\" \/>\n<meta name=\"twitter:card\" content=\"summary_large_image\" \/>\n<meta name=\"twitter:label1\" content=\"Dur\u00e9e de lecture estim\u00e9e\" \/>\n\t<meta name=\"twitter:data1\" content=\"1 minute\" \/>\n<script type=\"application\/ld+json\" class=\"yoast-schema-graph\">{\"@context\":\"https:\/\/schema.org\",\"@graph\":[{\"@type\":\"WebPage\",\"@id\":\"https:\/\/twchains.com\/quality-control\/\",\"url\":\"https:\/\/twchains.com\/quality-control\/\",\"name\":\"Quality control - twchains\",\"isPartOf\":{\"@id\":\"https:\/\/twchains.com\/#website\"},\"primaryImageOfPage\":{\"@id\":\"https:\/\/twchains.com\/quality-control\/#primaryimage\"},\"image\":{\"@id\":\"https:\/\/twchains.com\/quality-control\/#primaryimage\"},\"thumbnailUrl\":\"https:\/\/twchains.com\/wp-content\/uploads\/2025\/04\/home_slider_3.jpg\",\"datePublished\":\"2025-04-03T14:56:10+00:00\",\"dateModified\":\"2025-04-10T12:42:49+00:00\",\"breadcrumb\":{\"@id\":\"https:\/\/twchains.com\/quality-control\/#breadcrumb\"},\"inLanguage\":\"fr-FR\",\"potentialAction\":[{\"@type\":\"ReadAction\",\"target\":[\"https:\/\/twchains.com\/quality-control\/\"]}]},{\"@type\":\"ImageObject\",\"inLanguage\":\"fr-FR\",\"@id\":\"https:\/\/twchains.com\/quality-control\/#primaryimage\",\"url\":\"https:\/\/twchains.com\/wp-content\/uploads\/2025\/04\/home_slider_3.jpg\",\"contentUrl\":\"https:\/\/twchains.com\/wp-content\/uploads\/2025\/04\/home_slider_3.jpg\",\"width\":1024,\"height\":768},{\"@type\":\"BreadcrumbList\",\"@id\":\"https:\/\/twchains.com\/quality-control\/#breadcrumb\",\"itemListElement\":[{\"@type\":\"ListItem\",\"position\":1,\"name\":\"Home\",\"item\":\"https:\/\/twchains.com\/\"},{\"@type\":\"ListItem\",\"position\":2,\"name\":\"Quality control\"}]},{\"@type\":\"WebSite\",\"@id\":\"https:\/\/twchains.com\/#website\",\"url\":\"https:\/\/twchains.com\/\",\"name\":\"twchains\",\"description\":\"\",\"publisher\":{\"@id\":\"https:\/\/twchains.com\/#organization\"},\"potentialAction\":[{\"@type\":\"SearchAction\",\"target\":{\"@type\":\"EntryPoint\",\"urlTemplate\":\"https:\/\/twchains.com\/?s={search_term_string}\"},\"query-input\":{\"@type\":\"PropertyValueSpecification\",\"valueRequired\":true,\"valueName\":\"search_term_string\"}}],\"inLanguage\":\"fr-FR\"},{\"@type\":\"Organization\",\"@id\":\"https:\/\/twchains.com\/#organization\",\"name\":\"twchains\",\"url\":\"https:\/\/twchains.com\/\",\"logo\":{\"@type\":\"ImageObject\",\"inLanguage\":\"fr-FR\",\"@id\":\"https:\/\/twchains.com\/#\/schema\/logo\/image\/\",\"url\":\"https:\/\/twchains.com\/wp-content\/uploads\/2025\/04\/tongwei-logo-100.svg\",\"contentUrl\":\"https:\/\/twchains.com\/wp-content\/uploads\/2025\/04\/tongwei-logo-100.svg\",\"width\":128,\"height\":100,\"caption\":\"twchains\"},\"image\":{\"@id\":\"https:\/\/twchains.com\/#\/schema\/logo\/image\/\"}}]}<\/script>\n<!-- \/ Yoast SEO plugin. -->","yoast_head_json":{"title":"Quality control - twchains","robots":{"index":"index","follow":"follow","max-snippet":"max-snippet:-1","max-image-preview":"max-image-preview:large","max-video-preview":"max-video-preview:-1"},"canonical":"https:\/\/twchains.com\/fr\/le-controle-de-la-qualite\/","og_locale":"fr_FR","og_type":"article","og_title":"Quality control - twchains","og_description":"Quality control In-house Design of Forged Parts Our professional R&#038;D team independently designs the forming processes for forged components, analyzing structural characteristics of forgings and continuously optimizing to enhance quality. Strict Material Selection for Incoming Inspection Our professional R&#038;D team independently designs the forming processes for forged components, analyzing structural characteristics of forgings and continuously...","og_url":"https:\/\/twchains.com\/fr\/le-controle-de-la-qualite\/","og_site_name":"twchains","article_modified_time":"2025-04-10T12:42:49+00:00","og_image":[{"url":"https:\/\/twchains.com\/wp-content\/uploads\/2025\/04\/our-factory-9.jpg","type":"","width":"","height":""}],"twitter_card":"summary_large_image","twitter_misc":{"Dur\u00e9e de lecture estim\u00e9e":"1 minute"},"schema":{"@context":"https:\/\/schema.org","@graph":[{"@type":"WebPage","@id":"https:\/\/twchains.com\/quality-control\/","url":"https:\/\/twchains.com\/quality-control\/","name":"Quality control - twchains","isPartOf":{"@id":"https:\/\/twchains.com\/#website"},"primaryImageOfPage":{"@id":"https:\/\/twchains.com\/quality-control\/#primaryimage"},"image":{"@id":"https:\/\/twchains.com\/quality-control\/#primaryimage"},"thumbnailUrl":"https:\/\/twchains.com\/wp-content\/uploads\/2025\/04\/home_slider_3.jpg","datePublished":"2025-04-03T14:56:10+00:00","dateModified":"2025-04-10T12:42:49+00:00","breadcrumb":{"@id":"https:\/\/twchains.com\/quality-control\/#breadcrumb"},"inLanguage":"fr-FR","potentialAction":[{"@type":"ReadAction","target":["https:\/\/twchains.com\/quality-control\/"]}]},{"@type":"ImageObject","inLanguage":"fr-FR","@id":"https:\/\/twchains.com\/quality-control\/#primaryimage","url":"https:\/\/twchains.com\/wp-content\/uploads\/2025\/04\/home_slider_3.jpg","contentUrl":"https:\/\/twchains.com\/wp-content\/uploads\/2025\/04\/home_slider_3.jpg","width":1024,"height":768},{"@type":"BreadcrumbList","@id":"https:\/\/twchains.com\/quality-control\/#breadcrumb","itemListElement":[{"@type":"ListItem","position":1,"name":"Home","item":"https:\/\/twchains.com\/"},{"@type":"ListItem","position":2,"name":"Quality control"}]},{"@type":"WebSite","@id":"https:\/\/twchains.com\/#website","url":"https:\/\/twchains.com\/","name":"twchains","description":"","publisher":{"@id":"https:\/\/twchains.com\/#organization"},"potentialAction":[{"@type":"SearchAction","target":{"@type":"EntryPoint","urlTemplate":"https:\/\/twchains.com\/?s={search_term_string}"},"query-input":{"@type":"PropertyValueSpecification","valueRequired":true,"valueName":"search_term_string"}}],"inLanguage":"fr-FR"},{"@type":"Organization","@id":"https:\/\/twchains.com\/#organization","name":"twchains","url":"https:\/\/twchains.com\/","logo":{"@type":"ImageObject","inLanguage":"fr-FR","@id":"https:\/\/twchains.com\/#\/schema\/logo\/image\/","url":"https:\/\/twchains.com\/wp-content\/uploads\/2025\/04\/tongwei-logo-100.svg","contentUrl":"https:\/\/twchains.com\/wp-content\/uploads\/2025\/04\/tongwei-logo-100.svg","width":128,"height":100,"caption":"twchains"},"image":{"@id":"https:\/\/twchains.com\/#\/schema\/logo\/image\/"}}]}},"_links":{"self":[{"href":"https:\/\/twchains.com\/fr\/wp-json\/wp\/v2\/pages\/132","targetHints":{"allow":["GET"]}}],"collection":[{"href":"https:\/\/twchains.com\/fr\/wp-json\/wp\/v2\/pages"}],"about":[{"href":"https:\/\/twchains.com\/fr\/wp-json\/wp\/v2\/types\/page"}],"author":[{"embeddable":true,"href":"https:\/\/twchains.com\/fr\/wp-json\/wp\/v2\/users\/1"}],"replies":[{"embeddable":true,"href":"https:\/\/twchains.com\/fr\/wp-json\/wp\/v2\/comments?post=132"}],"version-history":[{"count":13,"href":"https:\/\/twchains.com\/fr\/wp-json\/wp\/v2\/pages\/132\/revisions"}],"predecessor-version":[{"id":340,"href":"https:\/\/twchains.com\/fr\/wp-json\/wp\/v2\/pages\/132\/revisions\/340"}],"wp:featuredmedia":[{"embeddable":true,"href":"https:\/\/twchains.com\/fr\/wp-json\/wp\/v2\/media\/501"}],"wp:attachment":[{"href":"https:\/\/twchains.com\/fr\/wp-json\/wp\/v2\/media?parent=132"}],"curies":[{"name":"wp","href":"https:\/\/api.w.org\/{rel}","templated":true}]}}