{"id":25,"date":"2025-04-03T11:34:50","date_gmt":"2025-04-03T11:34:50","guid":{"rendered":"https:\/\/twchains.com\/?page_id=25"},"modified":"2025-04-28T07:17:58","modified_gmt":"2025-04-28T07:17:58","slug":"about-us","status":"publish","type":"page","link":"https:\/\/twchains.com\/fr\/about-us\/","title":{"rendered":"\u00c0 propos de nous"},"content":{"rendered":"<div data-elementor-type=\"wp-page\" data-elementor-id=\"25\" class=\"elementor elementor-25\" data-elementor-post-type=\"page\">\n\t\t\t\t<div class=\"elementor-element elementor-element-a558fe3 e-con-full e-flex e-con e-parent\" data-id=\"a558fe3\" data-element_type=\"container\" data-settings=\"{&quot;background_background&quot;:&quot;classic&quot;}\">\n\t\t\t\t<div class=\"elementor-element elementor-element-ea45d3a elementor-widget__width-initial elementor-widget elementor-widget-heading\" data-id=\"ea45d3a\" data-element_type=\"widget\" data-widget_type=\"heading.default\">\n\t\t\t\t\t<h2 class=\"elementor-heading-title elementor-size-default\">\u00c0 propos de nous<\/h2>\t\t\t\t<\/div>\n\t\t\t\t<\/div>\n\t\t<div class=\"elementor-element elementor-element-28c55a6 e-flex e-con-boxed e-con e-parent\" data-id=\"28c55a6\" data-element_type=\"container\" data-settings=\"{&quot;background_background&quot;:&quot;classic&quot;}\">\n\t\t\t\t\t<div class=\"e-con-inner\">\n\t\t\t\t<div class=\"elementor-element elementor-element-6894ea1 elementor-widget elementor-widget-breadcrumbs\" data-id=\"6894ea1\" data-element_type=\"widget\" data-widget_type=\"breadcrumbs.default\">\n\t\t\t\t\t<p id=\"breadcrumbs\"><span><span><a href=\"https:\/\/twchains.com\/fr\">Accueil<\/a><\/span><\/span><\/p>\t\t\t\t<\/div>\n\t\t\t\t\t<\/div>\n\t\t\t\t<\/div>\n\t\t<div class=\"elementor-element elementor-element-30f4a67 e-flex e-con-boxed e-con e-parent\" data-id=\"30f4a67\" data-element_type=\"container\">\n\t\t\t\t\t<div class=\"e-con-inner\">\n\t\t<div class=\"elementor-element elementor-element-38e4a0a e-con-full e-flex e-con e-child\" data-id=\"38e4a0a\" data-element_type=\"container\">\n\t\t\t\t<div class=\"elementor-element elementor-element-3f0400a elementor-widget elementor-widget-heading\" data-id=\"3f0400a\" data-element_type=\"widget\" data-widget_type=\"heading.default\">\n\t\t\t\t\t<h2 class=\"elementor-heading-title elementor-size-default\">Profil de l'entreprise<\/h2>\t\t\t\t<\/div>\n\t\t\t\t<div class=\"elementor-element elementor-element-757217a elementor-widget elementor-widget-text-editor\" data-id=\"757217a\" data-element_type=\"widget\" data-widget_type=\"text-editor.default\">\n\t\t\t\t\t\t\t\t\t<p><strong>Tianjin Tongwei Metal Products Co.,Ltd<\/strong> a \u00e9t\u00e9 cr\u00e9\u00e9e en 2007 et est sp\u00e9cialis\u00e9e dans les cha\u00eenes de protection des pneus, les cha\u00eenes \u00e0 neige, les cha\u00eenes de d\u00e9bardage, les cha\u00eenes de traction, etc. Notre soci\u00e9t\u00e9 emploie 103 personnes et dispose d'une plate-forme ind\u00e9pendante de test des produits. Au cours des derni\u00e8res ann\u00e9es, les cha\u00eenes de protection des pneus de TONGWEI(TW) ont \u00e9t\u00e9 approuv\u00e9es par les trois principales certifications d'autorit\u00e9 et ont pass\u00e9 la certification du syst\u00e8me de gestion de la qualit\u00e9 ISO9001-2015.<\/p>\t\t\t\t\t\t\t\t<\/div>\n\t\t\t\t<\/div>\n\t\t<div class=\"elementor-element elementor-element-a042bf5 e-con-full e-flex e-con e-child\" data-id=\"a042bf5\" data-element_type=\"container\">\n\t\t\t\t<div class=\"elementor-element elementor-element-926db45 elementor-widget elementor-widget-image\" data-id=\"926db45\" data-element_type=\"widget\" data-widget_type=\"image.default\">\n\t\t\t\t\t\t\t\t\t\t\t\t\t\t\t<img fetchpriority=\"high\" decoding=\"async\" width=\"800\" height=\"529\" src=\"https:\/\/twchains.com\/wp-content\/uploads\/2025\/04\/tire-protection-chains.jpg\" class=\"elementor-animation-float attachment-large size-large wp-image-162\" alt=\"\" srcset=\"https:\/\/twchains.com\/wp-content\/uploads\/2025\/04\/tire-protection-chains.jpg 800w, https:\/\/twchains.com\/wp-content\/uploads\/2025\/04\/tire-protection-chains-300x198.jpg 300w, https:\/\/twchains.com\/wp-content\/uploads\/2025\/04\/tire-protection-chains-768x508.jpg 768w, https:\/\/twchains.com\/wp-content\/uploads\/2025\/04\/tire-protection-chains-600x397.jpg 600w\" sizes=\"(max-width: 800px) 100vw, 800px\" \/>\t\t\t\t\t\t\t\t\t\t\t\t\t\t\t<\/div>\n\t\t\t\t<\/div>\n\t\t\t\t\t<\/div>\n\t\t\t\t<\/div>\n\t\t\t\t<\/div>","protected":false},"excerpt":{"rendered":"<p>About Us Conpany Profile Tianjin Tongwei Metal Products Co.,Ltd was established in 2007 and specialize in tire protection chain,snow chain, skidder chain,Traction chain and so on. Our company employs 103 staff members,and has an independent product test platform. During the past years, TONGWEI(TW) tire protection chains have been approved by the three top authoritative certifications&#8230;<\/p>","protected":false},"author":1,"featured_media":501,"parent":0,"menu_order":0,"comment_status":"closed","ping_status":"closed","template":"","meta":{"inline_featured_image":false,"_kad_post_transparent":"default","_kad_post_title":"hide","_kad_post_layout":"fullwidth","_kad_post_sidebar_id":"","_kad_post_content_style":"unboxed","_kad_post_vertical_padding":"hide","_kad_post_feature":"hide","_kad_post_feature_position":"","_kad_post_header":false,"_kad_post_footer":false,"footnotes":""},"class_list":["post-25","page","type-page","status-publish","has-post-thumbnail","hentry"],"yoast_head":"<!-- This site is optimized with the Yoast SEO plugin v25.4 - https:\/\/yoast.com\/wordpress\/plugins\/seo\/ -->\n<title>About Us - twchains<\/title>\n<meta name=\"robots\" content=\"index, follow, max-snippet:-1, max-image-preview:large, max-video-preview:-1\" \/>\n<link rel=\"canonical\" href=\"https:\/\/twchains.com\/fr\/about-us\/\" \/>\n<meta property=\"og:locale\" content=\"fr_FR\" \/>\n<meta property=\"og:type\" content=\"article\" \/>\n<meta property=\"og:title\" content=\"About Us - twchains\" \/>\n<meta property=\"og:description\" content=\"About Us Conpany Profile Tianjin Tongwei Metal Products Co.,Ltd was established in 2007 and specialize in tire protection chain,snow chain, skidder chain,Traction chain and so on. Our company employs 103 staff members,and has an independent product test platform. During the past years, TONGWEI(TW) tire protection chains have been approved by the three top authoritative certifications...\" \/>\n<meta property=\"og:url\" content=\"https:\/\/twchains.com\/fr\/about-us\/\" \/>\n<meta property=\"og:site_name\" content=\"twchains\" \/>\n<meta property=\"article:modified_time\" content=\"2025-04-28T07:17:58+00:00\" \/>\n<meta property=\"og:image\" content=\"https:\/\/twchains.com\/wp-content\/uploads\/2025\/04\/tire-protection-chains.jpg\" \/>\n\t<meta property=\"og:image:width\" content=\"800\" \/>\n\t<meta property=\"og:image:height\" content=\"529\" \/>\n\t<meta property=\"og:image:type\" content=\"image\/jpeg\" \/>\n<meta name=\"twitter:card\" content=\"summary_large_image\" \/>\n<meta name=\"twitter:label1\" content=\"Dur\u00e9e de lecture estim\u00e9e\" \/>\n\t<meta name=\"twitter:data1\" content=\"1 minute\" \/>\n<script type=\"application\/ld+json\" class=\"yoast-schema-graph\">{\"@context\":\"https:\/\/schema.org\",\"@graph\":[{\"@type\":\"WebPage\",\"@id\":\"https:\/\/twchains.com\/about-us\/\",\"url\":\"https:\/\/twchains.com\/about-us\/\",\"name\":\"About Us - twchains\",\"isPartOf\":{\"@id\":\"https:\/\/twchains.com\/#website\"},\"primaryImageOfPage\":{\"@id\":\"https:\/\/twchains.com\/about-us\/#primaryimage\"},\"image\":{\"@id\":\"https:\/\/twchains.com\/about-us\/#primaryimage\"},\"thumbnailUrl\":\"https:\/\/twchains.com\/wp-content\/uploads\/2025\/04\/home_slider_3.jpg\",\"datePublished\":\"2025-04-03T11:34:50+00:00\",\"dateModified\":\"2025-04-28T07:17:58+00:00\",\"breadcrumb\":{\"@id\":\"https:\/\/twchains.com\/about-us\/#breadcrumb\"},\"inLanguage\":\"fr-FR\",\"potentialAction\":[{\"@type\":\"ReadAction\",\"target\":[\"https:\/\/twchains.com\/about-us\/\"]}]},{\"@type\":\"ImageObject\",\"inLanguage\":\"fr-FR\",\"@id\":\"https:\/\/twchains.com\/about-us\/#primaryimage\",\"url\":\"https:\/\/twchains.com\/wp-content\/uploads\/2025\/04\/home_slider_3.jpg\",\"contentUrl\":\"https:\/\/twchains.com\/wp-content\/uploads\/2025\/04\/home_slider_3.jpg\",\"width\":1024,\"height\":768},{\"@type\":\"BreadcrumbList\",\"@id\":\"https:\/\/twchains.com\/about-us\/#breadcrumb\",\"itemListElement\":[{\"@type\":\"ListItem\",\"position\":1,\"name\":\"Home\",\"item\":\"https:\/\/twchains.com\/\"},{\"@type\":\"ListItem\",\"position\":2,\"name\":\"About Us\"}]},{\"@type\":\"WebSite\",\"@id\":\"https:\/\/twchains.com\/#website\",\"url\":\"https:\/\/twchains.com\/\",\"name\":\"twchains\",\"description\":\"\",\"publisher\":{\"@id\":\"https:\/\/twchains.com\/#organization\"},\"potentialAction\":[{\"@type\":\"SearchAction\",\"target\":{\"@type\":\"EntryPoint\",\"urlTemplate\":\"https:\/\/twchains.com\/?s={search_term_string}\"},\"query-input\":{\"@type\":\"PropertyValueSpecification\",\"valueRequired\":true,\"valueName\":\"search_term_string\"}}],\"inLanguage\":\"fr-FR\"},{\"@type\":\"Organization\",\"@id\":\"https:\/\/twchains.com\/#organization\",\"name\":\"twchains\",\"url\":\"https:\/\/twchains.com\/\",\"logo\":{\"@type\":\"ImageObject\",\"inLanguage\":\"fr-FR\",\"@id\":\"https:\/\/twchains.com\/#\/schema\/logo\/image\/\",\"url\":\"https:\/\/twchains.com\/wp-content\/uploads\/2025\/04\/tongwei-logo-100.svg\",\"contentUrl\":\"https:\/\/twchains.com\/wp-content\/uploads\/2025\/04\/tongwei-logo-100.svg\",\"width\":128,\"height\":100,\"caption\":\"twchains\"},\"image\":{\"@id\":\"https:\/\/twchains.com\/#\/schema\/logo\/image\/\"}}]}<\/script>\n<!-- \/ Yoast SEO plugin. -->","yoast_head_json":{"title":"About Us - twchains","robots":{"index":"index","follow":"follow","max-snippet":"max-snippet:-1","max-image-preview":"max-image-preview:large","max-video-preview":"max-video-preview:-1"},"canonical":"https:\/\/twchains.com\/fr\/about-us\/","og_locale":"fr_FR","og_type":"article","og_title":"About Us - twchains","og_description":"About Us Conpany Profile Tianjin Tongwei Metal Products Co.,Ltd was established in 2007 and specialize in tire protection chain,snow chain, skidder chain,Traction chain and so on. Our company employs 103 staff members,and has an independent product test platform. During the past years, TONGWEI(TW) tire protection chains have been approved by the three top authoritative certifications...","og_url":"https:\/\/twchains.com\/fr\/about-us\/","og_site_name":"twchains","article_modified_time":"2025-04-28T07:17:58+00:00","og_image":[{"width":800,"height":529,"url":"https:\/\/twchains.com\/wp-content\/uploads\/2025\/04\/tire-protection-chains.jpg","type":"image\/jpeg"}],"twitter_card":"summary_large_image","twitter_misc":{"Dur\u00e9e de lecture estim\u00e9e":"1 minute"},"schema":{"@context":"https:\/\/schema.org","@graph":[{"@type":"WebPage","@id":"https:\/\/twchains.com\/about-us\/","url":"https:\/\/twchains.com\/about-us\/","name":"About Us - twchains","isPartOf":{"@id":"https:\/\/twchains.com\/#website"},"primaryImageOfPage":{"@id":"https:\/\/twchains.com\/about-us\/#primaryimage"},"image":{"@id":"https:\/\/twchains.com\/about-us\/#primaryimage"},"thumbnailUrl":"https:\/\/twchains.com\/wp-content\/uploads\/2025\/04\/home_slider_3.jpg","datePublished":"2025-04-03T11:34:50+00:00","dateModified":"2025-04-28T07:17:58+00:00","breadcrumb":{"@id":"https:\/\/twchains.com\/about-us\/#breadcrumb"},"inLanguage":"fr-FR","potentialAction":[{"@type":"ReadAction","target":["https:\/\/twchains.com\/about-us\/"]}]},{"@type":"ImageObject","inLanguage":"fr-FR","@id":"https:\/\/twchains.com\/about-us\/#primaryimage","url":"https:\/\/twchains.com\/wp-content\/uploads\/2025\/04\/home_slider_3.jpg","contentUrl":"https:\/\/twchains.com\/wp-content\/uploads\/2025\/04\/home_slider_3.jpg","width":1024,"height":768},{"@type":"BreadcrumbList","@id":"https:\/\/twchains.com\/about-us\/#breadcrumb","itemListElement":[{"@type":"ListItem","position":1,"name":"Home","item":"https:\/\/twchains.com\/"},{"@type":"ListItem","position":2,"name":"About Us"}]},{"@type":"WebSite","@id":"https:\/\/twchains.com\/#website","url":"https:\/\/twchains.com\/","name":"twchains","description":"","publisher":{"@id":"https:\/\/twchains.com\/#organization"},"potentialAction":[{"@type":"SearchAction","target":{"@type":"EntryPoint","urlTemplate":"https:\/\/twchains.com\/?s={search_term_string}"},"query-input":{"@type":"PropertyValueSpecification","valueRequired":true,"valueName":"search_term_string"}}],"inLanguage":"fr-FR"},{"@type":"Organization","@id":"https:\/\/twchains.com\/#organization","name":"twchains","url":"https:\/\/twchains.com\/","logo":{"@type":"ImageObject","inLanguage":"fr-FR","@id":"https:\/\/twchains.com\/#\/schema\/logo\/image\/","url":"https:\/\/twchains.com\/wp-content\/uploads\/2025\/04\/tongwei-logo-100.svg","contentUrl":"https:\/\/twchains.com\/wp-content\/uploads\/2025\/04\/tongwei-logo-100.svg","width":128,"height":100,"caption":"twchains"},"image":{"@id":"https:\/\/twchains.com\/#\/schema\/logo\/image\/"}}]}},"_links":{"self":[{"href":"https:\/\/twchains.com\/fr\/wp-json\/wp\/v2\/pages\/25","targetHints":{"allow":["GET"]}}],"collection":[{"href":"https:\/\/twchains.com\/fr\/wp-json\/wp\/v2\/pages"}],"about":[{"href":"https:\/\/twchains.com\/fr\/wp-json\/wp\/v2\/types\/page"}],"author":[{"embeddable":true,"href":"https:\/\/twchains.com\/fr\/wp-json\/wp\/v2\/users\/1"}],"replies":[{"embeddable":true,"href":"https:\/\/twchains.com\/fr\/wp-json\/wp\/v2\/comments?post=25"}],"version-history":[{"count":16,"href":"https:\/\/twchains.com\/fr\/wp-json\/wp\/v2\/pages\/25\/revisions"}],"predecessor-version":[{"id":685,"href":"https:\/\/twchains.com\/fr\/wp-json\/wp\/v2\/pages\/25\/revisions\/685"}],"wp:featuredmedia":[{"embeddable":true,"href":"https:\/\/twchains.com\/fr\/wp-json\/wp\/v2\/media\/501"}],"wp:attachment":[{"href":"https:\/\/twchains.com\/fr\/wp-json\/wp\/v2\/media?parent=25"}],"curies":[{"name":"wp","href":"https:\/\/api.w.org\/{rel}","templated":true}]}}