{"id":345,"date":"2025-04-10T13:00:10","date_gmt":"2025-04-10T13:00:10","guid":{"rendered":"https:\/\/twchains.com\/?page_id=345"},"modified":"2025-04-10T13:22:09","modified_gmt":"2025-04-10T13:22:09","slug":"career","status":"publish","type":"page","link":"https:\/\/twchains.com\/fr\/career\/","title":{"rendered":"Carri\u00e8re"},"content":{"rendered":"<div data-elementor-type=\"wp-page\" data-elementor-id=\"345\" class=\"elementor elementor-345\" data-elementor-post-type=\"page\">\n\t\t\t\t<div class=\"elementor-element elementor-element-2ca977c7 e-con-full e-flex e-con e-parent\" data-id=\"2ca977c7\" data-element_type=\"container\" data-settings=\"{&quot;background_background&quot;:&quot;classic&quot;}\">\n\t\t\t\t<div class=\"elementor-element elementor-element-59f88ff7 elementor-widget__width-initial elementor-widget elementor-widget-heading\" data-id=\"59f88ff7\" data-element_type=\"widget\" data-widget_type=\"heading.default\">\n\t\t\t\t\t<h1 class=\"elementor-heading-title elementor-size-default\">Carri\u00e8re<\/h1>\t\t\t\t<\/div>\n\t\t\t\t<\/div>\n\t\t<div class=\"elementor-element elementor-element-35f5771 e-flex e-con-boxed e-con e-parent\" data-id=\"35f5771\" data-element_type=\"container\">\n\t\t\t\t\t<div class=\"e-con-inner\">\n\t\t<div class=\"elementor-element elementor-element-4437d1f e-con-full e-flex e-con e-child\" data-id=\"4437d1f\" data-element_type=\"container\">\n\t\t\t\t<div class=\"elementor-element elementor-element-27458f7 elementor-widget elementor-widget-image\" data-id=\"27458f7\" data-element_type=\"widget\" data-widget_type=\"image.default\">\n\t\t\t\t\t\t\t\t\t\t\t\t\t\t\t<img fetchpriority=\"high\" decoding=\"async\" width=\"607\" height=\"666\" src=\"https:\/\/twchains.com\/wp-content\/uploads\/2025\/04\/Join_us.jpg\" class=\"attachment-large size-large wp-image-348\" alt=\"\" srcset=\"https:\/\/twchains.com\/wp-content\/uploads\/2025\/04\/Join_us.jpg 607w, https:\/\/twchains.com\/wp-content\/uploads\/2025\/04\/Join_us-273x300.jpg 273w, https:\/\/twchains.com\/wp-content\/uploads\/2025\/04\/Join_us-600x658.jpg 600w\" sizes=\"(max-width: 607px) 100vw, 607px\" \/>\t\t\t\t\t\t\t\t\t\t\t\t\t\t\t<\/div>\n\t\t\t\t<\/div>\n\t\t<div class=\"elementor-element elementor-element-9bd46f0 e-con-full e-flex e-con e-child\" data-id=\"9bd46f0\" data-element_type=\"container\">\n\t\t\t\t<div class=\"elementor-element elementor-element-569be1b elementor-widget elementor-widget-heading\" data-id=\"569be1b\" data-element_type=\"widget\" data-widget_type=\"heading.default\">\n\t\t\t\t\t<h2 class=\"elementor-heading-title elementor-size-default\">Rejoindre la famille TongWei Chains<\/h2>\t\t\t\t<\/div>\n\t\t\t\t<div class=\"elementor-element elementor-element-64d4d62 elementor-widget elementor-widget-text-editor\" data-id=\"64d4d62\" data-element_type=\"widget\" data-widget_type=\"text-editor.default\">\n\t\t\t\t\t\t\t\t\t<p>Aux cha\u00eenes TongWei,<strong> nous sommes convaincus que le succ\u00e8s remarquable de notre entreprise d\u00e9coule du talent exceptionnel et du d\u00e9vouement in\u00e9branlable de notre \u00e9quipe.<\/strong> C'est pourquoi nous invitons sinc\u00e8rement ceux qui sont passionn\u00e9s, qui visent l'excellence et qui aspirent \u00e0 progresser dans leur carri\u00e8re \u00e0 nous rejoindre ! Si vous partagez nos valeurs et poss\u00e9dez les comp\u00e9tences et les connaissances n\u00e9cessaires pour propulser notre entreprise vers de nouveaux sommets, c'est l'\u00e9tape dont vous r\u00eavez !<\/p>\t\t\t\t\t\t\t\t<\/div>\n\t\t\t\t<div class=\"elementor-element elementor-element-6f57e00 elementor-widget elementor-widget-text-editor\" data-id=\"6f57e00\" data-element_type=\"widget\" data-widget_type=\"text-editor.default\">\n\t\t\t\t\t\t\t\t\tDevenir membre de TongWei Chains, c'est rejoindre les rangs des leaders de l'industrie de la fabrication de cha\u00eenes de protection des pneus. Nous favorisons un environnement de travail dynamique et collaboratif qui encourage la pens\u00e9e innovante et permet \u00e0 nos produits d'atteindre de nouveaux sommets. En outre, nous offrons de vastes possibilit\u00e9s de d\u00e9veloppement de carri\u00e8re et un soutien continu \u00e0 la formation afin de lib\u00e9rer pleinement le potentiel de chaque membre de l'\u00e9quipe.\t\t\t\t\t\t\t\t<\/div>\n\t\t\t\t<div class=\"elementor-element elementor-element-f7fadd2 elementor-widget elementor-widget-text-editor\" data-id=\"f7fadd2\" data-element_type=\"widget\" data-widget_type=\"text-editor.default\">\n\t\t\t\t\t\t\t\t\tTongWei Chains d\u00e9fend les principes de la diversit\u00e9 et de l'inclusion. Quels que soient vos origines, votre \u00e2ge, votre sexe, votre race ou vos croyances, nous appr\u00e9cions vos talents et vos points de vue uniques, que nous consid\u00e9rons comme des atouts inestimables pour faire progresser notre entreprise. Nous attendons avec impatience des personnes issues de milieux et d'exp\u00e9riences divers pour injecter des id\u00e9es nouvelles dans nos projets et cr\u00e9er un succ\u00e8s partag\u00e9.\t\t\t\t\t\t\t\t<\/div>\n\t\t\t\t<div class=\"elementor-element elementor-element-7a66b98 elementor-widget elementor-widget-text-editor\" data-id=\"7a66b98\" data-element_type=\"widget\" data-widget_type=\"text-editor.default\">\n\t\t\t\t\t\t\t\t\tNous nous r\u00e9jouissons de vous compter parmi nous !\t\t\t\t\t\t\t\t<\/div>\n\t\t\t\t<div class=\"elementor-element elementor-element-6b7ddcb elementor-widget elementor-widget-button\" data-id=\"6b7ddcb\" data-element_type=\"widget\" data-widget_type=\"button.default\">\n\t\t\t\t\t\t\t\t\t\t<a class=\"elementor-button elementor-button-link elementor-size-sm\" href=\"https:\/\/twchains.com\/fr\/contact\/\">\n\t\t\t\t\t\t<span class=\"elementor-button-content-wrapper\">\n\t\t\t\t\t\t\t\t\t<span class=\"elementor-button-text\">Jion Us<\/span>\n\t\t\t\t\t<\/span>\n\t\t\t\t\t<\/a>\n\t\t\t\t\t\t\t\t<\/div>\n\t\t\t\t<\/div>\n\t\t\t\t\t<\/div>\n\t\t\t\t<\/div>\n\t\t\t\t<\/div>","protected":false},"excerpt":{"rendered":"<p>Career Join the TongWei Chains Family At TongWei Chains, we firmly believe that our company&#8217;s remarkable success stems from the exceptional talent and unwavering dedication of our team. Therefore, we sincerely invite those who are passionate, strive for excellence, and aspire to advance in their careers to join us! If you share our values and&#8230;<\/p>","protected":false},"author":1,"featured_media":501,"parent":0,"menu_order":0,"comment_status":"closed","ping_status":"closed","template":"","meta":{"inline_featured_image":false,"_kad_post_transparent":"default","_kad_post_title":"hide","_kad_post_layout":"fullwidth","_kad_post_sidebar_id":"","_kad_post_content_style":"unboxed","_kad_post_vertical_padding":"hide","_kad_post_feature":"hide","_kad_post_feature_position":"","_kad_post_header":false,"_kad_post_footer":false,"footnotes":""},"class_list":["post-345","page","type-page","status-publish","has-post-thumbnail","hentry"],"yoast_head":"<!-- This site is optimized with the Yoast SEO plugin v25.4 - https:\/\/yoast.com\/wordpress\/plugins\/seo\/ -->\n<title>Career - twchains<\/title>\n<meta name=\"robots\" content=\"index, follow, max-snippet:-1, max-image-preview:large, max-video-preview:-1\" \/>\n<link rel=\"canonical\" href=\"https:\/\/twchains.com\/fr\/career\/\" \/>\n<meta property=\"og:locale\" content=\"fr_FR\" \/>\n<meta property=\"og:type\" content=\"article\" \/>\n<meta property=\"og:title\" content=\"Career - twchains\" \/>\n<meta property=\"og:description\" content=\"Career Join the TongWei Chains Family At TongWei Chains, we firmly believe that our company&#8217;s remarkable success stems from the exceptional talent and unwavering dedication of our team. Therefore, we sincerely invite those who are passionate, strive for excellence, and aspire to advance in their careers to join us! If you share our values and...\" \/>\n<meta property=\"og:url\" content=\"https:\/\/twchains.com\/fr\/career\/\" \/>\n<meta property=\"og:site_name\" content=\"twchains\" \/>\n<meta property=\"article:modified_time\" content=\"2025-04-10T13:22:09+00:00\" \/>\n<meta property=\"og:image\" content=\"https:\/\/twchains.com\/wp-content\/uploads\/2025\/04\/Join_us.jpg\" \/>\n<meta name=\"twitter:card\" content=\"summary_large_image\" \/>\n<meta name=\"twitter:label1\" content=\"Dur\u00e9e de lecture estim\u00e9e\" \/>\n\t<meta name=\"twitter:data1\" content=\"1 minute\" \/>\n<script type=\"application\/ld+json\" class=\"yoast-schema-graph\">{\"@context\":\"https:\/\/schema.org\",\"@graph\":[{\"@type\":\"WebPage\",\"@id\":\"https:\/\/twchains.com\/career\/\",\"url\":\"https:\/\/twchains.com\/career\/\",\"name\":\"Career - twchains\",\"isPartOf\":{\"@id\":\"https:\/\/twchains.com\/#website\"},\"primaryImageOfPage\":{\"@id\":\"https:\/\/twchains.com\/career\/#primaryimage\"},\"image\":{\"@id\":\"https:\/\/twchains.com\/career\/#primaryimage\"},\"thumbnailUrl\":\"https:\/\/twchains.com\/wp-content\/uploads\/2025\/04\/home_slider_3.jpg\",\"datePublished\":\"2025-04-10T13:00:10+00:00\",\"dateModified\":\"2025-04-10T13:22:09+00:00\",\"breadcrumb\":{\"@id\":\"https:\/\/twchains.com\/career\/#breadcrumb\"},\"inLanguage\":\"fr-FR\",\"potentialAction\":[{\"@type\":\"ReadAction\",\"target\":[\"https:\/\/twchains.com\/career\/\"]}]},{\"@type\":\"ImageObject\",\"inLanguage\":\"fr-FR\",\"@id\":\"https:\/\/twchains.com\/career\/#primaryimage\",\"url\":\"https:\/\/twchains.com\/wp-content\/uploads\/2025\/04\/home_slider_3.jpg\",\"contentUrl\":\"https:\/\/twchains.com\/wp-content\/uploads\/2025\/04\/home_slider_3.jpg\",\"width\":1024,\"height\":768},{\"@type\":\"BreadcrumbList\",\"@id\":\"https:\/\/twchains.com\/career\/#breadcrumb\",\"itemListElement\":[{\"@type\":\"ListItem\",\"position\":1,\"name\":\"Home\",\"item\":\"https:\/\/twchains.com\/\"},{\"@type\":\"ListItem\",\"position\":2,\"name\":\"Career\"}]},{\"@type\":\"WebSite\",\"@id\":\"https:\/\/twchains.com\/#website\",\"url\":\"https:\/\/twchains.com\/\",\"name\":\"twchains\",\"description\":\"\",\"publisher\":{\"@id\":\"https:\/\/twchains.com\/#organization\"},\"potentialAction\":[{\"@type\":\"SearchAction\",\"target\":{\"@type\":\"EntryPoint\",\"urlTemplate\":\"https:\/\/twchains.com\/?s={search_term_string}\"},\"query-input\":{\"@type\":\"PropertyValueSpecification\",\"valueRequired\":true,\"valueName\":\"search_term_string\"}}],\"inLanguage\":\"fr-FR\"},{\"@type\":\"Organization\",\"@id\":\"https:\/\/twchains.com\/#organization\",\"name\":\"twchains\",\"url\":\"https:\/\/twchains.com\/\",\"logo\":{\"@type\":\"ImageObject\",\"inLanguage\":\"fr-FR\",\"@id\":\"https:\/\/twchains.com\/#\/schema\/logo\/image\/\",\"url\":\"https:\/\/twchains.com\/wp-content\/uploads\/2025\/04\/tongwei-logo-100.svg\",\"contentUrl\":\"https:\/\/twchains.com\/wp-content\/uploads\/2025\/04\/tongwei-logo-100.svg\",\"width\":128,\"height\":100,\"caption\":\"twchains\"},\"image\":{\"@id\":\"https:\/\/twchains.com\/#\/schema\/logo\/image\/\"}}]}<\/script>\n<!-- \/ Yoast SEO plugin. -->","yoast_head_json":{"title":"Career - twchains","robots":{"index":"index","follow":"follow","max-snippet":"max-snippet:-1","max-image-preview":"max-image-preview:large","max-video-preview":"max-video-preview:-1"},"canonical":"https:\/\/twchains.com\/fr\/career\/","og_locale":"fr_FR","og_type":"article","og_title":"Career - twchains","og_description":"Career Join the TongWei Chains Family At TongWei Chains, we firmly believe that our company&#8217;s remarkable success stems from the exceptional talent and unwavering dedication of our team. Therefore, we sincerely invite those who are passionate, strive for excellence, and aspire to advance in their careers to join us! If you share our values and...","og_url":"https:\/\/twchains.com\/fr\/career\/","og_site_name":"twchains","article_modified_time":"2025-04-10T13:22:09+00:00","og_image":[{"url":"https:\/\/twchains.com\/wp-content\/uploads\/2025\/04\/Join_us.jpg","type":"","width":"","height":""}],"twitter_card":"summary_large_image","twitter_misc":{"Dur\u00e9e de lecture estim\u00e9e":"1 minute"},"schema":{"@context":"https:\/\/schema.org","@graph":[{"@type":"WebPage","@id":"https:\/\/twchains.com\/career\/","url":"https:\/\/twchains.com\/career\/","name":"Career - twchains","isPartOf":{"@id":"https:\/\/twchains.com\/#website"},"primaryImageOfPage":{"@id":"https:\/\/twchains.com\/career\/#primaryimage"},"image":{"@id":"https:\/\/twchains.com\/career\/#primaryimage"},"thumbnailUrl":"https:\/\/twchains.com\/wp-content\/uploads\/2025\/04\/home_slider_3.jpg","datePublished":"2025-04-10T13:00:10+00:00","dateModified":"2025-04-10T13:22:09+00:00","breadcrumb":{"@id":"https:\/\/twchains.com\/career\/#breadcrumb"},"inLanguage":"fr-FR","potentialAction":[{"@type":"ReadAction","target":["https:\/\/twchains.com\/career\/"]}]},{"@type":"ImageObject","inLanguage":"fr-FR","@id":"https:\/\/twchains.com\/career\/#primaryimage","url":"https:\/\/twchains.com\/wp-content\/uploads\/2025\/04\/home_slider_3.jpg","contentUrl":"https:\/\/twchains.com\/wp-content\/uploads\/2025\/04\/home_slider_3.jpg","width":1024,"height":768},{"@type":"BreadcrumbList","@id":"https:\/\/twchains.com\/career\/#breadcrumb","itemListElement":[{"@type":"ListItem","position":1,"name":"Home","item":"https:\/\/twchains.com\/"},{"@type":"ListItem","position":2,"name":"Career"}]},{"@type":"WebSite","@id":"https:\/\/twchains.com\/#website","url":"https:\/\/twchains.com\/","name":"twchains","description":"","publisher":{"@id":"https:\/\/twchains.com\/#organization"},"potentialAction":[{"@type":"SearchAction","target":{"@type":"EntryPoint","urlTemplate":"https:\/\/twchains.com\/?s={search_term_string}"},"query-input":{"@type":"PropertyValueSpecification","valueRequired":true,"valueName":"search_term_string"}}],"inLanguage":"fr-FR"},{"@type":"Organization","@id":"https:\/\/twchains.com\/#organization","name":"twchains","url":"https:\/\/twchains.com\/","logo":{"@type":"ImageObject","inLanguage":"fr-FR","@id":"https:\/\/twchains.com\/#\/schema\/logo\/image\/","url":"https:\/\/twchains.com\/wp-content\/uploads\/2025\/04\/tongwei-logo-100.svg","contentUrl":"https:\/\/twchains.com\/wp-content\/uploads\/2025\/04\/tongwei-logo-100.svg","width":128,"height":100,"caption":"twchains"},"image":{"@id":"https:\/\/twchains.com\/#\/schema\/logo\/image\/"}}]}},"_links":{"self":[{"href":"https:\/\/twchains.com\/fr\/wp-json\/wp\/v2\/pages\/345","targetHints":{"allow":["GET"]}}],"collection":[{"href":"https:\/\/twchains.com\/fr\/wp-json\/wp\/v2\/pages"}],"about":[{"href":"https:\/\/twchains.com\/fr\/wp-json\/wp\/v2\/types\/page"}],"author":[{"embeddable":true,"href":"https:\/\/twchains.com\/fr\/wp-json\/wp\/v2\/users\/1"}],"replies":[{"embeddable":true,"href":"https:\/\/twchains.com\/fr\/wp-json\/wp\/v2\/comments?post=345"}],"version-history":[{"count":10,"href":"https:\/\/twchains.com\/fr\/wp-json\/wp\/v2\/pages\/345\/revisions"}],"predecessor-version":[{"id":357,"href":"https:\/\/twchains.com\/fr\/wp-json\/wp\/v2\/pages\/345\/revisions\/357"}],"wp:featuredmedia":[{"embeddable":true,"href":"https:\/\/twchains.com\/fr\/wp-json\/wp\/v2\/media\/501"}],"wp:attachment":[{"href":"https:\/\/twchains.com\/fr\/wp-json\/wp\/v2\/media?parent=345"}],"curies":[{"name":"wp","href":"https:\/\/api.w.org\/{rel}","templated":true}]}}