{"id":86,"date":"2025-04-03T13:20:03","date_gmt":"2025-04-03T13:20:03","guid":{"rendered":"https:\/\/twchains.com\/?page_id=86"},"modified":"2025-04-10T11:31:08","modified_gmt":"2025-04-10T11:31:08","slug":"maintaince","status":"publish","type":"page","link":"https:\/\/twchains.com\/fr\/maintaince\/","title":{"rendered":"Maintien"},"content":{"rendered":"<div data-elementor-type=\"wp-page\" data-elementor-id=\"86\" class=\"elementor elementor-86\" data-elementor-post-type=\"page\">\n\t\t\t\t<div class=\"elementor-element elementor-element-6808754a e-con-full e-flex e-con e-parent\" data-id=\"6808754a\" data-element_type=\"container\" data-settings=\"{&quot;background_background&quot;:&quot;classic&quot;}\">\n\t\t\t\t<div class=\"elementor-element elementor-element-5d230194 elementor-widget__width-initial elementor-widget elementor-widget-heading\" data-id=\"5d230194\" data-element_type=\"widget\" data-widget_type=\"heading.default\">\n\t\t\t\t\t<h1 class=\"elementor-heading-title elementor-size-default\">Entretien des cha\u00eenes de protection des pneus<\/h1>\t\t\t\t<\/div>\n\t\t\t\t<\/div>\n\t\t<div class=\"elementor-element elementor-element-6246c007 e-flex e-con-boxed e-con e-parent\" data-id=\"6246c007\" data-element_type=\"container\" data-settings=\"{&quot;background_background&quot;:&quot;classic&quot;}\">\n\t\t\t\t\t<div class=\"e-con-inner\">\n\t\t\t\t<div class=\"elementor-element elementor-element-677d3a7b elementor-widget elementor-widget-breadcrumbs\" data-id=\"677d3a7b\" data-element_type=\"widget\" data-widget_type=\"breadcrumbs.default\">\n\t\t\t\t\t<p id=\"breadcrumbs\"><span><span><a href=\"https:\/\/twchains.com\/fr\">Accueil<\/a><\/span><\/span><\/p>\t\t\t\t<\/div>\n\t\t\t\t\t<\/div>\n\t\t\t\t<\/div>\n\t\t<div class=\"elementor-element elementor-element-0010d3a e-flex e-con-boxed e-con e-parent\" data-id=\"0010d3a\" data-element_type=\"container\">\n\t\t\t\t\t<div class=\"e-con-inner\">\n\t\t\t\t<div class=\"elementor-element elementor-element-08fe967 elementor-widget elementor-widget-text-editor\" data-id=\"08fe967\" data-element_type=\"widget\" data-widget_type=\"text-editor.default\">\n\t\t\t\t\t\t\t\t\t<p><strong>Cha\u00eenes de protection des pneus<\/strong> servent d'\u00e9quipement de protection essentiel pour les machines d'ing\u00e9nierie, les v\u00e9hicules miniers et autres, leur entretien ayant un impact direct sur la s\u00e9curit\u00e9 et l'efficacit\u00e9 du fonctionnement de l'\u00e9quipement. Un entretien ad\u00e9quat permet non seulement de prolonger la dur\u00e9e de vie des cha\u00eenes et des pneus, mais aussi de r\u00e9duire efficacement les co\u00fbts d'entretien et les temps d'immobilisation.<\/p>\t\t\t\t\t\t\t\t<\/div>\n\t\t\t\t<div class=\"elementor-element elementor-element-6c91552 elementor-widget elementor-widget-text-editor\" data-id=\"6c91552\" data-element_type=\"widget\" data-widget_type=\"text-editor.default\">\n\t\t\t\t\t\t\t\t\tL'entretien quotidien doit commencer par des inspections fondamentales, en se concentrant sur l'observation de l'aspect de la cha\u00eene pour y d\u00e9celer des signes de fissures, de d\u00e9formation ou d'usure. En outre, il convient de v\u00e9rifier le serrage des boulons et des goupilles de connexion afin d'\u00e9viter tout risque potentiel pour la s\u00e9curit\u00e9 en cas de desserrage. \t\t\t\t\t\t\t\t<\/div>\n\t\t\t\t<div class=\"elementor-element elementor-element-b525154 elementor-widget elementor-widget-heading\" data-id=\"b525154\" data-element_type=\"widget\" data-widget_type=\"heading.default\">\n\t\t\t\t\t<h2 class=\"elementor-heading-title elementor-size-default\">Nettoyage et lubrification<\/h2>\t\t\t\t<\/div>\n\t\t\t\t<div class=\"elementor-element elementor-element-4af9576 elementor-widget elementor-widget-text-editor\" data-id=\"4af9576\" data-element_type=\"widget\" data-widget_type=\"text-editor.default\">\n\t\t\t\t\t\t\t\t\t<p>Le nettoyage et la lubrification sont des \u00e9tapes essentielles de l'entretien de la cha\u00eene de protection des pneus. Lors du nettoyage, utilisez un pistolet \u00e0 eau \u00e0 haute pression ou une brosse pour \u00e9liminer compl\u00e8tement la salet\u00e9 tenace des interstices de la cha\u00eene, en veillant \u00e0 ce que l'eau ne p\u00e9n\u00e8tre pas dans les zones critiques telles que les roulements. La lubrification n\u00e9cessite l'utilisation d'une huile ou d'une graisse sp\u00e9ciale pour cha\u00eenes, en veillant \u00e0 ce que le lubrifiant poss\u00e8de des propri\u00e9t\u00e9s de r\u00e9sistance \u00e0 la chaleur, \u00e0 l'eau et \u00e0 la corrosion.<\/p>\t\t\t\t\t\t\t\t<\/div>\n\t\t\t\t<div class=\"elementor-element elementor-element-206a9c1 elementor-widget elementor-widget-text-editor\" data-id=\"206a9c1\" data-element_type=\"widget\" data-widget_type=\"text-editor.default\">\n\t\t\t\t\t\t\t\t\t<p>La lubrification doit se concentrer sur les maillons de la cha\u00eene, les axes et les bagues de raccordement afin de r\u00e9duire le frottement et l'usure. La fr\u00e9quence de lubrification doit \u00eatre ajust\u00e9e en fonction de l'environnement d'exploitation. Il est recommand\u00e9 d'augmenter la fr\u00e9quence de lubrification dans les conditions difficiles afin de pr\u00e9server la flexibilit\u00e9 et la durabilit\u00e9 de la cha\u00eene.<\/p>\t\t\t\t\t\t\t\t<\/div>\n\t\t\t\t<div class=\"elementor-element elementor-element-a1ac6a5 elementor-widget elementor-widget-heading\" data-id=\"a1ac6a5\" data-element_type=\"widget\" data-widget_type=\"heading.default\">\n\t\t\t\t\t<h2 class=\"elementor-heading-title elementor-size-default\">R\u00e9glage de la tension<\/h2>\t\t\t\t<\/div>\n\t\t\t\t<div class=\"elementor-element elementor-element-0fa4f84 elementor-widget elementor-widget-text-editor\" data-id=\"0fa4f84\" data-element_type=\"widget\" data-widget_type=\"text-editor.default\">\n\t\t\t\t\t\t\t\t\t<p>La tension de la cha\u00eene affecte directement son \u00e9tat de fonctionnement et sa dur\u00e9e de vie. Un jeu excessif peut entra\u00eener une friction accrue entre la cha\u00eene et le pneu ou le sol, tandis qu'un serrage excessif augmente la charge sur la cha\u00eene et le pneu, ce qui acc\u00e9l\u00e8re l'usure. Il est donc essentiel de v\u00e9rifier et d'ajuster r\u00e9guli\u00e8rement la tension de la cha\u00eene pour s'assurer qu'elle est dans un \u00e9tat de fonctionnement optimal. Lors du stockage, la cha\u00eene doit \u00eatre plac\u00e9e dans un environnement sec et bien ventil\u00e9 afin d'\u00e9viter toute exposition \u00e0 l'humidit\u00e9 ou tout contact avec des substances corrosives.<\/p>\t\t\t\t\t\t\t\t<\/div>\n\t\t\t\t<div class=\"elementor-element elementor-element-82a86bf elementor-widget elementor-widget-text-editor\" data-id=\"82a86bf\" data-element_type=\"widget\" data-widget_type=\"text-editor.default\">\n\t\t\t\t\t\t\t\t\t<p>En cas d'inutilisation prolong\u00e9e, l'application d'une huile antirouille ou la couverture de la cha\u00eene avec un chiffon anti-poussi\u00e8re peut pr\u00e9venir l'oxydation et les dommages. En outre, la cha\u00eene doit \u00eatre prot\u00e9g\u00e9e des chocs externes ou de la compression pendant le stockage afin de conserver sa forme et ses performances.<\/p>\t\t\t\t\t\t\t\t<\/div>\n\t\t\t\t<div class=\"elementor-element elementor-element-7842d41 elementor-widget elementor-widget-heading\" data-id=\"7842d41\" data-element_type=\"widget\" data-widget_type=\"heading.default\">\n\t\t\t\t\t<h2 class=\"elementor-heading-title elementor-size-default\">Entretien professionnel<\/h2>\t\t\t\t<\/div>\n\t\t\t\t<div class=\"elementor-element elementor-element-877a6bb elementor-widget elementor-widget-text-editor\" data-id=\"877a6bb\" data-element_type=\"widget\" data-widget_type=\"text-editor.default\">\n\t\t\t\t\t\t\t\t\t<p>En plus de l'entretien quotidien, les cha\u00eenes de protection des pneus n\u00e9cessitent un entretien professionnel r\u00e9gulier. Il est recommand\u00e9 que les techniciens professionnels effectuent une inspection compl\u00e8te de la cha\u00eene tous les six mois ou toutes les 1 000 heures, y compris une \u00e9valuation de l'usure, de la tension et de l'\u00e9tat de la lubrification, et qu'ils effectuent les r\u00e9parations ou les remplacements n\u00e9cessaires en fonction des r\u00e9sultats de l'inspection.<\/p>\t\t\t\t\t\t\t\t<\/div>\n\t\t\t\t<div class=\"elementor-element elementor-element-426de8e elementor-widget elementor-widget-text-editor\" data-id=\"426de8e\" data-element_type=\"widget\" data-widget_type=\"text-editor.default\">\n\t\t\t\t\t\t\t\t\t<p>Les op\u00e9rateurs doivent respecter scrupuleusement les directives d'utilisation, en \u00e9vitant les surcharges, les exc\u00e8s de vitesse ou l'utilisation de la cha\u00eene dans des conditions inadapt\u00e9es. Gr\u00e2ce \u00e0 un entretien scientifique et \u00e0 un fonctionnement normalis\u00e9, les cha\u00eenes de protection des pneus peuvent conserver des performances \u00e9lev\u00e9es sur le long terme, offrant ainsi une protection fiable pour un fonctionnement s\u00fbr des \u00e9quipements.<\/p>\t\t\t\t\t\t\t\t<\/div>\n\t\t\t\t\t<\/div>\n\t\t\t\t<\/div>\n\t\t\t\t<\/div>","protected":false},"excerpt":{"rendered":"<p>Maintenance for Tire Protection Chains Tire protection chains serve as crucial protective equipment for engineering machinery, mining vehicles, and the like, with their maintenance directly impacting the safety and efficiency of equipment operation. Proper maintenance not only extends the service life of both the chains and tires but also effectively reduces maintenance costs and downtime&#8230;.<\/p>","protected":false},"author":1,"featured_media":501,"parent":0,"menu_order":0,"comment_status":"closed","ping_status":"closed","template":"","meta":{"inline_featured_image":false,"_kad_post_transparent":"default","_kad_post_title":"hide","_kad_post_layout":"fullwidth","_kad_post_sidebar_id":"","_kad_post_content_style":"unboxed","_kad_post_vertical_padding":"hide","_kad_post_feature":"hide","_kad_post_feature_position":"","_kad_post_header":false,"_kad_post_footer":false,"footnotes":""},"class_list":["post-86","page","type-page","status-publish","has-post-thumbnail","hentry"],"yoast_head":"<!-- This site is optimized with the Yoast SEO plugin v25.4 - https:\/\/yoast.com\/wordpress\/plugins\/seo\/ -->\n<title>Maintaince - twchains<\/title>\n<meta name=\"robots\" content=\"index, follow, max-snippet:-1, max-image-preview:large, max-video-preview:-1\" \/>\n<link rel=\"canonical\" href=\"https:\/\/twchains.com\/fr\/maintaince\/\" \/>\n<meta property=\"og:locale\" content=\"fr_FR\" \/>\n<meta property=\"og:type\" content=\"article\" \/>\n<meta property=\"og:title\" content=\"Maintaince - twchains\" \/>\n<meta property=\"og:description\" content=\"Maintenance for Tire Protection Chains Tire protection chains serve as crucial protective equipment for engineering machinery, mining vehicles, and the like, with their maintenance directly impacting the safety and efficiency of equipment operation. Proper maintenance not only extends the service life of both the chains and tires but also effectively reduces maintenance costs and downtime....\" \/>\n<meta property=\"og:url\" content=\"https:\/\/twchains.com\/fr\/maintaince\/\" \/>\n<meta property=\"og:site_name\" content=\"twchains\" \/>\n<meta property=\"article:modified_time\" content=\"2025-04-10T11:31:08+00:00\" \/>\n<meta name=\"twitter:card\" content=\"summary_large_image\" \/>\n<meta name=\"twitter:label1\" content=\"Dur\u00e9e de lecture estim\u00e9e\" \/>\n\t<meta name=\"twitter:data1\" content=\"2 minutes\" \/>\n<script type=\"application\/ld+json\" class=\"yoast-schema-graph\">{\"@context\":\"https:\/\/schema.org\",\"@graph\":[{\"@type\":\"WebPage\",\"@id\":\"https:\/\/twchains.com\/maintaince\/\",\"url\":\"https:\/\/twchains.com\/maintaince\/\",\"name\":\"Maintaince - twchains\",\"isPartOf\":{\"@id\":\"https:\/\/twchains.com\/#website\"},\"primaryImageOfPage\":{\"@id\":\"https:\/\/twchains.com\/maintaince\/#primaryimage\"},\"image\":{\"@id\":\"https:\/\/twchains.com\/maintaince\/#primaryimage\"},\"thumbnailUrl\":\"https:\/\/twchains.com\/wp-content\/uploads\/2025\/04\/home_slider_3.jpg\",\"datePublished\":\"2025-04-03T13:20:03+00:00\",\"dateModified\":\"2025-04-10T11:31:08+00:00\",\"breadcrumb\":{\"@id\":\"https:\/\/twchains.com\/maintaince\/#breadcrumb\"},\"inLanguage\":\"fr-FR\",\"potentialAction\":[{\"@type\":\"ReadAction\",\"target\":[\"https:\/\/twchains.com\/maintaince\/\"]}]},{\"@type\":\"ImageObject\",\"inLanguage\":\"fr-FR\",\"@id\":\"https:\/\/twchains.com\/maintaince\/#primaryimage\",\"url\":\"https:\/\/twchains.com\/wp-content\/uploads\/2025\/04\/home_slider_3.jpg\",\"contentUrl\":\"https:\/\/twchains.com\/wp-content\/uploads\/2025\/04\/home_slider_3.jpg\",\"width\":1024,\"height\":768},{\"@type\":\"BreadcrumbList\",\"@id\":\"https:\/\/twchains.com\/maintaince\/#breadcrumb\",\"itemListElement\":[{\"@type\":\"ListItem\",\"position\":1,\"name\":\"Home\",\"item\":\"https:\/\/twchains.com\/\"},{\"@type\":\"ListItem\",\"position\":2,\"name\":\"Maintaince\"}]},{\"@type\":\"WebSite\",\"@id\":\"https:\/\/twchains.com\/#website\",\"url\":\"https:\/\/twchains.com\/\",\"name\":\"twchains\",\"description\":\"\",\"publisher\":{\"@id\":\"https:\/\/twchains.com\/#organization\"},\"potentialAction\":[{\"@type\":\"SearchAction\",\"target\":{\"@type\":\"EntryPoint\",\"urlTemplate\":\"https:\/\/twchains.com\/?s={search_term_string}\"},\"query-input\":{\"@type\":\"PropertyValueSpecification\",\"valueRequired\":true,\"valueName\":\"search_term_string\"}}],\"inLanguage\":\"fr-FR\"},{\"@type\":\"Organization\",\"@id\":\"https:\/\/twchains.com\/#organization\",\"name\":\"twchains\",\"url\":\"https:\/\/twchains.com\/\",\"logo\":{\"@type\":\"ImageObject\",\"inLanguage\":\"fr-FR\",\"@id\":\"https:\/\/twchains.com\/#\/schema\/logo\/image\/\",\"url\":\"https:\/\/twchains.com\/wp-content\/uploads\/2025\/04\/tongwei-logo-100.svg\",\"contentUrl\":\"https:\/\/twchains.com\/wp-content\/uploads\/2025\/04\/tongwei-logo-100.svg\",\"width\":128,\"height\":100,\"caption\":\"twchains\"},\"image\":{\"@id\":\"https:\/\/twchains.com\/#\/schema\/logo\/image\/\"}}]}<\/script>\n<!-- \/ Yoast SEO plugin. -->","yoast_head_json":{"title":"Maintaince - twchains","robots":{"index":"index","follow":"follow","max-snippet":"max-snippet:-1","max-image-preview":"max-image-preview:large","max-video-preview":"max-video-preview:-1"},"canonical":"https:\/\/twchains.com\/fr\/maintaince\/","og_locale":"fr_FR","og_type":"article","og_title":"Maintaince - twchains","og_description":"Maintenance for Tire Protection Chains Tire protection chains serve as crucial protective equipment for engineering machinery, mining vehicles, and the like, with their maintenance directly impacting the safety and efficiency of equipment operation. Proper maintenance not only extends the service life of both the chains and tires but also effectively reduces maintenance costs and downtime....","og_url":"https:\/\/twchains.com\/fr\/maintaince\/","og_site_name":"twchains","article_modified_time":"2025-04-10T11:31:08+00:00","twitter_card":"summary_large_image","twitter_misc":{"Dur\u00e9e de lecture estim\u00e9e":"2 minutes"},"schema":{"@context":"https:\/\/schema.org","@graph":[{"@type":"WebPage","@id":"https:\/\/twchains.com\/maintaince\/","url":"https:\/\/twchains.com\/maintaince\/","name":"Maintaince - twchains","isPartOf":{"@id":"https:\/\/twchains.com\/#website"},"primaryImageOfPage":{"@id":"https:\/\/twchains.com\/maintaince\/#primaryimage"},"image":{"@id":"https:\/\/twchains.com\/maintaince\/#primaryimage"},"thumbnailUrl":"https:\/\/twchains.com\/wp-content\/uploads\/2025\/04\/home_slider_3.jpg","datePublished":"2025-04-03T13:20:03+00:00","dateModified":"2025-04-10T11:31:08+00:00","breadcrumb":{"@id":"https:\/\/twchains.com\/maintaince\/#breadcrumb"},"inLanguage":"fr-FR","potentialAction":[{"@type":"ReadAction","target":["https:\/\/twchains.com\/maintaince\/"]}]},{"@type":"ImageObject","inLanguage":"fr-FR","@id":"https:\/\/twchains.com\/maintaince\/#primaryimage","url":"https:\/\/twchains.com\/wp-content\/uploads\/2025\/04\/home_slider_3.jpg","contentUrl":"https:\/\/twchains.com\/wp-content\/uploads\/2025\/04\/home_slider_3.jpg","width":1024,"height":768},{"@type":"BreadcrumbList","@id":"https:\/\/twchains.com\/maintaince\/#breadcrumb","itemListElement":[{"@type":"ListItem","position":1,"name":"Home","item":"https:\/\/twchains.com\/"},{"@type":"ListItem","position":2,"name":"Maintaince"}]},{"@type":"WebSite","@id":"https:\/\/twchains.com\/#website","url":"https:\/\/twchains.com\/","name":"twchains","description":"","publisher":{"@id":"https:\/\/twchains.com\/#organization"},"potentialAction":[{"@type":"SearchAction","target":{"@type":"EntryPoint","urlTemplate":"https:\/\/twchains.com\/?s={search_term_string}"},"query-input":{"@type":"PropertyValueSpecification","valueRequired":true,"valueName":"search_term_string"}}],"inLanguage":"fr-FR"},{"@type":"Organization","@id":"https:\/\/twchains.com\/#organization","name":"twchains","url":"https:\/\/twchains.com\/","logo":{"@type":"ImageObject","inLanguage":"fr-FR","@id":"https:\/\/twchains.com\/#\/schema\/logo\/image\/","url":"https:\/\/twchains.com\/wp-content\/uploads\/2025\/04\/tongwei-logo-100.svg","contentUrl":"https:\/\/twchains.com\/wp-content\/uploads\/2025\/04\/tongwei-logo-100.svg","width":128,"height":100,"caption":"twchains"},"image":{"@id":"https:\/\/twchains.com\/#\/schema\/logo\/image\/"}}]}},"_links":{"self":[{"href":"https:\/\/twchains.com\/fr\/wp-json\/wp\/v2\/pages\/86","targetHints":{"allow":["GET"]}}],"collection":[{"href":"https:\/\/twchains.com\/fr\/wp-json\/wp\/v2\/pages"}],"about":[{"href":"https:\/\/twchains.com\/fr\/wp-json\/wp\/v2\/types\/page"}],"author":[{"embeddable":true,"href":"https:\/\/twchains.com\/fr\/wp-json\/wp\/v2\/users\/1"}],"replies":[{"embeddable":true,"href":"https:\/\/twchains.com\/fr\/wp-json\/wp\/v2\/comments?post=86"}],"version-history":[{"count":7,"href":"https:\/\/twchains.com\/fr\/wp-json\/wp\/v2\/pages\/86\/revisions"}],"predecessor-version":[{"id":318,"href":"https:\/\/twchains.com\/fr\/wp-json\/wp\/v2\/pages\/86\/revisions\/318"}],"wp:featuredmedia":[{"embeddable":true,"href":"https:\/\/twchains.com\/fr\/wp-json\/wp\/v2\/media\/501"}],"wp:attachment":[{"href":"https:\/\/twchains.com\/fr\/wp-json\/wp\/v2\/media?parent=86"}],"curies":[{"name":"wp","href":"https:\/\/api.w.org\/{rel}","templated":true}]}}