{"id":92,"date":"2025-04-03T13:22:06","date_gmt":"2025-04-03T13:22:06","guid":{"rendered":"https:\/\/twchains.com\/?page_id=92"},"modified":"2025-04-26T04:17:16","modified_gmt":"2025-04-26T04:17:16","slug":"mining-quarrying-tyre-protection-chains","status":"publish","type":"page","link":"https:\/\/twchains.com\/fr\/mining-quarrying-tyre-protection-chains\/","title":{"rendered":"Cha\u00eenes de protection des pneus pour mines et carri\u00e8res"},"content":{"rendered":"<div data-elementor-type=\"wp-page\" data-elementor-id=\"92\" class=\"elementor elementor-92\" data-elementor-post-type=\"page\">\n\t\t\t\t<div class=\"elementor-element elementor-element-77bea37f e-con-full e-flex e-con e-parent\" data-id=\"77bea37f\" data-element_type=\"container\" data-settings=\"{&quot;background_background&quot;:&quot;classic&quot;}\">\n\t\t\t\t<div class=\"elementor-element elementor-element-7128f689 elementor-widget__width-initial elementor-widget elementor-widget-heading\" data-id=\"7128f689\" data-element_type=\"widget\" data-widget_type=\"heading.default\">\n\t\t\t\t\t<h1 class=\"elementor-heading-title elementor-size-default\">Cha\u00eenes de protection des pneus pour les mines et carri\u00e8res<\/h1>\t\t\t\t<\/div>\n\t\t\t\t<\/div>\n\t\t<div class=\"elementor-element elementor-element-6f1629f5 e-flex e-con-boxed e-con e-parent\" data-id=\"6f1629f5\" data-element_type=\"container\" data-settings=\"{&quot;background_background&quot;:&quot;classic&quot;}\">\n\t\t\t\t\t<div class=\"e-con-inner\">\n\t\t\t\t<div class=\"elementor-element elementor-element-33221a0b elementor-widget elementor-widget-breadcrumbs\" data-id=\"33221a0b\" data-element_type=\"widget\" data-widget_type=\"breadcrumbs.default\">\n\t\t\t\t\t<p id=\"breadcrumbs\"><span><span><a href=\"https:\/\/twchains.com\/fr\">Accueil<\/a><\/span><\/span><\/p>\t\t\t\t<\/div>\n\t\t\t\t\t<\/div>\n\t\t\t\t<\/div>\n\t\t<div class=\"elementor-element elementor-element-33ad5a88 e-flex e-con-boxed e-con e-parent\" data-id=\"33ad5a88\" data-element_type=\"container\">\n\t\t\t\t\t<div class=\"e-con-inner\">\n\t\t<div class=\"elementor-element elementor-element-db7ba93 e-con-full e-flex e-con e-child\" data-id=\"db7ba93\" data-element_type=\"container\">\n\t\t\t\t<\/div>\n\t\t<div class=\"elementor-element elementor-element-2ae1d025 e-con-full e-flex e-con e-child\" data-id=\"2ae1d025\" data-element_type=\"container\">\n\t\t\t\t<div class=\"elementor-element elementor-element-20d8f4f1 elementor-widget elementor-widget-text-editor\" data-id=\"20d8f4f1\" data-element_type=\"widget\" data-widget_type=\"text-editor.default\">\n\t\t\t\t\t\t\t\t\tLes sites d'exploitation de mines et de carri\u00e8res se caract\u00e9risent par un terrain accident\u00e9, des roches tranchantes, des charges lourdes et des activit\u00e9s \u00e0 fort impact. Les pneus sont constamment expos\u00e9s aux crevaisons, aux coupures et \u00e0 l'usure explosive des surfaces abrasives.\t\t\t\t\t\t\t\t<\/div>\n\t\t\t\t<div class=\"elementor-element elementor-element-56a5b7fd elementor-widget elementor-widget-text-editor\" data-id=\"56a5b7fd\" data-element_type=\"widget\" data-widget_type=\"text-editor.default\">\n\t\t\t\t\t\t\t\t\tNos cha\u00eenes pour mines et carri\u00e8res sont dot\u00e9es de maillons renforc\u00e9s tr\u00e8s \u00e9pais, con\u00e7us pour absorber les chocs et r\u00e9sister \u00e0 la d\u00e9formation. Les joints soud\u00e9s robustes et les mat\u00e9riaux \u00e0 haute r\u00e9sistance garantissent une durabilit\u00e9 maximale, m\u00eame sous des charges extr\u00eames. En minimisant les dommages aux pneus et les temps d'arr\u00eat, nos cha\u00eenes am\u00e9liorent consid\u00e9rablement l'efficacit\u00e9 op\u00e9rationnelle et r\u00e9duisent les co\u00fbts de maintenance.\n\t\t\t\t\t\t\t\t<\/div>\n\t\t\t\t<\/div>\n\t\t\t\t\t<\/div>\n\t\t\t\t<\/div>\n\t\t<div class=\"elementor-element elementor-element-e5d71d2 e-flex e-con-boxed e-con e-parent\" data-id=\"e5d71d2\" data-element_type=\"container\">\n\t\t\t\t\t<div class=\"e-con-inner\">\n\t\t\t\t<div class=\"elementor-element elementor-element-38c43e5 elementor-widget elementor-widget-shortcode\" data-id=\"38c43e5\" data-element_type=\"widget\" data-widget_type=\"shortcode.default\">\n\t\t\t\t\t\t\t<div class=\"elementor-shortcode\"><div class=\"woocommerce columns-4\"><ul class=\"products content-wrap product-archive grid-cols grid-ss-col-2 grid-sm-col-3 grid-lg-col-4 woo-archive-action-on-hover woo-archive-btn-text  woo-archive-image-hover-none\"><li class=\"entry content-bg loop-entry product type-product post-567 status-publish first instock product_cat-standard product_cat-tyre-protection-chain has-post-thumbnail shipping-taxable product-type-simple\">\n\t<a href=\"https:\/\/twchains.com\/fr\/produit\/x14mm-universal-type-23-5-25-loader-tire-chains-330kg\/\" class=\"woocommerce-loop-image-link woocommerce-LoopProduct-link woocommerce-loop-product__link\"><img fetchpriority=\"high\" decoding=\"async\" width=\"300\" height=\"300\" src=\"https:\/\/twchains.com\/wp-content\/uploads\/2025\/04\/14mm-A-loader-tire-chains-300x300.png\" class=\"attachment-woocommerce_thumbnail size-woocommerce_thumbnail\" alt=\"\u00d714mm Type universel 23.5-25 Cha\u00eenes pour pneus de chargeur 330kg\" srcset=\"https:\/\/twchains.com\/wp-content\/uploads\/2025\/04\/14mm-A-loader-tire-chains-300x300.png 300w, https:\/\/twchains.com\/wp-content\/uploads\/2025\/04\/14mm-A-loader-tire-chains-150x150.png 150w, https:\/\/twchains.com\/wp-content\/uploads\/2025\/04\/14mm-A-loader-tire-chains-100x100.png 100w\" sizes=\"(max-width: 300px) 100vw, 300px\" \/><\/a><div class=\"product-details content-bg entry-content-wrap\"><h2 class=\"woocommerce-loop-product__title\"><a href=\"https:\/\/twchains.com\/fr\/produit\/x14mm-universal-type-23-5-25-loader-tire-chains-330kg\/\" class=\"woocommerce-LoopProduct-link-title woocommerce-loop-product__title_ink\">\u00d714mm Type universel 23.5-25 Cha\u00eenes pour pneus de chargeur 330kg<\/a><\/h2>\n<div class=\"product-action-wrap\"><a href=\"https:\/\/twchains.com\/fr\/produit\/x14mm-universal-type-23-5-25-loader-tire-chains-330kg\/\" data-quantity=\"1\" class=\"button product_type_simple\" data-product_id=\"567\" data-product_sku=\"\" aria-label=\"En savoir plus sur \u201c\u00d714mm Universal Type 23.5-25 Loader Tire Chains 330kg\u201d\" rel=\"nofollow\" data-success_message=\"\" data-no-translation-aria-label=\"\">Lire la suite<span class=\"kadence-svg-iconset svg-baseline\"><svg aria-hidden=\"true\" class=\"kadence-svg-icon kadence-arrow-right-alt-svg\" fill=\"currentColor\" version=\"1.1\" xmlns=\"http:\/\/www.w3.org\/2000\/svg\" width=\"27\" height=\"28\" viewbox=\"0 0 27 28\"><title>Continuer<\/title><path d=\"M27 13.953c0 0.141-0.063 0.281-0.156 0.375l-6 5.531c-0.156 0.141-0.359 0.172-0.547 0.094-0.172-0.078-0.297-0.25-0.297-0.453v-3.5h-19.5c-0.281 0-0.5-0.219-0.5-0.5v-3c0-0.281 0.219-0.5 0.5-0.5h19.5v-3.5c0-0.203 0.109-0.375 0.297-0.453s0.391-0.047 0.547 0.078l6 5.469c0.094 0.094 0.156 0.219 0.156 0.359v0z\"><\/path>\n\t\t\t\t<\/svg><\/span><span class=\"kadence-svg-iconset svg-baseline\"><svg class=\"kadence-svg-icon kadence-spinner-svg\" fill=\"currentColor\" version=\"1.1\" xmlns=\"http:\/\/www.w3.org\/2000\/svg\" width=\"16\" height=\"16\" viewbox=\"0 0 16 16\"><title>Chargement<\/title><path d=\"M16 6h-6l2.243-2.243c-1.133-1.133-2.64-1.757-4.243-1.757s-3.109 0.624-4.243 1.757c-1.133 1.133-1.757 2.64-1.757 4.243s0.624 3.109 1.757 4.243c1.133 1.133 2.64 1.757 4.243 1.757s3.109-0.624 4.243-1.757c0.095-0.095 0.185-0.192 0.273-0.292l1.505 1.317c-1.466 1.674-3.62 2.732-6.020 2.732-4.418 0-8-3.582-8-8s3.582-8 8-8c2.209 0 4.209 0.896 5.656 2.344l2.343-2.344v6z\"><\/path>\n\t\t\t\t<\/svg><\/span><span class=\"kadence-svg-iconset svg-baseline\"><svg class=\"kadence-svg-icon kadence-check-svg\" fill=\"currentColor\" version=\"1.1\" xmlns=\"http:\/\/www.w3.org\/2000\/svg\" width=\"16\" height=\"16\" viewbox=\"0 0 16 16\"><title>Termin\u00e9<\/title><path d=\"M14 2.5l-8.5 8.5-3.5-3.5-1.5 1.5 5 5 10-10z\"><\/path>\n\t\t\t\t<\/svg><\/span><\/a>\t<span id=\"woocommerce_loop_add_to_cart_link_describedby_567\" class=\"screen-reader-text\">\n\t\t\t<\/span>\n<\/div><\/div><\/li>\n<li class=\"entry content-bg loop-entry product type-product post-581 status-publish instock product_cat-reinforced product_cat-tyre-protection-chain has-post-thumbnail shipping-taxable product-type-simple\">\n\t<a href=\"https:\/\/twchains.com\/fr\/produit\/x18mm-reinforced-875-65r29-quarry-chain-for-wheel-loader-xcmg9108-ev\/\" class=\"woocommerce-loop-image-link woocommerce-LoopProduct-link woocommerce-loop-product__link\"><img decoding=\"async\" width=\"300\" height=\"300\" src=\"https:\/\/twchains.com\/wp-content\/uploads\/2025\/04\/18mmU-300x300.png\" class=\"attachment-woocommerce_thumbnail size-woocommerce_thumbnail\" alt=\"\u00d718mm Cha\u00eene de carri\u00e8re renforc\u00e9e 875\/65r29 pour chargeuse sur pneus XCMG9108-EV\" srcset=\"https:\/\/twchains.com\/wp-content\/uploads\/2025\/04\/18mmU-300x300.png 300w, https:\/\/twchains.com\/wp-content\/uploads\/2025\/04\/18mmU-150x150.png 150w, https:\/\/twchains.com\/wp-content\/uploads\/2025\/04\/18mmU-100x100.png 100w\" sizes=\"(max-width: 300px) 100vw, 300px\" \/><\/a><div class=\"product-details content-bg entry-content-wrap\"><h2 class=\"woocommerce-loop-product__title\"><a href=\"https:\/\/twchains.com\/fr\/produit\/x18mm-reinforced-875-65r29-quarry-chain-for-wheel-loader-xcmg9108-ev\/\" class=\"woocommerce-LoopProduct-link-title woocommerce-loop-product__title_ink\">\u00d718mm Cha\u00eene de carri\u00e8re renforc\u00e9e 875\/65r29 pour chargeuse sur pneus XCMG9108-EV<\/a><\/h2>\n<div class=\"product-action-wrap\"><a href=\"https:\/\/twchains.com\/fr\/produit\/x18mm-reinforced-875-65r29-quarry-chain-for-wheel-loader-xcmg9108-ev\/\" data-quantity=\"1\" class=\"button product_type_simple\" data-product_id=\"581\" data-product_sku=\"\" aria-label=\"En savoir plus sur \u201c\u00d718mm Reinforced 875\/65r29 Quarry Chain For Wheel Loader XCMG9108-EV\u201d\" rel=\"nofollow\" data-success_message=\"\" data-no-translation-aria-label=\"\">Lire la suite<span class=\"kadence-svg-iconset svg-baseline\"><svg aria-hidden=\"true\" class=\"kadence-svg-icon kadence-arrow-right-alt-svg\" fill=\"currentColor\" version=\"1.1\" xmlns=\"http:\/\/www.w3.org\/2000\/svg\" width=\"27\" height=\"28\" viewbox=\"0 0 27 28\"><title>Continuer<\/title><path d=\"M27 13.953c0 0.141-0.063 0.281-0.156 0.375l-6 5.531c-0.156 0.141-0.359 0.172-0.547 0.094-0.172-0.078-0.297-0.25-0.297-0.453v-3.5h-19.5c-0.281 0-0.5-0.219-0.5-0.5v-3c0-0.281 0.219-0.5 0.5-0.5h19.5v-3.5c0-0.203 0.109-0.375 0.297-0.453s0.391-0.047 0.547 0.078l6 5.469c0.094 0.094 0.156 0.219 0.156 0.359v0z\"><\/path>\n\t\t\t\t<\/svg><\/span><span class=\"kadence-svg-iconset svg-baseline\"><svg class=\"kadence-svg-icon kadence-spinner-svg\" fill=\"currentColor\" version=\"1.1\" xmlns=\"http:\/\/www.w3.org\/2000\/svg\" width=\"16\" height=\"16\" viewbox=\"0 0 16 16\"><title>Chargement<\/title><path d=\"M16 6h-6l2.243-2.243c-1.133-1.133-2.64-1.757-4.243-1.757s-3.109 0.624-4.243 1.757c-1.133 1.133-1.757 2.64-1.757 4.243s0.624 3.109 1.757 4.243c1.133 1.133 2.64 1.757 4.243 1.757s3.109-0.624 4.243-1.757c0.095-0.095 0.185-0.192 0.273-0.292l1.505 1.317c-1.466 1.674-3.62 2.732-6.020 2.732-4.418 0-8-3.582-8-8s3.582-8 8-8c2.209 0 4.209 0.896 5.656 2.344l2.343-2.344v6z\"><\/path>\n\t\t\t\t<\/svg><\/span><span class=\"kadence-svg-iconset svg-baseline\"><svg class=\"kadence-svg-icon kadence-check-svg\" fill=\"currentColor\" version=\"1.1\" xmlns=\"http:\/\/www.w3.org\/2000\/svg\" width=\"16\" height=\"16\" viewbox=\"0 0 16 16\"><title>Termin\u00e9<\/title><path d=\"M14 2.5l-8.5 8.5-3.5-3.5-1.5 1.5 5 5 10-10z\"><\/path>\n\t\t\t\t<\/svg><\/span><\/a>\t<span id=\"woocommerce_loop_add_to_cart_link_describedby_581\" class=\"screen-reader-text\">\n\t\t\t<\/span>\n<\/div><\/div><\/li>\n<li class=\"entry content-bg loop-entry product type-product post-579 status-publish instock product_cat-heavy-duty product_cat-reinforced product_cat-tyre-protection-chain has-post-thumbnail shipping-taxable product-type-simple\">\n\t<a href=\"https:\/\/twchains.com\/fr\/produit\/x22mm-reinforced-type-45-65r39-marble-quarry-tyre-chains-2900kg\/\" class=\"woocommerce-loop-image-link woocommerce-LoopProduct-link woocommerce-loop-product__link\"><img decoding=\"async\" width=\"300\" height=\"300\" src=\"https:\/\/twchains.com\/wp-content\/uploads\/2025\/04\/c7d40b3cab44e8aa1eab48bd77d6a40-300x300.jpg\" class=\"attachment-woocommerce_thumbnail size-woocommerce_thumbnail\" alt=\"\u00d722mm Renforc\u00e9 Type 45\/65r39 Cha\u00eenes pour pneus de carri\u00e8res de marbre 2900kg\" srcset=\"https:\/\/twchains.com\/wp-content\/uploads\/2025\/04\/c7d40b3cab44e8aa1eab48bd77d6a40-300x300.jpg 300w, https:\/\/twchains.com\/wp-content\/uploads\/2025\/04\/c7d40b3cab44e8aa1eab48bd77d6a40-150x150.jpg 150w, https:\/\/twchains.com\/wp-content\/uploads\/2025\/04\/c7d40b3cab44e8aa1eab48bd77d6a40-100x100.jpg 100w\" sizes=\"(max-width: 300px) 100vw, 300px\" \/><\/a><div class=\"product-details content-bg entry-content-wrap\"><h2 class=\"woocommerce-loop-product__title\"><a href=\"https:\/\/twchains.com\/fr\/produit\/x22mm-reinforced-type-45-65r39-marble-quarry-tyre-chains-2900kg\/\" class=\"woocommerce-LoopProduct-link-title woocommerce-loop-product__title_ink\">\u00d722mm Renforc\u00e9 Type 45\/65r39 Cha\u00eenes pour pneus de carri\u00e8res de marbre 2900kg<\/a><\/h2>\n<div class=\"product-action-wrap\"><a href=\"https:\/\/twchains.com\/fr\/produit\/x22mm-reinforced-type-45-65r39-marble-quarry-tyre-chains-2900kg\/\" data-quantity=\"1\" class=\"button product_type_simple\" data-product_id=\"579\" data-product_sku=\"\" aria-label=\"En savoir plus sur \u201c\u00d722mm Reinforced Type 45\/65r39 Marble Quarry Tyre Chains 2900kg\u201d\" rel=\"nofollow\" data-success_message=\"\" data-no-translation-aria-label=\"\">Lire la suite<span class=\"kadence-svg-iconset svg-baseline\"><svg aria-hidden=\"true\" class=\"kadence-svg-icon kadence-arrow-right-alt-svg\" fill=\"currentColor\" version=\"1.1\" xmlns=\"http:\/\/www.w3.org\/2000\/svg\" width=\"27\" height=\"28\" viewbox=\"0 0 27 28\"><title>Continuer<\/title><path d=\"M27 13.953c0 0.141-0.063 0.281-0.156 0.375l-6 5.531c-0.156 0.141-0.359 0.172-0.547 0.094-0.172-0.078-0.297-0.25-0.297-0.453v-3.5h-19.5c-0.281 0-0.5-0.219-0.5-0.5v-3c0-0.281 0.219-0.5 0.5-0.5h19.5v-3.5c0-0.203 0.109-0.375 0.297-0.453s0.391-0.047 0.547 0.078l6 5.469c0.094 0.094 0.156 0.219 0.156 0.359v0z\"><\/path>\n\t\t\t\t<\/svg><\/span><span class=\"kadence-svg-iconset svg-baseline\"><svg class=\"kadence-svg-icon kadence-spinner-svg\" fill=\"currentColor\" version=\"1.1\" xmlns=\"http:\/\/www.w3.org\/2000\/svg\" width=\"16\" height=\"16\" viewbox=\"0 0 16 16\"><title>Chargement<\/title><path d=\"M16 6h-6l2.243-2.243c-1.133-1.133-2.64-1.757-4.243-1.757s-3.109 0.624-4.243 1.757c-1.133 1.133-1.757 2.64-1.757 4.243s0.624 3.109 1.757 4.243c1.133 1.133 2.64 1.757 4.243 1.757s3.109-0.624 4.243-1.757c0.095-0.095 0.185-0.192 0.273-0.292l1.505 1.317c-1.466 1.674-3.62 2.732-6.020 2.732-4.418 0-8-3.582-8-8s3.582-8 8-8c2.209 0 4.209 0.896 5.656 2.344l2.343-2.344v6z\"><\/path>\n\t\t\t\t<\/svg><\/span><span class=\"kadence-svg-iconset svg-baseline\"><svg class=\"kadence-svg-icon kadence-check-svg\" fill=\"currentColor\" version=\"1.1\" xmlns=\"http:\/\/www.w3.org\/2000\/svg\" width=\"16\" height=\"16\" viewbox=\"0 0 16 16\"><title>Termin\u00e9<\/title><path d=\"M14 2.5l-8.5 8.5-3.5-3.5-1.5 1.5 5 5 10-10z\"><\/path>\n\t\t\t\t<\/svg><\/span><\/a>\t<span id=\"woocommerce_loop_add_to_cart_link_describedby_579\" class=\"screen-reader-text\">\n\t\t\t<\/span>\n<\/div><\/div><\/li>\n<\/ul>\n<\/div><\/div>\n\t\t\t\t\t\t<\/div>\n\t\t\t\t\t<\/div>\n\t\t\t\t<\/div>\n\t\t\t\t<\/div>","protected":false},"excerpt":{"rendered":"<p>Mining\/Quarrying Tyre Protection Chains Mining and quarrying sites feature rugged terrain with sharp rocks, heavy loads, and high-impact activities. Tires are constantly exposed to punctures, cuts, and explosive wear from abrasive surfaces.Our mining\/quarrying chains feature extra-thick, reinforced links engineered to absorb shock and resist deformation. The robust welded joints and high-strength materials ensure maximum durability,&#8230;<\/p>","protected":false},"author":1,"featured_media":501,"parent":0,"menu_order":0,"comment_status":"closed","ping_status":"closed","template":"","meta":{"inline_featured_image":false,"_kad_post_transparent":"default","_kad_post_title":"hide","_kad_post_layout":"fullwidth","_kad_post_sidebar_id":"","_kad_post_content_style":"unboxed","_kad_post_vertical_padding":"hide","_kad_post_feature":"hide","_kad_post_feature_position":"","_kad_post_header":false,"_kad_post_footer":false,"footnotes":""},"class_list":["post-92","page","type-page","status-publish","has-post-thumbnail","hentry"],"yoast_head":"<!-- This site is optimized with the Yoast SEO plugin v25.4 - https:\/\/yoast.com\/wordpress\/plugins\/seo\/ -->\n<title>Mining\/ Quarrying Tyre Protection Chains - twchains<\/title>\n<meta name=\"robots\" content=\"index, follow, max-snippet:-1, max-image-preview:large, max-video-preview:-1\" \/>\n<link rel=\"canonical\" href=\"https:\/\/twchains.com\/fr\/mining-quarrying-tyre-protection-chains\/\" \/>\n<meta property=\"og:locale\" content=\"fr_FR\" \/>\n<meta property=\"og:type\" content=\"article\" \/>\n<meta property=\"og:title\" content=\"Mining\/ Quarrying Tyre Protection Chains - twchains\" \/>\n<meta property=\"og:description\" content=\"Mining\/Quarrying Tyre Protection Chains Mining and quarrying sites feature rugged terrain with sharp rocks, heavy loads, and high-impact activities. Tires are constantly exposed to punctures, cuts, and explosive wear from abrasive surfaces.Our mining\/quarrying chains feature extra-thick, reinforced links engineered to absorb shock and resist deformation. The robust welded joints and high-strength materials ensure maximum durability,...\" \/>\n<meta property=\"og:url\" content=\"https:\/\/twchains.com\/fr\/mining-quarrying-tyre-protection-chains\/\" \/>\n<meta property=\"og:site_name\" content=\"twchains\" \/>\n<meta property=\"article:modified_time\" content=\"2025-04-26T04:17:16+00:00\" \/>\n<meta name=\"twitter:card\" content=\"summary_large_image\" \/>\n<meta name=\"twitter:label1\" content=\"Dur\u00e9e de lecture estim\u00e9e\" \/>\n\t<meta name=\"twitter:data1\" content=\"1 minute\" \/>\n<script type=\"application\/ld+json\" class=\"yoast-schema-graph\">{\"@context\":\"https:\/\/schema.org\",\"@graph\":[{\"@type\":\"WebPage\",\"@id\":\"https:\/\/twchains.com\/mining-quarrying-tyre-protection-chains\/\",\"url\":\"https:\/\/twchains.com\/mining-quarrying-tyre-protection-chains\/\",\"name\":\"Mining\/ Quarrying Tyre Protection Chains - twchains\",\"isPartOf\":{\"@id\":\"https:\/\/twchains.com\/#website\"},\"primaryImageOfPage\":{\"@id\":\"https:\/\/twchains.com\/mining-quarrying-tyre-protection-chains\/#primaryimage\"},\"image\":{\"@id\":\"https:\/\/twchains.com\/mining-quarrying-tyre-protection-chains\/#primaryimage\"},\"thumbnailUrl\":\"https:\/\/twchains.com\/wp-content\/uploads\/2025\/04\/home_slider_3.jpg\",\"datePublished\":\"2025-04-03T13:22:06+00:00\",\"dateModified\":\"2025-04-26T04:17:16+00:00\",\"breadcrumb\":{\"@id\":\"https:\/\/twchains.com\/mining-quarrying-tyre-protection-chains\/#breadcrumb\"},\"inLanguage\":\"fr-FR\",\"potentialAction\":[{\"@type\":\"ReadAction\",\"target\":[\"https:\/\/twchains.com\/mining-quarrying-tyre-protection-chains\/\"]}]},{\"@type\":\"ImageObject\",\"inLanguage\":\"fr-FR\",\"@id\":\"https:\/\/twchains.com\/mining-quarrying-tyre-protection-chains\/#primaryimage\",\"url\":\"https:\/\/twchains.com\/wp-content\/uploads\/2025\/04\/home_slider_3.jpg\",\"contentUrl\":\"https:\/\/twchains.com\/wp-content\/uploads\/2025\/04\/home_slider_3.jpg\",\"width\":1024,\"height\":768},{\"@type\":\"BreadcrumbList\",\"@id\":\"https:\/\/twchains.com\/mining-quarrying-tyre-protection-chains\/#breadcrumb\",\"itemListElement\":[{\"@type\":\"ListItem\",\"position\":1,\"name\":\"Home\",\"item\":\"https:\/\/twchains.com\/\"},{\"@type\":\"ListItem\",\"position\":2,\"name\":\"Mining\/ Quarrying Tyre Protection Chains\"}]},{\"@type\":\"WebSite\",\"@id\":\"https:\/\/twchains.com\/#website\",\"url\":\"https:\/\/twchains.com\/\",\"name\":\"twchains\",\"description\":\"\",\"publisher\":{\"@id\":\"https:\/\/twchains.com\/#organization\"},\"potentialAction\":[{\"@type\":\"SearchAction\",\"target\":{\"@type\":\"EntryPoint\",\"urlTemplate\":\"https:\/\/twchains.com\/?s={search_term_string}\"},\"query-input\":{\"@type\":\"PropertyValueSpecification\",\"valueRequired\":true,\"valueName\":\"search_term_string\"}}],\"inLanguage\":\"fr-FR\"},{\"@type\":\"Organization\",\"@id\":\"https:\/\/twchains.com\/#organization\",\"name\":\"twchains\",\"url\":\"https:\/\/twchains.com\/\",\"logo\":{\"@type\":\"ImageObject\",\"inLanguage\":\"fr-FR\",\"@id\":\"https:\/\/twchains.com\/#\/schema\/logo\/image\/\",\"url\":\"https:\/\/twchains.com\/wp-content\/uploads\/2025\/04\/tongwei-logo-100.svg\",\"contentUrl\":\"https:\/\/twchains.com\/wp-content\/uploads\/2025\/04\/tongwei-logo-100.svg\",\"width\":128,\"height\":100,\"caption\":\"twchains\"},\"image\":{\"@id\":\"https:\/\/twchains.com\/#\/schema\/logo\/image\/\"}}]}<\/script>\n<!-- \/ Yoast SEO plugin. -->","yoast_head_json":{"title":"Mining\/ Quarrying Tyre Protection Chains - twchains","robots":{"index":"index","follow":"follow","max-snippet":"max-snippet:-1","max-image-preview":"max-image-preview:large","max-video-preview":"max-video-preview:-1"},"canonical":"https:\/\/twchains.com\/fr\/mining-quarrying-tyre-protection-chains\/","og_locale":"fr_FR","og_type":"article","og_title":"Mining\/ Quarrying Tyre Protection Chains - twchains","og_description":"Mining\/Quarrying Tyre Protection Chains Mining and quarrying sites feature rugged terrain with sharp rocks, heavy loads, and high-impact activities. Tires are constantly exposed to punctures, cuts, and explosive wear from abrasive surfaces.Our mining\/quarrying chains feature extra-thick, reinforced links engineered to absorb shock and resist deformation. The robust welded joints and high-strength materials ensure maximum durability,...","og_url":"https:\/\/twchains.com\/fr\/mining-quarrying-tyre-protection-chains\/","og_site_name":"twchains","article_modified_time":"2025-04-26T04:17:16+00:00","twitter_card":"summary_large_image","twitter_misc":{"Dur\u00e9e de lecture estim\u00e9e":"1 minute"},"schema":{"@context":"https:\/\/schema.org","@graph":[{"@type":"WebPage","@id":"https:\/\/twchains.com\/mining-quarrying-tyre-protection-chains\/","url":"https:\/\/twchains.com\/mining-quarrying-tyre-protection-chains\/","name":"Mining\/ Quarrying Tyre Protection Chains - twchains","isPartOf":{"@id":"https:\/\/twchains.com\/#website"},"primaryImageOfPage":{"@id":"https:\/\/twchains.com\/mining-quarrying-tyre-protection-chains\/#primaryimage"},"image":{"@id":"https:\/\/twchains.com\/mining-quarrying-tyre-protection-chains\/#primaryimage"},"thumbnailUrl":"https:\/\/twchains.com\/wp-content\/uploads\/2025\/04\/home_slider_3.jpg","datePublished":"2025-04-03T13:22:06+00:00","dateModified":"2025-04-26T04:17:16+00:00","breadcrumb":{"@id":"https:\/\/twchains.com\/mining-quarrying-tyre-protection-chains\/#breadcrumb"},"inLanguage":"fr-FR","potentialAction":[{"@type":"ReadAction","target":["https:\/\/twchains.com\/mining-quarrying-tyre-protection-chains\/"]}]},{"@type":"ImageObject","inLanguage":"fr-FR","@id":"https:\/\/twchains.com\/mining-quarrying-tyre-protection-chains\/#primaryimage","url":"https:\/\/twchains.com\/wp-content\/uploads\/2025\/04\/home_slider_3.jpg","contentUrl":"https:\/\/twchains.com\/wp-content\/uploads\/2025\/04\/home_slider_3.jpg","width":1024,"height":768},{"@type":"BreadcrumbList","@id":"https:\/\/twchains.com\/mining-quarrying-tyre-protection-chains\/#breadcrumb","itemListElement":[{"@type":"ListItem","position":1,"name":"Home","item":"https:\/\/twchains.com\/"},{"@type":"ListItem","position":2,"name":"Mining\/ Quarrying Tyre Protection Chains"}]},{"@type":"WebSite","@id":"https:\/\/twchains.com\/#website","url":"https:\/\/twchains.com\/","name":"twchains","description":"","publisher":{"@id":"https:\/\/twchains.com\/#organization"},"potentialAction":[{"@type":"SearchAction","target":{"@type":"EntryPoint","urlTemplate":"https:\/\/twchains.com\/?s={search_term_string}"},"query-input":{"@type":"PropertyValueSpecification","valueRequired":true,"valueName":"search_term_string"}}],"inLanguage":"fr-FR"},{"@type":"Organization","@id":"https:\/\/twchains.com\/#organization","name":"twchains","url":"https:\/\/twchains.com\/","logo":{"@type":"ImageObject","inLanguage":"fr-FR","@id":"https:\/\/twchains.com\/#\/schema\/logo\/image\/","url":"https:\/\/twchains.com\/wp-content\/uploads\/2025\/04\/tongwei-logo-100.svg","contentUrl":"https:\/\/twchains.com\/wp-content\/uploads\/2025\/04\/tongwei-logo-100.svg","width":128,"height":100,"caption":"twchains"},"image":{"@id":"https:\/\/twchains.com\/#\/schema\/logo\/image\/"}}]}},"_links":{"self":[{"href":"https:\/\/twchains.com\/fr\/wp-json\/wp\/v2\/pages\/92","targetHints":{"allow":["GET"]}}],"collection":[{"href":"https:\/\/twchains.com\/fr\/wp-json\/wp\/v2\/pages"}],"about":[{"href":"https:\/\/twchains.com\/fr\/wp-json\/wp\/v2\/types\/page"}],"author":[{"embeddable":true,"href":"https:\/\/twchains.com\/fr\/wp-json\/wp\/v2\/users\/1"}],"replies":[{"embeddable":true,"href":"https:\/\/twchains.com\/fr\/wp-json\/wp\/v2\/comments?post=92"}],"version-history":[{"count":8,"href":"https:\/\/twchains.com\/fr\/wp-json\/wp\/v2\/pages\/92\/revisions"}],"predecessor-version":[{"id":641,"href":"https:\/\/twchains.com\/fr\/wp-json\/wp\/v2\/pages\/92\/revisions\/641"}],"wp:featuredmedia":[{"embeddable":true,"href":"https:\/\/twchains.com\/fr\/wp-json\/wp\/v2\/media\/501"}],"wp:attachment":[{"href":"https:\/\/twchains.com\/fr\/wp-json\/wp\/v2\/media?parent=92"}],"curies":[{"name":"wp","href":"https:\/\/api.w.org\/{rel}","templated":true}]}}