{"id":377,"date":"2025-04-12T01:53:00","date_gmt":"2025-04-12T01:53:00","guid":{"rendered":"https:\/\/twchains.com\/?post_type=product&#038;p=377"},"modified":"2025-04-12T01:58:47","modified_gmt":"2025-04-12T01:58:47","slug":"x14-royalrock","status":"publish","type":"product","link":"https:\/\/twchains.com\/fr\/produit\/x14-royalrock\/","title":{"rendered":"X14 RoyalRock"},"content":{"rendered":"","protected":false},"excerpt":{"rendered":"<p>X14 Royalrock, con\u00e7u pour les \u00e9quipements de petite et moyenne taille. Cette conception am\u00e9liore l'efficacit\u00e9 de la machine en minimisant le d\u00e9rapage gr\u00e2ce \u00e0 sa structure \u00e9troite mais tr\u00e8s protectrice. Il s'av\u00e8re \u00eatre un excellent choix pour diverses t\u00e2ches et op\u00e9rations sp\u00e9cialis\u00e9es et standard.<\/p>\n<ul>\n<li>Domaines d'application : Ferraille, recyclage, carri\u00e8re, construction, tunnel.<\/li>\n<li>Dimensions du pod (L x H x B) : 23x46x78 mm.<\/li>\n<li>Ouverture de la maille : 64 mm<\/li>\n<li>Puissance du moteur : 70 kW - 125 kW.<\/li>\n<li>Poids en ordre de marche : 10 - 28 tonnes.<\/li>\n<li>Taille des pneus : 17,5 \u00d7 25 - 20,5 \u00d7 25 - 23,5 \u00d7 25.<\/li>\n<\/ul>","protected":false},"featured_media":378,"template":"","meta":{"inline_featured_image":false,"_kad_post_transparent":"default","_kad_post_title":"","_kad_post_layout":"default","_kad_post_sidebar_id":"","_kad_post_content_style":"default","_kad_post_vertical_padding":"default","_kad_post_feature":"","_kad_post_feature_position":"","_kad_post_header":false,"_kad_post_footer":false},"product_brand":[],"product_cat":[15],"product_tag":[],"class_list":{"0":"post-377","1":"product","2":"type-product","3":"status-publish","4":"has-post-thumbnail","6":"product_cat-tyre-protection-chain","8":"first","9":"instock","10":"shipping-taxable","11":"product-type-simple","12":"entry","13":"content-bg","14":"loop-entry"},"yoast_head":"<!-- This site is optimized with the Yoast SEO plugin v25.4 - https:\/\/yoast.com\/wordpress\/plugins\/seo\/ -->\n<title>X14 RoyalRock - twchains<\/title>\n<meta name=\"robots\" content=\"index, follow, max-snippet:-1, max-image-preview:large, max-video-preview:-1\" \/>\n<link rel=\"canonical\" href=\"https:\/\/twchains.com\/fr\/produit\/x14-royalrock\/\" \/>\n<meta property=\"og:locale\" content=\"fr_FR\" \/>\n<meta property=\"og:type\" content=\"article\" \/>\n<meta property=\"og:title\" content=\"X14 RoyalRock - twchains\" \/>\n<meta property=\"og:description\" content=\"X14 Royalrock,\u00a0tailored for small and medium-sized equipment. This design enhances machine efficiency by minimizing skidding through its narrow yet highly protective structure. It proves to be an excellent choice for various specialized and standard tasks and operations.   Application Areas: Scrapyard, Recycling, Quarry, Construction, Tunnel.  Pod Dimensions (W x H x B): 23x46x78 mm.  Mesh opening: 64 mm  Engine Power: 70 kW \u2013 125 kW.  Operating Weight: 10 \u2013 28 tons.  Tyre Size: 17.5 \u00d7 25 \u2013 20.5 \u00d7 25 \u2013 23.5 \u00d7 25.\" \/>\n<meta property=\"og:url\" content=\"https:\/\/twchains.com\/fr\/produit\/x14-royalrock\/\" \/>\n<meta property=\"og:site_name\" content=\"twchains\" \/>\n<meta property=\"article:modified_time\" content=\"2025-04-12T01:58:47+00:00\" \/>\n<meta property=\"og:image\" content=\"https:\/\/twchains.com\/wp-content\/uploads\/2025\/04\/x14-royalrock.jpg\" \/>\n\t<meta property=\"og:image:width\" content=\"923\" \/>\n\t<meta property=\"og:image:height\" content=\"652\" \/>\n\t<meta property=\"og:image:type\" content=\"image\/jpeg\" \/>\n<meta name=\"twitter:card\" content=\"summary_large_image\" \/>\n<meta name=\"twitter:label1\" content=\"Dur\u00e9e de lecture estim\u00e9e\" \/>\n\t<meta name=\"twitter:data1\" content=\"1 minute\" \/>\n<script type=\"application\/ld+json\" class=\"yoast-schema-graph\">{\"@context\":\"https:\/\/schema.org\",\"@graph\":[{\"@type\":\"WebPage\",\"@id\":\"https:\/\/twchains.com\/product\/x14-royalrock\/\",\"url\":\"https:\/\/twchains.com\/product\/x14-royalrock\/\",\"name\":\"X14 RoyalRock - twchains\",\"isPartOf\":{\"@id\":\"https:\/\/twchains.com\/#website\"},\"primaryImageOfPage\":{\"@id\":\"https:\/\/twchains.com\/product\/x14-royalrock\/#primaryimage\"},\"image\":{\"@id\":\"https:\/\/twchains.com\/product\/x14-royalrock\/#primaryimage\"},\"thumbnailUrl\":\"https:\/\/twchains.com\/wp-content\/uploads\/2025\/04\/x14-royalrock.jpg\",\"datePublished\":\"2025-04-12T01:53:00+00:00\",\"dateModified\":\"2025-04-12T01:58:47+00:00\",\"breadcrumb\":{\"@id\":\"https:\/\/twchains.com\/product\/x14-royalrock\/#breadcrumb\"},\"inLanguage\":\"fr-FR\",\"potentialAction\":[{\"@type\":\"ReadAction\",\"target\":[\"https:\/\/twchains.com\/product\/x14-royalrock\/\"]}]},{\"@type\":\"ImageObject\",\"inLanguage\":\"fr-FR\",\"@id\":\"https:\/\/twchains.com\/product\/x14-royalrock\/#primaryimage\",\"url\":\"https:\/\/twchains.com\/wp-content\/uploads\/2025\/04\/x14-royalrock.jpg\",\"contentUrl\":\"https:\/\/twchains.com\/wp-content\/uploads\/2025\/04\/x14-royalrock.jpg\",\"width\":923,\"height\":652},{\"@type\":\"BreadcrumbList\",\"@id\":\"https:\/\/twchains.com\/product\/x14-royalrock\/#breadcrumb\",\"itemListElement\":[{\"@type\":\"ListItem\",\"position\":1,\"name\":\"Home\",\"item\":\"https:\/\/twchains.com\/\"},{\"@type\":\"ListItem\",\"position\":2,\"name\":\"Products\",\"item\":\"https:\/\/twchains.com\/products\/\"},{\"@type\":\"ListItem\",\"position\":3,\"name\":\"X14 RoyalRock\"}]},{\"@type\":\"WebSite\",\"@id\":\"https:\/\/twchains.com\/#website\",\"url\":\"https:\/\/twchains.com\/\",\"name\":\"twchains\",\"description\":\"\",\"publisher\":{\"@id\":\"https:\/\/twchains.com\/#organization\"},\"potentialAction\":[{\"@type\":\"SearchAction\",\"target\":{\"@type\":\"EntryPoint\",\"urlTemplate\":\"https:\/\/twchains.com\/?s={search_term_string}\"},\"query-input\":{\"@type\":\"PropertyValueSpecification\",\"valueRequired\":true,\"valueName\":\"search_term_string\"}}],\"inLanguage\":\"fr-FR\"},{\"@type\":\"Organization\",\"@id\":\"https:\/\/twchains.com\/#organization\",\"name\":\"twchains\",\"url\":\"https:\/\/twchains.com\/\",\"logo\":{\"@type\":\"ImageObject\",\"inLanguage\":\"fr-FR\",\"@id\":\"https:\/\/twchains.com\/#\/schema\/logo\/image\/\",\"url\":\"https:\/\/twchains.com\/wp-content\/uploads\/2025\/04\/tongwei-logo-100.svg\",\"contentUrl\":\"https:\/\/twchains.com\/wp-content\/uploads\/2025\/04\/tongwei-logo-100.svg\",\"width\":128,\"height\":100,\"caption\":\"twchains\"},\"image\":{\"@id\":\"https:\/\/twchains.com\/#\/schema\/logo\/image\/\"}}]}<\/script>\n<!-- \/ Yoast SEO plugin. -->","yoast_head_json":{"title":"X14 RoyalRock - twchains","robots":{"index":"index","follow":"follow","max-snippet":"max-snippet:-1","max-image-preview":"max-image-preview:large","max-video-preview":"max-video-preview:-1"},"canonical":"https:\/\/twchains.com\/fr\/produit\/x14-royalrock\/","og_locale":"fr_FR","og_type":"article","og_title":"X14 RoyalRock - twchains","og_description":"X14 Royalrock,\u00a0tailored for small and medium-sized equipment. This design enhances machine efficiency by minimizing skidding through its narrow yet highly protective structure. It proves to be an excellent choice for various specialized and standard tasks and operations.   Application Areas: Scrapyard, Recycling, Quarry, Construction, Tunnel.  Pod Dimensions (W x H x B): 23x46x78 mm.  Mesh opening: 64 mm  Engine Power: 70 kW \u2013 125 kW.  Operating Weight: 10 \u2013 28 tons.  Tyre Size: 17.5 \u00d7 25 \u2013 20.5 \u00d7 25 \u2013 23.5 \u00d7 25.","og_url":"https:\/\/twchains.com\/fr\/produit\/x14-royalrock\/","og_site_name":"twchains","article_modified_time":"2025-04-12T01:58:47+00:00","og_image":[{"width":923,"height":652,"url":"https:\/\/twchains.com\/wp-content\/uploads\/2025\/04\/x14-royalrock.jpg","type":"image\/jpeg"}],"twitter_card":"summary_large_image","twitter_misc":{"Dur\u00e9e de lecture estim\u00e9e":"1 minute"},"schema":{"@context":"https:\/\/schema.org","@graph":[{"@type":"WebPage","@id":"https:\/\/twchains.com\/product\/x14-royalrock\/","url":"https:\/\/twchains.com\/product\/x14-royalrock\/","name":"X14 RoyalRock - twchains","isPartOf":{"@id":"https:\/\/twchains.com\/#website"},"primaryImageOfPage":{"@id":"https:\/\/twchains.com\/product\/x14-royalrock\/#primaryimage"},"image":{"@id":"https:\/\/twchains.com\/product\/x14-royalrock\/#primaryimage"},"thumbnailUrl":"https:\/\/twchains.com\/wp-content\/uploads\/2025\/04\/x14-royalrock.jpg","datePublished":"2025-04-12T01:53:00+00:00","dateModified":"2025-04-12T01:58:47+00:00","breadcrumb":{"@id":"https:\/\/twchains.com\/product\/x14-royalrock\/#breadcrumb"},"inLanguage":"fr-FR","potentialAction":[{"@type":"ReadAction","target":["https:\/\/twchains.com\/product\/x14-royalrock\/"]}]},{"@type":"ImageObject","inLanguage":"fr-FR","@id":"https:\/\/twchains.com\/product\/x14-royalrock\/#primaryimage","url":"https:\/\/twchains.com\/wp-content\/uploads\/2025\/04\/x14-royalrock.jpg","contentUrl":"https:\/\/twchains.com\/wp-content\/uploads\/2025\/04\/x14-royalrock.jpg","width":923,"height":652},{"@type":"BreadcrumbList","@id":"https:\/\/twchains.com\/product\/x14-royalrock\/#breadcrumb","itemListElement":[{"@type":"ListItem","position":1,"name":"Home","item":"https:\/\/twchains.com\/"},{"@type":"ListItem","position":2,"name":"Products","item":"https:\/\/twchains.com\/products\/"},{"@type":"ListItem","position":3,"name":"X14 RoyalRock"}]},{"@type":"WebSite","@id":"https:\/\/twchains.com\/#website","url":"https:\/\/twchains.com\/","name":"twchains","description":"","publisher":{"@id":"https:\/\/twchains.com\/#organization"},"potentialAction":[{"@type":"SearchAction","target":{"@type":"EntryPoint","urlTemplate":"https:\/\/twchains.com\/?s={search_term_string}"},"query-input":{"@type":"PropertyValueSpecification","valueRequired":true,"valueName":"search_term_string"}}],"inLanguage":"fr-FR"},{"@type":"Organization","@id":"https:\/\/twchains.com\/#organization","name":"twchains","url":"https:\/\/twchains.com\/","logo":{"@type":"ImageObject","inLanguage":"fr-FR","@id":"https:\/\/twchains.com\/#\/schema\/logo\/image\/","url":"https:\/\/twchains.com\/wp-content\/uploads\/2025\/04\/tongwei-logo-100.svg","contentUrl":"https:\/\/twchains.com\/wp-content\/uploads\/2025\/04\/tongwei-logo-100.svg","width":128,"height":100,"caption":"twchains"},"image":{"@id":"https:\/\/twchains.com\/#\/schema\/logo\/image\/"}}]}},"_links":{"self":[{"href":"https:\/\/twchains.com\/fr\/wp-json\/wp\/v2\/product\/377","targetHints":{"allow":["GET"]}}],"collection":[{"href":"https:\/\/twchains.com\/fr\/wp-json\/wp\/v2\/product"}],"about":[{"href":"https:\/\/twchains.com\/fr\/wp-json\/wp\/v2\/types\/product"}],"wp:featuredmedia":[{"embeddable":true,"href":"https:\/\/twchains.com\/fr\/wp-json\/wp\/v2\/media\/378"}],"wp:attachment":[{"href":"https:\/\/twchains.com\/fr\/wp-json\/wp\/v2\/media?parent=377"}],"wp:term":[{"taxonomy":"product_brand","embeddable":true,"href":"https:\/\/twchains.com\/fr\/wp-json\/wp\/v2\/product_brand?post=377"},{"taxonomy":"product_cat","embeddable":true,"href":"https:\/\/twchains.com\/fr\/wp-json\/wp\/v2\/product_cat?post=377"},{"taxonomy":"product_tag","embeddable":true,"href":"https:\/\/twchains.com\/fr\/wp-json\/wp\/v2\/product_tag?post=377"}],"curies":[{"name":"wp","href":"https:\/\/api.w.org\/{rel}","templated":true}]}}