{"id":492,"date":"2025-04-17T13:18:21","date_gmt":"2025-04-17T13:18:21","guid":{"rendered":"https:\/\/twchains.com\/?post_type=product&#038;p=492"},"modified":"2025-04-21T08:52:00","modified_gmt":"2025-04-21T08:52:00","slug":"x18mm-reinforced","status":"publish","type":"product","link":"https:\/\/twchains.com\/fr\/produit\/x18mm-reinforced\/","title":{"rendered":"\u00d718mm REINFORCEE"},"content":{"rendered":"<p><strong><b> Superbe r\u00e9sistance \u00e0 l'usure pour faire face \u00e0 l'usure extr\u00eame dans les carri\u00e8res de marbre<\/b><\/strong><\/p>\n<p>La surface de la carri\u00e8re de marbre est couverte de graviers tranchants et de fragments de roches dures, et les cha\u00eenes ordinaires sont sujettes \u00e0 une usure rapide en raison des frottements fr\u00e9quents. La version renforc\u00e9e \u00e0 18 anneaux est fabriqu\u00e9e en acier \u00e0 haute teneur en mangan\u00e8se, qui a subi un traitement thermique sp\u00e9cial pour augmenter sa duret\u00e9 de 30% tout en conservant une excellente t\u00e9nacit\u00e9, ce qui lui permet de r\u00e9sister efficacement \u00e0 la coupe des pierres et aux chocs. Le maillon de cha\u00eene \u00e9paissi prolonge encore la dur\u00e9e de vie et r\u00e9duit les co\u00fbts de remplacement \u00e0 long terme pour les clients.<\/p>\n<p><strong><b> Optimiser la conception structurelle pour une meilleure r\u00e9sistance aux chocs<\/b><\/strong><\/p>\n<p>Les conditions de travail dans les carri\u00e8res sont complexes et l'\u00e9quipement doit souvent r\u00e9sister \u00e0 de lourdes charges et \u00e0 des chocs. La structure de connexion en boucle ferm\u00e9e et les points de soudure renforc\u00e9s de la version renforc\u00e9e \u00e0 18 anneaux permettent de disperser les contraintes et d'emp\u00eacher la rupture de la cha\u00eene en cas de vibrations importantes. Par rapport \u00e0 la version standard, sa capacit\u00e9 de charge dynamique a augment\u00e9 de 25%, ce qui la rend particuli\u00e8rement adapt\u00e9e aux \u00e9quipements lourds tels que les chargeurs et les camions miniers, r\u00e9duisant ainsi les temps d'arr\u00eat et la fr\u00e9quence de la maintenance.<\/p>\n<p><strong><b> Un rapport co\u00fbt-efficacit\u00e9 \u00e9lev\u00e9, en ad\u00e9quation avec les budgets des clients<\/b><\/strong><\/p>\n<p>Avant de faire une recommandation, nous avons proc\u00e9d\u00e9 \u00e0 une \u00e9valuation compl\u00e8te des besoins du client en mati\u00e8re de rentabilit\u00e9. Bien que la version renforc\u00e9e \u00e0 18 anneaux soit l\u00e9g\u00e8rement plus ch\u00e8re que la version de base, sa durabilit\u00e9 permet de r\u00e9duire le nombre de remplacements de 50%, ce qui se traduit par des \u00e9conomies \u00e0 long terme. En outre, nous proposons des remises sur les achats en gros et des solutions de livraison flexibles pour aider les clients \u00e0 optimiser davantage leurs co\u00fbts d'approvisionnement.<\/p>","protected":false},"excerpt":{"rendered":"<ul>\n<li>Type \uff1a29.5r25 1150kg<\/li>\n<li>Le type renforc\u00e9 x18mm a une surface r\u00e9sistante \u00e0 l'usure plus large et plus \u00e9paisse. Dimensions du composant principal (L x H x L) : 52x68x109mm,<\/li>\n<li>Poids d'un composant principal : 1,25 kg<\/li>\n<\/ul>","protected":false},"featured_media":493,"template":"","meta":{"inline_featured_image":false,"_kad_post_transparent":"default","_kad_post_title":"","_kad_post_layout":"default","_kad_post_sidebar_id":"","_kad_post_content_style":"default","_kad_post_vertical_padding":"default","_kad_post_feature":"","_kad_post_feature_position":"","_kad_post_header":false,"_kad_post_footer":false},"product_brand":[],"product_cat":[15,26],"product_tag":[],"class_list":{"0":"post-492","1":"product","2":"type-product","3":"status-publish","4":"has-post-thumbnail","6":"product_cat-tyre-protection-chain","7":"product_cat-reinforced","9":"first","10":"instock","11":"shipping-taxable","12":"product-type-simple","13":"entry","14":"content-bg","15":"loop-entry"},"yoast_head":"<!-- This site is optimized with the Yoast SEO plugin v25.4 - https:\/\/yoast.com\/wordpress\/plugins\/seo\/ -->\n<title>\u00d718mm REINFORCED - twchains<\/title>\n<meta name=\"robots\" content=\"index, follow, max-snippet:-1, max-image-preview:large, max-video-preview:-1\" \/>\n<link rel=\"canonical\" href=\"https:\/\/twchains.com\/fr\/produit\/x18mm-reinforced\/\" \/>\n<meta property=\"og:locale\" content=\"fr_FR\" \/>\n<meta property=\"og:type\" content=\"article\" \/>\n<meta property=\"og:title\" content=\"\u00d718mm REINFORCED - twchains\" \/>\n<meta property=\"og:description\" content=\"Type \uff1a29.5r25 1150kg  The x18mm reinforced type have wider and thicker wear-resistant surface, main component dimension(W x H x L): 52x68x109mm,  Weight of 1 main component:1.25kg\" \/>\n<meta property=\"og:url\" content=\"https:\/\/twchains.com\/fr\/produit\/x18mm-reinforced\/\" \/>\n<meta property=\"og:site_name\" content=\"twchains\" \/>\n<meta property=\"article:modified_time\" content=\"2025-04-21T08:52:00+00:00\" \/>\n<meta property=\"og:image\" content=\"https:\/\/twchains.com\/wp-content\/uploads\/2025\/04\/\u00d718-3.jpg\" \/>\n\t<meta property=\"og:image:width\" content=\"800\" \/>\n\t<meta property=\"og:image:height\" content=\"800\" \/>\n\t<meta property=\"og:image:type\" content=\"image\/jpeg\" \/>\n<meta name=\"twitter:card\" content=\"summary_large_image\" \/>\n<meta name=\"twitter:label1\" content=\"Dur\u00e9e de lecture estim\u00e9e\" \/>\n\t<meta name=\"twitter:data1\" content=\"2 minutes\" \/>\n<script type=\"application\/ld+json\" class=\"yoast-schema-graph\">{\"@context\":\"https:\/\/schema.org\",\"@graph\":[{\"@type\":\"WebPage\",\"@id\":\"https:\/\/twchains.com\/product\/x18mm-reinforced\/\",\"url\":\"https:\/\/twchains.com\/product\/x18mm-reinforced\/\",\"name\":\"\u00d718mm REINFORCED - twchains\",\"isPartOf\":{\"@id\":\"https:\/\/twchains.com\/#website\"},\"primaryImageOfPage\":{\"@id\":\"https:\/\/twchains.com\/product\/x18mm-reinforced\/#primaryimage\"},\"image\":{\"@id\":\"https:\/\/twchains.com\/product\/x18mm-reinforced\/#primaryimage\"},\"thumbnailUrl\":\"https:\/\/twchains.com\/wp-content\/uploads\/2025\/04\/\u00d718-3.jpg\",\"datePublished\":\"2025-04-17T13:18:21+00:00\",\"dateModified\":\"2025-04-21T08:52:00+00:00\",\"breadcrumb\":{\"@id\":\"https:\/\/twchains.com\/product\/x18mm-reinforced\/#breadcrumb\"},\"inLanguage\":\"fr-FR\",\"potentialAction\":[{\"@type\":\"ReadAction\",\"target\":[\"https:\/\/twchains.com\/product\/x18mm-reinforced\/\"]}]},{\"@type\":\"ImageObject\",\"inLanguage\":\"fr-FR\",\"@id\":\"https:\/\/twchains.com\/product\/x18mm-reinforced\/#primaryimage\",\"url\":\"https:\/\/twchains.com\/wp-content\/uploads\/2025\/04\/\u00d718-3.jpg\",\"contentUrl\":\"https:\/\/twchains.com\/wp-content\/uploads\/2025\/04\/\u00d718-3.jpg\",\"width\":800,\"height\":800},{\"@type\":\"BreadcrumbList\",\"@id\":\"https:\/\/twchains.com\/product\/x18mm-reinforced\/#breadcrumb\",\"itemListElement\":[{\"@type\":\"ListItem\",\"position\":1,\"name\":\"Home\",\"item\":\"https:\/\/twchains.com\/\"},{\"@type\":\"ListItem\",\"position\":2,\"name\":\"Products\",\"item\":\"https:\/\/twchains.com\/products\/\"},{\"@type\":\"ListItem\",\"position\":3,\"name\":\"\u00d718mm REINFORCED\"}]},{\"@type\":\"WebSite\",\"@id\":\"https:\/\/twchains.com\/#website\",\"url\":\"https:\/\/twchains.com\/\",\"name\":\"twchains\",\"description\":\"\",\"publisher\":{\"@id\":\"https:\/\/twchains.com\/#organization\"},\"potentialAction\":[{\"@type\":\"SearchAction\",\"target\":{\"@type\":\"EntryPoint\",\"urlTemplate\":\"https:\/\/twchains.com\/?s={search_term_string}\"},\"query-input\":{\"@type\":\"PropertyValueSpecification\",\"valueRequired\":true,\"valueName\":\"search_term_string\"}}],\"inLanguage\":\"fr-FR\"},{\"@type\":\"Organization\",\"@id\":\"https:\/\/twchains.com\/#organization\",\"name\":\"twchains\",\"url\":\"https:\/\/twchains.com\/\",\"logo\":{\"@type\":\"ImageObject\",\"inLanguage\":\"fr-FR\",\"@id\":\"https:\/\/twchains.com\/#\/schema\/logo\/image\/\",\"url\":\"https:\/\/twchains.com\/wp-content\/uploads\/2025\/04\/tongwei-logo-100.svg\",\"contentUrl\":\"https:\/\/twchains.com\/wp-content\/uploads\/2025\/04\/tongwei-logo-100.svg\",\"width\":128,\"height\":100,\"caption\":\"twchains\"},\"image\":{\"@id\":\"https:\/\/twchains.com\/#\/schema\/logo\/image\/\"}}]}<\/script>\n<!-- \/ Yoast SEO plugin. -->","yoast_head_json":{"title":"\u00d718mm REINFORCED - twchains","robots":{"index":"index","follow":"follow","max-snippet":"max-snippet:-1","max-image-preview":"max-image-preview:large","max-video-preview":"max-video-preview:-1"},"canonical":"https:\/\/twchains.com\/fr\/produit\/x18mm-reinforced\/","og_locale":"fr_FR","og_type":"article","og_title":"\u00d718mm REINFORCED - twchains","og_description":"Type \uff1a29.5r25 1150kg  The x18mm reinforced type have wider and thicker wear-resistant surface, main component dimension(W x H x L): 52x68x109mm,  Weight of 1 main component:1.25kg","og_url":"https:\/\/twchains.com\/fr\/produit\/x18mm-reinforced\/","og_site_name":"twchains","article_modified_time":"2025-04-21T08:52:00+00:00","og_image":[{"width":800,"height":800,"url":"https:\/\/twchains.com\/wp-content\/uploads\/2025\/04\/\u00d718-3.jpg","type":"image\/jpeg"}],"twitter_card":"summary_large_image","twitter_misc":{"Dur\u00e9e de lecture estim\u00e9e":"2 minutes"},"schema":{"@context":"https:\/\/schema.org","@graph":[{"@type":"WebPage","@id":"https:\/\/twchains.com\/product\/x18mm-reinforced\/","url":"https:\/\/twchains.com\/product\/x18mm-reinforced\/","name":"\u00d718mm REINFORCED - twchains","isPartOf":{"@id":"https:\/\/twchains.com\/#website"},"primaryImageOfPage":{"@id":"https:\/\/twchains.com\/product\/x18mm-reinforced\/#primaryimage"},"image":{"@id":"https:\/\/twchains.com\/product\/x18mm-reinforced\/#primaryimage"},"thumbnailUrl":"https:\/\/twchains.com\/wp-content\/uploads\/2025\/04\/\u00d718-3.jpg","datePublished":"2025-04-17T13:18:21+00:00","dateModified":"2025-04-21T08:52:00+00:00","breadcrumb":{"@id":"https:\/\/twchains.com\/product\/x18mm-reinforced\/#breadcrumb"},"inLanguage":"fr-FR","potentialAction":[{"@type":"ReadAction","target":["https:\/\/twchains.com\/product\/x18mm-reinforced\/"]}]},{"@type":"ImageObject","inLanguage":"fr-FR","@id":"https:\/\/twchains.com\/product\/x18mm-reinforced\/#primaryimage","url":"https:\/\/twchains.com\/wp-content\/uploads\/2025\/04\/\u00d718-3.jpg","contentUrl":"https:\/\/twchains.com\/wp-content\/uploads\/2025\/04\/\u00d718-3.jpg","width":800,"height":800},{"@type":"BreadcrumbList","@id":"https:\/\/twchains.com\/product\/x18mm-reinforced\/#breadcrumb","itemListElement":[{"@type":"ListItem","position":1,"name":"Home","item":"https:\/\/twchains.com\/"},{"@type":"ListItem","position":2,"name":"Products","item":"https:\/\/twchains.com\/products\/"},{"@type":"ListItem","position":3,"name":"\u00d718mm REINFORCED"}]},{"@type":"WebSite","@id":"https:\/\/twchains.com\/#website","url":"https:\/\/twchains.com\/","name":"twchains","description":"","publisher":{"@id":"https:\/\/twchains.com\/#organization"},"potentialAction":[{"@type":"SearchAction","target":{"@type":"EntryPoint","urlTemplate":"https:\/\/twchains.com\/?s={search_term_string}"},"query-input":{"@type":"PropertyValueSpecification","valueRequired":true,"valueName":"search_term_string"}}],"inLanguage":"fr-FR"},{"@type":"Organization","@id":"https:\/\/twchains.com\/#organization","name":"twchains","url":"https:\/\/twchains.com\/","logo":{"@type":"ImageObject","inLanguage":"fr-FR","@id":"https:\/\/twchains.com\/#\/schema\/logo\/image\/","url":"https:\/\/twchains.com\/wp-content\/uploads\/2025\/04\/tongwei-logo-100.svg","contentUrl":"https:\/\/twchains.com\/wp-content\/uploads\/2025\/04\/tongwei-logo-100.svg","width":128,"height":100,"caption":"twchains"},"image":{"@id":"https:\/\/twchains.com\/#\/schema\/logo\/image\/"}}]}},"_links":{"self":[{"href":"https:\/\/twchains.com\/fr\/wp-json\/wp\/v2\/product\/492","targetHints":{"allow":["GET"]}}],"collection":[{"href":"https:\/\/twchains.com\/fr\/wp-json\/wp\/v2\/product"}],"about":[{"href":"https:\/\/twchains.com\/fr\/wp-json\/wp\/v2\/types\/product"}],"wp:featuredmedia":[{"embeddable":true,"href":"https:\/\/twchains.com\/fr\/wp-json\/wp\/v2\/media\/493"}],"wp:attachment":[{"href":"https:\/\/twchains.com\/fr\/wp-json\/wp\/v2\/media?parent=492"}],"wp:term":[{"taxonomy":"product_brand","embeddable":true,"href":"https:\/\/twchains.com\/fr\/wp-json\/wp\/v2\/product_brand?post=492"},{"taxonomy":"product_cat","embeddable":true,"href":"https:\/\/twchains.com\/fr\/wp-json\/wp\/v2\/product_cat?post=492"},{"taxonomy":"product_tag","embeddable":true,"href":"https:\/\/twchains.com\/fr\/wp-json\/wp\/v2\/product_tag?post=492"}],"curies":[{"name":"wp","href":"https:\/\/api.w.org\/{rel}","templated":true}]}}