{"id":560,"date":"2025-04-21T08:38:14","date_gmt":"2025-04-21T08:38:14","guid":{"rendered":"https:\/\/twchains.com\/?post_type=product&#038;p=560"},"modified":"2025-04-21T08:46:43","modified_gmt":"2025-04-21T08:46:43","slug":"mesh-patterns-6x6-hexagon","status":"publish","type":"product","link":"https:\/\/twchains.com\/fr\/produit\/mesh-patterns-6x6-hexagon\/","title":{"rendered":"MAILLES 6\u00d76 HEXAGONALES"},"content":{"rendered":"","protected":false},"excerpt":{"rendered":"<ul>\n<li>Si vous avez besoin d'une meilleure traction et d'une meilleure protection de vos pneus, la maille hexagonale est la meilleure option pour des surfaces sp\u00e9cifiques.<\/li>\n<li>Nous avons des types de cha\u00eenes \u00e0 neige de traction hexagonales de 13 mm, 16 mm, 18 mm et 22 mm de diam\u00e8tre d'anneau.<\/li>\n<\/ul>","protected":false},"featured_media":561,"template":"","meta":{"inline_featured_image":false,"_kad_post_transparent":"default","_kad_post_title":"","_kad_post_layout":"default","_kad_post_sidebar_id":"","_kad_post_content_style":"default","_kad_post_vertical_padding":"default","_kad_post_feature":"","_kad_post_feature_position":"","_kad_post_header":false,"_kad_post_footer":false},"product_brand":[],"product_cat":[15,24],"product_tag":[],"class_list":{"0":"post-560","1":"product","2":"type-product","3":"status-publish","4":"has-post-thumbnail","6":"product_cat-tyre-protection-chain","7":"product_cat-anti-skid-tire-chains","9":"first","10":"instock","11":"shipping-taxable","12":"product-type-simple","13":"entry","14":"content-bg","15":"loop-entry"},"yoast_head":"<!-- This site is optimized with the Yoast SEO plugin v25.4 - https:\/\/yoast.com\/wordpress\/plugins\/seo\/ -->\n<title>MESH PATTERNS 6x6 HEXAGON - twchains<\/title>\n<meta name=\"robots\" content=\"index, follow, max-snippet:-1, max-image-preview:large, max-video-preview:-1\" \/>\n<link rel=\"canonical\" href=\"https:\/\/twchains.com\/fr\/produit\/mesh-patterns-6x6-hexagon\/\" \/>\n<meta property=\"og:locale\" content=\"fr_FR\" \/>\n<meta property=\"og:type\" content=\"article\" \/>\n<meta property=\"og:title\" content=\"MESH PATTERNS 6x6 HEXAGON - twchains\" \/>\n<meta property=\"og:description\" content=\"If you require better traction and protection of your tyres then hexagon mesh is the best option for specific surfaces.  We have 13mm, 16mm ,18mm ,22mm ring diameter types of 6x6 hexagon traction snow chain.\" \/>\n<meta property=\"og:url\" content=\"https:\/\/twchains.com\/fr\/produit\/mesh-patterns-6x6-hexagon\/\" \/>\n<meta property=\"og:site_name\" content=\"twchains\" \/>\n<meta property=\"article:modified_time\" content=\"2025-04-21T08:46:43+00:00\" \/>\n<meta property=\"og:image\" content=\"https:\/\/twchains.com\/wp-content\/uploads\/2025\/04\/66.png\" \/>\n\t<meta property=\"og:image:width\" content=\"366\" \/>\n\t<meta property=\"og:image:height\" content=\"357\" \/>\n\t<meta property=\"og:image:type\" content=\"image\/png\" \/>\n<meta name=\"twitter:card\" content=\"summary_large_image\" \/>\n<meta name=\"twitter:label1\" content=\"Dur\u00e9e de lecture estim\u00e9e\" \/>\n\t<meta name=\"twitter:data1\" content=\"1 minute\" \/>\n<script type=\"application\/ld+json\" class=\"yoast-schema-graph\">{\"@context\":\"https:\/\/schema.org\",\"@graph\":[{\"@type\":\"WebPage\",\"@id\":\"https:\/\/twchains.com\/product\/mesh-patterns-6x6-hexagon\/\",\"url\":\"https:\/\/twchains.com\/product\/mesh-patterns-6x6-hexagon\/\",\"name\":\"MESH PATTERNS 6x6 HEXAGON - twchains\",\"isPartOf\":{\"@id\":\"https:\/\/twchains.com\/#website\"},\"primaryImageOfPage\":{\"@id\":\"https:\/\/twchains.com\/product\/mesh-patterns-6x6-hexagon\/#primaryimage\"},\"image\":{\"@id\":\"https:\/\/twchains.com\/product\/mesh-patterns-6x6-hexagon\/#primaryimage\"},\"thumbnailUrl\":\"https:\/\/twchains.com\/wp-content\/uploads\/2025\/04\/66.png\",\"datePublished\":\"2025-04-21T08:38:14+00:00\",\"dateModified\":\"2025-04-21T08:46:43+00:00\",\"breadcrumb\":{\"@id\":\"https:\/\/twchains.com\/product\/mesh-patterns-6x6-hexagon\/#breadcrumb\"},\"inLanguage\":\"fr-FR\",\"potentialAction\":[{\"@type\":\"ReadAction\",\"target\":[\"https:\/\/twchains.com\/product\/mesh-patterns-6x6-hexagon\/\"]}]},{\"@type\":\"ImageObject\",\"inLanguage\":\"fr-FR\",\"@id\":\"https:\/\/twchains.com\/product\/mesh-patterns-6x6-hexagon\/#primaryimage\",\"url\":\"https:\/\/twchains.com\/wp-content\/uploads\/2025\/04\/66.png\",\"contentUrl\":\"https:\/\/twchains.com\/wp-content\/uploads\/2025\/04\/66.png\",\"width\":366,\"height\":357},{\"@type\":\"BreadcrumbList\",\"@id\":\"https:\/\/twchains.com\/product\/mesh-patterns-6x6-hexagon\/#breadcrumb\",\"itemListElement\":[{\"@type\":\"ListItem\",\"position\":1,\"name\":\"Home\",\"item\":\"https:\/\/twchains.com\/\"},{\"@type\":\"ListItem\",\"position\":2,\"name\":\"Products\",\"item\":\"https:\/\/twchains.com\/products\/\"},{\"@type\":\"ListItem\",\"position\":3,\"name\":\"MESH PATTERNS 6&#215;6 HEXAGON\"}]},{\"@type\":\"WebSite\",\"@id\":\"https:\/\/twchains.com\/#website\",\"url\":\"https:\/\/twchains.com\/\",\"name\":\"twchains\",\"description\":\"\",\"publisher\":{\"@id\":\"https:\/\/twchains.com\/#organization\"},\"potentialAction\":[{\"@type\":\"SearchAction\",\"target\":{\"@type\":\"EntryPoint\",\"urlTemplate\":\"https:\/\/twchains.com\/?s={search_term_string}\"},\"query-input\":{\"@type\":\"PropertyValueSpecification\",\"valueRequired\":true,\"valueName\":\"search_term_string\"}}],\"inLanguage\":\"fr-FR\"},{\"@type\":\"Organization\",\"@id\":\"https:\/\/twchains.com\/#organization\",\"name\":\"twchains\",\"url\":\"https:\/\/twchains.com\/\",\"logo\":{\"@type\":\"ImageObject\",\"inLanguage\":\"fr-FR\",\"@id\":\"https:\/\/twchains.com\/#\/schema\/logo\/image\/\",\"url\":\"https:\/\/twchains.com\/wp-content\/uploads\/2025\/04\/tongwei-logo-100.svg\",\"contentUrl\":\"https:\/\/twchains.com\/wp-content\/uploads\/2025\/04\/tongwei-logo-100.svg\",\"width\":128,\"height\":100,\"caption\":\"twchains\"},\"image\":{\"@id\":\"https:\/\/twchains.com\/#\/schema\/logo\/image\/\"}}]}<\/script>\n<!-- \/ Yoast SEO plugin. -->","yoast_head_json":{"title":"MESH PATTERNS 6x6 HEXAGON - twchains","robots":{"index":"index","follow":"follow","max-snippet":"max-snippet:-1","max-image-preview":"max-image-preview:large","max-video-preview":"max-video-preview:-1"},"canonical":"https:\/\/twchains.com\/fr\/produit\/mesh-patterns-6x6-hexagon\/","og_locale":"fr_FR","og_type":"article","og_title":"MESH PATTERNS 6x6 HEXAGON - twchains","og_description":"If you require better traction and protection of your tyres then hexagon mesh is the best option for specific surfaces.  We have 13mm, 16mm ,18mm ,22mm ring diameter types of 6x6 hexagon traction snow chain.","og_url":"https:\/\/twchains.com\/fr\/produit\/mesh-patterns-6x6-hexagon\/","og_site_name":"twchains","article_modified_time":"2025-04-21T08:46:43+00:00","og_image":[{"width":366,"height":357,"url":"https:\/\/twchains.com\/wp-content\/uploads\/2025\/04\/66.png","type":"image\/png"}],"twitter_card":"summary_large_image","twitter_misc":{"Dur\u00e9e de lecture estim\u00e9e":"1 minute"},"schema":{"@context":"https:\/\/schema.org","@graph":[{"@type":"WebPage","@id":"https:\/\/twchains.com\/product\/mesh-patterns-6x6-hexagon\/","url":"https:\/\/twchains.com\/product\/mesh-patterns-6x6-hexagon\/","name":"MESH PATTERNS 6x6 HEXAGON - twchains","isPartOf":{"@id":"https:\/\/twchains.com\/#website"},"primaryImageOfPage":{"@id":"https:\/\/twchains.com\/product\/mesh-patterns-6x6-hexagon\/#primaryimage"},"image":{"@id":"https:\/\/twchains.com\/product\/mesh-patterns-6x6-hexagon\/#primaryimage"},"thumbnailUrl":"https:\/\/twchains.com\/wp-content\/uploads\/2025\/04\/66.png","datePublished":"2025-04-21T08:38:14+00:00","dateModified":"2025-04-21T08:46:43+00:00","breadcrumb":{"@id":"https:\/\/twchains.com\/product\/mesh-patterns-6x6-hexagon\/#breadcrumb"},"inLanguage":"fr-FR","potentialAction":[{"@type":"ReadAction","target":["https:\/\/twchains.com\/product\/mesh-patterns-6x6-hexagon\/"]}]},{"@type":"ImageObject","inLanguage":"fr-FR","@id":"https:\/\/twchains.com\/product\/mesh-patterns-6x6-hexagon\/#primaryimage","url":"https:\/\/twchains.com\/wp-content\/uploads\/2025\/04\/66.png","contentUrl":"https:\/\/twchains.com\/wp-content\/uploads\/2025\/04\/66.png","width":366,"height":357},{"@type":"BreadcrumbList","@id":"https:\/\/twchains.com\/product\/mesh-patterns-6x6-hexagon\/#breadcrumb","itemListElement":[{"@type":"ListItem","position":1,"name":"Home","item":"https:\/\/twchains.com\/"},{"@type":"ListItem","position":2,"name":"Products","item":"https:\/\/twchains.com\/products\/"},{"@type":"ListItem","position":3,"name":"MESH PATTERNS 6&#215;6 HEXAGON"}]},{"@type":"WebSite","@id":"https:\/\/twchains.com\/#website","url":"https:\/\/twchains.com\/","name":"twchains","description":"","publisher":{"@id":"https:\/\/twchains.com\/#organization"},"potentialAction":[{"@type":"SearchAction","target":{"@type":"EntryPoint","urlTemplate":"https:\/\/twchains.com\/?s={search_term_string}"},"query-input":{"@type":"PropertyValueSpecification","valueRequired":true,"valueName":"search_term_string"}}],"inLanguage":"fr-FR"},{"@type":"Organization","@id":"https:\/\/twchains.com\/#organization","name":"twchains","url":"https:\/\/twchains.com\/","logo":{"@type":"ImageObject","inLanguage":"fr-FR","@id":"https:\/\/twchains.com\/#\/schema\/logo\/image\/","url":"https:\/\/twchains.com\/wp-content\/uploads\/2025\/04\/tongwei-logo-100.svg","contentUrl":"https:\/\/twchains.com\/wp-content\/uploads\/2025\/04\/tongwei-logo-100.svg","width":128,"height":100,"caption":"twchains"},"image":{"@id":"https:\/\/twchains.com\/#\/schema\/logo\/image\/"}}]}},"_links":{"self":[{"href":"https:\/\/twchains.com\/fr\/wp-json\/wp\/v2\/product\/560","targetHints":{"allow":["GET"]}}],"collection":[{"href":"https:\/\/twchains.com\/fr\/wp-json\/wp\/v2\/product"}],"about":[{"href":"https:\/\/twchains.com\/fr\/wp-json\/wp\/v2\/types\/product"}],"wp:featuredmedia":[{"embeddable":true,"href":"https:\/\/twchains.com\/fr\/wp-json\/wp\/v2\/media\/561"}],"wp:attachment":[{"href":"https:\/\/twchains.com\/fr\/wp-json\/wp\/v2\/media?parent=560"}],"wp:term":[{"taxonomy":"product_brand","embeddable":true,"href":"https:\/\/twchains.com\/fr\/wp-json\/wp\/v2\/product_brand?post=560"},{"taxonomy":"product_cat","embeddable":true,"href":"https:\/\/twchains.com\/fr\/wp-json\/wp\/v2\/product_cat?post=560"},{"taxonomy":"product_tag","embeddable":true,"href":"https:\/\/twchains.com\/fr\/wp-json\/wp\/v2\/product_tag?post=560"}],"curies":[{"name":"wp","href":"https:\/\/api.w.org\/{rel}","templated":true}]}}