{"id":567,"date":"2025-04-22T04:20:13","date_gmt":"2025-04-22T04:20:13","guid":{"rendered":"https:\/\/twchains.com\/?post_type=product&#038;p=567"},"modified":"2025-04-22T08:20:06","modified_gmt":"2025-04-22T08:20:06","slug":"x14mm-universal-type-23-5-25-loader-tire-chains-330kg","status":"publish","type":"product","link":"https:\/\/twchains.com\/fr\/produit\/x14mm-universal-type-23-5-25-loader-tire-chains-330kg\/","title":{"rendered":"\u00d714mm Type universel 23.5-25 Cha\u00eenes pour pneus de chargeur 330kg"},"content":{"rendered":"<p>Le type universel x14 mm est un mod\u00e8le sp\u00e9cialement con\u00e7u pour les \u00e9quipements de petite et moyenne taille. Cette conception minimise le glissement et prot\u00e8ge les pneus gr\u00e2ce \u00e0 sa structure \u00e9troite mais hautement protectrice, afin d'am\u00e9liorer l'efficacit\u00e9 du travail. Il s'est av\u00e9r\u00e9 \u00eatre un choix id\u00e9al pour diverses t\u00e2ches et op\u00e9rations professionnelles et standard.<\/p>\n<p>Nous vous invitons \u00e0 visiter notre usine, Tianjin TONGWEI Metal Products, qui ouvre la voie \u00e0 des collaborations de toutes sortes et fournit des services OEM\/ODM.<\/p>\n<p>#loadertirechains#tyre #chains #marbre #carry #protectionchain<\/p>","protected":false},"excerpt":{"rendered":"<ul>\n<li>Dimension du composant principal (L x H x L) : 35x43x75mm.<\/li>\n<li>Poids d'un composant principal : 0,36 kg<\/li>\n<\/ul>","protected":false},"featured_media":529,"template":"","meta":{"inline_featured_image":false,"_kad_post_transparent":"default","_kad_post_title":"","_kad_post_layout":"default","_kad_post_sidebar_id":"","_kad_post_content_style":"default","_kad_post_vertical_padding":"default","_kad_post_feature":"","_kad_post_feature_position":"","_kad_post_header":false,"_kad_post_footer":false},"product_brand":[],"product_cat":[15,25],"product_tag":[],"class_list":{"0":"post-567","1":"product","2":"type-product","3":"status-publish","4":"has-post-thumbnail","6":"product_cat-tyre-protection-chain","7":"product_cat-standard","9":"first","10":"instock","11":"shipping-taxable","12":"product-type-simple","13":"entry","14":"content-bg","15":"loop-entry"},"yoast_head":"<!-- This site is optimized with the Yoast SEO plugin v25.4 - https:\/\/yoast.com\/wordpress\/plugins\/seo\/ -->\n<title>\u00d714mm Universal Type 23.5-25 Loader Tire Chains 330kg - twchains<\/title>\n<meta name=\"robots\" content=\"index, follow, max-snippet:-1, max-image-preview:large, max-video-preview:-1\" \/>\n<link rel=\"canonical\" href=\"https:\/\/twchains.com\/fr\/produit\/x14mm-universal-type-23-5-25-loader-tire-chains-330kg\/\" \/>\n<meta property=\"og:locale\" content=\"fr_FR\" \/>\n<meta property=\"og:type\" content=\"article\" \/>\n<meta property=\"og:title\" content=\"\u00d714mm Universal Type 23.5-25 Loader Tire Chains 330kg - twchains\" \/>\n<meta property=\"og:description\" content=\"Main Component Dimension(W x H x L): 35x43x75mm.  Weight of 1 Main Component:0.36kg\" \/>\n<meta property=\"og:url\" content=\"https:\/\/twchains.com\/fr\/produit\/x14mm-universal-type-23-5-25-loader-tire-chains-330kg\/\" \/>\n<meta property=\"og:site_name\" content=\"twchains\" \/>\n<meta property=\"article:modified_time\" content=\"2025-04-22T08:20:06+00:00\" \/>\n<meta property=\"og:image\" content=\"https:\/\/twchains.com\/wp-content\/uploads\/2025\/04\/14mm-A-loader-tire-chains.png\" \/>\n\t<meta property=\"og:image:width\" content=\"750\" \/>\n\t<meta property=\"og:image:height\" content=\"1000\" \/>\n\t<meta property=\"og:image:type\" content=\"image\/png\" \/>\n<meta name=\"twitter:card\" content=\"summary_large_image\" \/>\n<meta name=\"twitter:label1\" content=\"Dur\u00e9e de lecture estim\u00e9e\" \/>\n\t<meta name=\"twitter:data1\" content=\"1 minute\" \/>\n<script type=\"application\/ld+json\" class=\"yoast-schema-graph\">{\"@context\":\"https:\/\/schema.org\",\"@graph\":[{\"@type\":\"WebPage\",\"@id\":\"https:\/\/twchains.com\/product\/x14mm-universal-type-23-5-25-loader-tire-chains-330kg\/\",\"url\":\"https:\/\/twchains.com\/product\/x14mm-universal-type-23-5-25-loader-tire-chains-330kg\/\",\"name\":\"\u00d714mm Universal Type 23.5-25 Loader Tire Chains 330kg - twchains\",\"isPartOf\":{\"@id\":\"https:\/\/twchains.com\/#website\"},\"primaryImageOfPage\":{\"@id\":\"https:\/\/twchains.com\/product\/x14mm-universal-type-23-5-25-loader-tire-chains-330kg\/#primaryimage\"},\"image\":{\"@id\":\"https:\/\/twchains.com\/product\/x14mm-universal-type-23-5-25-loader-tire-chains-330kg\/#primaryimage\"},\"thumbnailUrl\":\"https:\/\/twchains.com\/wp-content\/uploads\/2025\/04\/14mm-A-loader-tire-chains.png\",\"datePublished\":\"2025-04-22T04:20:13+00:00\",\"dateModified\":\"2025-04-22T08:20:06+00:00\",\"breadcrumb\":{\"@id\":\"https:\/\/twchains.com\/product\/x14mm-universal-type-23-5-25-loader-tire-chains-330kg\/#breadcrumb\"},\"inLanguage\":\"fr-FR\",\"potentialAction\":[{\"@type\":\"ReadAction\",\"target\":[\"https:\/\/twchains.com\/product\/x14mm-universal-type-23-5-25-loader-tire-chains-330kg\/\"]}]},{\"@type\":\"ImageObject\",\"inLanguage\":\"fr-FR\",\"@id\":\"https:\/\/twchains.com\/product\/x14mm-universal-type-23-5-25-loader-tire-chains-330kg\/#primaryimage\",\"url\":\"https:\/\/twchains.com\/wp-content\/uploads\/2025\/04\/14mm-A-loader-tire-chains.png\",\"contentUrl\":\"https:\/\/twchains.com\/wp-content\/uploads\/2025\/04\/14mm-A-loader-tire-chains.png\",\"width\":750,\"height\":1000},{\"@type\":\"BreadcrumbList\",\"@id\":\"https:\/\/twchains.com\/product\/x14mm-universal-type-23-5-25-loader-tire-chains-330kg\/#breadcrumb\",\"itemListElement\":[{\"@type\":\"ListItem\",\"position\":1,\"name\":\"Home\",\"item\":\"https:\/\/twchains.com\/\"},{\"@type\":\"ListItem\",\"position\":2,\"name\":\"Products\",\"item\":\"https:\/\/twchains.com\/products\/\"},{\"@type\":\"ListItem\",\"position\":3,\"name\":\"\u00d714mm Universal Type 23.5-25 Loader Tire Chains 330kg\"}]},{\"@type\":\"WebSite\",\"@id\":\"https:\/\/twchains.com\/#website\",\"url\":\"https:\/\/twchains.com\/\",\"name\":\"twchains\",\"description\":\"\",\"publisher\":{\"@id\":\"https:\/\/twchains.com\/#organization\"},\"potentialAction\":[{\"@type\":\"SearchAction\",\"target\":{\"@type\":\"EntryPoint\",\"urlTemplate\":\"https:\/\/twchains.com\/?s={search_term_string}\"},\"query-input\":{\"@type\":\"PropertyValueSpecification\",\"valueRequired\":true,\"valueName\":\"search_term_string\"}}],\"inLanguage\":\"fr-FR\"},{\"@type\":\"Organization\",\"@id\":\"https:\/\/twchains.com\/#organization\",\"name\":\"twchains\",\"url\":\"https:\/\/twchains.com\/\",\"logo\":{\"@type\":\"ImageObject\",\"inLanguage\":\"fr-FR\",\"@id\":\"https:\/\/twchains.com\/#\/schema\/logo\/image\/\",\"url\":\"https:\/\/twchains.com\/wp-content\/uploads\/2025\/04\/tongwei-logo-100.svg\",\"contentUrl\":\"https:\/\/twchains.com\/wp-content\/uploads\/2025\/04\/tongwei-logo-100.svg\",\"width\":128,\"height\":100,\"caption\":\"twchains\"},\"image\":{\"@id\":\"https:\/\/twchains.com\/#\/schema\/logo\/image\/\"}}]}<\/script>\n<!-- \/ Yoast SEO plugin. -->","yoast_head_json":{"title":"\u00d714mm Universal Type 23.5-25 Loader Tire Chains 330kg - twchains","robots":{"index":"index","follow":"follow","max-snippet":"max-snippet:-1","max-image-preview":"max-image-preview:large","max-video-preview":"max-video-preview:-1"},"canonical":"https:\/\/twchains.com\/fr\/produit\/x14mm-universal-type-23-5-25-loader-tire-chains-330kg\/","og_locale":"fr_FR","og_type":"article","og_title":"\u00d714mm Universal Type 23.5-25 Loader Tire Chains 330kg - twchains","og_description":"Main Component Dimension(W x H x L): 35x43x75mm.  Weight of 1 Main Component:0.36kg","og_url":"https:\/\/twchains.com\/fr\/produit\/x14mm-universal-type-23-5-25-loader-tire-chains-330kg\/","og_site_name":"twchains","article_modified_time":"2025-04-22T08:20:06+00:00","og_image":[{"width":750,"height":1000,"url":"https:\/\/twchains.com\/wp-content\/uploads\/2025\/04\/14mm-A-loader-tire-chains.png","type":"image\/png"}],"twitter_card":"summary_large_image","twitter_misc":{"Dur\u00e9e de lecture estim\u00e9e":"1 minute"},"schema":{"@context":"https:\/\/schema.org","@graph":[{"@type":"WebPage","@id":"https:\/\/twchains.com\/product\/x14mm-universal-type-23-5-25-loader-tire-chains-330kg\/","url":"https:\/\/twchains.com\/product\/x14mm-universal-type-23-5-25-loader-tire-chains-330kg\/","name":"\u00d714mm Universal Type 23.5-25 Loader Tire Chains 330kg - twchains","isPartOf":{"@id":"https:\/\/twchains.com\/#website"},"primaryImageOfPage":{"@id":"https:\/\/twchains.com\/product\/x14mm-universal-type-23-5-25-loader-tire-chains-330kg\/#primaryimage"},"image":{"@id":"https:\/\/twchains.com\/product\/x14mm-universal-type-23-5-25-loader-tire-chains-330kg\/#primaryimage"},"thumbnailUrl":"https:\/\/twchains.com\/wp-content\/uploads\/2025\/04\/14mm-A-loader-tire-chains.png","datePublished":"2025-04-22T04:20:13+00:00","dateModified":"2025-04-22T08:20:06+00:00","breadcrumb":{"@id":"https:\/\/twchains.com\/product\/x14mm-universal-type-23-5-25-loader-tire-chains-330kg\/#breadcrumb"},"inLanguage":"fr-FR","potentialAction":[{"@type":"ReadAction","target":["https:\/\/twchains.com\/product\/x14mm-universal-type-23-5-25-loader-tire-chains-330kg\/"]}]},{"@type":"ImageObject","inLanguage":"fr-FR","@id":"https:\/\/twchains.com\/product\/x14mm-universal-type-23-5-25-loader-tire-chains-330kg\/#primaryimage","url":"https:\/\/twchains.com\/wp-content\/uploads\/2025\/04\/14mm-A-loader-tire-chains.png","contentUrl":"https:\/\/twchains.com\/wp-content\/uploads\/2025\/04\/14mm-A-loader-tire-chains.png","width":750,"height":1000},{"@type":"BreadcrumbList","@id":"https:\/\/twchains.com\/product\/x14mm-universal-type-23-5-25-loader-tire-chains-330kg\/#breadcrumb","itemListElement":[{"@type":"ListItem","position":1,"name":"Home","item":"https:\/\/twchains.com\/"},{"@type":"ListItem","position":2,"name":"Products","item":"https:\/\/twchains.com\/products\/"},{"@type":"ListItem","position":3,"name":"\u00d714mm Universal Type 23.5-25 Loader Tire Chains 330kg"}]},{"@type":"WebSite","@id":"https:\/\/twchains.com\/#website","url":"https:\/\/twchains.com\/","name":"twchains","description":"","publisher":{"@id":"https:\/\/twchains.com\/#organization"},"potentialAction":[{"@type":"SearchAction","target":{"@type":"EntryPoint","urlTemplate":"https:\/\/twchains.com\/?s={search_term_string}"},"query-input":{"@type":"PropertyValueSpecification","valueRequired":true,"valueName":"search_term_string"}}],"inLanguage":"fr-FR"},{"@type":"Organization","@id":"https:\/\/twchains.com\/#organization","name":"twchains","url":"https:\/\/twchains.com\/","logo":{"@type":"ImageObject","inLanguage":"fr-FR","@id":"https:\/\/twchains.com\/#\/schema\/logo\/image\/","url":"https:\/\/twchains.com\/wp-content\/uploads\/2025\/04\/tongwei-logo-100.svg","contentUrl":"https:\/\/twchains.com\/wp-content\/uploads\/2025\/04\/tongwei-logo-100.svg","width":128,"height":100,"caption":"twchains"},"image":{"@id":"https:\/\/twchains.com\/#\/schema\/logo\/image\/"}}]}},"_links":{"self":[{"href":"https:\/\/twchains.com\/fr\/wp-json\/wp\/v2\/product\/567","targetHints":{"allow":["GET"]}}],"collection":[{"href":"https:\/\/twchains.com\/fr\/wp-json\/wp\/v2\/product"}],"about":[{"href":"https:\/\/twchains.com\/fr\/wp-json\/wp\/v2\/types\/product"}],"wp:featuredmedia":[{"embeddable":true,"href":"https:\/\/twchains.com\/fr\/wp-json\/wp\/v2\/media\/529"}],"wp:attachment":[{"href":"https:\/\/twchains.com\/fr\/wp-json\/wp\/v2\/media?parent=567"}],"wp:term":[{"taxonomy":"product_brand","embeddable":true,"href":"https:\/\/twchains.com\/fr\/wp-json\/wp\/v2\/product_brand?post=567"},{"taxonomy":"product_cat","embeddable":true,"href":"https:\/\/twchains.com\/fr\/wp-json\/wp\/v2\/product_cat?post=567"},{"taxonomy":"product_tag","embeddable":true,"href":"https:\/\/twchains.com\/fr\/wp-json\/wp\/v2\/product_tag?post=567"}],"curies":[{"name":"wp","href":"https:\/\/api.w.org\/{rel}","templated":true}]}}