{"id":576,"date":"2025-04-22T05:36:12","date_gmt":"2025-04-22T05:36:12","guid":{"rendered":"https:\/\/twchains.com\/?post_type=product&#038;p=576"},"modified":"2025-04-22T08:16:53","modified_gmt":"2025-04-22T08:16:53","slug":"x16mm-reinforced-type-26-5-25-quarry-chains-620kg-660kg","status":"publish","type":"product","link":"https:\/\/twchains.com\/fr\/produit\/x16mm-reinforced-type-26-5-25-quarry-chains-620kg-660kg\/","title":{"rendered":"\u00d716mm Type renforc\u00e9 26.5-25 Cha\u00eenes de carri\u00e8re 620kg-660kg"},"content":{"rendered":"<p>L'unique composant principal de la version renforc\u00e9e \u00e0 16 anneaux a augment\u00e9 le poids de 35% par rapport \u00e0 la version standard \u00e0 16 anneaux. Ce poids est r\u00e9parti uniform\u00e9ment sur la largeur, l'\u00e9paisseur et la hauteur, avec des maillons de cha\u00eene renforc\u00e9s, ce qui se traduit par une augmentation de la solidit\u00e9 de 40%, une plus grande r\u00e9sistance aux chocs et une durabilit\u00e9 doubl\u00e9e ; prolonger la dur\u00e9e de vie de 2 fois et r\u00e9duire le co\u00fbt global<\/p>\n<p>&nbsp;<\/p>\n<p>#cha\u00eenes de protection durable#cha\u00eenes des carri\u00e8res#cha\u00eenes des mines#cha\u00eenes de protection de la tyrannie<\/p>","protected":false},"excerpt":{"rendered":"<ul>\n<li>Dimension du composant principal (L x H x L) : 40x53x85mm.<\/li>\n<li>Poids d'un composant principal : 0,61kg\uff0835% Plus lourd que le composant universel de 16mm)<\/li>\n<\/ul>","protected":false},"featured_media":577,"template":"","meta":{"inline_featured_image":false,"_kad_post_transparent":"default","_kad_post_title":"","_kad_post_layout":"default","_kad_post_sidebar_id":"","_kad_post_content_style":"default","_kad_post_vertical_padding":"default","_kad_post_feature":"","_kad_post_feature_position":"","_kad_post_header":false,"_kad_post_footer":false},"product_brand":[],"product_cat":[15,26],"product_tag":[],"class_list":{"0":"post-576","1":"product","2":"type-product","3":"status-publish","4":"has-post-thumbnail","6":"product_cat-tyre-protection-chain","7":"product_cat-reinforced","9":"first","10":"instock","11":"shipping-taxable","12":"product-type-simple","13":"entry","14":"content-bg","15":"loop-entry"},"yoast_head":"<!-- This site is optimized with the Yoast SEO plugin v25.4 - https:\/\/yoast.com\/wordpress\/plugins\/seo\/ -->\n<title>\u00d716mm Reinforced Type 26.5-25 Quarry Chains 620kg-660kg - twchains<\/title>\n<meta name=\"robots\" content=\"index, follow, max-snippet:-1, max-image-preview:large, max-video-preview:-1\" \/>\n<link rel=\"canonical\" href=\"https:\/\/twchains.com\/fr\/produit\/x16mm-reinforced-type-26-5-25-quarry-chains-620kg-660kg\/\" \/>\n<meta property=\"og:locale\" content=\"fr_FR\" \/>\n<meta property=\"og:type\" content=\"article\" \/>\n<meta property=\"og:title\" content=\"\u00d716mm Reinforced Type 26.5-25 Quarry Chains 620kg-660kg - twchains\" \/>\n<meta property=\"og:description\" content=\"Main Component Dimension(W x H x L): 40x53x85mm.  Weight of 1 Main Component:0.61kg\uff0835% Heavier Than the Universal of 16mm)\" \/>\n<meta property=\"og:url\" content=\"https:\/\/twchains.com\/fr\/produit\/x16mm-reinforced-type-26-5-25-quarry-chains-620kg-660kg\/\" \/>\n<meta property=\"og:site_name\" content=\"twchains\" \/>\n<meta property=\"article:modified_time\" content=\"2025-04-22T08:16:53+00:00\" \/>\n<meta property=\"og:image\" content=\"https:\/\/twchains.com\/wp-content\/uploads\/2025\/04\/whatsapp8615102205695.jpg\" \/>\n\t<meta property=\"og:image:width\" content=\"750\" \/>\n\t<meta property=\"og:image:height\" content=\"1000\" \/>\n\t<meta property=\"og:image:type\" content=\"image\/jpeg\" \/>\n<meta name=\"twitter:card\" content=\"summary_large_image\" \/>\n<meta name=\"twitter:label1\" content=\"Dur\u00e9e de lecture estim\u00e9e\" \/>\n\t<meta name=\"twitter:data1\" content=\"1 minute\" \/>\n<script type=\"application\/ld+json\" class=\"yoast-schema-graph\">{\"@context\":\"https:\/\/schema.org\",\"@graph\":[{\"@type\":\"WebPage\",\"@id\":\"https:\/\/twchains.com\/product\/x16mm-reinforced-type-26-5-25-quarry-chains-620kg-660kg\/\",\"url\":\"https:\/\/twchains.com\/product\/x16mm-reinforced-type-26-5-25-quarry-chains-620kg-660kg\/\",\"name\":\"\u00d716mm Reinforced Type 26.5-25 Quarry Chains 620kg-660kg - twchains\",\"isPartOf\":{\"@id\":\"https:\/\/twchains.com\/#website\"},\"primaryImageOfPage\":{\"@id\":\"https:\/\/twchains.com\/product\/x16mm-reinforced-type-26-5-25-quarry-chains-620kg-660kg\/#primaryimage\"},\"image\":{\"@id\":\"https:\/\/twchains.com\/product\/x16mm-reinforced-type-26-5-25-quarry-chains-620kg-660kg\/#primaryimage\"},\"thumbnailUrl\":\"https:\/\/twchains.com\/wp-content\/uploads\/2025\/04\/whatsapp8615102205695.jpg\",\"datePublished\":\"2025-04-22T05:36:12+00:00\",\"dateModified\":\"2025-04-22T08:16:53+00:00\",\"breadcrumb\":{\"@id\":\"https:\/\/twchains.com\/product\/x16mm-reinforced-type-26-5-25-quarry-chains-620kg-660kg\/#breadcrumb\"},\"inLanguage\":\"fr-FR\",\"potentialAction\":[{\"@type\":\"ReadAction\",\"target\":[\"https:\/\/twchains.com\/product\/x16mm-reinforced-type-26-5-25-quarry-chains-620kg-660kg\/\"]}]},{\"@type\":\"ImageObject\",\"inLanguage\":\"fr-FR\",\"@id\":\"https:\/\/twchains.com\/product\/x16mm-reinforced-type-26-5-25-quarry-chains-620kg-660kg\/#primaryimage\",\"url\":\"https:\/\/twchains.com\/wp-content\/uploads\/2025\/04\/whatsapp8615102205695.jpg\",\"contentUrl\":\"https:\/\/twchains.com\/wp-content\/uploads\/2025\/04\/whatsapp8615102205695.jpg\",\"width\":750,\"height\":1000},{\"@type\":\"BreadcrumbList\",\"@id\":\"https:\/\/twchains.com\/product\/x16mm-reinforced-type-26-5-25-quarry-chains-620kg-660kg\/#breadcrumb\",\"itemListElement\":[{\"@type\":\"ListItem\",\"position\":1,\"name\":\"Home\",\"item\":\"https:\/\/twchains.com\/\"},{\"@type\":\"ListItem\",\"position\":2,\"name\":\"Products\",\"item\":\"https:\/\/twchains.com\/products\/\"},{\"@type\":\"ListItem\",\"position\":3,\"name\":\"\u00d716mm Reinforced Type 26.5-25 Quarry Chains 620kg-660kg\"}]},{\"@type\":\"WebSite\",\"@id\":\"https:\/\/twchains.com\/#website\",\"url\":\"https:\/\/twchains.com\/\",\"name\":\"twchains\",\"description\":\"\",\"publisher\":{\"@id\":\"https:\/\/twchains.com\/#organization\"},\"potentialAction\":[{\"@type\":\"SearchAction\",\"target\":{\"@type\":\"EntryPoint\",\"urlTemplate\":\"https:\/\/twchains.com\/?s={search_term_string}\"},\"query-input\":{\"@type\":\"PropertyValueSpecification\",\"valueRequired\":true,\"valueName\":\"search_term_string\"}}],\"inLanguage\":\"fr-FR\"},{\"@type\":\"Organization\",\"@id\":\"https:\/\/twchains.com\/#organization\",\"name\":\"twchains\",\"url\":\"https:\/\/twchains.com\/\",\"logo\":{\"@type\":\"ImageObject\",\"inLanguage\":\"fr-FR\",\"@id\":\"https:\/\/twchains.com\/#\/schema\/logo\/image\/\",\"url\":\"https:\/\/twchains.com\/wp-content\/uploads\/2025\/04\/tongwei-logo-100.svg\",\"contentUrl\":\"https:\/\/twchains.com\/wp-content\/uploads\/2025\/04\/tongwei-logo-100.svg\",\"width\":128,\"height\":100,\"caption\":\"twchains\"},\"image\":{\"@id\":\"https:\/\/twchains.com\/#\/schema\/logo\/image\/\"}}]}<\/script>\n<!-- \/ Yoast SEO plugin. -->","yoast_head_json":{"title":"\u00d716mm Reinforced Type 26.5-25 Quarry Chains 620kg-660kg - twchains","robots":{"index":"index","follow":"follow","max-snippet":"max-snippet:-1","max-image-preview":"max-image-preview:large","max-video-preview":"max-video-preview:-1"},"canonical":"https:\/\/twchains.com\/fr\/produit\/x16mm-reinforced-type-26-5-25-quarry-chains-620kg-660kg\/","og_locale":"fr_FR","og_type":"article","og_title":"\u00d716mm Reinforced Type 26.5-25 Quarry Chains 620kg-660kg - twchains","og_description":"Main Component Dimension(W x H x L): 40x53x85mm.  Weight of 1 Main Component:0.61kg\uff0835% Heavier Than the Universal of 16mm)","og_url":"https:\/\/twchains.com\/fr\/produit\/x16mm-reinforced-type-26-5-25-quarry-chains-620kg-660kg\/","og_site_name":"twchains","article_modified_time":"2025-04-22T08:16:53+00:00","og_image":[{"width":750,"height":1000,"url":"https:\/\/twchains.com\/wp-content\/uploads\/2025\/04\/whatsapp8615102205695.jpg","type":"image\/jpeg"}],"twitter_card":"summary_large_image","twitter_misc":{"Dur\u00e9e de lecture estim\u00e9e":"1 minute"},"schema":{"@context":"https:\/\/schema.org","@graph":[{"@type":"WebPage","@id":"https:\/\/twchains.com\/product\/x16mm-reinforced-type-26-5-25-quarry-chains-620kg-660kg\/","url":"https:\/\/twchains.com\/product\/x16mm-reinforced-type-26-5-25-quarry-chains-620kg-660kg\/","name":"\u00d716mm Reinforced Type 26.5-25 Quarry Chains 620kg-660kg - twchains","isPartOf":{"@id":"https:\/\/twchains.com\/#website"},"primaryImageOfPage":{"@id":"https:\/\/twchains.com\/product\/x16mm-reinforced-type-26-5-25-quarry-chains-620kg-660kg\/#primaryimage"},"image":{"@id":"https:\/\/twchains.com\/product\/x16mm-reinforced-type-26-5-25-quarry-chains-620kg-660kg\/#primaryimage"},"thumbnailUrl":"https:\/\/twchains.com\/wp-content\/uploads\/2025\/04\/whatsapp8615102205695.jpg","datePublished":"2025-04-22T05:36:12+00:00","dateModified":"2025-04-22T08:16:53+00:00","breadcrumb":{"@id":"https:\/\/twchains.com\/product\/x16mm-reinforced-type-26-5-25-quarry-chains-620kg-660kg\/#breadcrumb"},"inLanguage":"fr-FR","potentialAction":[{"@type":"ReadAction","target":["https:\/\/twchains.com\/product\/x16mm-reinforced-type-26-5-25-quarry-chains-620kg-660kg\/"]}]},{"@type":"ImageObject","inLanguage":"fr-FR","@id":"https:\/\/twchains.com\/product\/x16mm-reinforced-type-26-5-25-quarry-chains-620kg-660kg\/#primaryimage","url":"https:\/\/twchains.com\/wp-content\/uploads\/2025\/04\/whatsapp8615102205695.jpg","contentUrl":"https:\/\/twchains.com\/wp-content\/uploads\/2025\/04\/whatsapp8615102205695.jpg","width":750,"height":1000},{"@type":"BreadcrumbList","@id":"https:\/\/twchains.com\/product\/x16mm-reinforced-type-26-5-25-quarry-chains-620kg-660kg\/#breadcrumb","itemListElement":[{"@type":"ListItem","position":1,"name":"Home","item":"https:\/\/twchains.com\/"},{"@type":"ListItem","position":2,"name":"Products","item":"https:\/\/twchains.com\/products\/"},{"@type":"ListItem","position":3,"name":"\u00d716mm Reinforced Type 26.5-25 Quarry Chains 620kg-660kg"}]},{"@type":"WebSite","@id":"https:\/\/twchains.com\/#website","url":"https:\/\/twchains.com\/","name":"twchains","description":"","publisher":{"@id":"https:\/\/twchains.com\/#organization"},"potentialAction":[{"@type":"SearchAction","target":{"@type":"EntryPoint","urlTemplate":"https:\/\/twchains.com\/?s={search_term_string}"},"query-input":{"@type":"PropertyValueSpecification","valueRequired":true,"valueName":"search_term_string"}}],"inLanguage":"fr-FR"},{"@type":"Organization","@id":"https:\/\/twchains.com\/#organization","name":"twchains","url":"https:\/\/twchains.com\/","logo":{"@type":"ImageObject","inLanguage":"fr-FR","@id":"https:\/\/twchains.com\/#\/schema\/logo\/image\/","url":"https:\/\/twchains.com\/wp-content\/uploads\/2025\/04\/tongwei-logo-100.svg","contentUrl":"https:\/\/twchains.com\/wp-content\/uploads\/2025\/04\/tongwei-logo-100.svg","width":128,"height":100,"caption":"twchains"},"image":{"@id":"https:\/\/twchains.com\/#\/schema\/logo\/image\/"}}]}},"_links":{"self":[{"href":"https:\/\/twchains.com\/fr\/wp-json\/wp\/v2\/product\/576","targetHints":{"allow":["GET"]}}],"collection":[{"href":"https:\/\/twchains.com\/fr\/wp-json\/wp\/v2\/product"}],"about":[{"href":"https:\/\/twchains.com\/fr\/wp-json\/wp\/v2\/types\/product"}],"wp:featuredmedia":[{"embeddable":true,"href":"https:\/\/twchains.com\/fr\/wp-json\/wp\/v2\/media\/577"}],"wp:attachment":[{"href":"https:\/\/twchains.com\/fr\/wp-json\/wp\/v2\/media?parent=576"}],"wp:term":[{"taxonomy":"product_brand","embeddable":true,"href":"https:\/\/twchains.com\/fr\/wp-json\/wp\/v2\/product_brand?post=576"},{"taxonomy":"product_cat","embeddable":true,"href":"https:\/\/twchains.com\/fr\/wp-json\/wp\/v2\/product_cat?post=576"},{"taxonomy":"product_tag","embeddable":true,"href":"https:\/\/twchains.com\/fr\/wp-json\/wp\/v2\/product_tag?post=576"}],"curies":[{"name":"wp","href":"https:\/\/api.w.org\/{rel}","templated":true}]}}