{"id":578,"date":"2025-04-22T05:54:15","date_gmt":"2025-04-22T05:54:15","guid":{"rendered":"https:\/\/twchains.com\/?post_type=product&#038;p=578"},"modified":"2025-04-22T08:15:21","modified_gmt":"2025-04-22T08:15:21","slug":"x18mm-encryption-type-26-5-25-hot-slag-tyre-chains-680kg-710kg","status":"publish","type":"product","link":"https:\/\/twchains.com\/fr\/produit\/x18mm-encryption-type-26-5-25-hot-slag-tyre-chains-680kg-710kg\/","title":{"rendered":"\u00d718mm Type de cryptage 26.5-25 Cha\u00eenes pour pneus \u00e0 scories chaudes 680kg-710kg"},"content":{"rendered":"<p>Apr\u00e8s des ann\u00e9es de tests sur le march\u00e9, le mod\u00e8le de bloc crypt\u00e9 \u00e0 18 anneaux pr\u00e9sente d'excellentes performances de protection dans des environnements de travail extr\u00eamement difficiles, tels que les laitiers d'acier chauds et les aci\u00e9ries. La structure \u00e0 blocs crypt\u00e9s - 18 anneaux \u00e9troitement dispos\u00e9s + maillons de cha\u00eene \u00e0 blocs \u00e9paissis - augmente la r\u00e9sistance aux chocs de 50%, emp\u00eachant efficacement les perforations de laitier d'acier ; des canaux de circulation d'air r\u00e9serv\u00e9s entre les maillons de la cha\u00eene pour un refroidissement rapide, \u00e9vitant la fatigue du m\u00e9tal caus\u00e9e par l'accumulation de la chaleur. Dans les environnements extr\u00eames, la dur\u00e9e de vie est quatre fois sup\u00e9rieure \u00e0 celle des cha\u00eenes ordinaires, et le co\u00fbt d'une op\u00e9ration unique est r\u00e9duit de 70%.<\/p>\n<p>#tyrechains#mining#quarry#hotslag#tyreprotectionchain#loaderprotectionchains#loaderchains<\/p>","protected":false},"excerpt":{"rendered":"<ul>\n<li>Dimension du composant principal (L x H x L) : 70x61x96mm.<\/li>\n<li>Poids d'un composant principal : 1 kg (surface r\u00e9sistante \u00e0 l'usure de 28 mm)<\/li>\n<\/ul>","protected":false},"featured_media":559,"template":"","meta":{"inline_featured_image":false,"_kad_post_transparent":"default","_kad_post_title":"","_kad_post_layout":"default","_kad_post_sidebar_id":"","_kad_post_content_style":"default","_kad_post_vertical_padding":"default","_kad_post_feature":"","_kad_post_feature_position":"","_kad_post_header":false,"_kad_post_footer":false},"product_brand":[],"product_cat":[15,27],"product_tag":[],"class_list":{"0":"post-578","1":"product","2":"type-product","3":"status-publish","4":"has-post-thumbnail","6":"product_cat-tyre-protection-chain","7":"product_cat-encryption","9":"first","10":"instock","11":"shipping-taxable","12":"product-type-simple","13":"entry","14":"content-bg","15":"loop-entry"},"yoast_head":"<!-- This site is optimized with the Yoast SEO plugin v25.4 - https:\/\/yoast.com\/wordpress\/plugins\/seo\/ -->\n<title>\u00d718mm Encryption Type 26.5-25 Hot Slag Tyre Chains 680kg-710kg - twchains<\/title>\n<meta name=\"robots\" content=\"index, follow, max-snippet:-1, max-image-preview:large, max-video-preview:-1\" \/>\n<link rel=\"canonical\" href=\"https:\/\/twchains.com\/fr\/produit\/x18mm-encryption-type-26-5-25-hot-slag-tyre-chains-680kg-710kg\/\" \/>\n<meta property=\"og:locale\" content=\"fr_FR\" \/>\n<meta property=\"og:type\" content=\"article\" \/>\n<meta property=\"og:title\" content=\"\u00d718mm Encryption Type 26.5-25 Hot Slag Tyre Chains 680kg-710kg - twchains\" \/>\n<meta property=\"og:description\" content=\"Main Component Dimension(W x H x L): 70x61x96mm.  Weight of 1 Main Component:1kg (Wear-Resistant Surface 28mm)\" \/>\n<meta property=\"og:url\" content=\"https:\/\/twchains.com\/fr\/produit\/x18mm-encryption-type-26-5-25-hot-slag-tyre-chains-680kg-710kg\/\" \/>\n<meta property=\"og:site_name\" content=\"twchains\" \/>\n<meta property=\"article:modified_time\" content=\"2025-04-22T08:15:21+00:00\" \/>\n<meta property=\"og:image\" content=\"https:\/\/twchains.com\/wp-content\/uploads\/2025\/04\/18mm-E.png\" \/>\n\t<meta property=\"og:image:width\" content=\"800\" \/>\n\t<meta property=\"og:image:height\" content=\"1200\" \/>\n\t<meta property=\"og:image:type\" content=\"image\/png\" \/>\n<meta name=\"twitter:card\" content=\"summary_large_image\" \/>\n<meta name=\"twitter:label1\" content=\"Dur\u00e9e de lecture estim\u00e9e\" \/>\n\t<meta name=\"twitter:data1\" content=\"1 minute\" \/>\n<script type=\"application\/ld+json\" class=\"yoast-schema-graph\">{\"@context\":\"https:\/\/schema.org\",\"@graph\":[{\"@type\":\"WebPage\",\"@id\":\"https:\/\/twchains.com\/product\/x18mm-encryption-type-26-5-25-hot-slag-tyre-chains-680kg-710kg\/\",\"url\":\"https:\/\/twchains.com\/product\/x18mm-encryption-type-26-5-25-hot-slag-tyre-chains-680kg-710kg\/\",\"name\":\"\u00d718mm Encryption Type 26.5-25 Hot Slag Tyre Chains 680kg-710kg - twchains\",\"isPartOf\":{\"@id\":\"https:\/\/twchains.com\/#website\"},\"primaryImageOfPage\":{\"@id\":\"https:\/\/twchains.com\/product\/x18mm-encryption-type-26-5-25-hot-slag-tyre-chains-680kg-710kg\/#primaryimage\"},\"image\":{\"@id\":\"https:\/\/twchains.com\/product\/x18mm-encryption-type-26-5-25-hot-slag-tyre-chains-680kg-710kg\/#primaryimage\"},\"thumbnailUrl\":\"https:\/\/twchains.com\/wp-content\/uploads\/2025\/04\/18mm-E.png\",\"datePublished\":\"2025-04-22T05:54:15+00:00\",\"dateModified\":\"2025-04-22T08:15:21+00:00\",\"breadcrumb\":{\"@id\":\"https:\/\/twchains.com\/product\/x18mm-encryption-type-26-5-25-hot-slag-tyre-chains-680kg-710kg\/#breadcrumb\"},\"inLanguage\":\"fr-FR\",\"potentialAction\":[{\"@type\":\"ReadAction\",\"target\":[\"https:\/\/twchains.com\/product\/x18mm-encryption-type-26-5-25-hot-slag-tyre-chains-680kg-710kg\/\"]}]},{\"@type\":\"ImageObject\",\"inLanguage\":\"fr-FR\",\"@id\":\"https:\/\/twchains.com\/product\/x18mm-encryption-type-26-5-25-hot-slag-tyre-chains-680kg-710kg\/#primaryimage\",\"url\":\"https:\/\/twchains.com\/wp-content\/uploads\/2025\/04\/18mm-E.png\",\"contentUrl\":\"https:\/\/twchains.com\/wp-content\/uploads\/2025\/04\/18mm-E.png\",\"width\":800,\"height\":1200},{\"@type\":\"BreadcrumbList\",\"@id\":\"https:\/\/twchains.com\/product\/x18mm-encryption-type-26-5-25-hot-slag-tyre-chains-680kg-710kg\/#breadcrumb\",\"itemListElement\":[{\"@type\":\"ListItem\",\"position\":1,\"name\":\"Home\",\"item\":\"https:\/\/twchains.com\/\"},{\"@type\":\"ListItem\",\"position\":2,\"name\":\"Products\",\"item\":\"https:\/\/twchains.com\/products\/\"},{\"@type\":\"ListItem\",\"position\":3,\"name\":\"\u00d718mm Encryption Type 26.5-25 Hot Slag Tyre Chains 680kg-710kg\"}]},{\"@type\":\"WebSite\",\"@id\":\"https:\/\/twchains.com\/#website\",\"url\":\"https:\/\/twchains.com\/\",\"name\":\"twchains\",\"description\":\"\",\"publisher\":{\"@id\":\"https:\/\/twchains.com\/#organization\"},\"potentialAction\":[{\"@type\":\"SearchAction\",\"target\":{\"@type\":\"EntryPoint\",\"urlTemplate\":\"https:\/\/twchains.com\/?s={search_term_string}\"},\"query-input\":{\"@type\":\"PropertyValueSpecification\",\"valueRequired\":true,\"valueName\":\"search_term_string\"}}],\"inLanguage\":\"fr-FR\"},{\"@type\":\"Organization\",\"@id\":\"https:\/\/twchains.com\/#organization\",\"name\":\"twchains\",\"url\":\"https:\/\/twchains.com\/\",\"logo\":{\"@type\":\"ImageObject\",\"inLanguage\":\"fr-FR\",\"@id\":\"https:\/\/twchains.com\/#\/schema\/logo\/image\/\",\"url\":\"https:\/\/twchains.com\/wp-content\/uploads\/2025\/04\/tongwei-logo-100.svg\",\"contentUrl\":\"https:\/\/twchains.com\/wp-content\/uploads\/2025\/04\/tongwei-logo-100.svg\",\"width\":128,\"height\":100,\"caption\":\"twchains\"},\"image\":{\"@id\":\"https:\/\/twchains.com\/#\/schema\/logo\/image\/\"}}]}<\/script>\n<!-- \/ Yoast SEO plugin. -->","yoast_head_json":{"title":"\u00d718mm Encryption Type 26.5-25 Hot Slag Tyre Chains 680kg-710kg - twchains","robots":{"index":"index","follow":"follow","max-snippet":"max-snippet:-1","max-image-preview":"max-image-preview:large","max-video-preview":"max-video-preview:-1"},"canonical":"https:\/\/twchains.com\/fr\/produit\/x18mm-encryption-type-26-5-25-hot-slag-tyre-chains-680kg-710kg\/","og_locale":"fr_FR","og_type":"article","og_title":"\u00d718mm Encryption Type 26.5-25 Hot Slag Tyre Chains 680kg-710kg - twchains","og_description":"Main Component Dimension(W x H x L): 70x61x96mm.  Weight of 1 Main Component:1kg (Wear-Resistant Surface 28mm)","og_url":"https:\/\/twchains.com\/fr\/produit\/x18mm-encryption-type-26-5-25-hot-slag-tyre-chains-680kg-710kg\/","og_site_name":"twchains","article_modified_time":"2025-04-22T08:15:21+00:00","og_image":[{"width":800,"height":1200,"url":"https:\/\/twchains.com\/wp-content\/uploads\/2025\/04\/18mm-E.png","type":"image\/png"}],"twitter_card":"summary_large_image","twitter_misc":{"Dur\u00e9e de lecture estim\u00e9e":"1 minute"},"schema":{"@context":"https:\/\/schema.org","@graph":[{"@type":"WebPage","@id":"https:\/\/twchains.com\/product\/x18mm-encryption-type-26-5-25-hot-slag-tyre-chains-680kg-710kg\/","url":"https:\/\/twchains.com\/product\/x18mm-encryption-type-26-5-25-hot-slag-tyre-chains-680kg-710kg\/","name":"\u00d718mm Encryption Type 26.5-25 Hot Slag Tyre Chains 680kg-710kg - twchains","isPartOf":{"@id":"https:\/\/twchains.com\/#website"},"primaryImageOfPage":{"@id":"https:\/\/twchains.com\/product\/x18mm-encryption-type-26-5-25-hot-slag-tyre-chains-680kg-710kg\/#primaryimage"},"image":{"@id":"https:\/\/twchains.com\/product\/x18mm-encryption-type-26-5-25-hot-slag-tyre-chains-680kg-710kg\/#primaryimage"},"thumbnailUrl":"https:\/\/twchains.com\/wp-content\/uploads\/2025\/04\/18mm-E.png","datePublished":"2025-04-22T05:54:15+00:00","dateModified":"2025-04-22T08:15:21+00:00","breadcrumb":{"@id":"https:\/\/twchains.com\/product\/x18mm-encryption-type-26-5-25-hot-slag-tyre-chains-680kg-710kg\/#breadcrumb"},"inLanguage":"fr-FR","potentialAction":[{"@type":"ReadAction","target":["https:\/\/twchains.com\/product\/x18mm-encryption-type-26-5-25-hot-slag-tyre-chains-680kg-710kg\/"]}]},{"@type":"ImageObject","inLanguage":"fr-FR","@id":"https:\/\/twchains.com\/product\/x18mm-encryption-type-26-5-25-hot-slag-tyre-chains-680kg-710kg\/#primaryimage","url":"https:\/\/twchains.com\/wp-content\/uploads\/2025\/04\/18mm-E.png","contentUrl":"https:\/\/twchains.com\/wp-content\/uploads\/2025\/04\/18mm-E.png","width":800,"height":1200},{"@type":"BreadcrumbList","@id":"https:\/\/twchains.com\/product\/x18mm-encryption-type-26-5-25-hot-slag-tyre-chains-680kg-710kg\/#breadcrumb","itemListElement":[{"@type":"ListItem","position":1,"name":"Home","item":"https:\/\/twchains.com\/"},{"@type":"ListItem","position":2,"name":"Products","item":"https:\/\/twchains.com\/products\/"},{"@type":"ListItem","position":3,"name":"\u00d718mm Encryption Type 26.5-25 Hot Slag Tyre Chains 680kg-710kg"}]},{"@type":"WebSite","@id":"https:\/\/twchains.com\/#website","url":"https:\/\/twchains.com\/","name":"twchains","description":"","publisher":{"@id":"https:\/\/twchains.com\/#organization"},"potentialAction":[{"@type":"SearchAction","target":{"@type":"EntryPoint","urlTemplate":"https:\/\/twchains.com\/?s={search_term_string}"},"query-input":{"@type":"PropertyValueSpecification","valueRequired":true,"valueName":"search_term_string"}}],"inLanguage":"fr-FR"},{"@type":"Organization","@id":"https:\/\/twchains.com\/#organization","name":"twchains","url":"https:\/\/twchains.com\/","logo":{"@type":"ImageObject","inLanguage":"fr-FR","@id":"https:\/\/twchains.com\/#\/schema\/logo\/image\/","url":"https:\/\/twchains.com\/wp-content\/uploads\/2025\/04\/tongwei-logo-100.svg","contentUrl":"https:\/\/twchains.com\/wp-content\/uploads\/2025\/04\/tongwei-logo-100.svg","width":128,"height":100,"caption":"twchains"},"image":{"@id":"https:\/\/twchains.com\/#\/schema\/logo\/image\/"}}]}},"_links":{"self":[{"href":"https:\/\/twchains.com\/fr\/wp-json\/wp\/v2\/product\/578","targetHints":{"allow":["GET"]}}],"collection":[{"href":"https:\/\/twchains.com\/fr\/wp-json\/wp\/v2\/product"}],"about":[{"href":"https:\/\/twchains.com\/fr\/wp-json\/wp\/v2\/types\/product"}],"wp:featuredmedia":[{"embeddable":true,"href":"https:\/\/twchains.com\/fr\/wp-json\/wp\/v2\/media\/559"}],"wp:attachment":[{"href":"https:\/\/twchains.com\/fr\/wp-json\/wp\/v2\/media?parent=578"}],"wp:term":[{"taxonomy":"product_brand","embeddable":true,"href":"https:\/\/twchains.com\/fr\/wp-json\/wp\/v2\/product_brand?post=578"},{"taxonomy":"product_cat","embeddable":true,"href":"https:\/\/twchains.com\/fr\/wp-json\/wp\/v2\/product_cat?post=578"},{"taxonomy":"product_tag","embeddable":true,"href":"https:\/\/twchains.com\/fr\/wp-json\/wp\/v2\/product_tag?post=578"}],"curies":[{"name":"wp","href":"https:\/\/api.w.org\/{rel}","templated":true}]}}