{"id":591,"date":"2025-04-24T07:34:21","date_gmt":"2025-04-24T07:34:21","guid":{"rendered":"https:\/\/twchains.com\/?post_type=product&#038;p=591"},"modified":"2025-04-24T08:26:34","modified_gmt":"2025-04-24T08:26:34","slug":"x18mm-29-5r25-26-5r25-repair-link-of-tyre-protection-chain","status":"publish","type":"product","link":"https:\/\/twchains.com\/fr\/produit\/x18mm-29-5r25-26-5r25-repair-link-of-tyre-protection-chain\/","title":{"rendered":"\u00d718mm Plus 29.5r25 26.5r25 Maillon de r\u00e9paration de la cha\u00eene de protection des pneus"},"content":{"rendered":"<p>La boucle de cha\u00eene est l'accessoire le plus couramment utilis\u00e9 pour l'entretien des cha\u00eenes de protection des pneus dans les mines. Elle est fabriqu\u00e9e en acier alli\u00e9 \u00e0 haute r\u00e9sistance et pr\u00e9sente les caract\u00e9ristiques suivantes :<\/p>\n<ul>\n<li>Conception structurelle : g\u00e9n\u00e9ralement compos\u00e9e de maillons de cha\u00eene en forme de U et de goupilles d\u00e9tachables, l'une des extr\u00e9mit\u00e9s de la goupille pr\u00e9sentant un trou fixe qui peut \u00eatre fix\u00e9 par une goupille fendue ou une goupille \u00e9lastique.<\/li>\n<li>Fonction : Utilis\u00e9 pour relier les deux extr\u00e9mit\u00e9s d'une cha\u00eene cass\u00e9e ou pour remplacer les maillons endommag\u00e9s, afin de maintenir l'int\u00e9grit\u00e9 de la cha\u00eene.<\/li>\n<li>M\u00e9thode d'installation : Ins\u00e9rer la boucle en forme de U dans les deux maillons de la cha\u00eene qui doivent \u00eatre reli\u00e9s, ins\u00e9rer la goupille et la verrouiller \u00e0 l'aide d'une goupille de fixation.<\/li>\n<li>Avantages et caract\u00e9ristiques : Installation facile, pas besoin d'outils sp\u00e9ciaux, forte capacit\u00e9 de charge, capable de r\u00e9sister \u00e0 l'\u00e9norme force de traction pendant le fonctionnement du chargeur.<\/li>\n<li>Sc\u00e9nario d'application : Convient pour l'entretien lorsque la partie centrale de la cha\u00eene se brise ou lorsque des maillons suppl\u00e9mentaires sont n\u00e9cessaires.<\/li>\n<\/ul>\n<p>1TP5Cha\u00eene de traction#cha\u00eene de neige#otrtire#open-pitmine#snowice#loaderparts#repairlink#tyreprotectionchain#tirechains#reinforced<\/p>\n<p>&nbsp;<\/p>","protected":false},"excerpt":{"rendered":"<ul>\n<li>Boucle de cha\u00eene \u00e0 \u00e9pingles<\/li>\n<li>Pratique et rapide ;<\/li>\n<li>Capacit\u00e9 de charge \u00e0 haute r\u00e9sistance ;<\/li>\n<li>R\u00e9sistance \u00e0 l'usure ;<\/li>\n<li>Fiable ;<\/li>\n<li>Traitement thermique<\/li>\n<li>Serrures Easy C<\/li>\n<li>Gamme de produits : 12mm, 13mm, 14mm, 16mm, 18mm, 20mm, 22mm Sp\u00e9cification Cha\u00eene de protection des pneus<\/li>\n<\/ul>","protected":false},"featured_media":592,"template":"","meta":{"inline_featured_image":false,"_kad_post_transparent":"default","_kad_post_title":"","_kad_post_layout":"default","_kad_post_sidebar_id":"","_kad_post_content_style":"default","_kad_post_vertical_padding":"default","_kad_post_feature":"","_kad_post_feature_position":"","_kad_post_header":false,"_kad_post_footer":false},"product_brand":[],"product_cat":[23],"product_tag":[],"class_list":{"0":"post-591","1":"product","2":"type-product","3":"status-publish","4":"has-post-thumbnail","6":"product_cat-accessories","8":"first","9":"instock","10":"shipping-taxable","11":"product-type-simple","12":"entry","13":"content-bg","14":"loop-entry"},"yoast_head":"<!-- This site is optimized with the Yoast SEO plugin v25.4 - https:\/\/yoast.com\/wordpress\/plugins\/seo\/ -->\n<title>\u00d718mm Plus 29.5r25 26.5r25 Repair Link of Tyre Protection Chain - twchains<\/title>\n<meta name=\"robots\" content=\"index, follow, max-snippet:-1, max-image-preview:large, max-video-preview:-1\" \/>\n<link rel=\"canonical\" href=\"https:\/\/twchains.com\/fr\/produit\/x18mm-29-5r25-26-5r25-repair-link-of-tyre-protection-chain\/\" \/>\n<meta property=\"og:locale\" content=\"fr_FR\" \/>\n<meta property=\"og:type\" content=\"article\" \/>\n<meta property=\"og:title\" content=\"\u00d718mm Plus 29.5r25 26.5r25 Repair Link of Tyre Protection Chain - twchains\" \/>\n<meta property=\"og:description\" content=\"Pin Chain Buckle\uff1b  Convenient and Fast;  High Strength Load-Bearing Capacity;  Wear-Resisting;  Reliable;  Heat Treatment  Easy C Locks  Suitable Range:12mm, 13mm, 14mm, 16mm, 18mm, 20mm, 22mm Specification Tyre Protection Chain\" \/>\n<meta property=\"og:url\" content=\"https:\/\/twchains.com\/fr\/produit\/x18mm-29-5r25-26-5r25-repair-link-of-tyre-protection-chain\/\" \/>\n<meta property=\"og:site_name\" content=\"twchains\" \/>\n<meta property=\"article:modified_time\" content=\"2025-04-24T08:26:34+00:00\" \/>\n<meta property=\"og:image\" content=\"https:\/\/twchains.com\/wp-content\/uploads\/2025\/04\/repair-parts-for-tire-chains.jpg\" \/>\n\t<meta property=\"og:image:width\" content=\"768\" \/>\n\t<meta property=\"og:image:height\" content=\"1024\" \/>\n\t<meta property=\"og:image:type\" content=\"image\/jpeg\" \/>\n<meta name=\"twitter:card\" content=\"summary_large_image\" \/>\n<meta name=\"twitter:label1\" content=\"Dur\u00e9e de lecture estim\u00e9e\" \/>\n\t<meta name=\"twitter:data1\" content=\"1 minute\" \/>\n<script type=\"application\/ld+json\" class=\"yoast-schema-graph\">{\"@context\":\"https:\/\/schema.org\",\"@graph\":[{\"@type\":\"WebPage\",\"@id\":\"https:\/\/twchains.com\/product\/x18mm-29-5r25-26-5r25-repair-link-of-tyre-protection-chain\/\",\"url\":\"https:\/\/twchains.com\/product\/x18mm-29-5r25-26-5r25-repair-link-of-tyre-protection-chain\/\",\"name\":\"\u00d718mm Plus 29.5r25 26.5r25 Repair Link of Tyre Protection Chain - twchains\",\"isPartOf\":{\"@id\":\"https:\/\/twchains.com\/#website\"},\"primaryImageOfPage\":{\"@id\":\"https:\/\/twchains.com\/product\/x18mm-29-5r25-26-5r25-repair-link-of-tyre-protection-chain\/#primaryimage\"},\"image\":{\"@id\":\"https:\/\/twchains.com\/product\/x18mm-29-5r25-26-5r25-repair-link-of-tyre-protection-chain\/#primaryimage\"},\"thumbnailUrl\":\"https:\/\/twchains.com\/wp-content\/uploads\/2025\/04\/repair-parts-for-tire-chains.jpg\",\"datePublished\":\"2025-04-24T07:34:21+00:00\",\"dateModified\":\"2025-04-24T08:26:34+00:00\",\"breadcrumb\":{\"@id\":\"https:\/\/twchains.com\/product\/x18mm-29-5r25-26-5r25-repair-link-of-tyre-protection-chain\/#breadcrumb\"},\"inLanguage\":\"fr-FR\",\"potentialAction\":[{\"@type\":\"ReadAction\",\"target\":[\"https:\/\/twchains.com\/product\/x18mm-29-5r25-26-5r25-repair-link-of-tyre-protection-chain\/\"]}]},{\"@type\":\"ImageObject\",\"inLanguage\":\"fr-FR\",\"@id\":\"https:\/\/twchains.com\/product\/x18mm-29-5r25-26-5r25-repair-link-of-tyre-protection-chain\/#primaryimage\",\"url\":\"https:\/\/twchains.com\/wp-content\/uploads\/2025\/04\/repair-parts-for-tire-chains.jpg\",\"contentUrl\":\"https:\/\/twchains.com\/wp-content\/uploads\/2025\/04\/repair-parts-for-tire-chains.jpg\",\"width\":768,\"height\":1024},{\"@type\":\"BreadcrumbList\",\"@id\":\"https:\/\/twchains.com\/product\/x18mm-29-5r25-26-5r25-repair-link-of-tyre-protection-chain\/#breadcrumb\",\"itemListElement\":[{\"@type\":\"ListItem\",\"position\":1,\"name\":\"Home\",\"item\":\"https:\/\/twchains.com\/\"},{\"@type\":\"ListItem\",\"position\":2,\"name\":\"Products\",\"item\":\"https:\/\/twchains.com\/products\/\"},{\"@type\":\"ListItem\",\"position\":3,\"name\":\"\u00d718mm Plus 29.5r25 26.5r25 Repair Link of Tyre Protection Chain\"}]},{\"@type\":\"WebSite\",\"@id\":\"https:\/\/twchains.com\/#website\",\"url\":\"https:\/\/twchains.com\/\",\"name\":\"twchains\",\"description\":\"\",\"publisher\":{\"@id\":\"https:\/\/twchains.com\/#organization\"},\"potentialAction\":[{\"@type\":\"SearchAction\",\"target\":{\"@type\":\"EntryPoint\",\"urlTemplate\":\"https:\/\/twchains.com\/?s={search_term_string}\"},\"query-input\":{\"@type\":\"PropertyValueSpecification\",\"valueRequired\":true,\"valueName\":\"search_term_string\"}}],\"inLanguage\":\"fr-FR\"},{\"@type\":\"Organization\",\"@id\":\"https:\/\/twchains.com\/#organization\",\"name\":\"twchains\",\"url\":\"https:\/\/twchains.com\/\",\"logo\":{\"@type\":\"ImageObject\",\"inLanguage\":\"fr-FR\",\"@id\":\"https:\/\/twchains.com\/#\/schema\/logo\/image\/\",\"url\":\"https:\/\/twchains.com\/wp-content\/uploads\/2025\/04\/tongwei-logo-100.svg\",\"contentUrl\":\"https:\/\/twchains.com\/wp-content\/uploads\/2025\/04\/tongwei-logo-100.svg\",\"width\":128,\"height\":100,\"caption\":\"twchains\"},\"image\":{\"@id\":\"https:\/\/twchains.com\/#\/schema\/logo\/image\/\"}}]}<\/script>\n<!-- \/ Yoast SEO plugin. -->","yoast_head_json":{"title":"\u00d718mm Plus 29.5r25 26.5r25 Repair Link of Tyre Protection Chain - twchains","robots":{"index":"index","follow":"follow","max-snippet":"max-snippet:-1","max-image-preview":"max-image-preview:large","max-video-preview":"max-video-preview:-1"},"canonical":"https:\/\/twchains.com\/fr\/produit\/x18mm-29-5r25-26-5r25-repair-link-of-tyre-protection-chain\/","og_locale":"fr_FR","og_type":"article","og_title":"\u00d718mm Plus 29.5r25 26.5r25 Repair Link of Tyre Protection Chain - twchains","og_description":"Pin Chain Buckle\uff1b  Convenient and Fast;  High Strength Load-Bearing Capacity;  Wear-Resisting;  Reliable;  Heat Treatment  Easy C Locks  Suitable Range:12mm, 13mm, 14mm, 16mm, 18mm, 20mm, 22mm Specification Tyre Protection Chain","og_url":"https:\/\/twchains.com\/fr\/produit\/x18mm-29-5r25-26-5r25-repair-link-of-tyre-protection-chain\/","og_site_name":"twchains","article_modified_time":"2025-04-24T08:26:34+00:00","og_image":[{"width":768,"height":1024,"url":"https:\/\/twchains.com\/wp-content\/uploads\/2025\/04\/repair-parts-for-tire-chains.jpg","type":"image\/jpeg"}],"twitter_card":"summary_large_image","twitter_misc":{"Dur\u00e9e de lecture estim\u00e9e":"1 minute"},"schema":{"@context":"https:\/\/schema.org","@graph":[{"@type":"WebPage","@id":"https:\/\/twchains.com\/product\/x18mm-29-5r25-26-5r25-repair-link-of-tyre-protection-chain\/","url":"https:\/\/twchains.com\/product\/x18mm-29-5r25-26-5r25-repair-link-of-tyre-protection-chain\/","name":"\u00d718mm Plus 29.5r25 26.5r25 Repair Link of Tyre Protection Chain - twchains","isPartOf":{"@id":"https:\/\/twchains.com\/#website"},"primaryImageOfPage":{"@id":"https:\/\/twchains.com\/product\/x18mm-29-5r25-26-5r25-repair-link-of-tyre-protection-chain\/#primaryimage"},"image":{"@id":"https:\/\/twchains.com\/product\/x18mm-29-5r25-26-5r25-repair-link-of-tyre-protection-chain\/#primaryimage"},"thumbnailUrl":"https:\/\/twchains.com\/wp-content\/uploads\/2025\/04\/repair-parts-for-tire-chains.jpg","datePublished":"2025-04-24T07:34:21+00:00","dateModified":"2025-04-24T08:26:34+00:00","breadcrumb":{"@id":"https:\/\/twchains.com\/product\/x18mm-29-5r25-26-5r25-repair-link-of-tyre-protection-chain\/#breadcrumb"},"inLanguage":"fr-FR","potentialAction":[{"@type":"ReadAction","target":["https:\/\/twchains.com\/product\/x18mm-29-5r25-26-5r25-repair-link-of-tyre-protection-chain\/"]}]},{"@type":"ImageObject","inLanguage":"fr-FR","@id":"https:\/\/twchains.com\/product\/x18mm-29-5r25-26-5r25-repair-link-of-tyre-protection-chain\/#primaryimage","url":"https:\/\/twchains.com\/wp-content\/uploads\/2025\/04\/repair-parts-for-tire-chains.jpg","contentUrl":"https:\/\/twchains.com\/wp-content\/uploads\/2025\/04\/repair-parts-for-tire-chains.jpg","width":768,"height":1024},{"@type":"BreadcrumbList","@id":"https:\/\/twchains.com\/product\/x18mm-29-5r25-26-5r25-repair-link-of-tyre-protection-chain\/#breadcrumb","itemListElement":[{"@type":"ListItem","position":1,"name":"Home","item":"https:\/\/twchains.com\/"},{"@type":"ListItem","position":2,"name":"Products","item":"https:\/\/twchains.com\/products\/"},{"@type":"ListItem","position":3,"name":"\u00d718mm Plus 29.5r25 26.5r25 Repair Link of Tyre Protection Chain"}]},{"@type":"WebSite","@id":"https:\/\/twchains.com\/#website","url":"https:\/\/twchains.com\/","name":"twchains","description":"","publisher":{"@id":"https:\/\/twchains.com\/#organization"},"potentialAction":[{"@type":"SearchAction","target":{"@type":"EntryPoint","urlTemplate":"https:\/\/twchains.com\/?s={search_term_string}"},"query-input":{"@type":"PropertyValueSpecification","valueRequired":true,"valueName":"search_term_string"}}],"inLanguage":"fr-FR"},{"@type":"Organization","@id":"https:\/\/twchains.com\/#organization","name":"twchains","url":"https:\/\/twchains.com\/","logo":{"@type":"ImageObject","inLanguage":"fr-FR","@id":"https:\/\/twchains.com\/#\/schema\/logo\/image\/","url":"https:\/\/twchains.com\/wp-content\/uploads\/2025\/04\/tongwei-logo-100.svg","contentUrl":"https:\/\/twchains.com\/wp-content\/uploads\/2025\/04\/tongwei-logo-100.svg","width":128,"height":100,"caption":"twchains"},"image":{"@id":"https:\/\/twchains.com\/#\/schema\/logo\/image\/"}}]}},"_links":{"self":[{"href":"https:\/\/twchains.com\/fr\/wp-json\/wp\/v2\/product\/591","targetHints":{"allow":["GET"]}}],"collection":[{"href":"https:\/\/twchains.com\/fr\/wp-json\/wp\/v2\/product"}],"about":[{"href":"https:\/\/twchains.com\/fr\/wp-json\/wp\/v2\/types\/product"}],"wp:featuredmedia":[{"embeddable":true,"href":"https:\/\/twchains.com\/fr\/wp-json\/wp\/v2\/media\/592"}],"wp:attachment":[{"href":"https:\/\/twchains.com\/fr\/wp-json\/wp\/v2\/media?parent=591"}],"wp:term":[{"taxonomy":"product_brand","embeddable":true,"href":"https:\/\/twchains.com\/fr\/wp-json\/wp\/v2\/product_brand?post=591"},{"taxonomy":"product_cat","embeddable":true,"href":"https:\/\/twchains.com\/fr\/wp-json\/wp\/v2\/product_cat?post=591"},{"taxonomy":"product_tag","embeddable":true,"href":"https:\/\/twchains.com\/fr\/wp-json\/wp\/v2\/product_tag?post=591"}],"curies":[{"name":"wp","href":"https:\/\/api.w.org\/{rel}","templated":true}]}}