{"id":603,"date":"2025-04-24T08:46:01","date_gmt":"2025-04-24T08:46:01","guid":{"rendered":"https:\/\/twchains.com\/?post_type=product&#038;p=603"},"modified":"2025-04-24T08:46:01","modified_gmt":"2025-04-24T08:46:01","slug":"16mm-protective-chain-accessories-for-cat-loader-29-5-25-1800-25","status":"publish","type":"product","link":"https:\/\/twchains.com\/fr\/produit\/16mm-protective-chain-accessories-for-cat-loader-29-5-25-1800-25\/","title":{"rendered":"Cha\u00eene de protection 16mm Accessoires pour CAT Loader 29.5-25 1800-25"},"content":{"rendered":"<p>L'anneau circulaire est l'\u00e9l\u00e9ment de liaison de base du syst\u00e8me de cha\u00eene de protection et joue un r\u00f4le important dans la maintenance :<\/p>\n<ul>\n<li>Sp\u00e9cifications des mat\u00e9riaux : Fabriqu\u00e9es en acier alli\u00e9 forg\u00e9 r\u00e9sistant \u00e0 l'usure (identique \u00e0 la cha\u00eene de protection), d'un diam\u00e8tre g\u00e9n\u00e9ralement compris entre 12 et 22 mm, adapt\u00e9es aux sp\u00e9cifications de la cha\u00eene.<\/li>\n<li>Fonction de r\u00e9paration : utilis\u00e9e pour remplacer les maillons de cha\u00eene endommag\u00e9s ou construire de nouveaux n\u0153uds de connexion<\/li>\n<li>Exigences du processus : Le traitement thermique est n\u00e9cessaire pour am\u00e9liorer la duret\u00e9 et la r\u00e9sistance, et la surface doit \u00eatre lisse pour r\u00e9duire le frottement avec le pneu.<\/li>\n<li>Points cl\u00e9s pour l'utilisation : Lors du remplacement, s'assurer que le jeu entre l'anneau circulaire et les maillons adjacents de la cha\u00eene est appropri\u00e9 afin d'\u00e9viter qu'il ne soit trop serr\u00e9 ou trop l\u00e2che.<\/li>\n<li>Exigences de qualit\u00e9 : Il ne doit pas y avoir de fissures ou de bavures, et la capacit\u00e9 de charge doit atteindre 120% ou plus de la norme de la cha\u00eene d'origine.<\/li>\n<\/ul>\n<p>#repairlink#quicklink#quaickring#chains#quarrychains#miningchains#tyreprotectivechain#protectorchain#loaderprotector<\/p>","protected":false},"excerpt":{"rendered":"<ul>\n<li>Connecteur circulaire<\/li>\n<li>Exigences de qualit\u00e9<\/li>\n<li>Traitement thermique et trempe n\u00e9cessaires<\/li>\n<li>Forg\u00e9 par immersion<\/li>\n<li>Gamme adapt\u00e9e : 12mm, 13mm, 14mm, 16mm, 18mm, 20mm, 22mm Etc Sp\u00e9cification Cha\u00eenes pour pneus de traction<\/li>\n<li><span data-slate-fragment=\"JTVCJTdCJTIydHlwZSUyMiUzQSUyMnBhcmFncmFwaCUyMiUyQyUyMmNoaWxkcmVuJTIyJTNBJTVCJTdCJTIyaWQlMjIlM0ElMjJ2eHdXdjJuMTV6JTIyJTJDJTIycGFyYUlkeCUyMiUzQTAlMkMlMjJzcmMlMjIlM0ElMjJzZW1pZmluaXNoZWQlMjBtYXRlcmlhbCUyMiUyQyUyMmRzdCUyMiUzQSUyMiVFNSU4RSU5RiVFNiU5RCU5MCVFNiU5NiU5OSUyMiUyQyUyMm1ldGFkYXRhJTIyJTNBJTIyJTIyJTJDJTIybWF0Y2hlcyUyMiUzQW51bGwlMkMlMjJtZXRhRGF0YSUyMiUzQSU1QiU1RCUyQyUyMnRleHQlMjIlM0ElMjJzZW1pZmluaXNoZWQlMjBtYXRlcmlhbCUyMiU3RCU1RCU3RCU1RA==\">Mat\u00e9riau semi-fini de qualit\u00e9<\/span><\/li>\n<\/ul>","protected":false},"featured_media":604,"template":"","meta":{"inline_featured_image":false,"_kad_post_transparent":"default","_kad_post_title":"","_kad_post_layout":"default","_kad_post_sidebar_id":"","_kad_post_content_style":"default","_kad_post_vertical_padding":"default","_kad_post_feature":"","_kad_post_feature_position":"","_kad_post_header":false,"_kad_post_footer":false},"product_brand":[],"product_cat":[23],"product_tag":[],"class_list":{"0":"post-603","1":"product","2":"type-product","3":"status-publish","4":"has-post-thumbnail","6":"product_cat-accessories","8":"first","9":"instock","10":"shipping-taxable","11":"product-type-simple","12":"entry","13":"content-bg","14":"loop-entry"},"yoast_head":"<!-- This site is optimized with the Yoast SEO plugin v25.4 - https:\/\/yoast.com\/wordpress\/plugins\/seo\/ -->\n<title>16mm Protective Chain Accessories for CAT Loader 29.5-25 1800-25 - twchains<\/title>\n<meta name=\"robots\" content=\"index, follow, max-snippet:-1, max-image-preview:large, max-video-preview:-1\" \/>\n<link rel=\"canonical\" href=\"https:\/\/twchains.com\/fr\/produit\/16mm-protective-chain-accessories-for-cat-loader-29-5-25-1800-25\/\" \/>\n<meta property=\"og:locale\" content=\"fr_FR\" \/>\n<meta property=\"og:type\" content=\"article\" \/>\n<meta property=\"og:title\" content=\"16mm Protective Chain Accessories for CAT Loader 29.5-25 1800-25 - twchains\" \/>\n<meta property=\"og:description\" content=\"Circular Connector  Quality Requirements  Heat treatment &amp; Quench Are Required  Drop Forged  Suitable Range:12mm, 13mm, 14mm, 16mm, 18mm, 20mm, 22mm Etc Specification Traction Tyre Chains  Quality Semifinished Material\" \/>\n<meta property=\"og:url\" content=\"https:\/\/twchains.com\/fr\/produit\/16mm-protective-chain-accessories-for-cat-loader-29-5-25-1800-25\/\" \/>\n<meta property=\"og:site_name\" content=\"twchains\" \/>\n<meta property=\"og:image\" content=\"https:\/\/twchains.com\/wp-content\/uploads\/2025\/04\/77.jpg\" \/>\n\t<meta property=\"og:image:width\" content=\"1080\" \/>\n\t<meta property=\"og:image:height\" content=\"1080\" \/>\n\t<meta property=\"og:image:type\" content=\"image\/jpeg\" \/>\n<meta name=\"twitter:card\" content=\"summary_large_image\" \/>\n<meta name=\"twitter:label1\" content=\"Dur\u00e9e de lecture estim\u00e9e\" \/>\n\t<meta name=\"twitter:data1\" content=\"1 minute\" \/>\n<script type=\"application\/ld+json\" class=\"yoast-schema-graph\">{\"@context\":\"https:\/\/schema.org\",\"@graph\":[{\"@type\":\"WebPage\",\"@id\":\"https:\/\/twchains.com\/product\/16mm-protective-chain-accessories-for-cat-loader-29-5-25-1800-25\/\",\"url\":\"https:\/\/twchains.com\/product\/16mm-protective-chain-accessories-for-cat-loader-29-5-25-1800-25\/\",\"name\":\"16mm Protective Chain Accessories for CAT Loader 29.5-25 1800-25 - twchains\",\"isPartOf\":{\"@id\":\"https:\/\/twchains.com\/#website\"},\"primaryImageOfPage\":{\"@id\":\"https:\/\/twchains.com\/product\/16mm-protective-chain-accessories-for-cat-loader-29-5-25-1800-25\/#primaryimage\"},\"image\":{\"@id\":\"https:\/\/twchains.com\/product\/16mm-protective-chain-accessories-for-cat-loader-29-5-25-1800-25\/#primaryimage\"},\"thumbnailUrl\":\"https:\/\/twchains.com\/wp-content\/uploads\/2025\/04\/77.jpg\",\"datePublished\":\"2025-04-24T08:46:01+00:00\",\"breadcrumb\":{\"@id\":\"https:\/\/twchains.com\/product\/16mm-protective-chain-accessories-for-cat-loader-29-5-25-1800-25\/#breadcrumb\"},\"inLanguage\":\"fr-FR\",\"potentialAction\":[{\"@type\":\"ReadAction\",\"target\":[\"https:\/\/twchains.com\/product\/16mm-protective-chain-accessories-for-cat-loader-29-5-25-1800-25\/\"]}]},{\"@type\":\"ImageObject\",\"inLanguage\":\"fr-FR\",\"@id\":\"https:\/\/twchains.com\/product\/16mm-protective-chain-accessories-for-cat-loader-29-5-25-1800-25\/#primaryimage\",\"url\":\"https:\/\/twchains.com\/wp-content\/uploads\/2025\/04\/77.jpg\",\"contentUrl\":\"https:\/\/twchains.com\/wp-content\/uploads\/2025\/04\/77.jpg\",\"width\":1080,\"height\":1080},{\"@type\":\"BreadcrumbList\",\"@id\":\"https:\/\/twchains.com\/product\/16mm-protective-chain-accessories-for-cat-loader-29-5-25-1800-25\/#breadcrumb\",\"itemListElement\":[{\"@type\":\"ListItem\",\"position\":1,\"name\":\"Home\",\"item\":\"https:\/\/twchains.com\/\"},{\"@type\":\"ListItem\",\"position\":2,\"name\":\"Products\",\"item\":\"https:\/\/twchains.com\/products\/\"},{\"@type\":\"ListItem\",\"position\":3,\"name\":\"16mm Protective Chain Accessories for CAT Loader 29.5-25 1800-25\"}]},{\"@type\":\"WebSite\",\"@id\":\"https:\/\/twchains.com\/#website\",\"url\":\"https:\/\/twchains.com\/\",\"name\":\"twchains\",\"description\":\"\",\"publisher\":{\"@id\":\"https:\/\/twchains.com\/#organization\"},\"potentialAction\":[{\"@type\":\"SearchAction\",\"target\":{\"@type\":\"EntryPoint\",\"urlTemplate\":\"https:\/\/twchains.com\/?s={search_term_string}\"},\"query-input\":{\"@type\":\"PropertyValueSpecification\",\"valueRequired\":true,\"valueName\":\"search_term_string\"}}],\"inLanguage\":\"fr-FR\"},{\"@type\":\"Organization\",\"@id\":\"https:\/\/twchains.com\/#organization\",\"name\":\"twchains\",\"url\":\"https:\/\/twchains.com\/\",\"logo\":{\"@type\":\"ImageObject\",\"inLanguage\":\"fr-FR\",\"@id\":\"https:\/\/twchains.com\/#\/schema\/logo\/image\/\",\"url\":\"https:\/\/twchains.com\/wp-content\/uploads\/2025\/04\/tongwei-logo-100.svg\",\"contentUrl\":\"https:\/\/twchains.com\/wp-content\/uploads\/2025\/04\/tongwei-logo-100.svg\",\"width\":128,\"height\":100,\"caption\":\"twchains\"},\"image\":{\"@id\":\"https:\/\/twchains.com\/#\/schema\/logo\/image\/\"}}]}<\/script>\n<!-- \/ Yoast SEO plugin. -->","yoast_head_json":{"title":"16mm Protective Chain Accessories for CAT Loader 29.5-25 1800-25 - twchains","robots":{"index":"index","follow":"follow","max-snippet":"max-snippet:-1","max-image-preview":"max-image-preview:large","max-video-preview":"max-video-preview:-1"},"canonical":"https:\/\/twchains.com\/fr\/produit\/16mm-protective-chain-accessories-for-cat-loader-29-5-25-1800-25\/","og_locale":"fr_FR","og_type":"article","og_title":"16mm Protective Chain Accessories for CAT Loader 29.5-25 1800-25 - twchains","og_description":"Circular Connector  Quality Requirements  Heat treatment &amp; Quench Are Required  Drop Forged  Suitable Range:12mm, 13mm, 14mm, 16mm, 18mm, 20mm, 22mm Etc Specification Traction Tyre Chains  Quality Semifinished Material","og_url":"https:\/\/twchains.com\/fr\/produit\/16mm-protective-chain-accessories-for-cat-loader-29-5-25-1800-25\/","og_site_name":"twchains","og_image":[{"width":1080,"height":1080,"url":"https:\/\/twchains.com\/wp-content\/uploads\/2025\/04\/77.jpg","type":"image\/jpeg"}],"twitter_card":"summary_large_image","twitter_misc":{"Dur\u00e9e de lecture estim\u00e9e":"1 minute"},"schema":{"@context":"https:\/\/schema.org","@graph":[{"@type":"WebPage","@id":"https:\/\/twchains.com\/product\/16mm-protective-chain-accessories-for-cat-loader-29-5-25-1800-25\/","url":"https:\/\/twchains.com\/product\/16mm-protective-chain-accessories-for-cat-loader-29-5-25-1800-25\/","name":"16mm Protective Chain Accessories for CAT Loader 29.5-25 1800-25 - twchains","isPartOf":{"@id":"https:\/\/twchains.com\/#website"},"primaryImageOfPage":{"@id":"https:\/\/twchains.com\/product\/16mm-protective-chain-accessories-for-cat-loader-29-5-25-1800-25\/#primaryimage"},"image":{"@id":"https:\/\/twchains.com\/product\/16mm-protective-chain-accessories-for-cat-loader-29-5-25-1800-25\/#primaryimage"},"thumbnailUrl":"https:\/\/twchains.com\/wp-content\/uploads\/2025\/04\/77.jpg","datePublished":"2025-04-24T08:46:01+00:00","breadcrumb":{"@id":"https:\/\/twchains.com\/product\/16mm-protective-chain-accessories-for-cat-loader-29-5-25-1800-25\/#breadcrumb"},"inLanguage":"fr-FR","potentialAction":[{"@type":"ReadAction","target":["https:\/\/twchains.com\/product\/16mm-protective-chain-accessories-for-cat-loader-29-5-25-1800-25\/"]}]},{"@type":"ImageObject","inLanguage":"fr-FR","@id":"https:\/\/twchains.com\/product\/16mm-protective-chain-accessories-for-cat-loader-29-5-25-1800-25\/#primaryimage","url":"https:\/\/twchains.com\/wp-content\/uploads\/2025\/04\/77.jpg","contentUrl":"https:\/\/twchains.com\/wp-content\/uploads\/2025\/04\/77.jpg","width":1080,"height":1080},{"@type":"BreadcrumbList","@id":"https:\/\/twchains.com\/product\/16mm-protective-chain-accessories-for-cat-loader-29-5-25-1800-25\/#breadcrumb","itemListElement":[{"@type":"ListItem","position":1,"name":"Home","item":"https:\/\/twchains.com\/"},{"@type":"ListItem","position":2,"name":"Products","item":"https:\/\/twchains.com\/products\/"},{"@type":"ListItem","position":3,"name":"16mm Protective Chain Accessories for CAT Loader 29.5-25 1800-25"}]},{"@type":"WebSite","@id":"https:\/\/twchains.com\/#website","url":"https:\/\/twchains.com\/","name":"twchains","description":"","publisher":{"@id":"https:\/\/twchains.com\/#organization"},"potentialAction":[{"@type":"SearchAction","target":{"@type":"EntryPoint","urlTemplate":"https:\/\/twchains.com\/?s={search_term_string}"},"query-input":{"@type":"PropertyValueSpecification","valueRequired":true,"valueName":"search_term_string"}}],"inLanguage":"fr-FR"},{"@type":"Organization","@id":"https:\/\/twchains.com\/#organization","name":"twchains","url":"https:\/\/twchains.com\/","logo":{"@type":"ImageObject","inLanguage":"fr-FR","@id":"https:\/\/twchains.com\/#\/schema\/logo\/image\/","url":"https:\/\/twchains.com\/wp-content\/uploads\/2025\/04\/tongwei-logo-100.svg","contentUrl":"https:\/\/twchains.com\/wp-content\/uploads\/2025\/04\/tongwei-logo-100.svg","width":128,"height":100,"caption":"twchains"},"image":{"@id":"https:\/\/twchains.com\/#\/schema\/logo\/image\/"}}]}},"_links":{"self":[{"href":"https:\/\/twchains.com\/fr\/wp-json\/wp\/v2\/product\/603","targetHints":{"allow":["GET"]}}],"collection":[{"href":"https:\/\/twchains.com\/fr\/wp-json\/wp\/v2\/product"}],"about":[{"href":"https:\/\/twchains.com\/fr\/wp-json\/wp\/v2\/types\/product"}],"wp:featuredmedia":[{"embeddable":true,"href":"https:\/\/twchains.com\/fr\/wp-json\/wp\/v2\/media\/604"}],"wp:attachment":[{"href":"https:\/\/twchains.com\/fr\/wp-json\/wp\/v2\/media?parent=603"}],"wp:term":[{"taxonomy":"product_brand","embeddable":true,"href":"https:\/\/twchains.com\/fr\/wp-json\/wp\/v2\/product_brand?post=603"},{"taxonomy":"product_cat","embeddable":true,"href":"https:\/\/twchains.com\/fr\/wp-json\/wp\/v2\/product_cat?post=603"},{"taxonomy":"product_tag","embeddable":true,"href":"https:\/\/twchains.com\/fr\/wp-json\/wp\/v2\/product_tag?post=603"}],"curies":[{"name":"wp","href":"https:\/\/api.w.org\/{rel}","templated":true}]}}