{"id":610,"date":"2025-04-24T09:17:36","date_gmt":"2025-04-24T09:17:36","guid":{"rendered":"https:\/\/twchains.com\/?post_type=product&#038;p=610"},"modified":"2025-04-24T09:17:36","modified_gmt":"2025-04-24T09:17:36","slug":"repair-link-kit-for-komatsu-wheel-loader-protector-chains-35-65r33","status":"publish","type":"product","link":"https:\/\/twchains.com\/fr\/produit\/repair-link-kit-for-komatsu-wheel-loader-protector-chains-35-65r33\/","title":{"rendered":"Kit de r\u00e9paration pour Komatsu Wheel Loader Protector Chains 35\/65r33"},"content":{"rendered":"<ul>\n<li>R\u00e9sistance \u00e9lev\u00e9e aux chocs<br \/>\nFabriqu\u00e9es en acier alli\u00e9 sp\u00e9cial forg\u00e9 et combin\u00e9es \u00e0 une technologie de traitement thermique, leur duret\u00e9 atteint HRC40-54. Elles sont sp\u00e9cialement con\u00e7ues pour les conditions de travail \u00e0 haute fr\u00e9quence (telles que l'exploitation mini\u00e8re et la m\u00e9tallurgie), avec une r\u00e9sistance \u00e0 la d\u00e9formation augment\u00e9e de plus de 60% par rapport aux boucles de cha\u00eene ordinaires.<\/li>\n<li>Structure de cryptage pr\u00e9cise<br \/>\nLa conception unique de la morsure en forme de bloc augmente la densit\u00e9 de contact avec la surface du pneu, r\u00e9partit la pression plus uniform\u00e9ment, emp\u00eache efficacement les pierres pointues de percer et r\u00e9duit le risque d'endommagement du pneu.<\/li>\n<li>Connexion rapide et autobloquante<br \/>\nLa structure brevet\u00e9e de la fente de la carte et de l'arbre \u00e0 broches permet une installation\/d\u00e9sassemblage manuel sans outil, avec un temps de remplacement d'un seul bouton de moins de 30 secondes, ce qui r\u00e9duit consid\u00e9rablement le temps de maintenance (50% plus rapide que le type de boulon traditionnel).<\/li>\n<li>R\u00e9sistant \u00e0 l'usure et durable<br \/>\nTraitement de surface par trempe au laser ou rev\u00eatement au carbure de tungst\u00e8ne, avec un indice de r\u00e9sistance \u00e0 l'usure trois fois sup\u00e9rieur \u00e0 la norme nationale, et une dur\u00e9e de vie continue de 6 \u00e0 12 mois (en fonction des conditions de travail), ce qui r\u00e9duit la fr\u00e9quence des temps d'arr\u00eat et des remplacements.<\/li>\n<\/ul>\n<p>#komatsu#caterpillarloader#volvoloaderchains#mining#quarry#unnel#hotslag#protectionchain#tireprotectionchain<\/p>","protected":false},"excerpt":{"rendered":"<p>La boucle du bloc de chiffrage est principalement con\u00e7ue pour les cha\u00eenes de protection des pneus \u00e9pais.<\/p>","protected":false},"featured_media":606,"template":"","meta":{"inline_featured_image":false,"_kad_post_transparent":"default","_kad_post_title":"","_kad_post_layout":"default","_kad_post_sidebar_id":"","_kad_post_content_style":"default","_kad_post_vertical_padding":"default","_kad_post_feature":"","_kad_post_feature_position":"","_kad_post_header":false,"_kad_post_footer":false},"product_brand":[],"product_cat":[23],"product_tag":[],"class_list":{"0":"post-610","1":"product","2":"type-product","3":"status-publish","4":"has-post-thumbnail","6":"product_cat-accessories","8":"first","9":"instock","10":"shipping-taxable","11":"product-type-simple","12":"entry","13":"content-bg","14":"loop-entry"},"yoast_head":"<!-- This site is optimized with the Yoast SEO plugin v25.4 - https:\/\/yoast.com\/wordpress\/plugins\/seo\/ -->\n<title>Repair Link Kit for Komatsu Wheel Loader Protector Chains 35\/65r33 - twchains<\/title>\n<meta name=\"robots\" content=\"index, follow, max-snippet:-1, max-image-preview:large, max-video-preview:-1\" \/>\n<link rel=\"canonical\" href=\"https:\/\/twchains.com\/fr\/produit\/repair-link-kit-for-komatsu-wheel-loader-protector-chains-35-65r33\/\" \/>\n<meta property=\"og:locale\" content=\"fr_FR\" \/>\n<meta property=\"og:type\" content=\"article\" \/>\n<meta property=\"og:title\" content=\"Repair Link Kit for Komatsu Wheel Loader Protector Chains 35\/65r33 - twchains\" \/>\n<meta property=\"og:description\" content=\"The encryption block buckle is mainly designed for thicken tire protection chains\" \/>\n<meta property=\"og:url\" content=\"https:\/\/twchains.com\/fr\/produit\/repair-link-kit-for-komatsu-wheel-loader-protector-chains-35-65r33\/\" \/>\n<meta property=\"og:site_name\" content=\"twchains\" \/>\n<meta property=\"og:image\" content=\"https:\/\/twchains.com\/wp-content\/uploads\/2025\/04\/44.jpg\" \/>\n\t<meta property=\"og:image:width\" content=\"810\" \/>\n\t<meta property=\"og:image:height\" content=\"1080\" \/>\n\t<meta property=\"og:image:type\" content=\"image\/jpeg\" \/>\n<meta name=\"twitter:card\" content=\"summary_large_image\" \/>\n<meta name=\"twitter:label1\" content=\"Dur\u00e9e de lecture estim\u00e9e\" \/>\n\t<meta name=\"twitter:data1\" content=\"1 minute\" \/>\n<script type=\"application\/ld+json\" class=\"yoast-schema-graph\">{\"@context\":\"https:\/\/schema.org\",\"@graph\":[{\"@type\":\"WebPage\",\"@id\":\"https:\/\/twchains.com\/product\/repair-link-kit-for-komatsu-wheel-loader-protector-chains-35-65r33\/\",\"url\":\"https:\/\/twchains.com\/product\/repair-link-kit-for-komatsu-wheel-loader-protector-chains-35-65r33\/\",\"name\":\"Repair Link Kit for Komatsu Wheel Loader Protector Chains 35\/65r33 - twchains\",\"isPartOf\":{\"@id\":\"https:\/\/twchains.com\/#website\"},\"primaryImageOfPage\":{\"@id\":\"https:\/\/twchains.com\/product\/repair-link-kit-for-komatsu-wheel-loader-protector-chains-35-65r33\/#primaryimage\"},\"image\":{\"@id\":\"https:\/\/twchains.com\/product\/repair-link-kit-for-komatsu-wheel-loader-protector-chains-35-65r33\/#primaryimage\"},\"thumbnailUrl\":\"https:\/\/twchains.com\/wp-content\/uploads\/2025\/04\/44.jpg\",\"datePublished\":\"2025-04-24T09:17:36+00:00\",\"breadcrumb\":{\"@id\":\"https:\/\/twchains.com\/product\/repair-link-kit-for-komatsu-wheel-loader-protector-chains-35-65r33\/#breadcrumb\"},\"inLanguage\":\"fr-FR\",\"potentialAction\":[{\"@type\":\"ReadAction\",\"target\":[\"https:\/\/twchains.com\/product\/repair-link-kit-for-komatsu-wheel-loader-protector-chains-35-65r33\/\"]}]},{\"@type\":\"ImageObject\",\"inLanguage\":\"fr-FR\",\"@id\":\"https:\/\/twchains.com\/product\/repair-link-kit-for-komatsu-wheel-loader-protector-chains-35-65r33\/#primaryimage\",\"url\":\"https:\/\/twchains.com\/wp-content\/uploads\/2025\/04\/44.jpg\",\"contentUrl\":\"https:\/\/twchains.com\/wp-content\/uploads\/2025\/04\/44.jpg\",\"width\":810,\"height\":1080},{\"@type\":\"BreadcrumbList\",\"@id\":\"https:\/\/twchains.com\/product\/repair-link-kit-for-komatsu-wheel-loader-protector-chains-35-65r33\/#breadcrumb\",\"itemListElement\":[{\"@type\":\"ListItem\",\"position\":1,\"name\":\"Home\",\"item\":\"https:\/\/twchains.com\/\"},{\"@type\":\"ListItem\",\"position\":2,\"name\":\"Products\",\"item\":\"https:\/\/twchains.com\/products\/\"},{\"@type\":\"ListItem\",\"position\":3,\"name\":\"Repair Link Kit for Komatsu Wheel Loader Protector Chains 35\/65r33\"}]},{\"@type\":\"WebSite\",\"@id\":\"https:\/\/twchains.com\/#website\",\"url\":\"https:\/\/twchains.com\/\",\"name\":\"twchains\",\"description\":\"\",\"publisher\":{\"@id\":\"https:\/\/twchains.com\/#organization\"},\"potentialAction\":[{\"@type\":\"SearchAction\",\"target\":{\"@type\":\"EntryPoint\",\"urlTemplate\":\"https:\/\/twchains.com\/?s={search_term_string}\"},\"query-input\":{\"@type\":\"PropertyValueSpecification\",\"valueRequired\":true,\"valueName\":\"search_term_string\"}}],\"inLanguage\":\"fr-FR\"},{\"@type\":\"Organization\",\"@id\":\"https:\/\/twchains.com\/#organization\",\"name\":\"twchains\",\"url\":\"https:\/\/twchains.com\/\",\"logo\":{\"@type\":\"ImageObject\",\"inLanguage\":\"fr-FR\",\"@id\":\"https:\/\/twchains.com\/#\/schema\/logo\/image\/\",\"url\":\"https:\/\/twchains.com\/wp-content\/uploads\/2025\/04\/tongwei-logo-100.svg\",\"contentUrl\":\"https:\/\/twchains.com\/wp-content\/uploads\/2025\/04\/tongwei-logo-100.svg\",\"width\":128,\"height\":100,\"caption\":\"twchains\"},\"image\":{\"@id\":\"https:\/\/twchains.com\/#\/schema\/logo\/image\/\"}}]}<\/script>\n<!-- \/ Yoast SEO plugin. -->","yoast_head_json":{"title":"Repair Link Kit for Komatsu Wheel Loader Protector Chains 35\/65r33 - twchains","robots":{"index":"index","follow":"follow","max-snippet":"max-snippet:-1","max-image-preview":"max-image-preview:large","max-video-preview":"max-video-preview:-1"},"canonical":"https:\/\/twchains.com\/fr\/produit\/repair-link-kit-for-komatsu-wheel-loader-protector-chains-35-65r33\/","og_locale":"fr_FR","og_type":"article","og_title":"Repair Link Kit for Komatsu Wheel Loader Protector Chains 35\/65r33 - twchains","og_description":"The encryption block buckle is mainly designed for thicken tire protection chains","og_url":"https:\/\/twchains.com\/fr\/produit\/repair-link-kit-for-komatsu-wheel-loader-protector-chains-35-65r33\/","og_site_name":"twchains","og_image":[{"width":810,"height":1080,"url":"https:\/\/twchains.com\/wp-content\/uploads\/2025\/04\/44.jpg","type":"image\/jpeg"}],"twitter_card":"summary_large_image","twitter_misc":{"Dur\u00e9e de lecture estim\u00e9e":"1 minute"},"schema":{"@context":"https:\/\/schema.org","@graph":[{"@type":"WebPage","@id":"https:\/\/twchains.com\/product\/repair-link-kit-for-komatsu-wheel-loader-protector-chains-35-65r33\/","url":"https:\/\/twchains.com\/product\/repair-link-kit-for-komatsu-wheel-loader-protector-chains-35-65r33\/","name":"Repair Link Kit for Komatsu Wheel Loader Protector Chains 35\/65r33 - twchains","isPartOf":{"@id":"https:\/\/twchains.com\/#website"},"primaryImageOfPage":{"@id":"https:\/\/twchains.com\/product\/repair-link-kit-for-komatsu-wheel-loader-protector-chains-35-65r33\/#primaryimage"},"image":{"@id":"https:\/\/twchains.com\/product\/repair-link-kit-for-komatsu-wheel-loader-protector-chains-35-65r33\/#primaryimage"},"thumbnailUrl":"https:\/\/twchains.com\/wp-content\/uploads\/2025\/04\/44.jpg","datePublished":"2025-04-24T09:17:36+00:00","breadcrumb":{"@id":"https:\/\/twchains.com\/product\/repair-link-kit-for-komatsu-wheel-loader-protector-chains-35-65r33\/#breadcrumb"},"inLanguage":"fr-FR","potentialAction":[{"@type":"ReadAction","target":["https:\/\/twchains.com\/product\/repair-link-kit-for-komatsu-wheel-loader-protector-chains-35-65r33\/"]}]},{"@type":"ImageObject","inLanguage":"fr-FR","@id":"https:\/\/twchains.com\/product\/repair-link-kit-for-komatsu-wheel-loader-protector-chains-35-65r33\/#primaryimage","url":"https:\/\/twchains.com\/wp-content\/uploads\/2025\/04\/44.jpg","contentUrl":"https:\/\/twchains.com\/wp-content\/uploads\/2025\/04\/44.jpg","width":810,"height":1080},{"@type":"BreadcrumbList","@id":"https:\/\/twchains.com\/product\/repair-link-kit-for-komatsu-wheel-loader-protector-chains-35-65r33\/#breadcrumb","itemListElement":[{"@type":"ListItem","position":1,"name":"Home","item":"https:\/\/twchains.com\/"},{"@type":"ListItem","position":2,"name":"Products","item":"https:\/\/twchains.com\/products\/"},{"@type":"ListItem","position":3,"name":"Repair Link Kit for Komatsu Wheel Loader Protector Chains 35\/65r33"}]},{"@type":"WebSite","@id":"https:\/\/twchains.com\/#website","url":"https:\/\/twchains.com\/","name":"twchains","description":"","publisher":{"@id":"https:\/\/twchains.com\/#organization"},"potentialAction":[{"@type":"SearchAction","target":{"@type":"EntryPoint","urlTemplate":"https:\/\/twchains.com\/?s={search_term_string}"},"query-input":{"@type":"PropertyValueSpecification","valueRequired":true,"valueName":"search_term_string"}}],"inLanguage":"fr-FR"},{"@type":"Organization","@id":"https:\/\/twchains.com\/#organization","name":"twchains","url":"https:\/\/twchains.com\/","logo":{"@type":"ImageObject","inLanguage":"fr-FR","@id":"https:\/\/twchains.com\/#\/schema\/logo\/image\/","url":"https:\/\/twchains.com\/wp-content\/uploads\/2025\/04\/tongwei-logo-100.svg","contentUrl":"https:\/\/twchains.com\/wp-content\/uploads\/2025\/04\/tongwei-logo-100.svg","width":128,"height":100,"caption":"twchains"},"image":{"@id":"https:\/\/twchains.com\/#\/schema\/logo\/image\/"}}]}},"_links":{"self":[{"href":"https:\/\/twchains.com\/fr\/wp-json\/wp\/v2\/product\/610","targetHints":{"allow":["GET"]}}],"collection":[{"href":"https:\/\/twchains.com\/fr\/wp-json\/wp\/v2\/product"}],"about":[{"href":"https:\/\/twchains.com\/fr\/wp-json\/wp\/v2\/types\/product"}],"wp:featuredmedia":[{"embeddable":true,"href":"https:\/\/twchains.com\/fr\/wp-json\/wp\/v2\/media\/606"}],"wp:attachment":[{"href":"https:\/\/twchains.com\/fr\/wp-json\/wp\/v2\/media?parent=610"}],"wp:term":[{"taxonomy":"product_brand","embeddable":true,"href":"https:\/\/twchains.com\/fr\/wp-json\/wp\/v2\/product_brand?post=610"},{"taxonomy":"product_cat","embeddable":true,"href":"https:\/\/twchains.com\/fr\/wp-json\/wp\/v2\/product_cat?post=610"},{"taxonomy":"product_tag","embeddable":true,"href":"https:\/\/twchains.com\/fr\/wp-json\/wp\/v2\/product_tag?post=610"}],"curies":[{"name":"wp","href":"https:\/\/api.w.org\/{rel}","templated":true}]}}