{"id":615,"date":"2025-04-25T01:54:14","date_gmt":"2025-04-25T01:54:14","guid":{"rendered":"https:\/\/twchains.com\/?post_type=product&#038;p=615"},"modified":"2025-04-25T01:58:20","modified_gmt":"2025-04-25T01:58:20","slug":"x12mm-loader-traction-snow-chain-16-70-20-1200-24","status":"publish","type":"product","link":"https:\/\/twchains.com\/fr\/produit\/x12mm-loader-traction-snow-chain-16-70-20-1200-24\/","title":{"rendered":"\u00d7Cha\u00eene \u00e0 neige de traction pour chargeur de 12 mm 16\/70-20 1200-24 antid\u00e9rapante"},"content":{"rendered":"<ul>\n<li>Am\u00e9lioration de l'adh\u00e9rence : le diam\u00e8tre de l'anneau de 12 mm de la cha\u00eene antid\u00e9rapante peut s'adapter \u00e9troitement au pneu, ce qui augmente consid\u00e9rablement la friction avec le sol et emp\u00eache efficacement le glissement, en particulier sur les routes mouill\u00e9es et glissantes telles que la glace, la neige et la boue.<\/li>\n<li>Forte durabilit\u00e9 : il est g\u00e9n\u00e9ralement fabriqu\u00e9 en acier alli\u00e9 \u00e0 haute r\u00e9sistance ou en mat\u00e9riau r\u00e9sistant \u00e0 l'usure, qui r\u00e9siste aux chocs et \u00e0 l'usure, convient \u00e0 une utilisation \u00e0 long terme dans des environnements difficiles et prolonge sa dur\u00e9e de vie.<\/li>\n<li>\n<div data-slate-node=\"element\"><span data-slate-node=\"text\">Installation facile : <\/span><span data-slate-node=\"text\">La conception est l\u00e9g\u00e8re et la structure est simple. La plupart des mod\u00e8les peuvent \u00eatre rapidement install\u00e9s ou d\u00e9mont\u00e9s manuellement, ce qui permet de gagner du temps et d'am\u00e9liorer l'efficacit\u00e9 du travail.<\/span><\/div>\n<\/li>\n<li>Protection des pneus : R\u00e9duit le contact direct entre les pneus et les graviers ou les objets durs, diminue le risque d'usure et d'\u00e9raflure de la bande de roulement et prolonge indirectement la dur\u00e9e de vie des pneus.<\/li>\n<li>Large applicabilit\u00e9 : Convient \u00e0 diff\u00e9rentes tailles de pneus de petites chargeuses, telles que 16\/70-20, 1200-24, 1000-20, 975-18, 15\/70-18, 16\/70-28, 1200-20, 1400-24, 20,5\/70-16, 825-16, etc., r\u00e9pondant aux besoins de multiples sc\u00e9narios tels que l'agriculture, la construction et l'exploitation mini\u00e8re, et convenant \u00e0 toutes les saisons (en particulier les conditions hivernales de glace et de neige).<\/li>\n<\/ul>\n<p>1TP5Cha\u00eene de neige#cha\u00eene de neige1TP5Cha\u00eene de traction#raction de neige#for\u00eat#antid\u00e9rapant#r\u00e9sistant au glissement<\/p>","protected":false},"excerpt":{"rendered":"<ul>\n<li>Pour les petites entreprises<\/li>\n<li>Am\u00e9liorer la prise en main<\/li>\n<li>Forte durabilit\u00e9<\/li>\n<li>Installation facile<\/li>\n<li>Poids du maillon : 0,28 kg<\/li>\n<\/ul>","protected":false},"featured_media":616,"template":"","meta":{"inline_featured_image":false,"_kad_post_transparent":"default","_kad_post_title":"","_kad_post_layout":"default","_kad_post_sidebar_id":"","_kad_post_content_style":"default","_kad_post_vertical_padding":"default","_kad_post_feature":"","_kad_post_feature_position":"","_kad_post_header":false,"_kad_post_footer":false},"product_brand":[],"product_cat":[24],"product_tag":[],"class_list":{"0":"post-615","1":"product","2":"type-product","3":"status-publish","4":"has-post-thumbnail","6":"product_cat-anti-skid-tire-chains","8":"first","9":"instock","10":"shipping-taxable","11":"product-type-simple","12":"entry","13":"content-bg","14":"loop-entry"},"yoast_head":"<!-- This site is optimized with the Yoast SEO plugin v25.4 - https:\/\/yoast.com\/wordpress\/plugins\/seo\/ -->\n<title>\u00d712mm Loader Traction Snow Chain 16\/70-20 1200-24 Slip Resistant - twchains<\/title>\n<meta name=\"robots\" content=\"index, follow, max-snippet:-1, max-image-preview:large, max-video-preview:-1\" \/>\n<link rel=\"canonical\" href=\"https:\/\/twchains.com\/fr\/produit\/x12mm-loader-traction-snow-chain-16-70-20-1200-24\/\" \/>\n<meta property=\"og:locale\" content=\"fr_FR\" \/>\n<meta property=\"og:type\" content=\"article\" \/>\n<meta property=\"og:title\" content=\"\u00d712mm Loader Traction Snow Chain 16\/70-20 1200-24 Slip Resistant - twchains\" \/>\n<meta property=\"og:description\" content=\"For Small-Sized  Enhance Grip  Strong Durability  Easy Installation  Weight of Link:0.28kg\" \/>\n<meta property=\"og:url\" content=\"https:\/\/twchains.com\/fr\/produit\/x12mm-loader-traction-snow-chain-16-70-20-1200-24\/\" \/>\n<meta property=\"og:site_name\" content=\"twchains\" \/>\n<meta property=\"article:modified_time\" content=\"2025-04-25T01:58:20+00:00\" \/>\n<meta property=\"og:image\" content=\"https:\/\/twchains.com\/wp-content\/uploads\/2025\/04\/mmexport159402046768141.jpg\" \/>\n\t<meta property=\"og:image:width\" content=\"480\" \/>\n\t<meta property=\"og:image:height\" content=\"550\" \/>\n\t<meta property=\"og:image:type\" content=\"image\/jpeg\" \/>\n<meta name=\"twitter:card\" content=\"summary_large_image\" \/>\n<meta name=\"twitter:label1\" content=\"Dur\u00e9e de lecture estim\u00e9e\" \/>\n\t<meta name=\"twitter:data1\" content=\"1 minute\" \/>\n<script type=\"application\/ld+json\" class=\"yoast-schema-graph\">{\"@context\":\"https:\/\/schema.org\",\"@graph\":[{\"@type\":\"WebPage\",\"@id\":\"https:\/\/twchains.com\/product\/x12mm-loader-traction-snow-chain-16-70-20-1200-24\/\",\"url\":\"https:\/\/twchains.com\/product\/x12mm-loader-traction-snow-chain-16-70-20-1200-24\/\",\"name\":\"\u00d712mm Loader Traction Snow Chain 16\/70-20 1200-24 Slip Resistant - twchains\",\"isPartOf\":{\"@id\":\"https:\/\/twchains.com\/#website\"},\"primaryImageOfPage\":{\"@id\":\"https:\/\/twchains.com\/product\/x12mm-loader-traction-snow-chain-16-70-20-1200-24\/#primaryimage\"},\"image\":{\"@id\":\"https:\/\/twchains.com\/product\/x12mm-loader-traction-snow-chain-16-70-20-1200-24\/#primaryimage\"},\"thumbnailUrl\":\"https:\/\/twchains.com\/wp-content\/uploads\/2025\/04\/mmexport159402046768141.jpg\",\"datePublished\":\"2025-04-25T01:54:14+00:00\",\"dateModified\":\"2025-04-25T01:58:20+00:00\",\"breadcrumb\":{\"@id\":\"https:\/\/twchains.com\/product\/x12mm-loader-traction-snow-chain-16-70-20-1200-24\/#breadcrumb\"},\"inLanguage\":\"fr-FR\",\"potentialAction\":[{\"@type\":\"ReadAction\",\"target\":[\"https:\/\/twchains.com\/product\/x12mm-loader-traction-snow-chain-16-70-20-1200-24\/\"]}]},{\"@type\":\"ImageObject\",\"inLanguage\":\"fr-FR\",\"@id\":\"https:\/\/twchains.com\/product\/x12mm-loader-traction-snow-chain-16-70-20-1200-24\/#primaryimage\",\"url\":\"https:\/\/twchains.com\/wp-content\/uploads\/2025\/04\/mmexport159402046768141.jpg\",\"contentUrl\":\"https:\/\/twchains.com\/wp-content\/uploads\/2025\/04\/mmexport159402046768141.jpg\",\"width\":480,\"height\":550},{\"@type\":\"BreadcrumbList\",\"@id\":\"https:\/\/twchains.com\/product\/x12mm-loader-traction-snow-chain-16-70-20-1200-24\/#breadcrumb\",\"itemListElement\":[{\"@type\":\"ListItem\",\"position\":1,\"name\":\"Home\",\"item\":\"https:\/\/twchains.com\/\"},{\"@type\":\"ListItem\",\"position\":2,\"name\":\"Products\",\"item\":\"https:\/\/twchains.com\/products\/\"},{\"@type\":\"ListItem\",\"position\":3,\"name\":\"\u00d712mm Loader Traction Snow Chain 16\/70-20 1200-24 Slip Resistant\"}]},{\"@type\":\"WebSite\",\"@id\":\"https:\/\/twchains.com\/#website\",\"url\":\"https:\/\/twchains.com\/\",\"name\":\"twchains\",\"description\":\"\",\"publisher\":{\"@id\":\"https:\/\/twchains.com\/#organization\"},\"potentialAction\":[{\"@type\":\"SearchAction\",\"target\":{\"@type\":\"EntryPoint\",\"urlTemplate\":\"https:\/\/twchains.com\/?s={search_term_string}\"},\"query-input\":{\"@type\":\"PropertyValueSpecification\",\"valueRequired\":true,\"valueName\":\"search_term_string\"}}],\"inLanguage\":\"fr-FR\"},{\"@type\":\"Organization\",\"@id\":\"https:\/\/twchains.com\/#organization\",\"name\":\"twchains\",\"url\":\"https:\/\/twchains.com\/\",\"logo\":{\"@type\":\"ImageObject\",\"inLanguage\":\"fr-FR\",\"@id\":\"https:\/\/twchains.com\/#\/schema\/logo\/image\/\",\"url\":\"https:\/\/twchains.com\/wp-content\/uploads\/2025\/04\/tongwei-logo-100.svg\",\"contentUrl\":\"https:\/\/twchains.com\/wp-content\/uploads\/2025\/04\/tongwei-logo-100.svg\",\"width\":128,\"height\":100,\"caption\":\"twchains\"},\"image\":{\"@id\":\"https:\/\/twchains.com\/#\/schema\/logo\/image\/\"}}]}<\/script>\n<!-- \/ Yoast SEO plugin. -->","yoast_head_json":{"title":"\u00d712mm Loader Traction Snow Chain 16\/70-20 1200-24 Slip Resistant - twchains","robots":{"index":"index","follow":"follow","max-snippet":"max-snippet:-1","max-image-preview":"max-image-preview:large","max-video-preview":"max-video-preview:-1"},"canonical":"https:\/\/twchains.com\/fr\/produit\/x12mm-loader-traction-snow-chain-16-70-20-1200-24\/","og_locale":"fr_FR","og_type":"article","og_title":"\u00d712mm Loader Traction Snow Chain 16\/70-20 1200-24 Slip Resistant - twchains","og_description":"For Small-Sized  Enhance Grip  Strong Durability  Easy Installation  Weight of Link:0.28kg","og_url":"https:\/\/twchains.com\/fr\/produit\/x12mm-loader-traction-snow-chain-16-70-20-1200-24\/","og_site_name":"twchains","article_modified_time":"2025-04-25T01:58:20+00:00","og_image":[{"width":480,"height":550,"url":"https:\/\/twchains.com\/wp-content\/uploads\/2025\/04\/mmexport159402046768141.jpg","type":"image\/jpeg"}],"twitter_card":"summary_large_image","twitter_misc":{"Dur\u00e9e de lecture estim\u00e9e":"1 minute"},"schema":{"@context":"https:\/\/schema.org","@graph":[{"@type":"WebPage","@id":"https:\/\/twchains.com\/product\/x12mm-loader-traction-snow-chain-16-70-20-1200-24\/","url":"https:\/\/twchains.com\/product\/x12mm-loader-traction-snow-chain-16-70-20-1200-24\/","name":"\u00d712mm Loader Traction Snow Chain 16\/70-20 1200-24 Slip Resistant - twchains","isPartOf":{"@id":"https:\/\/twchains.com\/#website"},"primaryImageOfPage":{"@id":"https:\/\/twchains.com\/product\/x12mm-loader-traction-snow-chain-16-70-20-1200-24\/#primaryimage"},"image":{"@id":"https:\/\/twchains.com\/product\/x12mm-loader-traction-snow-chain-16-70-20-1200-24\/#primaryimage"},"thumbnailUrl":"https:\/\/twchains.com\/wp-content\/uploads\/2025\/04\/mmexport159402046768141.jpg","datePublished":"2025-04-25T01:54:14+00:00","dateModified":"2025-04-25T01:58:20+00:00","breadcrumb":{"@id":"https:\/\/twchains.com\/product\/x12mm-loader-traction-snow-chain-16-70-20-1200-24\/#breadcrumb"},"inLanguage":"fr-FR","potentialAction":[{"@type":"ReadAction","target":["https:\/\/twchains.com\/product\/x12mm-loader-traction-snow-chain-16-70-20-1200-24\/"]}]},{"@type":"ImageObject","inLanguage":"fr-FR","@id":"https:\/\/twchains.com\/product\/x12mm-loader-traction-snow-chain-16-70-20-1200-24\/#primaryimage","url":"https:\/\/twchains.com\/wp-content\/uploads\/2025\/04\/mmexport159402046768141.jpg","contentUrl":"https:\/\/twchains.com\/wp-content\/uploads\/2025\/04\/mmexport159402046768141.jpg","width":480,"height":550},{"@type":"BreadcrumbList","@id":"https:\/\/twchains.com\/product\/x12mm-loader-traction-snow-chain-16-70-20-1200-24\/#breadcrumb","itemListElement":[{"@type":"ListItem","position":1,"name":"Home","item":"https:\/\/twchains.com\/"},{"@type":"ListItem","position":2,"name":"Products","item":"https:\/\/twchains.com\/products\/"},{"@type":"ListItem","position":3,"name":"\u00d712mm Loader Traction Snow Chain 16\/70-20 1200-24 Slip Resistant"}]},{"@type":"WebSite","@id":"https:\/\/twchains.com\/#website","url":"https:\/\/twchains.com\/","name":"twchains","description":"","publisher":{"@id":"https:\/\/twchains.com\/#organization"},"potentialAction":[{"@type":"SearchAction","target":{"@type":"EntryPoint","urlTemplate":"https:\/\/twchains.com\/?s={search_term_string}"},"query-input":{"@type":"PropertyValueSpecification","valueRequired":true,"valueName":"search_term_string"}}],"inLanguage":"fr-FR"},{"@type":"Organization","@id":"https:\/\/twchains.com\/#organization","name":"twchains","url":"https:\/\/twchains.com\/","logo":{"@type":"ImageObject","inLanguage":"fr-FR","@id":"https:\/\/twchains.com\/#\/schema\/logo\/image\/","url":"https:\/\/twchains.com\/wp-content\/uploads\/2025\/04\/tongwei-logo-100.svg","contentUrl":"https:\/\/twchains.com\/wp-content\/uploads\/2025\/04\/tongwei-logo-100.svg","width":128,"height":100,"caption":"twchains"},"image":{"@id":"https:\/\/twchains.com\/#\/schema\/logo\/image\/"}}]}},"_links":{"self":[{"href":"https:\/\/twchains.com\/fr\/wp-json\/wp\/v2\/product\/615","targetHints":{"allow":["GET"]}}],"collection":[{"href":"https:\/\/twchains.com\/fr\/wp-json\/wp\/v2\/product"}],"about":[{"href":"https:\/\/twchains.com\/fr\/wp-json\/wp\/v2\/types\/product"}],"wp:featuredmedia":[{"embeddable":true,"href":"https:\/\/twchains.com\/fr\/wp-json\/wp\/v2\/media\/616"}],"wp:attachment":[{"href":"https:\/\/twchains.com\/fr\/wp-json\/wp\/v2\/media?parent=615"}],"wp:term":[{"taxonomy":"product_brand","embeddable":true,"href":"https:\/\/twchains.com\/fr\/wp-json\/wp\/v2\/product_brand?post=615"},{"taxonomy":"product_cat","embeddable":true,"href":"https:\/\/twchains.com\/fr\/wp-json\/wp\/v2\/product_cat?post=615"},{"taxonomy":"product_tag","embeddable":true,"href":"https:\/\/twchains.com\/fr\/wp-json\/wp\/v2\/product_tag?post=615"}],"curies":[{"name":"wp","href":"https:\/\/api.w.org\/{rel}","templated":true}]}}