{"id":623,"date":"2025-04-25T02:47:43","date_gmt":"2025-04-25T02:47:43","guid":{"rendered":"https:\/\/twchains.com\/?post_type=product&#038;p=623"},"modified":"2025-04-25T02:57:02","modified_gmt":"2025-04-25T02:57:02","slug":"encrypt-block-tyre-protection-chain-23-5-25-26-5-25","status":"publish","type":"product","link":"https:\/\/twchains.com\/fr\/produit\/encrypt-block-tyre-protection-chain-23-5-25-26-5-25\/","title":{"rendered":"Cha\u00eene de protection des pneus Encrypt Block 23.5-25 26.5-25 pour tunnel souterrain"},"content":{"rendered":"<p>G\u00e9n\u00e9ralement utilis\u00e9s pour les cha\u00eenes de protection des pneus de taille moyenne, les protecteurs de pneus pour chargeuses \u00e0 bloc crypt\u00e9 ont d'abord \u00e9t\u00e9 utilis\u00e9s dans des environnements de travail difficiles, tels que les tunnels souterrains contenant des scories d'acier chaudes. Ils sont maintenant progressivement utilis\u00e9s dans les sites d'exploitation mini\u00e8re et de carri\u00e8re en raison de leur forte \u00e9paisseur r\u00e9sistante \u00e0 l'usure, de leur structure plus dense et de leur emballage polyvalent.<\/p>\n<ul>\n<li>Structure ultra-dense avec une forte r\u00e9sistance aux chocs : la conception de soudure crypt\u00e9e de type bloc est plus compacte que les maillons de cha\u00eene traditionnels, avec une zone de force plus importante, qui peut r\u00e9sister efficacement \u00e0 l'impact des d\u00e9bris miniers et des objets tranchants, emp\u00eacher la rupture ou la d\u00e9formation de la cha\u00eene, et est particuli\u00e8rement adapt\u00e9e aux environnements difficiles des tunnels souterrains et des carri\u00e8res.<\/li>\n<li>Blocs r\u00e9sistants \u00e0 l'usure de forte \u00e9paisseur, dur\u00e9e de vie multipli\u00e9e par 3+ : L'utilisation de blocs d'acier au mangan\u00e8se \u00e9pais (surface r\u00e9sistante \u00e0 l'usure de 22 \u00e0 36 mm), le traitement de trempe de la surface, la duret\u00e9 atteint HRC54, la r\u00e9sistance \u00e0 l'usure d\u00e9passe de loin les cha\u00eenes ordinaires, et la dur\u00e9e de vie dans des conditions de frottement du minerai est multipli\u00e9e par plus de trois par rapport aux cha\u00eenes antid\u00e9rapantes ordinaires.<\/li>\n<li>Protection compl\u00e8te des pneus<br \/>\nLa structure unique de couverture \"blind\u00e9e\" enveloppe presque enti\u00e8rement le flanc et la bande de roulement du pneu, \u00e9vitant ainsi que la paroi du pneu ne soit \u00e9rafl\u00e9e par les parois rocheuses souterraines ou coup\u00e9e par les minerais, ce qui r\u00e9duit consid\u00e9rablement le risque d'\u00e9clatement du pneu et permet d'\u00e9conomiser sur les co\u00fbts de remplacement.<\/li>\n<\/ul>\n<p>#unnel#underground#miningchain#unnelprotection#encryptionchain<\/p>","protected":false},"excerpt":{"rendered":"<ul>\n<li>La dur\u00e9e de vie est multipli\u00e9e par 3<\/li>\n<li>Economique<\/li>\n<li>Mati\u00e8res premi\u00e8res de haute qualit\u00e9<\/li>\n<li>Poids d'un maillon : 0,48 kg (\u00d713 mm)<span style=\"font-family: var(--global-body-font-family);\">)<\/span><\/li>\n<li>Diam\u00e8tre de l'anneau : de 13 \u00e0 18 mm<\/li>\n<\/ul>","protected":false},"featured_media":557,"template":"","meta":{"inline_featured_image":false,"_kad_post_transparent":"default","_kad_post_title":"","_kad_post_layout":"default","_kad_post_sidebar_id":"","_kad_post_content_style":"default","_kad_post_vertical_padding":"default","_kad_post_feature":"","_kad_post_feature_position":"","_kad_post_header":false,"_kad_post_footer":false},"product_brand":[],"product_cat":[15,27],"product_tag":[],"class_list":{"0":"post-623","1":"product","2":"type-product","3":"status-publish","4":"has-post-thumbnail","6":"product_cat-tyre-protection-chain","7":"product_cat-encryption","9":"first","10":"instock","11":"shipping-taxable","12":"product-type-simple","13":"entry","14":"content-bg","15":"loop-entry"},"yoast_head":"<!-- This site is optimized with the Yoast SEO plugin v25.4 - https:\/\/yoast.com\/wordpress\/plugins\/seo\/ -->\n<title>Encrypt Block Tyre Protection Chain 23.5-25 26.5-25 for Underground Tunnel - twchains<\/title>\n<meta name=\"robots\" content=\"index, follow, max-snippet:-1, max-image-preview:large, max-video-preview:-1\" \/>\n<link rel=\"canonical\" href=\"https:\/\/twchains.com\/fr\/produit\/encrypt-block-tyre-protection-chain-23-5-25-26-5-25\/\" \/>\n<meta property=\"og:locale\" content=\"fr_FR\" \/>\n<meta property=\"og:type\" content=\"article\" \/>\n<meta property=\"og:title\" content=\"Encrypt Block Tyre Protection Chain 23.5-25 26.5-25 for Underground Tunnel - twchains\" \/>\n<meta property=\"og:description\" content=\"Life Increased By 3 times+  Economical  High Quality Raw Materials  Weight of 1 link:0.48kg (\u00d713mm)  From 13mm-18mm Ring Diameter\" \/>\n<meta property=\"og:url\" content=\"https:\/\/twchains.com\/fr\/produit\/encrypt-block-tyre-protection-chain-23-5-25-26-5-25\/\" \/>\n<meta property=\"og:site_name\" content=\"twchains\" \/>\n<meta property=\"article:modified_time\" content=\"2025-04-25T02:57:02+00:00\" \/>\n<meta property=\"og:image\" content=\"https:\/\/twchains.com\/wp-content\/uploads\/2025\/04\/18mmE.png\" \/>\n\t<meta property=\"og:image:width\" content=\"750\" \/>\n\t<meta property=\"og:image:height\" content=\"1000\" \/>\n\t<meta property=\"og:image:type\" content=\"image\/png\" \/>\n<meta name=\"twitter:card\" content=\"summary_large_image\" \/>\n<meta name=\"twitter:label1\" content=\"Dur\u00e9e de lecture estim\u00e9e\" \/>\n\t<meta name=\"twitter:data1\" content=\"2 minutes\" \/>\n<script type=\"application\/ld+json\" class=\"yoast-schema-graph\">{\"@context\":\"https:\/\/schema.org\",\"@graph\":[{\"@type\":\"WebPage\",\"@id\":\"https:\/\/twchains.com\/product\/encrypt-block-tyre-protection-chain-23-5-25-26-5-25\/\",\"url\":\"https:\/\/twchains.com\/product\/encrypt-block-tyre-protection-chain-23-5-25-26-5-25\/\",\"name\":\"Encrypt Block Tyre Protection Chain 23.5-25 26.5-25 for Underground Tunnel - twchains\",\"isPartOf\":{\"@id\":\"https:\/\/twchains.com\/#website\"},\"primaryImageOfPage\":{\"@id\":\"https:\/\/twchains.com\/product\/encrypt-block-tyre-protection-chain-23-5-25-26-5-25\/#primaryimage\"},\"image\":{\"@id\":\"https:\/\/twchains.com\/product\/encrypt-block-tyre-protection-chain-23-5-25-26-5-25\/#primaryimage\"},\"thumbnailUrl\":\"https:\/\/twchains.com\/wp-content\/uploads\/2025\/04\/18mmE.png\",\"datePublished\":\"2025-04-25T02:47:43+00:00\",\"dateModified\":\"2025-04-25T02:57:02+00:00\",\"breadcrumb\":{\"@id\":\"https:\/\/twchains.com\/product\/encrypt-block-tyre-protection-chain-23-5-25-26-5-25\/#breadcrumb\"},\"inLanguage\":\"fr-FR\",\"potentialAction\":[{\"@type\":\"ReadAction\",\"target\":[\"https:\/\/twchains.com\/product\/encrypt-block-tyre-protection-chain-23-5-25-26-5-25\/\"]}]},{\"@type\":\"ImageObject\",\"inLanguage\":\"fr-FR\",\"@id\":\"https:\/\/twchains.com\/product\/encrypt-block-tyre-protection-chain-23-5-25-26-5-25\/#primaryimage\",\"url\":\"https:\/\/twchains.com\/wp-content\/uploads\/2025\/04\/18mmE.png\",\"contentUrl\":\"https:\/\/twchains.com\/wp-content\/uploads\/2025\/04\/18mmE.png\",\"width\":750,\"height\":1000},{\"@type\":\"BreadcrumbList\",\"@id\":\"https:\/\/twchains.com\/product\/encrypt-block-tyre-protection-chain-23-5-25-26-5-25\/#breadcrumb\",\"itemListElement\":[{\"@type\":\"ListItem\",\"position\":1,\"name\":\"Home\",\"item\":\"https:\/\/twchains.com\/\"},{\"@type\":\"ListItem\",\"position\":2,\"name\":\"Products\",\"item\":\"https:\/\/twchains.com\/products\/\"},{\"@type\":\"ListItem\",\"position\":3,\"name\":\"Encrypt Block Tyre Protection Chain 23.5-25 26.5-25 for Underground Tunnel\"}]},{\"@type\":\"WebSite\",\"@id\":\"https:\/\/twchains.com\/#website\",\"url\":\"https:\/\/twchains.com\/\",\"name\":\"twchains\",\"description\":\"\",\"publisher\":{\"@id\":\"https:\/\/twchains.com\/#organization\"},\"potentialAction\":[{\"@type\":\"SearchAction\",\"target\":{\"@type\":\"EntryPoint\",\"urlTemplate\":\"https:\/\/twchains.com\/?s={search_term_string}\"},\"query-input\":{\"@type\":\"PropertyValueSpecification\",\"valueRequired\":true,\"valueName\":\"search_term_string\"}}],\"inLanguage\":\"fr-FR\"},{\"@type\":\"Organization\",\"@id\":\"https:\/\/twchains.com\/#organization\",\"name\":\"twchains\",\"url\":\"https:\/\/twchains.com\/\",\"logo\":{\"@type\":\"ImageObject\",\"inLanguage\":\"fr-FR\",\"@id\":\"https:\/\/twchains.com\/#\/schema\/logo\/image\/\",\"url\":\"https:\/\/twchains.com\/wp-content\/uploads\/2025\/04\/tongwei-logo-100.svg\",\"contentUrl\":\"https:\/\/twchains.com\/wp-content\/uploads\/2025\/04\/tongwei-logo-100.svg\",\"width\":128,\"height\":100,\"caption\":\"twchains\"},\"image\":{\"@id\":\"https:\/\/twchains.com\/#\/schema\/logo\/image\/\"}}]}<\/script>\n<!-- \/ Yoast SEO plugin. -->","yoast_head_json":{"title":"Encrypt Block Tyre Protection Chain 23.5-25 26.5-25 for Underground Tunnel - twchains","robots":{"index":"index","follow":"follow","max-snippet":"max-snippet:-1","max-image-preview":"max-image-preview:large","max-video-preview":"max-video-preview:-1"},"canonical":"https:\/\/twchains.com\/fr\/produit\/encrypt-block-tyre-protection-chain-23-5-25-26-5-25\/","og_locale":"fr_FR","og_type":"article","og_title":"Encrypt Block Tyre Protection Chain 23.5-25 26.5-25 for Underground Tunnel - twchains","og_description":"Life Increased By 3 times+  Economical  High Quality Raw Materials  Weight of 1 link:0.48kg (\u00d713mm)  From 13mm-18mm Ring Diameter","og_url":"https:\/\/twchains.com\/fr\/produit\/encrypt-block-tyre-protection-chain-23-5-25-26-5-25\/","og_site_name":"twchains","article_modified_time":"2025-04-25T02:57:02+00:00","og_image":[{"width":750,"height":1000,"url":"https:\/\/twchains.com\/wp-content\/uploads\/2025\/04\/18mmE.png","type":"image\/png"}],"twitter_card":"summary_large_image","twitter_misc":{"Dur\u00e9e de lecture estim\u00e9e":"2 minutes"},"schema":{"@context":"https:\/\/schema.org","@graph":[{"@type":"WebPage","@id":"https:\/\/twchains.com\/product\/encrypt-block-tyre-protection-chain-23-5-25-26-5-25\/","url":"https:\/\/twchains.com\/product\/encrypt-block-tyre-protection-chain-23-5-25-26-5-25\/","name":"Encrypt Block Tyre Protection Chain 23.5-25 26.5-25 for Underground Tunnel - twchains","isPartOf":{"@id":"https:\/\/twchains.com\/#website"},"primaryImageOfPage":{"@id":"https:\/\/twchains.com\/product\/encrypt-block-tyre-protection-chain-23-5-25-26-5-25\/#primaryimage"},"image":{"@id":"https:\/\/twchains.com\/product\/encrypt-block-tyre-protection-chain-23-5-25-26-5-25\/#primaryimage"},"thumbnailUrl":"https:\/\/twchains.com\/wp-content\/uploads\/2025\/04\/18mmE.png","datePublished":"2025-04-25T02:47:43+00:00","dateModified":"2025-04-25T02:57:02+00:00","breadcrumb":{"@id":"https:\/\/twchains.com\/product\/encrypt-block-tyre-protection-chain-23-5-25-26-5-25\/#breadcrumb"},"inLanguage":"fr-FR","potentialAction":[{"@type":"ReadAction","target":["https:\/\/twchains.com\/product\/encrypt-block-tyre-protection-chain-23-5-25-26-5-25\/"]}]},{"@type":"ImageObject","inLanguage":"fr-FR","@id":"https:\/\/twchains.com\/product\/encrypt-block-tyre-protection-chain-23-5-25-26-5-25\/#primaryimage","url":"https:\/\/twchains.com\/wp-content\/uploads\/2025\/04\/18mmE.png","contentUrl":"https:\/\/twchains.com\/wp-content\/uploads\/2025\/04\/18mmE.png","width":750,"height":1000},{"@type":"BreadcrumbList","@id":"https:\/\/twchains.com\/product\/encrypt-block-tyre-protection-chain-23-5-25-26-5-25\/#breadcrumb","itemListElement":[{"@type":"ListItem","position":1,"name":"Home","item":"https:\/\/twchains.com\/"},{"@type":"ListItem","position":2,"name":"Products","item":"https:\/\/twchains.com\/products\/"},{"@type":"ListItem","position":3,"name":"Encrypt Block Tyre Protection Chain 23.5-25 26.5-25 for Underground Tunnel"}]},{"@type":"WebSite","@id":"https:\/\/twchains.com\/#website","url":"https:\/\/twchains.com\/","name":"twchains","description":"","publisher":{"@id":"https:\/\/twchains.com\/#organization"},"potentialAction":[{"@type":"SearchAction","target":{"@type":"EntryPoint","urlTemplate":"https:\/\/twchains.com\/?s={search_term_string}"},"query-input":{"@type":"PropertyValueSpecification","valueRequired":true,"valueName":"search_term_string"}}],"inLanguage":"fr-FR"},{"@type":"Organization","@id":"https:\/\/twchains.com\/#organization","name":"twchains","url":"https:\/\/twchains.com\/","logo":{"@type":"ImageObject","inLanguage":"fr-FR","@id":"https:\/\/twchains.com\/#\/schema\/logo\/image\/","url":"https:\/\/twchains.com\/wp-content\/uploads\/2025\/04\/tongwei-logo-100.svg","contentUrl":"https:\/\/twchains.com\/wp-content\/uploads\/2025\/04\/tongwei-logo-100.svg","width":128,"height":100,"caption":"twchains"},"image":{"@id":"https:\/\/twchains.com\/#\/schema\/logo\/image\/"}}]}},"_links":{"self":[{"href":"https:\/\/twchains.com\/fr\/wp-json\/wp\/v2\/product\/623","targetHints":{"allow":["GET"]}}],"collection":[{"href":"https:\/\/twchains.com\/fr\/wp-json\/wp\/v2\/product"}],"about":[{"href":"https:\/\/twchains.com\/fr\/wp-json\/wp\/v2\/types\/product"}],"wp:featuredmedia":[{"embeddable":true,"href":"https:\/\/twchains.com\/fr\/wp-json\/wp\/v2\/media\/557"}],"wp:attachment":[{"href":"https:\/\/twchains.com\/fr\/wp-json\/wp\/v2\/media?parent=623"}],"wp:term":[{"taxonomy":"product_brand","embeddable":true,"href":"https:\/\/twchains.com\/fr\/wp-json\/wp\/v2\/product_brand?post=623"},{"taxonomy":"product_cat","embeddable":true,"href":"https:\/\/twchains.com\/fr\/wp-json\/wp\/v2\/product_cat?post=623"},{"taxonomy":"product_tag","embeddable":true,"href":"https:\/\/twchains.com\/fr\/wp-json\/wp\/v2\/product_tag?post=623"}],"curies":[{"name":"wp","href":"https:\/\/api.w.org\/{rel}","templated":true}]}}