{"id":627,"date":"2025-04-25T03:35:45","date_gmt":"2025-04-25T03:35:45","guid":{"rendered":"https:\/\/twchains.com\/?post_type=product&#038;p=627"},"modified":"2025-04-29T04:29:54","modified_gmt":"2025-04-29T04:29:54","slug":"supplier-of-loader-tire-chains-for-underground-tunnel-working-application","status":"publish","type":"product","link":"https:\/\/twchains.com\/fr\/produit\/supplier-of-loader-tire-chains-for-underground-tunnel-working-application\/","title":{"rendered":"Fournisseur de cha\u00eenes pour pneus de chargeuses pour travaux souterrains dans les tunnels"},"content":{"rendered":"<p>Bien que la cha\u00eene de protection des pneus \u00e0 blocs crypt\u00e9s soit un bon choix pour les environnements de travail en tunnel, certains clients peuvent estimer que les cha\u00eenes de protection des pneus \u00e0 blocs crypt\u00e9s sont trop lourdes et souhaitent des cha\u00eenes plus l\u00e9g\u00e8res offrant une r\u00e9sistance durable \u00e0 l'usure. Sur la base d'une \u00e9tude de march\u00e9, nous avons produit une cha\u00eene de protection renforc\u00e9e par un anneau de 14 mm, qui est plus l\u00e9g\u00e8re que les blocs crypt\u00e9s et pr\u00e9sente la m\u00eame \u00e9paisseur de surface r\u00e9sistante \u00e0 l'usure que les cha\u00eenes \u00e0 blocs crypt\u00e9s.<\/p>\n<ul>\n<li>Conception l\u00e9g\u00e8re, maniabilit\u00e9 accrue : par rapport aux blockchains crypt\u00e9es traditionnelles, elle r\u00e9duit le poids d'environ 25% \u00e0 63%, diminue la charge de l'appareil, \u00e9conomise la consommation de carburant et conserve une grande r\u00e9sistance \u00e0 la traction.<\/li>\n<li>14 anneaux denses + \u00e9paississement r\u00e9sistant \u00e0 l'usure, durable sans r\u00e9duction de la configuration<\/li>\n<li>R\u00e9partition scientifique de l'espacement pour assurer une zone de mise \u00e0 la terre maximale ;<\/li>\n<li>L'\u00e9paisseur de la surface de contact de la cl\u00e9 est conforme \u00e0 la cha\u00eene de blocs crypt\u00e9s (22 mm-28 mm), et la couche r\u00e9sistante \u00e0 l'usure est trait\u00e9e avec la technologie de trempe pour am\u00e9liorer sa dur\u00e9e de vie.<\/li>\n<\/ul>\n<p>1TP5Sous terre#unnel#tyrechains#tyreprotectionchain#chainblock<\/p>","protected":false},"excerpt":{"rendered":"<ul>\n<li>Dimension du composant principal (L x H x L) : 35x43x75mm.<\/li>\n<li>Fabrication de cha\u00eenes de protection des pneus de qualit\u00e9<\/li>\n<\/ul>","protected":false},"featured_media":568,"template":"","meta":{"inline_featured_image":false,"_kad_post_transparent":"default","_kad_post_title":"","_kad_post_layout":"default","_kad_post_sidebar_id":"","_kad_post_content_style":"default","_kad_post_vertical_padding":"default","_kad_post_feature":"","_kad_post_feature_position":"","_kad_post_header":false,"_kad_post_footer":false},"product_brand":[],"product_cat":[30,26],"product_tag":[],"class_list":{"0":"post-627","1":"product","2":"type-product","3":"status-publish","4":"has-post-thumbnail","6":"product_cat-loader-grader-tire-chain","7":"product_cat-reinforced","9":"first","10":"instock","11":"shipping-taxable","12":"product-type-simple","13":"entry","14":"content-bg","15":"loop-entry"},"yoast_head":"<!-- This site is optimized with the Yoast SEO plugin v25.4 - https:\/\/yoast.com\/wordpress\/plugins\/seo\/ -->\n<title>Supplier of Loader Tire Chains for Underground Tunnel Working Application - twchains<\/title>\n<meta name=\"robots\" content=\"index, follow, max-snippet:-1, max-image-preview:large, max-video-preview:-1\" \/>\n<link rel=\"canonical\" href=\"https:\/\/twchains.com\/fr\/produit\/supplier-of-loader-tire-chains-for-underground-tunnel-working-application\/\" \/>\n<meta property=\"og:locale\" content=\"fr_FR\" \/>\n<meta property=\"og:type\" content=\"article\" \/>\n<meta property=\"og:title\" content=\"Supplier of Loader Tire Chains for Underground Tunnel Working Application - twchains\" \/>\n<meta property=\"og:description\" content=\"Main Component Dimension(W x H x L): 35x43x75mm.  Quality Tire Protection Chains Manufacturing\" \/>\n<meta property=\"og:url\" content=\"https:\/\/twchains.com\/fr\/produit\/supplier-of-loader-tire-chains-for-underground-tunnel-working-application\/\" \/>\n<meta property=\"og:site_name\" content=\"twchains\" \/>\n<meta property=\"article:modified_time\" content=\"2025-04-29T04:29:54+00:00\" \/>\n<meta property=\"og:image\" content=\"https:\/\/twchains.com\/wp-content\/uploads\/2025\/04\/aebb6ebb6d53fb754e404b056e05d3f.jpg\" \/>\n\t<meta property=\"og:image:width\" content=\"1280\" \/>\n\t<meta property=\"og:image:height\" content=\"1706\" \/>\n\t<meta property=\"og:image:type\" content=\"image\/jpeg\" \/>\n<meta name=\"twitter:card\" content=\"summary_large_image\" \/>\n<meta name=\"twitter:label1\" content=\"Dur\u00e9e de lecture estim\u00e9e\" \/>\n\t<meta name=\"twitter:data1\" content=\"1 minute\" \/>\n<script type=\"application\/ld+json\" class=\"yoast-schema-graph\">{\"@context\":\"https:\/\/schema.org\",\"@graph\":[{\"@type\":\"WebPage\",\"@id\":\"https:\/\/twchains.com\/product\/supplier-of-loader-tire-chains-for-underground-tunnel-working-application\/\",\"url\":\"https:\/\/twchains.com\/product\/supplier-of-loader-tire-chains-for-underground-tunnel-working-application\/\",\"name\":\"Supplier of Loader Tire Chains for Underground Tunnel Working Application - twchains\",\"isPartOf\":{\"@id\":\"https:\/\/twchains.com\/#website\"},\"primaryImageOfPage\":{\"@id\":\"https:\/\/twchains.com\/product\/supplier-of-loader-tire-chains-for-underground-tunnel-working-application\/#primaryimage\"},\"image\":{\"@id\":\"https:\/\/twchains.com\/product\/supplier-of-loader-tire-chains-for-underground-tunnel-working-application\/#primaryimage\"},\"thumbnailUrl\":\"https:\/\/twchains.com\/wp-content\/uploads\/2025\/04\/aebb6ebb6d53fb754e404b056e05d3f.jpg\",\"datePublished\":\"2025-04-25T03:35:45+00:00\",\"dateModified\":\"2025-04-29T04:29:54+00:00\",\"breadcrumb\":{\"@id\":\"https:\/\/twchains.com\/product\/supplier-of-loader-tire-chains-for-underground-tunnel-working-application\/#breadcrumb\"},\"inLanguage\":\"fr-FR\",\"potentialAction\":[{\"@type\":\"ReadAction\",\"target\":[\"https:\/\/twchains.com\/product\/supplier-of-loader-tire-chains-for-underground-tunnel-working-application\/\"]}]},{\"@type\":\"ImageObject\",\"inLanguage\":\"fr-FR\",\"@id\":\"https:\/\/twchains.com\/product\/supplier-of-loader-tire-chains-for-underground-tunnel-working-application\/#primaryimage\",\"url\":\"https:\/\/twchains.com\/wp-content\/uploads\/2025\/04\/aebb6ebb6d53fb754e404b056e05d3f.jpg\",\"contentUrl\":\"https:\/\/twchains.com\/wp-content\/uploads\/2025\/04\/aebb6ebb6d53fb754e404b056e05d3f.jpg\",\"width\":1280,\"height\":1706},{\"@type\":\"BreadcrumbList\",\"@id\":\"https:\/\/twchains.com\/product\/supplier-of-loader-tire-chains-for-underground-tunnel-working-application\/#breadcrumb\",\"itemListElement\":[{\"@type\":\"ListItem\",\"position\":1,\"name\":\"Home\",\"item\":\"https:\/\/twchains.com\/\"},{\"@type\":\"ListItem\",\"position\":2,\"name\":\"Products\",\"item\":\"https:\/\/twchains.com\/products\/\"},{\"@type\":\"ListItem\",\"position\":3,\"name\":\"Supplier of Loader Tire Chains for Underground Tunnel Working Application\"}]},{\"@type\":\"WebSite\",\"@id\":\"https:\/\/twchains.com\/#website\",\"url\":\"https:\/\/twchains.com\/\",\"name\":\"twchains\",\"description\":\"\",\"publisher\":{\"@id\":\"https:\/\/twchains.com\/#organization\"},\"potentialAction\":[{\"@type\":\"SearchAction\",\"target\":{\"@type\":\"EntryPoint\",\"urlTemplate\":\"https:\/\/twchains.com\/?s={search_term_string}\"},\"query-input\":{\"@type\":\"PropertyValueSpecification\",\"valueRequired\":true,\"valueName\":\"search_term_string\"}}],\"inLanguage\":\"fr-FR\"},{\"@type\":\"Organization\",\"@id\":\"https:\/\/twchains.com\/#organization\",\"name\":\"twchains\",\"url\":\"https:\/\/twchains.com\/\",\"logo\":{\"@type\":\"ImageObject\",\"inLanguage\":\"fr-FR\",\"@id\":\"https:\/\/twchains.com\/#\/schema\/logo\/image\/\",\"url\":\"https:\/\/twchains.com\/wp-content\/uploads\/2025\/04\/tongwei-logo-100.svg\",\"contentUrl\":\"https:\/\/twchains.com\/wp-content\/uploads\/2025\/04\/tongwei-logo-100.svg\",\"width\":128,\"height\":100,\"caption\":\"twchains\"},\"image\":{\"@id\":\"https:\/\/twchains.com\/#\/schema\/logo\/image\/\"}}]}<\/script>\n<!-- \/ Yoast SEO plugin. -->","yoast_head_json":{"title":"Supplier of Loader Tire Chains for Underground Tunnel Working Application - twchains","robots":{"index":"index","follow":"follow","max-snippet":"max-snippet:-1","max-image-preview":"max-image-preview:large","max-video-preview":"max-video-preview:-1"},"canonical":"https:\/\/twchains.com\/fr\/produit\/supplier-of-loader-tire-chains-for-underground-tunnel-working-application\/","og_locale":"fr_FR","og_type":"article","og_title":"Supplier of Loader Tire Chains for Underground Tunnel Working Application - twchains","og_description":"Main Component Dimension(W x H x L): 35x43x75mm.  Quality Tire Protection Chains Manufacturing","og_url":"https:\/\/twchains.com\/fr\/produit\/supplier-of-loader-tire-chains-for-underground-tunnel-working-application\/","og_site_name":"twchains","article_modified_time":"2025-04-29T04:29:54+00:00","og_image":[{"width":1280,"height":1706,"url":"https:\/\/twchains.com\/wp-content\/uploads\/2025\/04\/aebb6ebb6d53fb754e404b056e05d3f.jpg","type":"image\/jpeg"}],"twitter_card":"summary_large_image","twitter_misc":{"Dur\u00e9e de lecture estim\u00e9e":"1 minute"},"schema":{"@context":"https:\/\/schema.org","@graph":[{"@type":"WebPage","@id":"https:\/\/twchains.com\/product\/supplier-of-loader-tire-chains-for-underground-tunnel-working-application\/","url":"https:\/\/twchains.com\/product\/supplier-of-loader-tire-chains-for-underground-tunnel-working-application\/","name":"Supplier of Loader Tire Chains for Underground Tunnel Working Application - twchains","isPartOf":{"@id":"https:\/\/twchains.com\/#website"},"primaryImageOfPage":{"@id":"https:\/\/twchains.com\/product\/supplier-of-loader-tire-chains-for-underground-tunnel-working-application\/#primaryimage"},"image":{"@id":"https:\/\/twchains.com\/product\/supplier-of-loader-tire-chains-for-underground-tunnel-working-application\/#primaryimage"},"thumbnailUrl":"https:\/\/twchains.com\/wp-content\/uploads\/2025\/04\/aebb6ebb6d53fb754e404b056e05d3f.jpg","datePublished":"2025-04-25T03:35:45+00:00","dateModified":"2025-04-29T04:29:54+00:00","breadcrumb":{"@id":"https:\/\/twchains.com\/product\/supplier-of-loader-tire-chains-for-underground-tunnel-working-application\/#breadcrumb"},"inLanguage":"fr-FR","potentialAction":[{"@type":"ReadAction","target":["https:\/\/twchains.com\/product\/supplier-of-loader-tire-chains-for-underground-tunnel-working-application\/"]}]},{"@type":"ImageObject","inLanguage":"fr-FR","@id":"https:\/\/twchains.com\/product\/supplier-of-loader-tire-chains-for-underground-tunnel-working-application\/#primaryimage","url":"https:\/\/twchains.com\/wp-content\/uploads\/2025\/04\/aebb6ebb6d53fb754e404b056e05d3f.jpg","contentUrl":"https:\/\/twchains.com\/wp-content\/uploads\/2025\/04\/aebb6ebb6d53fb754e404b056e05d3f.jpg","width":1280,"height":1706},{"@type":"BreadcrumbList","@id":"https:\/\/twchains.com\/product\/supplier-of-loader-tire-chains-for-underground-tunnel-working-application\/#breadcrumb","itemListElement":[{"@type":"ListItem","position":1,"name":"Home","item":"https:\/\/twchains.com\/"},{"@type":"ListItem","position":2,"name":"Products","item":"https:\/\/twchains.com\/products\/"},{"@type":"ListItem","position":3,"name":"Supplier of Loader Tire Chains for Underground Tunnel Working Application"}]},{"@type":"WebSite","@id":"https:\/\/twchains.com\/#website","url":"https:\/\/twchains.com\/","name":"twchains","description":"","publisher":{"@id":"https:\/\/twchains.com\/#organization"},"potentialAction":[{"@type":"SearchAction","target":{"@type":"EntryPoint","urlTemplate":"https:\/\/twchains.com\/?s={search_term_string}"},"query-input":{"@type":"PropertyValueSpecification","valueRequired":true,"valueName":"search_term_string"}}],"inLanguage":"fr-FR"},{"@type":"Organization","@id":"https:\/\/twchains.com\/#organization","name":"twchains","url":"https:\/\/twchains.com\/","logo":{"@type":"ImageObject","inLanguage":"fr-FR","@id":"https:\/\/twchains.com\/#\/schema\/logo\/image\/","url":"https:\/\/twchains.com\/wp-content\/uploads\/2025\/04\/tongwei-logo-100.svg","contentUrl":"https:\/\/twchains.com\/wp-content\/uploads\/2025\/04\/tongwei-logo-100.svg","width":128,"height":100,"caption":"twchains"},"image":{"@id":"https:\/\/twchains.com\/#\/schema\/logo\/image\/"}}]}},"_links":{"self":[{"href":"https:\/\/twchains.com\/fr\/wp-json\/wp\/v2\/product\/627","targetHints":{"allow":["GET"]}}],"collection":[{"href":"https:\/\/twchains.com\/fr\/wp-json\/wp\/v2\/product"}],"about":[{"href":"https:\/\/twchains.com\/fr\/wp-json\/wp\/v2\/types\/product"}],"wp:featuredmedia":[{"embeddable":true,"href":"https:\/\/twchains.com\/fr\/wp-json\/wp\/v2\/media\/568"}],"wp:attachment":[{"href":"https:\/\/twchains.com\/fr\/wp-json\/wp\/v2\/media?parent=627"}],"wp:term":[{"taxonomy":"product_brand","embeddable":true,"href":"https:\/\/twchains.com\/fr\/wp-json\/wp\/v2\/product_brand?post=627"},{"taxonomy":"product_cat","embeddable":true,"href":"https:\/\/twchains.com\/fr\/wp-json\/wp\/v2\/product_cat?post=627"},{"taxonomy":"product_tag","embeddable":true,"href":"https:\/\/twchains.com\/fr\/wp-json\/wp\/v2\/product_tag?post=627"}],"curies":[{"name":"wp","href":"https:\/\/api.w.org\/{rel}","templated":true}]}}