{"id":630,"date":"2025-04-25T04:20:17","date_gmt":"2025-04-25T04:20:17","guid":{"rendered":"https:\/\/twchains.com\/?post_type=product&#038;p=630"},"modified":"2025-04-26T08:17:41","modified_gmt":"2025-04-26T08:17:41","slug":"chaines-de-protection-des-pneus-de-qualite-garantie-23-5r25-pour-lusine-de-laitier-dacier-chaud","status":"publish","type":"product","link":"https:\/\/twchains.com\/fr\/produit\/chaines-de-protection-des-pneus-de-qualite-garantie-23-5r25-pour-lusine-de-laitier-dacier-chaud\/","title":{"rendered":"Cha\u00eenes de protection des pneus de qualit\u00e9 garantie 23.5r25 pour l'usine de laitier d'acier chaud"},"content":{"rendered":"<p>Dans les sc\u00e9narios de transport de scories d'acier \u00e0 haute temp\u00e9rature, comme dans les aci\u00e9ries et les ateliers m\u00e9tallurgiques, les cha\u00eenes de protection des pneus ordinaires sont susceptibles de se fragiliser, de se rompre ou d'adh\u00e9rer aux pneus en raison de probl\u00e8mes tels que la combustion \u00e0 haute temp\u00e9rature, l'adh\u00e9rence des scories et le refroidissement rapide. Pour ces conditions de travail extr\u00eames, nous avons d\u00e9velopp\u00e9 une cha\u00eene de protection des pneus sp\u00e9ciale r\u00e9sistante aux hautes temp\u00e9ratures afin de garantir que l'\u00e9quipement puisse fonctionner efficacement et en toute s\u00e9curit\u00e9, m\u00eame dans l'\u00e9tat br\u00fblant des scories d'acier.<\/p>\n<p>Nous avons des employ\u00e9s tr\u00e8s exp\u00e9riment\u00e9s qui travaillent dans l'usine depuis sa cr\u00e9ation. Ils peuvent nous aider \u00e0 \u00e9viter certaines erreurs courantes. Par ailleurs, les ateliers de notre usine nous appartiennent en totalit\u00e9 et nous n'avons pas de loyer, ce qui nous permet de d\u00e9velopper des cha\u00eenes de protection des pneus de meilleure qualit\u00e9 et \u00e0 des prix plus adapt\u00e9s.<\/p>\n<div data-slate-node=\"element\" data-slate-fragment=\"JTVCJTdCJTIydHlwZSUyMiUzQSUyMnBhcmFncmFwaCUyMiUyQyUyMmNoaWxkcmVuJTIyJTNBJTVCJTdCJTIyaWQlMjIlM0ElMjJWb0F4N0VnZ3FuJTIyJTJDJTIycGFyYUlkeCUyMiUzQTQlMkMlMjJzcmMlMjIlM0ElMjJFWFBFUklFTkNFRCUyMFRFQU0lMjIlMkMlMjJkc3QlMjIlM0ElMjIlRTclQkIlOEYlRTklQUElOEMlRTQlQjglQjAlRTUlQUYlOEMlRTclOUElODQlRTUlOUIlQTIlRTklOTglOUYlMjIlMkMlMjJtZXRhZGF0YSUyMiUzQSUyMiUyMiUyQyUyMm1hdGNoZXMlMjIlM0FudWxsJTJDJTIybWV0YURhdGElMjIlM0ElNUIlNUQlMkMlMjJ0ZXh0JTIyJTNBJTIyRVhQRVJJRU5DRUQlMjBURUFNJTIyJTdEJTVEJTdEJTJDJTdCJTIydHlwZSUyMiUzQSUyMnBhcmFncmFwaCUyMiUyQyUyMmNoaWxkcmVuJTIyJTNBJTVCJTdCJTIyaWQlMjIlM0ElMjI5WHdZdkt5THFQJTIyJTJDJTIycGFyYUlkeCUyMiUzQTUlMkMlMjJzcmMlMjIlM0ElMjJPdXIlMjB0cmFpbmVkJTIwdGVjaG5pY2lhbnMlMjBwcm92aWRlJTIwb24tc2l0ZSUyMGluc3RhbGxhdGlvbiUyMGFuZCUyMHRyYWluaW5nJTIwZm9yJTIwZnV0dXJlJTIwbWFpbnRlbmFuY2UlMjBhbG9uZyUyMHdpdGglMjBzcGFyZSUyMHBhcnRzJTJDJTIwc3BlY2lhbCUyMHRvb2xzJTIwYW5kJTIwYWNjZXNzb3JpZXMlMkMlMjB3aGljaCUyMGFyZSUyMGVzc2VudGlhbCUyMGZvciUyMGRlbGl2ZXJpbmclMjBiZXN0JTIwcGVyZm9ybWFuY2UlMjBhbmQlMjBlbnN1cmluZyUyMGxvbmclMjBzZXJ2aWNlJTIwbGlmZSUyMG9mJTIwdGhlJTIwcHJvZHVjdC4lMjIlMkMlMjJkc3QlMjIlM0ElMjIlRTYlODglOTElRTQlQkIlQUMlRTglQUUlQUQlRTclQkIlODMlRTYlOUMlODklRTclQjQlQTAlRTclOUElODQlRTYlOEElODAlRTYlOUMlQUYlRTQlQkElQkElRTUlOTElOTglRTYlOEYlOTAlRTQlQkUlOUIlRTclOEUlQjAlRTUlOUMlQkElRTUlQUUlODklRTglQTMlODUlRTUlOTIlOEMlRTYlOUMlQUElRTYlOUQlQTUlRTclQkIlQjQlRTYlOEElQTQlRTUlOUYlQjklRTglQUUlQUQlRUYlQkMlOEMlRTQlQkIlQTUlRTUlOEYlOEElRTUlQTQlODclRTQlQkIlQjYlRTMlODAlODElRTQlQjglOTMlRTclOTQlQTglRTUlQjclQTUlRTUlODUlQjclRTUlOTIlOEMlRTklODUlOEQlRTQlQkIlQjYlRUYlQkMlOEMlRTglQkYlOTklRTQlQkElOUIlRTUlQUYlQjklRTQlQkElOEUlRTYlOEYlOTAlRTQlQkUlOUIlRTYlOUMlODAlRTQlQkQlQjMlRTYlODAlQTclRTglODMlQkQlRTUlOTIlOEMlRTclQTElQUUlRTQlQkYlOUQlRTQlQkElQTclRTUlOTMlODElRTclOUElODQlRTklOTUlQkYlRTQlQkQlQkYlRTclOTQlQTglRTUlQUYlQkYlRTUlOTElQkQlRTglODclQjMlRTUlODUlQjMlRTklODclOEQlRTglQTYlODElRTMlODAlODIlMjIlMkMlMjJtZXRhZGF0YSUyMiUzQSUyMiUyMiUyQyUyMm1hdGNoZXMlMjIlM0FudWxsJTJDJTIybWV0YURhdGElMjIlM0ElNUIlNUQlMkMlMjJ0ZXh0JTIyJTNBJTIyT3VyJTIwdHJhaW5lZCUyMHRlY2huaWNpYW5zJTIwcHJvdmlkZSUyMG9uLXNpdGUlMjBpbnN0YWxsYXRpb24lMjBhbmQlMjB0cmFpbmluZyUyMGZvciUyMGZ1dHVyZSUyMG1haW50ZW5hbmNlJTIwYWxvbmclMjB3aXRoJTIwc3BhcmUlMjBwYXJ0cyUyQyUyMHNwZWNpYWwlMjB0b29scyUyMGFuZCUyMGFjY2Vzc29yaWVzJTJDJTIwd2hpY2glMjBhcmUlMjBlc3NlbnRpYWwlMjBmb3IlMjBkZWxpdmVyaW5nJTIwYmVzdCUyMHBlcmZvcm1hbmNlJTIwYW5kJTIwZW5zdXJpbmclMjBsb25nJTIwc2VydmljZSUyMGxpZmUlMjBvZiUyMHRoZSUyMHByb2R1Y3QuJTIyJTdEJTVEJTdEJTVE\"><span data-slate-node=\"text\">Nos techniciens qualifi\u00e9s assurent l'installation sur site et la formation \u00e0 la maintenance future, ainsi que la fourniture de pi\u00e8ces d\u00e9tach\u00e9es, d'outils sp\u00e9ciaux et d'accessoires, qui sont essentiels pour obtenir les meilleures performances et garantir une longue dur\u00e9e de vie du produit.<\/span><\/div>\n<div data-slate-node=\"element\" data-slate-fragment=\"JTVCJTdCJTIydHlwZSUyMiUzQSUyMnBhcmFncmFwaCUyMiUyQyUyMmNoaWxkcmVuJTIyJTNBJTVCJTdCJTIyaWQlMjIlM0ElMjJWb0F4N0VnZ3FuJTIyJTJDJTIycGFyYUlkeCUyMiUzQTQlMkMlMjJzcmMlMjIlM0ElMjJFWFBFUklFTkNFRCUyMFRFQU0lMjIlMkMlMjJkc3QlMjIlM0ElMjIlRTclQkIlOEYlRTklQUElOEMlRTQlQjglQjAlRTUlQUYlOEMlRTclOUElODQlRTUlOUIlQTIlRTklOTglOUYlMjIlMkMlMjJtZXRhZGF0YSUyMiUzQSUyMiUyMiUyQyUyMm1hdGNoZXMlMjIlM0FudWxsJTJDJTIybWV0YURhdGElMjIlM0ElNUIlNUQlMkMlMjJ0ZXh0JTIyJTNBJTIyRVhQRVJJRU5DRUQlMjBURUFNJTIyJTdEJTVEJTdEJTJDJTdCJTIydHlwZSUyMiUzQSUyMnBhcmFncmFwaCUyMiUyQyUyMmNoaWxkcmVuJTIyJTNBJTVCJTdCJTIyaWQlMjIlM0ElMjI5WHdZdkt5THFQJTIyJTJDJTIycGFyYUlkeCUyMiUzQTUlMkMlMjJzcmMlMjIlM0ElMjJPdXIlMjB0cmFpbmVkJTIwdGVjaG5pY2lhbnMlMjBwcm92aWRlJTIwb24tc2l0ZSUyMGluc3RhbGxhdGlvbiUyMGFuZCUyMHRyYWluaW5nJTIwZm9yJTIwZnV0dXJlJTIwbWFpbnRlbmFuY2UlMjBhbG9uZyUyMHdpdGglMjBzcGFyZSUyMHBhcnRzJTJDJTIwc3BlY2lhbCUyMHRvb2xzJTIwYW5kJTIwYWNjZXNzb3JpZXMlMkMlMjB3aGljaCUyMGFyZSUyMGVzc2VudGlhbCUyMGZvciUyMGRlbGl2ZXJpbmclMjBiZXN0JTIwcGVyZm9ybWFuY2UlMjBhbmQlMjBlbnN1cmluZyUyMGxvbmclMjBzZXJ2aWNlJTIwbGlmZSUyMG9mJTIwdGhlJTIwcHJvZHVjdC4lMjIlMkMlMjJkc3QlMjIlM0ElMjIlRTYlODglOTElRTQlQkIlQUMlRTglQUUlQUQlRTclQkIlODMlRTYlOUMlODklRTclQjQlQTAlRTclOUElODQlRTYlOEElODAlRTYlOUMlQUYlRTQlQkElQkElRTUlOTElOTglRTYlOEYlOTAlRTQlQkUlOUIlRTclOEUlQjAlRTUlOUMlQkElRTUlQUUlODklRTglQTMlODUlRTUlOTIlOEMlRTYlOUMlQUElRTYlOUQlQTUlRTclQkIlQjQlRTYlOEElQTQlRTUlOUYlQjklRTglQUUlQUQlRUYlQkMlOEMlRTQlQkIlQTUlRTUlOEYlOEElRTUlQTQlODclRTQlQkIlQjYlRTMlODAlODElRTQlQjglOTMlRTclOTQlQTglRTUlQjclQTUlRTUlODUlQjclRTUlOTIlOEMlRTklODUlOEQlRTQlQkIlQjYlRUYlQkMlOEMlRTglQkYlOTklRTQlQkElOUIlRTUlQUYlQjklRTQlQkElOEUlRTYlOEYlOTAlRTQlQkUlOUIlRTYlOUMlODAlRTQlQkQlQjMlRTYlODAlQTclRTglODMlQkQlRTUlOTIlOEMlRTclQTElQUUlRTQlQkYlOUQlRTQlQkElQTclRTUlOTMlODElRTclOUElODQlRTklOTUlQkYlRTQlQkQlQkYlRTclOTQlQTglRTUlQUYlQkYlRTUlOTElQkQlRTglODclQjMlRTUlODUlQjMlRTklODclOEQlRTglQTYlODElRTMlODAlODIlMjIlMkMlMjJtZXRhZGF0YSUyMiUzQSUyMiUyMiUyQyUyMm1hdGNoZXMlMjIlM0FudWxsJTJDJTIybWV0YURhdGElMjIlM0ElNUIlNUQlMkMlMjJ0ZXh0JTIyJTNBJTIyT3VyJTIwdHJhaW5lZCUyMHRlY2huaWNpYW5zJTIwcHJvdmlkZSUyMG9uLXNpdGUlMjBpbnN0YWxsYXRpb24lMjBhbmQlMjB0cmFpbmluZyUyMGZvciUyMGZ1dHVyZSUyMG1haW50ZW5hbmNlJTIwYWxvbmclMjB3aXRoJTIwc3BhcmUlMjBwYXJ0cyUyQyUyMHNwZWNpYWwlMjB0b29scyUyMGFuZCUyMGFjY2Vzc29yaWVzJTJDJTIwd2hpY2glMjBhcmUlMjBlc3NlbnRpYWwlMjBmb3IlMjBkZWxpdmVyaW5nJTIwYmVzdCUyMHBlcmZvcm1hbmNlJTIwYW5kJTIwZW5zdXJpbmclMjBsb25nJTIwc2VydmljZSUyMGxpZmUlMjBvZiUyMHRoZSUyMHByb2R1Y3QuJTIyJTdEJTVEJTdEJTVE\"><\/div>\n<div data-slate-node=\"element\" data-slate-fragment=\"JTVCJTdCJTIydHlwZSUyMiUzQSUyMnBhcmFncmFwaCUyMiUyQyUyMmNoaWxkcmVuJTIyJTNBJTVCJTdCJTIyaWQlMjIlM0ElMjJWb0F4N0VnZ3FuJTIyJTJDJTIycGFyYUlkeCUyMiUzQTQlMkMlMjJzcmMlMjIlM0ElMjJFWFBFUklFTkNFRCUyMFRFQU0lMjIlMkMlMjJkc3QlMjIlM0ElMjIlRTclQkIlOEYlRTklQUElOEMlRTQlQjglQjAlRTUlQUYlOEMlRTclOUElODQlRTUlOUIlQTIlRTklOTglOUYlMjIlMkMlMjJtZXRhZGF0YSUyMiUzQSUyMiUyMiUyQyUyMm1hdGNoZXMlMjIlM0FudWxsJTJDJTIybWV0YURhdGElMjIlM0ElNUIlNUQlMkMlMjJ0ZXh0JTIyJTNBJTIyRVhQRVJJRU5DRUQlMjBURUFNJTIyJTdEJTVEJTdEJTJDJTdCJTIydHlwZSUyMiUzQSUyMnBhcmFncmFwaCUyMiUyQyUyMmNoaWxkcmVuJTIyJTNBJTVCJTdCJTIyaWQlMjIlM0ElMjI5WHdZdkt5THFQJTIyJTJDJTIycGFyYUlkeCUyMiUzQTUlMkMlMjJzcmMlMjIlM0ElMjJPdXIlMjB0cmFpbmVkJTIwdGVjaG5pY2lhbnMlMjBwcm92aWRlJTIwb24tc2l0ZSUyMGluc3RhbGxhdGlvbiUyMGFuZCUyMHRyYWluaW5nJTIwZm9yJTIwZnV0dXJlJTIwbWFpbnRlbmFuY2UlMjBhbG9uZyUyMHdpdGglMjBzcGFyZSUyMHBhcnRzJTJDJTIwc3BlY2lhbCUyMHRvb2xzJTIwYW5kJTIwYWNjZXNzb3JpZXMlMkMlMjB3aGljaCUyMGFyZSUyMGVzc2VudGlhbCUyMGZvciUyMGRlbGl2ZXJpbmclMjBiZXN0JTIwcGVyZm9ybWFuY2UlMjBhbmQlMjBlbnN1cmluZyUyMGxvbmclMjBzZXJ2aWNlJTIwbGlmZSUyMG9mJTIwdGhlJTIwcHJvZHVjdC4lMjIlMkMlMjJkc3QlMjIlM0ElMjIlRTYlODglOTElRTQlQkIlQUMlRTglQUUlQUQlRTclQkIlODMlRTYlOUMlODklRTclQjQlQTAlRTclOUElODQlRTYlOEElODAlRTYlOUMlQUYlRTQlQkElQkElRTUlOTElOTglRTYlOEYlOTAlRTQlQkUlOUIlRTclOEUlQjAlRTUlOUMlQkElRTUlQUUlODklRTglQTMlODUlRTUlOTIlOEMlRTYlOUMlQUElRTYlOUQlQTUlRTclQkIlQjQlRTYlOEElQTQlRTUlOUYlQjklRTglQUUlQUQlRUYlQkMlOEMlRTQlQkIlQTUlRTUlOEYlOEElRTUlQTQlODclRTQlQkIlQjYlRTMlODAlODElRTQlQjglOTMlRTclOTQlQTglRTUlQjclQTUlRTUlODUlQjclRTUlOTIlOEMlRTklODUlOEQlRTQlQkIlQjYlRUYlQkMlOEMlRTglQkYlOTklRTQlQkElOUIlRTUlQUYlQjklRTQlQkElOEUlRTYlOEYlOTAlRTQlQkUlOUIlRTYlOUMlODAlRTQlQkQlQjMlRTYlODAlQTclRTglODMlQkQlRTUlOTIlOEMlRTclQTElQUUlRTQlQkYlOUQlRTQlQkElQTclRTUlOTMlODElRTclOUElODQlRTklOTUlQkYlRTQlQkQlQkYlRTclOTQlQTglRTUlQUYlQkYlRTUlOTElQkQlRTglODclQjMlRTUlODUlQjMlRTklODclOEQlRTglQTYlODElRTMlODAlODIlMjIlMkMlMjJtZXRhZGF0YSUyMiUzQSUyMiUyMiUyQyUyMm1hdGNoZXMlMjIlM0FudWxsJTJDJTIybWV0YURhdGElMjIlM0ElNUIlNUQlMkMlMjJ0ZXh0JTIyJTNBJTIyT3VyJTIwdHJhaW5lZCUyMHRlY2huaWNpYW5zJTIwcHJvdmlkZSUyMG9uLXNpdGUlMjBpbnN0YWxsYXRpb24lMjBhbmQlMjB0cmFpbmluZyUyMGZvciUyMGZ1dHVyZSUyMG1haW50ZW5hbmNlJTIwYWxvbmclMjB3aXRoJTIwc3BhcmUlMjBwYXJ0cyUyQyUyMHNwZWNpYWwlMjB0b29scyUyMGFuZCUyMGFjY2Vzc29yaWVzJTJDJTIwd2hpY2glMjBhcmUlMjBlc3NlbnRpYWwlMjBmb3IlMjBkZWxpdmVyaW5nJTIwYmVzdCUyMHBlcmZvcm1hbmNlJTIwYW5kJTIwZW5zdXJpbmclMjBsb25nJTIwc2VydmljZSUyMGxpZmUlMjBvZiUyMHRoZSUyMHByb2R1Y3QuJTIyJTdEJTVEJTdEJTVE\">#orture#orture mini\u00e8re#ransformation#ransformation#ransformation#ransformation#ransformation#ransformation#ransformation#ransformation#ransformation#ransformation#ransformation#ransformation#ransformation#ransformation#ransformation2<\/div>","protected":false},"excerpt":{"rendered":"<ul>\n<li>Travailleurs qualifi\u00e9s<\/li>\n<li><span data-slate-fragment=\"JTVCJTdCJTIydHlwZSUyMiUzQSUyMnBhcmFncmFwaCUyMiUyQyUyMmNoaWxkcmVuJTIyJTNBJTVCJTdCJTIyaWQlMjIlM0ElMjJWb0F4N0VnZ3FuJTIyJTJDJTIycGFyYUlkeCUyMiUzQTQlMkMlMjJzcmMlMjIlM0ElMjJFWFBFUklFTkNFRCUyMFRFQU0lMjIlMkMlMjJkc3QlMjIlM0ElMjIlRTclQkIlOEYlRTklQUElOEMlRTQlQjglQjAlRTUlQUYlOEMlRTclOUElODQlRTUlOUIlQTIlRTklOTglOUYlMjIlMkMlMjJtZXRhZGF0YSUyMiUzQSUyMiUyMiUyQyUyMm1hdGNoZXMlMjIlM0FudWxsJTJDJTIybWV0YURhdGElMjIlM0ElNUIlNUQlMkMlMjJ0ZXh0JTIyJTNBJTIyRVhQRVJJRU5DRUQlMjBURUFNJTIyJTdEJTVEJTdEJTVE\">Une \u00e9quipe exp\u00e9riment\u00e9e<\/span><\/li>\n<li>Une \u00e9quipe de service apr\u00e8s-vente professionnelle<\/li>\n<\/ul>","protected":false},"featured_media":631,"template":"","meta":{"inline_featured_image":false,"_kad_post_transparent":"default","_kad_post_title":"","_kad_post_layout":"default","_kad_post_sidebar_id":"","_kad_post_content_style":"default","_kad_post_vertical_padding":"default","_kad_post_feature":"","_kad_post_feature_position":"","_kad_post_header":false,"_kad_post_footer":false},"product_brand":[],"product_cat":[15,27,26],"product_tag":[],"class_list":{"0":"post-630","1":"product","2":"type-product","3":"status-publish","4":"has-post-thumbnail","6":"product_cat-tyre-protection-chain","7":"product_cat-encryption","8":"product_cat-reinforced","10":"first","11":"instock","12":"shipping-taxable","13":"product-type-simple","14":"entry","15":"content-bg","16":"loop-entry"},"yoast_head":"<!-- This site is optimized with the Yoast SEO plugin v25.4 - https:\/\/yoast.com\/wordpress\/plugins\/seo\/ -->\n<title>Quality Guaranteed 23.5r25 Tire Protection Chains for Hot Steel Slag Plant - twchains<\/title>\n<meta name=\"robots\" content=\"index, follow, max-snippet:-1, max-image-preview:large, max-video-preview:-1\" \/>\n<link rel=\"canonical\" href=\"https:\/\/twchains.com\/fr\/produit\/chaines-de-protection-des-pneus-de-qualite-garantie-23-5r25-pour-lusine-de-laitier-dacier-chaud\/\" \/>\n<meta property=\"og:locale\" content=\"fr_FR\" \/>\n<meta property=\"og:type\" content=\"article\" \/>\n<meta property=\"og:title\" content=\"Quality Guaranteed 23.5r25 Tire Protection Chains for Hot Steel Slag Plant - twchains\" \/>\n<meta property=\"og:description\" content=\"Skilled Workers  Experienced Team  Professional After-Sales Team\" \/>\n<meta property=\"og:url\" content=\"https:\/\/twchains.com\/fr\/produit\/chaines-de-protection-des-pneus-de-qualite-garantie-23-5r25-pour-lusine-de-laitier-dacier-chaud\/\" \/>\n<meta property=\"og:site_name\" content=\"twchains\" \/>\n<meta property=\"article:modified_time\" content=\"2025-04-26T08:17:41+00:00\" \/>\n<meta property=\"og:image\" content=\"https:\/\/twchains.com\/wp-content\/uploads\/2025\/04\/1-3.jpg\" \/>\n\t<meta property=\"og:image:width\" content=\"800\" \/>\n\t<meta property=\"og:image:height\" content=\"800\" \/>\n\t<meta property=\"og:image:type\" content=\"image\/jpeg\" \/>\n<meta name=\"twitter:card\" content=\"summary_large_image\" \/>\n<meta name=\"twitter:label1\" content=\"Dur\u00e9e de lecture estim\u00e9e\" \/>\n\t<meta name=\"twitter:data1\" content=\"1 minute\" \/>\n<script type=\"application\/ld+json\" class=\"yoast-schema-graph\">{\"@context\":\"https:\/\/schema.org\",\"@graph\":[{\"@type\":\"WebPage\",\"@id\":\"https:\/\/twchains.com\/product\/quality-guaranteed-23-5r25-tire-protection-chains-for-hot-steel-slag-plant\/\",\"url\":\"https:\/\/twchains.com\/product\/quality-guaranteed-23-5r25-tire-protection-chains-for-hot-steel-slag-plant\/\",\"name\":\"Quality Guaranteed 23.5r25 Tire Protection Chains for Hot Steel Slag Plant - twchains\",\"isPartOf\":{\"@id\":\"https:\/\/twchains.com\/#website\"},\"primaryImageOfPage\":{\"@id\":\"https:\/\/twchains.com\/product\/quality-guaranteed-23-5r25-tire-protection-chains-for-hot-steel-slag-plant\/#primaryimage\"},\"image\":{\"@id\":\"https:\/\/twchains.com\/product\/quality-guaranteed-23-5r25-tire-protection-chains-for-hot-steel-slag-plant\/#primaryimage\"},\"thumbnailUrl\":\"https:\/\/twchains.com\/wp-content\/uploads\/2025\/04\/1-3.jpg\",\"datePublished\":\"2025-04-25T04:20:17+00:00\",\"dateModified\":\"2025-04-26T08:17:41+00:00\",\"breadcrumb\":{\"@id\":\"https:\/\/twchains.com\/product\/quality-guaranteed-23-5r25-tire-protection-chains-for-hot-steel-slag-plant\/#breadcrumb\"},\"inLanguage\":\"fr-FR\",\"potentialAction\":[{\"@type\":\"ReadAction\",\"target\":[\"https:\/\/twchains.com\/product\/quality-guaranteed-23-5r25-tire-protection-chains-for-hot-steel-slag-plant\/\"]}]},{\"@type\":\"ImageObject\",\"inLanguage\":\"fr-FR\",\"@id\":\"https:\/\/twchains.com\/product\/quality-guaranteed-23-5r25-tire-protection-chains-for-hot-steel-slag-plant\/#primaryimage\",\"url\":\"https:\/\/twchains.com\/wp-content\/uploads\/2025\/04\/1-3.jpg\",\"contentUrl\":\"https:\/\/twchains.com\/wp-content\/uploads\/2025\/04\/1-3.jpg\",\"width\":800,\"height\":800},{\"@type\":\"BreadcrumbList\",\"@id\":\"https:\/\/twchains.com\/product\/quality-guaranteed-23-5r25-tire-protection-chains-for-hot-steel-slag-plant\/#breadcrumb\",\"itemListElement\":[{\"@type\":\"ListItem\",\"position\":1,\"name\":\"Home\",\"item\":\"https:\/\/twchains.com\/\"},{\"@type\":\"ListItem\",\"position\":2,\"name\":\"Products\",\"item\":\"https:\/\/twchains.com\/products\/\"},{\"@type\":\"ListItem\",\"position\":3,\"name\":\"Quality Guaranteed 23.5r25 Tire Protection Chains for Hot Steel Slag Plant\"}]},{\"@type\":\"WebSite\",\"@id\":\"https:\/\/twchains.com\/#website\",\"url\":\"https:\/\/twchains.com\/\",\"name\":\"twchains\",\"description\":\"\",\"publisher\":{\"@id\":\"https:\/\/twchains.com\/#organization\"},\"potentialAction\":[{\"@type\":\"SearchAction\",\"target\":{\"@type\":\"EntryPoint\",\"urlTemplate\":\"https:\/\/twchains.com\/?s={search_term_string}\"},\"query-input\":{\"@type\":\"PropertyValueSpecification\",\"valueRequired\":true,\"valueName\":\"search_term_string\"}}],\"inLanguage\":\"fr-FR\"},{\"@type\":\"Organization\",\"@id\":\"https:\/\/twchains.com\/#organization\",\"name\":\"twchains\",\"url\":\"https:\/\/twchains.com\/\",\"logo\":{\"@type\":\"ImageObject\",\"inLanguage\":\"fr-FR\",\"@id\":\"https:\/\/twchains.com\/#\/schema\/logo\/image\/\",\"url\":\"https:\/\/twchains.com\/wp-content\/uploads\/2025\/04\/tongwei-logo-100.svg\",\"contentUrl\":\"https:\/\/twchains.com\/wp-content\/uploads\/2025\/04\/tongwei-logo-100.svg\",\"width\":128,\"height\":100,\"caption\":\"twchains\"},\"image\":{\"@id\":\"https:\/\/twchains.com\/#\/schema\/logo\/image\/\"}}]}<\/script>\n<!-- \/ Yoast SEO plugin. -->","yoast_head_json":{"title":"Quality Guaranteed 23.5r25 Tire Protection Chains for Hot Steel Slag Plant - twchains","robots":{"index":"index","follow":"follow","max-snippet":"max-snippet:-1","max-image-preview":"max-image-preview:large","max-video-preview":"max-video-preview:-1"},"canonical":"https:\/\/twchains.com\/fr\/produit\/chaines-de-protection-des-pneus-de-qualite-garantie-23-5r25-pour-lusine-de-laitier-dacier-chaud\/","og_locale":"fr_FR","og_type":"article","og_title":"Quality Guaranteed 23.5r25 Tire Protection Chains for Hot Steel Slag Plant - twchains","og_description":"Skilled Workers  Experienced Team  Professional After-Sales Team","og_url":"https:\/\/twchains.com\/fr\/produit\/chaines-de-protection-des-pneus-de-qualite-garantie-23-5r25-pour-lusine-de-laitier-dacier-chaud\/","og_site_name":"twchains","article_modified_time":"2025-04-26T08:17:41+00:00","og_image":[{"width":800,"height":800,"url":"https:\/\/twchains.com\/wp-content\/uploads\/2025\/04\/1-3.jpg","type":"image\/jpeg"}],"twitter_card":"summary_large_image","twitter_misc":{"Dur\u00e9e de lecture estim\u00e9e":"1 minute"},"schema":{"@context":"https:\/\/schema.org","@graph":[{"@type":"WebPage","@id":"https:\/\/twchains.com\/product\/quality-guaranteed-23-5r25-tire-protection-chains-for-hot-steel-slag-plant\/","url":"https:\/\/twchains.com\/product\/quality-guaranteed-23-5r25-tire-protection-chains-for-hot-steel-slag-plant\/","name":"Quality Guaranteed 23.5r25 Tire Protection Chains for Hot Steel Slag Plant - twchains","isPartOf":{"@id":"https:\/\/twchains.com\/#website"},"primaryImageOfPage":{"@id":"https:\/\/twchains.com\/product\/quality-guaranteed-23-5r25-tire-protection-chains-for-hot-steel-slag-plant\/#primaryimage"},"image":{"@id":"https:\/\/twchains.com\/product\/quality-guaranteed-23-5r25-tire-protection-chains-for-hot-steel-slag-plant\/#primaryimage"},"thumbnailUrl":"https:\/\/twchains.com\/wp-content\/uploads\/2025\/04\/1-3.jpg","datePublished":"2025-04-25T04:20:17+00:00","dateModified":"2025-04-26T08:17:41+00:00","breadcrumb":{"@id":"https:\/\/twchains.com\/product\/quality-guaranteed-23-5r25-tire-protection-chains-for-hot-steel-slag-plant\/#breadcrumb"},"inLanguage":"fr-FR","potentialAction":[{"@type":"ReadAction","target":["https:\/\/twchains.com\/product\/quality-guaranteed-23-5r25-tire-protection-chains-for-hot-steel-slag-plant\/"]}]},{"@type":"ImageObject","inLanguage":"fr-FR","@id":"https:\/\/twchains.com\/product\/quality-guaranteed-23-5r25-tire-protection-chains-for-hot-steel-slag-plant\/#primaryimage","url":"https:\/\/twchains.com\/wp-content\/uploads\/2025\/04\/1-3.jpg","contentUrl":"https:\/\/twchains.com\/wp-content\/uploads\/2025\/04\/1-3.jpg","width":800,"height":800},{"@type":"BreadcrumbList","@id":"https:\/\/twchains.com\/product\/quality-guaranteed-23-5r25-tire-protection-chains-for-hot-steel-slag-plant\/#breadcrumb","itemListElement":[{"@type":"ListItem","position":1,"name":"Home","item":"https:\/\/twchains.com\/"},{"@type":"ListItem","position":2,"name":"Products","item":"https:\/\/twchains.com\/products\/"},{"@type":"ListItem","position":3,"name":"Quality Guaranteed 23.5r25 Tire Protection Chains for Hot Steel Slag Plant"}]},{"@type":"WebSite","@id":"https:\/\/twchains.com\/#website","url":"https:\/\/twchains.com\/","name":"twchains","description":"","publisher":{"@id":"https:\/\/twchains.com\/#organization"},"potentialAction":[{"@type":"SearchAction","target":{"@type":"EntryPoint","urlTemplate":"https:\/\/twchains.com\/?s={search_term_string}"},"query-input":{"@type":"PropertyValueSpecification","valueRequired":true,"valueName":"search_term_string"}}],"inLanguage":"fr-FR"},{"@type":"Organization","@id":"https:\/\/twchains.com\/#organization","name":"twchains","url":"https:\/\/twchains.com\/","logo":{"@type":"ImageObject","inLanguage":"fr-FR","@id":"https:\/\/twchains.com\/#\/schema\/logo\/image\/","url":"https:\/\/twchains.com\/wp-content\/uploads\/2025\/04\/tongwei-logo-100.svg","contentUrl":"https:\/\/twchains.com\/wp-content\/uploads\/2025\/04\/tongwei-logo-100.svg","width":128,"height":100,"caption":"twchains"},"image":{"@id":"https:\/\/twchains.com\/#\/schema\/logo\/image\/"}}]}},"_links":{"self":[{"href":"https:\/\/twchains.com\/fr\/wp-json\/wp\/v2\/product\/630","targetHints":{"allow":["GET"]}}],"collection":[{"href":"https:\/\/twchains.com\/fr\/wp-json\/wp\/v2\/product"}],"about":[{"href":"https:\/\/twchains.com\/fr\/wp-json\/wp\/v2\/types\/product"}],"wp:featuredmedia":[{"embeddable":true,"href":"https:\/\/twchains.com\/fr\/wp-json\/wp\/v2\/media\/631"}],"wp:attachment":[{"href":"https:\/\/twchains.com\/fr\/wp-json\/wp\/v2\/media?parent=630"}],"wp:term":[{"taxonomy":"product_brand","embeddable":true,"href":"https:\/\/twchains.com\/fr\/wp-json\/wp\/v2\/product_brand?post=630"},{"taxonomy":"product_cat","embeddable":true,"href":"https:\/\/twchains.com\/fr\/wp-json\/wp\/v2\/product_cat?post=630"},{"taxonomy":"product_tag","embeddable":true,"href":"https:\/\/twchains.com\/fr\/wp-json\/wp\/v2\/product_tag?post=630"}],"curies":[{"name":"wp","href":"https:\/\/api.w.org\/{rel}","templated":true}]}}