{"id":650,"date":"2025-04-26T08:05:32","date_gmt":"2025-04-26T08:05:32","guid":{"rendered":"https:\/\/twchains.com\/?post_type=product&#038;p=650"},"modified":"2025-04-29T04:29:39","modified_gmt":"2025-04-29T04:29:39","slug":"wheel-loader-tire-protection-chains-875-65r29-for-russian-wholesaler","status":"publish","type":"product","link":"https:\/\/twchains.com\/fr\/produit\/wheel-loader-tire-protection-chains-875-65r29-for-russian-wholesaler\/","title":{"rendered":"Cha\u00eenes de protection des pneus de chargeuses sur pneus 875\/65r29 pour grossiste russe"},"content":{"rendered":"<ul>\n<li>La cha\u00eene de protection des pneus de Tongwei (TW) a \u00e9t\u00e9 export\u00e9e dans plus de 60 pays et compte 100 clients B2B avec un approvisionnement stable (y compris des pays r\u00e9currents),<\/li>\n<li>Utilisateurs finaux : utilisateurs directs tels que les aci\u00e9ries, les mines, les entreprises de logistique, etc.<\/li>\n<li>R\u00e9partition r\u00e9gionale March\u00e9s \u00e0 fort potentiel : R\u00e9gions concentrant les activit\u00e9s sid\u00e9rurgiques et mini\u00e8res (telles que l'Australie, le Chili, l'Afrique du Sud et la Russie). R\u00e9gions actives en mati\u00e8re d'infrastructures (Asie du Sud-Est, Moyen-Orient).<\/li>\n<li>March\u00e9 \u00e0 d\u00e9velopper : Demande mini\u00e8re en Am\u00e9rique du Sud (Br\u00e9sil, P\u00e9rou) et en Afrique (Congo, Zambie).<\/li>\n<\/ul>\n<p>N'h\u00e9sitez pas \u00e0 nous contacter si vous \u00eates int\u00e9ress\u00e9 par les cha\u00eenes pour pneus de chargeuses.<\/p>\n<p>1TP5Cha\u00eenes des chargeurs1TP5Cha\u00eenes des chargeursTchile1TP5Cha\u00eenes des chargeursTrussialo#peruloaderparts#peruchains#tireprotectionchain<\/p>","protected":false},"excerpt":{"rendered":"<ul>\n<li>Taux de rachat Jusqu'\u00e0 95%<\/li>\n<li>100% Essai de traction<\/li>\n<li>Conception personnalis\u00e9e et adaptation des sc\u00e8nes<\/li>\n<\/ul>","protected":false},"featured_media":651,"template":"","meta":{"inline_featured_image":false,"_kad_post_transparent":"default","_kad_post_title":"","_kad_post_layout":"default","_kad_post_sidebar_id":"","_kad_post_content_style":"default","_kad_post_vertical_padding":"default","_kad_post_feature":"","_kad_post_feature_position":"","_kad_post_header":false,"_kad_post_footer":false},"product_brand":[],"product_cat":[15,30,26],"product_tag":[],"class_list":{"0":"post-650","1":"product","2":"type-product","3":"status-publish","4":"has-post-thumbnail","6":"product_cat-tyre-protection-chain","7":"product_cat-loader-grader-tire-chain","8":"product_cat-reinforced","10":"first","11":"instock","12":"shipping-taxable","13":"product-type-simple","14":"entry","15":"content-bg","16":"loop-entry"},"yoast_head":"<!-- This site is optimized with the Yoast SEO plugin v25.4 - https:\/\/yoast.com\/wordpress\/plugins\/seo\/ -->\n<title>Wheel Loader Tire Protection Chains 875\/65r29 for Russian Wholesaler - twchains<\/title>\n<meta name=\"robots\" content=\"index, follow, max-snippet:-1, max-image-preview:large, max-video-preview:-1\" \/>\n<link rel=\"canonical\" href=\"https:\/\/twchains.com\/fr\/produit\/wheel-loader-tire-protection-chains-875-65r29-for-russian-wholesaler\/\" \/>\n<meta property=\"og:locale\" content=\"fr_FR\" \/>\n<meta property=\"og:type\" content=\"article\" \/>\n<meta property=\"og:title\" content=\"Wheel Loader Tire Protection Chains 875\/65r29 for Russian Wholesaler - twchains\" \/>\n<meta property=\"og:description\" content=\"Repurchase Rate Up To 95%  100% Tensile Testing  Customized Design &amp; Scene Adaptation\" \/>\n<meta property=\"og:url\" content=\"https:\/\/twchains.com\/fr\/produit\/wheel-loader-tire-protection-chains-875-65r29-for-russian-wholesaler\/\" \/>\n<meta property=\"og:site_name\" content=\"twchains\" \/>\n<meta property=\"article:modified_time\" content=\"2025-04-29T04:29:39+00:00\" \/>\n<meta property=\"og:image\" content=\"https:\/\/twchains.com\/wp-content\/uploads\/2025\/04\/chainsmarble.jpg\" \/>\n\t<meta property=\"og:image:width\" content=\"411\" \/>\n\t<meta property=\"og:image:height\" content=\"365\" \/>\n\t<meta property=\"og:image:type\" content=\"image\/jpeg\" \/>\n<meta name=\"twitter:card\" content=\"summary_large_image\" \/>\n<meta name=\"twitter:label1\" content=\"Dur\u00e9e de lecture estim\u00e9e\" \/>\n\t<meta name=\"twitter:data1\" content=\"1 minute\" \/>\n<script type=\"application\/ld+json\" class=\"yoast-schema-graph\">{\"@context\":\"https:\/\/schema.org\",\"@graph\":[{\"@type\":\"WebPage\",\"@id\":\"https:\/\/twchains.com\/product\/wheel-loader-tire-protection-chains-875-65r29-for-russian-wholesaler\/\",\"url\":\"https:\/\/twchains.com\/product\/wheel-loader-tire-protection-chains-875-65r29-for-russian-wholesaler\/\",\"name\":\"Wheel Loader Tire Protection Chains 875\/65r29 for Russian Wholesaler - twchains\",\"isPartOf\":{\"@id\":\"https:\/\/twchains.com\/#website\"},\"primaryImageOfPage\":{\"@id\":\"https:\/\/twchains.com\/product\/wheel-loader-tire-protection-chains-875-65r29-for-russian-wholesaler\/#primaryimage\"},\"image\":{\"@id\":\"https:\/\/twchains.com\/product\/wheel-loader-tire-protection-chains-875-65r29-for-russian-wholesaler\/#primaryimage\"},\"thumbnailUrl\":\"https:\/\/twchains.com\/wp-content\/uploads\/2025\/04\/chainsmarble.jpg\",\"datePublished\":\"2025-04-26T08:05:32+00:00\",\"dateModified\":\"2025-04-29T04:29:39+00:00\",\"breadcrumb\":{\"@id\":\"https:\/\/twchains.com\/product\/wheel-loader-tire-protection-chains-875-65r29-for-russian-wholesaler\/#breadcrumb\"},\"inLanguage\":\"fr-FR\",\"potentialAction\":[{\"@type\":\"ReadAction\",\"target\":[\"https:\/\/twchains.com\/product\/wheel-loader-tire-protection-chains-875-65r29-for-russian-wholesaler\/\"]}]},{\"@type\":\"ImageObject\",\"inLanguage\":\"fr-FR\",\"@id\":\"https:\/\/twchains.com\/product\/wheel-loader-tire-protection-chains-875-65r29-for-russian-wholesaler\/#primaryimage\",\"url\":\"https:\/\/twchains.com\/wp-content\/uploads\/2025\/04\/chainsmarble.jpg\",\"contentUrl\":\"https:\/\/twchains.com\/wp-content\/uploads\/2025\/04\/chainsmarble.jpg\",\"width\":411,\"height\":365},{\"@type\":\"BreadcrumbList\",\"@id\":\"https:\/\/twchains.com\/product\/wheel-loader-tire-protection-chains-875-65r29-for-russian-wholesaler\/#breadcrumb\",\"itemListElement\":[{\"@type\":\"ListItem\",\"position\":1,\"name\":\"Home\",\"item\":\"https:\/\/twchains.com\/\"},{\"@type\":\"ListItem\",\"position\":2,\"name\":\"Products\",\"item\":\"https:\/\/twchains.com\/products\/\"},{\"@type\":\"ListItem\",\"position\":3,\"name\":\"Wheel Loader Tire Protection Chains 875\/65r29 for Russian Wholesaler\"}]},{\"@type\":\"WebSite\",\"@id\":\"https:\/\/twchains.com\/#website\",\"url\":\"https:\/\/twchains.com\/\",\"name\":\"twchains\",\"description\":\"\",\"publisher\":{\"@id\":\"https:\/\/twchains.com\/#organization\"},\"potentialAction\":[{\"@type\":\"SearchAction\",\"target\":{\"@type\":\"EntryPoint\",\"urlTemplate\":\"https:\/\/twchains.com\/?s={search_term_string}\"},\"query-input\":{\"@type\":\"PropertyValueSpecification\",\"valueRequired\":true,\"valueName\":\"search_term_string\"}}],\"inLanguage\":\"fr-FR\"},{\"@type\":\"Organization\",\"@id\":\"https:\/\/twchains.com\/#organization\",\"name\":\"twchains\",\"url\":\"https:\/\/twchains.com\/\",\"logo\":{\"@type\":\"ImageObject\",\"inLanguage\":\"fr-FR\",\"@id\":\"https:\/\/twchains.com\/#\/schema\/logo\/image\/\",\"url\":\"https:\/\/twchains.com\/wp-content\/uploads\/2025\/04\/tongwei-logo-100.svg\",\"contentUrl\":\"https:\/\/twchains.com\/wp-content\/uploads\/2025\/04\/tongwei-logo-100.svg\",\"width\":128,\"height\":100,\"caption\":\"twchains\"},\"image\":{\"@id\":\"https:\/\/twchains.com\/#\/schema\/logo\/image\/\"}}]}<\/script>\n<!-- \/ Yoast SEO plugin. -->","yoast_head_json":{"title":"Wheel Loader Tire Protection Chains 875\/65r29 for Russian Wholesaler - twchains","robots":{"index":"index","follow":"follow","max-snippet":"max-snippet:-1","max-image-preview":"max-image-preview:large","max-video-preview":"max-video-preview:-1"},"canonical":"https:\/\/twchains.com\/fr\/produit\/wheel-loader-tire-protection-chains-875-65r29-for-russian-wholesaler\/","og_locale":"fr_FR","og_type":"article","og_title":"Wheel Loader Tire Protection Chains 875\/65r29 for Russian Wholesaler - twchains","og_description":"Repurchase Rate Up To 95%  100% Tensile Testing  Customized Design &amp; Scene Adaptation","og_url":"https:\/\/twchains.com\/fr\/produit\/wheel-loader-tire-protection-chains-875-65r29-for-russian-wholesaler\/","og_site_name":"twchains","article_modified_time":"2025-04-29T04:29:39+00:00","og_image":[{"width":411,"height":365,"url":"https:\/\/twchains.com\/wp-content\/uploads\/2025\/04\/chainsmarble.jpg","type":"image\/jpeg"}],"twitter_card":"summary_large_image","twitter_misc":{"Dur\u00e9e de lecture estim\u00e9e":"1 minute"},"schema":{"@context":"https:\/\/schema.org","@graph":[{"@type":"WebPage","@id":"https:\/\/twchains.com\/product\/wheel-loader-tire-protection-chains-875-65r29-for-russian-wholesaler\/","url":"https:\/\/twchains.com\/product\/wheel-loader-tire-protection-chains-875-65r29-for-russian-wholesaler\/","name":"Wheel Loader Tire Protection Chains 875\/65r29 for Russian Wholesaler - twchains","isPartOf":{"@id":"https:\/\/twchains.com\/#website"},"primaryImageOfPage":{"@id":"https:\/\/twchains.com\/product\/wheel-loader-tire-protection-chains-875-65r29-for-russian-wholesaler\/#primaryimage"},"image":{"@id":"https:\/\/twchains.com\/product\/wheel-loader-tire-protection-chains-875-65r29-for-russian-wholesaler\/#primaryimage"},"thumbnailUrl":"https:\/\/twchains.com\/wp-content\/uploads\/2025\/04\/chainsmarble.jpg","datePublished":"2025-04-26T08:05:32+00:00","dateModified":"2025-04-29T04:29:39+00:00","breadcrumb":{"@id":"https:\/\/twchains.com\/product\/wheel-loader-tire-protection-chains-875-65r29-for-russian-wholesaler\/#breadcrumb"},"inLanguage":"fr-FR","potentialAction":[{"@type":"ReadAction","target":["https:\/\/twchains.com\/product\/wheel-loader-tire-protection-chains-875-65r29-for-russian-wholesaler\/"]}]},{"@type":"ImageObject","inLanguage":"fr-FR","@id":"https:\/\/twchains.com\/product\/wheel-loader-tire-protection-chains-875-65r29-for-russian-wholesaler\/#primaryimage","url":"https:\/\/twchains.com\/wp-content\/uploads\/2025\/04\/chainsmarble.jpg","contentUrl":"https:\/\/twchains.com\/wp-content\/uploads\/2025\/04\/chainsmarble.jpg","width":411,"height":365},{"@type":"BreadcrumbList","@id":"https:\/\/twchains.com\/product\/wheel-loader-tire-protection-chains-875-65r29-for-russian-wholesaler\/#breadcrumb","itemListElement":[{"@type":"ListItem","position":1,"name":"Home","item":"https:\/\/twchains.com\/"},{"@type":"ListItem","position":2,"name":"Products","item":"https:\/\/twchains.com\/products\/"},{"@type":"ListItem","position":3,"name":"Wheel Loader Tire Protection Chains 875\/65r29 for Russian Wholesaler"}]},{"@type":"WebSite","@id":"https:\/\/twchains.com\/#website","url":"https:\/\/twchains.com\/","name":"twchains","description":"","publisher":{"@id":"https:\/\/twchains.com\/#organization"},"potentialAction":[{"@type":"SearchAction","target":{"@type":"EntryPoint","urlTemplate":"https:\/\/twchains.com\/?s={search_term_string}"},"query-input":{"@type":"PropertyValueSpecification","valueRequired":true,"valueName":"search_term_string"}}],"inLanguage":"fr-FR"},{"@type":"Organization","@id":"https:\/\/twchains.com\/#organization","name":"twchains","url":"https:\/\/twchains.com\/","logo":{"@type":"ImageObject","inLanguage":"fr-FR","@id":"https:\/\/twchains.com\/#\/schema\/logo\/image\/","url":"https:\/\/twchains.com\/wp-content\/uploads\/2025\/04\/tongwei-logo-100.svg","contentUrl":"https:\/\/twchains.com\/wp-content\/uploads\/2025\/04\/tongwei-logo-100.svg","width":128,"height":100,"caption":"twchains"},"image":{"@id":"https:\/\/twchains.com\/#\/schema\/logo\/image\/"}}]}},"_links":{"self":[{"href":"https:\/\/twchains.com\/fr\/wp-json\/wp\/v2\/product\/650","targetHints":{"allow":["GET"]}}],"collection":[{"href":"https:\/\/twchains.com\/fr\/wp-json\/wp\/v2\/product"}],"about":[{"href":"https:\/\/twchains.com\/fr\/wp-json\/wp\/v2\/types\/product"}],"wp:featuredmedia":[{"embeddable":true,"href":"https:\/\/twchains.com\/fr\/wp-json\/wp\/v2\/media\/651"}],"wp:attachment":[{"href":"https:\/\/twchains.com\/fr\/wp-json\/wp\/v2\/media?parent=650"}],"wp:term":[{"taxonomy":"product_brand","embeddable":true,"href":"https:\/\/twchains.com\/fr\/wp-json\/wp\/v2\/product_brand?post=650"},{"taxonomy":"product_cat","embeddable":true,"href":"https:\/\/twchains.com\/fr\/wp-json\/wp\/v2\/product_cat?post=650"},{"taxonomy":"product_tag","embeddable":true,"href":"https:\/\/twchains.com\/fr\/wp-json\/wp\/v2\/product_tag?post=650"}],"curies":[{"name":"wp","href":"https:\/\/api.w.org\/{rel}","templated":true}]}}