{"id":658,"date":"2025-04-26T08:44:36","date_gmt":"2025-04-26T08:44:36","guid":{"rendered":"https:\/\/twchains.com\/?post_type=product&#038;p=658"},"modified":"2025-04-26T08:44:37","modified_gmt":"2025-04-26T08:44:37","slug":"vietnam-retailer-loader-tyre-protective-chains-23-5r25-26-5r25","status":"publish","type":"product","link":"https:\/\/twchains.com\/fr\/produit\/vietnam-retailer-loader-tyre-protective-chains-23-5r25-26-5r25\/","title":{"rendered":"Vietnam D\u00e9taillant Chargeur Pneus Cha\u00eenes de protection 23.5r25 26.5r25"},"content":{"rendered":"<p>Nous disposons de diff\u00e9rentes sp\u00e9cifications et mod\u00e8les de cha\u00eenes de protection des pneus, adapt\u00e9es \u00e0 des applications complexes et difficiles telles que l'exploitation mini\u00e8re, le b\u00e2timent, la construction, les stations de collecte d'ordures, les scories d'acier chaudes, les tunnels, les souterrains, la neige, la sylviculture, etc.<\/p>\n<ul>\n<li>Contr\u00f4le de la qualit\u00e9 de l'ensemble du processus, essai de traction 100% : effectuer des essais de fatigue dynamique et des essais de simulation \u00e0 haute temp\u00e9rature avant que chaque lot ne quitte l'usine. Les indicateurs cl\u00e9s (r\u00e9sistance \u00e0 la rupture, allongement) sont 100% conformes aux normes, et le taux de d\u00e9faut est inf\u00e9rieur \u00e0 0,5%.<\/li>\n<li>Production \u00e0 grande \u00e9chelle, livraison rapide : nous disposons de notre propre base de production de 20000 m\u00e8tres carr\u00e9s avec une capacit\u00e9 de production mensuelle de plusieurs milliers de tonnes, ce qui nous permet d'assurer la livraison urgente de commandes importantes (7-15 jours). Coop\u00e9ration logistique mondiale avec 60 pays, offrant des solutions commerciales flexibles EXW\/FOB\/CIF.<\/li>\n<\/ul>\n<p>1TP5Cha\u00eene de traction#construction1TP5Souterrain#unnel#tyrecha\u00eenes de protection<\/p>","protected":false},"excerpt":{"rendered":"<ul>\n<li>Garantie des mati\u00e8res premi\u00e8res d\u00e9tenues par l'\u00c9tat<\/li>\n<li>Fournir des rapports de tests effectu\u00e9s par des tiers<\/li>\n<li>Assurance qualit\u00e9<\/li>\n<\/ul>","protected":false},"featured_media":659,"template":"","meta":{"inline_featured_image":false,"_kad_post_transparent":"default","_kad_post_title":"","_kad_post_layout":"default","_kad_post_sidebar_id":"","_kad_post_content_style":"default","_kad_post_vertical_padding":"default","_kad_post_feature":"","_kad_post_feature_position":"","_kad_post_header":false,"_kad_post_footer":false},"product_brand":[],"product_cat":[15,27,26],"product_tag":[],"class_list":{"0":"post-658","1":"product","2":"type-product","3":"status-publish","4":"has-post-thumbnail","6":"product_cat-tyre-protection-chain","7":"product_cat-encryption","8":"product_cat-reinforced","10":"first","11":"instock","12":"shipping-taxable","13":"product-type-simple","14":"entry","15":"content-bg","16":"loop-entry"},"yoast_head":"<!-- This site is optimized with the Yoast SEO plugin v25.4 - https:\/\/yoast.com\/wordpress\/plugins\/seo\/ -->\n<title>Vietnam Retailer Loader Tyre Protective Chains 23.5r25 26.5r25 - twchains<\/title>\n<meta name=\"robots\" content=\"index, follow, max-snippet:-1, max-image-preview:large, max-video-preview:-1\" \/>\n<link rel=\"canonical\" href=\"https:\/\/twchains.com\/fr\/produit\/vietnam-retailer-loader-tyre-protective-chains-23-5r25-26-5r25\/\" \/>\n<meta property=\"og:locale\" content=\"fr_FR\" \/>\n<meta property=\"og:type\" content=\"article\" \/>\n<meta property=\"og:title\" content=\"Vietnam Retailer Loader Tyre Protective Chains 23.5r25 26.5r25 - twchains\" \/>\n<meta property=\"og:description\" content=\"State Owned Raw Material Guarantee  Provide Third-Party Testing Reports  Quality Assurance\" \/>\n<meta property=\"og:url\" content=\"https:\/\/twchains.com\/fr\/produit\/vietnam-retailer-loader-tyre-protective-chains-23-5r25-26-5r25\/\" \/>\n<meta property=\"og:site_name\" content=\"twchains\" \/>\n<meta property=\"article:modified_time\" content=\"2025-04-26T08:44:37+00:00\" \/>\n<meta property=\"og:image\" content=\"https:\/\/twchains.com\/wp-content\/uploads\/2025\/04\/15873714323312.jpg\" \/>\n\t<meta property=\"og:image:width\" content=\"1080\" \/>\n\t<meta property=\"og:image:height\" content=\"1440\" \/>\n\t<meta property=\"og:image:type\" content=\"image\/jpeg\" \/>\n<meta name=\"twitter:card\" content=\"summary_large_image\" \/>\n<meta name=\"twitter:label1\" content=\"Dur\u00e9e de lecture estim\u00e9e\" \/>\n\t<meta name=\"twitter:data1\" content=\"1 minute\" \/>\n<script type=\"application\/ld+json\" class=\"yoast-schema-graph\">{\"@context\":\"https:\/\/schema.org\",\"@graph\":[{\"@type\":\"WebPage\",\"@id\":\"https:\/\/twchains.com\/product\/vietnam-retailer-loader-tyre-protective-chains-23-5r25-26-5r25\/\",\"url\":\"https:\/\/twchains.com\/product\/vietnam-retailer-loader-tyre-protective-chains-23-5r25-26-5r25\/\",\"name\":\"Vietnam Retailer Loader Tyre Protective Chains 23.5r25 26.5r25 - twchains\",\"isPartOf\":{\"@id\":\"https:\/\/twchains.com\/#website\"},\"primaryImageOfPage\":{\"@id\":\"https:\/\/twchains.com\/product\/vietnam-retailer-loader-tyre-protective-chains-23-5r25-26-5r25\/#primaryimage\"},\"image\":{\"@id\":\"https:\/\/twchains.com\/product\/vietnam-retailer-loader-tyre-protective-chains-23-5r25-26-5r25\/#primaryimage\"},\"thumbnailUrl\":\"https:\/\/twchains.com\/wp-content\/uploads\/2025\/04\/15873714323312.jpg\",\"datePublished\":\"2025-04-26T08:44:36+00:00\",\"dateModified\":\"2025-04-26T08:44:37+00:00\",\"breadcrumb\":{\"@id\":\"https:\/\/twchains.com\/product\/vietnam-retailer-loader-tyre-protective-chains-23-5r25-26-5r25\/#breadcrumb\"},\"inLanguage\":\"fr-FR\",\"potentialAction\":[{\"@type\":\"ReadAction\",\"target\":[\"https:\/\/twchains.com\/product\/vietnam-retailer-loader-tyre-protective-chains-23-5r25-26-5r25\/\"]}]},{\"@type\":\"ImageObject\",\"inLanguage\":\"fr-FR\",\"@id\":\"https:\/\/twchains.com\/product\/vietnam-retailer-loader-tyre-protective-chains-23-5r25-26-5r25\/#primaryimage\",\"url\":\"https:\/\/twchains.com\/wp-content\/uploads\/2025\/04\/15873714323312.jpg\",\"contentUrl\":\"https:\/\/twchains.com\/wp-content\/uploads\/2025\/04\/15873714323312.jpg\",\"width\":1080,\"height\":1440},{\"@type\":\"BreadcrumbList\",\"@id\":\"https:\/\/twchains.com\/product\/vietnam-retailer-loader-tyre-protective-chains-23-5r25-26-5r25\/#breadcrumb\",\"itemListElement\":[{\"@type\":\"ListItem\",\"position\":1,\"name\":\"Home\",\"item\":\"https:\/\/twchains.com\/\"},{\"@type\":\"ListItem\",\"position\":2,\"name\":\"Products\",\"item\":\"https:\/\/twchains.com\/products\/\"},{\"@type\":\"ListItem\",\"position\":3,\"name\":\"Vietnam Retailer Loader Tyre Protective Chains 23.5r25 26.5r25\"}]},{\"@type\":\"WebSite\",\"@id\":\"https:\/\/twchains.com\/#website\",\"url\":\"https:\/\/twchains.com\/\",\"name\":\"twchains\",\"description\":\"\",\"publisher\":{\"@id\":\"https:\/\/twchains.com\/#organization\"},\"potentialAction\":[{\"@type\":\"SearchAction\",\"target\":{\"@type\":\"EntryPoint\",\"urlTemplate\":\"https:\/\/twchains.com\/?s={search_term_string}\"},\"query-input\":{\"@type\":\"PropertyValueSpecification\",\"valueRequired\":true,\"valueName\":\"search_term_string\"}}],\"inLanguage\":\"fr-FR\"},{\"@type\":\"Organization\",\"@id\":\"https:\/\/twchains.com\/#organization\",\"name\":\"twchains\",\"url\":\"https:\/\/twchains.com\/\",\"logo\":{\"@type\":\"ImageObject\",\"inLanguage\":\"fr-FR\",\"@id\":\"https:\/\/twchains.com\/#\/schema\/logo\/image\/\",\"url\":\"https:\/\/twchains.com\/wp-content\/uploads\/2025\/04\/tongwei-logo-100.svg\",\"contentUrl\":\"https:\/\/twchains.com\/wp-content\/uploads\/2025\/04\/tongwei-logo-100.svg\",\"width\":128,\"height\":100,\"caption\":\"twchains\"},\"image\":{\"@id\":\"https:\/\/twchains.com\/#\/schema\/logo\/image\/\"}}]}<\/script>\n<!-- \/ Yoast SEO plugin. -->","yoast_head_json":{"title":"Vietnam Retailer Loader Tyre Protective Chains 23.5r25 26.5r25 - twchains","robots":{"index":"index","follow":"follow","max-snippet":"max-snippet:-1","max-image-preview":"max-image-preview:large","max-video-preview":"max-video-preview:-1"},"canonical":"https:\/\/twchains.com\/fr\/produit\/vietnam-retailer-loader-tyre-protective-chains-23-5r25-26-5r25\/","og_locale":"fr_FR","og_type":"article","og_title":"Vietnam Retailer Loader Tyre Protective Chains 23.5r25 26.5r25 - twchains","og_description":"State Owned Raw Material Guarantee  Provide Third-Party Testing Reports  Quality Assurance","og_url":"https:\/\/twchains.com\/fr\/produit\/vietnam-retailer-loader-tyre-protective-chains-23-5r25-26-5r25\/","og_site_name":"twchains","article_modified_time":"2025-04-26T08:44:37+00:00","og_image":[{"width":1080,"height":1440,"url":"https:\/\/twchains.com\/wp-content\/uploads\/2025\/04\/15873714323312.jpg","type":"image\/jpeg"}],"twitter_card":"summary_large_image","twitter_misc":{"Dur\u00e9e de lecture estim\u00e9e":"1 minute"},"schema":{"@context":"https:\/\/schema.org","@graph":[{"@type":"WebPage","@id":"https:\/\/twchains.com\/product\/vietnam-retailer-loader-tyre-protective-chains-23-5r25-26-5r25\/","url":"https:\/\/twchains.com\/product\/vietnam-retailer-loader-tyre-protective-chains-23-5r25-26-5r25\/","name":"Vietnam Retailer Loader Tyre Protective Chains 23.5r25 26.5r25 - twchains","isPartOf":{"@id":"https:\/\/twchains.com\/#website"},"primaryImageOfPage":{"@id":"https:\/\/twchains.com\/product\/vietnam-retailer-loader-tyre-protective-chains-23-5r25-26-5r25\/#primaryimage"},"image":{"@id":"https:\/\/twchains.com\/product\/vietnam-retailer-loader-tyre-protective-chains-23-5r25-26-5r25\/#primaryimage"},"thumbnailUrl":"https:\/\/twchains.com\/wp-content\/uploads\/2025\/04\/15873714323312.jpg","datePublished":"2025-04-26T08:44:36+00:00","dateModified":"2025-04-26T08:44:37+00:00","breadcrumb":{"@id":"https:\/\/twchains.com\/product\/vietnam-retailer-loader-tyre-protective-chains-23-5r25-26-5r25\/#breadcrumb"},"inLanguage":"fr-FR","potentialAction":[{"@type":"ReadAction","target":["https:\/\/twchains.com\/product\/vietnam-retailer-loader-tyre-protective-chains-23-5r25-26-5r25\/"]}]},{"@type":"ImageObject","inLanguage":"fr-FR","@id":"https:\/\/twchains.com\/product\/vietnam-retailer-loader-tyre-protective-chains-23-5r25-26-5r25\/#primaryimage","url":"https:\/\/twchains.com\/wp-content\/uploads\/2025\/04\/15873714323312.jpg","contentUrl":"https:\/\/twchains.com\/wp-content\/uploads\/2025\/04\/15873714323312.jpg","width":1080,"height":1440},{"@type":"BreadcrumbList","@id":"https:\/\/twchains.com\/product\/vietnam-retailer-loader-tyre-protective-chains-23-5r25-26-5r25\/#breadcrumb","itemListElement":[{"@type":"ListItem","position":1,"name":"Home","item":"https:\/\/twchains.com\/"},{"@type":"ListItem","position":2,"name":"Products","item":"https:\/\/twchains.com\/products\/"},{"@type":"ListItem","position":3,"name":"Vietnam Retailer Loader Tyre Protective Chains 23.5r25 26.5r25"}]},{"@type":"WebSite","@id":"https:\/\/twchains.com\/#website","url":"https:\/\/twchains.com\/","name":"twchains","description":"","publisher":{"@id":"https:\/\/twchains.com\/#organization"},"potentialAction":[{"@type":"SearchAction","target":{"@type":"EntryPoint","urlTemplate":"https:\/\/twchains.com\/?s={search_term_string}"},"query-input":{"@type":"PropertyValueSpecification","valueRequired":true,"valueName":"search_term_string"}}],"inLanguage":"fr-FR"},{"@type":"Organization","@id":"https:\/\/twchains.com\/#organization","name":"twchains","url":"https:\/\/twchains.com\/","logo":{"@type":"ImageObject","inLanguage":"fr-FR","@id":"https:\/\/twchains.com\/#\/schema\/logo\/image\/","url":"https:\/\/twchains.com\/wp-content\/uploads\/2025\/04\/tongwei-logo-100.svg","contentUrl":"https:\/\/twchains.com\/wp-content\/uploads\/2025\/04\/tongwei-logo-100.svg","width":128,"height":100,"caption":"twchains"},"image":{"@id":"https:\/\/twchains.com\/#\/schema\/logo\/image\/"}}]}},"_links":{"self":[{"href":"https:\/\/twchains.com\/fr\/wp-json\/wp\/v2\/product\/658","targetHints":{"allow":["GET"]}}],"collection":[{"href":"https:\/\/twchains.com\/fr\/wp-json\/wp\/v2\/product"}],"about":[{"href":"https:\/\/twchains.com\/fr\/wp-json\/wp\/v2\/types\/product"}],"wp:featuredmedia":[{"embeddable":true,"href":"https:\/\/twchains.com\/fr\/wp-json\/wp\/v2\/media\/659"}],"wp:attachment":[{"href":"https:\/\/twchains.com\/fr\/wp-json\/wp\/v2\/media?parent=658"}],"wp:term":[{"taxonomy":"product_brand","embeddable":true,"href":"https:\/\/twchains.com\/fr\/wp-json\/wp\/v2\/product_brand?post=658"},{"taxonomy":"product_cat","embeddable":true,"href":"https:\/\/twchains.com\/fr\/wp-json\/wp\/v2\/product_cat?post=658"},{"taxonomy":"product_tag","embeddable":true,"href":"https:\/\/twchains.com\/fr\/wp-json\/wp\/v2\/product_tag?post=658"}],"curies":[{"name":"wp","href":"https:\/\/api.w.org\/{rel}","templated":true}]}}