{"id":665,"date":"2025-04-27T08:31:38","date_gmt":"2025-04-27T08:31:38","guid":{"rendered":"https:\/\/twchains.com\/?post_type=product&#038;p=665"},"modified":"2025-05-28T03:23:26","modified_gmt":"2025-05-28T03:23:26","slug":"skidder-traction-chains-16-9-28-for-muddy-working-application","status":"publish","type":"product","link":"https:\/\/twchains.com\/fr\/produit\/skidder-traction-chains-16-9-28-for-muddy-working-application\/","title":{"rendered":"Cha\u00eenes de traction pour d\u00e9bardeurs 16.9-28 pour travaux boueux"},"content":{"rendered":"<p><iframe title=\"Cha\u00eenes antid\u00e9rapantes pour l&#039;exploitation foresti\u00e8re avec garantie de qualit\u00e9 1TP5Cha\u00eenes de protection des pneus1TP5Cha\u00eenes antid\u00e9rapantes\" width=\"720\" height=\"405\" src=\"https:\/\/www.youtube.com\/embed\/CBLbu1tHo8k?feature=oembed\" frameborder=\"0\" allow=\"accelerometer; autoplay; clipboard-write; encrypted-media; gyroscope; picture-in-picture; web-share\" referrerpolicy=\"strict-origin-when-cross-origin\" allowfullscreen><\/iframe><\/p>\n<p>La cha\u00eene de traction foresti\u00e8re pour neige est un dispositif antid\u00e9rapant con\u00e7u sp\u00e9cifiquement pour les v\u00e9hicules forestiers devant rouler sur des terrains complexes tels que la glace, la neige et la boue. Elle est principalement utilis\u00e9e pour am\u00e9liorer l'adh\u00e9rence et la traction des pneus, afin de garantir la s\u00e9curit\u00e9 et l'efficacit\u00e9 des op\u00e9rations. Sa fonction principale est d'augmenter la friction entre<strong>\u00a0<\/strong>Il convient aux op\u00e9rations hivernales des machines foresti\u00e8res telles que les grumiers et les gerbeurs.<\/p>\n<p>Nous utilisons une cha\u00eene de traction dentel\u00e9e \u00e0 anneau \u00d716 pour assurer une excellente traction dans la neige profonde, la boue et les terrains escarp\u00e9s, ses principaux avantages \u00e9tant une grande profondeur de morsure et une grande r\u00e9sistance aux chocs.<\/p>\n<p>1TP5Cha\u00eene de traction1TP5Cha\u00eenes1TP5Cha\u00eene de d\u00e9rapage1TP5Cha\u00eene foresti\u00e8re1TP5Cha\u00eene de neige1TP5Cha\u00eenes antid\u00e9rapantes<\/p>","protected":false},"excerpt":{"rendered":"<ul>\n<li>Cha\u00eene antid\u00e9rapante (avec dents)<\/li>\n<li>Conception d'une cha\u00eene en boucle ferm\u00e9e<\/li>\n<\/ul>","protected":false},"featured_media":585,"template":"","meta":{"inline_featured_image":false,"_kad_post_transparent":"default","_kad_post_title":"","_kad_post_layout":"default","_kad_post_sidebar_id":"","_kad_post_content_style":"default","_kad_post_vertical_padding":"default","_kad_post_feature":"","_kad_post_feature_position":"","_kad_post_header":false,"_kad_post_footer":false},"product_brand":[],"product_cat":[24],"product_tag":[],"class_list":{"0":"post-665","1":"product","2":"type-product","3":"status-publish","4":"has-post-thumbnail","6":"product_cat-anti-skid-tire-chains","8":"first","9":"instock","10":"shipping-taxable","11":"product-type-simple","12":"entry","13":"content-bg","14":"loop-entry"},"yoast_head":"<!-- This site is optimized with the Yoast SEO plugin v25.4 - https:\/\/yoast.com\/wordpress\/plugins\/seo\/ -->\n<title>Skidder Traction Chains 16.9-28 for Muddy Working Application - twchains<\/title>\n<meta name=\"robots\" content=\"index, follow, max-snippet:-1, max-image-preview:large, max-video-preview:-1\" \/>\n<link rel=\"canonical\" href=\"https:\/\/twchains.com\/fr\/produit\/skidder-traction-chains-16-9-28-for-muddy-working-application\/\" \/>\n<meta property=\"og:locale\" content=\"fr_FR\" \/>\n<meta property=\"og:type\" content=\"article\" \/>\n<meta property=\"og:title\" content=\"Skidder Traction Chains 16.9-28 for Muddy Working Application - twchains\" \/>\n<meta property=\"og:description\" content=\"Anti Slip Chain (With Teeth)  Closed Loop Chain Design\" \/>\n<meta property=\"og:url\" content=\"https:\/\/twchains.com\/fr\/produit\/skidder-traction-chains-16-9-28-for-muddy-working-application\/\" \/>\n<meta property=\"og:site_name\" content=\"twchains\" \/>\n<meta property=\"article:modified_time\" content=\"2025-05-28T03:23:26+00:00\" \/>\n<meta property=\"og:image\" content=\"https:\/\/twchains.com\/wp-content\/uploads\/2025\/04\/1-1.jpg\" \/>\n\t<meta property=\"og:image:width\" content=\"1080\" \/>\n\t<meta property=\"og:image:height\" content=\"1440\" \/>\n\t<meta property=\"og:image:type\" content=\"image\/jpeg\" \/>\n<meta name=\"twitter:card\" content=\"summary_large_image\" \/>\n<meta name=\"twitter:label1\" content=\"Dur\u00e9e de lecture estim\u00e9e\" \/>\n\t<meta name=\"twitter:data1\" content=\"1 minute\" \/>\n<script type=\"application\/ld+json\" class=\"yoast-schema-graph\">{\"@context\":\"https:\/\/schema.org\",\"@graph\":[{\"@type\":\"WebPage\",\"@id\":\"https:\/\/twchains.com\/product\/skidder-traction-chains-16-9-28-for-muddy-working-application\/\",\"url\":\"https:\/\/twchains.com\/product\/skidder-traction-chains-16-9-28-for-muddy-working-application\/\",\"name\":\"Skidder Traction Chains 16.9-28 for Muddy Working Application - twchains\",\"isPartOf\":{\"@id\":\"https:\/\/twchains.com\/#website\"},\"primaryImageOfPage\":{\"@id\":\"https:\/\/twchains.com\/product\/skidder-traction-chains-16-9-28-for-muddy-working-application\/#primaryimage\"},\"image\":{\"@id\":\"https:\/\/twchains.com\/product\/skidder-traction-chains-16-9-28-for-muddy-working-application\/#primaryimage\"},\"thumbnailUrl\":\"https:\/\/twchains.com\/wp-content\/uploads\/2025\/04\/1-1.jpg\",\"datePublished\":\"2025-04-27T08:31:38+00:00\",\"dateModified\":\"2025-05-28T03:23:26+00:00\",\"breadcrumb\":{\"@id\":\"https:\/\/twchains.com\/product\/skidder-traction-chains-16-9-28-for-muddy-working-application\/#breadcrumb\"},\"inLanguage\":\"fr-FR\",\"potentialAction\":[{\"@type\":\"ReadAction\",\"target\":[\"https:\/\/twchains.com\/product\/skidder-traction-chains-16-9-28-for-muddy-working-application\/\"]}]},{\"@type\":\"ImageObject\",\"inLanguage\":\"fr-FR\",\"@id\":\"https:\/\/twchains.com\/product\/skidder-traction-chains-16-9-28-for-muddy-working-application\/#primaryimage\",\"url\":\"https:\/\/twchains.com\/wp-content\/uploads\/2025\/04\/1-1.jpg\",\"contentUrl\":\"https:\/\/twchains.com\/wp-content\/uploads\/2025\/04\/1-1.jpg\",\"width\":1080,\"height\":1440},{\"@type\":\"BreadcrumbList\",\"@id\":\"https:\/\/twchains.com\/product\/skidder-traction-chains-16-9-28-for-muddy-working-application\/#breadcrumb\",\"itemListElement\":[{\"@type\":\"ListItem\",\"position\":1,\"name\":\"Home\",\"item\":\"https:\/\/twchains.com\/\"},{\"@type\":\"ListItem\",\"position\":2,\"name\":\"Products\",\"item\":\"https:\/\/twchains.com\/products\/\"},{\"@type\":\"ListItem\",\"position\":3,\"name\":\"Skidder Traction Chains 16.9-28 for Muddy Working Application\"}]},{\"@type\":\"WebSite\",\"@id\":\"https:\/\/twchains.com\/#website\",\"url\":\"https:\/\/twchains.com\/\",\"name\":\"twchains\",\"description\":\"\",\"publisher\":{\"@id\":\"https:\/\/twchains.com\/#organization\"},\"potentialAction\":[{\"@type\":\"SearchAction\",\"target\":{\"@type\":\"EntryPoint\",\"urlTemplate\":\"https:\/\/twchains.com\/?s={search_term_string}\"},\"query-input\":{\"@type\":\"PropertyValueSpecification\",\"valueRequired\":true,\"valueName\":\"search_term_string\"}}],\"inLanguage\":\"fr-FR\"},{\"@type\":\"Organization\",\"@id\":\"https:\/\/twchains.com\/#organization\",\"name\":\"twchains\",\"url\":\"https:\/\/twchains.com\/\",\"logo\":{\"@type\":\"ImageObject\",\"inLanguage\":\"fr-FR\",\"@id\":\"https:\/\/twchains.com\/#\/schema\/logo\/image\/\",\"url\":\"https:\/\/twchains.com\/wp-content\/uploads\/2025\/04\/tongwei-logo-100.svg\",\"contentUrl\":\"https:\/\/twchains.com\/wp-content\/uploads\/2025\/04\/tongwei-logo-100.svg\",\"width\":128,\"height\":100,\"caption\":\"twchains\"},\"image\":{\"@id\":\"https:\/\/twchains.com\/#\/schema\/logo\/image\/\"}}]}<\/script>\n<!-- \/ Yoast SEO plugin. -->","yoast_head_json":{"title":"Skidder Traction Chains 16.9-28 for Muddy Working Application - twchains","robots":{"index":"index","follow":"follow","max-snippet":"max-snippet:-1","max-image-preview":"max-image-preview:large","max-video-preview":"max-video-preview:-1"},"canonical":"https:\/\/twchains.com\/fr\/produit\/skidder-traction-chains-16-9-28-for-muddy-working-application\/","og_locale":"fr_FR","og_type":"article","og_title":"Skidder Traction Chains 16.9-28 for Muddy Working Application - twchains","og_description":"Anti Slip Chain (With Teeth)  Closed Loop Chain Design","og_url":"https:\/\/twchains.com\/fr\/produit\/skidder-traction-chains-16-9-28-for-muddy-working-application\/","og_site_name":"twchains","article_modified_time":"2025-05-28T03:23:26+00:00","og_image":[{"width":1080,"height":1440,"url":"https:\/\/twchains.com\/wp-content\/uploads\/2025\/04\/1-1.jpg","type":"image\/jpeg"}],"twitter_card":"summary_large_image","twitter_misc":{"Dur\u00e9e de lecture estim\u00e9e":"1 minute"},"schema":{"@context":"https:\/\/schema.org","@graph":[{"@type":"WebPage","@id":"https:\/\/twchains.com\/product\/skidder-traction-chains-16-9-28-for-muddy-working-application\/","url":"https:\/\/twchains.com\/product\/skidder-traction-chains-16-9-28-for-muddy-working-application\/","name":"Skidder Traction Chains 16.9-28 for Muddy Working Application - twchains","isPartOf":{"@id":"https:\/\/twchains.com\/#website"},"primaryImageOfPage":{"@id":"https:\/\/twchains.com\/product\/skidder-traction-chains-16-9-28-for-muddy-working-application\/#primaryimage"},"image":{"@id":"https:\/\/twchains.com\/product\/skidder-traction-chains-16-9-28-for-muddy-working-application\/#primaryimage"},"thumbnailUrl":"https:\/\/twchains.com\/wp-content\/uploads\/2025\/04\/1-1.jpg","datePublished":"2025-04-27T08:31:38+00:00","dateModified":"2025-05-28T03:23:26+00:00","breadcrumb":{"@id":"https:\/\/twchains.com\/product\/skidder-traction-chains-16-9-28-for-muddy-working-application\/#breadcrumb"},"inLanguage":"fr-FR","potentialAction":[{"@type":"ReadAction","target":["https:\/\/twchains.com\/product\/skidder-traction-chains-16-9-28-for-muddy-working-application\/"]}]},{"@type":"ImageObject","inLanguage":"fr-FR","@id":"https:\/\/twchains.com\/product\/skidder-traction-chains-16-9-28-for-muddy-working-application\/#primaryimage","url":"https:\/\/twchains.com\/wp-content\/uploads\/2025\/04\/1-1.jpg","contentUrl":"https:\/\/twchains.com\/wp-content\/uploads\/2025\/04\/1-1.jpg","width":1080,"height":1440},{"@type":"BreadcrumbList","@id":"https:\/\/twchains.com\/product\/skidder-traction-chains-16-9-28-for-muddy-working-application\/#breadcrumb","itemListElement":[{"@type":"ListItem","position":1,"name":"Home","item":"https:\/\/twchains.com\/"},{"@type":"ListItem","position":2,"name":"Products","item":"https:\/\/twchains.com\/products\/"},{"@type":"ListItem","position":3,"name":"Skidder Traction Chains 16.9-28 for Muddy Working Application"}]},{"@type":"WebSite","@id":"https:\/\/twchains.com\/#website","url":"https:\/\/twchains.com\/","name":"twchains","description":"","publisher":{"@id":"https:\/\/twchains.com\/#organization"},"potentialAction":[{"@type":"SearchAction","target":{"@type":"EntryPoint","urlTemplate":"https:\/\/twchains.com\/?s={search_term_string}"},"query-input":{"@type":"PropertyValueSpecification","valueRequired":true,"valueName":"search_term_string"}}],"inLanguage":"fr-FR"},{"@type":"Organization","@id":"https:\/\/twchains.com\/#organization","name":"twchains","url":"https:\/\/twchains.com\/","logo":{"@type":"ImageObject","inLanguage":"fr-FR","@id":"https:\/\/twchains.com\/#\/schema\/logo\/image\/","url":"https:\/\/twchains.com\/wp-content\/uploads\/2025\/04\/tongwei-logo-100.svg","contentUrl":"https:\/\/twchains.com\/wp-content\/uploads\/2025\/04\/tongwei-logo-100.svg","width":128,"height":100,"caption":"twchains"},"image":{"@id":"https:\/\/twchains.com\/#\/schema\/logo\/image\/"}}]}},"_links":{"self":[{"href":"https:\/\/twchains.com\/fr\/wp-json\/wp\/v2\/product\/665","targetHints":{"allow":["GET"]}}],"collection":[{"href":"https:\/\/twchains.com\/fr\/wp-json\/wp\/v2\/product"}],"about":[{"href":"https:\/\/twchains.com\/fr\/wp-json\/wp\/v2\/types\/product"}],"wp:featuredmedia":[{"embeddable":true,"href":"https:\/\/twchains.com\/fr\/wp-json\/wp\/v2\/media\/585"}],"wp:attachment":[{"href":"https:\/\/twchains.com\/fr\/wp-json\/wp\/v2\/media?parent=665"}],"wp:term":[{"taxonomy":"product_brand","embeddable":true,"href":"https:\/\/twchains.com\/fr\/wp-json\/wp\/v2\/product_brand?post=665"},{"taxonomy":"product_cat","embeddable":true,"href":"https:\/\/twchains.com\/fr\/wp-json\/wp\/v2\/product_cat?post=665"},{"taxonomy":"product_tag","embeddable":true,"href":"https:\/\/twchains.com\/fr\/wp-json\/wp\/v2\/product_tag?post=665"}],"curies":[{"name":"wp","href":"https:\/\/api.w.org\/{rel}","templated":true}]}}