{"id":846,"date":"2025-05-14T08:08:42","date_gmt":"2025-05-14T08:08:42","guid":{"rendered":"https:\/\/twchains.com\/?post_type=product&#038;p=846"},"modified":"2025-05-14T08:27:03","modified_gmt":"2025-05-14T08:27:03","slug":"23-5-25-ice-resistant-and-wear-resistant-protective-traction-chain","status":"publish","type":"product","link":"https:\/\/twchains.com\/fr\/produit\/23-5-25-ice-resistant-and-wear-resistant-protective-traction-chain\/","title":{"rendered":"23.5-25 Cha\u00eene de traction protectrice r\u00e9sistante \u00e0 la glace et \u00e0 l'usure"},"content":{"rendered":"<p>Dans le nord-est de la Chine, nous avons chaque hiver un groupe de clients qui travaillent principalement sur des routes o\u00f9 l'\u00e9nergie \u00e9olienne est utilis\u00e9e pour pousser la neige vers le haut des montagnes. Au d\u00e9part, les clients \u00e9taient plus pr\u00e9occup\u00e9s par le prix et ont choisi la cha\u00eene antid\u00e9rapante \u00e0 anneau de 12 mm standard pour les pneus 23,5-25. Jusqu'en 2023, le client s'est renseign\u00e9 sur la version renforc\u00e9e \u00e0 anneau de 16 mm de la cha\u00eene de traction antid\u00e9rapante \u00e0 dents. Apr\u00e8s en avoir achet\u00e9 quatre, la qualit\u00e9 du retour d'information \u00e9tait tr\u00e8s bonne. La cha\u00eene antid\u00e9rapante \u00e0 16 anneaux dent\u00e9s est plus durable et la conception dent\u00e9e rend l'adh\u00e9rence plus forte et l'effet antid\u00e9rapant meilleur.<\/p>\n<p>Cette cha\u00eene antid\u00e9rapante \u00e0 anneau dent\u00e9 de 16 mm a \u00e9t\u00e9 export\u00e9e vers la Russie, l'Europe, l'Am\u00e9rique du Nord et d'autres r\u00e9gions au cours des derni\u00e8res ann\u00e9es, et est devenue de plus en plus populaire et bien accueillie par les clients du monde entier.<\/p>\n<p>Nous sommes certifi\u00e9s par le syst\u00e8me de gestion de la qualit\u00e9 ISO9001 depuis 2019, et nous subissons \u00e9galement un traitement thermique sp\u00e9cial et un refroidissement au cours du processus de production, ce qui constitue une \u00e9tape cruciale. Avant l'exp\u00e9dition, nous v\u00e9rifierons au hasard le test de r\u00e9sistance \u00e0 la traction de la cha\u00eene de protection des pneus. Une fois que toutes les donn\u00e9es r\u00e9pondent aux normes, nous prendrons des dispositions pour attendre le transport dans l'entrep\u00f4t.<\/p>\n<p>1TP5Cha\u00eene de traction1TP5Cha\u00eene de protection#23.5-25#cha\u00eenes de neige<\/p>","protected":false},"excerpt":{"rendered":"<ul>\n<li>Certificat ISO 9001-2015<\/li>\n<li>Traitement thermique et r\u00e9frig\u00e9ration<\/li>\n<\/ul>","protected":false},"featured_media":849,"template":"","meta":{"inline_featured_image":false,"_kad_post_transparent":"default","_kad_post_title":"","_kad_post_layout":"default","_kad_post_sidebar_id":"","_kad_post_content_style":"default","_kad_post_vertical_padding":"default","_kad_post_feature":"","_kad_post_feature_position":"","_kad_post_header":false,"_kad_post_footer":false},"product_brand":[],"product_cat":[24,30],"product_tag":[],"class_list":{"0":"post-846","1":"product","2":"type-product","3":"status-publish","4":"has-post-thumbnail","6":"product_cat-anti-skid-tire-chains","7":"product_cat-loader-grader-tire-chain","9":"first","10":"instock","11":"shipping-taxable","12":"product-type-simple","13":"entry","14":"content-bg","15":"loop-entry"},"yoast_head":"<!-- This site is optimized with the Yoast SEO plugin v25.4 - https:\/\/yoast.com\/wordpress\/plugins\/seo\/ -->\n<title>23.5-25 Ice Resistant and Wear-Resistant Protective Traction Chain - twchains<\/title>\n<meta name=\"robots\" content=\"index, follow, max-snippet:-1, max-image-preview:large, max-video-preview:-1\" \/>\n<link rel=\"canonical\" href=\"https:\/\/twchains.com\/fr\/produit\/23-5-25-ice-resistant-and-wear-resistant-protective-traction-chain\/\" \/>\n<meta property=\"og:locale\" content=\"fr_FR\" \/>\n<meta property=\"og:type\" content=\"article\" \/>\n<meta property=\"og:title\" content=\"23.5-25 Ice Resistant and Wear-Resistant Protective Traction Chain - twchains\" \/>\n<meta property=\"og:description\" content=\"ISO 9001-2015 Certificate  Heat Treatment &amp; Chilling\" \/>\n<meta property=\"og:url\" content=\"https:\/\/twchains.com\/fr\/produit\/23-5-25-ice-resistant-and-wear-resistant-protective-traction-chain\/\" \/>\n<meta property=\"og:site_name\" content=\"twchains\" \/>\n<meta property=\"article:modified_time\" content=\"2025-05-14T08:27:03+00:00\" \/>\n<meta property=\"og:image\" content=\"https:\/\/twchains.com\/wp-content\/uploads\/2025\/05\/anti-skid-traction-chains-for-26.5-25-otr-mining-tyre.jpg\" \/>\n\t<meta property=\"og:image:width\" content=\"1080\" \/>\n\t<meta property=\"og:image:height\" content=\"1080\" \/>\n\t<meta property=\"og:image:type\" content=\"image\/jpeg\" \/>\n<meta name=\"twitter:card\" content=\"summary_large_image\" \/>\n<meta name=\"twitter:label1\" content=\"Dur\u00e9e de lecture estim\u00e9e\" \/>\n\t<meta name=\"twitter:data1\" content=\"2 minutes\" \/>\n<script type=\"application\/ld+json\" class=\"yoast-schema-graph\">{\"@context\":\"https:\/\/schema.org\",\"@graph\":[{\"@type\":\"WebPage\",\"@id\":\"https:\/\/twchains.com\/product\/23-5-25-ice-resistant-and-wear-resistant-protective-traction-chain\/\",\"url\":\"https:\/\/twchains.com\/product\/23-5-25-ice-resistant-and-wear-resistant-protective-traction-chain\/\",\"name\":\"23.5-25 Ice Resistant and Wear-Resistant Protective Traction Chain - twchains\",\"isPartOf\":{\"@id\":\"https:\/\/twchains.com\/#website\"},\"primaryImageOfPage\":{\"@id\":\"https:\/\/twchains.com\/product\/23-5-25-ice-resistant-and-wear-resistant-protective-traction-chain\/#primaryimage\"},\"image\":{\"@id\":\"https:\/\/twchains.com\/product\/23-5-25-ice-resistant-and-wear-resistant-protective-traction-chain\/#primaryimage\"},\"thumbnailUrl\":\"https:\/\/twchains.com\/wp-content\/uploads\/2025\/05\/anti-skid-traction-chains-for-26.5-25-otr-mining-tyre.jpg\",\"datePublished\":\"2025-05-14T08:08:42+00:00\",\"dateModified\":\"2025-05-14T08:27:03+00:00\",\"breadcrumb\":{\"@id\":\"https:\/\/twchains.com\/product\/23-5-25-ice-resistant-and-wear-resistant-protective-traction-chain\/#breadcrumb\"},\"inLanguage\":\"fr-FR\",\"potentialAction\":[{\"@type\":\"ReadAction\",\"target\":[\"https:\/\/twchains.com\/product\/23-5-25-ice-resistant-and-wear-resistant-protective-traction-chain\/\"]}]},{\"@type\":\"ImageObject\",\"inLanguage\":\"fr-FR\",\"@id\":\"https:\/\/twchains.com\/product\/23-5-25-ice-resistant-and-wear-resistant-protective-traction-chain\/#primaryimage\",\"url\":\"https:\/\/twchains.com\/wp-content\/uploads\/2025\/05\/anti-skid-traction-chains-for-26.5-25-otr-mining-tyre.jpg\",\"contentUrl\":\"https:\/\/twchains.com\/wp-content\/uploads\/2025\/05\/anti-skid-traction-chains-for-26.5-25-otr-mining-tyre.jpg\",\"width\":1080,\"height\":1080},{\"@type\":\"BreadcrumbList\",\"@id\":\"https:\/\/twchains.com\/product\/23-5-25-ice-resistant-and-wear-resistant-protective-traction-chain\/#breadcrumb\",\"itemListElement\":[{\"@type\":\"ListItem\",\"position\":1,\"name\":\"Home\",\"item\":\"https:\/\/twchains.com\/\"},{\"@type\":\"ListItem\",\"position\":2,\"name\":\"Products\",\"item\":\"https:\/\/twchains.com\/products\/\"},{\"@type\":\"ListItem\",\"position\":3,\"name\":\"23.5-25 Ice Resistant and Wear-Resistant Protective Traction Chain\"}]},{\"@type\":\"WebSite\",\"@id\":\"https:\/\/twchains.com\/#website\",\"url\":\"https:\/\/twchains.com\/\",\"name\":\"twchains\",\"description\":\"\",\"publisher\":{\"@id\":\"https:\/\/twchains.com\/#organization\"},\"potentialAction\":[{\"@type\":\"SearchAction\",\"target\":{\"@type\":\"EntryPoint\",\"urlTemplate\":\"https:\/\/twchains.com\/?s={search_term_string}\"},\"query-input\":{\"@type\":\"PropertyValueSpecification\",\"valueRequired\":true,\"valueName\":\"search_term_string\"}}],\"inLanguage\":\"fr-FR\"},{\"@type\":\"Organization\",\"@id\":\"https:\/\/twchains.com\/#organization\",\"name\":\"twchains\",\"url\":\"https:\/\/twchains.com\/\",\"logo\":{\"@type\":\"ImageObject\",\"inLanguage\":\"fr-FR\",\"@id\":\"https:\/\/twchains.com\/#\/schema\/logo\/image\/\",\"url\":\"https:\/\/twchains.com\/wp-content\/uploads\/2025\/04\/tongwei-logo-100.svg\",\"contentUrl\":\"https:\/\/twchains.com\/wp-content\/uploads\/2025\/04\/tongwei-logo-100.svg\",\"width\":128,\"height\":100,\"caption\":\"twchains\"},\"image\":{\"@id\":\"https:\/\/twchains.com\/#\/schema\/logo\/image\/\"}}]}<\/script>\n<!-- \/ Yoast SEO plugin. -->","yoast_head_json":{"title":"23.5-25 Ice Resistant and Wear-Resistant Protective Traction Chain - twchains","robots":{"index":"index","follow":"follow","max-snippet":"max-snippet:-1","max-image-preview":"max-image-preview:large","max-video-preview":"max-video-preview:-1"},"canonical":"https:\/\/twchains.com\/fr\/produit\/23-5-25-ice-resistant-and-wear-resistant-protective-traction-chain\/","og_locale":"fr_FR","og_type":"article","og_title":"23.5-25 Ice Resistant and Wear-Resistant Protective Traction Chain - twchains","og_description":"ISO 9001-2015 Certificate  Heat Treatment &amp; Chilling","og_url":"https:\/\/twchains.com\/fr\/produit\/23-5-25-ice-resistant-and-wear-resistant-protective-traction-chain\/","og_site_name":"twchains","article_modified_time":"2025-05-14T08:27:03+00:00","og_image":[{"width":1080,"height":1080,"url":"https:\/\/twchains.com\/wp-content\/uploads\/2025\/05\/anti-skid-traction-chains-for-26.5-25-otr-mining-tyre.jpg","type":"image\/jpeg"}],"twitter_card":"summary_large_image","twitter_misc":{"Dur\u00e9e de lecture estim\u00e9e":"2 minutes"},"schema":{"@context":"https:\/\/schema.org","@graph":[{"@type":"WebPage","@id":"https:\/\/twchains.com\/product\/23-5-25-ice-resistant-and-wear-resistant-protective-traction-chain\/","url":"https:\/\/twchains.com\/product\/23-5-25-ice-resistant-and-wear-resistant-protective-traction-chain\/","name":"23.5-25 Ice Resistant and Wear-Resistant Protective Traction Chain - twchains","isPartOf":{"@id":"https:\/\/twchains.com\/#website"},"primaryImageOfPage":{"@id":"https:\/\/twchains.com\/product\/23-5-25-ice-resistant-and-wear-resistant-protective-traction-chain\/#primaryimage"},"image":{"@id":"https:\/\/twchains.com\/product\/23-5-25-ice-resistant-and-wear-resistant-protective-traction-chain\/#primaryimage"},"thumbnailUrl":"https:\/\/twchains.com\/wp-content\/uploads\/2025\/05\/anti-skid-traction-chains-for-26.5-25-otr-mining-tyre.jpg","datePublished":"2025-05-14T08:08:42+00:00","dateModified":"2025-05-14T08:27:03+00:00","breadcrumb":{"@id":"https:\/\/twchains.com\/product\/23-5-25-ice-resistant-and-wear-resistant-protective-traction-chain\/#breadcrumb"},"inLanguage":"fr-FR","potentialAction":[{"@type":"ReadAction","target":["https:\/\/twchains.com\/product\/23-5-25-ice-resistant-and-wear-resistant-protective-traction-chain\/"]}]},{"@type":"ImageObject","inLanguage":"fr-FR","@id":"https:\/\/twchains.com\/product\/23-5-25-ice-resistant-and-wear-resistant-protective-traction-chain\/#primaryimage","url":"https:\/\/twchains.com\/wp-content\/uploads\/2025\/05\/anti-skid-traction-chains-for-26.5-25-otr-mining-tyre.jpg","contentUrl":"https:\/\/twchains.com\/wp-content\/uploads\/2025\/05\/anti-skid-traction-chains-for-26.5-25-otr-mining-tyre.jpg","width":1080,"height":1080},{"@type":"BreadcrumbList","@id":"https:\/\/twchains.com\/product\/23-5-25-ice-resistant-and-wear-resistant-protective-traction-chain\/#breadcrumb","itemListElement":[{"@type":"ListItem","position":1,"name":"Home","item":"https:\/\/twchains.com\/"},{"@type":"ListItem","position":2,"name":"Products","item":"https:\/\/twchains.com\/products\/"},{"@type":"ListItem","position":3,"name":"23.5-25 Ice Resistant and Wear-Resistant Protective Traction Chain"}]},{"@type":"WebSite","@id":"https:\/\/twchains.com\/#website","url":"https:\/\/twchains.com\/","name":"twchains","description":"","publisher":{"@id":"https:\/\/twchains.com\/#organization"},"potentialAction":[{"@type":"SearchAction","target":{"@type":"EntryPoint","urlTemplate":"https:\/\/twchains.com\/?s={search_term_string}"},"query-input":{"@type":"PropertyValueSpecification","valueRequired":true,"valueName":"search_term_string"}}],"inLanguage":"fr-FR"},{"@type":"Organization","@id":"https:\/\/twchains.com\/#organization","name":"twchains","url":"https:\/\/twchains.com\/","logo":{"@type":"ImageObject","inLanguage":"fr-FR","@id":"https:\/\/twchains.com\/#\/schema\/logo\/image\/","url":"https:\/\/twchains.com\/wp-content\/uploads\/2025\/04\/tongwei-logo-100.svg","contentUrl":"https:\/\/twchains.com\/wp-content\/uploads\/2025\/04\/tongwei-logo-100.svg","width":128,"height":100,"caption":"twchains"},"image":{"@id":"https:\/\/twchains.com\/#\/schema\/logo\/image\/"}}]}},"_links":{"self":[{"href":"https:\/\/twchains.com\/fr\/wp-json\/wp\/v2\/product\/846","targetHints":{"allow":["GET"]}}],"collection":[{"href":"https:\/\/twchains.com\/fr\/wp-json\/wp\/v2\/product"}],"about":[{"href":"https:\/\/twchains.com\/fr\/wp-json\/wp\/v2\/types\/product"}],"wp:featuredmedia":[{"embeddable":true,"href":"https:\/\/twchains.com\/fr\/wp-json\/wp\/v2\/media\/849"}],"wp:attachment":[{"href":"https:\/\/twchains.com\/fr\/wp-json\/wp\/v2\/media?parent=846"}],"wp:term":[{"taxonomy":"product_brand","embeddable":true,"href":"https:\/\/twchains.com\/fr\/wp-json\/wp\/v2\/product_brand?post=846"},{"taxonomy":"product_cat","embeddable":true,"href":"https:\/\/twchains.com\/fr\/wp-json\/wp\/v2\/product_cat?post=846"},{"taxonomy":"product_tag","embeddable":true,"href":"https:\/\/twchains.com\/fr\/wp-json\/wp\/v2\/product_tag?post=846"}],"curies":[{"name":"wp","href":"https:\/\/api.w.org\/{rel}","templated":true}]}}