{"id":852,"date":"2025-05-14T08:25:44","date_gmt":"2025-05-14T08:25:44","guid":{"rendered":"https:\/\/twchains.com\/?post_type=product&#038;p=852"},"modified":"2025-05-14T08:25:44","modified_gmt":"2025-05-14T08:25:44","slug":"23-5-25-mining-tyre-protection-chain-with-carbonized-and-quenched-for-dump-truck","status":"publish","type":"product","link":"https:\/\/twchains.com\/fr\/produit\/23-5-25-mining-tyre-protection-chain-with-carbonized-and-quenched-for-dump-truck\/","title":{"rendered":"23.5-25 Cha\u00eene de protection des pneus miniers avec carbonisation et trempe pour camion \u00e0 benne basculante"},"content":{"rendered":"<p>La duret\u00e9 du composant principal de la cha\u00eene de protection des pneus apr\u00e8s c\u00e9mentation est pass\u00e9e de 53hrc \u00e0 61hrc, la duret\u00e9 de la surface de l'anneau circulaire est pass\u00e9e de 45hrc \u00e0 56hrc, et la duret\u00e9 du centre de l'anneau circulaire a atteint 50hrc.<\/p>\n<p>Il s'agit de la fiche d'inspection des donn\u00e9es de c\u00e9mentation \u00e0 1,2 millim\u00e8tre.<\/p>\n<p>En g\u00e9n\u00e9ral, dans les mines de fer ou les environnements de travail difficiles, ou pour les grands mod\u00e8les de cha\u00eenes de protection des pneus fonctionnant dans des environnements \u00e0 forte usure et \u00e0 fort impact, les clients choisiront le traitement de c\u00e9mentation. La carbonisation peut \u00eatre effectu\u00e9e \u00e0 des profondeurs de 1,2 mm, 2 mm, 3 mm, etc. selon les besoins.<br \/>\nApr\u00e8s la c\u00e9mentation, une couche \u00e0 haute teneur en carbone se forme \u00e0 la surface du maillon, ce qui multiplie par trois sa r\u00e9sistance \u00e0 l'usure et r\u00e9duit l'usure caus\u00e9e par le frottement avec le sol. Gr\u00e2ce \u00e0 une structure de gradient de \"duret\u00e9 externe et de t\u00e9nacit\u00e9 interne\" (duret\u00e9 superficielle \u00e9lev\u00e9e + t\u00e9nacit\u00e9 \u00e0 faible teneur en carbone du noyau), le maillon de cha\u00eene ne se brise pas facilement lorsqu'il est soumis \u00e0 un impact de pierre ou \u00e0 un impact de charge lourde, ce qui prolonge sa dur\u00e9e de vie.<\/p>\n<p>#orr\u00e9faction mini\u00e8re#orr\u00e9faction mini\u00e8re#orr\u00e9faction de protection#orr\u00e9faction mini\u00e8re<\/p>","protected":false},"excerpt":{"rendered":"<ul>\n<li>Fournir le certificat d'essai de l'usine<\/li>\n<li>Certificat d'origine<\/li>\n<\/ul>","protected":false},"featured_media":855,"template":"","meta":{"inline_featured_image":false,"_kad_post_transparent":"default","_kad_post_title":"","_kad_post_layout":"default","_kad_post_sidebar_id":"","_kad_post_content_style":"default","_kad_post_vertical_padding":"default","_kad_post_feature":"","_kad_post_feature_position":"","_kad_post_header":false,"_kad_post_footer":false},"product_brand":[],"product_cat":[27,26],"product_tag":[],"class_list":{"0":"post-852","1":"product","2":"type-product","3":"status-publish","4":"has-post-thumbnail","6":"product_cat-encryption","7":"product_cat-reinforced","9":"first","10":"instock","11":"shipping-taxable","12":"product-type-simple","13":"entry","14":"content-bg","15":"loop-entry"},"yoast_head":"<!-- This site is optimized with the Yoast SEO plugin v25.4 - https:\/\/yoast.com\/wordpress\/plugins\/seo\/ -->\n<title>23.5-25 Mining Tyre Protection Chain with Carbonized and Quenched for Dump Truck - twchains<\/title>\n<meta name=\"robots\" content=\"index, follow, max-snippet:-1, max-image-preview:large, max-video-preview:-1\" \/>\n<link rel=\"canonical\" href=\"https:\/\/twchains.com\/fr\/produit\/23-5-25-mining-tyre-protection-chain-with-carbonized-and-quenched-for-dump-truck\/\" \/>\n<meta property=\"og:locale\" content=\"fr_FR\" \/>\n<meta property=\"og:type\" content=\"article\" \/>\n<meta property=\"og:title\" content=\"23.5-25 Mining Tyre Protection Chain with Carbonized and Quenched for Dump Truck - twchains\" \/>\n<meta property=\"og:description\" content=\"Provide Mill Test Certificate  Certificate of Origin\" \/>\n<meta property=\"og:url\" content=\"https:\/\/twchains.com\/fr\/produit\/23-5-25-mining-tyre-protection-chain-with-carbonized-and-quenched-for-dump-truck\/\" \/>\n<meta property=\"og:site_name\" content=\"twchains\" \/>\n<meta property=\"og:image\" content=\"https:\/\/twchains.com\/wp-content\/uploads\/2025\/05\/High-temperature-resistant-anti-skid-chains-for-steel-mills.jpg\" \/>\n\t<meta property=\"og:image:width\" content=\"1080\" \/>\n\t<meta property=\"og:image:height\" content=\"1080\" \/>\n\t<meta property=\"og:image:type\" content=\"image\/jpeg\" \/>\n<meta name=\"twitter:card\" content=\"summary_large_image\" \/>\n<meta name=\"twitter:label1\" content=\"Dur\u00e9e de lecture estim\u00e9e\" \/>\n\t<meta name=\"twitter:data1\" content=\"1 minute\" \/>\n<script type=\"application\/ld+json\" class=\"yoast-schema-graph\">{\"@context\":\"https:\/\/schema.org\",\"@graph\":[{\"@type\":\"WebPage\",\"@id\":\"https:\/\/twchains.com\/product\/23-5-25-mining-tyre-protection-chain-with-carbonized-and-quenched-for-dump-truck\/\",\"url\":\"https:\/\/twchains.com\/product\/23-5-25-mining-tyre-protection-chain-with-carbonized-and-quenched-for-dump-truck\/\",\"name\":\"23.5-25 Mining Tyre Protection Chain with Carbonized and Quenched for Dump Truck - twchains\",\"isPartOf\":{\"@id\":\"https:\/\/twchains.com\/#website\"},\"primaryImageOfPage\":{\"@id\":\"https:\/\/twchains.com\/product\/23-5-25-mining-tyre-protection-chain-with-carbonized-and-quenched-for-dump-truck\/#primaryimage\"},\"image\":{\"@id\":\"https:\/\/twchains.com\/product\/23-5-25-mining-tyre-protection-chain-with-carbonized-and-quenched-for-dump-truck\/#primaryimage\"},\"thumbnailUrl\":\"https:\/\/twchains.com\/wp-content\/uploads\/2025\/05\/High-temperature-resistant-anti-skid-chains-for-steel-mills.jpg\",\"datePublished\":\"2025-05-14T08:25:44+00:00\",\"breadcrumb\":{\"@id\":\"https:\/\/twchains.com\/product\/23-5-25-mining-tyre-protection-chain-with-carbonized-and-quenched-for-dump-truck\/#breadcrumb\"},\"inLanguage\":\"fr-FR\",\"potentialAction\":[{\"@type\":\"ReadAction\",\"target\":[\"https:\/\/twchains.com\/product\/23-5-25-mining-tyre-protection-chain-with-carbonized-and-quenched-for-dump-truck\/\"]}]},{\"@type\":\"ImageObject\",\"inLanguage\":\"fr-FR\",\"@id\":\"https:\/\/twchains.com\/product\/23-5-25-mining-tyre-protection-chain-with-carbonized-and-quenched-for-dump-truck\/#primaryimage\",\"url\":\"https:\/\/twchains.com\/wp-content\/uploads\/2025\/05\/High-temperature-resistant-anti-skid-chains-for-steel-mills.jpg\",\"contentUrl\":\"https:\/\/twchains.com\/wp-content\/uploads\/2025\/05\/High-temperature-resistant-anti-skid-chains-for-steel-mills.jpg\",\"width\":1080,\"height\":1080},{\"@type\":\"BreadcrumbList\",\"@id\":\"https:\/\/twchains.com\/product\/23-5-25-mining-tyre-protection-chain-with-carbonized-and-quenched-for-dump-truck\/#breadcrumb\",\"itemListElement\":[{\"@type\":\"ListItem\",\"position\":1,\"name\":\"Home\",\"item\":\"https:\/\/twchains.com\/\"},{\"@type\":\"ListItem\",\"position\":2,\"name\":\"Products\",\"item\":\"https:\/\/twchains.com\/products\/\"},{\"@type\":\"ListItem\",\"position\":3,\"name\":\"23.5-25 Mining Tyre Protection Chain with Carbonized and Quenched for Dump Truck\"}]},{\"@type\":\"WebSite\",\"@id\":\"https:\/\/twchains.com\/#website\",\"url\":\"https:\/\/twchains.com\/\",\"name\":\"twchains\",\"description\":\"\",\"publisher\":{\"@id\":\"https:\/\/twchains.com\/#organization\"},\"potentialAction\":[{\"@type\":\"SearchAction\",\"target\":{\"@type\":\"EntryPoint\",\"urlTemplate\":\"https:\/\/twchains.com\/?s={search_term_string}\"},\"query-input\":{\"@type\":\"PropertyValueSpecification\",\"valueRequired\":true,\"valueName\":\"search_term_string\"}}],\"inLanguage\":\"fr-FR\"},{\"@type\":\"Organization\",\"@id\":\"https:\/\/twchains.com\/#organization\",\"name\":\"twchains\",\"url\":\"https:\/\/twchains.com\/\",\"logo\":{\"@type\":\"ImageObject\",\"inLanguage\":\"fr-FR\",\"@id\":\"https:\/\/twchains.com\/#\/schema\/logo\/image\/\",\"url\":\"https:\/\/twchains.com\/wp-content\/uploads\/2025\/04\/tongwei-logo-100.svg\",\"contentUrl\":\"https:\/\/twchains.com\/wp-content\/uploads\/2025\/04\/tongwei-logo-100.svg\",\"width\":128,\"height\":100,\"caption\":\"twchains\"},\"image\":{\"@id\":\"https:\/\/twchains.com\/#\/schema\/logo\/image\/\"}}]}<\/script>\n<!-- \/ Yoast SEO plugin. -->","yoast_head_json":{"title":"23.5-25 Mining Tyre Protection Chain with Carbonized and Quenched for Dump Truck - twchains","robots":{"index":"index","follow":"follow","max-snippet":"max-snippet:-1","max-image-preview":"max-image-preview:large","max-video-preview":"max-video-preview:-1"},"canonical":"https:\/\/twchains.com\/fr\/produit\/23-5-25-mining-tyre-protection-chain-with-carbonized-and-quenched-for-dump-truck\/","og_locale":"fr_FR","og_type":"article","og_title":"23.5-25 Mining Tyre Protection Chain with Carbonized and Quenched for Dump Truck - twchains","og_description":"Provide Mill Test Certificate  Certificate of Origin","og_url":"https:\/\/twchains.com\/fr\/produit\/23-5-25-mining-tyre-protection-chain-with-carbonized-and-quenched-for-dump-truck\/","og_site_name":"twchains","og_image":[{"width":1080,"height":1080,"url":"https:\/\/twchains.com\/wp-content\/uploads\/2025\/05\/High-temperature-resistant-anti-skid-chains-for-steel-mills.jpg","type":"image\/jpeg"}],"twitter_card":"summary_large_image","twitter_misc":{"Dur\u00e9e de lecture estim\u00e9e":"1 minute"},"schema":{"@context":"https:\/\/schema.org","@graph":[{"@type":"WebPage","@id":"https:\/\/twchains.com\/product\/23-5-25-mining-tyre-protection-chain-with-carbonized-and-quenched-for-dump-truck\/","url":"https:\/\/twchains.com\/product\/23-5-25-mining-tyre-protection-chain-with-carbonized-and-quenched-for-dump-truck\/","name":"23.5-25 Mining Tyre Protection Chain with Carbonized and Quenched for Dump Truck - twchains","isPartOf":{"@id":"https:\/\/twchains.com\/#website"},"primaryImageOfPage":{"@id":"https:\/\/twchains.com\/product\/23-5-25-mining-tyre-protection-chain-with-carbonized-and-quenched-for-dump-truck\/#primaryimage"},"image":{"@id":"https:\/\/twchains.com\/product\/23-5-25-mining-tyre-protection-chain-with-carbonized-and-quenched-for-dump-truck\/#primaryimage"},"thumbnailUrl":"https:\/\/twchains.com\/wp-content\/uploads\/2025\/05\/High-temperature-resistant-anti-skid-chains-for-steel-mills.jpg","datePublished":"2025-05-14T08:25:44+00:00","breadcrumb":{"@id":"https:\/\/twchains.com\/product\/23-5-25-mining-tyre-protection-chain-with-carbonized-and-quenched-for-dump-truck\/#breadcrumb"},"inLanguage":"fr-FR","potentialAction":[{"@type":"ReadAction","target":["https:\/\/twchains.com\/product\/23-5-25-mining-tyre-protection-chain-with-carbonized-and-quenched-for-dump-truck\/"]}]},{"@type":"ImageObject","inLanguage":"fr-FR","@id":"https:\/\/twchains.com\/product\/23-5-25-mining-tyre-protection-chain-with-carbonized-and-quenched-for-dump-truck\/#primaryimage","url":"https:\/\/twchains.com\/wp-content\/uploads\/2025\/05\/High-temperature-resistant-anti-skid-chains-for-steel-mills.jpg","contentUrl":"https:\/\/twchains.com\/wp-content\/uploads\/2025\/05\/High-temperature-resistant-anti-skid-chains-for-steel-mills.jpg","width":1080,"height":1080},{"@type":"BreadcrumbList","@id":"https:\/\/twchains.com\/product\/23-5-25-mining-tyre-protection-chain-with-carbonized-and-quenched-for-dump-truck\/#breadcrumb","itemListElement":[{"@type":"ListItem","position":1,"name":"Home","item":"https:\/\/twchains.com\/"},{"@type":"ListItem","position":2,"name":"Products","item":"https:\/\/twchains.com\/products\/"},{"@type":"ListItem","position":3,"name":"23.5-25 Mining Tyre Protection Chain with Carbonized and Quenched for Dump Truck"}]},{"@type":"WebSite","@id":"https:\/\/twchains.com\/#website","url":"https:\/\/twchains.com\/","name":"twchains","description":"","publisher":{"@id":"https:\/\/twchains.com\/#organization"},"potentialAction":[{"@type":"SearchAction","target":{"@type":"EntryPoint","urlTemplate":"https:\/\/twchains.com\/?s={search_term_string}"},"query-input":{"@type":"PropertyValueSpecification","valueRequired":true,"valueName":"search_term_string"}}],"inLanguage":"fr-FR"},{"@type":"Organization","@id":"https:\/\/twchains.com\/#organization","name":"twchains","url":"https:\/\/twchains.com\/","logo":{"@type":"ImageObject","inLanguage":"fr-FR","@id":"https:\/\/twchains.com\/#\/schema\/logo\/image\/","url":"https:\/\/twchains.com\/wp-content\/uploads\/2025\/04\/tongwei-logo-100.svg","contentUrl":"https:\/\/twchains.com\/wp-content\/uploads\/2025\/04\/tongwei-logo-100.svg","width":128,"height":100,"caption":"twchains"},"image":{"@id":"https:\/\/twchains.com\/#\/schema\/logo\/image\/"}}]}},"_links":{"self":[{"href":"https:\/\/twchains.com\/fr\/wp-json\/wp\/v2\/product\/852","targetHints":{"allow":["GET"]}}],"collection":[{"href":"https:\/\/twchains.com\/fr\/wp-json\/wp\/v2\/product"}],"about":[{"href":"https:\/\/twchains.com\/fr\/wp-json\/wp\/v2\/types\/product"}],"wp:featuredmedia":[{"embeddable":true,"href":"https:\/\/twchains.com\/fr\/wp-json\/wp\/v2\/media\/855"}],"wp:attachment":[{"href":"https:\/\/twchains.com\/fr\/wp-json\/wp\/v2\/media?parent=852"}],"wp:term":[{"taxonomy":"product_brand","embeddable":true,"href":"https:\/\/twchains.com\/fr\/wp-json\/wp\/v2\/product_brand?post=852"},{"taxonomy":"product_cat","embeddable":true,"href":"https:\/\/twchains.com\/fr\/wp-json\/wp\/v2\/product_cat?post=852"},{"taxonomy":"product_tag","embeddable":true,"href":"https:\/\/twchains.com\/fr\/wp-json\/wp\/v2\/product_tag?post=852"}],"curies":[{"name":"wp","href":"https:\/\/api.w.org\/{rel}","templated":true}]}}