{"id":856,"date":"2025-05-14T08:46:21","date_gmt":"2025-05-14T08:46:21","guid":{"rendered":"https:\/\/twchains.com\/?post_type=product&#038;p=856"},"modified":"2025-05-14T08:46:21","modified_gmt":"2025-05-14T08:46:21","slug":"23-5r25-26-5r25-29-5r29-popular-carbon-armor-protection-chain","status":"publish","type":"product","link":"https:\/\/twchains.com\/fr\/produit\/23-5r25-26-5r25-29-5r29-popular-carbon-armor-protection-chain\/","title":{"rendered":"23.5r25 26.5r25 29.5r29 Cha\u00eene de protection en carbone populaire"},"content":{"rendered":"<p>Ces derni\u00e8res ann\u00e9es, de plus en plus de clients ont demand\u00e9 que les cha\u00eenes de protection des pneus subissent un traitement de c\u00e9mentation, avec une surface aussi dure qu'une armure.<\/p>\n<p>Nous avons maintenant deux types de cha\u00eenes de protection des pneus, l'une sans carburation et l'autre avec traitement de carburation ;<\/p>\n<p>Qu'il s'agisse de cha\u00eenes de protection des pneus de petite taille travaillant dans les tunnels, les mines de fer, les mines, ou de pneus miniers de grande taille travaillant dans des environnements de travail extr\u00eamement difficiles, tels que les scories d'acier chaudes, les aci\u00e9ries, les cha\u00eenes de protection des pneus g\u00e9ants tels que 45\/65r39, 45\/65r45, 50\/85r57, 59\/80r63, etc. Apr\u00e8s le traitement de c\u00e9mentation, il est possible de r\u00e9duire les microfissures dans les maillons de la cha\u00eene en cas de flexions et d'\u00e9tirements r\u00e9p\u00e9t\u00e9s, d'\u00e9viter les ruptures soudaines caus\u00e9es par la fatigue du m\u00e9tal et d'am\u00e9liorer la s\u00e9curit\u00e9. Bien que les co\u00fbts de c\u00e9mentation augmentent d'environ 15-20%, la dur\u00e9e de vie est prolong\u00e9e de plus de 50%, et la fr\u00e9quence des arr\u00eats et des remplacements est r\u00e9duite. Le co\u00fbt global est en fait r\u00e9duit.<\/p>\n<p>#popularchain#protectionchain#unnel#mine#gianttyre#tyreprotectionchain<\/p>","protected":false},"excerpt":{"rendered":"<ul>\n<li>Directement de l'usine<\/li>\n<li>Cha\u00eenes pour pneus de chargeuses<\/li>\n<\/ul>","protected":false},"featured_media":857,"template":"","meta":{"inline_featured_image":false,"_kad_post_transparent":"default","_kad_post_title":"","_kad_post_layout":"default","_kad_post_sidebar_id":"","_kad_post_content_style":"default","_kad_post_vertical_padding":"default","_kad_post_feature":"","_kad_post_feature_position":"","_kad_post_header":false,"_kad_post_footer":false},"product_brand":[],"product_cat":[28,26],"product_tag":[],"class_list":{"0":"post-856","1":"product","2":"type-product","3":"status-publish","4":"has-post-thumbnail","6":"product_cat-heavy-duty","7":"product_cat-reinforced","9":"first","10":"instock","11":"shipping-taxable","12":"product-type-simple","13":"entry","14":"content-bg","15":"loop-entry"},"yoast_head":"<!-- This site is optimized with the Yoast SEO plugin v25.4 - https:\/\/yoast.com\/wordpress\/plugins\/seo\/ -->\n<title>23.5r25 26.5r25 29.5r29 Popular Carbon Armor Protection Chain - twchains<\/title>\n<meta name=\"robots\" content=\"index, follow, max-snippet:-1, max-image-preview:large, max-video-preview:-1\" \/>\n<link rel=\"canonical\" href=\"https:\/\/twchains.com\/fr\/produit\/23-5r25-26-5r25-29-5r29-popular-carbon-armor-protection-chain\/\" \/>\n<meta property=\"og:locale\" content=\"fr_FR\" \/>\n<meta property=\"og:type\" content=\"article\" \/>\n<meta property=\"og:title\" content=\"23.5r25 26.5r25 29.5r29 Popular Carbon Armor Protection Chain - twchains\" \/>\n<meta property=\"og:description\" content=\"Factory Directly  Loader Tire Chains\" \/>\n<meta property=\"og:url\" content=\"https:\/\/twchains.com\/fr\/produit\/23-5r25-26-5r25-29-5r29-popular-carbon-armor-protection-chain\/\" \/>\n<meta property=\"og:site_name\" content=\"twchains\" \/>\n<meta property=\"og:image\" content=\"https:\/\/twchains.com\/wp-content\/uploads\/2025\/05\/3565-33-otr-mining-tyre-protection-chain-for-wheel-loader-.jpg\" \/>\n\t<meta property=\"og:image:width\" content=\"1080\" \/>\n\t<meta property=\"og:image:height\" content=\"1080\" \/>\n\t<meta property=\"og:image:type\" content=\"image\/jpeg\" \/>\n<meta name=\"twitter:card\" content=\"summary_large_image\" \/>\n<meta name=\"twitter:label1\" content=\"Dur\u00e9e de lecture estim\u00e9e\" \/>\n\t<meta name=\"twitter:data1\" content=\"1 minute\" \/>\n<script type=\"application\/ld+json\" class=\"yoast-schema-graph\">{\"@context\":\"https:\/\/schema.org\",\"@graph\":[{\"@type\":\"WebPage\",\"@id\":\"https:\/\/twchains.com\/product\/23-5r25-26-5r25-29-5r29-popular-carbon-armor-protection-chain\/\",\"url\":\"https:\/\/twchains.com\/product\/23-5r25-26-5r25-29-5r29-popular-carbon-armor-protection-chain\/\",\"name\":\"23.5r25 26.5r25 29.5r29 Popular Carbon Armor Protection Chain - twchains\",\"isPartOf\":{\"@id\":\"https:\/\/twchains.com\/#website\"},\"primaryImageOfPage\":{\"@id\":\"https:\/\/twchains.com\/product\/23-5r25-26-5r25-29-5r29-popular-carbon-armor-protection-chain\/#primaryimage\"},\"image\":{\"@id\":\"https:\/\/twchains.com\/product\/23-5r25-26-5r25-29-5r29-popular-carbon-armor-protection-chain\/#primaryimage\"},\"thumbnailUrl\":\"https:\/\/twchains.com\/wp-content\/uploads\/2025\/05\/3565-33-otr-mining-tyre-protection-chain-for-wheel-loader-.jpg\",\"datePublished\":\"2025-05-14T08:46:21+00:00\",\"breadcrumb\":{\"@id\":\"https:\/\/twchains.com\/product\/23-5r25-26-5r25-29-5r29-popular-carbon-armor-protection-chain\/#breadcrumb\"},\"inLanguage\":\"fr-FR\",\"potentialAction\":[{\"@type\":\"ReadAction\",\"target\":[\"https:\/\/twchains.com\/product\/23-5r25-26-5r25-29-5r29-popular-carbon-armor-protection-chain\/\"]}]},{\"@type\":\"ImageObject\",\"inLanguage\":\"fr-FR\",\"@id\":\"https:\/\/twchains.com\/product\/23-5r25-26-5r25-29-5r29-popular-carbon-armor-protection-chain\/#primaryimage\",\"url\":\"https:\/\/twchains.com\/wp-content\/uploads\/2025\/05\/3565-33-otr-mining-tyre-protection-chain-for-wheel-loader-.jpg\",\"contentUrl\":\"https:\/\/twchains.com\/wp-content\/uploads\/2025\/05\/3565-33-otr-mining-tyre-protection-chain-for-wheel-loader-.jpg\",\"width\":1080,\"height\":1080},{\"@type\":\"BreadcrumbList\",\"@id\":\"https:\/\/twchains.com\/product\/23-5r25-26-5r25-29-5r29-popular-carbon-armor-protection-chain\/#breadcrumb\",\"itemListElement\":[{\"@type\":\"ListItem\",\"position\":1,\"name\":\"Home\",\"item\":\"https:\/\/twchains.com\/\"},{\"@type\":\"ListItem\",\"position\":2,\"name\":\"Products\",\"item\":\"https:\/\/twchains.com\/products\/\"},{\"@type\":\"ListItem\",\"position\":3,\"name\":\"23.5r25 26.5r25 29.5r29 Popular Carbon Armor Protection Chain\"}]},{\"@type\":\"WebSite\",\"@id\":\"https:\/\/twchains.com\/#website\",\"url\":\"https:\/\/twchains.com\/\",\"name\":\"twchains\",\"description\":\"\",\"publisher\":{\"@id\":\"https:\/\/twchains.com\/#organization\"},\"potentialAction\":[{\"@type\":\"SearchAction\",\"target\":{\"@type\":\"EntryPoint\",\"urlTemplate\":\"https:\/\/twchains.com\/?s={search_term_string}\"},\"query-input\":{\"@type\":\"PropertyValueSpecification\",\"valueRequired\":true,\"valueName\":\"search_term_string\"}}],\"inLanguage\":\"fr-FR\"},{\"@type\":\"Organization\",\"@id\":\"https:\/\/twchains.com\/#organization\",\"name\":\"twchains\",\"url\":\"https:\/\/twchains.com\/\",\"logo\":{\"@type\":\"ImageObject\",\"inLanguage\":\"fr-FR\",\"@id\":\"https:\/\/twchains.com\/#\/schema\/logo\/image\/\",\"url\":\"https:\/\/twchains.com\/wp-content\/uploads\/2025\/04\/tongwei-logo-100.svg\",\"contentUrl\":\"https:\/\/twchains.com\/wp-content\/uploads\/2025\/04\/tongwei-logo-100.svg\",\"width\":128,\"height\":100,\"caption\":\"twchains\"},\"image\":{\"@id\":\"https:\/\/twchains.com\/#\/schema\/logo\/image\/\"}}]}<\/script>\n<!-- \/ Yoast SEO plugin. -->","yoast_head_json":{"title":"23.5r25 26.5r25 29.5r29 Popular Carbon Armor Protection Chain - twchains","robots":{"index":"index","follow":"follow","max-snippet":"max-snippet:-1","max-image-preview":"max-image-preview:large","max-video-preview":"max-video-preview:-1"},"canonical":"https:\/\/twchains.com\/fr\/produit\/23-5r25-26-5r25-29-5r29-popular-carbon-armor-protection-chain\/","og_locale":"fr_FR","og_type":"article","og_title":"23.5r25 26.5r25 29.5r29 Popular Carbon Armor Protection Chain - twchains","og_description":"Factory Directly  Loader Tire Chains","og_url":"https:\/\/twchains.com\/fr\/produit\/23-5r25-26-5r25-29-5r29-popular-carbon-armor-protection-chain\/","og_site_name":"twchains","og_image":[{"width":1080,"height":1080,"url":"https:\/\/twchains.com\/wp-content\/uploads\/2025\/05\/3565-33-otr-mining-tyre-protection-chain-for-wheel-loader-.jpg","type":"image\/jpeg"}],"twitter_card":"summary_large_image","twitter_misc":{"Dur\u00e9e de lecture estim\u00e9e":"1 minute"},"schema":{"@context":"https:\/\/schema.org","@graph":[{"@type":"WebPage","@id":"https:\/\/twchains.com\/product\/23-5r25-26-5r25-29-5r29-popular-carbon-armor-protection-chain\/","url":"https:\/\/twchains.com\/product\/23-5r25-26-5r25-29-5r29-popular-carbon-armor-protection-chain\/","name":"23.5r25 26.5r25 29.5r29 Popular Carbon Armor Protection Chain - twchains","isPartOf":{"@id":"https:\/\/twchains.com\/#website"},"primaryImageOfPage":{"@id":"https:\/\/twchains.com\/product\/23-5r25-26-5r25-29-5r29-popular-carbon-armor-protection-chain\/#primaryimage"},"image":{"@id":"https:\/\/twchains.com\/product\/23-5r25-26-5r25-29-5r29-popular-carbon-armor-protection-chain\/#primaryimage"},"thumbnailUrl":"https:\/\/twchains.com\/wp-content\/uploads\/2025\/05\/3565-33-otr-mining-tyre-protection-chain-for-wheel-loader-.jpg","datePublished":"2025-05-14T08:46:21+00:00","breadcrumb":{"@id":"https:\/\/twchains.com\/product\/23-5r25-26-5r25-29-5r29-popular-carbon-armor-protection-chain\/#breadcrumb"},"inLanguage":"fr-FR","potentialAction":[{"@type":"ReadAction","target":["https:\/\/twchains.com\/product\/23-5r25-26-5r25-29-5r29-popular-carbon-armor-protection-chain\/"]}]},{"@type":"ImageObject","inLanguage":"fr-FR","@id":"https:\/\/twchains.com\/product\/23-5r25-26-5r25-29-5r29-popular-carbon-armor-protection-chain\/#primaryimage","url":"https:\/\/twchains.com\/wp-content\/uploads\/2025\/05\/3565-33-otr-mining-tyre-protection-chain-for-wheel-loader-.jpg","contentUrl":"https:\/\/twchains.com\/wp-content\/uploads\/2025\/05\/3565-33-otr-mining-tyre-protection-chain-for-wheel-loader-.jpg","width":1080,"height":1080},{"@type":"BreadcrumbList","@id":"https:\/\/twchains.com\/product\/23-5r25-26-5r25-29-5r29-popular-carbon-armor-protection-chain\/#breadcrumb","itemListElement":[{"@type":"ListItem","position":1,"name":"Home","item":"https:\/\/twchains.com\/"},{"@type":"ListItem","position":2,"name":"Products","item":"https:\/\/twchains.com\/products\/"},{"@type":"ListItem","position":3,"name":"23.5r25 26.5r25 29.5r29 Popular Carbon Armor Protection Chain"}]},{"@type":"WebSite","@id":"https:\/\/twchains.com\/#website","url":"https:\/\/twchains.com\/","name":"twchains","description":"","publisher":{"@id":"https:\/\/twchains.com\/#organization"},"potentialAction":[{"@type":"SearchAction","target":{"@type":"EntryPoint","urlTemplate":"https:\/\/twchains.com\/?s={search_term_string}"},"query-input":{"@type":"PropertyValueSpecification","valueRequired":true,"valueName":"search_term_string"}}],"inLanguage":"fr-FR"},{"@type":"Organization","@id":"https:\/\/twchains.com\/#organization","name":"twchains","url":"https:\/\/twchains.com\/","logo":{"@type":"ImageObject","inLanguage":"fr-FR","@id":"https:\/\/twchains.com\/#\/schema\/logo\/image\/","url":"https:\/\/twchains.com\/wp-content\/uploads\/2025\/04\/tongwei-logo-100.svg","contentUrl":"https:\/\/twchains.com\/wp-content\/uploads\/2025\/04\/tongwei-logo-100.svg","width":128,"height":100,"caption":"twchains"},"image":{"@id":"https:\/\/twchains.com\/#\/schema\/logo\/image\/"}}]}},"_links":{"self":[{"href":"https:\/\/twchains.com\/fr\/wp-json\/wp\/v2\/product\/856","targetHints":{"allow":["GET"]}}],"collection":[{"href":"https:\/\/twchains.com\/fr\/wp-json\/wp\/v2\/product"}],"about":[{"href":"https:\/\/twchains.com\/fr\/wp-json\/wp\/v2\/types\/product"}],"wp:featuredmedia":[{"embeddable":true,"href":"https:\/\/twchains.com\/fr\/wp-json\/wp\/v2\/media\/857"}],"wp:attachment":[{"href":"https:\/\/twchains.com\/fr\/wp-json\/wp\/v2\/media?parent=856"}],"wp:term":[{"taxonomy":"product_brand","embeddable":true,"href":"https:\/\/twchains.com\/fr\/wp-json\/wp\/v2\/product_brand?post=856"},{"taxonomy":"product_cat","embeddable":true,"href":"https:\/\/twchains.com\/fr\/wp-json\/wp\/v2\/product_cat?post=856"},{"taxonomy":"product_tag","embeddable":true,"href":"https:\/\/twchains.com\/fr\/wp-json\/wp\/v2\/product_tag?post=856"}],"curies":[{"name":"wp","href":"https:\/\/api.w.org\/{rel}","templated":true}]}}