{"id":956,"date":"2025-06-04T01:59:13","date_gmt":"2025-06-04T01:59:13","guid":{"rendered":"https:\/\/twchains.com\/?post_type=product&#038;p=956"},"modified":"2025-06-04T01:59:13","modified_gmt":"2025-06-04T01:59:13","slug":"x16mm-reinforced-type-a-23-5r25-truck-mining-tire-chains","status":"publish","type":"product","link":"https:\/\/twchains.com\/fr\/produit\/x16mm-reinforced-type-a-23-5r25-truck-mining-tire-chains\/","title":{"rendered":"\u00d7Cha\u00eenes renforc\u00e9es de type A 23.5r25 pour pneus de camions et d'engins miniers"},"content":{"rendered":"<p>Comment monter des cha\u00eenes sur les pneus :<\/p>\n<ol>\n<li>La cha\u00eene de tension doit se trouver sur le c\u00f4t\u00e9 ext\u00e9rieur de la roue.<\/li>\n<li>Roulez sur la cha\u00eene, arr\u00eatez-vous \u00e0 une distance d'environ 60 cm de l'extr\u00e9mit\u00e9, placez la cha\u00eene de montage sur le pneu et fixez la cha\u00eene de montage \u00e0 l'aide des deux crochets de montage.<\/li>\n<li>Effectuer lentement un tour complet du volant.<\/li>\n<li>Arr\u00eater la roue et fixer les deux extr\u00e9mit\u00e9s \u00e0 l'aide de la pince d'assemblage.<\/li>\n<li>Fixer les maillons de la cha\u00eene ext\u00e9rieure \u00e0 l'aide de la manille, ouvrir la cha\u00eene de montage et retirer les 2 crochets de montage.<\/li>\n<li>Fixer et s\u00e9curiser toutes les pi\u00e8ces forg\u00e9es sur le c\u00f4t\u00e9 int\u00e9rieur de la cha\u00eene avec l'anneau de raccordement et continuer \u00e0 fixer la cha\u00eene.<\/li>\n<li>S\u00e9curiser l'anneau de liaison : pousser la pi\u00e8ce de verrouillage, enfoncer la goupille ; S\u00e9curiser la manille \u00e0 goupille : pousser l'\u00e9l\u00e9ment de fixation et enfoncer les goupilles.<\/li>\n<li>Retirer la cha\u00eene de montage.Fixer le levier de tension, ce qui permet de tendre la cha\u00eene de tension.Ensuite, pousser la plaque de verrouillage dans la cha\u00eene de tension et la fixer.Enfin, fixer les extr\u00e9mit\u00e9s de la cha\u00eene de tension \u00e0 l'aide d'une manille.<\/li>\n<\/ol>\n<div class=\"entry-content-asset videofit\"><iframe title=\"Comment installer la cha\u00eene de protection du chargeur\" width=\"720\" height=\"405\" src=\"https:\/\/www.youtube.com\/embed\/NnEMMByXYFM?feature=oembed\" frameborder=\"0\" allow=\"accelerometer; autoplay; clipboard-write; encrypted-media; gyroscope; picture-in-picture; web-share\" referrerpolicy=\"strict-origin-when-cross-origin\" allowfullscreen><\/iframe><\/div>","protected":false},"excerpt":{"rendered":"<ul>\n<li>Processus de forgeage de pr\u00e9cision<\/li>\n<li>Traitement de trempe et de revenu<\/li>\n<li>Test d'\u00e9quilibre dynamique - Chaque jeu de cha\u00eenes est soumis \u00e0 un test de rotation \u00e0 grande vitesse pour garantir une conduite souple et sans vibration apr\u00e8s l'installation.<\/li>\n<li>Technologie de rev\u00eatement antirouille - rev\u00eatement de surface en alliage de zinc et de nickel, r\u00e9sistant \u00e0 la corrosion, prolongeant la dur\u00e9e de vie.<\/li>\n<\/ul>","protected":false},"featured_media":875,"template":"","meta":{"inline_featured_image":false,"_kad_post_transparent":"default","_kad_post_title":"","_kad_post_layout":"default","_kad_post_sidebar_id":"","_kad_post_content_style":"default","_kad_post_vertical_padding":"default","_kad_post_feature":"","_kad_post_feature_position":"","_kad_post_header":false,"_kad_post_footer":false},"product_brand":[],"product_cat":[26],"product_tag":[],"class_list":{"0":"post-956","1":"product","2":"type-product","3":"status-publish","4":"has-post-thumbnail","6":"product_cat-reinforced","8":"first","9":"instock","10":"shipping-taxable","11":"product-type-simple","12":"entry","13":"content-bg","14":"loop-entry"},"yoast_head":"<!-- This site is optimized with the Yoast SEO plugin v25.4 - https:\/\/yoast.com\/wordpress\/plugins\/seo\/ -->\n<title>\u00d716mm Reinforced Type A 23.5r25 Truck Mining Tire Chains - twchains<\/title>\n<meta name=\"robots\" content=\"index, follow, max-snippet:-1, max-image-preview:large, max-video-preview:-1\" \/>\n<link rel=\"canonical\" href=\"https:\/\/twchains.com\/fr\/produit\/x16mm-reinforced-type-a-23-5r25-truck-mining-tire-chains\/\" \/>\n<meta property=\"og:locale\" content=\"fr_FR\" \/>\n<meta property=\"og:type\" content=\"article\" \/>\n<meta property=\"og:title\" content=\"\u00d716mm Reinforced Type A 23.5r25 Truck Mining Tire Chains - twchains\" \/>\n<meta property=\"og:description\" content=\"Precision Forging Process  Quenching+Tempering Treatment  Dynamic Balance Test - Each set of chains undergoes high-speed rotation testing to ensure smooth and vibration free driving after installation.  Rust Proof Coating Technology - surface zinc nickel alloy coating, corrosion-resistant, extends service life.\" \/>\n<meta property=\"og:url\" content=\"https:\/\/twchains.com\/fr\/produit\/x16mm-reinforced-type-a-23-5r25-truck-mining-tire-chains\/\" \/>\n<meta property=\"og:site_name\" content=\"twchains\" \/>\n<meta property=\"og:image\" content=\"https:\/\/twchains.com\/wp-content\/uploads\/2025\/05\/High-manganese-steel-wear-resistant-chain-for-iron-ore-1.jpg\" \/>\n\t<meta property=\"og:image:width\" content=\"1080\" \/>\n\t<meta property=\"og:image:height\" content=\"1080\" \/>\n\t<meta property=\"og:image:type\" content=\"image\/jpeg\" \/>\n<meta name=\"twitter:card\" content=\"summary_large_image\" \/>\n<meta name=\"twitter:label1\" content=\"Dur\u00e9e de lecture estim\u00e9e\" \/>\n\t<meta name=\"twitter:data1\" content=\"1 minute\" \/>\n<script type=\"application\/ld+json\" class=\"yoast-schema-graph\">{\"@context\":\"https:\/\/schema.org\",\"@graph\":[{\"@type\":\"WebPage\",\"@id\":\"https:\/\/twchains.com\/product\/x16mm-reinforced-type-a-23-5r25-truck-mining-tire-chains\/\",\"url\":\"https:\/\/twchains.com\/product\/x16mm-reinforced-type-a-23-5r25-truck-mining-tire-chains\/\",\"name\":\"\u00d716mm Reinforced Type A 23.5r25 Truck Mining Tire Chains - twchains\",\"isPartOf\":{\"@id\":\"https:\/\/twchains.com\/#website\"},\"primaryImageOfPage\":{\"@id\":\"https:\/\/twchains.com\/product\/x16mm-reinforced-type-a-23-5r25-truck-mining-tire-chains\/#primaryimage\"},\"image\":{\"@id\":\"https:\/\/twchains.com\/product\/x16mm-reinforced-type-a-23-5r25-truck-mining-tire-chains\/#primaryimage\"},\"thumbnailUrl\":\"https:\/\/twchains.com\/wp-content\/uploads\/2025\/05\/High-manganese-steel-wear-resistant-chain-for-iron-ore-1.jpg\",\"datePublished\":\"2025-06-04T01:59:13+00:00\",\"breadcrumb\":{\"@id\":\"https:\/\/twchains.com\/product\/x16mm-reinforced-type-a-23-5r25-truck-mining-tire-chains\/#breadcrumb\"},\"inLanguage\":\"fr-FR\",\"potentialAction\":[{\"@type\":\"ReadAction\",\"target\":[\"https:\/\/twchains.com\/product\/x16mm-reinforced-type-a-23-5r25-truck-mining-tire-chains\/\"]}]},{\"@type\":\"ImageObject\",\"inLanguage\":\"fr-FR\",\"@id\":\"https:\/\/twchains.com\/product\/x16mm-reinforced-type-a-23-5r25-truck-mining-tire-chains\/#primaryimage\",\"url\":\"https:\/\/twchains.com\/wp-content\/uploads\/2025\/05\/High-manganese-steel-wear-resistant-chain-for-iron-ore-1.jpg\",\"contentUrl\":\"https:\/\/twchains.com\/wp-content\/uploads\/2025\/05\/High-manganese-steel-wear-resistant-chain-for-iron-ore-1.jpg\",\"width\":1080,\"height\":1080},{\"@type\":\"BreadcrumbList\",\"@id\":\"https:\/\/twchains.com\/product\/x16mm-reinforced-type-a-23-5r25-truck-mining-tire-chains\/#breadcrumb\",\"itemListElement\":[{\"@type\":\"ListItem\",\"position\":1,\"name\":\"Home\",\"item\":\"https:\/\/twchains.com\/\"},{\"@type\":\"ListItem\",\"position\":2,\"name\":\"Products\",\"item\":\"https:\/\/twchains.com\/products\/\"},{\"@type\":\"ListItem\",\"position\":3,\"name\":\"\u00d716mm Reinforced Type A 23.5r25 Truck Mining Tire Chains\"}]},{\"@type\":\"WebSite\",\"@id\":\"https:\/\/twchains.com\/#website\",\"url\":\"https:\/\/twchains.com\/\",\"name\":\"twchains\",\"description\":\"\",\"publisher\":{\"@id\":\"https:\/\/twchains.com\/#organization\"},\"potentialAction\":[{\"@type\":\"SearchAction\",\"target\":{\"@type\":\"EntryPoint\",\"urlTemplate\":\"https:\/\/twchains.com\/?s={search_term_string}\"},\"query-input\":{\"@type\":\"PropertyValueSpecification\",\"valueRequired\":true,\"valueName\":\"search_term_string\"}}],\"inLanguage\":\"fr-FR\"},{\"@type\":\"Organization\",\"@id\":\"https:\/\/twchains.com\/#organization\",\"name\":\"twchains\",\"url\":\"https:\/\/twchains.com\/\",\"logo\":{\"@type\":\"ImageObject\",\"inLanguage\":\"fr-FR\",\"@id\":\"https:\/\/twchains.com\/#\/schema\/logo\/image\/\",\"url\":\"https:\/\/twchains.com\/wp-content\/uploads\/2025\/04\/tongwei-logo-100.svg\",\"contentUrl\":\"https:\/\/twchains.com\/wp-content\/uploads\/2025\/04\/tongwei-logo-100.svg\",\"width\":128,\"height\":100,\"caption\":\"twchains\"},\"image\":{\"@id\":\"https:\/\/twchains.com\/#\/schema\/logo\/image\/\"}}]}<\/script>\n<!-- \/ Yoast SEO plugin. -->","yoast_head_json":{"title":"\u00d716mm Reinforced Type A 23.5r25 Truck Mining Tire Chains - twchains","robots":{"index":"index","follow":"follow","max-snippet":"max-snippet:-1","max-image-preview":"max-image-preview:large","max-video-preview":"max-video-preview:-1"},"canonical":"https:\/\/twchains.com\/fr\/produit\/x16mm-reinforced-type-a-23-5r25-truck-mining-tire-chains\/","og_locale":"fr_FR","og_type":"article","og_title":"\u00d716mm Reinforced Type A 23.5r25 Truck Mining Tire Chains - twchains","og_description":"Precision Forging Process  Quenching+Tempering Treatment  Dynamic Balance Test - Each set of chains undergoes high-speed rotation testing to ensure smooth and vibration free driving after installation.  Rust Proof Coating Technology - surface zinc nickel alloy coating, corrosion-resistant, extends service life.","og_url":"https:\/\/twchains.com\/fr\/produit\/x16mm-reinforced-type-a-23-5r25-truck-mining-tire-chains\/","og_site_name":"twchains","og_image":[{"width":1080,"height":1080,"url":"https:\/\/twchains.com\/wp-content\/uploads\/2025\/05\/High-manganese-steel-wear-resistant-chain-for-iron-ore-1.jpg","type":"image\/jpeg"}],"twitter_card":"summary_large_image","twitter_misc":{"Dur\u00e9e de lecture estim\u00e9e":"1 minute"},"schema":{"@context":"https:\/\/schema.org","@graph":[{"@type":"WebPage","@id":"https:\/\/twchains.com\/product\/x16mm-reinforced-type-a-23-5r25-truck-mining-tire-chains\/","url":"https:\/\/twchains.com\/product\/x16mm-reinforced-type-a-23-5r25-truck-mining-tire-chains\/","name":"\u00d716mm Reinforced Type A 23.5r25 Truck Mining Tire Chains - twchains","isPartOf":{"@id":"https:\/\/twchains.com\/#website"},"primaryImageOfPage":{"@id":"https:\/\/twchains.com\/product\/x16mm-reinforced-type-a-23-5r25-truck-mining-tire-chains\/#primaryimage"},"image":{"@id":"https:\/\/twchains.com\/product\/x16mm-reinforced-type-a-23-5r25-truck-mining-tire-chains\/#primaryimage"},"thumbnailUrl":"https:\/\/twchains.com\/wp-content\/uploads\/2025\/05\/High-manganese-steel-wear-resistant-chain-for-iron-ore-1.jpg","datePublished":"2025-06-04T01:59:13+00:00","breadcrumb":{"@id":"https:\/\/twchains.com\/product\/x16mm-reinforced-type-a-23-5r25-truck-mining-tire-chains\/#breadcrumb"},"inLanguage":"fr-FR","potentialAction":[{"@type":"ReadAction","target":["https:\/\/twchains.com\/product\/x16mm-reinforced-type-a-23-5r25-truck-mining-tire-chains\/"]}]},{"@type":"ImageObject","inLanguage":"fr-FR","@id":"https:\/\/twchains.com\/product\/x16mm-reinforced-type-a-23-5r25-truck-mining-tire-chains\/#primaryimage","url":"https:\/\/twchains.com\/wp-content\/uploads\/2025\/05\/High-manganese-steel-wear-resistant-chain-for-iron-ore-1.jpg","contentUrl":"https:\/\/twchains.com\/wp-content\/uploads\/2025\/05\/High-manganese-steel-wear-resistant-chain-for-iron-ore-1.jpg","width":1080,"height":1080},{"@type":"BreadcrumbList","@id":"https:\/\/twchains.com\/product\/x16mm-reinforced-type-a-23-5r25-truck-mining-tire-chains\/#breadcrumb","itemListElement":[{"@type":"ListItem","position":1,"name":"Home","item":"https:\/\/twchains.com\/"},{"@type":"ListItem","position":2,"name":"Products","item":"https:\/\/twchains.com\/products\/"},{"@type":"ListItem","position":3,"name":"\u00d716mm Reinforced Type A 23.5r25 Truck Mining Tire Chains"}]},{"@type":"WebSite","@id":"https:\/\/twchains.com\/#website","url":"https:\/\/twchains.com\/","name":"twchains","description":"","publisher":{"@id":"https:\/\/twchains.com\/#organization"},"potentialAction":[{"@type":"SearchAction","target":{"@type":"EntryPoint","urlTemplate":"https:\/\/twchains.com\/?s={search_term_string}"},"query-input":{"@type":"PropertyValueSpecification","valueRequired":true,"valueName":"search_term_string"}}],"inLanguage":"fr-FR"},{"@type":"Organization","@id":"https:\/\/twchains.com\/#organization","name":"twchains","url":"https:\/\/twchains.com\/","logo":{"@type":"ImageObject","inLanguage":"fr-FR","@id":"https:\/\/twchains.com\/#\/schema\/logo\/image\/","url":"https:\/\/twchains.com\/wp-content\/uploads\/2025\/04\/tongwei-logo-100.svg","contentUrl":"https:\/\/twchains.com\/wp-content\/uploads\/2025\/04\/tongwei-logo-100.svg","width":128,"height":100,"caption":"twchains"},"image":{"@id":"https:\/\/twchains.com\/#\/schema\/logo\/image\/"}}]}},"_links":{"self":[{"href":"https:\/\/twchains.com\/fr\/wp-json\/wp\/v2\/product\/956","targetHints":{"allow":["GET"]}}],"collection":[{"href":"https:\/\/twchains.com\/fr\/wp-json\/wp\/v2\/product"}],"about":[{"href":"https:\/\/twchains.com\/fr\/wp-json\/wp\/v2\/types\/product"}],"wp:featuredmedia":[{"embeddable":true,"href":"https:\/\/twchains.com\/fr\/wp-json\/wp\/v2\/media\/875"}],"wp:attachment":[{"href":"https:\/\/twchains.com\/fr\/wp-json\/wp\/v2\/media?parent=956"}],"wp:term":[{"taxonomy":"product_brand","embeddable":true,"href":"https:\/\/twchains.com\/fr\/wp-json\/wp\/v2\/product_brand?post=956"},{"taxonomy":"product_cat","embeddable":true,"href":"https:\/\/twchains.com\/fr\/wp-json\/wp\/v2\/product_cat?post=956"},{"taxonomy":"product_tag","embeddable":true,"href":"https:\/\/twchains.com\/fr\/wp-json\/wp\/v2\/product_tag?post=956"}],"curies":[{"name":"wp","href":"https:\/\/api.w.org\/{rel}","templated":true}]}}