{"id":989,"date":"2025-06-12T02:58:11","date_gmt":"2025-06-12T02:58:11","guid":{"rendered":"https:\/\/twchains.com\/?post_type=product&#038;p=989"},"modified":"2025-06-12T02:58:11","modified_gmt":"2025-06-12T02:58:11","slug":"18mm-carburization-mining-heavy-duty-chains-35-65r33-45-65-39-with-61hrc","status":"publish","type":"product","link":"https:\/\/twchains.com\/fr\/produit\/18mm-carburization-mining-heavy-duty-chains-35-65r33-45-65-39-with-61hrc\/","title":{"rendered":"Cha\u00eenes mini\u00e8res lourdes de 18 mm avec c\u00e9mentation 35\/65r33 45\/65-39 avec 61HRC"},"content":{"rendered":"<p>Il s'agit d'un retour d'information de la part d'un client d'un revendeur de cha\u00eenes de protection des pneus du Moyen-Orient. Sur le march\u00e9 du Moyen-Orient, les clients pr\u00e9f\u00e8rent g\u00e9n\u00e9ralement des styles sp\u00e9cifiques de cha\u00eenes de protection des pneus, comme le montre l'image ci-dessous.<\/p>\n<p><img fetchpriority=\"high\" decoding=\"async\" class=\"size-medium wp-image-991 aligncenter\" src=\"https:\/\/twchains.com\/wp-content\/uploads\/2025\/06\/tractor-tire-chains-China_-300x263.jpg\" alt=\"\" width=\"300\" height=\"263\" srcset=\"https:\/\/twchains.com\/wp-content\/uploads\/2025\/06\/tractor-tire-chains-China_-300x263.jpg 300w, https:\/\/twchains.com\/wp-content\/uploads\/2025\/06\/tractor-tire-chains-China_-14x12.jpg 14w, https:\/\/twchains.com\/wp-content\/uploads\/2025\/06\/tractor-tire-chains-China_-600x526.jpg 600w, https:\/\/twchains.com\/wp-content\/uploads\/2025\/06\/tractor-tire-chains-China_.jpg 691w\" sizes=\"(max-width: 300px) 100vw, 300px\" \/><\/p>\n<p>Nous disposons de diff\u00e9rents types de cha\u00eenes de protection, telles que les cha\u00eenes de protection des pneus r\u00e9sistantes \u00e0 l'usure d'un diam\u00e8tre de 22 anneaux et les cha\u00eenes de traction pour chargeurs d'un diam\u00e8tre de 23 anneaux, en fonction des besoins des clients,<\/p>\n<p>59\/80R63- Utilis\u00e9 pour les tr\u00e8s gros camions \u00e0 benne mini\u00e8re (tels que Caterpillar 797F, Komatsu 930E, etc.)<\/p>\n<p>50\/85R57- Convient aux grands camions miniers (tels que Belas 75710, Liebherr T284)<\/p>\n<p>46\/90R57- Couramment utilis\u00e9 dans les grands camions articul\u00e9s et les \u00e9quipements miniers.<\/p>\n<p>40.00R57- Utilis\u00e9 pour les gros chargeurs et les v\u00e9hicules de transport lourds<\/p>\n<p>37.00R57- Convient aux gros bulldozers et aux \u00e9quipements miniers (tels que le Caterpillar D11T)<\/p>\n<p>33.00R51- Utilis\u00e9 pour les grandes chargeuses sur pneus (telles que Liebherr L586)<\/p>\n<p>27.00R49- Convient aux grosses niveleuses et aux camions miniers<\/p>\n<p>Ces cha\u00eenes de protection des pneus sont g\u00e9n\u00e9ralement fabriqu\u00e9es en acier alli\u00e9 \u00e0 haute r\u00e9sistance, qui poss\u00e8de des propri\u00e9t\u00e9s de r\u00e9sistance \u00e0 l'usure, de r\u00e9sistance aux chocs et d'antid\u00e9rapage, adapt\u00e9es \u00e0 des environnements extr\u00eamement difficiles tels que les mines et les carri\u00e8res.<\/p>\n<p>Si des mod\u00e8les plus sp\u00e9cifiques ou des \u00e9quipements adapt\u00e9s sont n\u00e9cessaires, des param\u00e8tres d\u00e9taill\u00e9s du pneu (tels que le diam\u00e8tre ext\u00e9rieur, la largeur de la section, etc.) peuvent \u00eatre fournis afin de recommander des sp\u00e9cifications plus pr\u00e9cises pour la cha\u00eene de protection.<\/p>\n<p>Contactez-nous librement si vous \u00eates int\u00e9ress\u00e9 par les cha\u00eenes pour pneus miniers, les cha\u00eenes pour pneus de tracteur, les cha\u00eenes de traction, les cha\u00eenes \u00e0 neige et les cha\u00eenes antid\u00e9rapantes, etc.<\/p>","protected":false},"excerpt":{"rendered":"<ul>\n<li>Traitement thermique sp\u00e9cial<\/li>\n<li>Carburation \u00e0 haute r\u00e9sistance \u00e0 l'usure<\/li>\n<li>+ 20 ans d'exp\u00e9rience<\/li>\n<li>Export\u00e9 + 50 pays<\/li>\n<li>R &amp; D de +15 nouveaux produits par an<\/li>\n<\/ul>","protected":false},"featured_media":992,"template":"","meta":{"inline_featured_image":false,"_kad_post_transparent":"default","_kad_post_title":"","_kad_post_layout":"default","_kad_post_sidebar_id":"","_kad_post_content_style":"default","_kad_post_vertical_padding":"default","_kad_post_feature":"","_kad_post_feature_position":"","_kad_post_header":false,"_kad_post_footer":false},"product_brand":[],"product_cat":[30,26],"product_tag":[],"class_list":{"0":"post-989","1":"product","2":"type-product","3":"status-publish","4":"has-post-thumbnail","6":"product_cat-loader-grader-tire-chain","7":"product_cat-reinforced","9":"first","10":"instock","11":"shipping-taxable","12":"product-type-simple","13":"entry","14":"content-bg","15":"loop-entry"},"yoast_head":"<!-- This site is optimized with the Yoast SEO plugin v25.4 - https:\/\/yoast.com\/wordpress\/plugins\/seo\/ -->\n<title>18mm Carburization Mining Heavy-Duty Chains 35\/65r33 45\/65-39 with 61HRC - twchains<\/title>\n<meta name=\"robots\" content=\"index, follow, max-snippet:-1, max-image-preview:large, max-video-preview:-1\" \/>\n<link rel=\"canonical\" href=\"https:\/\/twchains.com\/fr\/produit\/18mm-carburization-mining-heavy-duty-chains-35-65r33-45-65-39-with-61hrc\/\" \/>\n<meta property=\"og:locale\" content=\"fr_FR\" \/>\n<meta property=\"og:type\" content=\"article\" \/>\n<meta property=\"og:title\" content=\"18mm Carburization Mining Heavy-Duty Chains 35\/65r33 45\/65-39 with 61HRC - twchains\" \/>\n<meta property=\"og:description\" content=\"Special Heat Treatment  Carburization with High Wear Resistance  + 20 Years Experience  Exported + 50 Countries  R &amp; D of +15 New Products \/ Year\" \/>\n<meta property=\"og:url\" content=\"https:\/\/twchains.com\/fr\/produit\/18mm-carburization-mining-heavy-duty-chains-35-65r33-45-65-39-with-61hrc\/\" \/>\n<meta property=\"og:site_name\" content=\"twchains\" \/>\n<meta property=\"og:image\" content=\"https:\/\/twchains.com\/wp-content\/uploads\/2025\/06\/loader-tire-chains-356533_-2.jpg\" \/>\n\t<meta property=\"og:image:width\" content=\"1600\" \/>\n\t<meta property=\"og:image:height\" content=\"1205\" \/>\n\t<meta property=\"og:image:type\" content=\"image\/jpeg\" \/>\n<meta name=\"twitter:card\" content=\"summary_large_image\" \/>\n<meta name=\"twitter:label1\" content=\"Dur\u00e9e de lecture estim\u00e9e\" \/>\n\t<meta name=\"twitter:data1\" content=\"2 minutes\" \/>\n<script type=\"application\/ld+json\" class=\"yoast-schema-graph\">{\"@context\":\"https:\/\/schema.org\",\"@graph\":[{\"@type\":\"WebPage\",\"@id\":\"https:\/\/twchains.com\/product\/18mm-carburization-mining-heavy-duty-chains-35-65r33-45-65-39-with-61hrc\/\",\"url\":\"https:\/\/twchains.com\/product\/18mm-carburization-mining-heavy-duty-chains-35-65r33-45-65-39-with-61hrc\/\",\"name\":\"18mm Carburization Mining Heavy-Duty Chains 35\/65r33 45\/65-39 with 61HRC - twchains\",\"isPartOf\":{\"@id\":\"https:\/\/twchains.com\/#website\"},\"primaryImageOfPage\":{\"@id\":\"https:\/\/twchains.com\/product\/18mm-carburization-mining-heavy-duty-chains-35-65r33-45-65-39-with-61hrc\/#primaryimage\"},\"image\":{\"@id\":\"https:\/\/twchains.com\/product\/18mm-carburization-mining-heavy-duty-chains-35-65r33-45-65-39-with-61hrc\/#primaryimage\"},\"thumbnailUrl\":\"https:\/\/twchains.com\/wp-content\/uploads\/2025\/06\/loader-tire-chains-356533_-2.jpg\",\"datePublished\":\"2025-06-12T02:58:11+00:00\",\"breadcrumb\":{\"@id\":\"https:\/\/twchains.com\/product\/18mm-carburization-mining-heavy-duty-chains-35-65r33-45-65-39-with-61hrc\/#breadcrumb\"},\"inLanguage\":\"fr-FR\",\"potentialAction\":[{\"@type\":\"ReadAction\",\"target\":[\"https:\/\/twchains.com\/product\/18mm-carburization-mining-heavy-duty-chains-35-65r33-45-65-39-with-61hrc\/\"]}]},{\"@type\":\"ImageObject\",\"inLanguage\":\"fr-FR\",\"@id\":\"https:\/\/twchains.com\/product\/18mm-carburization-mining-heavy-duty-chains-35-65r33-45-65-39-with-61hrc\/#primaryimage\",\"url\":\"https:\/\/twchains.com\/wp-content\/uploads\/2025\/06\/loader-tire-chains-356533_-2.jpg\",\"contentUrl\":\"https:\/\/twchains.com\/wp-content\/uploads\/2025\/06\/loader-tire-chains-356533_-2.jpg\",\"width\":1600,\"height\":1205},{\"@type\":\"BreadcrumbList\",\"@id\":\"https:\/\/twchains.com\/product\/18mm-carburization-mining-heavy-duty-chains-35-65r33-45-65-39-with-61hrc\/#breadcrumb\",\"itemListElement\":[{\"@type\":\"ListItem\",\"position\":1,\"name\":\"Home\",\"item\":\"https:\/\/twchains.com\/\"},{\"@type\":\"ListItem\",\"position\":2,\"name\":\"Products\",\"item\":\"https:\/\/twchains.com\/products\/\"},{\"@type\":\"ListItem\",\"position\":3,\"name\":\"18mm Carburization Mining Heavy-Duty Chains 35\/65r33 45\/65-39 with 61HRC\"}]},{\"@type\":\"WebSite\",\"@id\":\"https:\/\/twchains.com\/#website\",\"url\":\"https:\/\/twchains.com\/\",\"name\":\"twchains\",\"description\":\"\",\"publisher\":{\"@id\":\"https:\/\/twchains.com\/#organization\"},\"potentialAction\":[{\"@type\":\"SearchAction\",\"target\":{\"@type\":\"EntryPoint\",\"urlTemplate\":\"https:\/\/twchains.com\/?s={search_term_string}\"},\"query-input\":{\"@type\":\"PropertyValueSpecification\",\"valueRequired\":true,\"valueName\":\"search_term_string\"}}],\"inLanguage\":\"fr-FR\"},{\"@type\":\"Organization\",\"@id\":\"https:\/\/twchains.com\/#organization\",\"name\":\"twchains\",\"url\":\"https:\/\/twchains.com\/\",\"logo\":{\"@type\":\"ImageObject\",\"inLanguage\":\"fr-FR\",\"@id\":\"https:\/\/twchains.com\/#\/schema\/logo\/image\/\",\"url\":\"https:\/\/twchains.com\/wp-content\/uploads\/2025\/04\/tongwei-logo-100.svg\",\"contentUrl\":\"https:\/\/twchains.com\/wp-content\/uploads\/2025\/04\/tongwei-logo-100.svg\",\"width\":128,\"height\":100,\"caption\":\"twchains\"},\"image\":{\"@id\":\"https:\/\/twchains.com\/#\/schema\/logo\/image\/\"}}]}<\/script>\n<!-- \/ Yoast SEO plugin. -->","yoast_head_json":{"title":"18mm Carburization Mining Heavy-Duty Chains 35\/65r33 45\/65-39 with 61HRC - twchains","robots":{"index":"index","follow":"follow","max-snippet":"max-snippet:-1","max-image-preview":"max-image-preview:large","max-video-preview":"max-video-preview:-1"},"canonical":"https:\/\/twchains.com\/fr\/produit\/18mm-carburization-mining-heavy-duty-chains-35-65r33-45-65-39-with-61hrc\/","og_locale":"fr_FR","og_type":"article","og_title":"18mm Carburization Mining Heavy-Duty Chains 35\/65r33 45\/65-39 with 61HRC - twchains","og_description":"Special Heat Treatment  Carburization with High Wear Resistance  + 20 Years Experience  Exported + 50 Countries  R &amp; D of +15 New Products \/ Year","og_url":"https:\/\/twchains.com\/fr\/produit\/18mm-carburization-mining-heavy-duty-chains-35-65r33-45-65-39-with-61hrc\/","og_site_name":"twchains","og_image":[{"width":1600,"height":1205,"url":"https:\/\/twchains.com\/wp-content\/uploads\/2025\/06\/loader-tire-chains-356533_-2.jpg","type":"image\/jpeg"}],"twitter_card":"summary_large_image","twitter_misc":{"Dur\u00e9e de lecture estim\u00e9e":"2 minutes"},"schema":{"@context":"https:\/\/schema.org","@graph":[{"@type":"WebPage","@id":"https:\/\/twchains.com\/product\/18mm-carburization-mining-heavy-duty-chains-35-65r33-45-65-39-with-61hrc\/","url":"https:\/\/twchains.com\/product\/18mm-carburization-mining-heavy-duty-chains-35-65r33-45-65-39-with-61hrc\/","name":"18mm Carburization Mining Heavy-Duty Chains 35\/65r33 45\/65-39 with 61HRC - twchains","isPartOf":{"@id":"https:\/\/twchains.com\/#website"},"primaryImageOfPage":{"@id":"https:\/\/twchains.com\/product\/18mm-carburization-mining-heavy-duty-chains-35-65r33-45-65-39-with-61hrc\/#primaryimage"},"image":{"@id":"https:\/\/twchains.com\/product\/18mm-carburization-mining-heavy-duty-chains-35-65r33-45-65-39-with-61hrc\/#primaryimage"},"thumbnailUrl":"https:\/\/twchains.com\/wp-content\/uploads\/2025\/06\/loader-tire-chains-356533_-2.jpg","datePublished":"2025-06-12T02:58:11+00:00","breadcrumb":{"@id":"https:\/\/twchains.com\/product\/18mm-carburization-mining-heavy-duty-chains-35-65r33-45-65-39-with-61hrc\/#breadcrumb"},"inLanguage":"fr-FR","potentialAction":[{"@type":"ReadAction","target":["https:\/\/twchains.com\/product\/18mm-carburization-mining-heavy-duty-chains-35-65r33-45-65-39-with-61hrc\/"]}]},{"@type":"ImageObject","inLanguage":"fr-FR","@id":"https:\/\/twchains.com\/product\/18mm-carburization-mining-heavy-duty-chains-35-65r33-45-65-39-with-61hrc\/#primaryimage","url":"https:\/\/twchains.com\/wp-content\/uploads\/2025\/06\/loader-tire-chains-356533_-2.jpg","contentUrl":"https:\/\/twchains.com\/wp-content\/uploads\/2025\/06\/loader-tire-chains-356533_-2.jpg","width":1600,"height":1205},{"@type":"BreadcrumbList","@id":"https:\/\/twchains.com\/product\/18mm-carburization-mining-heavy-duty-chains-35-65r33-45-65-39-with-61hrc\/#breadcrumb","itemListElement":[{"@type":"ListItem","position":1,"name":"Home","item":"https:\/\/twchains.com\/"},{"@type":"ListItem","position":2,"name":"Products","item":"https:\/\/twchains.com\/products\/"},{"@type":"ListItem","position":3,"name":"18mm Carburization Mining Heavy-Duty Chains 35\/65r33 45\/65-39 with 61HRC"}]},{"@type":"WebSite","@id":"https:\/\/twchains.com\/#website","url":"https:\/\/twchains.com\/","name":"twchains","description":"","publisher":{"@id":"https:\/\/twchains.com\/#organization"},"potentialAction":[{"@type":"SearchAction","target":{"@type":"EntryPoint","urlTemplate":"https:\/\/twchains.com\/?s={search_term_string}"},"query-input":{"@type":"PropertyValueSpecification","valueRequired":true,"valueName":"search_term_string"}}],"inLanguage":"fr-FR"},{"@type":"Organization","@id":"https:\/\/twchains.com\/#organization","name":"twchains","url":"https:\/\/twchains.com\/","logo":{"@type":"ImageObject","inLanguage":"fr-FR","@id":"https:\/\/twchains.com\/#\/schema\/logo\/image\/","url":"https:\/\/twchains.com\/wp-content\/uploads\/2025\/04\/tongwei-logo-100.svg","contentUrl":"https:\/\/twchains.com\/wp-content\/uploads\/2025\/04\/tongwei-logo-100.svg","width":128,"height":100,"caption":"twchains"},"image":{"@id":"https:\/\/twchains.com\/#\/schema\/logo\/image\/"}}]}},"_links":{"self":[{"href":"https:\/\/twchains.com\/fr\/wp-json\/wp\/v2\/product\/989","targetHints":{"allow":["GET"]}}],"collection":[{"href":"https:\/\/twchains.com\/fr\/wp-json\/wp\/v2\/product"}],"about":[{"href":"https:\/\/twchains.com\/fr\/wp-json\/wp\/v2\/types\/product"}],"wp:featuredmedia":[{"embeddable":true,"href":"https:\/\/twchains.com\/fr\/wp-json\/wp\/v2\/media\/992"}],"wp:attachment":[{"href":"https:\/\/twchains.com\/fr\/wp-json\/wp\/v2\/media?parent=989"}],"wp:term":[{"taxonomy":"product_brand","embeddable":true,"href":"https:\/\/twchains.com\/fr\/wp-json\/wp\/v2\/product_brand?post=989"},{"taxonomy":"product_cat","embeddable":true,"href":"https:\/\/twchains.com\/fr\/wp-json\/wp\/v2\/product_cat?post=989"},{"taxonomy":"product_tag","embeddable":true,"href":"https:\/\/twchains.com\/fr\/wp-json\/wp\/v2\/product_tag?post=989"}],"curies":[{"name":"wp","href":"https:\/\/api.w.org\/{rel}","templated":true}]}}