{"id":134,"date":"2025-04-03T14:56:31","date_gmt":"2025-04-03T14:56:31","guid":{"rendered":"https:\/\/twchains.com\/?page_id=134"},"modified":"2025-05-12T03:27:58","modified_gmt":"2025-05-12T03:27:58","slug":"our-history","status":"publish","type":"page","link":"https:\/\/twchains.com\/pl\/our-history\/","title":{"rendered":"Nasza historia"},"content":{"rendered":"<div data-elementor-type=\"wp-page\" data-elementor-id=\"134\" class=\"elementor elementor-134\" data-elementor-post-type=\"page\">\n\t\t\t\t<div class=\"elementor-element elementor-element-268a64a6 e-con-full e-flex e-con e-parent\" data-id=\"268a64a6\" data-element_type=\"container\" data-settings=\"{&quot;background_background&quot;:&quot;classic&quot;}\">\n\t\t\t\t<div class=\"elementor-element elementor-element-6953ad6b elementor-widget__width-initial elementor-widget elementor-widget-heading\" data-id=\"6953ad6b\" data-element_type=\"widget\" data-widget_type=\"heading.default\">\n\t\t\t\t\t<h1 class=\"elementor-heading-title elementor-size-default\">Nasza historia<\/h1>\t\t\t\t<\/div>\n\t\t\t\t<\/div>\n\t\t<div class=\"elementor-element elementor-element-54a548ea e-flex e-con-boxed e-con e-parent\" data-id=\"54a548ea\" data-element_type=\"container\" data-settings=\"{&quot;background_background&quot;:&quot;classic&quot;}\">\n\t\t\t\t\t<div class=\"e-con-inner\">\n\t\t\t\t<div class=\"elementor-element elementor-element-2c068542 elementor-widget elementor-widget-breadcrumbs\" data-id=\"2c068542\" data-element_type=\"widget\" data-widget_type=\"breadcrumbs.default\">\n\t\t\t\t\t<p id=\"breadcrumbs\"><span><span><a href=\"https:\/\/twchains.com\/pl\">Strona g\u0142\u00f3wna<\/a><\/span><\/span><\/p>\t\t\t\t<\/div>\n\t\t\t\t\t<\/div>\n\t\t\t\t<\/div>\n\t\t<div class=\"elementor-element elementor-element-19815a3 e-flex e-con-boxed e-con e-parent\" data-id=\"19815a3\" data-element_type=\"container\">\n\t\t\t\t\t<div class=\"e-con-inner\">\n\t\t<div class=\"elementor-element elementor-element-e8161c4 e-con-full e-flex e-con e-child\" data-id=\"e8161c4\" data-element_type=\"container\">\n\t\t\t\t<div class=\"elementor-element elementor-element-81c1b9b elementor-widget elementor-widget-image\" data-id=\"81c1b9b\" data-element_type=\"widget\" data-widget_type=\"image.default\">\n\t\t\t\t\t\t\t\t\t\t\t\t\t\t\t<img fetchpriority=\"high\" decoding=\"async\" width=\"800\" height=\"600\" src=\"https:\/\/twchains.com\/wp-content\/uploads\/2025\/04\/our-factory-9.jpg\" class=\"attachment-large size-large wp-image-337\" alt=\"\" srcset=\"https:\/\/twchains.com\/wp-content\/uploads\/2025\/04\/our-factory-9.jpg 800w, https:\/\/twchains.com\/wp-content\/uploads\/2025\/04\/our-factory-9-300x225.jpg 300w, https:\/\/twchains.com\/wp-content\/uploads\/2025\/04\/our-factory-9-768x576.jpg 768w, https:\/\/twchains.com\/wp-content\/uploads\/2025\/04\/our-factory-9-600x450.jpg 600w\" sizes=\"(max-width: 800px) 100vw, 800px\" \/>\t\t\t\t\t\t\t\t\t\t\t\t\t\t\t<\/div>\n\t\t\t\t<\/div>\n\t\t<div class=\"elementor-element elementor-element-7c9a031 e-con-full e-flex e-con e-child\" data-id=\"7c9a031\" data-element_type=\"container\">\n\t\t\t\t<div class=\"elementor-element elementor-element-715b1ab elementor-widget elementor-widget-text-editor\" data-id=\"715b1ab\" data-element_type=\"widget\" data-widget_type=\"text-editor.default\">\n\t\t\t\t\t\t\t\t\t<p>Od momentu za\u0142o\u017cenia w 2007 roku, TW Chains konsekwentnie jest liderem w chi\u0144skiej bran\u017cy \u0142a\u0144cuch\u00f3w ochronnych do opon. W ci\u0105gu ostatnich dw\u00f3ch dekad firma po\u015bwi\u0119ci\u0142a si\u0119 wyspecjalizowanej, ukierunkowanej i profesjonalnej produkcji \u0142a\u0144cuch\u00f3w zabezpieczaj\u0105cych opony do maszyn budowlanych, z roczn\u0105 zdolno\u015bci\u0105 produkcyjn\u0105 12 000 sztuk kutych produkt\u00f3w o r\u00f3\u017cnych specyfikacjach.<\/p>\t\t\t\t\t\t\t\t<\/div>\n\t\t\t\t<\/div>\n\t\t\t\t\t<\/div>\n\t\t\t\t<\/div>\n\t\t<div class=\"elementor-element elementor-element-29ea663 e-flex e-con-boxed e-con e-parent\" data-id=\"29ea663\" data-element_type=\"container\">\n\t\t\t\t\t<div class=\"e-con-inner\">\n\t\t<div class=\"elementor-element elementor-element-3534bc8 e-con-full e-flex e-con e-child\" data-id=\"3534bc8\" data-element_type=\"container\">\n\t\t\t\t<div class=\"elementor-element elementor-element-72be82d elementor-widget elementor-widget-image\" data-id=\"72be82d\" data-element_type=\"widget\" data-widget_type=\"image.default\">\n\t\t\t\t\t\t\t\t\t\t\t\t\t\t\t<img decoding=\"async\" width=\"800\" height=\"600\" src=\"https:\/\/twchains.com\/wp-content\/uploads\/2025\/04\/our-factory-7.jpg\" class=\"attachment-large size-large wp-image-336\" alt=\"\" srcset=\"https:\/\/twchains.com\/wp-content\/uploads\/2025\/04\/our-factory-7.jpg 800w, https:\/\/twchains.com\/wp-content\/uploads\/2025\/04\/our-factory-7-300x225.jpg 300w, https:\/\/twchains.com\/wp-content\/uploads\/2025\/04\/our-factory-7-768x576.jpg 768w, https:\/\/twchains.com\/wp-content\/uploads\/2025\/04\/our-factory-7-600x450.jpg 600w\" sizes=\"(max-width: 800px) 100vw, 800px\" \/>\t\t\t\t\t\t\t\t\t\t\t\t\t\t\t<\/div>\n\t\t\t\t<\/div>\n\t\t<div class=\"elementor-element elementor-element-bfb921f e-con-full e-flex e-con e-child\" data-id=\"bfb921f\" data-element_type=\"container\">\n\t\t\t\t<div class=\"elementor-element elementor-element-3e94abe elementor-widget elementor-widget-text-editor\" data-id=\"3e94abe\" data-element_type=\"widget\" data-widget_type=\"text-editor.default\">\n\t\t\t\t\t\t\t\t\tW 2007 roku, jako pierwsze krajowe przedsi\u0119biorstwo zajmuj\u0105ce si\u0119 badaniami i rozwojem kutych \u0142a\u0144cuch\u00f3w ochronnych do opon, zesp\u00f3\u0142 badawczo-rozwojowy TW Chains niezale\u017cnie zaprojektowa\u0142 proces formowania cz\u0119\u015bci kutych, przeprowadzi\u0142 profesjonaln\u0105 analiz\u0119 w\u0142a\u015bciwo\u015bci strukturalnych odkuwek oraz stale optymalizowa\u0142 i poprawia\u0142 jako\u015b\u0107.\t\t\t\t\t\t\t\t<\/div>\n\t\t\t\t<\/div>\n\t\t\t\t\t<\/div>\n\t\t\t\t<\/div>\n\t\t<div class=\"elementor-element elementor-element-e983c08 e-flex e-con-boxed e-con e-parent\" data-id=\"e983c08\" data-element_type=\"container\">\n\t\t\t\t\t<div class=\"e-con-inner\">\n\t\t<div class=\"elementor-element elementor-element-4a7d8cd e-con-full e-flex e-con e-child\" data-id=\"4a7d8cd\" data-element_type=\"container\">\n\t\t\t\t<div class=\"elementor-element elementor-element-c8c6513 elementor-widget elementor-widget-image\" data-id=\"c8c6513\" data-element_type=\"widget\" data-widget_type=\"image.default\">\n\t\t\t\t\t\t\t\t\t\t\t\t\t\t\t<img decoding=\"async\" width=\"800\" height=\"600\" src=\"https:\/\/twchains.com\/wp-content\/uploads\/2025\/04\/our-factory-6.jpg\" class=\"attachment-large size-large wp-image-335\" alt=\"\" srcset=\"https:\/\/twchains.com\/wp-content\/uploads\/2025\/04\/our-factory-6.jpg 800w, https:\/\/twchains.com\/wp-content\/uploads\/2025\/04\/our-factory-6-300x225.jpg 300w, https:\/\/twchains.com\/wp-content\/uploads\/2025\/04\/our-factory-6-768x576.jpg 768w, https:\/\/twchains.com\/wp-content\/uploads\/2025\/04\/our-factory-6-600x450.jpg 600w\" sizes=\"(max-width: 800px) 100vw, 800px\" \/>\t\t\t\t\t\t\t\t\t\t\t\t\t\t\t<\/div>\n\t\t\t\t<\/div>\n\t\t<div class=\"elementor-element elementor-element-620a2d8 e-con-full e-flex e-con e-child\" data-id=\"620a2d8\" data-element_type=\"container\">\n\t\t\t\t<div class=\"elementor-element elementor-element-a0e1ea1 elementor-widget elementor-widget-text-editor\" data-id=\"a0e1ea1\" data-element_type=\"widget\" data-widget_type=\"text-editor.default\">\n\t\t\t\t\t\t\t\t\tW 2018 r. firma TW Chains wprowadzi\u0142a w pe\u0142ni zautomatyzowane maszyny do produkcji pier\u015bcieni, jeszcze bardziej zwi\u0119kszaj\u0105c standaryzacj\u0119 produkcji pier\u015bcieni i zapewniaj\u0105c sta\u0142\u0105 jako\u015b\u0107 produktu.\n\t\t\t\t\t\t\t\t<\/div>\n\t\t\t\t<\/div>\n\t\t\t\t\t<\/div>\n\t\t\t\t<\/div>\n\t\t<div class=\"elementor-element elementor-element-4bd4185 e-flex e-con-boxed e-con e-parent\" data-id=\"4bd4185\" data-element_type=\"container\">\n\t\t\t\t\t<div class=\"e-con-inner\">\n\t\t<div class=\"elementor-element elementor-element-67a4799 e-con-full e-flex e-con e-child\" data-id=\"67a4799\" data-element_type=\"container\">\n\t\t\t\t<div class=\"elementor-element elementor-element-db8aabe elementor-widget elementor-widget-image\" data-id=\"db8aabe\" data-element_type=\"widget\" data-widget_type=\"image.default\">\n\t\t\t\t\t\t\t\t\t\t\t\t\t\t\t<img loading=\"lazy\" decoding=\"async\" width=\"800\" height=\"600\" src=\"https:\/\/twchains.com\/wp-content\/uploads\/2025\/04\/our-factory-2.jpg\" class=\"attachment-large size-large wp-image-334\" alt=\"\" srcset=\"https:\/\/twchains.com\/wp-content\/uploads\/2025\/04\/our-factory-2.jpg 800w, https:\/\/twchains.com\/wp-content\/uploads\/2025\/04\/our-factory-2-300x225.jpg 300w, https:\/\/twchains.com\/wp-content\/uploads\/2025\/04\/our-factory-2-768x576.jpg 768w, https:\/\/twchains.com\/wp-content\/uploads\/2025\/04\/our-factory-2-600x450.jpg 600w\" sizes=\"(max-width: 800px) 100vw, 800px\" \/>\t\t\t\t\t\t\t\t\t\t\t\t\t\t\t<\/div>\n\t\t\t\t<\/div>\n\t\t<div class=\"elementor-element elementor-element-1f831d4 e-con-full e-flex e-con e-child\" data-id=\"1f831d4\" data-element_type=\"container\">\n\t\t\t\t<div class=\"elementor-element elementor-element-b8c390f elementor-widget elementor-widget-text-editor\" data-id=\"b8c390f\" data-element_type=\"widget\" data-widget_type=\"text-editor.default\">\n\t\t\t\t\t\t\t\t\tW 2019 r. firma TW Chains zastosowa\u0142a proces naw\u0119glania i hartowania, kt\u00f3ry polega\u0142 na wprowadzeniu materia\u0142\u00f3w naw\u0119glaj\u0105cych w kontakt z powierzchni\u0105 metalu w celu ich rozpuszczenia i rozproszenia, zwi\u0119kszaj\u0105c w ten spos\u00f3b twardo\u015b\u0107 i odporno\u015b\u0107 na zu\u017cycie cz\u0119\u015bci ciernych \u0142a\u0144cucha ochrony opon oraz poprawiaj\u0105c jako\u015b\u0107 produktu i \u017cywotno\u015b\u0107.\t\t\t\t\t\t\t\t<\/div>\n\t\t\t\t<\/div>\n\t\t\t\t\t<\/div>\n\t\t\t\t<\/div>\n\t\t\t\t<\/div>","protected":false},"excerpt":{"rendered":"<p>Our history Since its establishment in 2007, TW Chains has consistently been a leader in China&#8217;s tire protection chain industry. Over the past two decades, the company has dedicated itself to the specialized, focused, and professional manufacturing of tire protection chains for construction machinery, with an annual production capacity of 12,000 pieces of forged products&#8230;<\/p>","protected":false},"author":1,"featured_media":501,"parent":0,"menu_order":0,"comment_status":"closed","ping_status":"closed","template":"","meta":{"inline_featured_image":false,"_kad_post_transparent":"default","_kad_post_title":"hide","_kad_post_layout":"fullwidth","_kad_post_sidebar_id":"","_kad_post_content_style":"unboxed","_kad_post_vertical_padding":"hide","_kad_post_feature":"hide","_kad_post_feature_position":"","_kad_post_header":false,"_kad_post_footer":false,"footnotes":""},"class_list":["post-134","page","type-page","status-publish","has-post-thumbnail","hentry"],"yoast_head":"<!-- This site is optimized with the Yoast SEO plugin v25.4 - https:\/\/yoast.com\/wordpress\/plugins\/seo\/ -->\n<title>Our history - twchains<\/title>\n<meta name=\"robots\" content=\"index, follow, max-snippet:-1, max-image-preview:large, max-video-preview:-1\" \/>\n<link rel=\"canonical\" href=\"https:\/\/twchains.com\/pl\/our-history\/\" \/>\n<meta property=\"og:locale\" content=\"pl_PL\" \/>\n<meta property=\"og:type\" content=\"article\" \/>\n<meta property=\"og:title\" content=\"Our history - twchains\" \/>\n<meta property=\"og:description\" content=\"Our history Since its establishment in 2007, TW Chains has consistently been a leader in China&#8217;s tire protection chain industry. Over the past two decades, the company has dedicated itself to the specialized, focused, and professional manufacturing of tire protection chains for construction machinery, with an annual production capacity of 12,000 pieces of forged products...\" \/>\n<meta property=\"og:url\" content=\"https:\/\/twchains.com\/pl\/our-history\/\" \/>\n<meta property=\"og:site_name\" content=\"twchains\" \/>\n<meta property=\"article:modified_time\" content=\"2025-05-12T03:27:58+00:00\" \/>\n<meta property=\"og:image\" content=\"https:\/\/twchains.com\/wp-content\/uploads\/2025\/04\/home_slider_3.jpg\" \/>\n\t<meta property=\"og:image:width\" content=\"1024\" \/>\n\t<meta property=\"og:image:height\" content=\"768\" \/>\n\t<meta property=\"og:image:type\" content=\"image\/jpeg\" \/>\n<meta name=\"twitter:card\" content=\"summary_large_image\" \/>\n<meta name=\"twitter:label1\" content=\"Szacowany czas czytania\" \/>\n\t<meta name=\"twitter:data1\" content=\"1 minuta\" \/>\n<script type=\"application\/ld+json\" class=\"yoast-schema-graph\">{\"@context\":\"https:\/\/schema.org\",\"@graph\":[{\"@type\":\"WebPage\",\"@id\":\"https:\/\/twchains.com\/our-history\/\",\"url\":\"https:\/\/twchains.com\/our-history\/\",\"name\":\"Our history - twchains\",\"isPartOf\":{\"@id\":\"https:\/\/twchains.com\/#website\"},\"primaryImageOfPage\":{\"@id\":\"https:\/\/twchains.com\/our-history\/#primaryimage\"},\"image\":{\"@id\":\"https:\/\/twchains.com\/our-history\/#primaryimage\"},\"thumbnailUrl\":\"https:\/\/twchains.com\/wp-content\/uploads\/2025\/04\/home_slider_3.jpg\",\"datePublished\":\"2025-04-03T14:56:31+00:00\",\"dateModified\":\"2025-05-12T03:27:58+00:00\",\"breadcrumb\":{\"@id\":\"https:\/\/twchains.com\/our-history\/#breadcrumb\"},\"inLanguage\":\"pl-PL\",\"potentialAction\":[{\"@type\":\"ReadAction\",\"target\":[\"https:\/\/twchains.com\/our-history\/\"]}]},{\"@type\":\"ImageObject\",\"inLanguage\":\"pl-PL\",\"@id\":\"https:\/\/twchains.com\/our-history\/#primaryimage\",\"url\":\"https:\/\/twchains.com\/wp-content\/uploads\/2025\/04\/home_slider_3.jpg\",\"contentUrl\":\"https:\/\/twchains.com\/wp-content\/uploads\/2025\/04\/home_slider_3.jpg\",\"width\":1024,\"height\":768},{\"@type\":\"BreadcrumbList\",\"@id\":\"https:\/\/twchains.com\/our-history\/#breadcrumb\",\"itemListElement\":[{\"@type\":\"ListItem\",\"position\":1,\"name\":\"Home\",\"item\":\"https:\/\/twchains.com\/\"},{\"@type\":\"ListItem\",\"position\":2,\"name\":\"Our history\"}]},{\"@type\":\"WebSite\",\"@id\":\"https:\/\/twchains.com\/#website\",\"url\":\"https:\/\/twchains.com\/\",\"name\":\"twchains\",\"description\":\"\",\"publisher\":{\"@id\":\"https:\/\/twchains.com\/#organization\"},\"potentialAction\":[{\"@type\":\"SearchAction\",\"target\":{\"@type\":\"EntryPoint\",\"urlTemplate\":\"https:\/\/twchains.com\/?s={search_term_string}\"},\"query-input\":{\"@type\":\"PropertyValueSpecification\",\"valueRequired\":true,\"valueName\":\"search_term_string\"}}],\"inLanguage\":\"pl-PL\"},{\"@type\":\"Organization\",\"@id\":\"https:\/\/twchains.com\/#organization\",\"name\":\"twchains\",\"url\":\"https:\/\/twchains.com\/\",\"logo\":{\"@type\":\"ImageObject\",\"inLanguage\":\"pl-PL\",\"@id\":\"https:\/\/twchains.com\/#\/schema\/logo\/image\/\",\"url\":\"https:\/\/twchains.com\/wp-content\/uploads\/2025\/04\/tongwei-logo-100.svg\",\"contentUrl\":\"https:\/\/twchains.com\/wp-content\/uploads\/2025\/04\/tongwei-logo-100.svg\",\"width\":128,\"height\":100,\"caption\":\"twchains\"},\"image\":{\"@id\":\"https:\/\/twchains.com\/#\/schema\/logo\/image\/\"}}]}<\/script>\n<!-- \/ Yoast SEO plugin. -->","yoast_head_json":{"title":"Our history - twchains","robots":{"index":"index","follow":"follow","max-snippet":"max-snippet:-1","max-image-preview":"max-image-preview:large","max-video-preview":"max-video-preview:-1"},"canonical":"https:\/\/twchains.com\/pl\/our-history\/","og_locale":"pl_PL","og_type":"article","og_title":"Our history - twchains","og_description":"Our history Since its establishment in 2007, TW Chains has consistently been a leader in China&#8217;s tire protection chain industry. Over the past two decades, the company has dedicated itself to the specialized, focused, and professional manufacturing of tire protection chains for construction machinery, with an annual production capacity of 12,000 pieces of forged products...","og_url":"https:\/\/twchains.com\/pl\/our-history\/","og_site_name":"twchains","article_modified_time":"2025-05-12T03:27:58+00:00","og_image":[{"width":1024,"height":768,"url":"https:\/\/twchains.com\/wp-content\/uploads\/2025\/04\/home_slider_3.jpg","type":"image\/jpeg"}],"twitter_card":"summary_large_image","twitter_misc":{"Szacowany czas czytania":"1 minuta"},"schema":{"@context":"https:\/\/schema.org","@graph":[{"@type":"WebPage","@id":"https:\/\/twchains.com\/our-history\/","url":"https:\/\/twchains.com\/our-history\/","name":"Our history - twchains","isPartOf":{"@id":"https:\/\/twchains.com\/#website"},"primaryImageOfPage":{"@id":"https:\/\/twchains.com\/our-history\/#primaryimage"},"image":{"@id":"https:\/\/twchains.com\/our-history\/#primaryimage"},"thumbnailUrl":"https:\/\/twchains.com\/wp-content\/uploads\/2025\/04\/home_slider_3.jpg","datePublished":"2025-04-03T14:56:31+00:00","dateModified":"2025-05-12T03:27:58+00:00","breadcrumb":{"@id":"https:\/\/twchains.com\/our-history\/#breadcrumb"},"inLanguage":"pl-PL","potentialAction":[{"@type":"ReadAction","target":["https:\/\/twchains.com\/our-history\/"]}]},{"@type":"ImageObject","inLanguage":"pl-PL","@id":"https:\/\/twchains.com\/our-history\/#primaryimage","url":"https:\/\/twchains.com\/wp-content\/uploads\/2025\/04\/home_slider_3.jpg","contentUrl":"https:\/\/twchains.com\/wp-content\/uploads\/2025\/04\/home_slider_3.jpg","width":1024,"height":768},{"@type":"BreadcrumbList","@id":"https:\/\/twchains.com\/our-history\/#breadcrumb","itemListElement":[{"@type":"ListItem","position":1,"name":"Home","item":"https:\/\/twchains.com\/"},{"@type":"ListItem","position":2,"name":"Our history"}]},{"@type":"WebSite","@id":"https:\/\/twchains.com\/#website","url":"https:\/\/twchains.com\/","name":"twchains","description":"","publisher":{"@id":"https:\/\/twchains.com\/#organization"},"potentialAction":[{"@type":"SearchAction","target":{"@type":"EntryPoint","urlTemplate":"https:\/\/twchains.com\/?s={search_term_string}"},"query-input":{"@type":"PropertyValueSpecification","valueRequired":true,"valueName":"search_term_string"}}],"inLanguage":"pl-PL"},{"@type":"Organization","@id":"https:\/\/twchains.com\/#organization","name":"twchains","url":"https:\/\/twchains.com\/","logo":{"@type":"ImageObject","inLanguage":"pl-PL","@id":"https:\/\/twchains.com\/#\/schema\/logo\/image\/","url":"https:\/\/twchains.com\/wp-content\/uploads\/2025\/04\/tongwei-logo-100.svg","contentUrl":"https:\/\/twchains.com\/wp-content\/uploads\/2025\/04\/tongwei-logo-100.svg","width":128,"height":100,"caption":"twchains"},"image":{"@id":"https:\/\/twchains.com\/#\/schema\/logo\/image\/"}}]}},"_links":{"self":[{"href":"https:\/\/twchains.com\/pl\/wp-json\/wp\/v2\/pages\/134","targetHints":{"allow":["GET"]}}],"collection":[{"href":"https:\/\/twchains.com\/pl\/wp-json\/wp\/v2\/pages"}],"about":[{"href":"https:\/\/twchains.com\/pl\/wp-json\/wp\/v2\/types\/page"}],"author":[{"embeddable":true,"href":"https:\/\/twchains.com\/pl\/wp-json\/wp\/v2\/users\/1"}],"replies":[{"embeddable":true,"href":"https:\/\/twchains.com\/pl\/wp-json\/wp\/v2\/comments?post=134"}],"version-history":[{"count":13,"href":"https:\/\/twchains.com\/pl\/wp-json\/wp\/v2\/pages\/134\/revisions"}],"predecessor-version":[{"id":751,"href":"https:\/\/twchains.com\/pl\/wp-json\/wp\/v2\/pages\/134\/revisions\/751"}],"wp:featuredmedia":[{"embeddable":true,"href":"https:\/\/twchains.com\/pl\/wp-json\/wp\/v2\/media\/501"}],"wp:attachment":[{"href":"https:\/\/twchains.com\/pl\/wp-json\/wp\/v2\/media?parent=134"}],"curies":[{"name":"wp","href":"https:\/\/api.w.org\/{rel}","templated":true}]}}