{"id":86,"date":"2025-04-03T13:20:03","date_gmt":"2025-04-03T13:20:03","guid":{"rendered":"https:\/\/twchains.com\/?page_id=86"},"modified":"2025-04-10T11:31:08","modified_gmt":"2025-04-10T11:31:08","slug":"konserwacja","status":"publish","type":"page","link":"https:\/\/twchains.com\/pl\/konserwacja\/","title":{"rendered":"Konserwacja"},"content":{"rendered":"<div data-elementor-type=\"wp-page\" data-elementor-id=\"86\" class=\"elementor elementor-86\" data-elementor-post-type=\"page\">\n\t\t\t\t<div class=\"elementor-element elementor-element-6808754a e-con-full e-flex e-con e-parent\" data-id=\"6808754a\" data-element_type=\"container\" data-settings=\"{&quot;background_background&quot;:&quot;classic&quot;}\">\n\t\t\t\t<div class=\"elementor-element elementor-element-5d230194 elementor-widget__width-initial elementor-widget elementor-widget-heading\" data-id=\"5d230194\" data-element_type=\"widget\" data-widget_type=\"heading.default\">\n\t\t\t\t\t<h1 class=\"elementor-heading-title elementor-size-default\">Konserwacja \u0142a\u0144cuch\u00f3w ochronnych do opon<\/h1>\t\t\t\t<\/div>\n\t\t\t\t<\/div>\n\t\t<div class=\"elementor-element elementor-element-6246c007 e-flex e-con-boxed e-con e-parent\" data-id=\"6246c007\" data-element_type=\"container\" data-settings=\"{&quot;background_background&quot;:&quot;classic&quot;}\">\n\t\t\t\t\t<div class=\"e-con-inner\">\n\t\t\t\t<div class=\"elementor-element elementor-element-677d3a7b elementor-widget elementor-widget-breadcrumbs\" data-id=\"677d3a7b\" data-element_type=\"widget\" data-widget_type=\"breadcrumbs.default\">\n\t\t\t\t\t<p id=\"breadcrumbs\"><span><span><a href=\"https:\/\/twchains.com\/pl\">Strona g\u0142\u00f3wna<\/a><\/span><\/span><\/p>\t\t\t\t<\/div>\n\t\t\t\t\t<\/div>\n\t\t\t\t<\/div>\n\t\t<div class=\"elementor-element elementor-element-0010d3a e-flex e-con-boxed e-con e-parent\" data-id=\"0010d3a\" data-element_type=\"container\">\n\t\t\t\t\t<div class=\"e-con-inner\">\n\t\t\t\t<div class=\"elementor-element elementor-element-08fe967 elementor-widget elementor-widget-text-editor\" data-id=\"08fe967\" data-element_type=\"widget\" data-widget_type=\"text-editor.default\">\n\t\t\t\t\t\t\t\t\t<p><strong>\u0141a\u0144cuchy ochronne na opony<\/strong> s\u0142u\u017c\u0105 jako kluczowy sprz\u0119t ochronny dla maszyn in\u017cynieryjnych, pojazd\u00f3w g\u00f3rniczych i tym podobnych, a ich konserwacja ma bezpo\u015bredni wp\u0142yw na bezpiecze\u0144stwo i wydajno\u015b\u0107 pracy sprz\u0119tu. W\u0142a\u015bciwa konserwacja nie tylko wyd\u0142u\u017ca \u017cywotno\u015b\u0107 zar\u00f3wno \u0142a\u0144cuch\u00f3w, jak i opon, ale tak\u017ce skutecznie zmniejsza koszty konserwacji i przestoje.<\/p>\t\t\t\t\t\t\t\t<\/div>\n\t\t\t\t<div class=\"elementor-element elementor-element-6c91552 elementor-widget elementor-widget-text-editor\" data-id=\"6c91552\" data-element_type=\"widget\" data-widget_type=\"text-editor.default\">\n\t\t\t\t\t\t\t\t\tCodzienna konserwacja powinna rozpocz\u0105\u0107 si\u0119 od podstawowych inspekcji, koncentruj\u0105c si\u0119 na obserwacji wygl\u0105du \u0142a\u0144cucha pod k\u0105tem oznak p\u0119kni\u0119\u0107, deformacji lub zu\u017cycia. Ponadto nale\u017cy sprawdzi\u0107 dokr\u0119cenie \u015brub i sworzni \u0142\u0105cz\u0105cych, aby zapobiec potencjalnym zagro\u017ceniom bezpiecze\u0144stwa spowodowanym poluzowaniem. \t\t\t\t\t\t\t\t<\/div>\n\t\t\t\t<div class=\"elementor-element elementor-element-b525154 elementor-widget elementor-widget-heading\" data-id=\"b525154\" data-element_type=\"widget\" data-widget_type=\"heading.default\">\n\t\t\t\t\t<h2 class=\"elementor-heading-title elementor-size-default\">Czyszczenie i smarowanie<\/h2>\t\t\t\t<\/div>\n\t\t\t\t<div class=\"elementor-element elementor-element-4af9576 elementor-widget elementor-widget-text-editor\" data-id=\"4af9576\" data-element_type=\"widget\" data-widget_type=\"text-editor.default\">\n\t\t\t\t\t\t\t\t\t<p>Czyszczenie i smarowanie to podstawowe etapy konserwacji \u0142a\u0144cucha zabezpieczaj\u0105cego opony. Podczas czyszczenia nale\u017cy u\u017cy\u0107 wysokoci\u015bnieniowego pistoletu na wod\u0119 lub szczotki, aby dok\u0142adnie usun\u0105\u0107 uporczywy brud ze szczelin \u0142a\u0144cucha, uwa\u017caj\u0105c, aby woda nie dosta\u0142a si\u0119 do krytycznych obszar\u00f3w, takich jak \u0142o\u017cyska. Smarowanie wymaga u\u017cycia specjalistycznego oleju lub smaru do smarowania \u0142a\u0144cucha, upewniaj\u0105c si\u0119, \u017ce smar ma w\u0142a\u015bciwo\u015bci odporne na ciep\u0142o, wod\u0119 i korozj\u0119.<\/p>\t\t\t\t\t\t\t\t<\/div>\n\t\t\t\t<div class=\"elementor-element elementor-element-206a9c1 elementor-widget elementor-widget-text-editor\" data-id=\"206a9c1\" data-element_type=\"widget\" data-widget_type=\"text-editor.default\">\n\t\t\t\t\t\t\t\t\t<p>Smarowanie powinno koncentrowa\u0107 si\u0119 na obszarach ogniw \u0142a\u0144cucha, sworzniach i pier\u015bcieniach \u0142\u0105cz\u0105cych, aby zmniejszy\u0107 tarcie i zu\u017cycie. Cz\u0119stotliwo\u015b\u0107 smarowania powinna by\u0107 elastycznie dostosowywana w zale\u017cno\u015bci od \u015brodowiska pracy, przy czym w trudnych warunkach zaleca si\u0119 cz\u0119stsze smarowanie w celu utrzymania elastyczno\u015bci i trwa\u0142o\u015bci \u0142a\u0144cucha.<\/p>\t\t\t\t\t\t\t\t<\/div>\n\t\t\t\t<div class=\"elementor-element elementor-element-a1ac6a5 elementor-widget elementor-widget-heading\" data-id=\"a1ac6a5\" data-element_type=\"widget\" data-widget_type=\"heading.default\">\n\t\t\t\t\t<h2 class=\"elementor-heading-title elementor-size-default\">Regulacja napr\u0119\u017cenia<\/h2>\t\t\t\t<\/div>\n\t\t\t\t<div class=\"elementor-element elementor-element-0fa4f84 elementor-widget elementor-widget-text-editor\" data-id=\"0fa4f84\" data-element_type=\"widget\" data-widget_type=\"text-editor.default\">\n\t\t\t\t\t\t\t\t\t<p>Napi\u0119cie \u0142a\u0144cucha ma bezpo\u015bredni wp\u0142yw na jego stan roboczy i \u017cywotno\u015b\u0107. Nadmierny luz mo\u017ce prowadzi\u0107 do zwi\u0119kszonego tarcia mi\u0119dzy \u0142a\u0144cuchem a opon\u0105 lub pod\u0142o\u017cem, podczas gdy nadmierne napr\u0119\u017cenie zwi\u0119ksza obci\u0105\u017cenie zar\u00f3wno \u0142a\u0144cucha, jak i opony, przyspieszaj\u0105c zu\u017cycie. Dlatego wa\u017cne jest, aby regularnie sprawdza\u0107 i regulowa\u0107 napi\u0119cie \u0142a\u0144cucha, aby zapewni\u0107 jego optymalne warunki pracy. Podczas przechowywania \u0142a\u0144cuch powinien by\u0107 umieszczony w suchym, dobrze wentylowanym miejscu, aby zapobiec nara\u017ceniu na wilgo\u0107 lub kontakt z substancjami powoduj\u0105cymi korozj\u0119.<\/p>\t\t\t\t\t\t\t\t<\/div>\n\t\t\t\t<div class=\"elementor-element elementor-element-82a86bf elementor-widget elementor-widget-text-editor\" data-id=\"82a86bf\" data-element_type=\"widget\" data-widget_type=\"text-editor.default\">\n\t\t\t\t\t\t\t\t\t<p>W przypadku d\u0142u\u017cszych okres\u00f3w nieu\u017cywania, zastosowanie oleju antykorozyjnego lub przykrycie \u0142a\u0144cucha \u015bciereczk\u0105 mo\u017ce zapobiec utlenianiu i uszkodzeniom. Ponadto \u0142a\u0144cuch powinien by\u0107 chroniony przed zewn\u0119trznymi uderzeniami lub \u015bciskaniem podczas przechowywania, aby zachowa\u0107 jego kszta\u0142t i wydajno\u015b\u0107.<\/p>\t\t\t\t\t\t\t\t<\/div>\n\t\t\t\t<div class=\"elementor-element elementor-element-7842d41 elementor-widget elementor-widget-heading\" data-id=\"7842d41\" data-element_type=\"widget\" data-widget_type=\"heading.default\">\n\t\t\t\t\t<h2 class=\"elementor-heading-title elementor-size-default\">Profesjonalna konserwacja<\/h2>\t\t\t\t<\/div>\n\t\t\t\t<div class=\"elementor-element elementor-element-877a6bb elementor-widget elementor-widget-text-editor\" data-id=\"877a6bb\" data-element_type=\"widget\" data-widget_type=\"text-editor.default\">\n\t\t\t\t\t\t\t\t\t<p>Opr\u00f3cz codziennej konserwacji, \u0142a\u0144cuchy zabezpieczaj\u0105ce opony wymagaj\u0105 regularnej profesjonalnej konserwacji. Zaleca si\u0119, aby profesjonalni technicy przeprowadzali kompleksow\u0105 kontrol\u0119 \u0142a\u0144cucha co sze\u015b\u0107 miesi\u0119cy lub 1000 godzin, w tym ocen\u0119 zu\u017cycia, napr\u0119\u017cenia i stanu smarowania, a tak\u017ce przeprowadzali niezb\u0119dne naprawy lub wymiany w oparciu o wyniki kontroli.<\/p>\t\t\t\t\t\t\t\t<\/div>\n\t\t\t\t<div class=\"elementor-element elementor-element-426de8e elementor-widget elementor-widget-text-editor\" data-id=\"426de8e\" data-element_type=\"widget\" data-widget_type=\"text-editor.default\">\n\t\t\t\t\t\t\t\t\t<p>Operatorzy powinni \u015bci\u015ble przestrzega\u0107 wytycznych dotycz\u0105cych u\u017cytkowania, unikaj\u0105c przeci\u0105\u017cania, nadmiernej pr\u0119dko\u015bci lub u\u017cywania \u0142a\u0144cucha w nieodpowiednich warunkach. Dzi\u0119ki naukowej konserwacji i znormalizowanej eksploatacji, \u0142a\u0144cuchy zabezpieczaj\u0105ce opony mog\u0105 utrzyma\u0107 wysok\u0105 wydajno\u015b\u0107 przez d\u0142ugi czas, zapewniaj\u0105c niezawodn\u0105 ochron\u0119 dla bezpiecznej eksploatacji sprz\u0119tu.<\/p>\t\t\t\t\t\t\t\t<\/div>\n\t\t\t\t\t<\/div>\n\t\t\t\t<\/div>\n\t\t\t\t<\/div>","protected":false},"excerpt":{"rendered":"<p>Maintenance for Tire Protection Chains Tire protection chains serve as crucial protective equipment for engineering machinery, mining vehicles, and the like, with their maintenance directly impacting the safety and efficiency of equipment operation. Proper maintenance not only extends the service life of both the chains and tires but also effectively reduces maintenance costs and downtime&#8230;.<\/p>","protected":false},"author":1,"featured_media":501,"parent":0,"menu_order":0,"comment_status":"closed","ping_status":"closed","template":"","meta":{"inline_featured_image":false,"_kad_post_transparent":"default","_kad_post_title":"hide","_kad_post_layout":"fullwidth","_kad_post_sidebar_id":"","_kad_post_content_style":"unboxed","_kad_post_vertical_padding":"hide","_kad_post_feature":"hide","_kad_post_feature_position":"","_kad_post_header":false,"_kad_post_footer":false,"footnotes":""},"class_list":["post-86","page","type-page","status-publish","has-post-thumbnail","hentry"],"yoast_head":"<!-- This site is optimized with the Yoast SEO plugin v25.4 - https:\/\/yoast.com\/wordpress\/plugins\/seo\/ -->\n<title>Maintaince - twchains<\/title>\n<meta name=\"robots\" content=\"index, follow, max-snippet:-1, max-image-preview:large, max-video-preview:-1\" \/>\n<link rel=\"canonical\" href=\"https:\/\/twchains.com\/pl\/konserwacja\/\" \/>\n<meta property=\"og:locale\" content=\"pl_PL\" \/>\n<meta property=\"og:type\" content=\"article\" \/>\n<meta property=\"og:title\" content=\"Maintaince - twchains\" \/>\n<meta property=\"og:description\" content=\"Maintenance for Tire Protection Chains Tire protection chains serve as crucial protective equipment for engineering machinery, mining vehicles, and the like, with their maintenance directly impacting the safety and efficiency of equipment operation. Proper maintenance not only extends the service life of both the chains and tires but also effectively reduces maintenance costs and downtime....\" \/>\n<meta property=\"og:url\" content=\"https:\/\/twchains.com\/pl\/konserwacja\/\" \/>\n<meta property=\"og:site_name\" content=\"twchains\" \/>\n<meta property=\"article:modified_time\" content=\"2025-04-10T11:31:08+00:00\" \/>\n<meta name=\"twitter:card\" content=\"summary_large_image\" \/>\n<meta name=\"twitter:label1\" content=\"Szacowany czas czytania\" \/>\n\t<meta name=\"twitter:data1\" content=\"2 minuty\" \/>\n<script type=\"application\/ld+json\" class=\"yoast-schema-graph\">{\"@context\":\"https:\/\/schema.org\",\"@graph\":[{\"@type\":\"WebPage\",\"@id\":\"https:\/\/twchains.com\/maintaince\/\",\"url\":\"https:\/\/twchains.com\/maintaince\/\",\"name\":\"Maintaince - twchains\",\"isPartOf\":{\"@id\":\"https:\/\/twchains.com\/#website\"},\"primaryImageOfPage\":{\"@id\":\"https:\/\/twchains.com\/maintaince\/#primaryimage\"},\"image\":{\"@id\":\"https:\/\/twchains.com\/maintaince\/#primaryimage\"},\"thumbnailUrl\":\"https:\/\/twchains.com\/wp-content\/uploads\/2025\/04\/home_slider_3.jpg\",\"datePublished\":\"2025-04-03T13:20:03+00:00\",\"dateModified\":\"2025-04-10T11:31:08+00:00\",\"breadcrumb\":{\"@id\":\"https:\/\/twchains.com\/maintaince\/#breadcrumb\"},\"inLanguage\":\"pl-PL\",\"potentialAction\":[{\"@type\":\"ReadAction\",\"target\":[\"https:\/\/twchains.com\/maintaince\/\"]}]},{\"@type\":\"ImageObject\",\"inLanguage\":\"pl-PL\",\"@id\":\"https:\/\/twchains.com\/maintaince\/#primaryimage\",\"url\":\"https:\/\/twchains.com\/wp-content\/uploads\/2025\/04\/home_slider_3.jpg\",\"contentUrl\":\"https:\/\/twchains.com\/wp-content\/uploads\/2025\/04\/home_slider_3.jpg\",\"width\":1024,\"height\":768},{\"@type\":\"BreadcrumbList\",\"@id\":\"https:\/\/twchains.com\/maintaince\/#breadcrumb\",\"itemListElement\":[{\"@type\":\"ListItem\",\"position\":1,\"name\":\"Home\",\"item\":\"https:\/\/twchains.com\/\"},{\"@type\":\"ListItem\",\"position\":2,\"name\":\"Maintaince\"}]},{\"@type\":\"WebSite\",\"@id\":\"https:\/\/twchains.com\/#website\",\"url\":\"https:\/\/twchains.com\/\",\"name\":\"twchains\",\"description\":\"\",\"publisher\":{\"@id\":\"https:\/\/twchains.com\/#organization\"},\"potentialAction\":[{\"@type\":\"SearchAction\",\"target\":{\"@type\":\"EntryPoint\",\"urlTemplate\":\"https:\/\/twchains.com\/?s={search_term_string}\"},\"query-input\":{\"@type\":\"PropertyValueSpecification\",\"valueRequired\":true,\"valueName\":\"search_term_string\"}}],\"inLanguage\":\"pl-PL\"},{\"@type\":\"Organization\",\"@id\":\"https:\/\/twchains.com\/#organization\",\"name\":\"twchains\",\"url\":\"https:\/\/twchains.com\/\",\"logo\":{\"@type\":\"ImageObject\",\"inLanguage\":\"pl-PL\",\"@id\":\"https:\/\/twchains.com\/#\/schema\/logo\/image\/\",\"url\":\"https:\/\/twchains.com\/wp-content\/uploads\/2025\/04\/tongwei-logo-100.svg\",\"contentUrl\":\"https:\/\/twchains.com\/wp-content\/uploads\/2025\/04\/tongwei-logo-100.svg\",\"width\":128,\"height\":100,\"caption\":\"twchains\"},\"image\":{\"@id\":\"https:\/\/twchains.com\/#\/schema\/logo\/image\/\"}}]}<\/script>\n<!-- \/ Yoast SEO plugin. -->","yoast_head_json":{"title":"Maintaince - twchains","robots":{"index":"index","follow":"follow","max-snippet":"max-snippet:-1","max-image-preview":"max-image-preview:large","max-video-preview":"max-video-preview:-1"},"canonical":"https:\/\/twchains.com\/pl\/konserwacja\/","og_locale":"pl_PL","og_type":"article","og_title":"Maintaince - twchains","og_description":"Maintenance for Tire Protection Chains Tire protection chains serve as crucial protective equipment for engineering machinery, mining vehicles, and the like, with their maintenance directly impacting the safety and efficiency of equipment operation. Proper maintenance not only extends the service life of both the chains and tires but also effectively reduces maintenance costs and downtime....","og_url":"https:\/\/twchains.com\/pl\/konserwacja\/","og_site_name":"twchains","article_modified_time":"2025-04-10T11:31:08+00:00","twitter_card":"summary_large_image","twitter_misc":{"Szacowany czas czytania":"2 minuty"},"schema":{"@context":"https:\/\/schema.org","@graph":[{"@type":"WebPage","@id":"https:\/\/twchains.com\/maintaince\/","url":"https:\/\/twchains.com\/maintaince\/","name":"Maintaince - twchains","isPartOf":{"@id":"https:\/\/twchains.com\/#website"},"primaryImageOfPage":{"@id":"https:\/\/twchains.com\/maintaince\/#primaryimage"},"image":{"@id":"https:\/\/twchains.com\/maintaince\/#primaryimage"},"thumbnailUrl":"https:\/\/twchains.com\/wp-content\/uploads\/2025\/04\/home_slider_3.jpg","datePublished":"2025-04-03T13:20:03+00:00","dateModified":"2025-04-10T11:31:08+00:00","breadcrumb":{"@id":"https:\/\/twchains.com\/maintaince\/#breadcrumb"},"inLanguage":"pl-PL","potentialAction":[{"@type":"ReadAction","target":["https:\/\/twchains.com\/maintaince\/"]}]},{"@type":"ImageObject","inLanguage":"pl-PL","@id":"https:\/\/twchains.com\/maintaince\/#primaryimage","url":"https:\/\/twchains.com\/wp-content\/uploads\/2025\/04\/home_slider_3.jpg","contentUrl":"https:\/\/twchains.com\/wp-content\/uploads\/2025\/04\/home_slider_3.jpg","width":1024,"height":768},{"@type":"BreadcrumbList","@id":"https:\/\/twchains.com\/maintaince\/#breadcrumb","itemListElement":[{"@type":"ListItem","position":1,"name":"Home","item":"https:\/\/twchains.com\/"},{"@type":"ListItem","position":2,"name":"Maintaince"}]},{"@type":"WebSite","@id":"https:\/\/twchains.com\/#website","url":"https:\/\/twchains.com\/","name":"twchains","description":"","publisher":{"@id":"https:\/\/twchains.com\/#organization"},"potentialAction":[{"@type":"SearchAction","target":{"@type":"EntryPoint","urlTemplate":"https:\/\/twchains.com\/?s={search_term_string}"},"query-input":{"@type":"PropertyValueSpecification","valueRequired":true,"valueName":"search_term_string"}}],"inLanguage":"pl-PL"},{"@type":"Organization","@id":"https:\/\/twchains.com\/#organization","name":"twchains","url":"https:\/\/twchains.com\/","logo":{"@type":"ImageObject","inLanguage":"pl-PL","@id":"https:\/\/twchains.com\/#\/schema\/logo\/image\/","url":"https:\/\/twchains.com\/wp-content\/uploads\/2025\/04\/tongwei-logo-100.svg","contentUrl":"https:\/\/twchains.com\/wp-content\/uploads\/2025\/04\/tongwei-logo-100.svg","width":128,"height":100,"caption":"twchains"},"image":{"@id":"https:\/\/twchains.com\/#\/schema\/logo\/image\/"}}]}},"_links":{"self":[{"href":"https:\/\/twchains.com\/pl\/wp-json\/wp\/v2\/pages\/86","targetHints":{"allow":["GET"]}}],"collection":[{"href":"https:\/\/twchains.com\/pl\/wp-json\/wp\/v2\/pages"}],"about":[{"href":"https:\/\/twchains.com\/pl\/wp-json\/wp\/v2\/types\/page"}],"author":[{"embeddable":true,"href":"https:\/\/twchains.com\/pl\/wp-json\/wp\/v2\/users\/1"}],"replies":[{"embeddable":true,"href":"https:\/\/twchains.com\/pl\/wp-json\/wp\/v2\/comments?post=86"}],"version-history":[{"count":7,"href":"https:\/\/twchains.com\/pl\/wp-json\/wp\/v2\/pages\/86\/revisions"}],"predecessor-version":[{"id":318,"href":"https:\/\/twchains.com\/pl\/wp-json\/wp\/v2\/pages\/86\/revisions\/318"}],"wp:featuredmedia":[{"embeddable":true,"href":"https:\/\/twchains.com\/pl\/wp-json\/wp\/v2\/media\/501"}],"wp:attachment":[{"href":"https:\/\/twchains.com\/pl\/wp-json\/wp\/v2\/media?parent=86"}],"curies":[{"name":"wp","href":"https:\/\/api.w.org\/{rel}","templated":true}]}}