{"id":96,"date":"2025-04-03T13:22:32","date_gmt":"2025-04-03T13:22:32","guid":{"rendered":"https:\/\/twchains.com\/?page_id=96"},"modified":"2025-04-26T04:15:31","modified_gmt":"2025-04-26T04:15:31","slug":"slag-and-high-temperature-protection-chains","status":"publish","type":"page","link":"https:\/\/twchains.com\/pl\/slag-and-high-temperature-protection-chains\/","title":{"rendered":"\u0141a\u0144cuchy zabezpieczaj\u0105ce przed \u017cu\u017clem i wysok\u0105 temperatur\u0105"},"content":{"rendered":"<div data-elementor-type=\"wp-page\" data-elementor-id=\"96\" class=\"elementor elementor-96\" data-elementor-post-type=\"page\">\n\t\t\t\t<div class=\"elementor-element elementor-element-9315276 e-con-full e-flex e-con e-parent\" data-id=\"9315276\" data-element_type=\"container\" data-settings=\"{&quot;background_background&quot;:&quot;classic&quot;}\">\n\t\t\t\t<div class=\"elementor-element elementor-element-73b11e98 elementor-widget__width-initial elementor-widget elementor-widget-heading\" data-id=\"73b11e98\" data-element_type=\"widget\" data-widget_type=\"heading.default\">\n\t\t\t\t\t<h1 class=\"elementor-heading-title elementor-size-default\">\u0141a\u0144cuchy zabezpieczaj\u0105ce przed \u017cu\u017clem i wysok\u0105 temperatur\u0105<\/h1>\t\t\t\t<\/div>\n\t\t\t\t<\/div>\n\t\t<div class=\"elementor-element elementor-element-47215d8c e-flex e-con-boxed e-con e-parent\" data-id=\"47215d8c\" data-element_type=\"container\" data-settings=\"{&quot;background_background&quot;:&quot;classic&quot;}\">\n\t\t\t\t\t<div class=\"e-con-inner\">\n\t\t\t\t<div class=\"elementor-element elementor-element-ebd12b5 elementor-widget elementor-widget-breadcrumbs\" data-id=\"ebd12b5\" data-element_type=\"widget\" data-widget_type=\"breadcrumbs.default\">\n\t\t\t\t\t<p id=\"breadcrumbs\"><span><span><a href=\"https:\/\/twchains.com\/pl\">Strona g\u0142\u00f3wna<\/a><\/span><\/span><\/p>\t\t\t\t<\/div>\n\t\t\t\t\t<\/div>\n\t\t\t\t<\/div>\n\t\t<div class=\"elementor-element elementor-element-34da933e e-flex e-con-boxed e-con e-parent\" data-id=\"34da933e\" data-element_type=\"container\">\n\t\t\t\t\t<div class=\"e-con-inner\">\n\t\t<div class=\"elementor-element elementor-element-4f298d25 e-con-full e-flex e-con e-child\" data-id=\"4f298d25\" data-element_type=\"container\">\n\t\t\t\t<\/div>\n\t\t<div class=\"elementor-element elementor-element-7aa55ce3 e-con-full e-flex e-con e-child\" data-id=\"7aa55ce3\" data-element_type=\"container\">\n\t\t\t\t<div class=\"elementor-element elementor-element-21e80119 elementor-widget elementor-widget-text-editor\" data-id=\"21e80119\" data-element_type=\"widget\" data-widget_type=\"text-editor.default\">\n\t\t\t\t\t\t\t\t\t\u015arodowiska o wysokiej temperaturze, takie jak obs\u0142uga \u017cu\u017cla lub procesy przemys\u0142owe, nara\u017caj\u0105 opony na ekstremalne ciep\u0142o, kt\u00f3re mo\u017ce powodowa\u0107 degradacj\u0119 gumy i zagra\u017ca\u0107 integralno\u015bci strukturalnej. W takich warunkach tradycyjne \u0142a\u0144cuchy mog\u0105 mi\u0119kn\u0105\u0107 lub wypacza\u0107 si\u0119.\t\t\t\t\t\t\t\t<\/div>\n\t\t\t\t<div class=\"elementor-element elementor-element-7eb3cda7 elementor-widget elementor-widget-text-editor\" data-id=\"7eb3cda7\" data-element_type=\"widget\" data-widget_type=\"text-editor.default\">\n\t\t\t\t\t\t\t\t\tNasze \u0142a\u0144cuchy wysokotemperaturowe s\u0105 wykonane z \u017caroodpornych stop\u00f3w, kt\u00f3re s\u0105 w stanie wytrzyma\u0107 d\u0142ugotrwa\u0142e dzia\u0142anie temperatur przekraczaj\u0105cych 500\u00b0C (932\u00b0F). Zaawansowane w\u0142a\u015bciwo\u015bci izolacji termicznej zapobiegaj\u0105 przenoszeniu ciep\u0142a na opony, a wzmocniona konstrukcja zapewnia stabilno\u015b\u0107 i wydajno\u015b\u0107. Idealne do transportu \u017cu\u017cla, odlewni i innych zastosowa\u0144 wymagaj\u0105cych wysokiej temperatury, nasze \u0142a\u0144cuchy zapewniaj\u0105 trwa\u0142o\u015b\u0107 opon i bezpiecze\u0144stwo pracy.\t\t\t\t\t\t\t\t<\/div>\n\t\t\t\t<\/div>\n\t\t\t\t\t<\/div>\n\t\t\t\t<\/div>\n\t\t<div class=\"elementor-element elementor-element-e44e430 e-flex e-con-boxed e-con e-parent\" data-id=\"e44e430\" data-element_type=\"container\">\n\t\t\t\t\t<div class=\"e-con-inner\">\n\t\t\t\t<div class=\"elementor-element elementor-element-733f835 elementor-widget elementor-widget-shortcode\" data-id=\"733f835\" data-element_type=\"widget\" data-widget_type=\"shortcode.default\">\n\t\t\t\t\t\t\t<div class=\"elementor-shortcode\"><div class=\"woocommerce columns-4\"><ul class=\"products content-wrap product-archive grid-cols grid-ss-col-2 grid-sm-col-3 grid-lg-col-4 woo-archive-action-on-hover woo-archive-btn-text  woo-archive-image-hover-none\"><li class=\"entry content-bg loop-entry product type-product post-630 status-publish first instock product_cat-encryption product_cat-reinforced product_cat-tyre-protection-chain has-post-thumbnail shipping-taxable product-type-simple\">\n\t<a href=\"https:\/\/twchains.com\/pl\/produkt\/quality-guaranteed-23-5r25-tire-protection-chains-for-hot-steel-slag-plant\/\" class=\"woocommerce-loop-image-link woocommerce-LoopProduct-link woocommerce-loop-product__link\"><img fetchpriority=\"high\" decoding=\"async\" width=\"300\" height=\"300\" src=\"https:\/\/twchains.com\/wp-content\/uploads\/2025\/04\/1-3-300x300.jpg\" class=\"attachment-woocommerce_thumbnail size-woocommerce_thumbnail\" alt=\"Gwarantowana jako\u015b\u0107 23,5r25 \u0141a\u0144cuchy ochronne do opon dla gor\u0105cych \u017cu\u017cli stalowych\" srcset=\"https:\/\/twchains.com\/wp-content\/uploads\/2025\/04\/1-3-300x300.jpg 300w, https:\/\/twchains.com\/wp-content\/uploads\/2025\/04\/1-3-150x150.jpg 150w, https:\/\/twchains.com\/wp-content\/uploads\/2025\/04\/1-3-768x768.jpg 768w, https:\/\/twchains.com\/wp-content\/uploads\/2025\/04\/1-3-600x600.jpg 600w, https:\/\/twchains.com\/wp-content\/uploads\/2025\/04\/1-3-100x100.jpg 100w, https:\/\/twchains.com\/wp-content\/uploads\/2025\/04\/1-3.jpg 800w\" sizes=\"(max-width: 300px) 100vw, 300px\" \/><\/a><div class=\"product-details content-bg entry-content-wrap\"><h2 class=\"woocommerce-loop-product__title\"><a href=\"https:\/\/twchains.com\/pl\/produkt\/quality-guaranteed-23-5r25-tire-protection-chains-for-hot-steel-slag-plant\/\" class=\"woocommerce-LoopProduct-link-title woocommerce-loop-product__title_ink\">Gwarantowana jako\u015b\u0107 23,5r25 \u0141a\u0144cuchy ochronne do opon dla gor\u0105cych \u017cu\u017cli stalowych<\/a><\/h2>\n<div class=\"product-action-wrap\"><a href=\"https:\/\/twchains.com\/pl\/produkt\/quality-guaranteed-23-5r25-tire-protection-chains-for-hot-steel-slag-plant\/\" data-quantity=\"1\" class=\"button product_type_simple\" data-product_id=\"630\" data-product_sku=\"\" aria-label=\"Przeczytaj wi\u0119cej o \u201eQuality Guaranteed 23.5r25 Tire Protection Chains for Hot Steel Slag Plant\u201d\" rel=\"nofollow\" data-success_message=\"\" data-no-translation-aria-label=\"\">Dowiedz si\u0119 wi\u0119cej<span class=\"kadence-svg-iconset svg-baseline\"><svg aria-hidden=\"true\" class=\"kadence-svg-icon kadence-arrow-right-alt-svg\" fill=\"currentColor\" version=\"1.1\" xmlns=\"http:\/\/www.w3.org\/2000\/svg\" width=\"27\" height=\"28\" viewbox=\"0 0 27 28\"><title>Kontynuuj<\/title><path d=\"M27 13.953c0 0.141-0.063 0.281-0.156 0.375l-6 5.531c-0.156 0.141-0.359 0.172-0.547 0.094-0.172-0.078-0.297-0.25-0.297-0.453v-3.5h-19.5c-0.281 0-0.5-0.219-0.5-0.5v-3c0-0.281 0.219-0.5 0.5-0.5h19.5v-3.5c0-0.203 0.109-0.375 0.297-0.453s0.391-0.047 0.547 0.078l6 5.469c0.094 0.094 0.156 0.219 0.156 0.359v0z\"><\/path>\n\t\t\t\t<\/svg><\/span><span class=\"kadence-svg-iconset svg-baseline\"><svg class=\"kadence-svg-icon kadence-spinner-svg\" fill=\"currentColor\" version=\"1.1\" xmlns=\"http:\/\/www.w3.org\/2000\/svg\" width=\"16\" height=\"16\" viewbox=\"0 0 16 16\"><title>Wczytywanie<\/title><path d=\"M16 6h-6l2.243-2.243c-1.133-1.133-2.64-1.757-4.243-1.757s-3.109 0.624-4.243 1.757c-1.133 1.133-1.757 2.64-1.757 4.243s0.624 3.109 1.757 4.243c1.133 1.133 2.64 1.757 4.243 1.757s3.109-0.624 4.243-1.757c0.095-0.095 0.185-0.192 0.273-0.292l1.505 1.317c-1.466 1.674-3.62 2.732-6.020 2.732-4.418 0-8-3.582-8-8s3.582-8 8-8c2.209 0 4.209 0.896 5.656 2.344l2.343-2.344v6z\"><\/path>\n\t\t\t\t<\/svg><\/span><span class=\"kadence-svg-iconset svg-baseline\"><svg class=\"kadence-svg-icon kadence-check-svg\" fill=\"currentColor\" version=\"1.1\" xmlns=\"http:\/\/www.w3.org\/2000\/svg\" width=\"16\" height=\"16\" viewbox=\"0 0 16 16\"><title>Gotowe<\/title><path d=\"M14 2.5l-8.5 8.5-3.5-3.5-1.5 1.5 5 5 10-10z\"><\/path>\n\t\t\t\t<\/svg><\/span><\/a>\t<span id=\"woocommerce_loop_add_to_cart_link_describedby_630\" class=\"screen-reader-text\">\n\t\t\t<\/span>\n<\/div><\/div><\/li>\n<\/ul>\n<\/div><\/div>\n\t\t\t\t\t\t<\/div>\n\t\t\t\t\t<\/div>\n\t\t\t\t<\/div>\n\t\t\t\t<\/div>","protected":false},"excerpt":{"rendered":"<p>Slag And High Temperature Protection Chains High-temperature environments, such as slag handling or industrial processes, expose tires to extreme heat, which can degrade rubber and compromise structural integrity. Traditional chains may soften or warp under such conditions.Our high-temperature chains are made from heat-resistant alloys capable of withstanding prolonged exposure to temperatures exceeding 500\u00b0C (932\u00b0F). The&#8230;<\/p>","protected":false},"author":1,"featured_media":501,"parent":0,"menu_order":0,"comment_status":"closed","ping_status":"closed","template":"","meta":{"inline_featured_image":false,"_kad_post_transparent":"default","_kad_post_title":"hide","_kad_post_layout":"fullwidth","_kad_post_sidebar_id":"","_kad_post_content_style":"unboxed","_kad_post_vertical_padding":"hide","_kad_post_feature":"hide","_kad_post_feature_position":"","_kad_post_header":false,"_kad_post_footer":false,"footnotes":""},"class_list":["post-96","page","type-page","status-publish","has-post-thumbnail","hentry"],"yoast_head":"<!-- This site is optimized with the Yoast SEO plugin v25.4 - https:\/\/yoast.com\/wordpress\/plugins\/seo\/ -->\n<title>Slag and High Temperature Protection Chains - twchains<\/title>\n<meta name=\"robots\" content=\"index, follow, max-snippet:-1, max-image-preview:large, max-video-preview:-1\" \/>\n<link rel=\"canonical\" href=\"https:\/\/twchains.com\/pl\/slag-and-high-temperature-protection-chains\/\" \/>\n<meta property=\"og:locale\" content=\"pl_PL\" \/>\n<meta property=\"og:type\" content=\"article\" \/>\n<meta property=\"og:title\" content=\"Slag and High Temperature Protection Chains - twchains\" \/>\n<meta property=\"og:description\" content=\"Slag And High Temperature Protection Chains High-temperature environments, such as slag handling or industrial processes, expose tires to extreme heat, which can degrade rubber and compromise structural integrity. Traditional chains may soften or warp under such conditions.Our high-temperature chains are made from heat-resistant alloys capable of withstanding prolonged exposure to temperatures exceeding 500\u00b0C (932\u00b0F). The...\" \/>\n<meta property=\"og:url\" content=\"https:\/\/twchains.com\/pl\/slag-and-high-temperature-protection-chains\/\" \/>\n<meta property=\"og:site_name\" content=\"twchains\" \/>\n<meta property=\"article:modified_time\" content=\"2025-04-26T04:15:31+00:00\" \/>\n<meta name=\"twitter:card\" content=\"summary_large_image\" \/>\n<meta name=\"twitter:label1\" content=\"Szacowany czas czytania\" \/>\n\t<meta name=\"twitter:data1\" content=\"1 minuta\" \/>\n<script type=\"application\/ld+json\" class=\"yoast-schema-graph\">{\"@context\":\"https:\/\/schema.org\",\"@graph\":[{\"@type\":\"WebPage\",\"@id\":\"https:\/\/twchains.com\/slag-and-high-temperature-protection-chains\/\",\"url\":\"https:\/\/twchains.com\/slag-and-high-temperature-protection-chains\/\",\"name\":\"Slag and High Temperature Protection Chains - twchains\",\"isPartOf\":{\"@id\":\"https:\/\/twchains.com\/#website\"},\"primaryImageOfPage\":{\"@id\":\"https:\/\/twchains.com\/slag-and-high-temperature-protection-chains\/#primaryimage\"},\"image\":{\"@id\":\"https:\/\/twchains.com\/slag-and-high-temperature-protection-chains\/#primaryimage\"},\"thumbnailUrl\":\"https:\/\/twchains.com\/wp-content\/uploads\/2025\/04\/home_slider_3.jpg\",\"datePublished\":\"2025-04-03T13:22:32+00:00\",\"dateModified\":\"2025-04-26T04:15:31+00:00\",\"breadcrumb\":{\"@id\":\"https:\/\/twchains.com\/slag-and-high-temperature-protection-chains\/#breadcrumb\"},\"inLanguage\":\"pl-PL\",\"potentialAction\":[{\"@type\":\"ReadAction\",\"target\":[\"https:\/\/twchains.com\/slag-and-high-temperature-protection-chains\/\"]}]},{\"@type\":\"ImageObject\",\"inLanguage\":\"pl-PL\",\"@id\":\"https:\/\/twchains.com\/slag-and-high-temperature-protection-chains\/#primaryimage\",\"url\":\"https:\/\/twchains.com\/wp-content\/uploads\/2025\/04\/home_slider_3.jpg\",\"contentUrl\":\"https:\/\/twchains.com\/wp-content\/uploads\/2025\/04\/home_slider_3.jpg\",\"width\":1024,\"height\":768},{\"@type\":\"BreadcrumbList\",\"@id\":\"https:\/\/twchains.com\/slag-and-high-temperature-protection-chains\/#breadcrumb\",\"itemListElement\":[{\"@type\":\"ListItem\",\"position\":1,\"name\":\"Home\",\"item\":\"https:\/\/twchains.com\/\"},{\"@type\":\"ListItem\",\"position\":2,\"name\":\"Slag and High Temperature Protection Chains\"}]},{\"@type\":\"WebSite\",\"@id\":\"https:\/\/twchains.com\/#website\",\"url\":\"https:\/\/twchains.com\/\",\"name\":\"twchains\",\"description\":\"\",\"publisher\":{\"@id\":\"https:\/\/twchains.com\/#organization\"},\"potentialAction\":[{\"@type\":\"SearchAction\",\"target\":{\"@type\":\"EntryPoint\",\"urlTemplate\":\"https:\/\/twchains.com\/?s={search_term_string}\"},\"query-input\":{\"@type\":\"PropertyValueSpecification\",\"valueRequired\":true,\"valueName\":\"search_term_string\"}}],\"inLanguage\":\"pl-PL\"},{\"@type\":\"Organization\",\"@id\":\"https:\/\/twchains.com\/#organization\",\"name\":\"twchains\",\"url\":\"https:\/\/twchains.com\/\",\"logo\":{\"@type\":\"ImageObject\",\"inLanguage\":\"pl-PL\",\"@id\":\"https:\/\/twchains.com\/#\/schema\/logo\/image\/\",\"url\":\"https:\/\/twchains.com\/wp-content\/uploads\/2025\/04\/tongwei-logo-100.svg\",\"contentUrl\":\"https:\/\/twchains.com\/wp-content\/uploads\/2025\/04\/tongwei-logo-100.svg\",\"width\":128,\"height\":100,\"caption\":\"twchains\"},\"image\":{\"@id\":\"https:\/\/twchains.com\/#\/schema\/logo\/image\/\"}}]}<\/script>\n<!-- \/ Yoast SEO plugin. -->","yoast_head_json":{"title":"Slag and High Temperature Protection Chains - twchains","robots":{"index":"index","follow":"follow","max-snippet":"max-snippet:-1","max-image-preview":"max-image-preview:large","max-video-preview":"max-video-preview:-1"},"canonical":"https:\/\/twchains.com\/pl\/slag-and-high-temperature-protection-chains\/","og_locale":"pl_PL","og_type":"article","og_title":"Slag and High Temperature Protection Chains - twchains","og_description":"Slag And High Temperature Protection Chains High-temperature environments, such as slag handling or industrial processes, expose tires to extreme heat, which can degrade rubber and compromise structural integrity. Traditional chains may soften or warp under such conditions.Our high-temperature chains are made from heat-resistant alloys capable of withstanding prolonged exposure to temperatures exceeding 500\u00b0C (932\u00b0F). The...","og_url":"https:\/\/twchains.com\/pl\/slag-and-high-temperature-protection-chains\/","og_site_name":"twchains","article_modified_time":"2025-04-26T04:15:31+00:00","twitter_card":"summary_large_image","twitter_misc":{"Szacowany czas czytania":"1 minuta"},"schema":{"@context":"https:\/\/schema.org","@graph":[{"@type":"WebPage","@id":"https:\/\/twchains.com\/slag-and-high-temperature-protection-chains\/","url":"https:\/\/twchains.com\/slag-and-high-temperature-protection-chains\/","name":"Slag and High Temperature Protection Chains - twchains","isPartOf":{"@id":"https:\/\/twchains.com\/#website"},"primaryImageOfPage":{"@id":"https:\/\/twchains.com\/slag-and-high-temperature-protection-chains\/#primaryimage"},"image":{"@id":"https:\/\/twchains.com\/slag-and-high-temperature-protection-chains\/#primaryimage"},"thumbnailUrl":"https:\/\/twchains.com\/wp-content\/uploads\/2025\/04\/home_slider_3.jpg","datePublished":"2025-04-03T13:22:32+00:00","dateModified":"2025-04-26T04:15:31+00:00","breadcrumb":{"@id":"https:\/\/twchains.com\/slag-and-high-temperature-protection-chains\/#breadcrumb"},"inLanguage":"pl-PL","potentialAction":[{"@type":"ReadAction","target":["https:\/\/twchains.com\/slag-and-high-temperature-protection-chains\/"]}]},{"@type":"ImageObject","inLanguage":"pl-PL","@id":"https:\/\/twchains.com\/slag-and-high-temperature-protection-chains\/#primaryimage","url":"https:\/\/twchains.com\/wp-content\/uploads\/2025\/04\/home_slider_3.jpg","contentUrl":"https:\/\/twchains.com\/wp-content\/uploads\/2025\/04\/home_slider_3.jpg","width":1024,"height":768},{"@type":"BreadcrumbList","@id":"https:\/\/twchains.com\/slag-and-high-temperature-protection-chains\/#breadcrumb","itemListElement":[{"@type":"ListItem","position":1,"name":"Home","item":"https:\/\/twchains.com\/"},{"@type":"ListItem","position":2,"name":"Slag and High Temperature Protection Chains"}]},{"@type":"WebSite","@id":"https:\/\/twchains.com\/#website","url":"https:\/\/twchains.com\/","name":"twchains","description":"","publisher":{"@id":"https:\/\/twchains.com\/#organization"},"potentialAction":[{"@type":"SearchAction","target":{"@type":"EntryPoint","urlTemplate":"https:\/\/twchains.com\/?s={search_term_string}"},"query-input":{"@type":"PropertyValueSpecification","valueRequired":true,"valueName":"search_term_string"}}],"inLanguage":"pl-PL"},{"@type":"Organization","@id":"https:\/\/twchains.com\/#organization","name":"twchains","url":"https:\/\/twchains.com\/","logo":{"@type":"ImageObject","inLanguage":"pl-PL","@id":"https:\/\/twchains.com\/#\/schema\/logo\/image\/","url":"https:\/\/twchains.com\/wp-content\/uploads\/2025\/04\/tongwei-logo-100.svg","contentUrl":"https:\/\/twchains.com\/wp-content\/uploads\/2025\/04\/tongwei-logo-100.svg","width":128,"height":100,"caption":"twchains"},"image":{"@id":"https:\/\/twchains.com\/#\/schema\/logo\/image\/"}}]}},"_links":{"self":[{"href":"https:\/\/twchains.com\/pl\/wp-json\/wp\/v2\/pages\/96","targetHints":{"allow":["GET"]}}],"collection":[{"href":"https:\/\/twchains.com\/pl\/wp-json\/wp\/v2\/pages"}],"about":[{"href":"https:\/\/twchains.com\/pl\/wp-json\/wp\/v2\/types\/page"}],"author":[{"embeddable":true,"href":"https:\/\/twchains.com\/pl\/wp-json\/wp\/v2\/users\/1"}],"replies":[{"embeddable":true,"href":"https:\/\/twchains.com\/pl\/wp-json\/wp\/v2\/comments?post=96"}],"version-history":[{"count":11,"href":"https:\/\/twchains.com\/pl\/wp-json\/wp\/v2\/pages\/96\/revisions"}],"predecessor-version":[{"id":638,"href":"https:\/\/twchains.com\/pl\/wp-json\/wp\/v2\/pages\/96\/revisions\/638"}],"wp:featuredmedia":[{"embeddable":true,"href":"https:\/\/twchains.com\/pl\/wp-json\/wp\/v2\/media\/501"}],"wp:attachment":[{"href":"https:\/\/twchains.com\/pl\/wp-json\/wp\/v2\/media?parent=96"}],"curies":[{"name":"wp","href":"https:\/\/api.w.org\/{rel}","templated":true}]}}