{"id":492,"date":"2025-04-17T13:18:21","date_gmt":"2025-04-17T13:18:21","guid":{"rendered":"https:\/\/twchains.com\/?post_type=product&#038;p=492"},"modified":"2025-04-21T08:52:00","modified_gmt":"2025-04-21T08:52:00","slug":"x18mm-reinforced","status":"publish","type":"product","link":"https:\/\/twchains.com\/pl\/produkt\/x18mm-reinforced\/","title":{"rendered":"\u00d718mm WZMOCNIONY"},"content":{"rendered":"<p><strong><b> Doskona\u0142a odporno\u015b\u0107 na \u015bcieranie, aby sprosta\u0107 ekstremalnemu zu\u017cyciu w kamienio\u0142omach marmuru<\/b><\/strong><\/p>\n<p>Powierzchnia kamienio\u0142omu marmuru jest pokryta ostrym \u017cwirem i twardymi fragmentami ska\u0142, a zwyk\u0142e \u0142a\u0144cuchy s\u0105 podatne na szybkie zu\u017cycie z powodu cz\u0119stego tarcia. Wersja wzmocniona 18 pier\u015bcieniami jest wykonana ze stali o wysokiej zawarto\u015bci manganu, kt\u00f3ra zosta\u0142a poddana specjalnemu procesowi obr\u00f3bki cieplnej w celu zwi\u0119kszenia twardo\u015bci do 30% przy jednoczesnym zachowaniu doskona\u0142ej wytrzyma\u0142o\u015bci, skutecznie odpornej na ci\u0119cie kamieniami i uderzenia. Pogrubiona konstrukcja ogniw \u0142a\u0144cucha dodatkowo wyd\u0142u\u017ca \u017cywotno\u015b\u0107 i zmniejsza d\u0142ugoterminowe koszty wymiany dla klient\u00f3w.<\/p>\n<p><strong><b> Optymalizacja projektu strukturalnego w celu uzyskania lepszej odporno\u015bci na uderzenia<\/b><\/strong><\/p>\n<p>Warunki pracy w kamienio\u0142omach s\u0105 z\u0142o\u017cone, a sprz\u0119t cz\u0119sto musi wytrzymywa\u0107 du\u017ce obci\u0105\u017cenia i wstrz\u0105sy. Zamkni\u0119ta struktura po\u0142\u0105czenia i wzmocnione punkty spawania w wersji wzmocnionej 18 pier\u015bcieniami mog\u0105 rozproszy\u0107 napr\u0119\u017cenia i zapobiec zerwaniu \u0142a\u0144cucha pod wp\u0142ywem silnych wibracji. W por\u00f3wnaniu ze standardow\u0105 wersj\u0105, jego no\u015bno\u015b\u0107 dynamiczna wzros\u0142a o 25%, co czyni go szczeg\u00f3lnie odpowiednim do ci\u0119\u017ckiego sprz\u0119tu, takiego jak \u0142adowarki i ci\u0119\u017car\u00f3wki g\u00f3rnicze, zmniejszaj\u0105c przestoje i cz\u0119stotliwo\u015b\u0107 konserwacji.<\/p>\n<p><strong><b> Wysoka op\u0142acalno\u015b\u0107, dok\u0142adne dopasowanie do bud\u017cet\u00f3w klient\u00f3w<\/b><\/strong><\/p>\n<p>Przed rekomendacj\u0105 przeprowadzili\u015bmy kompleksow\u0105 ocen\u0119 potrzeb klienta w zakresie op\u0142acalno\u015bci. Chocia\u017c wersja wzmocniona 18 pier\u015bcieniami jest nieco dro\u017csza ni\u017c wersja podstawowa, jej trwa\u0142o\u015b\u0107 mo\u017ce zmniejszy\u0107 liczb\u0119 wymian o 50%, co w rzeczywisto\u015bci pozwala zaoszcz\u0119dzi\u0107 wydatki w d\u0142u\u017cszej perspektywie. Ponadto oferujemy zni\u017cki na zakupy hurtowe i elastyczne rozwi\u0105zania w zakresie dostaw, aby pom\u00f3c klientom w dalszej optymalizacji koszt\u00f3w zakupu.<\/p>","protected":false},"excerpt":{"rendered":"<ul>\n<li>Typ \uff1a29.5r25 1150kg<\/li>\n<li>Wzmocniony typ x18 mm ma szersz\u0105 i grubsz\u0105 powierzchni\u0119 odporn\u0105 na zu\u017cycie, g\u0142\u00f3wny wymiar komponentu (szer. x wys. x d\u0142.): 52x68x109 mm,<\/li>\n<li>Waga 1 g\u0142\u00f3wnego komponentu: 1,25 kg<\/li>\n<\/ul>","protected":false},"featured_media":493,"template":"","meta":{"inline_featured_image":false,"_kad_post_transparent":"default","_kad_post_title":"","_kad_post_layout":"default","_kad_post_sidebar_id":"","_kad_post_content_style":"default","_kad_post_vertical_padding":"default","_kad_post_feature":"","_kad_post_feature_position":"","_kad_post_header":false,"_kad_post_footer":false},"product_brand":[],"product_cat":[15,26],"product_tag":[],"class_list":{"0":"post-492","1":"product","2":"type-product","3":"status-publish","4":"has-post-thumbnail","6":"product_cat-tyre-protection-chain","7":"product_cat-reinforced","9":"first","10":"instock","11":"shipping-taxable","12":"product-type-simple","13":"entry","14":"content-bg","15":"loop-entry"},"yoast_head":"<!-- This site is optimized with the Yoast SEO plugin v25.4 - https:\/\/yoast.com\/wordpress\/plugins\/seo\/ -->\n<title>\u00d718mm REINFORCED - twchains<\/title>\n<meta name=\"robots\" content=\"index, follow, max-snippet:-1, max-image-preview:large, max-video-preview:-1\" \/>\n<link rel=\"canonical\" href=\"https:\/\/twchains.com\/pl\/produkt\/x18mm-reinforced\/\" \/>\n<meta property=\"og:locale\" content=\"pl_PL\" \/>\n<meta property=\"og:type\" content=\"article\" \/>\n<meta property=\"og:title\" content=\"\u00d718mm REINFORCED - twchains\" \/>\n<meta property=\"og:description\" content=\"Type \uff1a29.5r25 1150kg  The x18mm reinforced type have wider and thicker wear-resistant surface, main component dimension(W x H x L): 52x68x109mm,  Weight of 1 main component:1.25kg\" \/>\n<meta property=\"og:url\" content=\"https:\/\/twchains.com\/pl\/produkt\/x18mm-reinforced\/\" \/>\n<meta property=\"og:site_name\" content=\"twchains\" \/>\n<meta property=\"article:modified_time\" content=\"2025-04-21T08:52:00+00:00\" \/>\n<meta property=\"og:image\" content=\"https:\/\/twchains.com\/wp-content\/uploads\/2025\/04\/\u00d718-3.jpg\" \/>\n\t<meta property=\"og:image:width\" content=\"800\" \/>\n\t<meta property=\"og:image:height\" content=\"800\" \/>\n\t<meta property=\"og:image:type\" content=\"image\/jpeg\" \/>\n<meta name=\"twitter:card\" content=\"summary_large_image\" \/>\n<meta name=\"twitter:label1\" content=\"Szacowany czas czytania\" \/>\n\t<meta name=\"twitter:data1\" content=\"2 minuty\" \/>\n<script type=\"application\/ld+json\" class=\"yoast-schema-graph\">{\"@context\":\"https:\/\/schema.org\",\"@graph\":[{\"@type\":\"WebPage\",\"@id\":\"https:\/\/twchains.com\/product\/x18mm-reinforced\/\",\"url\":\"https:\/\/twchains.com\/product\/x18mm-reinforced\/\",\"name\":\"\u00d718mm REINFORCED - twchains\",\"isPartOf\":{\"@id\":\"https:\/\/twchains.com\/#website\"},\"primaryImageOfPage\":{\"@id\":\"https:\/\/twchains.com\/product\/x18mm-reinforced\/#primaryimage\"},\"image\":{\"@id\":\"https:\/\/twchains.com\/product\/x18mm-reinforced\/#primaryimage\"},\"thumbnailUrl\":\"https:\/\/twchains.com\/wp-content\/uploads\/2025\/04\/\u00d718-3.jpg\",\"datePublished\":\"2025-04-17T13:18:21+00:00\",\"dateModified\":\"2025-04-21T08:52:00+00:00\",\"breadcrumb\":{\"@id\":\"https:\/\/twchains.com\/product\/x18mm-reinforced\/#breadcrumb\"},\"inLanguage\":\"pl-PL\",\"potentialAction\":[{\"@type\":\"ReadAction\",\"target\":[\"https:\/\/twchains.com\/product\/x18mm-reinforced\/\"]}]},{\"@type\":\"ImageObject\",\"inLanguage\":\"pl-PL\",\"@id\":\"https:\/\/twchains.com\/product\/x18mm-reinforced\/#primaryimage\",\"url\":\"https:\/\/twchains.com\/wp-content\/uploads\/2025\/04\/\u00d718-3.jpg\",\"contentUrl\":\"https:\/\/twchains.com\/wp-content\/uploads\/2025\/04\/\u00d718-3.jpg\",\"width\":800,\"height\":800},{\"@type\":\"BreadcrumbList\",\"@id\":\"https:\/\/twchains.com\/product\/x18mm-reinforced\/#breadcrumb\",\"itemListElement\":[{\"@type\":\"ListItem\",\"position\":1,\"name\":\"Home\",\"item\":\"https:\/\/twchains.com\/\"},{\"@type\":\"ListItem\",\"position\":2,\"name\":\"Products\",\"item\":\"https:\/\/twchains.com\/products\/\"},{\"@type\":\"ListItem\",\"position\":3,\"name\":\"\u00d718mm REINFORCED\"}]},{\"@type\":\"WebSite\",\"@id\":\"https:\/\/twchains.com\/#website\",\"url\":\"https:\/\/twchains.com\/\",\"name\":\"twchains\",\"description\":\"\",\"publisher\":{\"@id\":\"https:\/\/twchains.com\/#organization\"},\"potentialAction\":[{\"@type\":\"SearchAction\",\"target\":{\"@type\":\"EntryPoint\",\"urlTemplate\":\"https:\/\/twchains.com\/?s={search_term_string}\"},\"query-input\":{\"@type\":\"PropertyValueSpecification\",\"valueRequired\":true,\"valueName\":\"search_term_string\"}}],\"inLanguage\":\"pl-PL\"},{\"@type\":\"Organization\",\"@id\":\"https:\/\/twchains.com\/#organization\",\"name\":\"twchains\",\"url\":\"https:\/\/twchains.com\/\",\"logo\":{\"@type\":\"ImageObject\",\"inLanguage\":\"pl-PL\",\"@id\":\"https:\/\/twchains.com\/#\/schema\/logo\/image\/\",\"url\":\"https:\/\/twchains.com\/wp-content\/uploads\/2025\/04\/tongwei-logo-100.svg\",\"contentUrl\":\"https:\/\/twchains.com\/wp-content\/uploads\/2025\/04\/tongwei-logo-100.svg\",\"width\":128,\"height\":100,\"caption\":\"twchains\"},\"image\":{\"@id\":\"https:\/\/twchains.com\/#\/schema\/logo\/image\/\"}}]}<\/script>\n<!-- \/ Yoast SEO plugin. -->","yoast_head_json":{"title":"\u00d718mm REINFORCED - twchains","robots":{"index":"index","follow":"follow","max-snippet":"max-snippet:-1","max-image-preview":"max-image-preview:large","max-video-preview":"max-video-preview:-1"},"canonical":"https:\/\/twchains.com\/pl\/produkt\/x18mm-reinforced\/","og_locale":"pl_PL","og_type":"article","og_title":"\u00d718mm REINFORCED - twchains","og_description":"Type \uff1a29.5r25 1150kg  The x18mm reinforced type have wider and thicker wear-resistant surface, main component dimension(W x H x L): 52x68x109mm,  Weight of 1 main component:1.25kg","og_url":"https:\/\/twchains.com\/pl\/produkt\/x18mm-reinforced\/","og_site_name":"twchains","article_modified_time":"2025-04-21T08:52:00+00:00","og_image":[{"width":800,"height":800,"url":"https:\/\/twchains.com\/wp-content\/uploads\/2025\/04\/\u00d718-3.jpg","type":"image\/jpeg"}],"twitter_card":"summary_large_image","twitter_misc":{"Szacowany czas czytania":"2 minuty"},"schema":{"@context":"https:\/\/schema.org","@graph":[{"@type":"WebPage","@id":"https:\/\/twchains.com\/product\/x18mm-reinforced\/","url":"https:\/\/twchains.com\/product\/x18mm-reinforced\/","name":"\u00d718mm REINFORCED - twchains","isPartOf":{"@id":"https:\/\/twchains.com\/#website"},"primaryImageOfPage":{"@id":"https:\/\/twchains.com\/product\/x18mm-reinforced\/#primaryimage"},"image":{"@id":"https:\/\/twchains.com\/product\/x18mm-reinforced\/#primaryimage"},"thumbnailUrl":"https:\/\/twchains.com\/wp-content\/uploads\/2025\/04\/\u00d718-3.jpg","datePublished":"2025-04-17T13:18:21+00:00","dateModified":"2025-04-21T08:52:00+00:00","breadcrumb":{"@id":"https:\/\/twchains.com\/product\/x18mm-reinforced\/#breadcrumb"},"inLanguage":"pl-PL","potentialAction":[{"@type":"ReadAction","target":["https:\/\/twchains.com\/product\/x18mm-reinforced\/"]}]},{"@type":"ImageObject","inLanguage":"pl-PL","@id":"https:\/\/twchains.com\/product\/x18mm-reinforced\/#primaryimage","url":"https:\/\/twchains.com\/wp-content\/uploads\/2025\/04\/\u00d718-3.jpg","contentUrl":"https:\/\/twchains.com\/wp-content\/uploads\/2025\/04\/\u00d718-3.jpg","width":800,"height":800},{"@type":"BreadcrumbList","@id":"https:\/\/twchains.com\/product\/x18mm-reinforced\/#breadcrumb","itemListElement":[{"@type":"ListItem","position":1,"name":"Home","item":"https:\/\/twchains.com\/"},{"@type":"ListItem","position":2,"name":"Products","item":"https:\/\/twchains.com\/products\/"},{"@type":"ListItem","position":3,"name":"\u00d718mm REINFORCED"}]},{"@type":"WebSite","@id":"https:\/\/twchains.com\/#website","url":"https:\/\/twchains.com\/","name":"twchains","description":"","publisher":{"@id":"https:\/\/twchains.com\/#organization"},"potentialAction":[{"@type":"SearchAction","target":{"@type":"EntryPoint","urlTemplate":"https:\/\/twchains.com\/?s={search_term_string}"},"query-input":{"@type":"PropertyValueSpecification","valueRequired":true,"valueName":"search_term_string"}}],"inLanguage":"pl-PL"},{"@type":"Organization","@id":"https:\/\/twchains.com\/#organization","name":"twchains","url":"https:\/\/twchains.com\/","logo":{"@type":"ImageObject","inLanguage":"pl-PL","@id":"https:\/\/twchains.com\/#\/schema\/logo\/image\/","url":"https:\/\/twchains.com\/wp-content\/uploads\/2025\/04\/tongwei-logo-100.svg","contentUrl":"https:\/\/twchains.com\/wp-content\/uploads\/2025\/04\/tongwei-logo-100.svg","width":128,"height":100,"caption":"twchains"},"image":{"@id":"https:\/\/twchains.com\/#\/schema\/logo\/image\/"}}]}},"_links":{"self":[{"href":"https:\/\/twchains.com\/pl\/wp-json\/wp\/v2\/product\/492","targetHints":{"allow":["GET"]}}],"collection":[{"href":"https:\/\/twchains.com\/pl\/wp-json\/wp\/v2\/product"}],"about":[{"href":"https:\/\/twchains.com\/pl\/wp-json\/wp\/v2\/types\/product"}],"wp:featuredmedia":[{"embeddable":true,"href":"https:\/\/twchains.com\/pl\/wp-json\/wp\/v2\/media\/493"}],"wp:attachment":[{"href":"https:\/\/twchains.com\/pl\/wp-json\/wp\/v2\/media?parent=492"}],"wp:term":[{"taxonomy":"product_brand","embeddable":true,"href":"https:\/\/twchains.com\/pl\/wp-json\/wp\/v2\/product_brand?post=492"},{"taxonomy":"product_cat","embeddable":true,"href":"https:\/\/twchains.com\/pl\/wp-json\/wp\/v2\/product_cat?post=492"},{"taxonomy":"product_tag","embeddable":true,"href":"https:\/\/twchains.com\/pl\/wp-json\/wp\/v2\/product_tag?post=492"}],"curies":[{"name":"wp","href":"https:\/\/api.w.org\/{rel}","templated":true}]}}