{"id":563,"date":"2025-04-21T08:45:52","date_gmt":"2025-04-21T08:45:52","guid":{"rendered":"https:\/\/twchains.com\/?post_type=product&#038;p=563"},"modified":"2025-04-21T08:45:52","modified_gmt":"2025-04-21T08:45:52","slug":"mesh-patterns-8x8-octagon","status":"publish","type":"product","link":"https:\/\/twchains.com\/pl\/produkt\/mesh-patterns-8x8-octagon\/","title":{"rendered":"WZORY SIATKI 8X8 O\u015aMIOK\u0104T"},"content":{"rendered":"","protected":false},"excerpt":{"rendered":"<ul>\n<li>O\u015bmiok\u0105tna siatka zapewnia doskona\u0142e w\u0142a\u015bciwo\u015bci trakcyjne. Ten wz\u00f3r siatki pozwala na szerokie obszary samooczyszczania i mo\u017ce by\u0107 u\u017cywany do zastosowa\u0144 o ni\u017cszym stopniu \u015bcierania.<\/li>\n<li>Posiadamy o\u015bmiok\u0105tne \u0142a\u0144cuchy \u015bniegowe 8\u00d78 o \u015brednicy pier\u015bcienia 13 mm, 16 mm, 18 mm, 22 mm.<\/li>\n<\/ul>","protected":false},"featured_media":564,"template":"","meta":{"inline_featured_image":false,"_kad_post_transparent":"default","_kad_post_title":"","_kad_post_layout":"default","_kad_post_sidebar_id":"","_kad_post_content_style":"default","_kad_post_vertical_padding":"default","_kad_post_feature":"","_kad_post_feature_position":"","_kad_post_header":false,"_kad_post_footer":false},"product_brand":[],"product_cat":[15,24],"product_tag":[],"class_list":{"0":"post-563","1":"product","2":"type-product","3":"status-publish","4":"has-post-thumbnail","6":"product_cat-tyre-protection-chain","7":"product_cat-anti-skid-tire-chains","9":"first","10":"instock","11":"shipping-taxable","12":"product-type-simple","13":"entry","14":"content-bg","15":"loop-entry"},"yoast_head":"<!-- This site is optimized with the Yoast SEO plugin v25.4 - https:\/\/yoast.com\/wordpress\/plugins\/seo\/ -->\n<title>MESH PATTERNS 8X8 OCTAGON - twchains<\/title>\n<meta name=\"robots\" content=\"index, follow, max-snippet:-1, max-image-preview:large, max-video-preview:-1\" \/>\n<link rel=\"canonical\" href=\"https:\/\/twchains.com\/pl\/produkt\/mesh-patterns-8x8-octagon\/\" \/>\n<meta property=\"og:locale\" content=\"pl_PL\" \/>\n<meta property=\"og:type\" content=\"article\" \/>\n<meta property=\"og:title\" content=\"MESH PATTERNS 8X8 OCTAGON - twchains\" \/>\n<meta property=\"og:description\" content=\"Octagon\u00a0mesh provides excellent traction characteristics. This mesh pattern allows for wide self-cleaning areas and can be used for lower abrasion applications.  We have 13mm, 16mm ,18mm ,22mm ring diameter types of 8x8\u00a0octagon traction snow chain.\" \/>\n<meta property=\"og:url\" content=\"https:\/\/twchains.com\/pl\/produkt\/mesh-patterns-8x8-octagon\/\" \/>\n<meta property=\"og:site_name\" content=\"twchains\" \/>\n<meta property=\"og:image\" content=\"https:\/\/twchains.com\/wp-content\/uploads\/2025\/04\/88.png\" \/>\n\t<meta property=\"og:image:width\" content=\"367\" \/>\n\t<meta property=\"og:image:height\" content=\"290\" \/>\n\t<meta property=\"og:image:type\" content=\"image\/png\" \/>\n<meta name=\"twitter:card\" content=\"summary_large_image\" \/>\n<meta name=\"twitter:label1\" content=\"Szacowany czas czytania\" \/>\n\t<meta name=\"twitter:data1\" content=\"1 minuta\" \/>\n<script type=\"application\/ld+json\" class=\"yoast-schema-graph\">{\"@context\":\"https:\/\/schema.org\",\"@graph\":[{\"@type\":\"WebPage\",\"@id\":\"https:\/\/twchains.com\/product\/mesh-patterns-8x8-octagon\/\",\"url\":\"https:\/\/twchains.com\/product\/mesh-patterns-8x8-octagon\/\",\"name\":\"MESH PATTERNS 8X8 OCTAGON - twchains\",\"isPartOf\":{\"@id\":\"https:\/\/twchains.com\/#website\"},\"primaryImageOfPage\":{\"@id\":\"https:\/\/twchains.com\/product\/mesh-patterns-8x8-octagon\/#primaryimage\"},\"image\":{\"@id\":\"https:\/\/twchains.com\/product\/mesh-patterns-8x8-octagon\/#primaryimage\"},\"thumbnailUrl\":\"https:\/\/twchains.com\/wp-content\/uploads\/2025\/04\/88.png\",\"datePublished\":\"2025-04-21T08:45:52+00:00\",\"breadcrumb\":{\"@id\":\"https:\/\/twchains.com\/product\/mesh-patterns-8x8-octagon\/#breadcrumb\"},\"inLanguage\":\"pl-PL\",\"potentialAction\":[{\"@type\":\"ReadAction\",\"target\":[\"https:\/\/twchains.com\/product\/mesh-patterns-8x8-octagon\/\"]}]},{\"@type\":\"ImageObject\",\"inLanguage\":\"pl-PL\",\"@id\":\"https:\/\/twchains.com\/product\/mesh-patterns-8x8-octagon\/#primaryimage\",\"url\":\"https:\/\/twchains.com\/wp-content\/uploads\/2025\/04\/88.png\",\"contentUrl\":\"https:\/\/twchains.com\/wp-content\/uploads\/2025\/04\/88.png\",\"width\":367,\"height\":290},{\"@type\":\"BreadcrumbList\",\"@id\":\"https:\/\/twchains.com\/product\/mesh-patterns-8x8-octagon\/#breadcrumb\",\"itemListElement\":[{\"@type\":\"ListItem\",\"position\":1,\"name\":\"Home\",\"item\":\"https:\/\/twchains.com\/\"},{\"@type\":\"ListItem\",\"position\":2,\"name\":\"Products\",\"item\":\"https:\/\/twchains.com\/products\/\"},{\"@type\":\"ListItem\",\"position\":3,\"name\":\"MESH PATTERNS 8X8 OCTAGON\"}]},{\"@type\":\"WebSite\",\"@id\":\"https:\/\/twchains.com\/#website\",\"url\":\"https:\/\/twchains.com\/\",\"name\":\"twchains\",\"description\":\"\",\"publisher\":{\"@id\":\"https:\/\/twchains.com\/#organization\"},\"potentialAction\":[{\"@type\":\"SearchAction\",\"target\":{\"@type\":\"EntryPoint\",\"urlTemplate\":\"https:\/\/twchains.com\/?s={search_term_string}\"},\"query-input\":{\"@type\":\"PropertyValueSpecification\",\"valueRequired\":true,\"valueName\":\"search_term_string\"}}],\"inLanguage\":\"pl-PL\"},{\"@type\":\"Organization\",\"@id\":\"https:\/\/twchains.com\/#organization\",\"name\":\"twchains\",\"url\":\"https:\/\/twchains.com\/\",\"logo\":{\"@type\":\"ImageObject\",\"inLanguage\":\"pl-PL\",\"@id\":\"https:\/\/twchains.com\/#\/schema\/logo\/image\/\",\"url\":\"https:\/\/twchains.com\/wp-content\/uploads\/2025\/04\/tongwei-logo-100.svg\",\"contentUrl\":\"https:\/\/twchains.com\/wp-content\/uploads\/2025\/04\/tongwei-logo-100.svg\",\"width\":128,\"height\":100,\"caption\":\"twchains\"},\"image\":{\"@id\":\"https:\/\/twchains.com\/#\/schema\/logo\/image\/\"}}]}<\/script>\n<!-- \/ Yoast SEO plugin. -->","yoast_head_json":{"title":"MESH PATTERNS 8X8 OCTAGON - twchains","robots":{"index":"index","follow":"follow","max-snippet":"max-snippet:-1","max-image-preview":"max-image-preview:large","max-video-preview":"max-video-preview:-1"},"canonical":"https:\/\/twchains.com\/pl\/produkt\/mesh-patterns-8x8-octagon\/","og_locale":"pl_PL","og_type":"article","og_title":"MESH PATTERNS 8X8 OCTAGON - twchains","og_description":"Octagon\u00a0mesh provides excellent traction characteristics. This mesh pattern allows for wide self-cleaning areas and can be used for lower abrasion applications.  We have 13mm, 16mm ,18mm ,22mm ring diameter types of 8x8\u00a0octagon traction snow chain.","og_url":"https:\/\/twchains.com\/pl\/produkt\/mesh-patterns-8x8-octagon\/","og_site_name":"twchains","og_image":[{"width":367,"height":290,"url":"https:\/\/twchains.com\/wp-content\/uploads\/2025\/04\/88.png","type":"image\/png"}],"twitter_card":"summary_large_image","twitter_misc":{"Szacowany czas czytania":"1 minuta"},"schema":{"@context":"https:\/\/schema.org","@graph":[{"@type":"WebPage","@id":"https:\/\/twchains.com\/product\/mesh-patterns-8x8-octagon\/","url":"https:\/\/twchains.com\/product\/mesh-patterns-8x8-octagon\/","name":"MESH PATTERNS 8X8 OCTAGON - twchains","isPartOf":{"@id":"https:\/\/twchains.com\/#website"},"primaryImageOfPage":{"@id":"https:\/\/twchains.com\/product\/mesh-patterns-8x8-octagon\/#primaryimage"},"image":{"@id":"https:\/\/twchains.com\/product\/mesh-patterns-8x8-octagon\/#primaryimage"},"thumbnailUrl":"https:\/\/twchains.com\/wp-content\/uploads\/2025\/04\/88.png","datePublished":"2025-04-21T08:45:52+00:00","breadcrumb":{"@id":"https:\/\/twchains.com\/product\/mesh-patterns-8x8-octagon\/#breadcrumb"},"inLanguage":"pl-PL","potentialAction":[{"@type":"ReadAction","target":["https:\/\/twchains.com\/product\/mesh-patterns-8x8-octagon\/"]}]},{"@type":"ImageObject","inLanguage":"pl-PL","@id":"https:\/\/twchains.com\/product\/mesh-patterns-8x8-octagon\/#primaryimage","url":"https:\/\/twchains.com\/wp-content\/uploads\/2025\/04\/88.png","contentUrl":"https:\/\/twchains.com\/wp-content\/uploads\/2025\/04\/88.png","width":367,"height":290},{"@type":"BreadcrumbList","@id":"https:\/\/twchains.com\/product\/mesh-patterns-8x8-octagon\/#breadcrumb","itemListElement":[{"@type":"ListItem","position":1,"name":"Home","item":"https:\/\/twchains.com\/"},{"@type":"ListItem","position":2,"name":"Products","item":"https:\/\/twchains.com\/products\/"},{"@type":"ListItem","position":3,"name":"MESH PATTERNS 8X8 OCTAGON"}]},{"@type":"WebSite","@id":"https:\/\/twchains.com\/#website","url":"https:\/\/twchains.com\/","name":"twchains","description":"","publisher":{"@id":"https:\/\/twchains.com\/#organization"},"potentialAction":[{"@type":"SearchAction","target":{"@type":"EntryPoint","urlTemplate":"https:\/\/twchains.com\/?s={search_term_string}"},"query-input":{"@type":"PropertyValueSpecification","valueRequired":true,"valueName":"search_term_string"}}],"inLanguage":"pl-PL"},{"@type":"Organization","@id":"https:\/\/twchains.com\/#organization","name":"twchains","url":"https:\/\/twchains.com\/","logo":{"@type":"ImageObject","inLanguage":"pl-PL","@id":"https:\/\/twchains.com\/#\/schema\/logo\/image\/","url":"https:\/\/twchains.com\/wp-content\/uploads\/2025\/04\/tongwei-logo-100.svg","contentUrl":"https:\/\/twchains.com\/wp-content\/uploads\/2025\/04\/tongwei-logo-100.svg","width":128,"height":100,"caption":"twchains"},"image":{"@id":"https:\/\/twchains.com\/#\/schema\/logo\/image\/"}}]}},"_links":{"self":[{"href":"https:\/\/twchains.com\/pl\/wp-json\/wp\/v2\/product\/563","targetHints":{"allow":["GET"]}}],"collection":[{"href":"https:\/\/twchains.com\/pl\/wp-json\/wp\/v2\/product"}],"about":[{"href":"https:\/\/twchains.com\/pl\/wp-json\/wp\/v2\/types\/product"}],"wp:featuredmedia":[{"embeddable":true,"href":"https:\/\/twchains.com\/pl\/wp-json\/wp\/v2\/media\/564"}],"wp:attachment":[{"href":"https:\/\/twchains.com\/pl\/wp-json\/wp\/v2\/media?parent=563"}],"wp:term":[{"taxonomy":"product_brand","embeddable":true,"href":"https:\/\/twchains.com\/pl\/wp-json\/wp\/v2\/product_brand?post=563"},{"taxonomy":"product_cat","embeddable":true,"href":"https:\/\/twchains.com\/pl\/wp-json\/wp\/v2\/product_cat?post=563"},{"taxonomy":"product_tag","embeddable":true,"href":"https:\/\/twchains.com\/pl\/wp-json\/wp\/v2\/product_tag?post=563"}],"curies":[{"name":"wp","href":"https:\/\/api.w.org\/{rel}","templated":true}]}}