{"id":591,"date":"2025-04-24T07:34:21","date_gmt":"2025-04-24T07:34:21","guid":{"rendered":"https:\/\/twchains.com\/?post_type=product&#038;p=591"},"modified":"2025-04-24T08:26:34","modified_gmt":"2025-04-24T08:26:34","slug":"x18mm-29-5r25-26-5r25-repair-link-of-tyre-protection-chain","status":"publish","type":"product","link":"https:\/\/twchains.com\/pl\/produkt\/x18mm-29-5r25-26-5r25-repair-link-of-tyre-protection-chain\/","title":{"rendered":"\u00d718mm Plus 29.5r25 26.5r25 Ogniwo naprawcze \u0142a\u0144cucha zabezpieczaj\u0105cego opon\u0119"},"content":{"rendered":"<p>Sprz\u0105czka \u0142a\u0144cucha sworzniowego jest najcz\u0119\u015bciej u\u017cywanym akcesorium do konserwacji \u0142a\u0144cuch\u00f3w ochronnych opon g\u00f3rniczych, wykonanym ze stali stopowej o wysokiej wytrzyma\u0142o\u015bci, ma nast\u0119puj\u0105ce cechy:<\/p>\n<ul>\n<li>Konstrukcja strukturalna: zwykle sk\u0142ada si\u0119 z ogniw \u0142a\u0144cucha w kszta\u0142cie litery U i od\u0142\u0105czanych sworzni, przy czym jeden koniec sworznia ma sta\u0142y otw\u00f3r, kt\u00f3ry mo\u017cna zamocowa\u0107 za pomoc\u0105 zawleczki lub zawleczki spr\u0119\u017cynowej.<\/li>\n<li>Funkcja: S\u0142u\u017cy do \u0142\u0105czenia obu ko\u0144c\u00f3w zerwanego \u0142a\u0144cucha lub wymiany uszkodzonych ogniw, zachowuj\u0105c integralno\u015b\u0107 \u0142a\u0144cucha<\/li>\n<li>Metoda instalacji: W\u0142o\u017cy\u0107 klamr\u0119 w kszta\u0142cie litery U do dw\u00f3ch ko\u0144cowych ogniw \u0142a\u0144cucha, kt\u00f3re nale\u017cy po\u0142\u0105czy\u0107, w\u0142o\u017cy\u0107 sworze\u0144 i zablokowa\u0107 sworzniem mocuj\u0105cym<\/li>\n<li>Zalety i cechy: \u0141atwa instalacja, nie wymaga specjalnych narz\u0119dzi, du\u017ca no\u015bno\u015b\u0107, zdolna wytrzyma\u0107 ogromn\u0105 si\u0142\u0119 ci\u0105gn\u0105c\u0105 podczas pracy \u0142adowarki<\/li>\n<li>Scenariusz zastosowania: Nadaje si\u0119 do konserwacji, gdy \u015brodkowa cz\u0119\u015b\u0107 \u0142a\u0144cucha p\u0119ka lub gdy potrzebne s\u0105 dodatkowe ogniwa<\/li>\n<\/ul>\n<p>1TP5\u0141a\u0144cuch trakcyjny1TP5\u0141a\u0144cuch \u015bniegowy1TP5\u0141a\u0144cuch oponowy1TP5\u0141a\u0144cuch otwarty1TP5\u0141a\u0144cuch \u015bniegowy1TP5\u0141a\u0144cuch za\u0142adunkowy1TP5\u0141a\u0144cuch naprawczy1TP5\u0141a\u0144cuch przeciwprzeci\u0105\u017ceniowy1TP5\u0141a\u0144cuch oponowy1TP5\u0141a\u0144cuch wzmocniony<\/p>\n<p>&nbsp;<\/p>","protected":false},"excerpt":{"rendered":"<ul>\n<li>Zapi\u0119cie \u0142a\u0144cuszkowe\uff1b<\/li>\n<li>Wygodnie i szybko;<\/li>\n<li>Wysoka wytrzyma\u0142o\u015b\u0107 na obci\u0105\u017cenia;<\/li>\n<li>Odporno\u015b\u0107 na zu\u017cycie;<\/li>\n<li>Niezawodno\u015b\u0107;<\/li>\n<li>Obr\u00f3bka cieplna<\/li>\n<li>Easy C Locks<\/li>\n<li>Odpowiedni zakres: 12 mm, 13 mm, 14 mm, 16 mm, 18 mm, 20 mm, 22 mm Specyfikacja \u0141a\u0144cuch ochronny do opon<\/li>\n<\/ul>","protected":false},"featured_media":592,"template":"","meta":{"inline_featured_image":false,"_kad_post_transparent":"default","_kad_post_title":"","_kad_post_layout":"default","_kad_post_sidebar_id":"","_kad_post_content_style":"default","_kad_post_vertical_padding":"default","_kad_post_feature":"","_kad_post_feature_position":"","_kad_post_header":false,"_kad_post_footer":false},"product_brand":[],"product_cat":[23],"product_tag":[],"class_list":{"0":"post-591","1":"product","2":"type-product","3":"status-publish","4":"has-post-thumbnail","6":"product_cat-accessories","8":"first","9":"instock","10":"shipping-taxable","11":"product-type-simple","12":"entry","13":"content-bg","14":"loop-entry"},"yoast_head":"<!-- This site is optimized with the Yoast SEO plugin v25.4 - https:\/\/yoast.com\/wordpress\/plugins\/seo\/ -->\n<title>\u00d718mm Plus 29.5r25 26.5r25 Repair Link of Tyre Protection Chain - twchains<\/title>\n<meta name=\"robots\" content=\"index, follow, max-snippet:-1, max-image-preview:large, max-video-preview:-1\" \/>\n<link rel=\"canonical\" href=\"https:\/\/twchains.com\/pl\/produkt\/x18mm-29-5r25-26-5r25-repair-link-of-tyre-protection-chain\/\" \/>\n<meta property=\"og:locale\" content=\"pl_PL\" \/>\n<meta property=\"og:type\" content=\"article\" \/>\n<meta property=\"og:title\" content=\"\u00d718mm Plus 29.5r25 26.5r25 Repair Link of Tyre Protection Chain - twchains\" \/>\n<meta property=\"og:description\" content=\"Pin Chain Buckle\uff1b  Convenient and Fast;  High Strength Load-Bearing Capacity;  Wear-Resisting;  Reliable;  Heat Treatment  Easy C Locks  Suitable Range:12mm, 13mm, 14mm, 16mm, 18mm, 20mm, 22mm Specification Tyre Protection Chain\" \/>\n<meta property=\"og:url\" content=\"https:\/\/twchains.com\/pl\/produkt\/x18mm-29-5r25-26-5r25-repair-link-of-tyre-protection-chain\/\" \/>\n<meta property=\"og:site_name\" content=\"twchains\" \/>\n<meta property=\"article:modified_time\" content=\"2025-04-24T08:26:34+00:00\" \/>\n<meta property=\"og:image\" content=\"https:\/\/twchains.com\/wp-content\/uploads\/2025\/04\/repair-parts-for-tire-chains.jpg\" \/>\n\t<meta property=\"og:image:width\" content=\"768\" \/>\n\t<meta property=\"og:image:height\" content=\"1024\" \/>\n\t<meta property=\"og:image:type\" content=\"image\/jpeg\" \/>\n<meta name=\"twitter:card\" content=\"summary_large_image\" \/>\n<meta name=\"twitter:label1\" content=\"Szacowany czas czytania\" \/>\n\t<meta name=\"twitter:data1\" content=\"1 minuta\" \/>\n<script type=\"application\/ld+json\" class=\"yoast-schema-graph\">{\"@context\":\"https:\/\/schema.org\",\"@graph\":[{\"@type\":\"WebPage\",\"@id\":\"https:\/\/twchains.com\/product\/x18mm-29-5r25-26-5r25-repair-link-of-tyre-protection-chain\/\",\"url\":\"https:\/\/twchains.com\/product\/x18mm-29-5r25-26-5r25-repair-link-of-tyre-protection-chain\/\",\"name\":\"\u00d718mm Plus 29.5r25 26.5r25 Repair Link of Tyre Protection Chain - twchains\",\"isPartOf\":{\"@id\":\"https:\/\/twchains.com\/#website\"},\"primaryImageOfPage\":{\"@id\":\"https:\/\/twchains.com\/product\/x18mm-29-5r25-26-5r25-repair-link-of-tyre-protection-chain\/#primaryimage\"},\"image\":{\"@id\":\"https:\/\/twchains.com\/product\/x18mm-29-5r25-26-5r25-repair-link-of-tyre-protection-chain\/#primaryimage\"},\"thumbnailUrl\":\"https:\/\/twchains.com\/wp-content\/uploads\/2025\/04\/repair-parts-for-tire-chains.jpg\",\"datePublished\":\"2025-04-24T07:34:21+00:00\",\"dateModified\":\"2025-04-24T08:26:34+00:00\",\"breadcrumb\":{\"@id\":\"https:\/\/twchains.com\/product\/x18mm-29-5r25-26-5r25-repair-link-of-tyre-protection-chain\/#breadcrumb\"},\"inLanguage\":\"pl-PL\",\"potentialAction\":[{\"@type\":\"ReadAction\",\"target\":[\"https:\/\/twchains.com\/product\/x18mm-29-5r25-26-5r25-repair-link-of-tyre-protection-chain\/\"]}]},{\"@type\":\"ImageObject\",\"inLanguage\":\"pl-PL\",\"@id\":\"https:\/\/twchains.com\/product\/x18mm-29-5r25-26-5r25-repair-link-of-tyre-protection-chain\/#primaryimage\",\"url\":\"https:\/\/twchains.com\/wp-content\/uploads\/2025\/04\/repair-parts-for-tire-chains.jpg\",\"contentUrl\":\"https:\/\/twchains.com\/wp-content\/uploads\/2025\/04\/repair-parts-for-tire-chains.jpg\",\"width\":768,\"height\":1024},{\"@type\":\"BreadcrumbList\",\"@id\":\"https:\/\/twchains.com\/product\/x18mm-29-5r25-26-5r25-repair-link-of-tyre-protection-chain\/#breadcrumb\",\"itemListElement\":[{\"@type\":\"ListItem\",\"position\":1,\"name\":\"Home\",\"item\":\"https:\/\/twchains.com\/\"},{\"@type\":\"ListItem\",\"position\":2,\"name\":\"Products\",\"item\":\"https:\/\/twchains.com\/products\/\"},{\"@type\":\"ListItem\",\"position\":3,\"name\":\"\u00d718mm Plus 29.5r25 26.5r25 Repair Link of Tyre Protection Chain\"}]},{\"@type\":\"WebSite\",\"@id\":\"https:\/\/twchains.com\/#website\",\"url\":\"https:\/\/twchains.com\/\",\"name\":\"twchains\",\"description\":\"\",\"publisher\":{\"@id\":\"https:\/\/twchains.com\/#organization\"},\"potentialAction\":[{\"@type\":\"SearchAction\",\"target\":{\"@type\":\"EntryPoint\",\"urlTemplate\":\"https:\/\/twchains.com\/?s={search_term_string}\"},\"query-input\":{\"@type\":\"PropertyValueSpecification\",\"valueRequired\":true,\"valueName\":\"search_term_string\"}}],\"inLanguage\":\"pl-PL\"},{\"@type\":\"Organization\",\"@id\":\"https:\/\/twchains.com\/#organization\",\"name\":\"twchains\",\"url\":\"https:\/\/twchains.com\/\",\"logo\":{\"@type\":\"ImageObject\",\"inLanguage\":\"pl-PL\",\"@id\":\"https:\/\/twchains.com\/#\/schema\/logo\/image\/\",\"url\":\"https:\/\/twchains.com\/wp-content\/uploads\/2025\/04\/tongwei-logo-100.svg\",\"contentUrl\":\"https:\/\/twchains.com\/wp-content\/uploads\/2025\/04\/tongwei-logo-100.svg\",\"width\":128,\"height\":100,\"caption\":\"twchains\"},\"image\":{\"@id\":\"https:\/\/twchains.com\/#\/schema\/logo\/image\/\"}}]}<\/script>\n<!-- \/ Yoast SEO plugin. -->","yoast_head_json":{"title":"\u00d718mm Plus 29.5r25 26.5r25 Repair Link of Tyre Protection Chain - twchains","robots":{"index":"index","follow":"follow","max-snippet":"max-snippet:-1","max-image-preview":"max-image-preview:large","max-video-preview":"max-video-preview:-1"},"canonical":"https:\/\/twchains.com\/pl\/produkt\/x18mm-29-5r25-26-5r25-repair-link-of-tyre-protection-chain\/","og_locale":"pl_PL","og_type":"article","og_title":"\u00d718mm Plus 29.5r25 26.5r25 Repair Link of Tyre Protection Chain - twchains","og_description":"Pin Chain Buckle\uff1b  Convenient and Fast;  High Strength Load-Bearing Capacity;  Wear-Resisting;  Reliable;  Heat Treatment  Easy C Locks  Suitable Range:12mm, 13mm, 14mm, 16mm, 18mm, 20mm, 22mm Specification Tyre Protection Chain","og_url":"https:\/\/twchains.com\/pl\/produkt\/x18mm-29-5r25-26-5r25-repair-link-of-tyre-protection-chain\/","og_site_name":"twchains","article_modified_time":"2025-04-24T08:26:34+00:00","og_image":[{"width":768,"height":1024,"url":"https:\/\/twchains.com\/wp-content\/uploads\/2025\/04\/repair-parts-for-tire-chains.jpg","type":"image\/jpeg"}],"twitter_card":"summary_large_image","twitter_misc":{"Szacowany czas czytania":"1 minuta"},"schema":{"@context":"https:\/\/schema.org","@graph":[{"@type":"WebPage","@id":"https:\/\/twchains.com\/product\/x18mm-29-5r25-26-5r25-repair-link-of-tyre-protection-chain\/","url":"https:\/\/twchains.com\/product\/x18mm-29-5r25-26-5r25-repair-link-of-tyre-protection-chain\/","name":"\u00d718mm Plus 29.5r25 26.5r25 Repair Link of Tyre Protection Chain - twchains","isPartOf":{"@id":"https:\/\/twchains.com\/#website"},"primaryImageOfPage":{"@id":"https:\/\/twchains.com\/product\/x18mm-29-5r25-26-5r25-repair-link-of-tyre-protection-chain\/#primaryimage"},"image":{"@id":"https:\/\/twchains.com\/product\/x18mm-29-5r25-26-5r25-repair-link-of-tyre-protection-chain\/#primaryimage"},"thumbnailUrl":"https:\/\/twchains.com\/wp-content\/uploads\/2025\/04\/repair-parts-for-tire-chains.jpg","datePublished":"2025-04-24T07:34:21+00:00","dateModified":"2025-04-24T08:26:34+00:00","breadcrumb":{"@id":"https:\/\/twchains.com\/product\/x18mm-29-5r25-26-5r25-repair-link-of-tyre-protection-chain\/#breadcrumb"},"inLanguage":"pl-PL","potentialAction":[{"@type":"ReadAction","target":["https:\/\/twchains.com\/product\/x18mm-29-5r25-26-5r25-repair-link-of-tyre-protection-chain\/"]}]},{"@type":"ImageObject","inLanguage":"pl-PL","@id":"https:\/\/twchains.com\/product\/x18mm-29-5r25-26-5r25-repair-link-of-tyre-protection-chain\/#primaryimage","url":"https:\/\/twchains.com\/wp-content\/uploads\/2025\/04\/repair-parts-for-tire-chains.jpg","contentUrl":"https:\/\/twchains.com\/wp-content\/uploads\/2025\/04\/repair-parts-for-tire-chains.jpg","width":768,"height":1024},{"@type":"BreadcrumbList","@id":"https:\/\/twchains.com\/product\/x18mm-29-5r25-26-5r25-repair-link-of-tyre-protection-chain\/#breadcrumb","itemListElement":[{"@type":"ListItem","position":1,"name":"Home","item":"https:\/\/twchains.com\/"},{"@type":"ListItem","position":2,"name":"Products","item":"https:\/\/twchains.com\/products\/"},{"@type":"ListItem","position":3,"name":"\u00d718mm Plus 29.5r25 26.5r25 Repair Link of Tyre Protection Chain"}]},{"@type":"WebSite","@id":"https:\/\/twchains.com\/#website","url":"https:\/\/twchains.com\/","name":"twchains","description":"","publisher":{"@id":"https:\/\/twchains.com\/#organization"},"potentialAction":[{"@type":"SearchAction","target":{"@type":"EntryPoint","urlTemplate":"https:\/\/twchains.com\/?s={search_term_string}"},"query-input":{"@type":"PropertyValueSpecification","valueRequired":true,"valueName":"search_term_string"}}],"inLanguage":"pl-PL"},{"@type":"Organization","@id":"https:\/\/twchains.com\/#organization","name":"twchains","url":"https:\/\/twchains.com\/","logo":{"@type":"ImageObject","inLanguage":"pl-PL","@id":"https:\/\/twchains.com\/#\/schema\/logo\/image\/","url":"https:\/\/twchains.com\/wp-content\/uploads\/2025\/04\/tongwei-logo-100.svg","contentUrl":"https:\/\/twchains.com\/wp-content\/uploads\/2025\/04\/tongwei-logo-100.svg","width":128,"height":100,"caption":"twchains"},"image":{"@id":"https:\/\/twchains.com\/#\/schema\/logo\/image\/"}}]}},"_links":{"self":[{"href":"https:\/\/twchains.com\/pl\/wp-json\/wp\/v2\/product\/591","targetHints":{"allow":["GET"]}}],"collection":[{"href":"https:\/\/twchains.com\/pl\/wp-json\/wp\/v2\/product"}],"about":[{"href":"https:\/\/twchains.com\/pl\/wp-json\/wp\/v2\/types\/product"}],"wp:featuredmedia":[{"embeddable":true,"href":"https:\/\/twchains.com\/pl\/wp-json\/wp\/v2\/media\/592"}],"wp:attachment":[{"href":"https:\/\/twchains.com\/pl\/wp-json\/wp\/v2\/media?parent=591"}],"wp:term":[{"taxonomy":"product_brand","embeddable":true,"href":"https:\/\/twchains.com\/pl\/wp-json\/wp\/v2\/product_brand?post=591"},{"taxonomy":"product_cat","embeddable":true,"href":"https:\/\/twchains.com\/pl\/wp-json\/wp\/v2\/product_cat?post=591"},{"taxonomy":"product_tag","embeddable":true,"href":"https:\/\/twchains.com\/pl\/wp-json\/wp\/v2\/product_tag?post=591"}],"curies":[{"name":"wp","href":"https:\/\/api.w.org\/{rel}","templated":true}]}}