{"id":603,"date":"2025-04-24T08:46:01","date_gmt":"2025-04-24T08:46:01","guid":{"rendered":"https:\/\/twchains.com\/?post_type=product&#038;p=603"},"modified":"2025-04-24T08:46:01","modified_gmt":"2025-04-24T08:46:01","slug":"16mm-protective-chain-accessories-for-cat-loader-29-5-25-1800-25","status":"publish","type":"product","link":"https:\/\/twchains.com\/pl\/produkt\/16mm-protective-chain-accessories-for-cat-loader-29-5-25-1800-25\/","title":{"rendered":"\u0141a\u0144cuch ochronny 16 mm Akcesoria do \u0142adowarki CAT 29,5-25 1800-25"},"content":{"rendered":"<p>Pier\u015bcie\u0144 osadczy jest podstawowym elementem \u0142\u0105cz\u0105cym w systemie \u0142a\u0144cucha ochronnego i odgrywa wa\u017cn\u0105 rol\u0119 w konserwacji:<\/p>\n<ul>\n<li>Specyfikacja materia\u0142owa: Wykonane z odpornej na \u015bcieranie odkuwki ze stali stopowej (takiej samej jak w przypadku \u0142a\u0144cucha ochronnego), o \u015brednicy zazwyczaj w zakresie 12-22 mm, dopasowanej do specyfikacji \u0142a\u0144cucha<\/li>\n<li>Funkcja naprawy: u\u017cywana do wymiany uszkodzonych ogniw \u0142a\u0144cucha lub konstruowania nowych w\u0119z\u0142\u00f3w \u0142\u0105cz\u0105cych.<\/li>\n<li>Wymagania procesowe: Obr\u00f3bka cieplna jest wymagana w celu poprawy twardo\u015bci i wytrzyma\u0142o\u015bci, a powierzchnia powinna by\u0107 g\u0142adka, aby zmniejszy\u0107 tarcie o opon\u0119<\/li>\n<li>Kluczowe wskaz\u00f3wki dotycz\u0105ce u\u017cytkowania: Podczas wymiany nale\u017cy upewni\u0107 si\u0119, \u017ce luz mi\u0119dzy pier\u015bcieniem okr\u0105g\u0142ym a s\u0105siednimi ogniwami \u0142a\u0144cucha jest odpowiedni, aby unikn\u0105\u0107 zbyt ciasnego lub zbyt lu\u017anego \u0142a\u0144cucha<\/li>\n<li>Wymagania jako\u015bciowe: Nie mo\u017ce by\u0107 \u017cadnych p\u0119kni\u0119\u0107 ani zadzior\u00f3w, a no\u015bno\u015b\u0107 musi osi\u0105gn\u0105\u0107 120% lub wi\u0119cej oryginalnego standardu \u0142a\u0144cucha<\/li>\n<\/ul>\n<p>#repairlink#quicklink#quaickring#chains#quarrychains#miningchains#tyreprotectivechain#protectorchain#loaderprotector<\/p>","protected":false},"excerpt":{"rendered":"<ul>\n<li>Z\u0142\u0105cze okr\u0105g\u0142e<\/li>\n<li>Wymagania jako\u015bciowe<\/li>\n<li>Wymagana jest obr\u00f3bka cieplna i hartowanie<\/li>\n<li>Kute matrycowo<\/li>\n<li>Odpowiedni zakres: 12 mm, 13 mm, 14 mm, 16 mm, 18 mm, 20 mm, 22 mm itp. Specyfikacja \u0141a\u0144cuchy do opon trakcyjnych<\/li>\n<li><span data-slate-fragment=\"JTVCJTdCJTIydHlwZSUyMiUzQSUyMnBhcmFncmFwaCUyMiUyQyUyMmNoaWxkcmVuJTIyJTNBJTVCJTdCJTIyaWQlMjIlM0ElMjJ2eHdXdjJuMTV6JTIyJTJDJTIycGFyYUlkeCUyMiUzQTAlMkMlMjJzcmMlMjIlM0ElMjJzZW1pZmluaXNoZWQlMjBtYXRlcmlhbCUyMiUyQyUyMmRzdCUyMiUzQSUyMiVFNSU4RSU5RiVFNiU5RCU5MCVFNiU5NiU5OSUyMiUyQyUyMm1ldGFkYXRhJTIyJTNBJTIyJTIyJTJDJTIybWF0Y2hlcyUyMiUzQW51bGwlMkMlMjJtZXRhRGF0YSUyMiUzQSU1QiU1RCUyQyUyMnRleHQlMjIlM0ElMjJzZW1pZmluaXNoZWQlMjBtYXRlcmlhbCUyMiU3RCU1RCU3RCU1RA==\">Wysokiej jako\u015bci p\u00f3\u0142produkty<\/span><\/li>\n<\/ul>","protected":false},"featured_media":604,"template":"","meta":{"inline_featured_image":false,"_kad_post_transparent":"default","_kad_post_title":"","_kad_post_layout":"default","_kad_post_sidebar_id":"","_kad_post_content_style":"default","_kad_post_vertical_padding":"default","_kad_post_feature":"","_kad_post_feature_position":"","_kad_post_header":false,"_kad_post_footer":false},"product_brand":[],"product_cat":[23],"product_tag":[],"class_list":{"0":"post-603","1":"product","2":"type-product","3":"status-publish","4":"has-post-thumbnail","6":"product_cat-accessories","8":"first","9":"instock","10":"shipping-taxable","11":"product-type-simple","12":"entry","13":"content-bg","14":"loop-entry"},"yoast_head":"<!-- This site is optimized with the Yoast SEO plugin v25.4 - https:\/\/yoast.com\/wordpress\/plugins\/seo\/ -->\n<title>16mm Protective Chain Accessories for CAT Loader 29.5-25 1800-25 - twchains<\/title>\n<meta name=\"robots\" content=\"index, follow, max-snippet:-1, max-image-preview:large, max-video-preview:-1\" \/>\n<link rel=\"canonical\" href=\"https:\/\/twchains.com\/pl\/produkt\/16mm-protective-chain-accessories-for-cat-loader-29-5-25-1800-25\/\" \/>\n<meta property=\"og:locale\" content=\"pl_PL\" \/>\n<meta property=\"og:type\" content=\"article\" \/>\n<meta property=\"og:title\" content=\"16mm Protective Chain Accessories for CAT Loader 29.5-25 1800-25 - twchains\" \/>\n<meta property=\"og:description\" content=\"Circular Connector  Quality Requirements  Heat treatment &amp; Quench Are Required  Drop Forged  Suitable Range:12mm, 13mm, 14mm, 16mm, 18mm, 20mm, 22mm Etc Specification Traction Tyre Chains  Quality Semifinished Material\" \/>\n<meta property=\"og:url\" content=\"https:\/\/twchains.com\/pl\/produkt\/16mm-protective-chain-accessories-for-cat-loader-29-5-25-1800-25\/\" \/>\n<meta property=\"og:site_name\" content=\"twchains\" \/>\n<meta property=\"og:image\" content=\"https:\/\/twchains.com\/wp-content\/uploads\/2025\/04\/77.jpg\" \/>\n\t<meta property=\"og:image:width\" content=\"1080\" \/>\n\t<meta property=\"og:image:height\" content=\"1080\" \/>\n\t<meta property=\"og:image:type\" content=\"image\/jpeg\" \/>\n<meta name=\"twitter:card\" content=\"summary_large_image\" \/>\n<meta name=\"twitter:label1\" content=\"Szacowany czas czytania\" \/>\n\t<meta name=\"twitter:data1\" content=\"1 minuta\" \/>\n<script type=\"application\/ld+json\" class=\"yoast-schema-graph\">{\"@context\":\"https:\/\/schema.org\",\"@graph\":[{\"@type\":\"WebPage\",\"@id\":\"https:\/\/twchains.com\/product\/16mm-protective-chain-accessories-for-cat-loader-29-5-25-1800-25\/\",\"url\":\"https:\/\/twchains.com\/product\/16mm-protective-chain-accessories-for-cat-loader-29-5-25-1800-25\/\",\"name\":\"16mm Protective Chain Accessories for CAT Loader 29.5-25 1800-25 - twchains\",\"isPartOf\":{\"@id\":\"https:\/\/twchains.com\/#website\"},\"primaryImageOfPage\":{\"@id\":\"https:\/\/twchains.com\/product\/16mm-protective-chain-accessories-for-cat-loader-29-5-25-1800-25\/#primaryimage\"},\"image\":{\"@id\":\"https:\/\/twchains.com\/product\/16mm-protective-chain-accessories-for-cat-loader-29-5-25-1800-25\/#primaryimage\"},\"thumbnailUrl\":\"https:\/\/twchains.com\/wp-content\/uploads\/2025\/04\/77.jpg\",\"datePublished\":\"2025-04-24T08:46:01+00:00\",\"breadcrumb\":{\"@id\":\"https:\/\/twchains.com\/product\/16mm-protective-chain-accessories-for-cat-loader-29-5-25-1800-25\/#breadcrumb\"},\"inLanguage\":\"pl-PL\",\"potentialAction\":[{\"@type\":\"ReadAction\",\"target\":[\"https:\/\/twchains.com\/product\/16mm-protective-chain-accessories-for-cat-loader-29-5-25-1800-25\/\"]}]},{\"@type\":\"ImageObject\",\"inLanguage\":\"pl-PL\",\"@id\":\"https:\/\/twchains.com\/product\/16mm-protective-chain-accessories-for-cat-loader-29-5-25-1800-25\/#primaryimage\",\"url\":\"https:\/\/twchains.com\/wp-content\/uploads\/2025\/04\/77.jpg\",\"contentUrl\":\"https:\/\/twchains.com\/wp-content\/uploads\/2025\/04\/77.jpg\",\"width\":1080,\"height\":1080},{\"@type\":\"BreadcrumbList\",\"@id\":\"https:\/\/twchains.com\/product\/16mm-protective-chain-accessories-for-cat-loader-29-5-25-1800-25\/#breadcrumb\",\"itemListElement\":[{\"@type\":\"ListItem\",\"position\":1,\"name\":\"Home\",\"item\":\"https:\/\/twchains.com\/\"},{\"@type\":\"ListItem\",\"position\":2,\"name\":\"Products\",\"item\":\"https:\/\/twchains.com\/products\/\"},{\"@type\":\"ListItem\",\"position\":3,\"name\":\"16mm Protective Chain Accessories for CAT Loader 29.5-25 1800-25\"}]},{\"@type\":\"WebSite\",\"@id\":\"https:\/\/twchains.com\/#website\",\"url\":\"https:\/\/twchains.com\/\",\"name\":\"twchains\",\"description\":\"\",\"publisher\":{\"@id\":\"https:\/\/twchains.com\/#organization\"},\"potentialAction\":[{\"@type\":\"SearchAction\",\"target\":{\"@type\":\"EntryPoint\",\"urlTemplate\":\"https:\/\/twchains.com\/?s={search_term_string}\"},\"query-input\":{\"@type\":\"PropertyValueSpecification\",\"valueRequired\":true,\"valueName\":\"search_term_string\"}}],\"inLanguage\":\"pl-PL\"},{\"@type\":\"Organization\",\"@id\":\"https:\/\/twchains.com\/#organization\",\"name\":\"twchains\",\"url\":\"https:\/\/twchains.com\/\",\"logo\":{\"@type\":\"ImageObject\",\"inLanguage\":\"pl-PL\",\"@id\":\"https:\/\/twchains.com\/#\/schema\/logo\/image\/\",\"url\":\"https:\/\/twchains.com\/wp-content\/uploads\/2025\/04\/tongwei-logo-100.svg\",\"contentUrl\":\"https:\/\/twchains.com\/wp-content\/uploads\/2025\/04\/tongwei-logo-100.svg\",\"width\":128,\"height\":100,\"caption\":\"twchains\"},\"image\":{\"@id\":\"https:\/\/twchains.com\/#\/schema\/logo\/image\/\"}}]}<\/script>\n<!-- \/ Yoast SEO plugin. -->","yoast_head_json":{"title":"16mm Protective Chain Accessories for CAT Loader 29.5-25 1800-25 - twchains","robots":{"index":"index","follow":"follow","max-snippet":"max-snippet:-1","max-image-preview":"max-image-preview:large","max-video-preview":"max-video-preview:-1"},"canonical":"https:\/\/twchains.com\/pl\/produkt\/16mm-protective-chain-accessories-for-cat-loader-29-5-25-1800-25\/","og_locale":"pl_PL","og_type":"article","og_title":"16mm Protective Chain Accessories for CAT Loader 29.5-25 1800-25 - twchains","og_description":"Circular Connector  Quality Requirements  Heat treatment &amp; Quench Are Required  Drop Forged  Suitable Range:12mm, 13mm, 14mm, 16mm, 18mm, 20mm, 22mm Etc Specification Traction Tyre Chains  Quality Semifinished Material","og_url":"https:\/\/twchains.com\/pl\/produkt\/16mm-protective-chain-accessories-for-cat-loader-29-5-25-1800-25\/","og_site_name":"twchains","og_image":[{"width":1080,"height":1080,"url":"https:\/\/twchains.com\/wp-content\/uploads\/2025\/04\/77.jpg","type":"image\/jpeg"}],"twitter_card":"summary_large_image","twitter_misc":{"Szacowany czas czytania":"1 minuta"},"schema":{"@context":"https:\/\/schema.org","@graph":[{"@type":"WebPage","@id":"https:\/\/twchains.com\/product\/16mm-protective-chain-accessories-for-cat-loader-29-5-25-1800-25\/","url":"https:\/\/twchains.com\/product\/16mm-protective-chain-accessories-for-cat-loader-29-5-25-1800-25\/","name":"16mm Protective Chain Accessories for CAT Loader 29.5-25 1800-25 - twchains","isPartOf":{"@id":"https:\/\/twchains.com\/#website"},"primaryImageOfPage":{"@id":"https:\/\/twchains.com\/product\/16mm-protective-chain-accessories-for-cat-loader-29-5-25-1800-25\/#primaryimage"},"image":{"@id":"https:\/\/twchains.com\/product\/16mm-protective-chain-accessories-for-cat-loader-29-5-25-1800-25\/#primaryimage"},"thumbnailUrl":"https:\/\/twchains.com\/wp-content\/uploads\/2025\/04\/77.jpg","datePublished":"2025-04-24T08:46:01+00:00","breadcrumb":{"@id":"https:\/\/twchains.com\/product\/16mm-protective-chain-accessories-for-cat-loader-29-5-25-1800-25\/#breadcrumb"},"inLanguage":"pl-PL","potentialAction":[{"@type":"ReadAction","target":["https:\/\/twchains.com\/product\/16mm-protective-chain-accessories-for-cat-loader-29-5-25-1800-25\/"]}]},{"@type":"ImageObject","inLanguage":"pl-PL","@id":"https:\/\/twchains.com\/product\/16mm-protective-chain-accessories-for-cat-loader-29-5-25-1800-25\/#primaryimage","url":"https:\/\/twchains.com\/wp-content\/uploads\/2025\/04\/77.jpg","contentUrl":"https:\/\/twchains.com\/wp-content\/uploads\/2025\/04\/77.jpg","width":1080,"height":1080},{"@type":"BreadcrumbList","@id":"https:\/\/twchains.com\/product\/16mm-protective-chain-accessories-for-cat-loader-29-5-25-1800-25\/#breadcrumb","itemListElement":[{"@type":"ListItem","position":1,"name":"Home","item":"https:\/\/twchains.com\/"},{"@type":"ListItem","position":2,"name":"Products","item":"https:\/\/twchains.com\/products\/"},{"@type":"ListItem","position":3,"name":"16mm Protective Chain Accessories for CAT Loader 29.5-25 1800-25"}]},{"@type":"WebSite","@id":"https:\/\/twchains.com\/#website","url":"https:\/\/twchains.com\/","name":"twchains","description":"","publisher":{"@id":"https:\/\/twchains.com\/#organization"},"potentialAction":[{"@type":"SearchAction","target":{"@type":"EntryPoint","urlTemplate":"https:\/\/twchains.com\/?s={search_term_string}"},"query-input":{"@type":"PropertyValueSpecification","valueRequired":true,"valueName":"search_term_string"}}],"inLanguage":"pl-PL"},{"@type":"Organization","@id":"https:\/\/twchains.com\/#organization","name":"twchains","url":"https:\/\/twchains.com\/","logo":{"@type":"ImageObject","inLanguage":"pl-PL","@id":"https:\/\/twchains.com\/#\/schema\/logo\/image\/","url":"https:\/\/twchains.com\/wp-content\/uploads\/2025\/04\/tongwei-logo-100.svg","contentUrl":"https:\/\/twchains.com\/wp-content\/uploads\/2025\/04\/tongwei-logo-100.svg","width":128,"height":100,"caption":"twchains"},"image":{"@id":"https:\/\/twchains.com\/#\/schema\/logo\/image\/"}}]}},"_links":{"self":[{"href":"https:\/\/twchains.com\/pl\/wp-json\/wp\/v2\/product\/603","targetHints":{"allow":["GET"]}}],"collection":[{"href":"https:\/\/twchains.com\/pl\/wp-json\/wp\/v2\/product"}],"about":[{"href":"https:\/\/twchains.com\/pl\/wp-json\/wp\/v2\/types\/product"}],"wp:featuredmedia":[{"embeddable":true,"href":"https:\/\/twchains.com\/pl\/wp-json\/wp\/v2\/media\/604"}],"wp:attachment":[{"href":"https:\/\/twchains.com\/pl\/wp-json\/wp\/v2\/media?parent=603"}],"wp:term":[{"taxonomy":"product_brand","embeddable":true,"href":"https:\/\/twchains.com\/pl\/wp-json\/wp\/v2\/product_brand?post=603"},{"taxonomy":"product_cat","embeddable":true,"href":"https:\/\/twchains.com\/pl\/wp-json\/wp\/v2\/product_cat?post=603"},{"taxonomy":"product_tag","embeddable":true,"href":"https:\/\/twchains.com\/pl\/wp-json\/wp\/v2\/product_tag?post=603"}],"curies":[{"name":"wp","href":"https:\/\/api.w.org\/{rel}","templated":true}]}}