{"id":609,"date":"2025-04-24T09:01:06","date_gmt":"2025-04-24T09:01:06","guid":{"rendered":"https:\/\/twchains.com\/?post_type=product&#038;p=609"},"modified":"2025-04-24T09:01:06","modified_gmt":"2025-04-24T09:01:06","slug":"quality-750-65r25-20-5-25-tyre-protection-chain-repair-parts-screw-connectors","status":"publish","type":"product","link":"https:\/\/twchains.com\/pl\/produkt\/quality-750-65r25-20-5-25-tyre-protection-chain-repair-parts-screw-connectors\/","title":{"rendered":"Jako\u015b\u0107 750\/65r25 20.5-25 \u0141a\u0144cuch zabezpieczaj\u0105cy opon\u0119 Cz\u0119\u015bci naprawcze Z\u0142\u0105cza \u015brubowe"},"content":{"rendered":"<ul>\n<li>Wysoka wytrzyma\u0142o\u015b\u0107: Dzi\u0119ki zastosowaniu stali stopowej lub procesu hartowania, charakteryzuje si\u0119 wysok\u0105 wytrzyma\u0142o\u015bci\u0105 na rozci\u0105ganie, odporno\u015bci\u0105 na zu\u017cycie udarowe i nadaje si\u0119 do trudnych warunk\u00f3w pracy, takich jak g\u00f3rnictwo i \u017cwir. Jego \u017cywotno\u015b\u0107 jest wyd\u0142u\u017cona o ponad 50% w por\u00f3wnaniu do zwyk\u0142ych \u015brub.<\/li>\n<li>Konstrukcja zapobiegaj\u0105ca poluzowaniu: Podw\u00f3jna blokada nakr\u0119tki, wst\u0119pna pow\u0142oka kleju do gwint\u00f3w lub elastyczna struktura podk\u0142adki skutecznie zapobiegaj\u0105 poluzowaniu spowodowanemu wibracjami i zmniejszaj\u0105 ryzyko przerwania pracy.<\/li>\n<li>Szybki demonta\u017c i monta\u017c<br \/>\nStandaryzowany projekt interfejsu (taki jak normy ISO lub SAE), w po\u0142\u0105czeniu z uniwersalnymi narz\u0119dziami, mo\u017ce zapewni\u0107 obs\u0142ug\u0119 przez jedn\u0105 osob\u0119, zwi\u0119kszy\u0107 wydajno\u015b\u0107 wymiany o 30% i skr\u00f3ci\u0107 czas przestoj\u00f3w.<\/li>\n<li>Obr\u00f3bka antykorozyjna<br \/>\nCynkowanie powierzchniowe, proces Dacromet lub naw\u0119glanie, odporno\u015b\u0107 na wod\u0119 b\u0142otn\u0105 i korozj\u0119 w mgle solnej, wyd\u0142u\u017ca cykl konserwacji, nadaje si\u0119 do \u015brodowiska o wysokiej wilgotno\u015bci \/ kwa\u015bnych alkaliach.<\/li>\n<li>Dostosowanie do indywidualnych potrzeb<br \/>\nDost\u0119pne s\u0105 r\u00f3\u017cne specyfikacje, d\u0142ugo\u015bci i typy g\u0142owic (sze\u015bciok\u0105tne\/ko\u0142nierzowe), aby dok\u0142adnie dopasowa\u0107 modele \u0142a\u0144cuch\u00f3w ochronnych r\u00f3\u017cnych marek (takich jak Caterpillar, Komatsu itp.).<\/li>\n<li>Efektywno\u015b\u0107 kosztowa<br \/>\nModu\u0142owa konstrukcja pozwala na indywidualn\u0105 wymian\u0119 uszkodzonych komponent\u00f3w, zmniejszaj\u0105c koszty konserwacji o 40% w por\u00f3wnaniu do konstrukcji spawanych i unikaj\u0105c og\u00f3lnego z\u0142omowania \u0142a\u0144cucha.<\/li>\n<li>Scenariusz zastosowania: Szczeg\u00f3lnie nadaje si\u0119 do \u015brodowisk pracy o wysokiej cz\u0119stotliwo\u015bci i du\u017cym obci\u0105\u017ceniu, takich jak g\u00f3rnictwo i transport odpad\u00f3w budowlanych, znacznie zmniejszaj\u0105c ryzyko zarysowania opony i jej rozerwania.<\/li>\n<\/ul>\n<p>#CONSTRUCTION#MINING#TYREPROTECTIONCHAIN#17.5-25#23.5-25#TYRE#OTRTYRE#CHAINSREPAIRPARTS<\/p>","protected":false},"excerpt":{"rendered":"<ul>\n<li>Wysoka wytrzyma\u0142o\u015b\u0107 i trwa\u0142o\u015b\u0107<\/li>\n<li>Konstrukcja zapobiegaj\u0105ca poluzowaniu<\/li>\n<li>Szybki demonta\u017c i monta\u017c<\/li>\n<li>Obr\u00f3bka antykorozyjna<\/li>\n<li>Dostosowanie do indywidualnych potrzeb<\/li>\n<li>Odpowiednie dla r\u00f3\u017cnych typ\u00f3w \u0142a\u0144cuch\u00f3w opon do \u0142adowarek kamienio\u0142om\u00f3w<\/li>\n<\/ul>","protected":false},"featured_media":607,"template":"","meta":{"inline_featured_image":false,"_kad_post_transparent":"default","_kad_post_title":"","_kad_post_layout":"default","_kad_post_sidebar_id":"","_kad_post_content_style":"default","_kad_post_vertical_padding":"default","_kad_post_feature":"","_kad_post_feature_position":"","_kad_post_header":false,"_kad_post_footer":false},"product_brand":[],"product_cat":[23],"product_tag":[],"class_list":{"0":"post-609","1":"product","2":"type-product","3":"status-publish","4":"has-post-thumbnail","6":"product_cat-accessories","8":"first","9":"instock","10":"shipping-taxable","11":"product-type-simple","12":"entry","13":"content-bg","14":"loop-entry"},"yoast_head":"<!-- This site is optimized with the Yoast SEO plugin v25.4 - https:\/\/yoast.com\/wordpress\/plugins\/seo\/ -->\n<title>Quality 750\/65r25 20.5-25 Tyre Protection Chain Repair Parts Screw Connectors - twchains<\/title>\n<meta name=\"robots\" content=\"index, follow, max-snippet:-1, max-image-preview:large, max-video-preview:-1\" \/>\n<link rel=\"canonical\" href=\"https:\/\/twchains.com\/pl\/produkt\/quality-750-65r25-20-5-25-tyre-protection-chain-repair-parts-screw-connectors\/\" \/>\n<meta property=\"og:locale\" content=\"pl_PL\" \/>\n<meta property=\"og:type\" content=\"article\" \/>\n<meta property=\"og:title\" content=\"Quality 750\/65r25 20.5-25 Tyre Protection Chain Repair Parts Screw Connectors - twchains\" \/>\n<meta property=\"og:description\" content=\"High Strength Durability  Anti Loosening Design  Quick Disassembly &amp; Assembly  Anticorrosive Treatment  Customized Adaptation  Suitbale for Different Types of Quarry Loader Tire Chains\" \/>\n<meta property=\"og:url\" content=\"https:\/\/twchains.com\/pl\/produkt\/quality-750-65r25-20-5-25-tyre-protection-chain-repair-parts-screw-connectors\/\" \/>\n<meta property=\"og:site_name\" content=\"twchains\" \/>\n<meta property=\"og:image\" content=\"https:\/\/twchains.com\/wp-content\/uploads\/2025\/04\/55.jpg\" \/>\n\t<meta property=\"og:image:width\" content=\"718\" \/>\n\t<meta property=\"og:image:height\" content=\"718\" \/>\n\t<meta property=\"og:image:type\" content=\"image\/jpeg\" \/>\n<meta name=\"twitter:card\" content=\"summary_large_image\" \/>\n<meta name=\"twitter:label1\" content=\"Szacowany czas czytania\" \/>\n\t<meta name=\"twitter:data1\" content=\"2 minuty\" \/>\n<script type=\"application\/ld+json\" class=\"yoast-schema-graph\">{\"@context\":\"https:\/\/schema.org\",\"@graph\":[{\"@type\":\"WebPage\",\"@id\":\"https:\/\/twchains.com\/product\/quality-750-65r25-20-5-25-tyre-protection-chain-repair-parts-screw-connectors\/\",\"url\":\"https:\/\/twchains.com\/product\/quality-750-65r25-20-5-25-tyre-protection-chain-repair-parts-screw-connectors\/\",\"name\":\"Quality 750\/65r25 20.5-25 Tyre Protection Chain Repair Parts Screw Connectors - twchains\",\"isPartOf\":{\"@id\":\"https:\/\/twchains.com\/#website\"},\"primaryImageOfPage\":{\"@id\":\"https:\/\/twchains.com\/product\/quality-750-65r25-20-5-25-tyre-protection-chain-repair-parts-screw-connectors\/#primaryimage\"},\"image\":{\"@id\":\"https:\/\/twchains.com\/product\/quality-750-65r25-20-5-25-tyre-protection-chain-repair-parts-screw-connectors\/#primaryimage\"},\"thumbnailUrl\":\"https:\/\/twchains.com\/wp-content\/uploads\/2025\/04\/55.jpg\",\"datePublished\":\"2025-04-24T09:01:06+00:00\",\"breadcrumb\":{\"@id\":\"https:\/\/twchains.com\/product\/quality-750-65r25-20-5-25-tyre-protection-chain-repair-parts-screw-connectors\/#breadcrumb\"},\"inLanguage\":\"pl-PL\",\"potentialAction\":[{\"@type\":\"ReadAction\",\"target\":[\"https:\/\/twchains.com\/product\/quality-750-65r25-20-5-25-tyre-protection-chain-repair-parts-screw-connectors\/\"]}]},{\"@type\":\"ImageObject\",\"inLanguage\":\"pl-PL\",\"@id\":\"https:\/\/twchains.com\/product\/quality-750-65r25-20-5-25-tyre-protection-chain-repair-parts-screw-connectors\/#primaryimage\",\"url\":\"https:\/\/twchains.com\/wp-content\/uploads\/2025\/04\/55.jpg\",\"contentUrl\":\"https:\/\/twchains.com\/wp-content\/uploads\/2025\/04\/55.jpg\",\"width\":718,\"height\":718},{\"@type\":\"BreadcrumbList\",\"@id\":\"https:\/\/twchains.com\/product\/quality-750-65r25-20-5-25-tyre-protection-chain-repair-parts-screw-connectors\/#breadcrumb\",\"itemListElement\":[{\"@type\":\"ListItem\",\"position\":1,\"name\":\"Home\",\"item\":\"https:\/\/twchains.com\/\"},{\"@type\":\"ListItem\",\"position\":2,\"name\":\"Products\",\"item\":\"https:\/\/twchains.com\/products\/\"},{\"@type\":\"ListItem\",\"position\":3,\"name\":\"Quality 750\/65r25 20.5-25 Tyre Protection Chain Repair Parts Screw Connectors\"}]},{\"@type\":\"WebSite\",\"@id\":\"https:\/\/twchains.com\/#website\",\"url\":\"https:\/\/twchains.com\/\",\"name\":\"twchains\",\"description\":\"\",\"publisher\":{\"@id\":\"https:\/\/twchains.com\/#organization\"},\"potentialAction\":[{\"@type\":\"SearchAction\",\"target\":{\"@type\":\"EntryPoint\",\"urlTemplate\":\"https:\/\/twchains.com\/?s={search_term_string}\"},\"query-input\":{\"@type\":\"PropertyValueSpecification\",\"valueRequired\":true,\"valueName\":\"search_term_string\"}}],\"inLanguage\":\"pl-PL\"},{\"@type\":\"Organization\",\"@id\":\"https:\/\/twchains.com\/#organization\",\"name\":\"twchains\",\"url\":\"https:\/\/twchains.com\/\",\"logo\":{\"@type\":\"ImageObject\",\"inLanguage\":\"pl-PL\",\"@id\":\"https:\/\/twchains.com\/#\/schema\/logo\/image\/\",\"url\":\"https:\/\/twchains.com\/wp-content\/uploads\/2025\/04\/tongwei-logo-100.svg\",\"contentUrl\":\"https:\/\/twchains.com\/wp-content\/uploads\/2025\/04\/tongwei-logo-100.svg\",\"width\":128,\"height\":100,\"caption\":\"twchains\"},\"image\":{\"@id\":\"https:\/\/twchains.com\/#\/schema\/logo\/image\/\"}}]}<\/script>\n<!-- \/ Yoast SEO plugin. -->","yoast_head_json":{"title":"Quality 750\/65r25 20.5-25 Tyre Protection Chain Repair Parts Screw Connectors - twchains","robots":{"index":"index","follow":"follow","max-snippet":"max-snippet:-1","max-image-preview":"max-image-preview:large","max-video-preview":"max-video-preview:-1"},"canonical":"https:\/\/twchains.com\/pl\/produkt\/quality-750-65r25-20-5-25-tyre-protection-chain-repair-parts-screw-connectors\/","og_locale":"pl_PL","og_type":"article","og_title":"Quality 750\/65r25 20.5-25 Tyre Protection Chain Repair Parts Screw Connectors - twchains","og_description":"High Strength Durability  Anti Loosening Design  Quick Disassembly &amp; Assembly  Anticorrosive Treatment  Customized Adaptation  Suitbale for Different Types of Quarry Loader Tire Chains","og_url":"https:\/\/twchains.com\/pl\/produkt\/quality-750-65r25-20-5-25-tyre-protection-chain-repair-parts-screw-connectors\/","og_site_name":"twchains","og_image":[{"width":718,"height":718,"url":"https:\/\/twchains.com\/wp-content\/uploads\/2025\/04\/55.jpg","type":"image\/jpeg"}],"twitter_card":"summary_large_image","twitter_misc":{"Szacowany czas czytania":"2 minuty"},"schema":{"@context":"https:\/\/schema.org","@graph":[{"@type":"WebPage","@id":"https:\/\/twchains.com\/product\/quality-750-65r25-20-5-25-tyre-protection-chain-repair-parts-screw-connectors\/","url":"https:\/\/twchains.com\/product\/quality-750-65r25-20-5-25-tyre-protection-chain-repair-parts-screw-connectors\/","name":"Quality 750\/65r25 20.5-25 Tyre Protection Chain Repair Parts Screw Connectors - twchains","isPartOf":{"@id":"https:\/\/twchains.com\/#website"},"primaryImageOfPage":{"@id":"https:\/\/twchains.com\/product\/quality-750-65r25-20-5-25-tyre-protection-chain-repair-parts-screw-connectors\/#primaryimage"},"image":{"@id":"https:\/\/twchains.com\/product\/quality-750-65r25-20-5-25-tyre-protection-chain-repair-parts-screw-connectors\/#primaryimage"},"thumbnailUrl":"https:\/\/twchains.com\/wp-content\/uploads\/2025\/04\/55.jpg","datePublished":"2025-04-24T09:01:06+00:00","breadcrumb":{"@id":"https:\/\/twchains.com\/product\/quality-750-65r25-20-5-25-tyre-protection-chain-repair-parts-screw-connectors\/#breadcrumb"},"inLanguage":"pl-PL","potentialAction":[{"@type":"ReadAction","target":["https:\/\/twchains.com\/product\/quality-750-65r25-20-5-25-tyre-protection-chain-repair-parts-screw-connectors\/"]}]},{"@type":"ImageObject","inLanguage":"pl-PL","@id":"https:\/\/twchains.com\/product\/quality-750-65r25-20-5-25-tyre-protection-chain-repair-parts-screw-connectors\/#primaryimage","url":"https:\/\/twchains.com\/wp-content\/uploads\/2025\/04\/55.jpg","contentUrl":"https:\/\/twchains.com\/wp-content\/uploads\/2025\/04\/55.jpg","width":718,"height":718},{"@type":"BreadcrumbList","@id":"https:\/\/twchains.com\/product\/quality-750-65r25-20-5-25-tyre-protection-chain-repair-parts-screw-connectors\/#breadcrumb","itemListElement":[{"@type":"ListItem","position":1,"name":"Home","item":"https:\/\/twchains.com\/"},{"@type":"ListItem","position":2,"name":"Products","item":"https:\/\/twchains.com\/products\/"},{"@type":"ListItem","position":3,"name":"Quality 750\/65r25 20.5-25 Tyre Protection Chain Repair Parts Screw Connectors"}]},{"@type":"WebSite","@id":"https:\/\/twchains.com\/#website","url":"https:\/\/twchains.com\/","name":"twchains","description":"","publisher":{"@id":"https:\/\/twchains.com\/#organization"},"potentialAction":[{"@type":"SearchAction","target":{"@type":"EntryPoint","urlTemplate":"https:\/\/twchains.com\/?s={search_term_string}"},"query-input":{"@type":"PropertyValueSpecification","valueRequired":true,"valueName":"search_term_string"}}],"inLanguage":"pl-PL"},{"@type":"Organization","@id":"https:\/\/twchains.com\/#organization","name":"twchains","url":"https:\/\/twchains.com\/","logo":{"@type":"ImageObject","inLanguage":"pl-PL","@id":"https:\/\/twchains.com\/#\/schema\/logo\/image\/","url":"https:\/\/twchains.com\/wp-content\/uploads\/2025\/04\/tongwei-logo-100.svg","contentUrl":"https:\/\/twchains.com\/wp-content\/uploads\/2025\/04\/tongwei-logo-100.svg","width":128,"height":100,"caption":"twchains"},"image":{"@id":"https:\/\/twchains.com\/#\/schema\/logo\/image\/"}}]}},"_links":{"self":[{"href":"https:\/\/twchains.com\/pl\/wp-json\/wp\/v2\/product\/609","targetHints":{"allow":["GET"]}}],"collection":[{"href":"https:\/\/twchains.com\/pl\/wp-json\/wp\/v2\/product"}],"about":[{"href":"https:\/\/twchains.com\/pl\/wp-json\/wp\/v2\/types\/product"}],"wp:featuredmedia":[{"embeddable":true,"href":"https:\/\/twchains.com\/pl\/wp-json\/wp\/v2\/media\/607"}],"wp:attachment":[{"href":"https:\/\/twchains.com\/pl\/wp-json\/wp\/v2\/media?parent=609"}],"wp:term":[{"taxonomy":"product_brand","embeddable":true,"href":"https:\/\/twchains.com\/pl\/wp-json\/wp\/v2\/product_brand?post=609"},{"taxonomy":"product_cat","embeddable":true,"href":"https:\/\/twchains.com\/pl\/wp-json\/wp\/v2\/product_cat?post=609"},{"taxonomy":"product_tag","embeddable":true,"href":"https:\/\/twchains.com\/pl\/wp-json\/wp\/v2\/product_tag?post=609"}],"curies":[{"name":"wp","href":"https:\/\/api.w.org\/{rel}","templated":true}]}}