{"id":615,"date":"2025-04-25T01:54:14","date_gmt":"2025-04-25T01:54:14","guid":{"rendered":"https:\/\/twchains.com\/?post_type=product&#038;p=615"},"modified":"2025-04-25T01:58:20","modified_gmt":"2025-04-25T01:58:20","slug":"x12mm-loader-traction-snow-chain-16-70-20-1200-24","status":"publish","type":"product","link":"https:\/\/twchains.com\/pl\/produkt\/x12mm-loader-traction-snow-chain-16-70-20-1200-24\/","title":{"rendered":"\u00d712mm Trakcyjny \u0142a\u0144cuch \u015bniegowy do \u0142adowarek 16\/70-20 1200-24 Odporny na po\u015blizg"},"content":{"rendered":"<ul>\n<li>Zwi\u0119kszona przyczepno\u015b\u0107: Konstrukcja \u0142a\u0144cucha antypo\u015blizgowego o \u015brednicy pier\u015bcienia \u00d712 mm mo\u017ce \u015bci\u015ble przylega\u0107 do opony, znacznie zwi\u0119kszaj\u0105c tarcie o pod\u0142o\u017ce i skutecznie zapobiegaj\u0105c po\u015blizgowi, szczeg\u00f3lnie w mokrych i \u015bliskich warunkach drogowych, takich jak l\u00f3d, \u015bnieg i b\u0142oto.<\/li>\n<li>Wysoka trwa\u0142o\u015b\u0107: Zwykle jest wykonany z wysokowytrzyma\u0142ej stali stopowej lub materia\u0142u odpornego na zu\u017cycie, kt\u00f3ry jest odporny na uderzenia i zu\u017cycie, nadaje si\u0119 do d\u0142ugotrwa\u0142ego u\u017cytkowania w trudnych warunkach i wyd\u0142u\u017ca jego \u017cywotno\u015b\u0107.<\/li>\n<li>\n<div data-slate-node=\"element\"><span data-slate-node=\"text\">\u0141atwa instalacja: <\/span><span data-slate-node=\"text\">Konstrukcja jest lekka, a budowa prosta. Wi\u0119kszo\u015b\u0107 modeli mo\u017cna szybko zainstalowa\u0107 lub zdemontowa\u0107 r\u0119cznie, oszcz\u0119dzaj\u0105c czas i zwi\u0119kszaj\u0105c wydajno\u015b\u0107 pracy.<\/span><\/div>\n<\/li>\n<li>Ochrona opon: Zmniejsza bezpo\u015bredni kontakt opon z ostrym \u017cwirem lub twardymi przedmiotami, zmniejsza ryzyko zu\u017cycia bie\u017cnika i zarysowa\u0144 oraz po\u015brednio wyd\u0142u\u017ca \u017cywotno\u015b\u0107 opon.<\/li>\n<li>Szerokie zastosowanie: Nadaje si\u0119 do r\u00f3\u017cnych rozmiar\u00f3w opon ma\u0142ych \u0142adowarek, takich jak 16\/70-20, 1200-24, 1000-20, 975-18, 15\/70-18, 16\/70-28, 1200-20, 1400-24, 20,5\/70-16, 825-16 itp., zaspokajaj\u0105c potrzeby wielu scenariuszy, takich jak rolnictwo, budownictwo i g\u00f3rnictwo, i nadaje si\u0119 do wszystkich p\u00f3r roku (zw\u0142aszcza zim\u0105 w warunkach lodu i \u015bniegu).<\/li>\n<\/ul>\n<p>1TP5\u0141adowarki \u0142a\u0144cuchowe1TP5\u0141a\u0144cuchy \u015bniegowe1TP5\u0141a\u0144cuchy trakcyjne1TP5\u0141a\u0144cuchy \u015bniegowe1TP5\u0141adowarki le\u015bne1TP5\u0141a\u0144cuchy antypo\u015blizgowe1TP5\u0141a\u0144cuchy antypo\u015blizgowe<\/p>","protected":false},"excerpt":{"rendered":"<ul>\n<li>Dla ma\u0142ych<\/li>\n<li>Zwi\u0119kszenie przyczepno\u015bci<\/li>\n<li>Wysoka wytrzyma\u0142o\u015b\u0107<\/li>\n<li>\u0141atwa instalacja<\/li>\n<li>Waga ogniwa: 0,28 kg<\/li>\n<\/ul>","protected":false},"featured_media":616,"template":"","meta":{"inline_featured_image":false,"_kad_post_transparent":"default","_kad_post_title":"","_kad_post_layout":"default","_kad_post_sidebar_id":"","_kad_post_content_style":"default","_kad_post_vertical_padding":"default","_kad_post_feature":"","_kad_post_feature_position":"","_kad_post_header":false,"_kad_post_footer":false},"product_brand":[],"product_cat":[24],"product_tag":[],"class_list":{"0":"post-615","1":"product","2":"type-product","3":"status-publish","4":"has-post-thumbnail","6":"product_cat-anti-skid-tire-chains","8":"first","9":"instock","10":"shipping-taxable","11":"product-type-simple","12":"entry","13":"content-bg","14":"loop-entry"},"yoast_head":"<!-- This site is optimized with the Yoast SEO plugin v25.4 - https:\/\/yoast.com\/wordpress\/plugins\/seo\/ -->\n<title>\u00d712mm Loader Traction Snow Chain 16\/70-20 1200-24 Slip Resistant - twchains<\/title>\n<meta name=\"robots\" content=\"index, follow, max-snippet:-1, max-image-preview:large, max-video-preview:-1\" \/>\n<link rel=\"canonical\" href=\"https:\/\/twchains.com\/pl\/produkt\/x12mm-loader-traction-snow-chain-16-70-20-1200-24\/\" \/>\n<meta property=\"og:locale\" content=\"pl_PL\" \/>\n<meta property=\"og:type\" content=\"article\" \/>\n<meta property=\"og:title\" content=\"\u00d712mm Loader Traction Snow Chain 16\/70-20 1200-24 Slip Resistant - twchains\" \/>\n<meta property=\"og:description\" content=\"For Small-Sized  Enhance Grip  Strong Durability  Easy Installation  Weight of Link:0.28kg\" \/>\n<meta property=\"og:url\" content=\"https:\/\/twchains.com\/pl\/produkt\/x12mm-loader-traction-snow-chain-16-70-20-1200-24\/\" \/>\n<meta property=\"og:site_name\" content=\"twchains\" \/>\n<meta property=\"article:modified_time\" content=\"2025-04-25T01:58:20+00:00\" \/>\n<meta property=\"og:image\" content=\"https:\/\/twchains.com\/wp-content\/uploads\/2025\/04\/mmexport159402046768141.jpg\" \/>\n\t<meta property=\"og:image:width\" content=\"480\" \/>\n\t<meta property=\"og:image:height\" content=\"550\" \/>\n\t<meta property=\"og:image:type\" content=\"image\/jpeg\" \/>\n<meta name=\"twitter:card\" content=\"summary_large_image\" \/>\n<meta name=\"twitter:label1\" content=\"Szacowany czas czytania\" \/>\n\t<meta name=\"twitter:data1\" content=\"1 minuta\" \/>\n<script type=\"application\/ld+json\" class=\"yoast-schema-graph\">{\"@context\":\"https:\/\/schema.org\",\"@graph\":[{\"@type\":\"WebPage\",\"@id\":\"https:\/\/twchains.com\/product\/x12mm-loader-traction-snow-chain-16-70-20-1200-24\/\",\"url\":\"https:\/\/twchains.com\/product\/x12mm-loader-traction-snow-chain-16-70-20-1200-24\/\",\"name\":\"\u00d712mm Loader Traction Snow Chain 16\/70-20 1200-24 Slip Resistant - twchains\",\"isPartOf\":{\"@id\":\"https:\/\/twchains.com\/#website\"},\"primaryImageOfPage\":{\"@id\":\"https:\/\/twchains.com\/product\/x12mm-loader-traction-snow-chain-16-70-20-1200-24\/#primaryimage\"},\"image\":{\"@id\":\"https:\/\/twchains.com\/product\/x12mm-loader-traction-snow-chain-16-70-20-1200-24\/#primaryimage\"},\"thumbnailUrl\":\"https:\/\/twchains.com\/wp-content\/uploads\/2025\/04\/mmexport159402046768141.jpg\",\"datePublished\":\"2025-04-25T01:54:14+00:00\",\"dateModified\":\"2025-04-25T01:58:20+00:00\",\"breadcrumb\":{\"@id\":\"https:\/\/twchains.com\/product\/x12mm-loader-traction-snow-chain-16-70-20-1200-24\/#breadcrumb\"},\"inLanguage\":\"pl-PL\",\"potentialAction\":[{\"@type\":\"ReadAction\",\"target\":[\"https:\/\/twchains.com\/product\/x12mm-loader-traction-snow-chain-16-70-20-1200-24\/\"]}]},{\"@type\":\"ImageObject\",\"inLanguage\":\"pl-PL\",\"@id\":\"https:\/\/twchains.com\/product\/x12mm-loader-traction-snow-chain-16-70-20-1200-24\/#primaryimage\",\"url\":\"https:\/\/twchains.com\/wp-content\/uploads\/2025\/04\/mmexport159402046768141.jpg\",\"contentUrl\":\"https:\/\/twchains.com\/wp-content\/uploads\/2025\/04\/mmexport159402046768141.jpg\",\"width\":480,\"height\":550},{\"@type\":\"BreadcrumbList\",\"@id\":\"https:\/\/twchains.com\/product\/x12mm-loader-traction-snow-chain-16-70-20-1200-24\/#breadcrumb\",\"itemListElement\":[{\"@type\":\"ListItem\",\"position\":1,\"name\":\"Home\",\"item\":\"https:\/\/twchains.com\/\"},{\"@type\":\"ListItem\",\"position\":2,\"name\":\"Products\",\"item\":\"https:\/\/twchains.com\/products\/\"},{\"@type\":\"ListItem\",\"position\":3,\"name\":\"\u00d712mm Loader Traction Snow Chain 16\/70-20 1200-24 Slip Resistant\"}]},{\"@type\":\"WebSite\",\"@id\":\"https:\/\/twchains.com\/#website\",\"url\":\"https:\/\/twchains.com\/\",\"name\":\"twchains\",\"description\":\"\",\"publisher\":{\"@id\":\"https:\/\/twchains.com\/#organization\"},\"potentialAction\":[{\"@type\":\"SearchAction\",\"target\":{\"@type\":\"EntryPoint\",\"urlTemplate\":\"https:\/\/twchains.com\/?s={search_term_string}\"},\"query-input\":{\"@type\":\"PropertyValueSpecification\",\"valueRequired\":true,\"valueName\":\"search_term_string\"}}],\"inLanguage\":\"pl-PL\"},{\"@type\":\"Organization\",\"@id\":\"https:\/\/twchains.com\/#organization\",\"name\":\"twchains\",\"url\":\"https:\/\/twchains.com\/\",\"logo\":{\"@type\":\"ImageObject\",\"inLanguage\":\"pl-PL\",\"@id\":\"https:\/\/twchains.com\/#\/schema\/logo\/image\/\",\"url\":\"https:\/\/twchains.com\/wp-content\/uploads\/2025\/04\/tongwei-logo-100.svg\",\"contentUrl\":\"https:\/\/twchains.com\/wp-content\/uploads\/2025\/04\/tongwei-logo-100.svg\",\"width\":128,\"height\":100,\"caption\":\"twchains\"},\"image\":{\"@id\":\"https:\/\/twchains.com\/#\/schema\/logo\/image\/\"}}]}<\/script>\n<!-- \/ Yoast SEO plugin. -->","yoast_head_json":{"title":"\u00d712mm Loader Traction Snow Chain 16\/70-20 1200-24 Slip Resistant - twchains","robots":{"index":"index","follow":"follow","max-snippet":"max-snippet:-1","max-image-preview":"max-image-preview:large","max-video-preview":"max-video-preview:-1"},"canonical":"https:\/\/twchains.com\/pl\/produkt\/x12mm-loader-traction-snow-chain-16-70-20-1200-24\/","og_locale":"pl_PL","og_type":"article","og_title":"\u00d712mm Loader Traction Snow Chain 16\/70-20 1200-24 Slip Resistant - twchains","og_description":"For Small-Sized  Enhance Grip  Strong Durability  Easy Installation  Weight of Link:0.28kg","og_url":"https:\/\/twchains.com\/pl\/produkt\/x12mm-loader-traction-snow-chain-16-70-20-1200-24\/","og_site_name":"twchains","article_modified_time":"2025-04-25T01:58:20+00:00","og_image":[{"width":480,"height":550,"url":"https:\/\/twchains.com\/wp-content\/uploads\/2025\/04\/mmexport159402046768141.jpg","type":"image\/jpeg"}],"twitter_card":"summary_large_image","twitter_misc":{"Szacowany czas czytania":"1 minuta"},"schema":{"@context":"https:\/\/schema.org","@graph":[{"@type":"WebPage","@id":"https:\/\/twchains.com\/product\/x12mm-loader-traction-snow-chain-16-70-20-1200-24\/","url":"https:\/\/twchains.com\/product\/x12mm-loader-traction-snow-chain-16-70-20-1200-24\/","name":"\u00d712mm Loader Traction Snow Chain 16\/70-20 1200-24 Slip Resistant - twchains","isPartOf":{"@id":"https:\/\/twchains.com\/#website"},"primaryImageOfPage":{"@id":"https:\/\/twchains.com\/product\/x12mm-loader-traction-snow-chain-16-70-20-1200-24\/#primaryimage"},"image":{"@id":"https:\/\/twchains.com\/product\/x12mm-loader-traction-snow-chain-16-70-20-1200-24\/#primaryimage"},"thumbnailUrl":"https:\/\/twchains.com\/wp-content\/uploads\/2025\/04\/mmexport159402046768141.jpg","datePublished":"2025-04-25T01:54:14+00:00","dateModified":"2025-04-25T01:58:20+00:00","breadcrumb":{"@id":"https:\/\/twchains.com\/product\/x12mm-loader-traction-snow-chain-16-70-20-1200-24\/#breadcrumb"},"inLanguage":"pl-PL","potentialAction":[{"@type":"ReadAction","target":["https:\/\/twchains.com\/product\/x12mm-loader-traction-snow-chain-16-70-20-1200-24\/"]}]},{"@type":"ImageObject","inLanguage":"pl-PL","@id":"https:\/\/twchains.com\/product\/x12mm-loader-traction-snow-chain-16-70-20-1200-24\/#primaryimage","url":"https:\/\/twchains.com\/wp-content\/uploads\/2025\/04\/mmexport159402046768141.jpg","contentUrl":"https:\/\/twchains.com\/wp-content\/uploads\/2025\/04\/mmexport159402046768141.jpg","width":480,"height":550},{"@type":"BreadcrumbList","@id":"https:\/\/twchains.com\/product\/x12mm-loader-traction-snow-chain-16-70-20-1200-24\/#breadcrumb","itemListElement":[{"@type":"ListItem","position":1,"name":"Home","item":"https:\/\/twchains.com\/"},{"@type":"ListItem","position":2,"name":"Products","item":"https:\/\/twchains.com\/products\/"},{"@type":"ListItem","position":3,"name":"\u00d712mm Loader Traction Snow Chain 16\/70-20 1200-24 Slip Resistant"}]},{"@type":"WebSite","@id":"https:\/\/twchains.com\/#website","url":"https:\/\/twchains.com\/","name":"twchains","description":"","publisher":{"@id":"https:\/\/twchains.com\/#organization"},"potentialAction":[{"@type":"SearchAction","target":{"@type":"EntryPoint","urlTemplate":"https:\/\/twchains.com\/?s={search_term_string}"},"query-input":{"@type":"PropertyValueSpecification","valueRequired":true,"valueName":"search_term_string"}}],"inLanguage":"pl-PL"},{"@type":"Organization","@id":"https:\/\/twchains.com\/#organization","name":"twchains","url":"https:\/\/twchains.com\/","logo":{"@type":"ImageObject","inLanguage":"pl-PL","@id":"https:\/\/twchains.com\/#\/schema\/logo\/image\/","url":"https:\/\/twchains.com\/wp-content\/uploads\/2025\/04\/tongwei-logo-100.svg","contentUrl":"https:\/\/twchains.com\/wp-content\/uploads\/2025\/04\/tongwei-logo-100.svg","width":128,"height":100,"caption":"twchains"},"image":{"@id":"https:\/\/twchains.com\/#\/schema\/logo\/image\/"}}]}},"_links":{"self":[{"href":"https:\/\/twchains.com\/pl\/wp-json\/wp\/v2\/product\/615","targetHints":{"allow":["GET"]}}],"collection":[{"href":"https:\/\/twchains.com\/pl\/wp-json\/wp\/v2\/product"}],"about":[{"href":"https:\/\/twchains.com\/pl\/wp-json\/wp\/v2\/types\/product"}],"wp:featuredmedia":[{"embeddable":true,"href":"https:\/\/twchains.com\/pl\/wp-json\/wp\/v2\/media\/616"}],"wp:attachment":[{"href":"https:\/\/twchains.com\/pl\/wp-json\/wp\/v2\/media?parent=615"}],"wp:term":[{"taxonomy":"product_brand","embeddable":true,"href":"https:\/\/twchains.com\/pl\/wp-json\/wp\/v2\/product_brand?post=615"},{"taxonomy":"product_cat","embeddable":true,"href":"https:\/\/twchains.com\/pl\/wp-json\/wp\/v2\/product_cat?post=615"},{"taxonomy":"product_tag","embeddable":true,"href":"https:\/\/twchains.com\/pl\/wp-json\/wp\/v2\/product_tag?post=615"}],"curies":[{"name":"wp","href":"https:\/\/api.w.org\/{rel}","templated":true}]}}