{"id":627,"date":"2025-04-25T03:35:45","date_gmt":"2025-04-25T03:35:45","guid":{"rendered":"https:\/\/twchains.com\/?post_type=product&#038;p=627"},"modified":"2025-04-29T04:29:54","modified_gmt":"2025-04-29T04:29:54","slug":"supplier-of-loader-tire-chains-for-underground-tunnel-working-application","status":"publish","type":"product","link":"https:\/\/twchains.com\/pl\/produkt\/supplier-of-loader-tire-chains-for-underground-tunnel-working-application\/","title":{"rendered":"Dostawca \u0142a\u0144cuch\u00f3w do opon \u0142adowarek do zastosowa\u0144 w tunelach podziemnych"},"content":{"rendered":"<p>Chocia\u017c \u0142a\u0144cuchy ochronne do opon z zaszyfrowanymi blokami s\u0105 dobrym wyborem dla \u015brodowisk pracy w tunelach, w oparciu o rzeczywiste przypadki, niekt\u00f3rzy klienci mog\u0105 uwa\u017ca\u0107, \u017ce \u0142a\u0144cuchy ochronne do opon z zaszyfrowanymi blokami s\u0105 zbyt ci\u0119\u017ckie i chc\u0105 l\u017cejszych \u0142a\u0144cuch\u00f3w o trwa\u0142ej odporno\u015bci na zu\u017cycie. W oparciu o badania rynku wyprodukowali\u015bmy 14-milimetrowy \u0142a\u0144cuch ochronny wzmocniony pier\u015bcieniem, kt\u00f3ry jest l\u017cejszy w por\u00f3wnaniu do szyfrowanych blok\u00f3w i ma tak\u0105 sam\u0105 grubo\u015b\u0107 powierzchni odpornej na zu\u017cycie jak szyfrowane \u0142a\u0144cuchy blokowe.<\/p>\n<ul>\n<li>Lekka konstrukcja, wi\u0119ksza zwrotno\u015b\u0107: w por\u00f3wnaniu z tradycyjnymi szyfrowanymi \u0142a\u0144cuchami blok\u00f3w, zmniejsza wag\u0119 o oko\u0142o 25%-63%, obni\u017ca obci\u0105\u017cenie urz\u0105dzenia, oszcz\u0119dza zu\u017cycie paliwa i utrzymuje wysok\u0105 wytrzyma\u0142o\u015b\u0107 na rozci\u0105ganie.<\/li>\n<li>G\u0119sty uk\u0142ad 14 pier\u015bcieni + odporne na zu\u017cycie pogrubienie, trwa\u0142e bez zmniejszania konfiguracji<\/li>\n<li>Naukowe rozmieszczenie odst\u0119p\u00f3w w celu zapewnienia maksymalnego obszaru uziemienia;<\/li>\n<li>Grubo\u015b\u0107 powierzchni styku klucza jest zgodna z zaszyfrowanym \u0142a\u0144cuchem blok\u00f3w (22 mm-28 mm), a warstwa odporna na zu\u017cycie jest poddawana obr\u00f3bce technologi\u0105 hartowania, aby poprawi\u0107 jej \u017cywotno\u015b\u0107.<\/li>\n<\/ul>\n<p>#underground#unnel#tyrechains#tyreprotectionchain#chainblock<\/p>","protected":false},"excerpt":{"rendered":"<ul>\n<li>Wymiar g\u0142\u00f3wnego komponentu (szer. x wys. x d\u0142.): 35x43x75 mm.<\/li>\n<li>Produkcja wysokiej jako\u015bci \u0142a\u0144cuch\u00f3w ochronnych do opon<\/li>\n<\/ul>","protected":false},"featured_media":568,"template":"","meta":{"inline_featured_image":false,"_kad_post_transparent":"default","_kad_post_title":"","_kad_post_layout":"default","_kad_post_sidebar_id":"","_kad_post_content_style":"default","_kad_post_vertical_padding":"default","_kad_post_feature":"","_kad_post_feature_position":"","_kad_post_header":false,"_kad_post_footer":false},"product_brand":[],"product_cat":[30,26],"product_tag":[],"class_list":{"0":"post-627","1":"product","2":"type-product","3":"status-publish","4":"has-post-thumbnail","6":"product_cat-loader-grader-tire-chain","7":"product_cat-reinforced","9":"first","10":"instock","11":"shipping-taxable","12":"product-type-simple","13":"entry","14":"content-bg","15":"loop-entry"},"yoast_head":"<!-- This site is optimized with the Yoast SEO plugin v25.4 - https:\/\/yoast.com\/wordpress\/plugins\/seo\/ -->\n<title>Supplier of Loader Tire Chains for Underground Tunnel Working Application - twchains<\/title>\n<meta name=\"robots\" content=\"index, follow, max-snippet:-1, max-image-preview:large, max-video-preview:-1\" \/>\n<link rel=\"canonical\" href=\"https:\/\/twchains.com\/pl\/produkt\/supplier-of-loader-tire-chains-for-underground-tunnel-working-application\/\" \/>\n<meta property=\"og:locale\" content=\"pl_PL\" \/>\n<meta property=\"og:type\" content=\"article\" \/>\n<meta property=\"og:title\" content=\"Supplier of Loader Tire Chains for Underground Tunnel Working Application - twchains\" \/>\n<meta property=\"og:description\" content=\"Main Component Dimension(W x H x L): 35x43x75mm.  Quality Tire Protection Chains Manufacturing\" \/>\n<meta property=\"og:url\" content=\"https:\/\/twchains.com\/pl\/produkt\/supplier-of-loader-tire-chains-for-underground-tunnel-working-application\/\" \/>\n<meta property=\"og:site_name\" content=\"twchains\" \/>\n<meta property=\"article:modified_time\" content=\"2025-04-29T04:29:54+00:00\" \/>\n<meta property=\"og:image\" content=\"https:\/\/twchains.com\/wp-content\/uploads\/2025\/04\/aebb6ebb6d53fb754e404b056e05d3f.jpg\" \/>\n\t<meta property=\"og:image:width\" content=\"1280\" \/>\n\t<meta property=\"og:image:height\" content=\"1706\" \/>\n\t<meta property=\"og:image:type\" content=\"image\/jpeg\" \/>\n<meta name=\"twitter:card\" content=\"summary_large_image\" \/>\n<meta name=\"twitter:label1\" content=\"Szacowany czas czytania\" \/>\n\t<meta name=\"twitter:data1\" content=\"1 minuta\" \/>\n<script type=\"application\/ld+json\" class=\"yoast-schema-graph\">{\"@context\":\"https:\/\/schema.org\",\"@graph\":[{\"@type\":\"WebPage\",\"@id\":\"https:\/\/twchains.com\/product\/supplier-of-loader-tire-chains-for-underground-tunnel-working-application\/\",\"url\":\"https:\/\/twchains.com\/product\/supplier-of-loader-tire-chains-for-underground-tunnel-working-application\/\",\"name\":\"Supplier of Loader Tire Chains for Underground Tunnel Working Application - twchains\",\"isPartOf\":{\"@id\":\"https:\/\/twchains.com\/#website\"},\"primaryImageOfPage\":{\"@id\":\"https:\/\/twchains.com\/product\/supplier-of-loader-tire-chains-for-underground-tunnel-working-application\/#primaryimage\"},\"image\":{\"@id\":\"https:\/\/twchains.com\/product\/supplier-of-loader-tire-chains-for-underground-tunnel-working-application\/#primaryimage\"},\"thumbnailUrl\":\"https:\/\/twchains.com\/wp-content\/uploads\/2025\/04\/aebb6ebb6d53fb754e404b056e05d3f.jpg\",\"datePublished\":\"2025-04-25T03:35:45+00:00\",\"dateModified\":\"2025-04-29T04:29:54+00:00\",\"breadcrumb\":{\"@id\":\"https:\/\/twchains.com\/product\/supplier-of-loader-tire-chains-for-underground-tunnel-working-application\/#breadcrumb\"},\"inLanguage\":\"pl-PL\",\"potentialAction\":[{\"@type\":\"ReadAction\",\"target\":[\"https:\/\/twchains.com\/product\/supplier-of-loader-tire-chains-for-underground-tunnel-working-application\/\"]}]},{\"@type\":\"ImageObject\",\"inLanguage\":\"pl-PL\",\"@id\":\"https:\/\/twchains.com\/product\/supplier-of-loader-tire-chains-for-underground-tunnel-working-application\/#primaryimage\",\"url\":\"https:\/\/twchains.com\/wp-content\/uploads\/2025\/04\/aebb6ebb6d53fb754e404b056e05d3f.jpg\",\"contentUrl\":\"https:\/\/twchains.com\/wp-content\/uploads\/2025\/04\/aebb6ebb6d53fb754e404b056e05d3f.jpg\",\"width\":1280,\"height\":1706},{\"@type\":\"BreadcrumbList\",\"@id\":\"https:\/\/twchains.com\/product\/supplier-of-loader-tire-chains-for-underground-tunnel-working-application\/#breadcrumb\",\"itemListElement\":[{\"@type\":\"ListItem\",\"position\":1,\"name\":\"Home\",\"item\":\"https:\/\/twchains.com\/\"},{\"@type\":\"ListItem\",\"position\":2,\"name\":\"Products\",\"item\":\"https:\/\/twchains.com\/products\/\"},{\"@type\":\"ListItem\",\"position\":3,\"name\":\"Supplier of Loader Tire Chains for Underground Tunnel Working Application\"}]},{\"@type\":\"WebSite\",\"@id\":\"https:\/\/twchains.com\/#website\",\"url\":\"https:\/\/twchains.com\/\",\"name\":\"twchains\",\"description\":\"\",\"publisher\":{\"@id\":\"https:\/\/twchains.com\/#organization\"},\"potentialAction\":[{\"@type\":\"SearchAction\",\"target\":{\"@type\":\"EntryPoint\",\"urlTemplate\":\"https:\/\/twchains.com\/?s={search_term_string}\"},\"query-input\":{\"@type\":\"PropertyValueSpecification\",\"valueRequired\":true,\"valueName\":\"search_term_string\"}}],\"inLanguage\":\"pl-PL\"},{\"@type\":\"Organization\",\"@id\":\"https:\/\/twchains.com\/#organization\",\"name\":\"twchains\",\"url\":\"https:\/\/twchains.com\/\",\"logo\":{\"@type\":\"ImageObject\",\"inLanguage\":\"pl-PL\",\"@id\":\"https:\/\/twchains.com\/#\/schema\/logo\/image\/\",\"url\":\"https:\/\/twchains.com\/wp-content\/uploads\/2025\/04\/tongwei-logo-100.svg\",\"contentUrl\":\"https:\/\/twchains.com\/wp-content\/uploads\/2025\/04\/tongwei-logo-100.svg\",\"width\":128,\"height\":100,\"caption\":\"twchains\"},\"image\":{\"@id\":\"https:\/\/twchains.com\/#\/schema\/logo\/image\/\"}}]}<\/script>\n<!-- \/ Yoast SEO plugin. -->","yoast_head_json":{"title":"Supplier of Loader Tire Chains for Underground Tunnel Working Application - twchains","robots":{"index":"index","follow":"follow","max-snippet":"max-snippet:-1","max-image-preview":"max-image-preview:large","max-video-preview":"max-video-preview:-1"},"canonical":"https:\/\/twchains.com\/pl\/produkt\/supplier-of-loader-tire-chains-for-underground-tunnel-working-application\/","og_locale":"pl_PL","og_type":"article","og_title":"Supplier of Loader Tire Chains for Underground Tunnel Working Application - twchains","og_description":"Main Component Dimension(W x H x L): 35x43x75mm.  Quality Tire Protection Chains Manufacturing","og_url":"https:\/\/twchains.com\/pl\/produkt\/supplier-of-loader-tire-chains-for-underground-tunnel-working-application\/","og_site_name":"twchains","article_modified_time":"2025-04-29T04:29:54+00:00","og_image":[{"width":1280,"height":1706,"url":"https:\/\/twchains.com\/wp-content\/uploads\/2025\/04\/aebb6ebb6d53fb754e404b056e05d3f.jpg","type":"image\/jpeg"}],"twitter_card":"summary_large_image","twitter_misc":{"Szacowany czas czytania":"1 minuta"},"schema":{"@context":"https:\/\/schema.org","@graph":[{"@type":"WebPage","@id":"https:\/\/twchains.com\/product\/supplier-of-loader-tire-chains-for-underground-tunnel-working-application\/","url":"https:\/\/twchains.com\/product\/supplier-of-loader-tire-chains-for-underground-tunnel-working-application\/","name":"Supplier of Loader Tire Chains for Underground Tunnel Working Application - twchains","isPartOf":{"@id":"https:\/\/twchains.com\/#website"},"primaryImageOfPage":{"@id":"https:\/\/twchains.com\/product\/supplier-of-loader-tire-chains-for-underground-tunnel-working-application\/#primaryimage"},"image":{"@id":"https:\/\/twchains.com\/product\/supplier-of-loader-tire-chains-for-underground-tunnel-working-application\/#primaryimage"},"thumbnailUrl":"https:\/\/twchains.com\/wp-content\/uploads\/2025\/04\/aebb6ebb6d53fb754e404b056e05d3f.jpg","datePublished":"2025-04-25T03:35:45+00:00","dateModified":"2025-04-29T04:29:54+00:00","breadcrumb":{"@id":"https:\/\/twchains.com\/product\/supplier-of-loader-tire-chains-for-underground-tunnel-working-application\/#breadcrumb"},"inLanguage":"pl-PL","potentialAction":[{"@type":"ReadAction","target":["https:\/\/twchains.com\/product\/supplier-of-loader-tire-chains-for-underground-tunnel-working-application\/"]}]},{"@type":"ImageObject","inLanguage":"pl-PL","@id":"https:\/\/twchains.com\/product\/supplier-of-loader-tire-chains-for-underground-tunnel-working-application\/#primaryimage","url":"https:\/\/twchains.com\/wp-content\/uploads\/2025\/04\/aebb6ebb6d53fb754e404b056e05d3f.jpg","contentUrl":"https:\/\/twchains.com\/wp-content\/uploads\/2025\/04\/aebb6ebb6d53fb754e404b056e05d3f.jpg","width":1280,"height":1706},{"@type":"BreadcrumbList","@id":"https:\/\/twchains.com\/product\/supplier-of-loader-tire-chains-for-underground-tunnel-working-application\/#breadcrumb","itemListElement":[{"@type":"ListItem","position":1,"name":"Home","item":"https:\/\/twchains.com\/"},{"@type":"ListItem","position":2,"name":"Products","item":"https:\/\/twchains.com\/products\/"},{"@type":"ListItem","position":3,"name":"Supplier of Loader Tire Chains for Underground Tunnel Working Application"}]},{"@type":"WebSite","@id":"https:\/\/twchains.com\/#website","url":"https:\/\/twchains.com\/","name":"twchains","description":"","publisher":{"@id":"https:\/\/twchains.com\/#organization"},"potentialAction":[{"@type":"SearchAction","target":{"@type":"EntryPoint","urlTemplate":"https:\/\/twchains.com\/?s={search_term_string}"},"query-input":{"@type":"PropertyValueSpecification","valueRequired":true,"valueName":"search_term_string"}}],"inLanguage":"pl-PL"},{"@type":"Organization","@id":"https:\/\/twchains.com\/#organization","name":"twchains","url":"https:\/\/twchains.com\/","logo":{"@type":"ImageObject","inLanguage":"pl-PL","@id":"https:\/\/twchains.com\/#\/schema\/logo\/image\/","url":"https:\/\/twchains.com\/wp-content\/uploads\/2025\/04\/tongwei-logo-100.svg","contentUrl":"https:\/\/twchains.com\/wp-content\/uploads\/2025\/04\/tongwei-logo-100.svg","width":128,"height":100,"caption":"twchains"},"image":{"@id":"https:\/\/twchains.com\/#\/schema\/logo\/image\/"}}]}},"_links":{"self":[{"href":"https:\/\/twchains.com\/pl\/wp-json\/wp\/v2\/product\/627","targetHints":{"allow":["GET"]}}],"collection":[{"href":"https:\/\/twchains.com\/pl\/wp-json\/wp\/v2\/product"}],"about":[{"href":"https:\/\/twchains.com\/pl\/wp-json\/wp\/v2\/types\/product"}],"wp:featuredmedia":[{"embeddable":true,"href":"https:\/\/twchains.com\/pl\/wp-json\/wp\/v2\/media\/568"}],"wp:attachment":[{"href":"https:\/\/twchains.com\/pl\/wp-json\/wp\/v2\/media?parent=627"}],"wp:term":[{"taxonomy":"product_brand","embeddable":true,"href":"https:\/\/twchains.com\/pl\/wp-json\/wp\/v2\/product_brand?post=627"},{"taxonomy":"product_cat","embeddable":true,"href":"https:\/\/twchains.com\/pl\/wp-json\/wp\/v2\/product_cat?post=627"},{"taxonomy":"product_tag","embeddable":true,"href":"https:\/\/twchains.com\/pl\/wp-json\/wp\/v2\/product_tag?post=627"}],"curies":[{"name":"wp","href":"https:\/\/api.w.org\/{rel}","templated":true}]}}